{"id":8703,"date":"2021-06-22T14:15:11","date_gmt":"2021-06-22T12:15:11","guid":{"rendered":"https:\/\/www.sun-sure-estates.com\/?page_id=8703"},"modified":"2023-05-31T20:08:40","modified_gmt":"2023-05-31T18:08:40","slug":"kontakt","status":"publish","type":"page","link":"https:\/\/www.sun-sure-estates.com\/cs\/kontakt\/","title":{"rendered":"Kontakt"},"content":{"rendered":"\t\t<div data-elementor-type=\"wp-page\" data-elementor-id=\"8703\" class=\"elementor elementor-8703 elementor-25\">\n\t\t\t\t\t\t<section class=\"elementor-section elementor-top-section elementor-element elementor-element-5e65195f elementor-section-boxed elementor-section-height-default elementor-section-height-default\" data-id=\"5e65195f\" data-element_type=\"section\" data-e-type=\"section\">\n\t\t\t\t\t\t<div class=\"elementor-container elementor-column-gap-default\">\n\t\t\t\t\t<div class=\"elementor-column elementor-col-100 elementor-top-column elementor-element elementor-element-a973825\" data-id=\"a973825\" data-element_type=\"column\" data-e-type=\"column\">\n\t\t\t<div class=\"elementor-widget-wrap elementor-element-populated\">\n\t\t\t\t\t\t<div class=\"elementor-element elementor-element-670e290d elementor-widget elementor-widget-text-editor\" data-id=\"670e290d\" data-element_type=\"widget\" data-e-type=\"widget\" data-widget_type=\"text-editor.default\">\n\t\t\t\t<div class=\"elementor-widget-container\">\n\t\t\t\t\t\t\t\t\t\n<p>Cht\u011bli byste osobn\u00ed sch\u016fzku nebo chcete v\u00edce informac\u00ed ? M\u016f\u017eete n\u00e1s kontaktovat p\u0159es n\u00e1\u0161 email, telefon nebo Whatsapp. M\u016f\u017eete tak\u00e9 vyplnit kontaktn\u00ed formul\u00e1\u0159 n\u00ed\u017ee.<br \/><br \/>M\u00e1te n\u011bjak\u00e9 ot\u00e1zky nebo hled\u00e1te n\u011bco specifick\u00e9ho? Kontaktujte n\u00e1s na WhatsApp +31 6 27 04 07 82<br \/><br \/>Pro domluven\u00ed sch\u016fzky \u010di poskytnut\u00ed\u00a0informac\u00ed ve \u0160pan\u011blsku se obra\u0165te na:<br \/><br \/>Pro domluven\u00ed sch\u016fzky nebo informace\u00a0\u00a0v Nizozem\u00ed:<br \/>Maurice van Bladel<br \/>E: maurice@sun-sure-estates.com<br \/>G: +31 6 27 04 07 82<br \/><br \/>Jsme v\u00e1m k dispozici b\u011bhem t\u00e9to\u00a0<br \/>pracovn\u00ed doby<br \/>pond\u011bl\u00ed a\u017e st\u0159eda od 10.00 do 19.00 hod<br \/>\u010dtvrtek od 10.00 do 21.00 hod<br \/>P\u00e1tek od 10.00 do 19.00 hod<\/p>\n\n<p>Na\u0161e obchodn\u00ed \u00fadaje:<\/p>\n\n<p>Maurice van Bladel Design &amp; Agency<br \/><br \/>Wittenhorstlaan 4<br \/>5141 CA Waalwijk<br \/>KvK: 18078424<br \/>BTW: NL001785460B50<\/p>\n\t\t\t\t\t\t\t\t<\/div>\n\t\t\t\t<\/div>\n\t\t\t\t\t<\/div>\n\t\t<\/div>\n\t\t\t\t\t<\/div>\n\t\t<\/section>\n\t\t\t\t<\/div>\n\t\t","protected":false},"excerpt":{"rendered":"<p>Cht\u011bli byste osobn\u00ed sch\u016fzku nebo chcete v\u00edce informac\u00ed ? M\u016f\u017eete n\u00e1s kontaktovat p\u0159es n\u00e1\u0161 email, telefon nebo Whatsapp. M\u016f\u017eete tak\u00e9 vyplnit kontaktn\u00ed formul\u00e1\u0159 n\u00ed\u017ee. M\u00e1te n\u011bjak\u00e9 ot\u00e1zky nebo hled\u00e1te n\u011bco specifick\u00e9ho? Kontaktujte n\u00e1s na WhatsApp +31 6 27 04 07 82 Pro domluven\u00ed sch\u016fzky \u010di poskytnut\u00ed\u00a0informac\u00ed ve \u0160pan\u011blsku se obra\u0165te na: Pro domluven\u00ed sch\u016fzky nebo [&hellip;]<\/p>\n","protected":false},"author":3,"featured_media":7447,"parent":0,"menu_order":0,"comment_status":"closed","ping_status":"closed","template":"","meta":{"_acf_changed":false,"footnotes":""},"class_list":["post-8703","page","type-page","status-publish","has-post-thumbnail","hentry"],"acf":[],"yoast_head":"<!-- This site is optimized with the Yoast SEO plugin v27.4 - https:\/\/yoast.com\/product\/yoast-seo-wordpress\/ -->\n<title>Kontakt - Sun Sure Estates<\/title>\n<meta name=\"description\" content=\"Kontakt\" \/>\n<meta name=\"robots\" content=\"index, follow, max-snippet:-1, max-image-preview:large, max-video-preview:-1\" \/>\n<link rel=\"canonical\" href=\"https:\/\/www.sun-sure-estates.com\/cs\/kontakt\/\" \/>\n<meta property=\"og:locale\" content=\"cs_CZ\" \/>\n<meta property=\"og:type\" content=\"article\" \/>\n<meta property=\"og:title\" content=\"Kontakt - Sun Sure Estates\" \/>\n<meta property=\"og:description\" content=\"Kontakt\" \/>\n<meta property=\"og:url\" content=\"https:\/\/www.sun-sure-estates.com\/cs\/kontakt\/\" \/>\n<meta property=\"og:site_name\" content=\"Sun Sure Estates\" \/>\n<meta property=\"article:modified_time\" content=\"2023-05-31T18:08:40+00:00\" \/>\n<meta property=\"og:image\" content=\"https:\/\/www.sun-sure-estates.com\/wp-content\/uploads\/2020\/07\/16-scaled.jpg\" \/>\n\t<meta property=\"og:image:width\" content=\"2560\" \/>\n\t<meta property=\"og:image:height\" content=\"1439\" \/>\n\t<meta property=\"og:image:type\" content=\"image\/jpeg\" \/>\n<meta name=\"twitter:card\" content=\"summary_large_image\" \/>\n<meta name=\"twitter:label1\" content=\"Odhadovan\u00e1 doba \u010dten\u00ed\" \/>\n\t<meta name=\"twitter:data1\" content=\"1 minuta\" \/>\n<script type=\"application\/ld+json\" class=\"yoast-schema-graph\">{\"@context\":\"https:\\\/\\\/schema.org\",\"@graph\":[{\"@type\":\"WebPage\",\"@id\":\"https:\\\/\\\/www.sun-sure-estates.com\\\/cs\\\/kontakt\\\/\",\"url\":\"https:\\\/\\\/www.sun-sure-estates.com\\\/cs\\\/kontakt\\\/\",\"name\":\"Kontakt - Sun Sure Estates\",\"isPartOf\":{\"@id\":\"https:\\\/\\\/www.sun-sure-estates.com\\\/cs\\\/#website\"},\"primaryImageOfPage\":{\"@id\":\"https:\\\/\\\/www.sun-sure-estates.com\\\/cs\\\/kontakt\\\/#primaryimage\"},\"image\":{\"@id\":\"https:\\\/\\\/www.sun-sure-estates.com\\\/cs\\\/kontakt\\\/#primaryimage\"},\"thumbnailUrl\":\"https:\\\/\\\/www.sun-sure-estates.com\\\/wp-content\\\/uploads\\\/2020\\\/07\\\/16-scaled.jpg\",\"datePublished\":\"2021-06-22T12:15:11+00:00\",\"dateModified\":\"2023-05-31T18:08:40+00:00\",\"description\":\"Kontakt\",\"breadcrumb\":{\"@id\":\"https:\\\/\\\/www.sun-sure-estates.com\\\/cs\\\/kontakt\\\/#breadcrumb\"},\"inLanguage\":\"cs\",\"potentialAction\":[{\"@type\":\"ReadAction\",\"target\":[\"https:\\\/\\\/www.sun-sure-estates.com\\\/cs\\\/kontakt\\\/\"]}]},{\"@type\":\"ImageObject\",\"inLanguage\":\"cs\",\"@id\":\"https:\\\/\\\/www.sun-sure-estates.com\\\/cs\\\/kontakt\\\/#primaryimage\",\"url\":\"https:\\\/\\\/www.sun-sure-estates.com\\\/wp-content\\\/uploads\\\/2020\\\/07\\\/16-scaled.jpg\",\"contentUrl\":\"https:\\\/\\\/www.sun-sure-estates.com\\\/wp-content\\\/uploads\\\/2020\\\/07\\\/16-scaled.jpg\",\"width\":2560,\"height\":1439},{\"@type\":\"BreadcrumbList\",\"@id\":\"https:\\\/\\\/www.sun-sure-estates.com\\\/cs\\\/kontakt\\\/#breadcrumb\",\"itemListElement\":[{\"@type\":\"ListItem\",\"position\":1,\"name\":\"Home\",\"item\":\"https:\\\/\\\/www.sun-sure-estates.com\\\/cs\\\/\"},{\"@type\":\"ListItem\",\"position\":2,\"name\":\"Kontakt\"}]},{\"@type\":\"WebSite\",\"@id\":\"https:\\\/\\\/www.sun-sure-estates.com\\\/cs\\\/#website\",\"url\":\"https:\\\/\\\/www.sun-sure-estates.com\\\/cs\\\/\",\"name\":\"Sun Sure Estates\",\"description\":\"Beleggen of wonen in je eigen huis onder de zon\",\"potentialAction\":[{\"@type\":\"SearchAction\",\"target\":{\"@type\":\"EntryPoint\",\"urlTemplate\":\"https:\\\/\\\/www.sun-sure-estates.com\\\/cs\\\/?s={search_term_string}\"},\"query-input\":{\"@type\":\"PropertyValueSpecification\",\"valueRequired\":true,\"valueName\":\"search_term_string\"}}],\"inLanguage\":\"cs\"}]}<\/script>\n<!-- \/ Yoast SEO plugin. -->","yoast_head_json":{"title":"Kontakt - Sun Sure Estates","description":"Kontakt","robots":{"index":"index","follow":"follow","max-snippet":"max-snippet:-1","max-image-preview":"max-image-preview:large","max-video-preview":"max-video-preview:-1"},"canonical":"https:\/\/www.sun-sure-estates.com\/cs\/kontakt\/","og_locale":"cs_CZ","og_type":"article","og_title":"Kontakt - Sun Sure Estates","og_description":"Kontakt","og_url":"https:\/\/www.sun-sure-estates.com\/cs\/kontakt\/","og_site_name":"Sun Sure Estates","article_modified_time":"2023-05-31T18:08:40+00:00","og_image":[{"width":2560,"height":1439,"url":"https:\/\/www.sun-sure-estates.com\/wp-content\/uploads\/2020\/07\/16-scaled.jpg","type":"image\/jpeg"}],"twitter_card":"summary_large_image","twitter_misc":{"Odhadovan\u00e1 doba \u010dten\u00ed":"1 minuta"},"schema":{"@context":"https:\/\/schema.org","@graph":[{"@type":"WebPage","@id":"https:\/\/www.sun-sure-estates.com\/cs\/kontakt\/","url":"https:\/\/www.sun-sure-estates.com\/cs\/kontakt\/","name":"Kontakt - Sun Sure Estates","isPartOf":{"@id":"https:\/\/www.sun-sure-estates.com\/cs\/#website"},"primaryImageOfPage":{"@id":"https:\/\/www.sun-sure-estates.com\/cs\/kontakt\/#primaryimage"},"image":{"@id":"https:\/\/www.sun-sure-estates.com\/cs\/kontakt\/#primaryimage"},"thumbnailUrl":"https:\/\/www.sun-sure-estates.com\/wp-content\/uploads\/2020\/07\/16-scaled.jpg","datePublished":"2021-06-22T12:15:11+00:00","dateModified":"2023-05-31T18:08:40+00:00","description":"Kontakt","breadcrumb":{"@id":"https:\/\/www.sun-sure-estates.com\/cs\/kontakt\/#breadcrumb"},"inLanguage":"cs","potentialAction":[{"@type":"ReadAction","target":["https:\/\/www.sun-sure-estates.com\/cs\/kontakt\/"]}]},{"@type":"ImageObject","inLanguage":"cs","@id":"https:\/\/www.sun-sure-estates.com\/cs\/kontakt\/#primaryimage","url":"https:\/\/www.sun-sure-estates.com\/wp-content\/uploads\/2020\/07\/16-scaled.jpg","contentUrl":"https:\/\/www.sun-sure-estates.com\/wp-content\/uploads\/2020\/07\/16-scaled.jpg","width":2560,"height":1439},{"@type":"BreadcrumbList","@id":"https:\/\/www.sun-sure-estates.com\/cs\/kontakt\/#breadcrumb","itemListElement":[{"@type":"ListItem","position":1,"name":"Home","item":"https:\/\/www.sun-sure-estates.com\/cs\/"},{"@type":"ListItem","position":2,"name":"Kontakt"}]},{"@type":"WebSite","@id":"https:\/\/www.sun-sure-estates.com\/cs\/#website","url":"https:\/\/www.sun-sure-estates.com\/cs\/","name":"Sun Sure Estates","description":"Beleggen of wonen in je eigen huis onder de zon","potentialAction":[{"@type":"SearchAction","target":{"@type":"EntryPoint","urlTemplate":"https:\/\/www.sun-sure-estates.com\/cs\/?s={search_term_string}"},"query-input":{"@type":"PropertyValueSpecification","valueRequired":true,"valueName":"search_term_string"}}],"inLanguage":"cs"}]}},"_links":{"self":[{"href":"https:\/\/www.sun-sure-estates.com\/cs\/wp-json\/wp\/v2\/pages\/8703","targetHints":{"allow":["GET"]}}],"collection":[{"href":"https:\/\/www.sun-sure-estates.com\/cs\/wp-json\/wp\/v2\/pages"}],"about":[{"href":"https:\/\/www.sun-sure-estates.com\/cs\/wp-json\/wp\/v2\/types\/page"}],"author":[{"embeddable":true,"href":"https:\/\/www.sun-sure-estates.com\/cs\/wp-json\/wp\/v2\/users\/3"}],"replies":[{"embeddable":true,"href":"https:\/\/www.sun-sure-estates.com\/cs\/wp-json\/wp\/v2\/comments?post=8703"}],"version-history":[{"count":11,"href":"https:\/\/www.sun-sure-estates.com\/cs\/wp-json\/wp\/v2\/pages\/8703\/revisions"}],"predecessor-version":[{"id":27110,"href":"https:\/\/www.sun-sure-estates.com\/cs\/wp-json\/wp\/v2\/pages\/8703\/revisions\/27110"}],"wp:featuredmedia":[{"embeddable":true,"href":"https:\/\/www.sun-sure-estates.com\/cs\/wp-json\/wp\/v2\/media\/7447"}],"wp:attachment":[{"href":"https:\/\/www.sun-sure-estates.com\/cs\/wp-json\/wp\/v2\/media?parent=8703"}],"curies":[{"name":"wp","href":"https:\/\/api.w.org\/{rel}","templated":true}]}}