{"id":8714,"date":"2021-06-22T14:13:59","date_gmt":"2021-06-22T12:13:59","guid":{"rendered":"https:\/\/www.sun-sure-estates.com\/?page_id=8714"},"modified":"2021-06-25T12:19:47","modified_gmt":"2021-06-25T10:19:47","slug":"recenze-zakazniku","status":"publish","type":"page","link":"https:\/\/www.sun-sure-estates.com\/cs\/recenze-zakazniku\/","title":{"rendered":"Recenze z\u00e1kazn\u00edk\u016f"},"content":{"rendered":"\n<p>Poprv\u00e9 jsem se s Huubem setkal v roce 2019 z d\u016fvod\u016f prodeje na\u0161eho bytu. D\u00edky mnoha kontakt\u016fm v oblasti realit na\u0161el Huub to nejlep\u0161\u00ed \u0159e\u0161en\u00ed rychl\u00e9ho prodeje! A nav\u00edc Huub m\u00e1 v z\u00e1sob\u011b n\u011bkolik p\u011bkn\u00fdch nov\u00fdch projekt\u016f a zn\u00e1 velmi dob\u0159e oblast i trh.<\/p>\n","protected":false},"excerpt":{"rendered":"<p>Poprv\u00e9 jsem se s Huubem setkal v roce 2019 z d\u016fvod\u016f prodeje na\u0161eho bytu. D\u00edky mnoha kontakt\u016fm v oblasti realit na\u0161el Huub to nejlep\u0161\u00ed \u0159e\u0161en\u00ed rychl\u00e9ho prodeje! A nav\u00edc Huub m\u00e1 v z\u00e1sob\u011b n\u011bkolik p\u011bkn\u00fdch nov\u00fdch projekt\u016f a zn\u00e1 velmi dob\u0159e oblast i trh.<\/p>\n","protected":false},"author":3,"featured_media":20042,"parent":0,"menu_order":0,"comment_status":"closed","ping_status":"closed","template":"templates\/page-ervaringen.php","meta":{"_acf_changed":false,"footnotes":""},"class_list":["post-8714","page","type-page","status-publish","has-post-thumbnail","hentry"],"acf":[],"yoast_head":"<!-- This site is optimized with the Yoast SEO plugin v27.3 - https:\/\/yoast.com\/product\/yoast-seo-wordpress\/ -->\n<title>Recenze z\u00e1kazn\u00edk\u016f - Sun Sure Estates<\/title>\n<meta name=\"robots\" content=\"index, follow, max-snippet:-1, max-image-preview:large, max-video-preview:-1\" \/>\n<link rel=\"canonical\" href=\"https:\/\/www.sun-sure-estates.com\/cs\/recenze-zakazniku\/\" \/>\n<meta property=\"og:locale\" content=\"cs_CZ\" \/>\n<meta property=\"og:type\" content=\"article\" \/>\n<meta property=\"og:title\" content=\"Recenze z\u00e1kazn\u00edk\u016f - Sun Sure Estates\" \/>\n<meta property=\"og:description\" content=\"Poprv\u00e9 jsem se s Huubem setkal v roce 2019 z d\u016fvod\u016f prodeje na\u0161eho bytu. D\u00edky mnoha kontakt\u016fm v oblasti realit na\u0161el Huub to nejlep\u0161\u00ed \u0159e\u0161en\u00ed rychl\u00e9ho prodeje! A nav\u00edc Huub m\u00e1 v z\u00e1sob\u011b n\u011bkolik p\u011bkn\u00fdch nov\u00fdch projekt\u016f a zn\u00e1 velmi dob\u0159e oblast i trh.\" \/>\n<meta property=\"og:url\" content=\"https:\/\/www.sun-sure-estates.com\/cs\/recenze-zakazniku\/\" \/>\n<meta property=\"og:site_name\" content=\"Sun Sure Estates\" \/>\n<meta property=\"article:modified_time\" content=\"2021-06-25T10:19:47+00:00\" \/>\n<meta name=\"twitter:card\" content=\"summary_large_image\" \/>\n<meta name=\"twitter:label1\" content=\"Odhadovan\u00e1 doba \u010dten\u00ed\" \/>\n\t<meta name=\"twitter:data1\" content=\"1 minuta\" \/>\n<script type=\"application\/ld+json\" class=\"yoast-schema-graph\">{\"@context\":\"https:\\\/\\\/schema.org\",\"@graph\":[{\"@type\":\"WebPage\",\"@id\":\"https:\\\/\\\/www.sun-sure-estates.com\\\/cs\\\/recenze-zakazniku\\\/\",\"url\":\"https:\\\/\\\/www.sun-sure-estates.com\\\/cs\\\/recenze-zakazniku\\\/\",\"name\":\"Recenze z\u00e1kazn\u00edk\u016f - Sun Sure Estates\",\"isPartOf\":{\"@id\":\"https:\\\/\\\/www.sun-sure-estates.com\\\/cs\\\/#website\"},\"primaryImageOfPage\":{\"@id\":\"https:\\\/\\\/www.sun-sure-estates.com\\\/cs\\\/recenze-zakazniku\\\/#primaryimage\"},\"image\":{\"@id\":\"https:\\\/\\\/www.sun-sure-estates.com\\\/cs\\\/recenze-zakazniku\\\/#primaryimage\"},\"thumbnailUrl\":\"https:\\\/\\\/www.sun-sure-estates.com\\\/wp-content\\\/uploads\\\/2020\\\/09\\\/10-10.jpg\",\"datePublished\":\"2021-06-22T12:13:59+00:00\",\"dateModified\":\"2021-06-25T10:19:47+00:00\",\"breadcrumb\":{\"@id\":\"https:\\\/\\\/www.sun-sure-estates.com\\\/cs\\\/recenze-zakazniku\\\/#breadcrumb\"},\"inLanguage\":\"cs\",\"potentialAction\":[{\"@type\":\"ReadAction\",\"target\":[\"https:\\\/\\\/www.sun-sure-estates.com\\\/cs\\\/recenze-zakazniku\\\/\"]}]},{\"@type\":\"ImageObject\",\"inLanguage\":\"cs\",\"@id\":\"https:\\\/\\\/www.sun-sure-estates.com\\\/cs\\\/recenze-zakazniku\\\/#primaryimage\",\"url\":\"https:\\\/\\\/www.sun-sure-estates.com\\\/wp-content\\\/uploads\\\/2020\\\/09\\\/10-10.jpg\",\"contentUrl\":\"https:\\\/\\\/www.sun-sure-estates.com\\\/wp-content\\\/uploads\\\/2020\\\/09\\\/10-10.jpg\",\"width\":1919,\"height\":1080},{\"@type\":\"BreadcrumbList\",\"@id\":\"https:\\\/\\\/www.sun-sure-estates.com\\\/cs\\\/recenze-zakazniku\\\/#breadcrumb\",\"itemListElement\":[{\"@type\":\"ListItem\",\"position\":1,\"name\":\"Home\",\"item\":\"https:\\\/\\\/www.sun-sure-estates.com\\\/cs\\\/\"},{\"@type\":\"ListItem\",\"position\":2,\"name\":\"Recenze z\u00e1kazn\u00edk\u016f\"}]},{\"@type\":\"WebSite\",\"@id\":\"https:\\\/\\\/www.sun-sure-estates.com\\\/cs\\\/#website\",\"url\":\"https:\\\/\\\/www.sun-sure-estates.com\\\/cs\\\/\",\"name\":\"Sun Sure Estates\",\"description\":\"Beleggen of wonen in je eigen huis onder de zon\",\"potentialAction\":[{\"@type\":\"SearchAction\",\"target\":{\"@type\":\"EntryPoint\",\"urlTemplate\":\"https:\\\/\\\/www.sun-sure-estates.com\\\/cs\\\/?s={search_term_string}\"},\"query-input\":{\"@type\":\"PropertyValueSpecification\",\"valueRequired\":true,\"valueName\":\"search_term_string\"}}],\"inLanguage\":\"cs\"}]}<\/script>\n<!-- \/ Yoast SEO plugin. -->","yoast_head_json":{"title":"Recenze z\u00e1kazn\u00edk\u016f - Sun Sure Estates","robots":{"index":"index","follow":"follow","max-snippet":"max-snippet:-1","max-image-preview":"max-image-preview:large","max-video-preview":"max-video-preview:-1"},"canonical":"https:\/\/www.sun-sure-estates.com\/cs\/recenze-zakazniku\/","og_locale":"cs_CZ","og_type":"article","og_title":"Recenze z\u00e1kazn\u00edk\u016f - Sun Sure Estates","og_description":"Poprv\u00e9 jsem se s Huubem setkal v roce 2019 z d\u016fvod\u016f prodeje na\u0161eho bytu. D\u00edky mnoha kontakt\u016fm v oblasti realit na\u0161el Huub to nejlep\u0161\u00ed \u0159e\u0161en\u00ed rychl\u00e9ho prodeje! A nav\u00edc Huub m\u00e1 v z\u00e1sob\u011b n\u011bkolik p\u011bkn\u00fdch nov\u00fdch projekt\u016f a zn\u00e1 velmi dob\u0159e oblast i trh.","og_url":"https:\/\/www.sun-sure-estates.com\/cs\/recenze-zakazniku\/","og_site_name":"Sun Sure Estates","article_modified_time":"2021-06-25T10:19:47+00:00","twitter_card":"summary_large_image","twitter_misc":{"Odhadovan\u00e1 doba \u010dten\u00ed":"1 minuta"},"schema":{"@context":"https:\/\/schema.org","@graph":[{"@type":"WebPage","@id":"https:\/\/www.sun-sure-estates.com\/cs\/recenze-zakazniku\/","url":"https:\/\/www.sun-sure-estates.com\/cs\/recenze-zakazniku\/","name":"Recenze z\u00e1kazn\u00edk\u016f - Sun Sure Estates","isPartOf":{"@id":"https:\/\/www.sun-sure-estates.com\/cs\/#website"},"primaryImageOfPage":{"@id":"https:\/\/www.sun-sure-estates.com\/cs\/recenze-zakazniku\/#primaryimage"},"image":{"@id":"https:\/\/www.sun-sure-estates.com\/cs\/recenze-zakazniku\/#primaryimage"},"thumbnailUrl":"https:\/\/www.sun-sure-estates.com\/wp-content\/uploads\/2020\/09\/10-10.jpg","datePublished":"2021-06-22T12:13:59+00:00","dateModified":"2021-06-25T10:19:47+00:00","breadcrumb":{"@id":"https:\/\/www.sun-sure-estates.com\/cs\/recenze-zakazniku\/#breadcrumb"},"inLanguage":"cs","potentialAction":[{"@type":"ReadAction","target":["https:\/\/www.sun-sure-estates.com\/cs\/recenze-zakazniku\/"]}]},{"@type":"ImageObject","inLanguage":"cs","@id":"https:\/\/www.sun-sure-estates.com\/cs\/recenze-zakazniku\/#primaryimage","url":"https:\/\/www.sun-sure-estates.com\/wp-content\/uploads\/2020\/09\/10-10.jpg","contentUrl":"https:\/\/www.sun-sure-estates.com\/wp-content\/uploads\/2020\/09\/10-10.jpg","width":1919,"height":1080},{"@type":"BreadcrumbList","@id":"https:\/\/www.sun-sure-estates.com\/cs\/recenze-zakazniku\/#breadcrumb","itemListElement":[{"@type":"ListItem","position":1,"name":"Home","item":"https:\/\/www.sun-sure-estates.com\/cs\/"},{"@type":"ListItem","position":2,"name":"Recenze z\u00e1kazn\u00edk\u016f"}]},{"@type":"WebSite","@id":"https:\/\/www.sun-sure-estates.com\/cs\/#website","url":"https:\/\/www.sun-sure-estates.com\/cs\/","name":"Sun Sure Estates","description":"Beleggen of wonen in je eigen huis onder de zon","potentialAction":[{"@type":"SearchAction","target":{"@type":"EntryPoint","urlTemplate":"https:\/\/www.sun-sure-estates.com\/cs\/?s={search_term_string}"},"query-input":{"@type":"PropertyValueSpecification","valueRequired":true,"valueName":"search_term_string"}}],"inLanguage":"cs"}]}},"_links":{"self":[{"href":"https:\/\/www.sun-sure-estates.com\/cs\/wp-json\/wp\/v2\/pages\/8714","targetHints":{"allow":["GET"]}}],"collection":[{"href":"https:\/\/www.sun-sure-estates.com\/cs\/wp-json\/wp\/v2\/pages"}],"about":[{"href":"https:\/\/www.sun-sure-estates.com\/cs\/wp-json\/wp\/v2\/types\/page"}],"author":[{"embeddable":true,"href":"https:\/\/www.sun-sure-estates.com\/cs\/wp-json\/wp\/v2\/users\/3"}],"replies":[{"embeddable":true,"href":"https:\/\/www.sun-sure-estates.com\/cs\/wp-json\/wp\/v2\/comments?post=8714"}],"version-history":[{"count":3,"href":"https:\/\/www.sun-sure-estates.com\/cs\/wp-json\/wp\/v2\/pages\/8714\/revisions"}],"predecessor-version":[{"id":8835,"href":"https:\/\/www.sun-sure-estates.com\/cs\/wp-json\/wp\/v2\/pages\/8714\/revisions\/8835"}],"wp:featuredmedia":[{"embeddable":true,"href":"https:\/\/www.sun-sure-estates.com\/cs\/wp-json\/wp\/v2\/media\/20042"}],"wp:attachment":[{"href":"https:\/\/www.sun-sure-estates.com\/cs\/wp-json\/wp\/v2\/media?parent=8714"}],"curies":[{"name":"wp","href":"https:\/\/api.w.org\/{rel}","templated":true}]}}