{"id":8803,"date":"2021-06-22T14:13:23","date_gmt":"2021-06-22T12:13:23","guid":{"rendered":"https:\/\/www.sun-sure-estates.com\/?page_id=8803"},"modified":"2023-05-31T20:20:48","modified_gmt":"2023-05-31T18:20:48","slug":"o-nas","status":"publish","type":"page","link":"https:\/\/www.sun-sure-estates.com\/cs\/o-nas\/","title":{"rendered":"O n\u00e1s"},"content":{"rendered":"\t\t<div data-elementor-type=\"wp-page\" data-elementor-id=\"8803\" class=\"elementor elementor-8803 elementor-23\">\n\t\t\t\t\t\t<section class=\"elementor-section elementor-top-section elementor-element elementor-element-45f1f921 elementor-section-boxed elementor-section-height-default elementor-section-height-default\" data-id=\"45f1f921\" data-element_type=\"section\" data-e-type=\"section\">\n\t\t\t\t\t\t<div class=\"elementor-container elementor-column-gap-default\">\n\t\t\t\t\t<div class=\"elementor-column elementor-col-100 elementor-top-column elementor-element elementor-element-e3f1379\" data-id=\"e3f1379\" data-element_type=\"column\" data-e-type=\"column\">\n\t\t\t<div class=\"elementor-widget-wrap elementor-element-populated\">\n\t\t\t\t\t\t<div class=\"elementor-element elementor-element-23736896 elementor-widget elementor-widget-text-editor\" data-id=\"23736896\" data-element_type=\"widget\" data-e-type=\"widget\" data-widget_type=\"text-editor.default\">\n\t\t\t\t<div class=\"elementor-widget-container\">\n\t\t\t\t\t\t\t\t\t<p><\/p>\n<p><strong>Maurice van Bladel, v\u00e1\u0161 realitn\u00ed agent pro Nizozem\u00ed<\/strong><\/p>\n<p><\/p>\n<p>Ve v\u011bku 15 let jsem ji\u017e projektoval domy v architektonick\u00e9m studiu v m\u00e9m rodn\u00e9m m\u011bst\u011b Waalwijk.B\u00e1je\u010dn\u00fd kon\u00ed\u010dek.\u00a0Pozd\u011bji jsem se op\u011bt dostal do kontaktu s architektonick\u00fdm sektorem. Pot\u00e9 mi p\u0159i\u0161ly do cesty projekty v regionu Costa Blanca. Zde jsem krom\u011b mnoha mezin\u00e1rodn\u00edch zku\u0161enost\u00ed mohl spojit znalosti architektury s kr\u00e1sn\u00fdmi domy ve \u0160pan\u011blsku.<\/p>\n<p><\/p>\n<p>Nizozem\u00ed je moje oblast trhu pro projekty na Costa Blance.Jako zprost\u0159edkovatel pro v\u00e1s chyst\u00e1m p\u0159\u00edpravn\u00e9 pr\u00e1ce v Nizozem\u00ed a pro na\u0161eho realitn\u00edho agenta ve \u0160pan\u011blsku.<\/p>\n<p><\/p>\n<p>R\u00e1d bych v\u00e1s nav\u0161t\u00edvil a poskytl v\u00e1m \u010destnou a adekv\u00e1tn\u00ed radu t\u00fdkaj\u00edc\u00ed se va\u0161eho druh\u00e9ho domova nebo investice v t\u00e9to slunn\u00e9 oblasti \u0160pan\u011blska.<\/p>\n<p><\/p>\n<p>Spolehliv\u011b<\/p>\n<p><\/p>\n<p>Pracujeme t\u00e9m\u011b\u0159 v\u00fdlu\u010dn\u011b s projekty, jejich\u017e modelov\u00fd d\u016fm je jj\u017e k dispozici. M\u016f\u017eete tedy p\u0159esn\u011b vid\u011bt, jak bude vypadat v\u00e1\u0161 vysn\u011bn\u00fd d\u016fm.<\/p>\n<p><\/p>\n<p>A rovn\u011b\u017e jsou v\u0161echny na\u0161e projekty\u00a0\u00a0ji\u017e p\u0159edem dob\u0159e prov\u011b\u0159eny . V\u011bnujeme pozornost vhodn\u00e9 lokalit\u011b a situaci, kvalit\u011b konstrukce, materi\u00e1l\u016fm, v\u00fdb\u011bru dopl\u0148k\u016f a t\u00e9\u017e pr\u00e1vn\u00edm aspekt\u016fm.<\/p>\n<p><\/p>\t\t\t\t\t\t\t\t<\/div>\n\t\t\t\t<\/div>\n\t\t\t\t\t<\/div>\n\t\t<\/div>\n\t\t\t\t\t<\/div>\n\t\t<\/section>\n\t\t\t\t<\/div>\n\t\t","protected":false},"excerpt":{"rendered":"<p>Maurice van Bladel, v\u00e1\u0161 realitn\u00ed agent pro Nizozem\u00ed Ve v\u011bku 15 let jsem ji\u017e projektoval domy v architektonick\u00e9m studiu v m\u00e9m rodn\u00e9m m\u011bst\u011b Waalwijk.B\u00e1je\u010dn\u00fd kon\u00ed\u010dek.\u00a0Pozd\u011bji jsem se op\u011bt dostal do kontaktu s architektonick\u00fdm sektorem. Pot\u00e9 mi p\u0159i\u0161ly do cesty projekty v regionu Costa Blanca. Zde jsem krom\u011b mnoha mezin\u00e1rodn\u00edch zku\u0161enost\u00ed mohl spojit znalosti architektury s [&hellip;]<\/p>\n","protected":false},"author":3,"featured_media":46984,"parent":0,"menu_order":0,"comment_status":"closed","ping_status":"closed","template":"","meta":{"_acf_changed":false,"footnotes":""},"class_list":["post-8803","page","type-page","status-publish","has-post-thumbnail","hentry"],"acf":[],"yoast_head":"<!-- This site is optimized with the Yoast SEO plugin v27.4 - https:\/\/yoast.com\/product\/yoast-seo-wordpress\/ -->\n<title>O n\u00e1s - Sun Sure Estates<\/title>\n<meta name=\"robots\" content=\"index, follow, max-snippet:-1, max-image-preview:large, max-video-preview:-1\" \/>\n<link rel=\"canonical\" href=\"https:\/\/www.sun-sure-estates.com\/cs\/o-nas\/\" \/>\n<meta property=\"og:locale\" content=\"cs_CZ\" \/>\n<meta property=\"og:type\" content=\"article\" \/>\n<meta property=\"og:title\" content=\"O n\u00e1s - Sun Sure Estates\" \/>\n<meta property=\"og:description\" content=\"Maurice van Bladel, v\u00e1\u0161 realitn\u00ed agent pro Nizozem\u00ed Ve v\u011bku 15 let jsem ji\u017e projektoval domy v architektonick\u00e9m studiu v m\u00e9m rodn\u00e9m m\u011bst\u011b Waalwijk.B\u00e1je\u010dn\u00fd kon\u00ed\u010dek.\u00a0Pozd\u011bji jsem se op\u011bt dostal do kontaktu s architektonick\u00fdm sektorem. Pot\u00e9 mi p\u0159i\u0161ly do cesty projekty v regionu Costa Blanca. Zde jsem krom\u011b mnoha mezin\u00e1rodn\u00edch zku\u0161enost\u00ed mohl spojit znalosti architektury s [&hellip;]\" \/>\n<meta property=\"og:url\" content=\"https:\/\/www.sun-sure-estates.com\/cs\/o-nas\/\" \/>\n<meta property=\"og:site_name\" content=\"Sun Sure Estates\" \/>\n<meta property=\"article:modified_time\" content=\"2023-05-31T18:20:48+00:00\" \/>\n<meta property=\"og:image\" content=\"https:\/\/www.sun-sure-estates.com\/wp-content\/uploads\/2020\/09\/4-37-scaled.jpg\" \/>\n\t<meta property=\"og:image:width\" content=\"2560\" \/>\n\t<meta property=\"og:image:height\" content=\"1707\" \/>\n\t<meta property=\"og:image:type\" content=\"image\/jpeg\" \/>\n<meta name=\"twitter:card\" content=\"summary_large_image\" \/>\n<meta name=\"twitter:label1\" content=\"Odhadovan\u00e1 doba \u010dten\u00ed\" \/>\n\t<meta name=\"twitter:data1\" content=\"1 minuta\" \/>\n<script type=\"application\/ld+json\" class=\"yoast-schema-graph\">{\"@context\":\"https:\\\/\\\/schema.org\",\"@graph\":[{\"@type\":\"WebPage\",\"@id\":\"https:\\\/\\\/www.sun-sure-estates.com\\\/cs\\\/o-nas\\\/\",\"url\":\"https:\\\/\\\/www.sun-sure-estates.com\\\/cs\\\/o-nas\\\/\",\"name\":\"O n\u00e1s - Sun Sure Estates\",\"isPartOf\":{\"@id\":\"https:\\\/\\\/www.sun-sure-estates.com\\\/cs\\\/#website\"},\"primaryImageOfPage\":{\"@id\":\"https:\\\/\\\/www.sun-sure-estates.com\\\/cs\\\/o-nas\\\/#primaryimage\"},\"image\":{\"@id\":\"https:\\\/\\\/www.sun-sure-estates.com\\\/cs\\\/o-nas\\\/#primaryimage\"},\"thumbnailUrl\":\"https:\\\/\\\/www.sun-sure-estates.com\\\/wp-content\\\/uploads\\\/2026\\\/01\\\/1d8119be-b266-419a-9b76-ea60b4302af3.jpg\",\"datePublished\":\"2021-06-22T12:13:23+00:00\",\"dateModified\":\"2023-05-31T18:20:48+00:00\",\"breadcrumb\":{\"@id\":\"https:\\\/\\\/www.sun-sure-estates.com\\\/cs\\\/o-nas\\\/#breadcrumb\"},\"inLanguage\":\"cs\",\"potentialAction\":[{\"@type\":\"ReadAction\",\"target\":[\"https:\\\/\\\/www.sun-sure-estates.com\\\/cs\\\/o-nas\\\/\"]}]},{\"@type\":\"ImageObject\",\"inLanguage\":\"cs\",\"@id\":\"https:\\\/\\\/www.sun-sure-estates.com\\\/cs\\\/o-nas\\\/#primaryimage\",\"url\":\"https:\\\/\\\/www.sun-sure-estates.com\\\/wp-content\\\/uploads\\\/2026\\\/01\\\/1d8119be-b266-419a-9b76-ea60b4302af3.jpg\",\"contentUrl\":\"https:\\\/\\\/www.sun-sure-estates.com\\\/wp-content\\\/uploads\\\/2026\\\/01\\\/1d8119be-b266-419a-9b76-ea60b4302af3.jpg\",\"width\":1920,\"height\":853},{\"@type\":\"BreadcrumbList\",\"@id\":\"https:\\\/\\\/www.sun-sure-estates.com\\\/cs\\\/o-nas\\\/#breadcrumb\",\"itemListElement\":[{\"@type\":\"ListItem\",\"position\":1,\"name\":\"Home\",\"item\":\"https:\\\/\\\/www.sun-sure-estates.com\\\/cs\\\/\"},{\"@type\":\"ListItem\",\"position\":2,\"name\":\"O n\u00e1s\"}]},{\"@type\":\"WebSite\",\"@id\":\"https:\\\/\\\/www.sun-sure-estates.com\\\/cs\\\/#website\",\"url\":\"https:\\\/\\\/www.sun-sure-estates.com\\\/cs\\\/\",\"name\":\"Sun Sure Estates\",\"description\":\"Beleggen of wonen in je eigen huis onder de zon\",\"potentialAction\":[{\"@type\":\"SearchAction\",\"target\":{\"@type\":\"EntryPoint\",\"urlTemplate\":\"https:\\\/\\\/www.sun-sure-estates.com\\\/cs\\\/?s={search_term_string}\"},\"query-input\":{\"@type\":\"PropertyValueSpecification\",\"valueRequired\":true,\"valueName\":\"search_term_string\"}}],\"inLanguage\":\"cs\"}]}<\/script>\n<!-- \/ Yoast SEO plugin. -->","yoast_head_json":{"title":"O n\u00e1s - Sun Sure Estates","robots":{"index":"index","follow":"follow","max-snippet":"max-snippet:-1","max-image-preview":"max-image-preview:large","max-video-preview":"max-video-preview:-1"},"canonical":"https:\/\/www.sun-sure-estates.com\/cs\/o-nas\/","og_locale":"cs_CZ","og_type":"article","og_title":"O n\u00e1s - Sun Sure Estates","og_description":"Maurice van Bladel, v\u00e1\u0161 realitn\u00ed agent pro Nizozem\u00ed Ve v\u011bku 15 let jsem ji\u017e projektoval domy v architektonick\u00e9m studiu v m\u00e9m rodn\u00e9m m\u011bst\u011b Waalwijk.B\u00e1je\u010dn\u00fd kon\u00ed\u010dek.\u00a0Pozd\u011bji jsem se op\u011bt dostal do kontaktu s architektonick\u00fdm sektorem. Pot\u00e9 mi p\u0159i\u0161ly do cesty projekty v regionu Costa Blanca. Zde jsem krom\u011b mnoha mezin\u00e1rodn\u00edch zku\u0161enost\u00ed mohl spojit znalosti architektury s [&hellip;]","og_url":"https:\/\/www.sun-sure-estates.com\/cs\/o-nas\/","og_site_name":"Sun Sure Estates","article_modified_time":"2023-05-31T18:20:48+00:00","og_image":[{"width":2560,"height":1707,"url":"https:\/\/www.sun-sure-estates.com\/wp-content\/uploads\/2020\/09\/4-37-scaled.jpg","type":"image\/jpeg"}],"twitter_card":"summary_large_image","twitter_misc":{"Odhadovan\u00e1 doba \u010dten\u00ed":"1 minuta"},"schema":{"@context":"https:\/\/schema.org","@graph":[{"@type":"WebPage","@id":"https:\/\/www.sun-sure-estates.com\/cs\/o-nas\/","url":"https:\/\/www.sun-sure-estates.com\/cs\/o-nas\/","name":"O n\u00e1s - Sun Sure Estates","isPartOf":{"@id":"https:\/\/www.sun-sure-estates.com\/cs\/#website"},"primaryImageOfPage":{"@id":"https:\/\/www.sun-sure-estates.com\/cs\/o-nas\/#primaryimage"},"image":{"@id":"https:\/\/www.sun-sure-estates.com\/cs\/o-nas\/#primaryimage"},"thumbnailUrl":"https:\/\/www.sun-sure-estates.com\/wp-content\/uploads\/2026\/01\/1d8119be-b266-419a-9b76-ea60b4302af3.jpg","datePublished":"2021-06-22T12:13:23+00:00","dateModified":"2023-05-31T18:20:48+00:00","breadcrumb":{"@id":"https:\/\/www.sun-sure-estates.com\/cs\/o-nas\/#breadcrumb"},"inLanguage":"cs","potentialAction":[{"@type":"ReadAction","target":["https:\/\/www.sun-sure-estates.com\/cs\/o-nas\/"]}]},{"@type":"ImageObject","inLanguage":"cs","@id":"https:\/\/www.sun-sure-estates.com\/cs\/o-nas\/#primaryimage","url":"https:\/\/www.sun-sure-estates.com\/wp-content\/uploads\/2026\/01\/1d8119be-b266-419a-9b76-ea60b4302af3.jpg","contentUrl":"https:\/\/www.sun-sure-estates.com\/wp-content\/uploads\/2026\/01\/1d8119be-b266-419a-9b76-ea60b4302af3.jpg","width":1920,"height":853},{"@type":"BreadcrumbList","@id":"https:\/\/www.sun-sure-estates.com\/cs\/o-nas\/#breadcrumb","itemListElement":[{"@type":"ListItem","position":1,"name":"Home","item":"https:\/\/www.sun-sure-estates.com\/cs\/"},{"@type":"ListItem","position":2,"name":"O n\u00e1s"}]},{"@type":"WebSite","@id":"https:\/\/www.sun-sure-estates.com\/cs\/#website","url":"https:\/\/www.sun-sure-estates.com\/cs\/","name":"Sun Sure Estates","description":"Beleggen of wonen in je eigen huis onder de zon","potentialAction":[{"@type":"SearchAction","target":{"@type":"EntryPoint","urlTemplate":"https:\/\/www.sun-sure-estates.com\/cs\/?s={search_term_string}"},"query-input":{"@type":"PropertyValueSpecification","valueRequired":true,"valueName":"search_term_string"}}],"inLanguage":"cs"}]}},"_links":{"self":[{"href":"https:\/\/www.sun-sure-estates.com\/cs\/wp-json\/wp\/v2\/pages\/8803","targetHints":{"allow":["GET"]}}],"collection":[{"href":"https:\/\/www.sun-sure-estates.com\/cs\/wp-json\/wp\/v2\/pages"}],"about":[{"href":"https:\/\/www.sun-sure-estates.com\/cs\/wp-json\/wp\/v2\/types\/page"}],"author":[{"embeddable":true,"href":"https:\/\/www.sun-sure-estates.com\/cs\/wp-json\/wp\/v2\/users\/3"}],"replies":[{"embeddable":true,"href":"https:\/\/www.sun-sure-estates.com\/cs\/wp-json\/wp\/v2\/comments?post=8803"}],"version-history":[{"count":6,"href":"https:\/\/www.sun-sure-estates.com\/cs\/wp-json\/wp\/v2\/pages\/8803\/revisions"}],"predecessor-version":[{"id":27113,"href":"https:\/\/www.sun-sure-estates.com\/cs\/wp-json\/wp\/v2\/pages\/8803\/revisions\/27113"}],"wp:featuredmedia":[{"embeddable":true,"href":"https:\/\/www.sun-sure-estates.com\/cs\/wp-json\/wp\/v2\/media\/46984"}],"wp:attachment":[{"href":"https:\/\/www.sun-sure-estates.com\/cs\/wp-json\/wp\/v2\/media?parent=8803"}],"curies":[{"name":"wp","href":"https:\/\/api.w.org\/{rel}","templated":true}]}}