{"id":6801,"date":"2020-11-02T19:25:53","date_gmt":"2020-11-02T18:25:53","guid":{"rendered":"https:\/\/www.sun-sure-estates.com\/?post_type=product&#038;p=6801"},"modified":"2021-06-22T15:29:29","modified_gmt":"2021-06-22T13:29:29","slug":"zahradni-apartmany-a-podkrovni-byty-u-stredozemniho-more-2","status":"publish","type":"product","link":"https:\/\/www.sun-sure-estates.com\/cs\/produkt\/zahradni-apartmany-a-podkrovni-byty-u-stredozemniho-more-2\/","title":{"rendered":"Zahradn\u00ed apartm\u00e1ny a podkrovn\u00ed byty u St\u0159edozemn\u00edho mo\u0159e"},"content":{"rendered":"<p>Tento nevelk\u00fd projekt zahradn\u00edch apartm\u00e1n\u016f a podkrovn\u00edch byt\u016f byl realizov\u00e1n pobl\u00ed\u017e Alicante v oblasti Costa Blanca. Architekt vytvo\u0159il jedine\u010dn\u00fd styl, kter\u00fd\u00a0 kombinuje modern\u00ed a st\u0159edozemn\u00ed architektonick\u00e9 prvky. Komplex je um\u00edst\u011bn v uzav\u0159en\u00e9 z\u00e1stavb\u011b s kr\u00e1sn\u011b udr\u017eovan\u00fdm vstupem. Vnit\u0159n\u00ed prostranstv\u00ed se spole\u010dn\u00fdm baz\u00e9nem je o\u00e1zou\u00a0 tvo\u0159enou palmami a olivovn\u00edky.\u00a0 Ka\u017ed\u00fd zahradn\u00ed apartm\u00e1n je situov\u00e1n v rohov\u00e9 \u010d\u00e1sti a zauj\u00edm\u00e1 celou \u0161\u00ed\u0159ku. V\u00fdsledkem je dostatek sv\u011btla.<\/p>\n<p>Dispozi\u010dn\u00ed pl\u00e1n zahrnuje ob\u00fdvac\u00ed pokoj, j\u00eddeln\u00ed prostor, kuchy\u0148, 2 lo\u017enice se\u00a0 \u0161atn\u00ed\u00a0 sk\u0159\u00edn\u00ed,jedna s vlastn\u00ed koupelnou, 2 koupelny s podlahov\u00fdm vyt\u00e1p\u011bn\u00edm. Ob\u00fdvac\u00ed pokoj je roz\u0161\u00ed\u0159en o krytou terasu. V t\u011bchto bytech si m\u016f\u017eete u\u017e\u00edt prostornou p\u0159edn\u00ed i zadn\u00ed zahradu a je zde t\u00e9\u017e zahrada bo\u010dn\u00ed.<\/p>\n<p>V t\u00e9to oblasti je k dispozici \u0161irok\u00e1 \u0161k\u00e1la za\u0159\u00edzen\u00ed ,jako jsou supermarkety,restaurace a\u00a0 to v\u0161e ve vzd\u00e1lenosti jen 35 minut od mezin\u00e1rodn\u00edho leti\u0161t\u011b v Alicante.V\u0161e co je pot\u0159eba k tomu, abyste si mohli pln\u011b u\u017e\u00edt v\u00e1\u0161 nov\u00fd domov ve slunn\u00e9 oblasti Costa Blanca, s pl\u00e1\u017eemi , p\u0159\u00edrodou\u00a0 a klidem.<\/p>\n","protected":false},"excerpt":{"rendered":"<p>Tento nevelk\u00fd projekt zahradn\u00edch apartm\u00e1n\u016f a podkrovn\u00edch byt\u016f byl realizov\u00e1n pobl\u00ed\u017e Alicante v oblasti Costa Blanca. Architekt vytvo\u0159il jedine\u010dn\u00fd styl, kter\u00fd\u00a0 kombinuje modern\u00ed a st\u0159edozemn\u00ed architektonick\u00e9 prvky. Komplex je um\u00edst\u011bn v uzav\u0159en\u00e9 z\u00e1stavb\u011b s kr\u00e1sn\u011b udr\u017eovan\u00fdm vstupem. Vnit\u0159n\u00ed prostranstv\u00ed se spole\u010dn\u00fdm baz\u00e9nem je o\u00e1zou\u00a0 tvo\u0159enou palmami a olivovn\u00edky.\u00a0 Ka\u017ed\u00fd zahradn\u00ed apartm\u00e1n je situov\u00e1n v rohov\u00e9 [&hellip;]<\/p>\n","protected":false},"featured_media":0,"comment_status":"open","ping_status":"closed","template":"","meta":{"_acf_changed":false},"product_brand":[],"product_cat":[15],"product_tag":[],"class_list":{"0":"post-6801","1":"product","2":"type-product","3":"status-publish","5":"province-alicante","6":"places-quesada","7":"country-spanje","8":"region-costa-blanca","9":"product_cat-geen-categorie","11":"first","12":"instock","13":"shipping-taxable","14":"purchasable","15":"product-type-simple"},"acf":[],"yoast_head":"<!-- This site is optimized with the Yoast SEO plugin v27.4 - https:\/\/yoast.com\/product\/yoast-seo-wordpress\/ -->\n<title>Zahradn\u00ed apartm\u00e1ny a podkrovn\u00ed byty u St\u0159edozemn\u00edho mo\u0159e - Sun Sure Estates<\/title>\n<meta name=\"robots\" content=\"index, follow, max-snippet:-1, max-image-preview:large, max-video-preview:-1\" \/>\n<link rel=\"canonical\" href=\"https:\/\/www.sun-sure-estates.com\/cs\/produkt\/zahradni-apartmany-a-podkrovni-byty-u-stredozemniho-more-2\/\" \/>\n<meta property=\"og:locale\" content=\"cs_CZ\" \/>\n<meta property=\"og:type\" content=\"article\" \/>\n<meta property=\"og:title\" content=\"Zahradn\u00ed apartm\u00e1ny a podkrovn\u00ed byty u St\u0159edozemn\u00edho mo\u0159e - Sun Sure Estates\" \/>\n<meta property=\"og:description\" content=\"Tento nevelk\u00fd projekt zahradn\u00edch apartm\u00e1n\u016f a podkrovn\u00edch byt\u016f byl realizov\u00e1n pobl\u00ed\u017e Alicante v oblasti Costa Blanca. Architekt vytvo\u0159il jedine\u010dn\u00fd styl, kter\u00fd\u00a0 kombinuje modern\u00ed a st\u0159edozemn\u00ed architektonick\u00e9 prvky. Komplex je um\u00edst\u011bn v uzav\u0159en\u00e9 z\u00e1stavb\u011b s kr\u00e1sn\u011b udr\u017eovan\u00fdm vstupem. Vnit\u0159n\u00ed prostranstv\u00ed se spole\u010dn\u00fdm baz\u00e9nem je o\u00e1zou\u00a0 tvo\u0159enou palmami a olivovn\u00edky.\u00a0 Ka\u017ed\u00fd zahradn\u00ed apartm\u00e1n je situov\u00e1n v rohov\u00e9 [&hellip;]\" \/>\n<meta property=\"og:url\" content=\"https:\/\/www.sun-sure-estates.com\/cs\/produkt\/zahradni-apartmany-a-podkrovni-byty-u-stredozemniho-more-2\/\" \/>\n<meta property=\"og:site_name\" content=\"Sun Sure Estates\" \/>\n<meta property=\"article:modified_time\" content=\"2021-06-22T13:29:29+00:00\" \/>\n<meta property=\"og:image\" content=\"https:\/\/www.sun-sure-estates.com\/wp-content\/uploads\/2020\/11\/1-scaled.jpg\" \/>\n\t<meta property=\"og:image:width\" content=\"2560\" \/>\n\t<meta property=\"og:image:height\" content=\"1707\" \/>\n\t<meta property=\"og:image:type\" content=\"image\/jpeg\" \/>\n<meta name=\"twitter:card\" content=\"summary_large_image\" \/>\n<meta name=\"twitter:label1\" content=\"Odhadovan\u00e1 doba \u010dten\u00ed\" \/>\n\t<meta name=\"twitter:data1\" content=\"1 minuta\" \/>\n<script type=\"application\/ld+json\" class=\"yoast-schema-graph\">{\"@context\":\"https:\\\/\\\/schema.org\",\"@graph\":[{\"@type\":\"WebPage\",\"@id\":\"https:\\\/\\\/www.sun-sure-estates.com\\\/cs\\\/produkt\\\/zahradni-apartmany-a-podkrovni-byty-u-stredozemniho-more-2\\\/\",\"url\":\"https:\\\/\\\/www.sun-sure-estates.com\\\/cs\\\/produkt\\\/zahradni-apartmany-a-podkrovni-byty-u-stredozemniho-more-2\\\/\",\"name\":\"Zahradn\u00ed apartm\u00e1ny a podkrovn\u00ed byty u St\u0159edozemn\u00edho mo\u0159e - Sun Sure Estates\",\"isPartOf\":{\"@id\":\"https:\\\/\\\/www.sun-sure-estates.com\\\/cs\\\/#website\"},\"datePublished\":\"2020-11-02T18:25:53+00:00\",\"dateModified\":\"2021-06-22T13:29:29+00:00\",\"breadcrumb\":{\"@id\":\"https:\\\/\\\/www.sun-sure-estates.com\\\/cs\\\/produkt\\\/zahradni-apartmany-a-podkrovni-byty-u-stredozemniho-more-2\\\/#breadcrumb\"},\"inLanguage\":\"cs\",\"potentialAction\":[{\"@type\":\"ReadAction\",\"target\":[\"https:\\\/\\\/www.sun-sure-estates.com\\\/cs\\\/produkt\\\/zahradni-apartmany-a-podkrovni-byty-u-stredozemniho-more-2\\\/\"]}]},{\"@type\":\"BreadcrumbList\",\"@id\":\"https:\\\/\\\/www.sun-sure-estates.com\\\/cs\\\/produkt\\\/zahradni-apartmany-a-podkrovni-byty-u-stredozemniho-more-2\\\/#breadcrumb\",\"itemListElement\":[{\"@type\":\"ListItem\",\"position\":1,\"name\":\"Home\",\"item\":\"https:\\\/\\\/www.sun-sure-estates.com\\\/cs\\\/\"},{\"@type\":\"ListItem\",\"position\":2,\"name\":\"Winkel\",\"item\":\"https:\\\/\\\/www.sun-sure-estates.com\\\/winkel\\\/\"},{\"@type\":\"ListItem\",\"position\":3,\"name\":\"Zahradn\u00ed apartm\u00e1ny a podkrovn\u00ed byty u St\u0159edozemn\u00edho mo\u0159e\"}]},{\"@type\":\"WebSite\",\"@id\":\"https:\\\/\\\/www.sun-sure-estates.com\\\/cs\\\/#website\",\"url\":\"https:\\\/\\\/www.sun-sure-estates.com\\\/cs\\\/\",\"name\":\"Sun Sure Estates\",\"description\":\"Beleggen of wonen in je eigen huis onder de zon\",\"potentialAction\":[{\"@type\":\"SearchAction\",\"target\":{\"@type\":\"EntryPoint\",\"urlTemplate\":\"https:\\\/\\\/www.sun-sure-estates.com\\\/cs\\\/?s={search_term_string}\"},\"query-input\":{\"@type\":\"PropertyValueSpecification\",\"valueRequired\":true,\"valueName\":\"search_term_string\"}}],\"inLanguage\":\"cs\"}]}<\/script>\n<!-- \/ Yoast SEO plugin. -->","yoast_head_json":{"title":"Zahradn\u00ed apartm\u00e1ny a podkrovn\u00ed byty u St\u0159edozemn\u00edho mo\u0159e - Sun Sure Estates","robots":{"index":"index","follow":"follow","max-snippet":"max-snippet:-1","max-image-preview":"max-image-preview:large","max-video-preview":"max-video-preview:-1"},"canonical":"https:\/\/www.sun-sure-estates.com\/cs\/produkt\/zahradni-apartmany-a-podkrovni-byty-u-stredozemniho-more-2\/","og_locale":"cs_CZ","og_type":"article","og_title":"Zahradn\u00ed apartm\u00e1ny a podkrovn\u00ed byty u St\u0159edozemn\u00edho mo\u0159e - Sun Sure Estates","og_description":"Tento nevelk\u00fd projekt zahradn\u00edch apartm\u00e1n\u016f a podkrovn\u00edch byt\u016f byl realizov\u00e1n pobl\u00ed\u017e Alicante v oblasti Costa Blanca. Architekt vytvo\u0159il jedine\u010dn\u00fd styl, kter\u00fd\u00a0 kombinuje modern\u00ed a st\u0159edozemn\u00ed architektonick\u00e9 prvky. Komplex je um\u00edst\u011bn v uzav\u0159en\u00e9 z\u00e1stavb\u011b s kr\u00e1sn\u011b udr\u017eovan\u00fdm vstupem. Vnit\u0159n\u00ed prostranstv\u00ed se spole\u010dn\u00fdm baz\u00e9nem je o\u00e1zou\u00a0 tvo\u0159enou palmami a olivovn\u00edky.\u00a0 Ka\u017ed\u00fd zahradn\u00ed apartm\u00e1n je situov\u00e1n v rohov\u00e9 [&hellip;]","og_url":"https:\/\/www.sun-sure-estates.com\/cs\/produkt\/zahradni-apartmany-a-podkrovni-byty-u-stredozemniho-more-2\/","og_site_name":"Sun Sure Estates","article_modified_time":"2021-06-22T13:29:29+00:00","og_image":[{"width":2560,"height":1707,"url":"https:\/\/www.sun-sure-estates.com\/wp-content\/uploads\/2020\/11\/1-scaled.jpg","type":"image\/jpeg"}],"twitter_card":"summary_large_image","twitter_misc":{"Odhadovan\u00e1 doba \u010dten\u00ed":"1 minuta"},"schema":{"@context":"https:\/\/schema.org","@graph":[{"@type":"WebPage","@id":"https:\/\/www.sun-sure-estates.com\/cs\/produkt\/zahradni-apartmany-a-podkrovni-byty-u-stredozemniho-more-2\/","url":"https:\/\/www.sun-sure-estates.com\/cs\/produkt\/zahradni-apartmany-a-podkrovni-byty-u-stredozemniho-more-2\/","name":"Zahradn\u00ed apartm\u00e1ny a podkrovn\u00ed byty u St\u0159edozemn\u00edho mo\u0159e - Sun Sure Estates","isPartOf":{"@id":"https:\/\/www.sun-sure-estates.com\/cs\/#website"},"datePublished":"2020-11-02T18:25:53+00:00","dateModified":"2021-06-22T13:29:29+00:00","breadcrumb":{"@id":"https:\/\/www.sun-sure-estates.com\/cs\/produkt\/zahradni-apartmany-a-podkrovni-byty-u-stredozemniho-more-2\/#breadcrumb"},"inLanguage":"cs","potentialAction":[{"@type":"ReadAction","target":["https:\/\/www.sun-sure-estates.com\/cs\/produkt\/zahradni-apartmany-a-podkrovni-byty-u-stredozemniho-more-2\/"]}]},{"@type":"BreadcrumbList","@id":"https:\/\/www.sun-sure-estates.com\/cs\/produkt\/zahradni-apartmany-a-podkrovni-byty-u-stredozemniho-more-2\/#breadcrumb","itemListElement":[{"@type":"ListItem","position":1,"name":"Home","item":"https:\/\/www.sun-sure-estates.com\/cs\/"},{"@type":"ListItem","position":2,"name":"Winkel","item":"https:\/\/www.sun-sure-estates.com\/winkel\/"},{"@type":"ListItem","position":3,"name":"Zahradn\u00ed apartm\u00e1ny a podkrovn\u00ed byty u St\u0159edozemn\u00edho mo\u0159e"}]},{"@type":"WebSite","@id":"https:\/\/www.sun-sure-estates.com\/cs\/#website","url":"https:\/\/www.sun-sure-estates.com\/cs\/","name":"Sun Sure Estates","description":"Beleggen of wonen in je eigen huis onder de zon","potentialAction":[{"@type":"SearchAction","target":{"@type":"EntryPoint","urlTemplate":"https:\/\/www.sun-sure-estates.com\/cs\/?s={search_term_string}"},"query-input":{"@type":"PropertyValueSpecification","valueRequired":true,"valueName":"search_term_string"}}],"inLanguage":"cs"}]}},"_links":{"self":[{"href":"https:\/\/www.sun-sure-estates.com\/cs\/wp-json\/wp\/v2\/product\/6801","targetHints":{"allow":["GET"]}}],"collection":[{"href":"https:\/\/www.sun-sure-estates.com\/cs\/wp-json\/wp\/v2\/product"}],"about":[{"href":"https:\/\/www.sun-sure-estates.com\/cs\/wp-json\/wp\/v2\/types\/product"}],"replies":[{"embeddable":true,"href":"https:\/\/www.sun-sure-estates.com\/cs\/wp-json\/wp\/v2\/comments?post=6801"}],"wp:attachment":[{"href":"https:\/\/www.sun-sure-estates.com\/cs\/wp-json\/wp\/v2\/media?parent=6801"}],"wp:term":[{"taxonomy":"product_brand","embeddable":true,"href":"https:\/\/www.sun-sure-estates.com\/cs\/wp-json\/wp\/v2\/product_brand?post=6801"},{"taxonomy":"product_cat","embeddable":true,"href":"https:\/\/www.sun-sure-estates.com\/cs\/wp-json\/wp\/v2\/product_cat?post=6801"},{"taxonomy":"product_tag","embeddable":true,"href":"https:\/\/www.sun-sure-estates.com\/cs\/wp-json\/wp\/v2\/product_tag?post=6801"}],"curies":[{"name":"wp","href":"https:\/\/api.w.org\/{rel}","templated":true}]}}