{"id":6906,"date":"2020-11-09T10:34:45","date_gmt":"2020-11-09T09:34:45","guid":{"rendered":"https:\/\/www.sun-sure-estates.com\/?post_type=product&#038;p=6906"},"modified":"2021-06-22T15:26:59","modified_gmt":"2021-06-22T13:26:59","slug":"exkluzivni-designova-vila","status":"publish","type":"product","link":"https:\/\/www.sun-sure-estates.com\/cs\/produkt\/exkluzivni-designova-vila\/","title":{"rendered":"Exkluzivn\u00ed designov\u00e1 vila"},"content":{"rendered":"<p>Exkluz\u00edvn\u00ed designov\u00e9 vily s kr\u00e1sn\u00fdmi v\u00fdhledy vystav\u011bn\u00e9 v uzav\u0159en\u00e9 z\u00e1stavb\u011b\u00a0 slunn\u00e9 oblasti pobl\u00ed\u017e m\u011bsta Polop<\/p>\n<p>Vily na plo\u0161e v\u00edce ne\u017e 500 m2 disponuj\u00ed ob\u00fdvac\u00edm pokojem, j\u00eddeln\u00edm prostorem, kuchyn\u00ed, 1 lo\u017enic\u00ed s vlastn\u00ed koupelnou s podlahov\u00fdm vyt\u00e1p\u011bn\u00edm, otev\u0159enou \u0161atn\u00ed sk\u0159\u00edn\u00ed a toaletou pro hosty. Ob\u00fdvac\u00ed pokoj, prostor j\u00eddelny a kuchyn\u011b jsou vystav\u011bny po cel\u00e9 \u0161\u00ed\u0159ce a\u00a0 a t\u00edm je prostor kr\u00e1sn\u011b prosv\u011btlen\u00fd.<\/p>\n<p>Z ob\u00fdvac\u00edho pokoje a p\u0159ilehl\u00e9 venkovn\u00ed terasy si m\u016f\u017eete vychutnat kouzeln\u00fd v\u00fdhled na malebnou vesni\u010dku Polop s kr\u00e1snou p\u0159\u00edrodn\u00ed scen\u00e9ri\u00ed a v d\u00e1lce St\u0159edozemn\u00ed mo\u0159e. Z\u00a0 vily\u00a0 je rovn\u011b\u017e kr\u00e1sn\u00fd v\u00fdhled do zahrady.<\/p>\n<p>V prvn\u00edm pat\u0159e jsou 2 lo\u017enice s p\u0159ilehlou koupelnou s podlahov\u00fdm vyt\u00e1p\u011bn\u00edm. Z lo\u017enice s venkovn\u00ed terasou o plo\u0161e\u00a0 vice ne\u017e 19 m2 je \u00fachvatn\u00fd v\u00fdhled do okoln\u00ed krajiny. V pozad\u00ed se ty\u010d\u00ed jedna z nejmajest\u00e1tn\u011bj\u0161\u00edch hor \u0160pan\u011blska \u201cDe Puig Campana\u201d.Lo\u017enice v zadn\u00ed \u010d\u00e1sti disponuje venkovn\u00ed terasou o plo\u0161e t\u00e9m\u011b\u0159 15 m2 a rovn\u011b\u017e kr\u00e1sn\u00fdmi v\u00fdhledy.<\/p>\n<p>V suter\u00e9nu o plo\u0161e 255 m2 je prostorn\u00e1 gar\u00e1\u017e s \u00falo\u017en\u00fdm prostorem a pr\u00e1delnou. V suter\u00e9nu je rovn\u011b\u017e mo\u017en\u00e1 realizace dal\u0161\u00ed koupelny a 4. a 5. lo\u017enice.Jedna z nich je p\u0159ilehl\u00e1 k fas\u00e1d\u011b se z\u00e1suvn\u00fdmi dve\u0159mi, co\u017e poskytuje dostatek sv\u011btla. Suter\u00e9n\u00a0 je natolik prostorn\u00fd, \u017ee jej lze dovybavit dom\u00e1c\u00edm kinem, t\u011blocvi\u010dnou, barem, atd.<\/p>\n<p>V\u00a0t\u011bsn\u00e9 bl\u00edzkosti Polopu se nach\u00e1zej\u00ed v\u0161echny druhy za\u0159\u00edzen\u00ed a\u00a0 mo\u017enosti vy\u017eit\u00ed. Za m\u00e9n\u011b ne\u017e 3 min.j\u00edzdy autem jste v \u00fatuln\u00fdch restaurac\u00edch a barech a rovn\u011b\u017e na jednom z 24 golfov\u00fdch resortu. U\u017e\u00edt si mo\u0159e a pl\u00e1\u017e\u00a0lze po 15 min.j\u00edzdy autem. \u017d\u00edt v Polopu\u00a0zkr\u00e1tka znamen\u00e1 u\u017e\u00edvat si pobytu v nejzdrav\u011bj\u0161\u00edm prost\u0159ed\u00ed Evropy ka\u017cdy den!<\/p>\n","protected":false},"excerpt":{"rendered":"<p>Exkluz\u00edvn\u00ed designov\u00e9 vily s kr\u00e1sn\u00fdmi v\u00fdhledy vystav\u011bn\u00e9 v uzav\u0159en\u00e9 z\u00e1stavb\u011b\u00a0 slunn\u00e9 oblasti pobl\u00ed\u017e m\u011bsta Polop Vily na plo\u0161e v\u00edce ne\u017e 500 m2 disponuj\u00ed ob\u00fdvac\u00edm pokojem, j\u00eddeln\u00edm prostorem, kuchyn\u00ed, 1 lo\u017enic\u00ed s vlastn\u00ed koupelnou s podlahov\u00fdm vyt\u00e1p\u011bn\u00edm, otev\u0159enou \u0161atn\u00ed sk\u0159\u00edn\u00ed a toaletou pro hosty. Ob\u00fdvac\u00ed pokoj, prostor j\u00eddelny a kuchyn\u011b jsou vystav\u011bny po cel\u00e9 \u0161\u00ed\u0159ce a\u00a0 [&hellip;]<\/p>\n","protected":false},"featured_media":6953,"comment_status":"open","ping_status":"closed","template":"","meta":{"_acf_changed":false},"product_brand":[],"product_cat":[15],"product_tag":[],"class_list":{"0":"post-6906","1":"product","2":"type-product","3":"status-publish","4":"has-post-thumbnail","6":"province-alicante","7":"places-polop","8":"country-spanje","9":"product_cat-geen-categorie","11":"first","12":"instock","13":"shipping-taxable","14":"purchasable","15":"product-type-simple"},"acf":[],"yoast_head":"<!-- This site is optimized with the Yoast SEO plugin v27.5 - https:\/\/yoast.com\/product\/yoast-seo-wordpress\/ -->\n<title>Exkluzivn\u00ed designov\u00e1 vila - Sun Sure Estates<\/title>\n<meta name=\"robots\" content=\"index, follow, max-snippet:-1, max-image-preview:large, max-video-preview:-1\" \/>\n<link rel=\"canonical\" href=\"https:\/\/www.sun-sure-estates.com\/cs\/produkt\/exkluzivni-designova-vila\/\" \/>\n<meta property=\"og:locale\" content=\"cs_CZ\" \/>\n<meta property=\"og:type\" content=\"article\" \/>\n<meta property=\"og:title\" content=\"Exkluzivn\u00ed designov\u00e1 vila - Sun Sure Estates\" \/>\n<meta property=\"og:description\" content=\"Exkluz\u00edvn\u00ed designov\u00e9 vily s kr\u00e1sn\u00fdmi v\u00fdhledy vystav\u011bn\u00e9 v uzav\u0159en\u00e9 z\u00e1stavb\u011b\u00a0 slunn\u00e9 oblasti pobl\u00ed\u017e m\u011bsta Polop Vily na plo\u0161e v\u00edce ne\u017e 500 m2 disponuj\u00ed ob\u00fdvac\u00edm pokojem, j\u00eddeln\u00edm prostorem, kuchyn\u00ed, 1 lo\u017enic\u00ed s vlastn\u00ed koupelnou s podlahov\u00fdm vyt\u00e1p\u011bn\u00edm, otev\u0159enou \u0161atn\u00ed sk\u0159\u00edn\u00ed a toaletou pro hosty. Ob\u00fdvac\u00ed pokoj, prostor j\u00eddelny a kuchyn\u011b jsou vystav\u011bny po cel\u00e9 \u0161\u00ed\u0159ce a\u00a0 [&hellip;]\" \/>\n<meta property=\"og:url\" content=\"https:\/\/www.sun-sure-estates.com\/cs\/produkt\/exkluzivni-designova-vila\/\" \/>\n<meta property=\"og:site_name\" content=\"Sun Sure Estates\" \/>\n<meta property=\"article:modified_time\" content=\"2021-06-22T13:26:59+00:00\" \/>\n<meta property=\"og:image\" content=\"https:\/\/www.sun-sure-estates.com\/wp-content\/uploads\/2020\/11\/7-7-scaled.jpg\" \/>\n\t<meta property=\"og:image:width\" content=\"2560\" \/>\n\t<meta property=\"og:image:height\" content=\"1709\" \/>\n\t<meta property=\"og:image:type\" content=\"image\/jpeg\" \/>\n<meta name=\"twitter:card\" content=\"summary_large_image\" \/>\n<meta name=\"twitter:label1\" content=\"Odhadovan\u00e1 doba \u010dten\u00ed\" \/>\n\t<meta name=\"twitter:data1\" content=\"2 minuty\" \/>\n<script type=\"application\/ld+json\" class=\"yoast-schema-graph\">{\"@context\":\"https:\\\/\\\/schema.org\",\"@graph\":[{\"@type\":\"WebPage\",\"@id\":\"https:\\\/\\\/www.sun-sure-estates.com\\\/cs\\\/produkt\\\/exkluzivni-designova-vila\\\/\",\"url\":\"https:\\\/\\\/www.sun-sure-estates.com\\\/cs\\\/produkt\\\/exkluzivni-designova-vila\\\/\",\"name\":\"Exkluzivn\u00ed designov\u00e1 vila - Sun Sure Estates\",\"isPartOf\":{\"@id\":\"https:\\\/\\\/www.sun-sure-estates.com\\\/cs\\\/#website\"},\"primaryImageOfPage\":{\"@id\":\"https:\\\/\\\/www.sun-sure-estates.com\\\/cs\\\/produkt\\\/exkluzivni-designova-vila\\\/#primaryimage\"},\"image\":{\"@id\":\"https:\\\/\\\/www.sun-sure-estates.com\\\/cs\\\/produkt\\\/exkluzivni-designova-vila\\\/#primaryimage\"},\"thumbnailUrl\":\"https:\\\/\\\/www.sun-sure-estates.com\\\/wp-content\\\/uploads\\\/2020\\\/11\\\/7-7-scaled.jpg\",\"datePublished\":\"2020-11-09T09:34:45+00:00\",\"dateModified\":\"2021-06-22T13:26:59+00:00\",\"breadcrumb\":{\"@id\":\"https:\\\/\\\/www.sun-sure-estates.com\\\/cs\\\/produkt\\\/exkluzivni-designova-vila\\\/#breadcrumb\"},\"inLanguage\":\"cs\",\"potentialAction\":[{\"@type\":\"ReadAction\",\"target\":[\"https:\\\/\\\/www.sun-sure-estates.com\\\/cs\\\/produkt\\\/exkluzivni-designova-vila\\\/\"]}]},{\"@type\":\"ImageObject\",\"inLanguage\":\"cs\",\"@id\":\"https:\\\/\\\/www.sun-sure-estates.com\\\/cs\\\/produkt\\\/exkluzivni-designova-vila\\\/#primaryimage\",\"url\":\"https:\\\/\\\/www.sun-sure-estates.com\\\/wp-content\\\/uploads\\\/2020\\\/11\\\/7-7-scaled.jpg\",\"contentUrl\":\"https:\\\/\\\/www.sun-sure-estates.com\\\/wp-content\\\/uploads\\\/2020\\\/11\\\/7-7-scaled.jpg\",\"width\":2560,\"height\":1709},{\"@type\":\"BreadcrumbList\",\"@id\":\"https:\\\/\\\/www.sun-sure-estates.com\\\/cs\\\/produkt\\\/exkluzivni-designova-vila\\\/#breadcrumb\",\"itemListElement\":[{\"@type\":\"ListItem\",\"position\":1,\"name\":\"Home\",\"item\":\"https:\\\/\\\/www.sun-sure-estates.com\\\/cs\\\/\"},{\"@type\":\"ListItem\",\"position\":2,\"name\":\"Winkel\",\"item\":\"https:\\\/\\\/www.sun-sure-estates.com\\\/winkel\\\/\"},{\"@type\":\"ListItem\",\"position\":3,\"name\":\"Exkluzivn\u00ed designov\u00e1 vila\"}]},{\"@type\":\"WebSite\",\"@id\":\"https:\\\/\\\/www.sun-sure-estates.com\\\/cs\\\/#website\",\"url\":\"https:\\\/\\\/www.sun-sure-estates.com\\\/cs\\\/\",\"name\":\"Sun Sure Estates\",\"description\":\"Beleggen of wonen in je eigen huis onder de zon\",\"potentialAction\":[{\"@type\":\"SearchAction\",\"target\":{\"@type\":\"EntryPoint\",\"urlTemplate\":\"https:\\\/\\\/www.sun-sure-estates.com\\\/cs\\\/?s={search_term_string}\"},\"query-input\":{\"@type\":\"PropertyValueSpecification\",\"valueRequired\":true,\"valueName\":\"search_term_string\"}}],\"inLanguage\":\"cs\"}]}<\/script>\n<!-- \/ Yoast SEO plugin. -->","yoast_head_json":{"title":"Exkluzivn\u00ed designov\u00e1 vila - Sun Sure Estates","robots":{"index":"index","follow":"follow","max-snippet":"max-snippet:-1","max-image-preview":"max-image-preview:large","max-video-preview":"max-video-preview:-1"},"canonical":"https:\/\/www.sun-sure-estates.com\/cs\/produkt\/exkluzivni-designova-vila\/","og_locale":"cs_CZ","og_type":"article","og_title":"Exkluzivn\u00ed designov\u00e1 vila - Sun Sure Estates","og_description":"Exkluz\u00edvn\u00ed designov\u00e9 vily s kr\u00e1sn\u00fdmi v\u00fdhledy vystav\u011bn\u00e9 v uzav\u0159en\u00e9 z\u00e1stavb\u011b\u00a0 slunn\u00e9 oblasti pobl\u00ed\u017e m\u011bsta Polop Vily na plo\u0161e v\u00edce ne\u017e 500 m2 disponuj\u00ed ob\u00fdvac\u00edm pokojem, j\u00eddeln\u00edm prostorem, kuchyn\u00ed, 1 lo\u017enic\u00ed s vlastn\u00ed koupelnou s podlahov\u00fdm vyt\u00e1p\u011bn\u00edm, otev\u0159enou \u0161atn\u00ed sk\u0159\u00edn\u00ed a toaletou pro hosty. Ob\u00fdvac\u00ed pokoj, prostor j\u00eddelny a kuchyn\u011b jsou vystav\u011bny po cel\u00e9 \u0161\u00ed\u0159ce a\u00a0 [&hellip;]","og_url":"https:\/\/www.sun-sure-estates.com\/cs\/produkt\/exkluzivni-designova-vila\/","og_site_name":"Sun Sure Estates","article_modified_time":"2021-06-22T13:26:59+00:00","og_image":[{"width":2560,"height":1709,"url":"https:\/\/www.sun-sure-estates.com\/wp-content\/uploads\/2020\/11\/7-7-scaled.jpg","type":"image\/jpeg"}],"twitter_card":"summary_large_image","twitter_misc":{"Odhadovan\u00e1 doba \u010dten\u00ed":"2 minuty"},"schema":{"@context":"https:\/\/schema.org","@graph":[{"@type":"WebPage","@id":"https:\/\/www.sun-sure-estates.com\/cs\/produkt\/exkluzivni-designova-vila\/","url":"https:\/\/www.sun-sure-estates.com\/cs\/produkt\/exkluzivni-designova-vila\/","name":"Exkluzivn\u00ed designov\u00e1 vila - Sun Sure Estates","isPartOf":{"@id":"https:\/\/www.sun-sure-estates.com\/cs\/#website"},"primaryImageOfPage":{"@id":"https:\/\/www.sun-sure-estates.com\/cs\/produkt\/exkluzivni-designova-vila\/#primaryimage"},"image":{"@id":"https:\/\/www.sun-sure-estates.com\/cs\/produkt\/exkluzivni-designova-vila\/#primaryimage"},"thumbnailUrl":"https:\/\/www.sun-sure-estates.com\/wp-content\/uploads\/2020\/11\/7-7-scaled.jpg","datePublished":"2020-11-09T09:34:45+00:00","dateModified":"2021-06-22T13:26:59+00:00","breadcrumb":{"@id":"https:\/\/www.sun-sure-estates.com\/cs\/produkt\/exkluzivni-designova-vila\/#breadcrumb"},"inLanguage":"cs","potentialAction":[{"@type":"ReadAction","target":["https:\/\/www.sun-sure-estates.com\/cs\/produkt\/exkluzivni-designova-vila\/"]}]},{"@type":"ImageObject","inLanguage":"cs","@id":"https:\/\/www.sun-sure-estates.com\/cs\/produkt\/exkluzivni-designova-vila\/#primaryimage","url":"https:\/\/www.sun-sure-estates.com\/wp-content\/uploads\/2020\/11\/7-7-scaled.jpg","contentUrl":"https:\/\/www.sun-sure-estates.com\/wp-content\/uploads\/2020\/11\/7-7-scaled.jpg","width":2560,"height":1709},{"@type":"BreadcrumbList","@id":"https:\/\/www.sun-sure-estates.com\/cs\/produkt\/exkluzivni-designova-vila\/#breadcrumb","itemListElement":[{"@type":"ListItem","position":1,"name":"Home","item":"https:\/\/www.sun-sure-estates.com\/cs\/"},{"@type":"ListItem","position":2,"name":"Winkel","item":"https:\/\/www.sun-sure-estates.com\/winkel\/"},{"@type":"ListItem","position":3,"name":"Exkluzivn\u00ed designov\u00e1 vila"}]},{"@type":"WebSite","@id":"https:\/\/www.sun-sure-estates.com\/cs\/#website","url":"https:\/\/www.sun-sure-estates.com\/cs\/","name":"Sun Sure Estates","description":"Beleggen of wonen in je eigen huis onder de zon","potentialAction":[{"@type":"SearchAction","target":{"@type":"EntryPoint","urlTemplate":"https:\/\/www.sun-sure-estates.com\/cs\/?s={search_term_string}"},"query-input":{"@type":"PropertyValueSpecification","valueRequired":true,"valueName":"search_term_string"}}],"inLanguage":"cs"}]}},"_links":{"self":[{"href":"https:\/\/www.sun-sure-estates.com\/cs\/wp-json\/wp\/v2\/product\/6906","targetHints":{"allow":["GET"]}}],"collection":[{"href":"https:\/\/www.sun-sure-estates.com\/cs\/wp-json\/wp\/v2\/product"}],"about":[{"href":"https:\/\/www.sun-sure-estates.com\/cs\/wp-json\/wp\/v2\/types\/product"}],"replies":[{"embeddable":true,"href":"https:\/\/www.sun-sure-estates.com\/cs\/wp-json\/wp\/v2\/comments?post=6906"}],"wp:featuredmedia":[{"embeddable":true,"href":"https:\/\/www.sun-sure-estates.com\/cs\/wp-json\/wp\/v2\/media\/6953"}],"wp:attachment":[{"href":"https:\/\/www.sun-sure-estates.com\/cs\/wp-json\/wp\/v2\/media?parent=6906"}],"wp:term":[{"taxonomy":"product_brand","embeddable":true,"href":"https:\/\/www.sun-sure-estates.com\/cs\/wp-json\/wp\/v2\/product_brand?post=6906"},{"taxonomy":"product_cat","embeddable":true,"href":"https:\/\/www.sun-sure-estates.com\/cs\/wp-json\/wp\/v2\/product_cat?post=6906"},{"taxonomy":"product_tag","embeddable":true,"href":"https:\/\/www.sun-sure-estates.com\/cs\/wp-json\/wp\/v2\/product_tag?post=6906"}],"curies":[{"name":"wp","href":"https:\/\/api.w.org\/{rel}","templated":true}]}}