{"id":6954,"date":"2020-09-05T22:32:48","date_gmt":"2020-09-05T20:32:48","guid":{"rendered":"https:\/\/www.sun-sure-estates.com\/?post_type=product&#038;p=6954"},"modified":"2021-06-22T16:02:50","modified_gmt":"2021-06-22T14:02:50","slug":"moderni-vila-300-metru-od-more","status":"publish","type":"product","link":"https:\/\/www.sun-sure-estates.com\/cs\/produkt\/moderni-vila-300-metru-od-more\/","title":{"rendered":"Modern\u00ed vila 300 metr\u016f od mo\u0159e"},"content":{"rendered":"<p>Exkluz\u00edvn\u00ed \u0161pan\u011blsk\u00e9 vily u Playa del Pinet u p\u0159\u00edrodn\u00ed rezervace s plame\u0148\u00e1ky<\/p>\n<p>U\u017eijte si nejzdrav\u011bj\u0161\u00ed klima v Evrop\u011b u Playa Del Pinet, kde byly\u00a0 tyto excelentn\u00ed vily vystav\u011bny. Maj\u00ed ide\u00e1ln\u00ed\u00a0pozici pouze 300 metr\u016f od\u00a0 kilometr dlouh\u00fdch p\u00edse\u010dn\u00fdch pl\u00e1\u017e\u00ed py\u0161n\u00edc\u00edmi se ocen\u011bn\u00edm \u201cblue flag\u201d\/modr\u00e1 vlajka\/.Nach\u00e1zej\u00ed se p\u0159\u00edmo u p\u0159\u00edrodn\u00ed rezervace De Les Salines de Santa Pola, kde m\u016f\u017eete spat\u0159it plame\u0148\u00e1ky,\u00a0duny a borovicov\u00e9 porosty, p\u0159\u00edrodn\u00ed nedot\u010denou p\u00edse\u010dnou pl\u00e1\u017e,star\u00e9 ryb\u00e1\u0159sk\u00e9 domky a v\u00fdb\u011br velmi dobr\u00fdch\u00a0restaurac\u00ed.<\/p>\n<p>V tomto \u00fa\u017easn\u00e9m p\u0159\u00edrodn\u00edm prost\u0159ed\u00ed byly vystav\u011bny tyto nov\u00e9, prostorn\u00e9 a prakticky seskupen\u00e9 vily.\u00a0Maj\u00ed prostorn\u00fd ob\u00fdvac\u00ed pokoj, kuchy\u0148, j\u00eddeln\u00ed prostor, 3 lo\u017enice, z nich\u017e 2 disponuj\u00ed vlastn\u00ed koupelnou a rovn\u011b\u017e samostatnou koupelnu. Hlavn\u00ed lo\u017enice je um\u00edst\u011bna na rozlehl\u00e9m balkonu. Na vrchn\u00edm pat\u0159e je kr\u00e1sn\u00e1 st\u0159e\u0161n\u00ed terasa s v\u00fdhledem na mo\u0159e o plo\u0161e v\u00edce ne\u017e 57 m2.<\/p>\n<p>M\u011bsto La Marina se v\u0161emi druhy za\u0159\u00edzen\u00ed , je vzd\u00e1leno pouze 1 kilometr za 20 minut j\u00edzdy autem jste v centru\u00a0\u010di hlavn\u00ed promen\u00e1d\u011b m\u011bsta Alicante a jeho leti\u0161t\u011b.<\/p>\n","protected":false},"excerpt":{"rendered":"<p>Exkluz\u00edvn\u00ed \u0161pan\u011blsk\u00e9 vily u Playa del Pinet u p\u0159\u00edrodn\u00ed rezervace s plame\u0148\u00e1ky U\u017eijte si nejzdrav\u011bj\u0161\u00ed klima v Evrop\u011b u Playa Del Pinet, kde byly\u00a0 tyto excelentn\u00ed vily vystav\u011bny. Maj\u00ed ide\u00e1ln\u00ed\u00a0pozici pouze 300 metr\u016f od\u00a0 kilometr dlouh\u00fdch p\u00edse\u010dn\u00fdch pl\u00e1\u017e\u00ed py\u0161n\u00edc\u00edmi se ocen\u011bn\u00edm \u201cblue flag\u201d\/modr\u00e1 vlajka\/.Nach\u00e1zej\u00ed se p\u0159\u00edmo u p\u0159\u00edrodn\u00ed rezervace De Les Salines de Santa Pola, [&hellip;]<\/p>\n","protected":false},"featured_media":6955,"comment_status":"open","ping_status":"closed","template":"","meta":{"_acf_changed":false},"product_brand":[],"product_cat":[15],"product_tag":[],"class_list":{"0":"post-6954","1":"product","2":"type-product","3":"status-publish","4":"has-post-thumbnail","6":"province-alicante","7":"places-la-marina","8":"country-spanje","9":"region-costa-blanca","10":"product_cat-geen-categorie","12":"first","13":"instock","14":"shipping-taxable","15":"purchasable","16":"product-type-simple"},"acf":[],"yoast_head":"<!-- This site is optimized with the Yoast SEO plugin v27.5 - https:\/\/yoast.com\/product\/yoast-seo-wordpress\/ -->\n<title>Modern\u00ed vila 300 metr\u016f od mo\u0159e - Sun Sure Estates<\/title>\n<meta name=\"robots\" content=\"index, follow, max-snippet:-1, max-image-preview:large, max-video-preview:-1\" \/>\n<link rel=\"canonical\" href=\"https:\/\/www.sun-sure-estates.com\/cs\/produkt\/moderni-vila-300-metru-od-more\/\" \/>\n<meta property=\"og:locale\" content=\"cs_CZ\" \/>\n<meta property=\"og:type\" content=\"article\" \/>\n<meta property=\"og:title\" content=\"Modern\u00ed vila 300 metr\u016f od mo\u0159e - Sun Sure Estates\" \/>\n<meta property=\"og:description\" content=\"Exkluz\u00edvn\u00ed \u0161pan\u011blsk\u00e9 vily u Playa del Pinet u p\u0159\u00edrodn\u00ed rezervace s plame\u0148\u00e1ky U\u017eijte si nejzdrav\u011bj\u0161\u00ed klima v Evrop\u011b u Playa Del Pinet, kde byly\u00a0 tyto excelentn\u00ed vily vystav\u011bny. Maj\u00ed ide\u00e1ln\u00ed\u00a0pozici pouze 300 metr\u016f od\u00a0 kilometr dlouh\u00fdch p\u00edse\u010dn\u00fdch pl\u00e1\u017e\u00ed py\u0161n\u00edc\u00edmi se ocen\u011bn\u00edm \u201cblue flag\u201d\/modr\u00e1 vlajka\/.Nach\u00e1zej\u00ed se p\u0159\u00edmo u p\u0159\u00edrodn\u00ed rezervace De Les Salines de Santa Pola, [&hellip;]\" \/>\n<meta property=\"og:url\" content=\"https:\/\/www.sun-sure-estates.com\/cs\/produkt\/moderni-vila-300-metru-od-more\/\" \/>\n<meta property=\"og:site_name\" content=\"Sun Sure Estates\" \/>\n<meta property=\"article:modified_time\" content=\"2021-06-22T14:02:50+00:00\" \/>\n<meta property=\"og:image\" content=\"https:\/\/www.sun-sure-estates.com\/wp-content\/uploads\/2020\/09\/40-scaled.jpg\" \/>\n\t<meta property=\"og:image:width\" content=\"2560\" \/>\n\t<meta property=\"og:image:height\" content=\"1706\" \/>\n\t<meta property=\"og:image:type\" content=\"image\/jpeg\" \/>\n<meta name=\"twitter:card\" content=\"summary_large_image\" \/>\n<meta name=\"twitter:label1\" content=\"Odhadovan\u00e1 doba \u010dten\u00ed\" \/>\n\t<meta name=\"twitter:data1\" content=\"1 minuta\" \/>\n<script type=\"application\/ld+json\" class=\"yoast-schema-graph\">{\"@context\":\"https:\\\/\\\/schema.org\",\"@graph\":[{\"@type\":\"WebPage\",\"@id\":\"https:\\\/\\\/www.sun-sure-estates.com\\\/cs\\\/produkt\\\/moderni-vila-300-metru-od-more\\\/\",\"url\":\"https:\\\/\\\/www.sun-sure-estates.com\\\/cs\\\/produkt\\\/moderni-vila-300-metru-od-more\\\/\",\"name\":\"Modern\u00ed vila 300 metr\u016f od mo\u0159e - Sun Sure Estates\",\"isPartOf\":{\"@id\":\"https:\\\/\\\/www.sun-sure-estates.com\\\/cs\\\/#website\"},\"primaryImageOfPage\":{\"@id\":\"https:\\\/\\\/www.sun-sure-estates.com\\\/cs\\\/produkt\\\/moderni-vila-300-metru-od-more\\\/#primaryimage\"},\"image\":{\"@id\":\"https:\\\/\\\/www.sun-sure-estates.com\\\/cs\\\/produkt\\\/moderni-vila-300-metru-od-more\\\/#primaryimage\"},\"thumbnailUrl\":\"https:\\\/\\\/www.sun-sure-estates.com\\\/wp-content\\\/uploads\\\/2020\\\/09\\\/40-scaled.jpg\",\"datePublished\":\"2020-09-05T20:32:48+00:00\",\"dateModified\":\"2021-06-22T14:02:50+00:00\",\"breadcrumb\":{\"@id\":\"https:\\\/\\\/www.sun-sure-estates.com\\\/cs\\\/produkt\\\/moderni-vila-300-metru-od-more\\\/#breadcrumb\"},\"inLanguage\":\"cs\",\"potentialAction\":[{\"@type\":\"ReadAction\",\"target\":[\"https:\\\/\\\/www.sun-sure-estates.com\\\/cs\\\/produkt\\\/moderni-vila-300-metru-od-more\\\/\"]}]},{\"@type\":\"ImageObject\",\"inLanguage\":\"cs\",\"@id\":\"https:\\\/\\\/www.sun-sure-estates.com\\\/cs\\\/produkt\\\/moderni-vila-300-metru-od-more\\\/#primaryimage\",\"url\":\"https:\\\/\\\/www.sun-sure-estates.com\\\/wp-content\\\/uploads\\\/2020\\\/09\\\/40-scaled.jpg\",\"contentUrl\":\"https:\\\/\\\/www.sun-sure-estates.com\\\/wp-content\\\/uploads\\\/2020\\\/09\\\/40-scaled.jpg\",\"width\":2560,\"height\":1706},{\"@type\":\"BreadcrumbList\",\"@id\":\"https:\\\/\\\/www.sun-sure-estates.com\\\/cs\\\/produkt\\\/moderni-vila-300-metru-od-more\\\/#breadcrumb\",\"itemListElement\":[{\"@type\":\"ListItem\",\"position\":1,\"name\":\"Home\",\"item\":\"https:\\\/\\\/www.sun-sure-estates.com\\\/cs\\\/\"},{\"@type\":\"ListItem\",\"position\":2,\"name\":\"Winkel\",\"item\":\"https:\\\/\\\/www.sun-sure-estates.com\\\/winkel\\\/\"},{\"@type\":\"ListItem\",\"position\":3,\"name\":\"Modern\u00ed vila 300 metr\u016f od mo\u0159e\"}]},{\"@type\":\"WebSite\",\"@id\":\"https:\\\/\\\/www.sun-sure-estates.com\\\/cs\\\/#website\",\"url\":\"https:\\\/\\\/www.sun-sure-estates.com\\\/cs\\\/\",\"name\":\"Sun Sure Estates\",\"description\":\"Beleggen of wonen in je eigen huis onder de zon\",\"potentialAction\":[{\"@type\":\"SearchAction\",\"target\":{\"@type\":\"EntryPoint\",\"urlTemplate\":\"https:\\\/\\\/www.sun-sure-estates.com\\\/cs\\\/?s={search_term_string}\"},\"query-input\":{\"@type\":\"PropertyValueSpecification\",\"valueRequired\":true,\"valueName\":\"search_term_string\"}}],\"inLanguage\":\"cs\"}]}<\/script>\n<!-- \/ Yoast SEO plugin. -->","yoast_head_json":{"title":"Modern\u00ed vila 300 metr\u016f od mo\u0159e - Sun Sure Estates","robots":{"index":"index","follow":"follow","max-snippet":"max-snippet:-1","max-image-preview":"max-image-preview:large","max-video-preview":"max-video-preview:-1"},"canonical":"https:\/\/www.sun-sure-estates.com\/cs\/produkt\/moderni-vila-300-metru-od-more\/","og_locale":"cs_CZ","og_type":"article","og_title":"Modern\u00ed vila 300 metr\u016f od mo\u0159e - Sun Sure Estates","og_description":"Exkluz\u00edvn\u00ed \u0161pan\u011blsk\u00e9 vily u Playa del Pinet u p\u0159\u00edrodn\u00ed rezervace s plame\u0148\u00e1ky U\u017eijte si nejzdrav\u011bj\u0161\u00ed klima v Evrop\u011b u Playa Del Pinet, kde byly\u00a0 tyto excelentn\u00ed vily vystav\u011bny. Maj\u00ed ide\u00e1ln\u00ed\u00a0pozici pouze 300 metr\u016f od\u00a0 kilometr dlouh\u00fdch p\u00edse\u010dn\u00fdch pl\u00e1\u017e\u00ed py\u0161n\u00edc\u00edmi se ocen\u011bn\u00edm \u201cblue flag\u201d\/modr\u00e1 vlajka\/.Nach\u00e1zej\u00ed se p\u0159\u00edmo u p\u0159\u00edrodn\u00ed rezervace De Les Salines de Santa Pola, [&hellip;]","og_url":"https:\/\/www.sun-sure-estates.com\/cs\/produkt\/moderni-vila-300-metru-od-more\/","og_site_name":"Sun Sure Estates","article_modified_time":"2021-06-22T14:02:50+00:00","og_image":[{"width":2560,"height":1706,"url":"https:\/\/www.sun-sure-estates.com\/wp-content\/uploads\/2020\/09\/40-scaled.jpg","type":"image\/jpeg"}],"twitter_card":"summary_large_image","twitter_misc":{"Odhadovan\u00e1 doba \u010dten\u00ed":"1 minuta"},"schema":{"@context":"https:\/\/schema.org","@graph":[{"@type":"WebPage","@id":"https:\/\/www.sun-sure-estates.com\/cs\/produkt\/moderni-vila-300-metru-od-more\/","url":"https:\/\/www.sun-sure-estates.com\/cs\/produkt\/moderni-vila-300-metru-od-more\/","name":"Modern\u00ed vila 300 metr\u016f od mo\u0159e - Sun Sure Estates","isPartOf":{"@id":"https:\/\/www.sun-sure-estates.com\/cs\/#website"},"primaryImageOfPage":{"@id":"https:\/\/www.sun-sure-estates.com\/cs\/produkt\/moderni-vila-300-metru-od-more\/#primaryimage"},"image":{"@id":"https:\/\/www.sun-sure-estates.com\/cs\/produkt\/moderni-vila-300-metru-od-more\/#primaryimage"},"thumbnailUrl":"https:\/\/www.sun-sure-estates.com\/wp-content\/uploads\/2020\/09\/40-scaled.jpg","datePublished":"2020-09-05T20:32:48+00:00","dateModified":"2021-06-22T14:02:50+00:00","breadcrumb":{"@id":"https:\/\/www.sun-sure-estates.com\/cs\/produkt\/moderni-vila-300-metru-od-more\/#breadcrumb"},"inLanguage":"cs","potentialAction":[{"@type":"ReadAction","target":["https:\/\/www.sun-sure-estates.com\/cs\/produkt\/moderni-vila-300-metru-od-more\/"]}]},{"@type":"ImageObject","inLanguage":"cs","@id":"https:\/\/www.sun-sure-estates.com\/cs\/produkt\/moderni-vila-300-metru-od-more\/#primaryimage","url":"https:\/\/www.sun-sure-estates.com\/wp-content\/uploads\/2020\/09\/40-scaled.jpg","contentUrl":"https:\/\/www.sun-sure-estates.com\/wp-content\/uploads\/2020\/09\/40-scaled.jpg","width":2560,"height":1706},{"@type":"BreadcrumbList","@id":"https:\/\/www.sun-sure-estates.com\/cs\/produkt\/moderni-vila-300-metru-od-more\/#breadcrumb","itemListElement":[{"@type":"ListItem","position":1,"name":"Home","item":"https:\/\/www.sun-sure-estates.com\/cs\/"},{"@type":"ListItem","position":2,"name":"Winkel","item":"https:\/\/www.sun-sure-estates.com\/winkel\/"},{"@type":"ListItem","position":3,"name":"Modern\u00ed vila 300 metr\u016f od mo\u0159e"}]},{"@type":"WebSite","@id":"https:\/\/www.sun-sure-estates.com\/cs\/#website","url":"https:\/\/www.sun-sure-estates.com\/cs\/","name":"Sun Sure Estates","description":"Beleggen of wonen in je eigen huis onder de zon","potentialAction":[{"@type":"SearchAction","target":{"@type":"EntryPoint","urlTemplate":"https:\/\/www.sun-sure-estates.com\/cs\/?s={search_term_string}"},"query-input":{"@type":"PropertyValueSpecification","valueRequired":true,"valueName":"search_term_string"}}],"inLanguage":"cs"}]}},"_links":{"self":[{"href":"https:\/\/www.sun-sure-estates.com\/cs\/wp-json\/wp\/v2\/product\/6954","targetHints":{"allow":["GET"]}}],"collection":[{"href":"https:\/\/www.sun-sure-estates.com\/cs\/wp-json\/wp\/v2\/product"}],"about":[{"href":"https:\/\/www.sun-sure-estates.com\/cs\/wp-json\/wp\/v2\/types\/product"}],"replies":[{"embeddable":true,"href":"https:\/\/www.sun-sure-estates.com\/cs\/wp-json\/wp\/v2\/comments?post=6954"}],"wp:featuredmedia":[{"embeddable":true,"href":"https:\/\/www.sun-sure-estates.com\/cs\/wp-json\/wp\/v2\/media\/6955"}],"wp:attachment":[{"href":"https:\/\/www.sun-sure-estates.com\/cs\/wp-json\/wp\/v2\/media?parent=6954"}],"wp:term":[{"taxonomy":"product_brand","embeddable":true,"href":"https:\/\/www.sun-sure-estates.com\/cs\/wp-json\/wp\/v2\/product_brand?post=6954"},{"taxonomy":"product_cat","embeddable":true,"href":"https:\/\/www.sun-sure-estates.com\/cs\/wp-json\/wp\/v2\/product_cat?post=6954"},{"taxonomy":"product_tag","embeddable":true,"href":"https:\/\/www.sun-sure-estates.com\/cs\/wp-json\/wp\/v2\/product_tag?post=6954"}],"curies":[{"name":"wp","href":"https:\/\/api.w.org\/{rel}","templated":true}]}}