{"id":7077,"date":"2021-01-14T15:57:58","date_gmt":"2021-06-22T13:10:37","guid":{"rendered":"https:\/\/www.sun-sure-estates.com\/?post_type=product&#038;p=7077"},"modified":"2021-06-22T15:10:39","modified_gmt":"2021-06-22T13:10:39","slug":"krasny-podkrovni-dum-v-blizkosti-more","status":"publish","type":"product","link":"https:\/\/www.sun-sure-estates.com\/cs\/produkt\/krasny-podkrovni-dum-v-blizkosti-more\/","title":{"rendered":"Kr\u00e1sn\u00fd podkrovn\u00ed d\u016fm v bl\u00edzkosti mo\u0159e"},"content":{"rendered":"<p>Podkrovn\u00ed byty v p\u0159\u00edrodn\u00edm prost\u0159ed\u00ed \u0161pan\u011blsk\u00e9ho p\u0159\u00edmo\u0159sk\u00e9ho m\u011bsta San Pedro del Pinatar.<\/p>\n<p>V San Pedro del Pinatar, ve spodn\u00ed \u010d\u00e1sti vnitrozemsk\u00e9ho mo\u0159e Mar Menor se stav\u00ed tento men\u0161\u00ed projekt s 8 podkrovn\u00edmi byty a 8 p\u0159\u00edzemn\u00edmi apartm\u00e1ny . V uzav\u0159en\u00e9 z\u00e1stavb\u011b, kde se tyto 2 stavby nach\u00e1zej\u00ed, byl vystav\u011bn spole\u010dn\u00fd baz\u00e9n a vnit\u0159n\u00ed dv\u016fr. Tento nov\u00fd konstruk\u010dn\u00ed projekt\u00a0 je um\u00edst\u011bn naproti vesnici , kde jsou k dispozici nejr\u016fzn\u011bj\u0161\u00ed stravovac\u00ed za\u0159\u00edzen\u00ed a je mo\u017eno si tam doj\u00edt p\u011b\u0161ky.<\/p>\n<p>Na v\u00fdstavbu podkrovn\u00edch byt\u016f byly pou\u017eity kr\u00e1sn\u00e9 materi\u00e1ly nejvy\u0161\u0161\u00ed kvality a disponuj\u00ed ob\u00fdvac\u00edm pokojem, kuchyn\u00ed,j\u00eddelnou, 2 lo\u017enicemi a 2 koupelnami, z nich\u017e jedna soused\u00ed s lo\u017enic\u00ed. Kuchy\u0148 s j\u00eddelnou a ob\u00fdvac\u00edm pokojem jsou realizov\u00e1ny p\u0159es celou \u0161\u00ed\u0159ku a t\u00edm poskytuj\u00ed spoustu sv\u011btla. Odsud si rovn\u011b\u017e m\u016f\u017eete vychutnat\u00a0kr\u00e1sn\u00fd v\u00fdhled na venkovn\u00ed terasu o plo\u0161e 18 m2.<\/p>\n<p>Podkrovn\u00ed byt m\u00e1 t\u00e9\u017e st\u0159e\u0161n\u00ed terasu ,kter\u00e1 zauj\u00edm\u00e1 a\u017e 75 m2. Zde si m\u016f\u017eete u\u017e\u00edvat kouzeln\u00fdch v\u00fdhled\u016f na soln\u00e1 jezera \u010di St\u0159edozemn\u00ed mo\u0159e.<\/p>\n<p>Pobl\u00ed\u017e apartm\u00e1n\u016f m\u016f\u017eete relaxovat proch\u00e1zkami nebo cyklistikou pod\u00e9l mo\u0159e s kr\u00e1sn\u00fdmi \u0161irok\u00fdmi pl\u00e1\u017eemi.\u00a0P\u0159ije\u010fte a u\u017eijte si klid, voln\u00fd prostor a p\u0159\u00edrodu ve \u0161pan\u011blsk\u00e9m San Pedro del Pinatar.<\/p>\n","protected":false},"excerpt":{"rendered":"<p>Podkrovn\u00ed byty v p\u0159\u00edrodn\u00edm prost\u0159ed\u00ed \u0161pan\u011blsk\u00e9ho p\u0159\u00edmo\u0159sk\u00e9ho m\u011bsta San Pedro del Pinatar. V San Pedro del Pinatar, ve spodn\u00ed \u010d\u00e1sti vnitrozemsk\u00e9ho mo\u0159e Mar Menor se stav\u00ed tento men\u0161\u00ed projekt s 8 podkrovn\u00edmi byty a 8 p\u0159\u00edzemn\u00edmi apartm\u00e1ny . V uzav\u0159en\u00e9 z\u00e1stavb\u011b, kde se tyto 2 stavby nach\u00e1zej\u00ed, byl vystav\u011bn spole\u010dn\u00fd baz\u00e9n a vnit\u0159n\u00ed dv\u016fr. Tento [&hellip;]<\/p>\n","protected":false},"featured_media":7081,"comment_status":"open","ping_status":"closed","template":"","meta":{"_acf_changed":false},"product_brand":[],"product_cat":[15],"product_tag":[],"class_list":{"0":"post-7077","1":"product","2":"type-product","3":"status-publish","4":"has-post-thumbnail","6":"province-murcia","7":"places-san-pedro-de-pinatar","8":"country-spanje","9":"region-costa-blanca","10":"product_cat-geen-categorie","12":"first","13":"instock","14":"shipping-taxable","15":"purchasable","16":"product-type-simple"},"acf":[],"yoast_head":"<!-- This site is optimized with the Yoast SEO plugin v27.5 - https:\/\/yoast.com\/product\/yoast-seo-wordpress\/ -->\n<title>Kr\u00e1sn\u00fd podkrovn\u00ed d\u016fm v bl\u00edzkosti mo\u0159e - Sun Sure Estates<\/title>\n<meta name=\"robots\" content=\"index, follow, max-snippet:-1, max-image-preview:large, max-video-preview:-1\" \/>\n<link rel=\"canonical\" href=\"https:\/\/www.sun-sure-estates.com\/cs\/produkt\/krasny-podkrovni-dum-v-blizkosti-more\/\" \/>\n<meta property=\"og:locale\" content=\"cs_CZ\" \/>\n<meta property=\"og:type\" content=\"article\" \/>\n<meta property=\"og:title\" content=\"Kr\u00e1sn\u00fd podkrovn\u00ed d\u016fm v bl\u00edzkosti mo\u0159e - Sun Sure Estates\" \/>\n<meta property=\"og:description\" content=\"Podkrovn\u00ed byty v p\u0159\u00edrodn\u00edm prost\u0159ed\u00ed \u0161pan\u011blsk\u00e9ho p\u0159\u00edmo\u0159sk\u00e9ho m\u011bsta San Pedro del Pinatar. V San Pedro del Pinatar, ve spodn\u00ed \u010d\u00e1sti vnitrozemsk\u00e9ho mo\u0159e Mar Menor se stav\u00ed tento men\u0161\u00ed projekt s 8 podkrovn\u00edmi byty a 8 p\u0159\u00edzemn\u00edmi apartm\u00e1ny . V uzav\u0159en\u00e9 z\u00e1stavb\u011b, kde se tyto 2 stavby nach\u00e1zej\u00ed, byl vystav\u011bn spole\u010dn\u00fd baz\u00e9n a vnit\u0159n\u00ed dv\u016fr. Tento [&hellip;]\" \/>\n<meta property=\"og:url\" content=\"https:\/\/www.sun-sure-estates.com\/cs\/produkt\/krasny-podkrovni-dum-v-blizkosti-more\/\" \/>\n<meta property=\"og:site_name\" content=\"Sun Sure Estates\" \/>\n<meta property=\"article:modified_time\" content=\"2021-06-22T13:10:39+00:00\" \/>\n<meta property=\"og:image\" content=\"https:\/\/www.sun-sure-estates.com\/wp-content\/uploads\/2021\/01\/1-12.jpg\" \/>\n\t<meta property=\"og:image:width\" content=\"2500\" \/>\n\t<meta property=\"og:image:height\" content=\"1667\" \/>\n\t<meta property=\"og:image:type\" content=\"image\/jpeg\" \/>\n<meta name=\"twitter:card\" content=\"summary_large_image\" \/>\n<meta name=\"twitter:label1\" content=\"Odhadovan\u00e1 doba \u010dten\u00ed\" \/>\n\t<meta name=\"twitter:data1\" content=\"1 minuta\" \/>\n<script type=\"application\/ld+json\" class=\"yoast-schema-graph\">{\"@context\":\"https:\\\/\\\/schema.org\",\"@graph\":[{\"@type\":\"WebPage\",\"@id\":\"https:\\\/\\\/www.sun-sure-estates.com\\\/cs\\\/produkt\\\/krasny-podkrovni-dum-v-blizkosti-more\\\/\",\"url\":\"https:\\\/\\\/www.sun-sure-estates.com\\\/cs\\\/produkt\\\/krasny-podkrovni-dum-v-blizkosti-more\\\/\",\"name\":\"Kr\u00e1sn\u00fd podkrovn\u00ed d\u016fm v bl\u00edzkosti mo\u0159e - Sun Sure Estates\",\"isPartOf\":{\"@id\":\"https:\\\/\\\/www.sun-sure-estates.com\\\/cs\\\/#website\"},\"primaryImageOfPage\":{\"@id\":\"https:\\\/\\\/www.sun-sure-estates.com\\\/cs\\\/produkt\\\/krasny-podkrovni-dum-v-blizkosti-more\\\/#primaryimage\"},\"image\":{\"@id\":\"https:\\\/\\\/www.sun-sure-estates.com\\\/cs\\\/produkt\\\/krasny-podkrovni-dum-v-blizkosti-more\\\/#primaryimage\"},\"thumbnailUrl\":\"https:\\\/\\\/www.sun-sure-estates.com\\\/wp-content\\\/uploads\\\/2021\\\/01\\\/1-12.jpg\",\"datePublished\":\"2021-06-22T13:10:37+00:00\",\"dateModified\":\"2021-06-22T13:10:39+00:00\",\"breadcrumb\":{\"@id\":\"https:\\\/\\\/www.sun-sure-estates.com\\\/cs\\\/produkt\\\/krasny-podkrovni-dum-v-blizkosti-more\\\/#breadcrumb\"},\"inLanguage\":\"cs\",\"potentialAction\":[{\"@type\":\"ReadAction\",\"target\":[\"https:\\\/\\\/www.sun-sure-estates.com\\\/cs\\\/produkt\\\/krasny-podkrovni-dum-v-blizkosti-more\\\/\"]}]},{\"@type\":\"ImageObject\",\"inLanguage\":\"cs\",\"@id\":\"https:\\\/\\\/www.sun-sure-estates.com\\\/cs\\\/produkt\\\/krasny-podkrovni-dum-v-blizkosti-more\\\/#primaryimage\",\"url\":\"https:\\\/\\\/www.sun-sure-estates.com\\\/wp-content\\\/uploads\\\/2021\\\/01\\\/1-12.jpg\",\"contentUrl\":\"https:\\\/\\\/www.sun-sure-estates.com\\\/wp-content\\\/uploads\\\/2021\\\/01\\\/1-12.jpg\",\"width\":2500,\"height\":1667},{\"@type\":\"BreadcrumbList\",\"@id\":\"https:\\\/\\\/www.sun-sure-estates.com\\\/cs\\\/produkt\\\/krasny-podkrovni-dum-v-blizkosti-more\\\/#breadcrumb\",\"itemListElement\":[{\"@type\":\"ListItem\",\"position\":1,\"name\":\"Home\",\"item\":\"https:\\\/\\\/www.sun-sure-estates.com\\\/cs\\\/\"},{\"@type\":\"ListItem\",\"position\":2,\"name\":\"Winkel\",\"item\":\"https:\\\/\\\/www.sun-sure-estates.com\\\/winkel\\\/\"},{\"@type\":\"ListItem\",\"position\":3,\"name\":\"Kr\u00e1sn\u00fd podkrovn\u00ed d\u016fm v bl\u00edzkosti mo\u0159e\"}]},{\"@type\":\"WebSite\",\"@id\":\"https:\\\/\\\/www.sun-sure-estates.com\\\/cs\\\/#website\",\"url\":\"https:\\\/\\\/www.sun-sure-estates.com\\\/cs\\\/\",\"name\":\"Sun Sure Estates\",\"description\":\"Beleggen of wonen in je eigen huis onder de zon\",\"potentialAction\":[{\"@type\":\"SearchAction\",\"target\":{\"@type\":\"EntryPoint\",\"urlTemplate\":\"https:\\\/\\\/www.sun-sure-estates.com\\\/cs\\\/?s={search_term_string}\"},\"query-input\":{\"@type\":\"PropertyValueSpecification\",\"valueRequired\":true,\"valueName\":\"search_term_string\"}}],\"inLanguage\":\"cs\"}]}<\/script>\n<!-- \/ Yoast SEO plugin. -->","yoast_head_json":{"title":"Kr\u00e1sn\u00fd podkrovn\u00ed d\u016fm v bl\u00edzkosti mo\u0159e - Sun Sure Estates","robots":{"index":"index","follow":"follow","max-snippet":"max-snippet:-1","max-image-preview":"max-image-preview:large","max-video-preview":"max-video-preview:-1"},"canonical":"https:\/\/www.sun-sure-estates.com\/cs\/produkt\/krasny-podkrovni-dum-v-blizkosti-more\/","og_locale":"cs_CZ","og_type":"article","og_title":"Kr\u00e1sn\u00fd podkrovn\u00ed d\u016fm v bl\u00edzkosti mo\u0159e - Sun Sure Estates","og_description":"Podkrovn\u00ed byty v p\u0159\u00edrodn\u00edm prost\u0159ed\u00ed \u0161pan\u011blsk\u00e9ho p\u0159\u00edmo\u0159sk\u00e9ho m\u011bsta San Pedro del Pinatar. V San Pedro del Pinatar, ve spodn\u00ed \u010d\u00e1sti vnitrozemsk\u00e9ho mo\u0159e Mar Menor se stav\u00ed tento men\u0161\u00ed projekt s 8 podkrovn\u00edmi byty a 8 p\u0159\u00edzemn\u00edmi apartm\u00e1ny . V uzav\u0159en\u00e9 z\u00e1stavb\u011b, kde se tyto 2 stavby nach\u00e1zej\u00ed, byl vystav\u011bn spole\u010dn\u00fd baz\u00e9n a vnit\u0159n\u00ed dv\u016fr. Tento [&hellip;]","og_url":"https:\/\/www.sun-sure-estates.com\/cs\/produkt\/krasny-podkrovni-dum-v-blizkosti-more\/","og_site_name":"Sun Sure Estates","article_modified_time":"2021-06-22T13:10:39+00:00","og_image":[{"width":2500,"height":1667,"url":"https:\/\/www.sun-sure-estates.com\/wp-content\/uploads\/2021\/01\/1-12.jpg","type":"image\/jpeg"}],"twitter_card":"summary_large_image","twitter_misc":{"Odhadovan\u00e1 doba \u010dten\u00ed":"1 minuta"},"schema":{"@context":"https:\/\/schema.org","@graph":[{"@type":"WebPage","@id":"https:\/\/www.sun-sure-estates.com\/cs\/produkt\/krasny-podkrovni-dum-v-blizkosti-more\/","url":"https:\/\/www.sun-sure-estates.com\/cs\/produkt\/krasny-podkrovni-dum-v-blizkosti-more\/","name":"Kr\u00e1sn\u00fd podkrovn\u00ed d\u016fm v bl\u00edzkosti mo\u0159e - Sun Sure Estates","isPartOf":{"@id":"https:\/\/www.sun-sure-estates.com\/cs\/#website"},"primaryImageOfPage":{"@id":"https:\/\/www.sun-sure-estates.com\/cs\/produkt\/krasny-podkrovni-dum-v-blizkosti-more\/#primaryimage"},"image":{"@id":"https:\/\/www.sun-sure-estates.com\/cs\/produkt\/krasny-podkrovni-dum-v-blizkosti-more\/#primaryimage"},"thumbnailUrl":"https:\/\/www.sun-sure-estates.com\/wp-content\/uploads\/2021\/01\/1-12.jpg","datePublished":"2021-06-22T13:10:37+00:00","dateModified":"2021-06-22T13:10:39+00:00","breadcrumb":{"@id":"https:\/\/www.sun-sure-estates.com\/cs\/produkt\/krasny-podkrovni-dum-v-blizkosti-more\/#breadcrumb"},"inLanguage":"cs","potentialAction":[{"@type":"ReadAction","target":["https:\/\/www.sun-sure-estates.com\/cs\/produkt\/krasny-podkrovni-dum-v-blizkosti-more\/"]}]},{"@type":"ImageObject","inLanguage":"cs","@id":"https:\/\/www.sun-sure-estates.com\/cs\/produkt\/krasny-podkrovni-dum-v-blizkosti-more\/#primaryimage","url":"https:\/\/www.sun-sure-estates.com\/wp-content\/uploads\/2021\/01\/1-12.jpg","contentUrl":"https:\/\/www.sun-sure-estates.com\/wp-content\/uploads\/2021\/01\/1-12.jpg","width":2500,"height":1667},{"@type":"BreadcrumbList","@id":"https:\/\/www.sun-sure-estates.com\/cs\/produkt\/krasny-podkrovni-dum-v-blizkosti-more\/#breadcrumb","itemListElement":[{"@type":"ListItem","position":1,"name":"Home","item":"https:\/\/www.sun-sure-estates.com\/cs\/"},{"@type":"ListItem","position":2,"name":"Winkel","item":"https:\/\/www.sun-sure-estates.com\/winkel\/"},{"@type":"ListItem","position":3,"name":"Kr\u00e1sn\u00fd podkrovn\u00ed d\u016fm v bl\u00edzkosti mo\u0159e"}]},{"@type":"WebSite","@id":"https:\/\/www.sun-sure-estates.com\/cs\/#website","url":"https:\/\/www.sun-sure-estates.com\/cs\/","name":"Sun Sure Estates","description":"Beleggen of wonen in je eigen huis onder de zon","potentialAction":[{"@type":"SearchAction","target":{"@type":"EntryPoint","urlTemplate":"https:\/\/www.sun-sure-estates.com\/cs\/?s={search_term_string}"},"query-input":{"@type":"PropertyValueSpecification","valueRequired":true,"valueName":"search_term_string"}}],"inLanguage":"cs"}]}},"_links":{"self":[{"href":"https:\/\/www.sun-sure-estates.com\/cs\/wp-json\/wp\/v2\/product\/7077","targetHints":{"allow":["GET"]}}],"collection":[{"href":"https:\/\/www.sun-sure-estates.com\/cs\/wp-json\/wp\/v2\/product"}],"about":[{"href":"https:\/\/www.sun-sure-estates.com\/cs\/wp-json\/wp\/v2\/types\/product"}],"replies":[{"embeddable":true,"href":"https:\/\/www.sun-sure-estates.com\/cs\/wp-json\/wp\/v2\/comments?post=7077"}],"wp:featuredmedia":[{"embeddable":true,"href":"https:\/\/www.sun-sure-estates.com\/cs\/wp-json\/wp\/v2\/media\/7081"}],"wp:attachment":[{"href":"https:\/\/www.sun-sure-estates.com\/cs\/wp-json\/wp\/v2\/media?parent=7077"}],"wp:term":[{"taxonomy":"product_brand","embeddable":true,"href":"https:\/\/www.sun-sure-estates.com\/cs\/wp-json\/wp\/v2\/product_brand?post=7077"},{"taxonomy":"product_cat","embeddable":true,"href":"https:\/\/www.sun-sure-estates.com\/cs\/wp-json\/wp\/v2\/product_cat?post=7077"},{"taxonomy":"product_tag","embeddable":true,"href":"https:\/\/www.sun-sure-estates.com\/cs\/wp-json\/wp\/v2\/product_tag?post=7077"}],"curies":[{"name":"wp","href":"https:\/\/api.w.org\/{rel}","templated":true}]}}