{"id":7094,"date":"2021-02-11T21:28:23","date_gmt":"2021-05-13T08:20:52","guid":{"rendered":"https:\/\/www.sun-sure-estates.com\/?post_type=product&#038;p=7094"},"modified":"2021-06-22T14:17:22","modified_gmt":"2021-06-22T12:17:22","slug":"apartmany-v-dochazkove-vzdalenosti-od-more","status":"publish","type":"product","link":"https:\/\/www.sun-sure-estates.com\/cs\/produkt\/apartmany-v-dochazkove-vzdalenosti-od-more\/","title":{"rendered":"Apartm\u00e1ny v doch\u00e1zkov\u00e9 vzd\u00e1lenosti od mo\u0159e"},"content":{"rendered":"<p>Fantastick\u00e9 apartm\u00e1ny se spole\u010dn\u00fdm baz\u00e9nem v bl\u00edzkosti p\u0159\u00edrodn\u00edch p\u00edse\u010dn\u00fdch pl\u00e1\u017e\u00ed v La Mat\u011b<\/p>\n<p>U St\u0159edozemn\u00edho mo\u0159e ve slunn\u00e9 oblasti Costa Blanca\u00a0 jsou v Residential Torremar \u00a0k dispozici apartm\u00e1ny na kl\u00ed\u010d v z\u00e1stavb\u011b Torrelamata, p\u0159\u00edmo vedle pl\u00e1\u017ee La Mata. Maj\u00ed 2 lo\u017enice a 2 koupelny,ob\u00fdvac\u00ed pokoj, samostatnou kuchy\u0148, velkou p\u0159edn\u00ed terasu a soukromou zahradu pro p\u0159\u00edzemn\u00ed apartm\u00e1ny a rovn\u011b\u017e parkovac\u00ed prostor je sou\u010d\u00e1st\u00ed ceny v t\u00e9to\u00a0 komunitn\u00ed z\u00e1stavb\u011b.<\/p>\n<p>A nav\u00edc tyto komunitn\u00ed z\u00e1stavby disponuj\u00ed velk\u00fdmi zelen\u00fdmi plochami a spole\u010dn\u00fdm baz\u00e9nem.<\/p>\n<p>10 minutovu proch\u00e1zkou se dostanete k dlouh\u00e9 p\u00edse\u010dn\u00e9 pl\u00e1\u017ei La Mata i k n\u00e1kupn\u00edmu centru Torremarina,k dispozici je t\u00e9\u017e ve\u0159ejn\u00e1 doprava, restaurace, kav\u00e1rny a bary a v\u0161echna dal\u0161\u00ed za\u0159\u00edzen\u00ed.<\/p>\n<p>Tato z\u00e1stavba je skv\u011bl\u00e1 k pr\u00e1zdninov\u00e9mu pron\u00e1jmu, jako investice i jako apartm\u00e1n k tr\u00e1ven\u00ed dovolen\u00e9.<\/p>\n<p>Pouze za 5 minut j\u00edzdy autem budete v n\u00e1kupn\u00edm centru Habaneras a za 20 minut jste v jednom\u00a0 z nejv\u011bt\u0161\u00edch n\u00e1kupn\u00edch komplex\u016f v Evrop\u011b La Zenia.<\/p>\n","protected":false},"excerpt":{"rendered":"<p>Fantastick\u00e9 apartm\u00e1ny se spole\u010dn\u00fdm baz\u00e9nem v bl\u00edzkosti p\u0159\u00edrodn\u00edch p\u00edse\u010dn\u00fdch pl\u00e1\u017e\u00ed v La Mat\u011b U St\u0159edozemn\u00edho mo\u0159e ve slunn\u00e9 oblasti Costa Blanca\u00a0 jsou v Residential Torremar \u00a0k dispozici apartm\u00e1ny na kl\u00ed\u010d v z\u00e1stavb\u011b Torrelamata, p\u0159\u00edmo vedle pl\u00e1\u017ee La Mata. Maj\u00ed 2 lo\u017enice a 2 koupelny,ob\u00fdvac\u00ed pokoj, samostatnou kuchy\u0148, velkou p\u0159edn\u00ed terasu a soukromou zahradu pro p\u0159\u00edzemn\u00ed [&hellip;]<\/p>\n","protected":false},"featured_media":11415,"comment_status":"open","ping_status":"closed","template":"","meta":{"_acf_changed":false},"product_brand":[],"product_cat":[15],"product_tag":[],"class_list":{"0":"post-7094","1":"product","2":"type-product","3":"status-publish","4":"has-post-thumbnail","6":"province-alicante","7":"places-torrevieja","8":"country-spanje","9":"region-costa-blanca","10":"product_cat-geen-categorie","12":"first","13":"instock","14":"shipping-taxable","15":"purchasable","16":"product-type-simple"},"acf":[],"yoast_head":"<!-- This site is optimized with the Yoast SEO plugin v27.5 - https:\/\/yoast.com\/product\/yoast-seo-wordpress\/ -->\n<title>Apartm\u00e1ny v doch\u00e1zkov\u00e9 vzd\u00e1lenosti od mo\u0159e - Sun Sure Estates<\/title>\n<meta name=\"robots\" content=\"index, follow, max-snippet:-1, max-image-preview:large, max-video-preview:-1\" \/>\n<link rel=\"canonical\" href=\"https:\/\/www.sun-sure-estates.com\/cs\/produkt\/apartmany-v-dochazkove-vzdalenosti-od-more\/\" \/>\n<meta property=\"og:locale\" content=\"cs_CZ\" \/>\n<meta property=\"og:type\" content=\"article\" \/>\n<meta property=\"og:title\" content=\"Apartm\u00e1ny v doch\u00e1zkov\u00e9 vzd\u00e1lenosti od mo\u0159e - Sun Sure Estates\" \/>\n<meta property=\"og:description\" content=\"Fantastick\u00e9 apartm\u00e1ny se spole\u010dn\u00fdm baz\u00e9nem v bl\u00edzkosti p\u0159\u00edrodn\u00edch p\u00edse\u010dn\u00fdch pl\u00e1\u017e\u00ed v La Mat\u011b U St\u0159edozemn\u00edho mo\u0159e ve slunn\u00e9 oblasti Costa Blanca\u00a0 jsou v Residential Torremar \u00a0k dispozici apartm\u00e1ny na kl\u00ed\u010d v z\u00e1stavb\u011b Torrelamata, p\u0159\u00edmo vedle pl\u00e1\u017ee La Mata. Maj\u00ed 2 lo\u017enice a 2 koupelny,ob\u00fdvac\u00ed pokoj, samostatnou kuchy\u0148, velkou p\u0159edn\u00ed terasu a soukromou zahradu pro p\u0159\u00edzemn\u00ed [&hellip;]\" \/>\n<meta property=\"og:url\" content=\"https:\/\/www.sun-sure-estates.com\/cs\/produkt\/apartmany-v-dochazkove-vzdalenosti-od-more\/\" \/>\n<meta property=\"og:site_name\" content=\"Sun Sure Estates\" \/>\n<meta property=\"article:modified_time\" content=\"2021-06-22T12:17:22+00:00\" \/>\n<meta property=\"og:image\" content=\"https:\/\/www.sun-sure-estates.com\/wp-content\/uploads\/2021\/02\/1.-Sold.jpeg\" \/>\n\t<meta property=\"og:image:width\" content=\"1920\" \/>\n\t<meta property=\"og:image:height\" content=\"1280\" \/>\n\t<meta property=\"og:image:type\" content=\"image\/jpeg\" \/>\n<meta name=\"twitter:card\" content=\"summary_large_image\" \/>\n<meta name=\"twitter:label1\" content=\"Odhadovan\u00e1 doba \u010dten\u00ed\" \/>\n\t<meta name=\"twitter:data1\" content=\"1 minuta\" \/>\n<script type=\"application\/ld+json\" class=\"yoast-schema-graph\">{\"@context\":\"https:\\\/\\\/schema.org\",\"@graph\":[{\"@type\":\"WebPage\",\"@id\":\"https:\\\/\\\/www.sun-sure-estates.com\\\/cs\\\/produkt\\\/apartmany-v-dochazkove-vzdalenosti-od-more\\\/\",\"url\":\"https:\\\/\\\/www.sun-sure-estates.com\\\/cs\\\/produkt\\\/apartmany-v-dochazkove-vzdalenosti-od-more\\\/\",\"name\":\"Apartm\u00e1ny v doch\u00e1zkov\u00e9 vzd\u00e1lenosti od mo\u0159e - Sun Sure Estates\",\"isPartOf\":{\"@id\":\"https:\\\/\\\/www.sun-sure-estates.com\\\/cs\\\/#website\"},\"primaryImageOfPage\":{\"@id\":\"https:\\\/\\\/www.sun-sure-estates.com\\\/cs\\\/produkt\\\/apartmany-v-dochazkove-vzdalenosti-od-more\\\/#primaryimage\"},\"image\":{\"@id\":\"https:\\\/\\\/www.sun-sure-estates.com\\\/cs\\\/produkt\\\/apartmany-v-dochazkove-vzdalenosti-od-more\\\/#primaryimage\"},\"thumbnailUrl\":\"https:\\\/\\\/www.sun-sure-estates.com\\\/wp-content\\\/uploads\\\/2021\\\/02\\\/1.-Sold.jpeg\",\"datePublished\":\"2021-05-13T08:20:52+00:00\",\"dateModified\":\"2021-06-22T12:17:22+00:00\",\"breadcrumb\":{\"@id\":\"https:\\\/\\\/www.sun-sure-estates.com\\\/cs\\\/produkt\\\/apartmany-v-dochazkove-vzdalenosti-od-more\\\/#breadcrumb\"},\"inLanguage\":\"cs\",\"potentialAction\":[{\"@type\":\"ReadAction\",\"target\":[\"https:\\\/\\\/www.sun-sure-estates.com\\\/cs\\\/produkt\\\/apartmany-v-dochazkove-vzdalenosti-od-more\\\/\"]}]},{\"@type\":\"ImageObject\",\"inLanguage\":\"cs\",\"@id\":\"https:\\\/\\\/www.sun-sure-estates.com\\\/cs\\\/produkt\\\/apartmany-v-dochazkove-vzdalenosti-od-more\\\/#primaryimage\",\"url\":\"https:\\\/\\\/www.sun-sure-estates.com\\\/wp-content\\\/uploads\\\/2021\\\/02\\\/1.-Sold.jpeg\",\"contentUrl\":\"https:\\\/\\\/www.sun-sure-estates.com\\\/wp-content\\\/uploads\\\/2021\\\/02\\\/1.-Sold.jpeg\",\"width\":1920,\"height\":1280},{\"@type\":\"BreadcrumbList\",\"@id\":\"https:\\\/\\\/www.sun-sure-estates.com\\\/cs\\\/produkt\\\/apartmany-v-dochazkove-vzdalenosti-od-more\\\/#breadcrumb\",\"itemListElement\":[{\"@type\":\"ListItem\",\"position\":1,\"name\":\"Home\",\"item\":\"https:\\\/\\\/www.sun-sure-estates.com\\\/cs\\\/\"},{\"@type\":\"ListItem\",\"position\":2,\"name\":\"Winkel\",\"item\":\"https:\\\/\\\/www.sun-sure-estates.com\\\/winkel\\\/\"},{\"@type\":\"ListItem\",\"position\":3,\"name\":\"Apartm\u00e1ny v doch\u00e1zkov\u00e9 vzd\u00e1lenosti od mo\u0159e\"}]},{\"@type\":\"WebSite\",\"@id\":\"https:\\\/\\\/www.sun-sure-estates.com\\\/cs\\\/#website\",\"url\":\"https:\\\/\\\/www.sun-sure-estates.com\\\/cs\\\/\",\"name\":\"Sun Sure Estates\",\"description\":\"Beleggen of wonen in je eigen huis onder de zon\",\"potentialAction\":[{\"@type\":\"SearchAction\",\"target\":{\"@type\":\"EntryPoint\",\"urlTemplate\":\"https:\\\/\\\/www.sun-sure-estates.com\\\/cs\\\/?s={search_term_string}\"},\"query-input\":{\"@type\":\"PropertyValueSpecification\",\"valueRequired\":true,\"valueName\":\"search_term_string\"}}],\"inLanguage\":\"cs\"}]}<\/script>\n<!-- \/ Yoast SEO plugin. -->","yoast_head_json":{"title":"Apartm\u00e1ny v doch\u00e1zkov\u00e9 vzd\u00e1lenosti od mo\u0159e - Sun Sure Estates","robots":{"index":"index","follow":"follow","max-snippet":"max-snippet:-1","max-image-preview":"max-image-preview:large","max-video-preview":"max-video-preview:-1"},"canonical":"https:\/\/www.sun-sure-estates.com\/cs\/produkt\/apartmany-v-dochazkove-vzdalenosti-od-more\/","og_locale":"cs_CZ","og_type":"article","og_title":"Apartm\u00e1ny v doch\u00e1zkov\u00e9 vzd\u00e1lenosti od mo\u0159e - Sun Sure Estates","og_description":"Fantastick\u00e9 apartm\u00e1ny se spole\u010dn\u00fdm baz\u00e9nem v bl\u00edzkosti p\u0159\u00edrodn\u00edch p\u00edse\u010dn\u00fdch pl\u00e1\u017e\u00ed v La Mat\u011b U St\u0159edozemn\u00edho mo\u0159e ve slunn\u00e9 oblasti Costa Blanca\u00a0 jsou v Residential Torremar \u00a0k dispozici apartm\u00e1ny na kl\u00ed\u010d v z\u00e1stavb\u011b Torrelamata, p\u0159\u00edmo vedle pl\u00e1\u017ee La Mata. Maj\u00ed 2 lo\u017enice a 2 koupelny,ob\u00fdvac\u00ed pokoj, samostatnou kuchy\u0148, velkou p\u0159edn\u00ed terasu a soukromou zahradu pro p\u0159\u00edzemn\u00ed [&hellip;]","og_url":"https:\/\/www.sun-sure-estates.com\/cs\/produkt\/apartmany-v-dochazkove-vzdalenosti-od-more\/","og_site_name":"Sun Sure Estates","article_modified_time":"2021-06-22T12:17:22+00:00","og_image":[{"width":1920,"height":1280,"url":"https:\/\/www.sun-sure-estates.com\/wp-content\/uploads\/2021\/02\/1.-Sold.jpeg","type":"image\/jpeg"}],"twitter_card":"summary_large_image","twitter_misc":{"Odhadovan\u00e1 doba \u010dten\u00ed":"1 minuta"},"schema":{"@context":"https:\/\/schema.org","@graph":[{"@type":"WebPage","@id":"https:\/\/www.sun-sure-estates.com\/cs\/produkt\/apartmany-v-dochazkove-vzdalenosti-od-more\/","url":"https:\/\/www.sun-sure-estates.com\/cs\/produkt\/apartmany-v-dochazkove-vzdalenosti-od-more\/","name":"Apartm\u00e1ny v doch\u00e1zkov\u00e9 vzd\u00e1lenosti od mo\u0159e - Sun Sure Estates","isPartOf":{"@id":"https:\/\/www.sun-sure-estates.com\/cs\/#website"},"primaryImageOfPage":{"@id":"https:\/\/www.sun-sure-estates.com\/cs\/produkt\/apartmany-v-dochazkove-vzdalenosti-od-more\/#primaryimage"},"image":{"@id":"https:\/\/www.sun-sure-estates.com\/cs\/produkt\/apartmany-v-dochazkove-vzdalenosti-od-more\/#primaryimage"},"thumbnailUrl":"https:\/\/www.sun-sure-estates.com\/wp-content\/uploads\/2021\/02\/1.-Sold.jpeg","datePublished":"2021-05-13T08:20:52+00:00","dateModified":"2021-06-22T12:17:22+00:00","breadcrumb":{"@id":"https:\/\/www.sun-sure-estates.com\/cs\/produkt\/apartmany-v-dochazkove-vzdalenosti-od-more\/#breadcrumb"},"inLanguage":"cs","potentialAction":[{"@type":"ReadAction","target":["https:\/\/www.sun-sure-estates.com\/cs\/produkt\/apartmany-v-dochazkove-vzdalenosti-od-more\/"]}]},{"@type":"ImageObject","inLanguage":"cs","@id":"https:\/\/www.sun-sure-estates.com\/cs\/produkt\/apartmany-v-dochazkove-vzdalenosti-od-more\/#primaryimage","url":"https:\/\/www.sun-sure-estates.com\/wp-content\/uploads\/2021\/02\/1.-Sold.jpeg","contentUrl":"https:\/\/www.sun-sure-estates.com\/wp-content\/uploads\/2021\/02\/1.-Sold.jpeg","width":1920,"height":1280},{"@type":"BreadcrumbList","@id":"https:\/\/www.sun-sure-estates.com\/cs\/produkt\/apartmany-v-dochazkove-vzdalenosti-od-more\/#breadcrumb","itemListElement":[{"@type":"ListItem","position":1,"name":"Home","item":"https:\/\/www.sun-sure-estates.com\/cs\/"},{"@type":"ListItem","position":2,"name":"Winkel","item":"https:\/\/www.sun-sure-estates.com\/winkel\/"},{"@type":"ListItem","position":3,"name":"Apartm\u00e1ny v doch\u00e1zkov\u00e9 vzd\u00e1lenosti od mo\u0159e"}]},{"@type":"WebSite","@id":"https:\/\/www.sun-sure-estates.com\/cs\/#website","url":"https:\/\/www.sun-sure-estates.com\/cs\/","name":"Sun Sure Estates","description":"Beleggen of wonen in je eigen huis onder de zon","potentialAction":[{"@type":"SearchAction","target":{"@type":"EntryPoint","urlTemplate":"https:\/\/www.sun-sure-estates.com\/cs\/?s={search_term_string}"},"query-input":{"@type":"PropertyValueSpecification","valueRequired":true,"valueName":"search_term_string"}}],"inLanguage":"cs"}]}},"_links":{"self":[{"href":"https:\/\/www.sun-sure-estates.com\/cs\/wp-json\/wp\/v2\/product\/7094","targetHints":{"allow":["GET"]}}],"collection":[{"href":"https:\/\/www.sun-sure-estates.com\/cs\/wp-json\/wp\/v2\/product"}],"about":[{"href":"https:\/\/www.sun-sure-estates.com\/cs\/wp-json\/wp\/v2\/types\/product"}],"replies":[{"embeddable":true,"href":"https:\/\/www.sun-sure-estates.com\/cs\/wp-json\/wp\/v2\/comments?post=7094"}],"wp:featuredmedia":[{"embeddable":true,"href":"https:\/\/www.sun-sure-estates.com\/cs\/wp-json\/wp\/v2\/media\/11415"}],"wp:attachment":[{"href":"https:\/\/www.sun-sure-estates.com\/cs\/wp-json\/wp\/v2\/media?parent=7094"}],"wp:term":[{"taxonomy":"product_brand","embeddable":true,"href":"https:\/\/www.sun-sure-estates.com\/cs\/wp-json\/wp\/v2\/product_brand?post=7094"},{"taxonomy":"product_cat","embeddable":true,"href":"https:\/\/www.sun-sure-estates.com\/cs\/wp-json\/wp\/v2\/product_cat?post=7094"},{"taxonomy":"product_tag","embeddable":true,"href":"https:\/\/www.sun-sure-estates.com\/cs\/wp-json\/wp\/v2\/product_tag?post=7094"}],"curies":[{"name":"wp","href":"https:\/\/api.w.org\/{rel}","templated":true}]}}