{"id":7165,"date":"2020-09-05T22:29:04","date_gmt":"2020-09-05T20:29:04","guid":{"rendered":"https:\/\/www.sun-sure-estates.com\/?post_type=product&#038;p=7165"},"modified":"2021-06-22T16:35:51","modified_gmt":"2021-06-22T14:35:51","slug":"vila-na-klidnem-miste-v-golfovem-letovisku-2","status":"publish","type":"product","link":"https:\/\/www.sun-sure-estates.com\/cs\/produkt\/vila-na-klidnem-miste-v-golfovem-letovisku-2\/","title":{"rendered":"Vila na klidn\u00e9m m\u00edst\u011b v golfov\u00e9m letovisku"},"content":{"rendered":"<p>Excelentn\u00ed vily\u00a0 vyzna\u010duj\u00edc\u00ed se kombinac\u00ed modern\u00edho designu a\u00a0 fin\u00e1ln\u00edch \u00faprav v p\u0159\u00edrodn\u00edch t\u00f3nech u golfov\u00e9ho resortu La Finca Golf Resort.<\/p>\n<p>Tyto fantastick\u00e9 vily se nach\u00e1zej\u00ed u golfov\u00e9ho resortu La Finca Golf, luxusn\u00edho resortu se stravovac\u00edmi mo\u017enostmi a nab\u00eddkou ozdravn\u00fdch procedur, klubov\u00fdm z\u00e1zem\u00edm a kr\u00e1sn\u00fdmi terasami. Tento \u00fachvatn\u00fd golfov\u00fd are\u00e1l se otev\u0159el sv\u00fdm klient\u016fm v roce 2007 a architektonicky byl\u00a0ztv\u00e1rn\u011bn renomovan\u00fdm \u0161pan\u011blsk\u00fdm design\u00e9rem Pepem Gancedou, kter\u00fd byl jedn\u00edm z p\u0159edn\u00edch amat\u00e9rsk\u00fdch hr\u00e1\u010d\u016f ve \u0160pan\u011blsku. Zde se m\u016f\u017eete nau\u010dit hr\u00e1t golf za p\u00e1r dn\u00ed!<\/p>\n<p>Ve slunn\u00e9 oblasti Costa Blancy je tato jedine\u010dn\u00e1 lokalita rajem pro ty, kte\u0159\u00ed miluj\u00ed p\u0159\u00edrodu a klid a z\u00e1rove\u0148 cht\u011bj\u00ed b\u00fdt nedaleko od hezk\u00fdch vesni\u010dek bez masov\u00e9ho turismu a pob\u00fdvat v nejlep\u0161\u00edm a nejzdrav\u011bj\u0161\u00edm klimatu v Evrop\u011b a zahr\u00e1t si\u00a0na\u00a0 nejlep\u0161\u00edch golfov\u00fdch h\u0159i\u0161t\u00edch Evropy a rovn\u011b\u017e si u\u017e\u00edvat kr\u00e1sn\u00e9 a p\u0159\u00edrodn\u00ed pob\u0159e\u017e\u00ed se 180 km p\u00edse\u010dn\u00fdch pl\u00e1\u017e\u00ed u St\u0159edozemn\u00edho mo\u0159e.<\/p>\n<p>Tyto vily \u00a0kombinuj\u00edc\u00ed modern\u00ed design s exteri\u00e9rem z p\u0159\u00edrodn\u00edch materi\u00e1l\u016f jsou zasazeny do prostorn\u00fdch pozemk\u016f a jsou vybaveny \u00a03 lo\u017enicemi, 2 koupelnami( 1 soused\u00edc\u00ed s hlavn\u00ed lo\u017enic\u00ed), ob\u00fdvac\u00edm pokojem, jidelnou, kuchyn\u00ed , terasou a rovn\u011b\u017e terasou st\u0159e\u0161n\u00ed.<\/p>\n","protected":false},"excerpt":{"rendered":"<p>Excelentn\u00ed vily\u00a0 vyzna\u010duj\u00edc\u00ed se kombinac\u00ed modern\u00edho designu a\u00a0 fin\u00e1ln\u00edch \u00faprav v p\u0159\u00edrodn\u00edch t\u00f3nech u golfov\u00e9ho resortu La Finca Golf Resort. Tyto fantastick\u00e9 vily se nach\u00e1zej\u00ed u golfov\u00e9ho resortu La Finca Golf, luxusn\u00edho resortu se stravovac\u00edmi mo\u017enostmi a nab\u00eddkou ozdravn\u00fdch procedur, klubov\u00fdm z\u00e1zem\u00edm a kr\u00e1sn\u00fdmi terasami. Tento \u00fachvatn\u00fd golfov\u00fd are\u00e1l se otev\u0159el sv\u00fdm klient\u016fm v roce [&hellip;]<\/p>\n","protected":false},"featured_media":9683,"comment_status":"open","ping_status":"closed","template":"","meta":{"_acf_changed":false},"product_brand":[],"product_cat":[15],"product_tag":[],"class_list":{"0":"post-7165","1":"product","2":"type-product","3":"status-publish","4":"has-post-thumbnail","6":"province-alicante","7":"places-algorfa","8":"country-spanje","9":"region-costa-blanca","10":"product_cat-geen-categorie","12":"first","13":"instock","14":"shipping-taxable","15":"purchasable","16":"product-type-simple"},"acf":[],"yoast_head":"<!-- This site is optimized with the Yoast SEO plugin v27.4 - https:\/\/yoast.com\/product\/yoast-seo-wordpress\/ -->\n<title>Vila na klidn\u00e9m m\u00edst\u011b v golfov\u00e9m letovisku - Sun Sure Estates<\/title>\n<meta name=\"robots\" content=\"index, follow, max-snippet:-1, max-image-preview:large, max-video-preview:-1\" \/>\n<link rel=\"canonical\" href=\"https:\/\/www.sun-sure-estates.com\/cs\/produkt\/vila-na-klidnem-miste-v-golfovem-letovisku-2\/\" \/>\n<meta property=\"og:locale\" content=\"cs_CZ\" \/>\n<meta property=\"og:type\" content=\"article\" \/>\n<meta property=\"og:title\" content=\"Vila na klidn\u00e9m m\u00edst\u011b v golfov\u00e9m letovisku - Sun Sure Estates\" \/>\n<meta property=\"og:description\" content=\"Excelentn\u00ed vily\u00a0 vyzna\u010duj\u00edc\u00ed se kombinac\u00ed modern\u00edho designu a\u00a0 fin\u00e1ln\u00edch \u00faprav v p\u0159\u00edrodn\u00edch t\u00f3nech u golfov\u00e9ho resortu La Finca Golf Resort. Tyto fantastick\u00e9 vily se nach\u00e1zej\u00ed u golfov\u00e9ho resortu La Finca Golf, luxusn\u00edho resortu se stravovac\u00edmi mo\u017enostmi a nab\u00eddkou ozdravn\u00fdch procedur, klubov\u00fdm z\u00e1zem\u00edm a kr\u00e1sn\u00fdmi terasami. Tento \u00fachvatn\u00fd golfov\u00fd are\u00e1l se otev\u0159el sv\u00fdm klient\u016fm v roce [&hellip;]\" \/>\n<meta property=\"og:url\" content=\"https:\/\/www.sun-sure-estates.com\/cs\/produkt\/vila-na-klidnem-miste-v-golfovem-letovisku-2\/\" \/>\n<meta property=\"og:site_name\" content=\"Sun Sure Estates\" \/>\n<meta property=\"article:modified_time\" content=\"2021-06-22T14:35:51+00:00\" \/>\n<meta property=\"og:image\" content=\"https:\/\/www.sun-sure-estates.com\/wp-content\/uploads\/2020\/09\/1.-Sold-Gante.jpg\" \/>\n\t<meta property=\"og:image:width\" content=\"1200\" \/>\n\t<meta property=\"og:image:height\" content=\"795\" \/>\n\t<meta property=\"og:image:type\" content=\"image\/jpeg\" \/>\n<meta name=\"twitter:card\" content=\"summary_large_image\" \/>\n<meta name=\"twitter:label1\" content=\"Odhadovan\u00e1 doba \u010dten\u00ed\" \/>\n\t<meta name=\"twitter:data1\" content=\"1 minuta\" \/>\n<script type=\"application\/ld+json\" class=\"yoast-schema-graph\">{\"@context\":\"https:\\\/\\\/schema.org\",\"@graph\":[{\"@type\":\"WebPage\",\"@id\":\"https:\\\/\\\/www.sun-sure-estates.com\\\/cs\\\/produkt\\\/vila-na-klidnem-miste-v-golfovem-letovisku-2\\\/\",\"url\":\"https:\\\/\\\/www.sun-sure-estates.com\\\/cs\\\/produkt\\\/vila-na-klidnem-miste-v-golfovem-letovisku-2\\\/\",\"name\":\"Vila na klidn\u00e9m m\u00edst\u011b v golfov\u00e9m letovisku - Sun Sure Estates\",\"isPartOf\":{\"@id\":\"https:\\\/\\\/www.sun-sure-estates.com\\\/cs\\\/#website\"},\"primaryImageOfPage\":{\"@id\":\"https:\\\/\\\/www.sun-sure-estates.com\\\/cs\\\/produkt\\\/vila-na-klidnem-miste-v-golfovem-letovisku-2\\\/#primaryimage\"},\"image\":{\"@id\":\"https:\\\/\\\/www.sun-sure-estates.com\\\/cs\\\/produkt\\\/vila-na-klidnem-miste-v-golfovem-letovisku-2\\\/#primaryimage\"},\"thumbnailUrl\":\"https:\\\/\\\/www.sun-sure-estates.com\\\/wp-content\\\/uploads\\\/2020\\\/09\\\/1.-Sold-Gante.jpg\",\"datePublished\":\"2020-09-05T20:29:04+00:00\",\"dateModified\":\"2021-06-22T14:35:51+00:00\",\"breadcrumb\":{\"@id\":\"https:\\\/\\\/www.sun-sure-estates.com\\\/cs\\\/produkt\\\/vila-na-klidnem-miste-v-golfovem-letovisku-2\\\/#breadcrumb\"},\"inLanguage\":\"cs\",\"potentialAction\":[{\"@type\":\"ReadAction\",\"target\":[\"https:\\\/\\\/www.sun-sure-estates.com\\\/cs\\\/produkt\\\/vila-na-klidnem-miste-v-golfovem-letovisku-2\\\/\"]}]},{\"@type\":\"ImageObject\",\"inLanguage\":\"cs\",\"@id\":\"https:\\\/\\\/www.sun-sure-estates.com\\\/cs\\\/produkt\\\/vila-na-klidnem-miste-v-golfovem-letovisku-2\\\/#primaryimage\",\"url\":\"https:\\\/\\\/www.sun-sure-estates.com\\\/wp-content\\\/uploads\\\/2020\\\/09\\\/1.-Sold-Gante.jpg\",\"contentUrl\":\"https:\\\/\\\/www.sun-sure-estates.com\\\/wp-content\\\/uploads\\\/2020\\\/09\\\/1.-Sold-Gante.jpg\",\"width\":1200,\"height\":795},{\"@type\":\"BreadcrumbList\",\"@id\":\"https:\\\/\\\/www.sun-sure-estates.com\\\/cs\\\/produkt\\\/vila-na-klidnem-miste-v-golfovem-letovisku-2\\\/#breadcrumb\",\"itemListElement\":[{\"@type\":\"ListItem\",\"position\":1,\"name\":\"Home\",\"item\":\"https:\\\/\\\/www.sun-sure-estates.com\\\/cs\\\/\"},{\"@type\":\"ListItem\",\"position\":2,\"name\":\"Winkel\",\"item\":\"https:\\\/\\\/www.sun-sure-estates.com\\\/winkel\\\/\"},{\"@type\":\"ListItem\",\"position\":3,\"name\":\"Vila na klidn\u00e9m m\u00edst\u011b v golfov\u00e9m letovisku\"}]},{\"@type\":\"WebSite\",\"@id\":\"https:\\\/\\\/www.sun-sure-estates.com\\\/cs\\\/#website\",\"url\":\"https:\\\/\\\/www.sun-sure-estates.com\\\/cs\\\/\",\"name\":\"Sun Sure Estates\",\"description\":\"Beleggen of wonen in je eigen huis onder de zon\",\"potentialAction\":[{\"@type\":\"SearchAction\",\"target\":{\"@type\":\"EntryPoint\",\"urlTemplate\":\"https:\\\/\\\/www.sun-sure-estates.com\\\/cs\\\/?s={search_term_string}\"},\"query-input\":{\"@type\":\"PropertyValueSpecification\",\"valueRequired\":true,\"valueName\":\"search_term_string\"}}],\"inLanguage\":\"cs\"}]}<\/script>\n<!-- \/ Yoast SEO plugin. -->","yoast_head_json":{"title":"Vila na klidn\u00e9m m\u00edst\u011b v golfov\u00e9m letovisku - Sun Sure Estates","robots":{"index":"index","follow":"follow","max-snippet":"max-snippet:-1","max-image-preview":"max-image-preview:large","max-video-preview":"max-video-preview:-1"},"canonical":"https:\/\/www.sun-sure-estates.com\/cs\/produkt\/vila-na-klidnem-miste-v-golfovem-letovisku-2\/","og_locale":"cs_CZ","og_type":"article","og_title":"Vila na klidn\u00e9m m\u00edst\u011b v golfov\u00e9m letovisku - Sun Sure Estates","og_description":"Excelentn\u00ed vily\u00a0 vyzna\u010duj\u00edc\u00ed se kombinac\u00ed modern\u00edho designu a\u00a0 fin\u00e1ln\u00edch \u00faprav v p\u0159\u00edrodn\u00edch t\u00f3nech u golfov\u00e9ho resortu La Finca Golf Resort. Tyto fantastick\u00e9 vily se nach\u00e1zej\u00ed u golfov\u00e9ho resortu La Finca Golf, luxusn\u00edho resortu se stravovac\u00edmi mo\u017enostmi a nab\u00eddkou ozdravn\u00fdch procedur, klubov\u00fdm z\u00e1zem\u00edm a kr\u00e1sn\u00fdmi terasami. Tento \u00fachvatn\u00fd golfov\u00fd are\u00e1l se otev\u0159el sv\u00fdm klient\u016fm v roce [&hellip;]","og_url":"https:\/\/www.sun-sure-estates.com\/cs\/produkt\/vila-na-klidnem-miste-v-golfovem-letovisku-2\/","og_site_name":"Sun Sure Estates","article_modified_time":"2021-06-22T14:35:51+00:00","og_image":[{"width":1200,"height":795,"url":"https:\/\/www.sun-sure-estates.com\/wp-content\/uploads\/2020\/09\/1.-Sold-Gante.jpg","type":"image\/jpeg"}],"twitter_card":"summary_large_image","twitter_misc":{"Odhadovan\u00e1 doba \u010dten\u00ed":"1 minuta"},"schema":{"@context":"https:\/\/schema.org","@graph":[{"@type":"WebPage","@id":"https:\/\/www.sun-sure-estates.com\/cs\/produkt\/vila-na-klidnem-miste-v-golfovem-letovisku-2\/","url":"https:\/\/www.sun-sure-estates.com\/cs\/produkt\/vila-na-klidnem-miste-v-golfovem-letovisku-2\/","name":"Vila na klidn\u00e9m m\u00edst\u011b v golfov\u00e9m letovisku - Sun Sure Estates","isPartOf":{"@id":"https:\/\/www.sun-sure-estates.com\/cs\/#website"},"primaryImageOfPage":{"@id":"https:\/\/www.sun-sure-estates.com\/cs\/produkt\/vila-na-klidnem-miste-v-golfovem-letovisku-2\/#primaryimage"},"image":{"@id":"https:\/\/www.sun-sure-estates.com\/cs\/produkt\/vila-na-klidnem-miste-v-golfovem-letovisku-2\/#primaryimage"},"thumbnailUrl":"https:\/\/www.sun-sure-estates.com\/wp-content\/uploads\/2020\/09\/1.-Sold-Gante.jpg","datePublished":"2020-09-05T20:29:04+00:00","dateModified":"2021-06-22T14:35:51+00:00","breadcrumb":{"@id":"https:\/\/www.sun-sure-estates.com\/cs\/produkt\/vila-na-klidnem-miste-v-golfovem-letovisku-2\/#breadcrumb"},"inLanguage":"cs","potentialAction":[{"@type":"ReadAction","target":["https:\/\/www.sun-sure-estates.com\/cs\/produkt\/vila-na-klidnem-miste-v-golfovem-letovisku-2\/"]}]},{"@type":"ImageObject","inLanguage":"cs","@id":"https:\/\/www.sun-sure-estates.com\/cs\/produkt\/vila-na-klidnem-miste-v-golfovem-letovisku-2\/#primaryimage","url":"https:\/\/www.sun-sure-estates.com\/wp-content\/uploads\/2020\/09\/1.-Sold-Gante.jpg","contentUrl":"https:\/\/www.sun-sure-estates.com\/wp-content\/uploads\/2020\/09\/1.-Sold-Gante.jpg","width":1200,"height":795},{"@type":"BreadcrumbList","@id":"https:\/\/www.sun-sure-estates.com\/cs\/produkt\/vila-na-klidnem-miste-v-golfovem-letovisku-2\/#breadcrumb","itemListElement":[{"@type":"ListItem","position":1,"name":"Home","item":"https:\/\/www.sun-sure-estates.com\/cs\/"},{"@type":"ListItem","position":2,"name":"Winkel","item":"https:\/\/www.sun-sure-estates.com\/winkel\/"},{"@type":"ListItem","position":3,"name":"Vila na klidn\u00e9m m\u00edst\u011b v golfov\u00e9m letovisku"}]},{"@type":"WebSite","@id":"https:\/\/www.sun-sure-estates.com\/cs\/#website","url":"https:\/\/www.sun-sure-estates.com\/cs\/","name":"Sun Sure Estates","description":"Beleggen of wonen in je eigen huis onder de zon","potentialAction":[{"@type":"SearchAction","target":{"@type":"EntryPoint","urlTemplate":"https:\/\/www.sun-sure-estates.com\/cs\/?s={search_term_string}"},"query-input":{"@type":"PropertyValueSpecification","valueRequired":true,"valueName":"search_term_string"}}],"inLanguage":"cs"}]}},"_links":{"self":[{"href":"https:\/\/www.sun-sure-estates.com\/cs\/wp-json\/wp\/v2\/product\/7165","targetHints":{"allow":["GET"]}}],"collection":[{"href":"https:\/\/www.sun-sure-estates.com\/cs\/wp-json\/wp\/v2\/product"}],"about":[{"href":"https:\/\/www.sun-sure-estates.com\/cs\/wp-json\/wp\/v2\/types\/product"}],"replies":[{"embeddable":true,"href":"https:\/\/www.sun-sure-estates.com\/cs\/wp-json\/wp\/v2\/comments?post=7165"}],"wp:featuredmedia":[{"embeddable":true,"href":"https:\/\/www.sun-sure-estates.com\/cs\/wp-json\/wp\/v2\/media\/9683"}],"wp:attachment":[{"href":"https:\/\/www.sun-sure-estates.com\/cs\/wp-json\/wp\/v2\/media?parent=7165"}],"wp:term":[{"taxonomy":"product_brand","embeddable":true,"href":"https:\/\/www.sun-sure-estates.com\/cs\/wp-json\/wp\/v2\/product_brand?post=7165"},{"taxonomy":"product_cat","embeddable":true,"href":"https:\/\/www.sun-sure-estates.com\/cs\/wp-json\/wp\/v2\/product_cat?post=7165"},{"taxonomy":"product_tag","embeddable":true,"href":"https:\/\/www.sun-sure-estates.com\/cs\/wp-json\/wp\/v2\/product_tag?post=7165"}],"curies":[{"name":"wp","href":"https:\/\/api.w.org\/{rel}","templated":true}]}}