{"id":7228,"date":"2020-09-07T09:24:46","date_gmt":"2021-06-22T14:27:51","guid":{"rendered":"https:\/\/www.sun-sure-estates.com\/?post_type=product&#038;p=7228"},"modified":"2021-06-22T16:28:28","modified_gmt":"2021-06-22T14:28:28","slug":"unikatni-maly-bytovy-komplex","status":"publish","type":"product","link":"https:\/\/www.sun-sure-estates.com\/cs\/produkt\/unikatni-maly-bytovy-komplex\/","title":{"rendered":"Unik\u00e1tn\u00ed mal\u00fd bytov\u00fd komplex"},"content":{"rendered":"<p>Kr\u00e1sn\u00e9 apartm\u00e1ny a podkrovn\u00ed byty v unik\u00e1tn\u00edm luxusn\u00edm projektu pobl\u00ed\u017e St\u0159edozemn\u00edho mo\u0159e<\/p>\n<p>Tento nevelk\u00fd ale unik\u00e1tn\u00ed luxusn\u00ed projekt v kr\u00e1sn\u00e9m prost\u0159ed\u00ed s kouzeln\u00fdm parkem v jeho zadn\u00ed \u010d\u00e1sti je vybaven 2 nebo 3 lo\u017enicemi, 2 koupelnami,v\u0161echny vymo\u017eenosti inteligentn\u00edho domu, terasami a soukrom\u00fdm parkov\u00e1n\u00edm.<\/p>\n<p>Tento projekt je realizov\u00e1n v z\u00e1stavb\u011b Villamartin,obl\u00edben\u00e9 turistick\u00e9 lokalit\u011b, kter\u00e1 se architektonicky rozv\u00edj\u00ed\u00a0Ji\u017e od roku 1972. V centru najdete Villamartin Plaza, kr\u00e1sn\u011b upraven\u00e9 \u0161pan\u011blsk\u00e9 n\u00e1m\u011bst\u00ed se \u0161irokou \u0161k\u00e1lou obchod\u016f, bar\u016f a restaurac\u00ed. V pr\u016fb\u011bhu let se z\u00e1stavba rozrostla\u00a0 v takov\u00e9m rozsahu , \u017ee se obchodn\u00ed centra nach\u00e1zej\u00ed v r\u016fzn\u00fdch \u010d\u00e1stech Villamartin. Nab\u00eddka j\u00eddel z r\u016fzn\u00fdch kout\u016f sv\u011bta, anglick\u00e1, n\u011bmeck\u00e1, argentinsk\u00e1, \u0161pan\u011blsk\u00e1 , italsk\u00e1 \u010di americk\u00e1, \u010din\u00ed tato centra m\u00edstem setk\u00e1v\u00e1n\u00ed v\u0161ech n\u00e1rodnost\u00ed.<\/p>\n<p>Kopcovit\u00e1 krajina, mnoho golfov\u00fdch resort\u016f, jako nap\u0159. golfov\u00fd resort Campo de Golf Villamartin ve vzd\u00e1lenosti 1 km a rozlehl\u00e1 pomeran\u010dov\u00e1 pole sk\u00fdtaj\u00ed kr\u00e1sn\u00e9 v\u00fdhledy na St\u0159edozemn\u00ed mo\u0159e a dal\u0161\u00ed vesni\u010dky na pob\u0159e\u017e\u00ed pobl\u00ed\u017e m\u011bsta Orihuely.<\/p>\n<p>V tomto slunn\u00e9m p\u0159\u00edmo\u0159sk\u00e9m prost\u0159ed\u00ed s pl\u00e1\u017e\u00ed ve vzd\u00e1lenosti pouze 5 km si m\u016f\u017eete pln\u011b vychutnat nejzdrav\u011bj\u0161\u00ed klima v Evrop\u011b! Ji\u017e za 5 minut j\u00edzdy autem jste v n\u00e1kupn\u00edm centru La Zenia |Boulevard , jednom z nejv\u011bt\u0161\u00edch venkovn\u00edch n\u00e1kupn\u00edch centrech v Evrop\u011b.<\/p>\n","protected":false},"excerpt":{"rendered":"<p>Kr\u00e1sn\u00e9 apartm\u00e1ny a podkrovn\u00ed byty v unik\u00e1tn\u00edm luxusn\u00edm projektu pobl\u00ed\u017e St\u0159edozemn\u00edho mo\u0159e Tento nevelk\u00fd ale unik\u00e1tn\u00ed luxusn\u00ed projekt v kr\u00e1sn\u00e9m prost\u0159ed\u00ed s kouzeln\u00fdm parkem v jeho zadn\u00ed \u010d\u00e1sti je vybaven 2 nebo 3 lo\u017enicemi, 2 koupelnami,v\u0161echny vymo\u017eenosti inteligentn\u00edho domu, terasami a soukrom\u00fdm parkov\u00e1n\u00edm. Tento projekt je realizov\u00e1n v z\u00e1stavb\u011b Villamartin,obl\u00edben\u00e9 turistick\u00e9 lokalit\u011b, kter\u00e1 se architektonicky [&hellip;]<\/p>\n","protected":false},"featured_media":9689,"comment_status":"open","ping_status":"closed","template":"","meta":{"_acf_changed":false},"product_brand":[],"product_cat":[15],"product_tag":[],"class_list":{"0":"post-7228","1":"product","2":"type-product","3":"status-publish","4":"has-post-thumbnail","6":"province-alicante","7":"places-villamartin","8":"country-spanje","9":"region-costa-blanca","10":"product_cat-geen-categorie","12":"first","13":"instock","14":"shipping-taxable","15":"purchasable","16":"product-type-simple"},"acf":[],"yoast_head":"<!-- This site is optimized with the Yoast SEO plugin v27.5 - https:\/\/yoast.com\/product\/yoast-seo-wordpress\/ -->\n<title>Unik\u00e1tn\u00ed mal\u00fd bytov\u00fd komplex - Sun Sure Estates<\/title>\n<meta name=\"robots\" content=\"index, follow, max-snippet:-1, max-image-preview:large, max-video-preview:-1\" \/>\n<link rel=\"canonical\" href=\"https:\/\/www.sun-sure-estates.com\/cs\/produkt\/unikatni-maly-bytovy-komplex\/\" \/>\n<meta property=\"og:locale\" content=\"cs_CZ\" \/>\n<meta property=\"og:type\" content=\"article\" \/>\n<meta property=\"og:title\" content=\"Unik\u00e1tn\u00ed mal\u00fd bytov\u00fd komplex - Sun Sure Estates\" \/>\n<meta property=\"og:description\" content=\"Kr\u00e1sn\u00e9 apartm\u00e1ny a podkrovn\u00ed byty v unik\u00e1tn\u00edm luxusn\u00edm projektu pobl\u00ed\u017e St\u0159edozemn\u00edho mo\u0159e Tento nevelk\u00fd ale unik\u00e1tn\u00ed luxusn\u00ed projekt v kr\u00e1sn\u00e9m prost\u0159ed\u00ed s kouzeln\u00fdm parkem v jeho zadn\u00ed \u010d\u00e1sti je vybaven 2 nebo 3 lo\u017enicemi, 2 koupelnami,v\u0161echny vymo\u017eenosti inteligentn\u00edho domu, terasami a soukrom\u00fdm parkov\u00e1n\u00edm. Tento projekt je realizov\u00e1n v z\u00e1stavb\u011b Villamartin,obl\u00edben\u00e9 turistick\u00e9 lokalit\u011b, kter\u00e1 se architektonicky [&hellip;]\" \/>\n<meta property=\"og:url\" content=\"https:\/\/www.sun-sure-estates.com\/cs\/produkt\/unikatni-maly-bytovy-komplex\/\" \/>\n<meta property=\"og:site_name\" content=\"Sun Sure Estates\" \/>\n<meta property=\"article:modified_time\" content=\"2021-06-22T14:28:28+00:00\" \/>\n<meta property=\"og:image\" content=\"https:\/\/www.sun-sure-estates.com\/wp-content\/uploads\/2020\/09\/1.-SOLD-scaled.jpg\" \/>\n\t<meta property=\"og:image:width\" content=\"2560\" \/>\n\t<meta property=\"og:image:height\" content=\"1707\" \/>\n\t<meta property=\"og:image:type\" content=\"image\/jpeg\" \/>\n<meta name=\"twitter:card\" content=\"summary_large_image\" \/>\n<meta name=\"twitter:label1\" content=\"Odhadovan\u00e1 doba \u010dten\u00ed\" \/>\n\t<meta name=\"twitter:data1\" content=\"1 minuta\" \/>\n<script type=\"application\/ld+json\" class=\"yoast-schema-graph\">{\"@context\":\"https:\\\/\\\/schema.org\",\"@graph\":[{\"@type\":\"WebPage\",\"@id\":\"https:\\\/\\\/www.sun-sure-estates.com\\\/cs\\\/produkt\\\/unikatni-maly-bytovy-komplex\\\/\",\"url\":\"https:\\\/\\\/www.sun-sure-estates.com\\\/cs\\\/produkt\\\/unikatni-maly-bytovy-komplex\\\/\",\"name\":\"Unik\u00e1tn\u00ed mal\u00fd bytov\u00fd komplex - Sun Sure Estates\",\"isPartOf\":{\"@id\":\"https:\\\/\\\/www.sun-sure-estates.com\\\/cs\\\/#website\"},\"primaryImageOfPage\":{\"@id\":\"https:\\\/\\\/www.sun-sure-estates.com\\\/cs\\\/produkt\\\/unikatni-maly-bytovy-komplex\\\/#primaryimage\"},\"image\":{\"@id\":\"https:\\\/\\\/www.sun-sure-estates.com\\\/cs\\\/produkt\\\/unikatni-maly-bytovy-komplex\\\/#primaryimage\"},\"thumbnailUrl\":\"https:\\\/\\\/www.sun-sure-estates.com\\\/wp-content\\\/uploads\\\/2020\\\/09\\\/1.-SOLD-scaled.jpg\",\"datePublished\":\"2021-06-22T14:27:51+00:00\",\"dateModified\":\"2021-06-22T14:28:28+00:00\",\"breadcrumb\":{\"@id\":\"https:\\\/\\\/www.sun-sure-estates.com\\\/cs\\\/produkt\\\/unikatni-maly-bytovy-komplex\\\/#breadcrumb\"},\"inLanguage\":\"cs\",\"potentialAction\":[{\"@type\":\"ReadAction\",\"target\":[\"https:\\\/\\\/www.sun-sure-estates.com\\\/cs\\\/produkt\\\/unikatni-maly-bytovy-komplex\\\/\"]}]},{\"@type\":\"ImageObject\",\"inLanguage\":\"cs\",\"@id\":\"https:\\\/\\\/www.sun-sure-estates.com\\\/cs\\\/produkt\\\/unikatni-maly-bytovy-komplex\\\/#primaryimage\",\"url\":\"https:\\\/\\\/www.sun-sure-estates.com\\\/wp-content\\\/uploads\\\/2020\\\/09\\\/1.-SOLD-scaled.jpg\",\"contentUrl\":\"https:\\\/\\\/www.sun-sure-estates.com\\\/wp-content\\\/uploads\\\/2020\\\/09\\\/1.-SOLD-scaled.jpg\",\"width\":2560,\"height\":1707},{\"@type\":\"BreadcrumbList\",\"@id\":\"https:\\\/\\\/www.sun-sure-estates.com\\\/cs\\\/produkt\\\/unikatni-maly-bytovy-komplex\\\/#breadcrumb\",\"itemListElement\":[{\"@type\":\"ListItem\",\"position\":1,\"name\":\"Home\",\"item\":\"https:\\\/\\\/www.sun-sure-estates.com\\\/cs\\\/\"},{\"@type\":\"ListItem\",\"position\":2,\"name\":\"Winkel\",\"item\":\"https:\\\/\\\/www.sun-sure-estates.com\\\/winkel\\\/\"},{\"@type\":\"ListItem\",\"position\":3,\"name\":\"Unik\u00e1tn\u00ed mal\u00fd bytov\u00fd komplex\"}]},{\"@type\":\"WebSite\",\"@id\":\"https:\\\/\\\/www.sun-sure-estates.com\\\/cs\\\/#website\",\"url\":\"https:\\\/\\\/www.sun-sure-estates.com\\\/cs\\\/\",\"name\":\"Sun Sure Estates\",\"description\":\"Beleggen of wonen in je eigen huis onder de zon\",\"potentialAction\":[{\"@type\":\"SearchAction\",\"target\":{\"@type\":\"EntryPoint\",\"urlTemplate\":\"https:\\\/\\\/www.sun-sure-estates.com\\\/cs\\\/?s={search_term_string}\"},\"query-input\":{\"@type\":\"PropertyValueSpecification\",\"valueRequired\":true,\"valueName\":\"search_term_string\"}}],\"inLanguage\":\"cs\"}]}<\/script>\n<!-- \/ Yoast SEO plugin. -->","yoast_head_json":{"title":"Unik\u00e1tn\u00ed mal\u00fd bytov\u00fd komplex - Sun Sure Estates","robots":{"index":"index","follow":"follow","max-snippet":"max-snippet:-1","max-image-preview":"max-image-preview:large","max-video-preview":"max-video-preview:-1"},"canonical":"https:\/\/www.sun-sure-estates.com\/cs\/produkt\/unikatni-maly-bytovy-komplex\/","og_locale":"cs_CZ","og_type":"article","og_title":"Unik\u00e1tn\u00ed mal\u00fd bytov\u00fd komplex - Sun Sure Estates","og_description":"Kr\u00e1sn\u00e9 apartm\u00e1ny a podkrovn\u00ed byty v unik\u00e1tn\u00edm luxusn\u00edm projektu pobl\u00ed\u017e St\u0159edozemn\u00edho mo\u0159e Tento nevelk\u00fd ale unik\u00e1tn\u00ed luxusn\u00ed projekt v kr\u00e1sn\u00e9m prost\u0159ed\u00ed s kouzeln\u00fdm parkem v jeho zadn\u00ed \u010d\u00e1sti je vybaven 2 nebo 3 lo\u017enicemi, 2 koupelnami,v\u0161echny vymo\u017eenosti inteligentn\u00edho domu, terasami a soukrom\u00fdm parkov\u00e1n\u00edm. Tento projekt je realizov\u00e1n v z\u00e1stavb\u011b Villamartin,obl\u00edben\u00e9 turistick\u00e9 lokalit\u011b, kter\u00e1 se architektonicky [&hellip;]","og_url":"https:\/\/www.sun-sure-estates.com\/cs\/produkt\/unikatni-maly-bytovy-komplex\/","og_site_name":"Sun Sure Estates","article_modified_time":"2021-06-22T14:28:28+00:00","og_image":[{"width":2560,"height":1707,"url":"https:\/\/www.sun-sure-estates.com\/wp-content\/uploads\/2020\/09\/1.-SOLD-scaled.jpg","type":"image\/jpeg"}],"twitter_card":"summary_large_image","twitter_misc":{"Odhadovan\u00e1 doba \u010dten\u00ed":"1 minuta"},"schema":{"@context":"https:\/\/schema.org","@graph":[{"@type":"WebPage","@id":"https:\/\/www.sun-sure-estates.com\/cs\/produkt\/unikatni-maly-bytovy-komplex\/","url":"https:\/\/www.sun-sure-estates.com\/cs\/produkt\/unikatni-maly-bytovy-komplex\/","name":"Unik\u00e1tn\u00ed mal\u00fd bytov\u00fd komplex - Sun Sure Estates","isPartOf":{"@id":"https:\/\/www.sun-sure-estates.com\/cs\/#website"},"primaryImageOfPage":{"@id":"https:\/\/www.sun-sure-estates.com\/cs\/produkt\/unikatni-maly-bytovy-komplex\/#primaryimage"},"image":{"@id":"https:\/\/www.sun-sure-estates.com\/cs\/produkt\/unikatni-maly-bytovy-komplex\/#primaryimage"},"thumbnailUrl":"https:\/\/www.sun-sure-estates.com\/wp-content\/uploads\/2020\/09\/1.-SOLD-scaled.jpg","datePublished":"2021-06-22T14:27:51+00:00","dateModified":"2021-06-22T14:28:28+00:00","breadcrumb":{"@id":"https:\/\/www.sun-sure-estates.com\/cs\/produkt\/unikatni-maly-bytovy-komplex\/#breadcrumb"},"inLanguage":"cs","potentialAction":[{"@type":"ReadAction","target":["https:\/\/www.sun-sure-estates.com\/cs\/produkt\/unikatni-maly-bytovy-komplex\/"]}]},{"@type":"ImageObject","inLanguage":"cs","@id":"https:\/\/www.sun-sure-estates.com\/cs\/produkt\/unikatni-maly-bytovy-komplex\/#primaryimage","url":"https:\/\/www.sun-sure-estates.com\/wp-content\/uploads\/2020\/09\/1.-SOLD-scaled.jpg","contentUrl":"https:\/\/www.sun-sure-estates.com\/wp-content\/uploads\/2020\/09\/1.-SOLD-scaled.jpg","width":2560,"height":1707},{"@type":"BreadcrumbList","@id":"https:\/\/www.sun-sure-estates.com\/cs\/produkt\/unikatni-maly-bytovy-komplex\/#breadcrumb","itemListElement":[{"@type":"ListItem","position":1,"name":"Home","item":"https:\/\/www.sun-sure-estates.com\/cs\/"},{"@type":"ListItem","position":2,"name":"Winkel","item":"https:\/\/www.sun-sure-estates.com\/winkel\/"},{"@type":"ListItem","position":3,"name":"Unik\u00e1tn\u00ed mal\u00fd bytov\u00fd komplex"}]},{"@type":"WebSite","@id":"https:\/\/www.sun-sure-estates.com\/cs\/#website","url":"https:\/\/www.sun-sure-estates.com\/cs\/","name":"Sun Sure Estates","description":"Beleggen of wonen in je eigen huis onder de zon","potentialAction":[{"@type":"SearchAction","target":{"@type":"EntryPoint","urlTemplate":"https:\/\/www.sun-sure-estates.com\/cs\/?s={search_term_string}"},"query-input":{"@type":"PropertyValueSpecification","valueRequired":true,"valueName":"search_term_string"}}],"inLanguage":"cs"}]}},"_links":{"self":[{"href":"https:\/\/www.sun-sure-estates.com\/cs\/wp-json\/wp\/v2\/product\/7228","targetHints":{"allow":["GET"]}}],"collection":[{"href":"https:\/\/www.sun-sure-estates.com\/cs\/wp-json\/wp\/v2\/product"}],"about":[{"href":"https:\/\/www.sun-sure-estates.com\/cs\/wp-json\/wp\/v2\/types\/product"}],"replies":[{"embeddable":true,"href":"https:\/\/www.sun-sure-estates.com\/cs\/wp-json\/wp\/v2\/comments?post=7228"}],"wp:featuredmedia":[{"embeddable":true,"href":"https:\/\/www.sun-sure-estates.com\/cs\/wp-json\/wp\/v2\/media\/9689"}],"wp:attachment":[{"href":"https:\/\/www.sun-sure-estates.com\/cs\/wp-json\/wp\/v2\/media?parent=7228"}],"wp:term":[{"taxonomy":"product_brand","embeddable":true,"href":"https:\/\/www.sun-sure-estates.com\/cs\/wp-json\/wp\/v2\/product_brand?post=7228"},{"taxonomy":"product_cat","embeddable":true,"href":"https:\/\/www.sun-sure-estates.com\/cs\/wp-json\/wp\/v2\/product_cat?post=7228"},{"taxonomy":"product_tag","embeddable":true,"href":"https:\/\/www.sun-sure-estates.com\/cs\/wp-json\/wp\/v2\/product_tag?post=7228"}],"curies":[{"name":"wp","href":"https:\/\/api.w.org\/{rel}","templated":true}]}}