{"id":7359,"date":"2020-09-04T16:43:42","date_gmt":"2021-06-22T14:22:38","guid":{"rendered":"https:\/\/www.sun-sure-estates.com\/?post_type=product&#038;p=7359"},"modified":"2021-06-22T16:22:39","modified_gmt":"2021-06-22T14:22:39","slug":"moderni-vila-na-jedinecnem-miste-s-vyhledem-na-more","status":"publish","type":"product","link":"https:\/\/www.sun-sure-estates.com\/cs\/produkt\/moderni-vila-na-jedinecnem-miste-s-vyhledem-na-more\/","title":{"rendered":"Modern\u00ed vila na jedine\u010dn\u00e9m m\u00edst\u011b s v\u00fdhledem na mo\u0159e"},"content":{"rendered":"<p>V\u00edtejte do slunn\u00e9ho regionu pobl\u00ed\u017e St\u0159edozemn\u00edho mo\u0159e, kde se tyto kr\u00e1sn\u00e9 vily stav\u00ed na rozlehl\u00fdch pozemc\u00edch pouze 800 metr\u016f od golfov\u00e9ho resortu Puig Campana.<\/p>\n<p>V\u00edtejte do slunn\u00e9ho regionu pobl\u00ed\u017e St\u0159edozemn\u00edho mo\u0159e, kde se tyto kr\u00e1sn\u00e9 vily stav\u00ed na rozlehl\u00fdch pozemc\u00edch pouze 800 metr\u016f od golfov\u00e9ho resortu Puig Campana.<\/p>\n<p>Pouze za 5 minut j\u00edzdy autem se dostanete k n\u00e1kupn\u00edmu centru se supermarketem, l\u00e9k\u00e1rnou a restauracemi. M\u011bsta Benidorm a La Villa Joiosa se v\u0161emi mo\u017en\u00fdmi za\u0159\u00edzen\u00edmi\u00a0se nach\u00e1zej\u00ed v dojezdov\u00e9 vzd\u00e1lenosti 10 minut.<\/p>\n<p>U\u017eijte si tuto vilu s v\u00fdhledem do p\u0159\u00edrody a na m\u011bsto Benidorm a jeho okol\u00ed a rovn\u011b\u017e i pobyt v nejzdrav\u011bj\u0161\u00edm \u017eivotn\u00edm prost\u0159ed\u00ed v Evrop\u011b u St\u0159edozemn\u00edho mo\u0159e s jeho pl\u00e1\u017eemi, sluncem, kulturou a dobr\u00fdm j\u00eddlem.<\/p>\n","protected":false},"excerpt":{"rendered":"<p>V\u00edtejte do slunn\u00e9ho regionu pobl\u00ed\u017e St\u0159edozemn\u00edho mo\u0159e, kde se tyto kr\u00e1sn\u00e9 vily stav\u00ed na rozlehl\u00fdch pozemc\u00edch pouze 800 metr\u016f od golfov\u00e9ho resortu Puig Campana. V\u00edtejte do slunn\u00e9ho regionu pobl\u00ed\u017e St\u0159edozemn\u00edho mo\u0159e, kde se tyto kr\u00e1sn\u00e9 vily stav\u00ed na rozlehl\u00fdch pozemc\u00edch pouze 800 metr\u016f od golfov\u00e9ho resortu Puig Campana. Pouze za 5 minut j\u00edzdy autem se [&hellip;]<\/p>\n","protected":false},"featured_media":9672,"comment_status":"open","ping_status":"closed","template":"","meta":{"_acf_changed":false},"product_brand":[],"product_cat":[15],"product_tag":[],"class_list":{"0":"post-7359","1":"product","2":"type-product","3":"status-publish","4":"has-post-thumbnail","6":"province-alicante","7":"places-finestrat","8":"country-spanje","9":"region-costa-blanca","10":"product_cat-geen-categorie","12":"first","13":"instock","14":"shipping-taxable","15":"purchasable","16":"product-type-simple"},"acf":[],"yoast_head":"<!-- This site is optimized with the Yoast SEO plugin v27.4 - https:\/\/yoast.com\/product\/yoast-seo-wordpress\/ -->\n<title>Modern\u00ed vila na jedine\u010dn\u00e9m m\u00edst\u011b s v\u00fdhledem na mo\u0159e - Sun Sure Estates<\/title>\n<meta name=\"robots\" content=\"index, follow, max-snippet:-1, max-image-preview:large, max-video-preview:-1\" \/>\n<link rel=\"canonical\" href=\"https:\/\/www.sun-sure-estates.com\/cs\/produkt\/moderni-vila-na-jedinecnem-miste-s-vyhledem-na-more\/\" \/>\n<meta property=\"og:locale\" content=\"cs_CZ\" \/>\n<meta property=\"og:type\" content=\"article\" \/>\n<meta property=\"og:title\" content=\"Modern\u00ed vila na jedine\u010dn\u00e9m m\u00edst\u011b s v\u00fdhledem na mo\u0159e - Sun Sure Estates\" \/>\n<meta property=\"og:description\" content=\"V\u00edtejte do slunn\u00e9ho regionu pobl\u00ed\u017e St\u0159edozemn\u00edho mo\u0159e, kde se tyto kr\u00e1sn\u00e9 vily stav\u00ed na rozlehl\u00fdch pozemc\u00edch pouze 800 metr\u016f od golfov\u00e9ho resortu Puig Campana. V\u00edtejte do slunn\u00e9ho regionu pobl\u00ed\u017e St\u0159edozemn\u00edho mo\u0159e, kde se tyto kr\u00e1sn\u00e9 vily stav\u00ed na rozlehl\u00fdch pozemc\u00edch pouze 800 metr\u016f od golfov\u00e9ho resortu Puig Campana. Pouze za 5 minut j\u00edzdy autem se [&hellip;]\" \/>\n<meta property=\"og:url\" content=\"https:\/\/www.sun-sure-estates.com\/cs\/produkt\/moderni-vila-na-jedinecnem-miste-s-vyhledem-na-more\/\" \/>\n<meta property=\"og:site_name\" content=\"Sun Sure Estates\" \/>\n<meta property=\"article:modified_time\" content=\"2021-06-22T14:22:39+00:00\" \/>\n<meta property=\"og:image\" content=\"https:\/\/www.sun-sure-estates.com\/wp-content\/uploads\/2020\/09\/1-Sold.jpg\" \/>\n\t<meta property=\"og:image:width\" content=\"1200\" \/>\n\t<meta property=\"og:image:height\" content=\"825\" \/>\n\t<meta property=\"og:image:type\" content=\"image\/jpeg\" \/>\n<meta name=\"twitter:card\" content=\"summary_large_image\" \/>\n<meta name=\"twitter:label1\" content=\"Odhadovan\u00e1 doba \u010dten\u00ed\" \/>\n\t<meta name=\"twitter:data1\" content=\"1 minuta\" \/>\n<script type=\"application\/ld+json\" class=\"yoast-schema-graph\">{\"@context\":\"https:\\\/\\\/schema.org\",\"@graph\":[{\"@type\":\"WebPage\",\"@id\":\"https:\\\/\\\/www.sun-sure-estates.com\\\/cs\\\/produkt\\\/moderni-vila-na-jedinecnem-miste-s-vyhledem-na-more\\\/\",\"url\":\"https:\\\/\\\/www.sun-sure-estates.com\\\/cs\\\/produkt\\\/moderni-vila-na-jedinecnem-miste-s-vyhledem-na-more\\\/\",\"name\":\"Modern\u00ed vila na jedine\u010dn\u00e9m m\u00edst\u011b s v\u00fdhledem na mo\u0159e - Sun Sure Estates\",\"isPartOf\":{\"@id\":\"https:\\\/\\\/www.sun-sure-estates.com\\\/cs\\\/#website\"},\"primaryImageOfPage\":{\"@id\":\"https:\\\/\\\/www.sun-sure-estates.com\\\/cs\\\/produkt\\\/moderni-vila-na-jedinecnem-miste-s-vyhledem-na-more\\\/#primaryimage\"},\"image\":{\"@id\":\"https:\\\/\\\/www.sun-sure-estates.com\\\/cs\\\/produkt\\\/moderni-vila-na-jedinecnem-miste-s-vyhledem-na-more\\\/#primaryimage\"},\"thumbnailUrl\":\"https:\\\/\\\/www.sun-sure-estates.com\\\/wp-content\\\/uploads\\\/2020\\\/09\\\/1-Sold.jpg\",\"datePublished\":\"2021-06-22T14:22:38+00:00\",\"dateModified\":\"2021-06-22T14:22:39+00:00\",\"breadcrumb\":{\"@id\":\"https:\\\/\\\/www.sun-sure-estates.com\\\/cs\\\/produkt\\\/moderni-vila-na-jedinecnem-miste-s-vyhledem-na-more\\\/#breadcrumb\"},\"inLanguage\":\"cs\",\"potentialAction\":[{\"@type\":\"ReadAction\",\"target\":[\"https:\\\/\\\/www.sun-sure-estates.com\\\/cs\\\/produkt\\\/moderni-vila-na-jedinecnem-miste-s-vyhledem-na-more\\\/\"]}]},{\"@type\":\"ImageObject\",\"inLanguage\":\"cs\",\"@id\":\"https:\\\/\\\/www.sun-sure-estates.com\\\/cs\\\/produkt\\\/moderni-vila-na-jedinecnem-miste-s-vyhledem-na-more\\\/#primaryimage\",\"url\":\"https:\\\/\\\/www.sun-sure-estates.com\\\/wp-content\\\/uploads\\\/2020\\\/09\\\/1-Sold.jpg\",\"contentUrl\":\"https:\\\/\\\/www.sun-sure-estates.com\\\/wp-content\\\/uploads\\\/2020\\\/09\\\/1-Sold.jpg\",\"width\":1200,\"height\":825},{\"@type\":\"BreadcrumbList\",\"@id\":\"https:\\\/\\\/www.sun-sure-estates.com\\\/cs\\\/produkt\\\/moderni-vila-na-jedinecnem-miste-s-vyhledem-na-more\\\/#breadcrumb\",\"itemListElement\":[{\"@type\":\"ListItem\",\"position\":1,\"name\":\"Home\",\"item\":\"https:\\\/\\\/www.sun-sure-estates.com\\\/cs\\\/\"},{\"@type\":\"ListItem\",\"position\":2,\"name\":\"Winkel\",\"item\":\"https:\\\/\\\/www.sun-sure-estates.com\\\/winkel\\\/\"},{\"@type\":\"ListItem\",\"position\":3,\"name\":\"Modern\u00ed vila na jedine\u010dn\u00e9m m\u00edst\u011b s v\u00fdhledem na mo\u0159e\"}]},{\"@type\":\"WebSite\",\"@id\":\"https:\\\/\\\/www.sun-sure-estates.com\\\/cs\\\/#website\",\"url\":\"https:\\\/\\\/www.sun-sure-estates.com\\\/cs\\\/\",\"name\":\"Sun Sure Estates\",\"description\":\"Beleggen of wonen in je eigen huis onder de zon\",\"potentialAction\":[{\"@type\":\"SearchAction\",\"target\":{\"@type\":\"EntryPoint\",\"urlTemplate\":\"https:\\\/\\\/www.sun-sure-estates.com\\\/cs\\\/?s={search_term_string}\"},\"query-input\":{\"@type\":\"PropertyValueSpecification\",\"valueRequired\":true,\"valueName\":\"search_term_string\"}}],\"inLanguage\":\"cs\"}]}<\/script>\n<!-- \/ Yoast SEO plugin. -->","yoast_head_json":{"title":"Modern\u00ed vila na jedine\u010dn\u00e9m m\u00edst\u011b s v\u00fdhledem na mo\u0159e - Sun Sure Estates","robots":{"index":"index","follow":"follow","max-snippet":"max-snippet:-1","max-image-preview":"max-image-preview:large","max-video-preview":"max-video-preview:-1"},"canonical":"https:\/\/www.sun-sure-estates.com\/cs\/produkt\/moderni-vila-na-jedinecnem-miste-s-vyhledem-na-more\/","og_locale":"cs_CZ","og_type":"article","og_title":"Modern\u00ed vila na jedine\u010dn\u00e9m m\u00edst\u011b s v\u00fdhledem na mo\u0159e - Sun Sure Estates","og_description":"V\u00edtejte do slunn\u00e9ho regionu pobl\u00ed\u017e St\u0159edozemn\u00edho mo\u0159e, kde se tyto kr\u00e1sn\u00e9 vily stav\u00ed na rozlehl\u00fdch pozemc\u00edch pouze 800 metr\u016f od golfov\u00e9ho resortu Puig Campana. V\u00edtejte do slunn\u00e9ho regionu pobl\u00ed\u017e St\u0159edozemn\u00edho mo\u0159e, kde se tyto kr\u00e1sn\u00e9 vily stav\u00ed na rozlehl\u00fdch pozemc\u00edch pouze 800 metr\u016f od golfov\u00e9ho resortu Puig Campana. Pouze za 5 minut j\u00edzdy autem se [&hellip;]","og_url":"https:\/\/www.sun-sure-estates.com\/cs\/produkt\/moderni-vila-na-jedinecnem-miste-s-vyhledem-na-more\/","og_site_name":"Sun Sure Estates","article_modified_time":"2021-06-22T14:22:39+00:00","og_image":[{"width":1200,"height":825,"url":"https:\/\/www.sun-sure-estates.com\/wp-content\/uploads\/2020\/09\/1-Sold.jpg","type":"image\/jpeg"}],"twitter_card":"summary_large_image","twitter_misc":{"Odhadovan\u00e1 doba \u010dten\u00ed":"1 minuta"},"schema":{"@context":"https:\/\/schema.org","@graph":[{"@type":"WebPage","@id":"https:\/\/www.sun-sure-estates.com\/cs\/produkt\/moderni-vila-na-jedinecnem-miste-s-vyhledem-na-more\/","url":"https:\/\/www.sun-sure-estates.com\/cs\/produkt\/moderni-vila-na-jedinecnem-miste-s-vyhledem-na-more\/","name":"Modern\u00ed vila na jedine\u010dn\u00e9m m\u00edst\u011b s v\u00fdhledem na mo\u0159e - Sun Sure Estates","isPartOf":{"@id":"https:\/\/www.sun-sure-estates.com\/cs\/#website"},"primaryImageOfPage":{"@id":"https:\/\/www.sun-sure-estates.com\/cs\/produkt\/moderni-vila-na-jedinecnem-miste-s-vyhledem-na-more\/#primaryimage"},"image":{"@id":"https:\/\/www.sun-sure-estates.com\/cs\/produkt\/moderni-vila-na-jedinecnem-miste-s-vyhledem-na-more\/#primaryimage"},"thumbnailUrl":"https:\/\/www.sun-sure-estates.com\/wp-content\/uploads\/2020\/09\/1-Sold.jpg","datePublished":"2021-06-22T14:22:38+00:00","dateModified":"2021-06-22T14:22:39+00:00","breadcrumb":{"@id":"https:\/\/www.sun-sure-estates.com\/cs\/produkt\/moderni-vila-na-jedinecnem-miste-s-vyhledem-na-more\/#breadcrumb"},"inLanguage":"cs","potentialAction":[{"@type":"ReadAction","target":["https:\/\/www.sun-sure-estates.com\/cs\/produkt\/moderni-vila-na-jedinecnem-miste-s-vyhledem-na-more\/"]}]},{"@type":"ImageObject","inLanguage":"cs","@id":"https:\/\/www.sun-sure-estates.com\/cs\/produkt\/moderni-vila-na-jedinecnem-miste-s-vyhledem-na-more\/#primaryimage","url":"https:\/\/www.sun-sure-estates.com\/wp-content\/uploads\/2020\/09\/1-Sold.jpg","contentUrl":"https:\/\/www.sun-sure-estates.com\/wp-content\/uploads\/2020\/09\/1-Sold.jpg","width":1200,"height":825},{"@type":"BreadcrumbList","@id":"https:\/\/www.sun-sure-estates.com\/cs\/produkt\/moderni-vila-na-jedinecnem-miste-s-vyhledem-na-more\/#breadcrumb","itemListElement":[{"@type":"ListItem","position":1,"name":"Home","item":"https:\/\/www.sun-sure-estates.com\/cs\/"},{"@type":"ListItem","position":2,"name":"Winkel","item":"https:\/\/www.sun-sure-estates.com\/winkel\/"},{"@type":"ListItem","position":3,"name":"Modern\u00ed vila na jedine\u010dn\u00e9m m\u00edst\u011b s v\u00fdhledem na mo\u0159e"}]},{"@type":"WebSite","@id":"https:\/\/www.sun-sure-estates.com\/cs\/#website","url":"https:\/\/www.sun-sure-estates.com\/cs\/","name":"Sun Sure Estates","description":"Beleggen of wonen in je eigen huis onder de zon","potentialAction":[{"@type":"SearchAction","target":{"@type":"EntryPoint","urlTemplate":"https:\/\/www.sun-sure-estates.com\/cs\/?s={search_term_string}"},"query-input":{"@type":"PropertyValueSpecification","valueRequired":true,"valueName":"search_term_string"}}],"inLanguage":"cs"}]}},"_links":{"self":[{"href":"https:\/\/www.sun-sure-estates.com\/cs\/wp-json\/wp\/v2\/product\/7359","targetHints":{"allow":["GET"]}}],"collection":[{"href":"https:\/\/www.sun-sure-estates.com\/cs\/wp-json\/wp\/v2\/product"}],"about":[{"href":"https:\/\/www.sun-sure-estates.com\/cs\/wp-json\/wp\/v2\/types\/product"}],"replies":[{"embeddable":true,"href":"https:\/\/www.sun-sure-estates.com\/cs\/wp-json\/wp\/v2\/comments?post=7359"}],"wp:featuredmedia":[{"embeddable":true,"href":"https:\/\/www.sun-sure-estates.com\/cs\/wp-json\/wp\/v2\/media\/9672"}],"wp:attachment":[{"href":"https:\/\/www.sun-sure-estates.com\/cs\/wp-json\/wp\/v2\/media?parent=7359"}],"wp:term":[{"taxonomy":"product_brand","embeddable":true,"href":"https:\/\/www.sun-sure-estates.com\/cs\/wp-json\/wp\/v2\/product_brand?post=7359"},{"taxonomy":"product_cat","embeddable":true,"href":"https:\/\/www.sun-sure-estates.com\/cs\/wp-json\/wp\/v2\/product_cat?post=7359"},{"taxonomy":"product_tag","embeddable":true,"href":"https:\/\/www.sun-sure-estates.com\/cs\/wp-json\/wp\/v2\/product_tag?post=7359"}],"curies":[{"name":"wp","href":"https:\/\/api.w.org\/{rel}","templated":true}]}}