{"id":7393,"date":"2020-09-04T12:52:50","date_gmt":"2021-06-22T14:23:59","guid":{"rendered":"https:\/\/www.sun-sure-estates.com\/?post_type=product&#038;p=7393"},"modified":"2021-06-22T16:24:33","modified_gmt":"2021-06-22T14:24:33","slug":"krasny-komplex-300-metru-od-more","status":"publish","type":"product","link":"https:\/\/www.sun-sure-estates.com\/cs\/produkt\/krasny-komplex-300-metru-od-more\/","title":{"rendered":"Kr\u00e1sn\u00fd komplex 300 metr\u016f od mo\u0159e"},"content":{"rendered":"<p>Tento kr\u00e1sn\u00fd apartm\u00e1nov\u00fd komplex s podkrovn\u00edmi byty se stav\u00ed ve slunn\u00e9 oblasti a v dochoz\u00ed vzd\u00e1lenosti od St\u0159edozemn\u00edho mo\u0159e. Tyto kr\u00e1sn\u011b koncipovan\u00e9 apartm\u00e1ny a podkrovn\u00ed byty jsou vybaveny ob\u00fdvac\u00edm pokojem,kuchyn\u00ed, j\u00eddelnou a 2 nebo 3 lo\u017enicemi. P\u0159\u00edzemn\u00ed apartm\u00e1ny maj\u00ed p\u0159edn\u00ed a zadn\u00ed zahradu s mo\u017enost\u00ed parkov\u00e1n\u00ed. Apartm\u00e1ny v 1.pat\u0159e disponuj\u00ed velk\u00fdmi balk\u00f3ny na obou stran\u00e1ch, \u010d\u00edm\u017e umo\u017e\u0148uj\u00ed kr\u00e1sn\u00e9 v\u00fdhledy na mo\u0159e. Podkrovn\u00ed byty um\u00edst\u011bn\u00e9 ve 2. pat\u0159e maj\u00ed st\u0159e\u0161n\u00ed terasu , kter\u00e1 rovn\u011b\u017e poskytuje kr\u00e1sn\u00e9 v\u00fdhedy, \u010d\u00e1ste\u010dn\u011b d\u00edky n\u00edzk\u00fdm stavb\u00e1m v tomto p\u0159\u00edmo\u0159sk\u00e9m resortu.<\/p>\n<p>Uzav\u0159en\u00e1 a prostorn\u00e1 z\u00e1stavba v p\u0159\u00edmo\u0159sk\u00e9m resortu Mil Palmeras je obklopena parkovou \u00fapravou s lavi\u010dkami a spoustou prostoru ke hran\u00ed, a rovn\u011b\u017e tak promen\u00e1dou a cyklostezkami.\u00a0V dochoz\u00ed vzd\u00e1lenosti m\u016f\u017eete nav\u0161t\u00edvit star\u00e9 domy na pl\u00e1\u017ei a\u00a0 proch\u00e1zet se ulicemi s \u00fatuln\u00fdmi restauracemi.\u00a0Nedaleko se t\u00e9\u017e nach\u00e1zej\u00ed nejm\u00e9n\u011b t\u0159i r\u016fzn\u00e9 golfov\u00e9 resorty.<\/p>\n<p>Za 50 minut j\u00edzdy autem z leti\u0161t\u011b v Alicante se ocitnete v t\u011bchto luxusn\u00edch apartm\u00e1nech, kde si budete moci okam\u017eit\u011b u\u017e\u00edt slunce, mo\u0159e a pl\u00e1\u017e\u00ed v nejzdrav\u011bj\u0161\u00edm prost\u0159ed\u00ed v Evrop\u011b!<\/p>\n","protected":false},"excerpt":{"rendered":"<p>Tento kr\u00e1sn\u00fd apartm\u00e1nov\u00fd komplex s podkrovn\u00edmi byty se stav\u00ed ve slunn\u00e9 oblasti a v dochoz\u00ed vzd\u00e1lenosti od St\u0159edozemn\u00edho mo\u0159e. Tyto kr\u00e1sn\u011b koncipovan\u00e9 apartm\u00e1ny a podkrovn\u00ed byty jsou vybaveny ob\u00fdvac\u00edm pokojem,kuchyn\u00ed, j\u00eddelnou a 2 nebo 3 lo\u017enicemi. P\u0159\u00edzemn\u00ed apartm\u00e1ny maj\u00ed p\u0159edn\u00ed a zadn\u00ed zahradu s mo\u017enost\u00ed parkov\u00e1n\u00ed. Apartm\u00e1ny v 1.pat\u0159e disponuj\u00ed velk\u00fdmi balk\u00f3ny na obou stran\u00e1ch, [&hellip;]<\/p>\n","protected":false},"featured_media":12193,"comment_status":"open","ping_status":"closed","template":"","meta":{"_acf_changed":false},"product_brand":[],"product_cat":[15],"product_tag":[],"class_list":{"0":"post-7393","1":"product","2":"type-product","3":"status-publish","4":"has-post-thumbnail","6":"province-alicante","7":"places-mil-palmeras","8":"country-spanje","9":"region-costa-blanca","10":"product_cat-geen-categorie","12":"first","13":"instock","14":"shipping-taxable","15":"purchasable","16":"product-type-simple"},"acf":[],"yoast_head":"<!-- This site is optimized with the Yoast SEO plugin v27.4 - https:\/\/yoast.com\/product\/yoast-seo-wordpress\/ -->\n<title>Kr\u00e1sn\u00fd komplex 300 metr\u016f od mo\u0159e - Sun Sure Estates<\/title>\n<meta name=\"robots\" content=\"index, follow, max-snippet:-1, max-image-preview:large, max-video-preview:-1\" \/>\n<link rel=\"canonical\" href=\"https:\/\/www.sun-sure-estates.com\/cs\/produkt\/krasny-komplex-300-metru-od-more\/\" \/>\n<meta property=\"og:locale\" content=\"cs_CZ\" \/>\n<meta property=\"og:type\" content=\"article\" \/>\n<meta property=\"og:title\" content=\"Kr\u00e1sn\u00fd komplex 300 metr\u016f od mo\u0159e - Sun Sure Estates\" \/>\n<meta property=\"og:description\" content=\"Tento kr\u00e1sn\u00fd apartm\u00e1nov\u00fd komplex s podkrovn\u00edmi byty se stav\u00ed ve slunn\u00e9 oblasti a v dochoz\u00ed vzd\u00e1lenosti od St\u0159edozemn\u00edho mo\u0159e. Tyto kr\u00e1sn\u011b koncipovan\u00e9 apartm\u00e1ny a podkrovn\u00ed byty jsou vybaveny ob\u00fdvac\u00edm pokojem,kuchyn\u00ed, j\u00eddelnou a 2 nebo 3 lo\u017enicemi. P\u0159\u00edzemn\u00ed apartm\u00e1ny maj\u00ed p\u0159edn\u00ed a zadn\u00ed zahradu s mo\u017enost\u00ed parkov\u00e1n\u00ed. Apartm\u00e1ny v 1.pat\u0159e disponuj\u00ed velk\u00fdmi balk\u00f3ny na obou stran\u00e1ch, [&hellip;]\" \/>\n<meta property=\"og:url\" content=\"https:\/\/www.sun-sure-estates.com\/cs\/produkt\/krasny-komplex-300-metru-od-more\/\" \/>\n<meta property=\"og:site_name\" content=\"Sun Sure Estates\" \/>\n<meta property=\"article:modified_time\" content=\"2021-06-22T14:24:33+00:00\" \/>\n<meta property=\"og:image\" content=\"https:\/\/www.sun-sure-estates.com\/wp-content\/uploads\/2020\/09\/2.-Sold-scaled.jpg\" \/>\n\t<meta property=\"og:image:width\" content=\"2560\" \/>\n\t<meta property=\"og:image:height\" content=\"2050\" \/>\n\t<meta property=\"og:image:type\" content=\"image\/jpeg\" \/>\n<meta name=\"twitter:card\" content=\"summary_large_image\" \/>\n<meta name=\"twitter:label1\" content=\"Odhadovan\u00e1 doba \u010dten\u00ed\" \/>\n\t<meta name=\"twitter:data1\" content=\"1 minuta\" \/>\n<script type=\"application\/ld+json\" class=\"yoast-schema-graph\">{\"@context\":\"https:\\\/\\\/schema.org\",\"@graph\":[{\"@type\":\"WebPage\",\"@id\":\"https:\\\/\\\/www.sun-sure-estates.com\\\/cs\\\/produkt\\\/krasny-komplex-300-metru-od-more\\\/\",\"url\":\"https:\\\/\\\/www.sun-sure-estates.com\\\/cs\\\/produkt\\\/krasny-komplex-300-metru-od-more\\\/\",\"name\":\"Kr\u00e1sn\u00fd komplex 300 metr\u016f od mo\u0159e - Sun Sure Estates\",\"isPartOf\":{\"@id\":\"https:\\\/\\\/www.sun-sure-estates.com\\\/cs\\\/#website\"},\"primaryImageOfPage\":{\"@id\":\"https:\\\/\\\/www.sun-sure-estates.com\\\/cs\\\/produkt\\\/krasny-komplex-300-metru-od-more\\\/#primaryimage\"},\"image\":{\"@id\":\"https:\\\/\\\/www.sun-sure-estates.com\\\/cs\\\/produkt\\\/krasny-komplex-300-metru-od-more\\\/#primaryimage\"},\"thumbnailUrl\":\"https:\\\/\\\/www.sun-sure-estates.com\\\/wp-content\\\/uploads\\\/2020\\\/09\\\/2.-Sold-scaled.jpg\",\"datePublished\":\"2021-06-22T14:23:59+00:00\",\"dateModified\":\"2021-06-22T14:24:33+00:00\",\"breadcrumb\":{\"@id\":\"https:\\\/\\\/www.sun-sure-estates.com\\\/cs\\\/produkt\\\/krasny-komplex-300-metru-od-more\\\/#breadcrumb\"},\"inLanguage\":\"cs\",\"potentialAction\":[{\"@type\":\"ReadAction\",\"target\":[\"https:\\\/\\\/www.sun-sure-estates.com\\\/cs\\\/produkt\\\/krasny-komplex-300-metru-od-more\\\/\"]}]},{\"@type\":\"ImageObject\",\"inLanguage\":\"cs\",\"@id\":\"https:\\\/\\\/www.sun-sure-estates.com\\\/cs\\\/produkt\\\/krasny-komplex-300-metru-od-more\\\/#primaryimage\",\"url\":\"https:\\\/\\\/www.sun-sure-estates.com\\\/wp-content\\\/uploads\\\/2020\\\/09\\\/2.-Sold-scaled.jpg\",\"contentUrl\":\"https:\\\/\\\/www.sun-sure-estates.com\\\/wp-content\\\/uploads\\\/2020\\\/09\\\/2.-Sold-scaled.jpg\",\"width\":2560,\"height\":2050},{\"@type\":\"BreadcrumbList\",\"@id\":\"https:\\\/\\\/www.sun-sure-estates.com\\\/cs\\\/produkt\\\/krasny-komplex-300-metru-od-more\\\/#breadcrumb\",\"itemListElement\":[{\"@type\":\"ListItem\",\"position\":1,\"name\":\"Home\",\"item\":\"https:\\\/\\\/www.sun-sure-estates.com\\\/cs\\\/\"},{\"@type\":\"ListItem\",\"position\":2,\"name\":\"Winkel\",\"item\":\"https:\\\/\\\/www.sun-sure-estates.com\\\/winkel\\\/\"},{\"@type\":\"ListItem\",\"position\":3,\"name\":\"Kr\u00e1sn\u00fd komplex 300 metr\u016f od mo\u0159e\"}]},{\"@type\":\"WebSite\",\"@id\":\"https:\\\/\\\/www.sun-sure-estates.com\\\/cs\\\/#website\",\"url\":\"https:\\\/\\\/www.sun-sure-estates.com\\\/cs\\\/\",\"name\":\"Sun Sure Estates\",\"description\":\"Beleggen of wonen in je eigen huis onder de zon\",\"potentialAction\":[{\"@type\":\"SearchAction\",\"target\":{\"@type\":\"EntryPoint\",\"urlTemplate\":\"https:\\\/\\\/www.sun-sure-estates.com\\\/cs\\\/?s={search_term_string}\"},\"query-input\":{\"@type\":\"PropertyValueSpecification\",\"valueRequired\":true,\"valueName\":\"search_term_string\"}}],\"inLanguage\":\"cs\"}]}<\/script>\n<!-- \/ Yoast SEO plugin. -->","yoast_head_json":{"title":"Kr\u00e1sn\u00fd komplex 300 metr\u016f od mo\u0159e - Sun Sure Estates","robots":{"index":"index","follow":"follow","max-snippet":"max-snippet:-1","max-image-preview":"max-image-preview:large","max-video-preview":"max-video-preview:-1"},"canonical":"https:\/\/www.sun-sure-estates.com\/cs\/produkt\/krasny-komplex-300-metru-od-more\/","og_locale":"cs_CZ","og_type":"article","og_title":"Kr\u00e1sn\u00fd komplex 300 metr\u016f od mo\u0159e - Sun Sure Estates","og_description":"Tento kr\u00e1sn\u00fd apartm\u00e1nov\u00fd komplex s podkrovn\u00edmi byty se stav\u00ed ve slunn\u00e9 oblasti a v dochoz\u00ed vzd\u00e1lenosti od St\u0159edozemn\u00edho mo\u0159e. Tyto kr\u00e1sn\u011b koncipovan\u00e9 apartm\u00e1ny a podkrovn\u00ed byty jsou vybaveny ob\u00fdvac\u00edm pokojem,kuchyn\u00ed, j\u00eddelnou a 2 nebo 3 lo\u017enicemi. P\u0159\u00edzemn\u00ed apartm\u00e1ny maj\u00ed p\u0159edn\u00ed a zadn\u00ed zahradu s mo\u017enost\u00ed parkov\u00e1n\u00ed. Apartm\u00e1ny v 1.pat\u0159e disponuj\u00ed velk\u00fdmi balk\u00f3ny na obou stran\u00e1ch, [&hellip;]","og_url":"https:\/\/www.sun-sure-estates.com\/cs\/produkt\/krasny-komplex-300-metru-od-more\/","og_site_name":"Sun Sure Estates","article_modified_time":"2021-06-22T14:24:33+00:00","og_image":[{"width":2560,"height":2050,"url":"https:\/\/www.sun-sure-estates.com\/wp-content\/uploads\/2020\/09\/2.-Sold-scaled.jpg","type":"image\/jpeg"}],"twitter_card":"summary_large_image","twitter_misc":{"Odhadovan\u00e1 doba \u010dten\u00ed":"1 minuta"},"schema":{"@context":"https:\/\/schema.org","@graph":[{"@type":"WebPage","@id":"https:\/\/www.sun-sure-estates.com\/cs\/produkt\/krasny-komplex-300-metru-od-more\/","url":"https:\/\/www.sun-sure-estates.com\/cs\/produkt\/krasny-komplex-300-metru-od-more\/","name":"Kr\u00e1sn\u00fd komplex 300 metr\u016f od mo\u0159e - Sun Sure Estates","isPartOf":{"@id":"https:\/\/www.sun-sure-estates.com\/cs\/#website"},"primaryImageOfPage":{"@id":"https:\/\/www.sun-sure-estates.com\/cs\/produkt\/krasny-komplex-300-metru-od-more\/#primaryimage"},"image":{"@id":"https:\/\/www.sun-sure-estates.com\/cs\/produkt\/krasny-komplex-300-metru-od-more\/#primaryimage"},"thumbnailUrl":"https:\/\/www.sun-sure-estates.com\/wp-content\/uploads\/2020\/09\/2.-Sold-scaled.jpg","datePublished":"2021-06-22T14:23:59+00:00","dateModified":"2021-06-22T14:24:33+00:00","breadcrumb":{"@id":"https:\/\/www.sun-sure-estates.com\/cs\/produkt\/krasny-komplex-300-metru-od-more\/#breadcrumb"},"inLanguage":"cs","potentialAction":[{"@type":"ReadAction","target":["https:\/\/www.sun-sure-estates.com\/cs\/produkt\/krasny-komplex-300-metru-od-more\/"]}]},{"@type":"ImageObject","inLanguage":"cs","@id":"https:\/\/www.sun-sure-estates.com\/cs\/produkt\/krasny-komplex-300-metru-od-more\/#primaryimage","url":"https:\/\/www.sun-sure-estates.com\/wp-content\/uploads\/2020\/09\/2.-Sold-scaled.jpg","contentUrl":"https:\/\/www.sun-sure-estates.com\/wp-content\/uploads\/2020\/09\/2.-Sold-scaled.jpg","width":2560,"height":2050},{"@type":"BreadcrumbList","@id":"https:\/\/www.sun-sure-estates.com\/cs\/produkt\/krasny-komplex-300-metru-od-more\/#breadcrumb","itemListElement":[{"@type":"ListItem","position":1,"name":"Home","item":"https:\/\/www.sun-sure-estates.com\/cs\/"},{"@type":"ListItem","position":2,"name":"Winkel","item":"https:\/\/www.sun-sure-estates.com\/winkel\/"},{"@type":"ListItem","position":3,"name":"Kr\u00e1sn\u00fd komplex 300 metr\u016f od mo\u0159e"}]},{"@type":"WebSite","@id":"https:\/\/www.sun-sure-estates.com\/cs\/#website","url":"https:\/\/www.sun-sure-estates.com\/cs\/","name":"Sun Sure Estates","description":"Beleggen of wonen in je eigen huis onder de zon","potentialAction":[{"@type":"SearchAction","target":{"@type":"EntryPoint","urlTemplate":"https:\/\/www.sun-sure-estates.com\/cs\/?s={search_term_string}"},"query-input":{"@type":"PropertyValueSpecification","valueRequired":true,"valueName":"search_term_string"}}],"inLanguage":"cs"}]}},"_links":{"self":[{"href":"https:\/\/www.sun-sure-estates.com\/cs\/wp-json\/wp\/v2\/product\/7393","targetHints":{"allow":["GET"]}}],"collection":[{"href":"https:\/\/www.sun-sure-estates.com\/cs\/wp-json\/wp\/v2\/product"}],"about":[{"href":"https:\/\/www.sun-sure-estates.com\/cs\/wp-json\/wp\/v2\/types\/product"}],"replies":[{"embeddable":true,"href":"https:\/\/www.sun-sure-estates.com\/cs\/wp-json\/wp\/v2\/comments?post=7393"}],"wp:featuredmedia":[{"embeddable":true,"href":"https:\/\/www.sun-sure-estates.com\/cs\/wp-json\/wp\/v2\/media\/12193"}],"wp:attachment":[{"href":"https:\/\/www.sun-sure-estates.com\/cs\/wp-json\/wp\/v2\/media?parent=7393"}],"wp:term":[{"taxonomy":"product_brand","embeddable":true,"href":"https:\/\/www.sun-sure-estates.com\/cs\/wp-json\/wp\/v2\/product_brand?post=7393"},{"taxonomy":"product_cat","embeddable":true,"href":"https:\/\/www.sun-sure-estates.com\/cs\/wp-json\/wp\/v2\/product_cat?post=7393"},{"taxonomy":"product_tag","embeddable":true,"href":"https:\/\/www.sun-sure-estates.com\/cs\/wp-json\/wp\/v2\/product_tag?post=7393"}],"curies":[{"name":"wp","href":"https:\/\/api.w.org\/{rel}","templated":true}]}}