{"id":9867,"date":"2021-03-13T14:10:22","date_gmt":"2021-09-11T07:41:16","guid":{"rendered":"https:\/\/www.sun-sure-estates.com\/?post_type=product&#038;p=9867"},"modified":"2021-09-11T09:41:17","modified_gmt":"2021-09-11T07:41:17","slug":"apartmany-za-fantasticke-ceny-v-krasnem-golfovem-resortu-v-alhame","status":"publish","type":"product","link":"https:\/\/www.sun-sure-estates.com\/cs\/produkt\/apartmany-za-fantasticke-ceny-v-krasnem-golfovem-resortu-v-alhame\/","title":{"rendered":"Apartm\u00e1ny za fantastick\u00e9 ceny v kr\u00e1sn\u00e9m golfov\u00e9m resortu v Alham\u011b."},"content":{"rendered":"<p>V\u00edtejte ve venkovsk\u00e9m golfov\u00e9m resortu nach\u00e1zej\u00edc\u00edm se v kr\u00e1sn\u00e9 lokalit\u011b , kde jsou vystav\u011bny tyto zahradn\u00ed apartm\u00e1ny, apartm\u00e1ny a podkrovn\u00ed byty. Zde si m\u016f\u017eete vychutnat v\u00fdhled na golfov\u00e9 h\u0159i\u0161t\u011b s 18 jamkami a nic v\u00e1m rovn\u011b\u017e nebr\u00e1n\u00ed ve v\u00fdhledu ze zahrady nebo z apartm\u00e1nu na kilometry do d\u00e1li. V dochoz\u00ed vzd\u00e1lenosti se nach\u00e1zej\u00ed v\u0161echny typy za\u0159\u00edzen\u00ed ,jak\u00fdmi jsou supermarket, restaurace, bary,pek\u00e1rna a mnoho dal\u0161\u00edch!<\/p>\n<p>Zahradn\u00ed apartm\u00e1ny\u00a0 jsou roz\u010dlen\u011bny do ob\u00fdvac\u00edho pokoje, rohov\u00e9 kuchyn\u011b s barem, j\u00eddelny, 2 lo\u017enic a 2 koupelen, z nich\u017e jedna soused\u00ed s hlavn\u00ed lo\u017enic\u00ed. Velk\u00e1 dl\u00e1\u017ed\u011bn\u00e1 terasa a kr\u00e1sn\u011b koncipovan\u00e1 zahrada navazuj\u00ed na ob\u00fdvac\u00ed pokoj a lo\u017enici. Po cel\u00fd den si zde m\u016f\u017eete u\u017e\u00edvat slunce, klid a p\u0159\u00edjemn\u00e9 a tepl\u00e9 letn\u00ed ve\u010dery.<\/p>\n<p>Apartm\u00e1ny v 1. a 2.poschod\u00ed, do kter\u00fdch vstupujete po schodech a v\u00fdtahem, jsou uspo\u0159\u00e1d\u00e1ny stejn\u00fdm praktick\u00fdm zp\u016fsobem. Velk\u00fd balk\u00f3n navazuje na ob\u00fdvac\u00ed pokoj a hlavn\u00ed lo\u017enici. Odsud je rovn\u011b\u017e kr\u00e1sn\u00fd v\u00fdhled do okol\u00ed a sousedn\u00edho golfov\u00e9ho h\u0159i\u0161t\u011b.<\/p>\n<p>V apartm\u00e1nov\u00e9m komplexu je\u00a0 rovn\u011b\u017e soukrom\u00fd parkovac\u00ed prostor.<\/p>\n<p>Rozlehl\u00e9 p\u00edse\u010dn\u00e9 pl\u00e1\u017ee Murcie jsou vzd\u00e1leny pouze 25 km a z\u00e1rove\u0148 m\u016f\u017eete na p\u0159\u00edklad ve vzd\u00e1lenosti 30 minut j\u00edzdy nav\u0161t\u00edvit i kr\u00e1sn\u00e9 historick\u00e9 m\u011bsto Cartagena. Cht\u011bli byste si zahr\u00e1t golf , nav\u0161t\u00edvit kosmetick\u00fd \u010di kade\u0159nick\u00fd sal\u00f3n nebo si zahr\u00e1t tenis? \u017d\u00e1dn\u00fd probl\u00e9m. Tato i dal\u0161\u00ed za\u0159\u00edzen\u00ed jsou v\u0161echna v dochoz\u00ed vzd\u00e1lenosti.<\/p>\n<p>V t\u00e9to kr\u00e1sn\u00e9 p\u0159\u00edrodn\u00ed oblasti si t\u00e9\u017e m\u016f\u017eete vyjet na kole. Zkr\u00e1tka, dost d\u016fvod\u016f na to p\u0159ijet do oblasti Costa Blanca a u\u017e\u00edvat si v\u0161eho ka\u017cd\u00fd den!<\/p>\n","protected":false},"excerpt":{"rendered":"<p>V\u00edtejte ve venkovsk\u00e9m golfov\u00e9m resortu nach\u00e1zej\u00edc\u00edm se v kr\u00e1sn\u00e9 lokalit\u011b , kde jsou vystav\u011bny tyto zahradn\u00ed apartm\u00e1ny, apartm\u00e1ny a podkrovn\u00ed byty. Zde si m\u016f\u017eete vychutnat v\u00fdhled na golfov\u00e9 h\u0159i\u0161t\u011b s 18 jamkami a nic v\u00e1m rovn\u011b\u017e nebr\u00e1n\u00ed ve v\u00fdhledu ze zahrady nebo z apartm\u00e1nu na kilometry do d\u00e1li. V dochoz\u00ed vzd\u00e1lenosti se nach\u00e1zej\u00ed v\u0161echny typy [&hellip;]<\/p>\n","protected":false},"featured_media":4661,"comment_status":"open","ping_status":"closed","template":"","meta":{"_acf_changed":false},"product_brand":[],"product_cat":[15],"product_tag":[],"class_list":{"0":"post-9867","1":"product","2":"type-product","3":"status-publish","4":"has-post-thumbnail","6":"province-murcia","7":"places-alhama","8":"country-spanje","9":"region-costa-blanca","10":"product_cat-geen-categorie","12":"first","13":"instock","14":"shipping-taxable","15":"purchasable","16":"product-type-simple"},"acf":[],"yoast_head":"<!-- This site is optimized with the Yoast SEO plugin v27.5 - https:\/\/yoast.com\/product\/yoast-seo-wordpress\/ -->\n<title>Apartm\u00e1ny za fantastick\u00e9 ceny v kr\u00e1sn\u00e9m golfov\u00e9m resortu v Alham\u011b. - Sun Sure Estates<\/title>\n<meta name=\"robots\" content=\"index, follow, max-snippet:-1, max-image-preview:large, max-video-preview:-1\" \/>\n<link rel=\"canonical\" href=\"https:\/\/www.sun-sure-estates.com\/cs\/produkt\/apartmany-za-fantasticke-ceny-v-krasnem-golfovem-resortu-v-alhame\/\" \/>\n<meta property=\"og:locale\" content=\"cs_CZ\" \/>\n<meta property=\"og:type\" content=\"article\" \/>\n<meta property=\"og:title\" content=\"Apartm\u00e1ny za fantastick\u00e9 ceny v kr\u00e1sn\u00e9m golfov\u00e9m resortu v Alham\u011b. - Sun Sure Estates\" \/>\n<meta property=\"og:description\" content=\"V\u00edtejte ve venkovsk\u00e9m golfov\u00e9m resortu nach\u00e1zej\u00edc\u00edm se v kr\u00e1sn\u00e9 lokalit\u011b , kde jsou vystav\u011bny tyto zahradn\u00ed apartm\u00e1ny, apartm\u00e1ny a podkrovn\u00ed byty. Zde si m\u016f\u017eete vychutnat v\u00fdhled na golfov\u00e9 h\u0159i\u0161t\u011b s 18 jamkami a nic v\u00e1m rovn\u011b\u017e nebr\u00e1n\u00ed ve v\u00fdhledu ze zahrady nebo z apartm\u00e1nu na kilometry do d\u00e1li. V dochoz\u00ed vzd\u00e1lenosti se nach\u00e1zej\u00ed v\u0161echny typy [&hellip;]\" \/>\n<meta property=\"og:url\" content=\"https:\/\/www.sun-sure-estates.com\/cs\/produkt\/apartmany-za-fantasticke-ceny-v-krasnem-golfovem-resortu-v-alhame\/\" \/>\n<meta property=\"og:site_name\" content=\"Sun Sure Estates\" \/>\n<meta property=\"article:modified_time\" content=\"2021-09-11T07:41:17+00:00\" \/>\n<meta property=\"og:image\" content=\"https:\/\/www.sun-sure-estates.com\/wp-content\/uploads\/2021\/03\/40-hoofdfoto.jpg\" \/>\n\t<meta property=\"og:image:width\" content=\"2048\" \/>\n\t<meta property=\"og:image:height\" content=\"1365\" \/>\n\t<meta property=\"og:image:type\" content=\"image\/jpeg\" \/>\n<meta name=\"twitter:card\" content=\"summary_large_image\" \/>\n<meta name=\"twitter:label1\" content=\"Odhadovan\u00e1 doba \u010dten\u00ed\" \/>\n\t<meta name=\"twitter:data1\" content=\"2 minuty\" \/>\n<script type=\"application\/ld+json\" class=\"yoast-schema-graph\">{\"@context\":\"https:\\\/\\\/schema.org\",\"@graph\":[{\"@type\":\"WebPage\",\"@id\":\"https:\\\/\\\/www.sun-sure-estates.com\\\/cs\\\/produkt\\\/apartmany-za-fantasticke-ceny-v-krasnem-golfovem-resortu-v-alhame\\\/\",\"url\":\"https:\\\/\\\/www.sun-sure-estates.com\\\/cs\\\/produkt\\\/apartmany-za-fantasticke-ceny-v-krasnem-golfovem-resortu-v-alhame\\\/\",\"name\":\"Apartm\u00e1ny za fantastick\u00e9 ceny v kr\u00e1sn\u00e9m golfov\u00e9m resortu v Alham\u011b. - Sun Sure Estates\",\"isPartOf\":{\"@id\":\"https:\\\/\\\/www.sun-sure-estates.com\\\/cs\\\/#website\"},\"primaryImageOfPage\":{\"@id\":\"https:\\\/\\\/www.sun-sure-estates.com\\\/cs\\\/produkt\\\/apartmany-za-fantasticke-ceny-v-krasnem-golfovem-resortu-v-alhame\\\/#primaryimage\"},\"image\":{\"@id\":\"https:\\\/\\\/www.sun-sure-estates.com\\\/cs\\\/produkt\\\/apartmany-za-fantasticke-ceny-v-krasnem-golfovem-resortu-v-alhame\\\/#primaryimage\"},\"thumbnailUrl\":\"https:\\\/\\\/www.sun-sure-estates.com\\\/wp-content\\\/uploads\\\/2021\\\/03\\\/40-hoofdfoto.jpg\",\"datePublished\":\"2021-09-11T07:41:16+00:00\",\"dateModified\":\"2021-09-11T07:41:17+00:00\",\"breadcrumb\":{\"@id\":\"https:\\\/\\\/www.sun-sure-estates.com\\\/cs\\\/produkt\\\/apartmany-za-fantasticke-ceny-v-krasnem-golfovem-resortu-v-alhame\\\/#breadcrumb\"},\"inLanguage\":\"cs\",\"potentialAction\":[{\"@type\":\"ReadAction\",\"target\":[\"https:\\\/\\\/www.sun-sure-estates.com\\\/cs\\\/produkt\\\/apartmany-za-fantasticke-ceny-v-krasnem-golfovem-resortu-v-alhame\\\/\"]}]},{\"@type\":\"ImageObject\",\"inLanguage\":\"cs\",\"@id\":\"https:\\\/\\\/www.sun-sure-estates.com\\\/cs\\\/produkt\\\/apartmany-za-fantasticke-ceny-v-krasnem-golfovem-resortu-v-alhame\\\/#primaryimage\",\"url\":\"https:\\\/\\\/www.sun-sure-estates.com\\\/wp-content\\\/uploads\\\/2021\\\/03\\\/40-hoofdfoto.jpg\",\"contentUrl\":\"https:\\\/\\\/www.sun-sure-estates.com\\\/wp-content\\\/uploads\\\/2021\\\/03\\\/40-hoofdfoto.jpg\",\"width\":2048,\"height\":1365},{\"@type\":\"BreadcrumbList\",\"@id\":\"https:\\\/\\\/www.sun-sure-estates.com\\\/cs\\\/produkt\\\/apartmany-za-fantasticke-ceny-v-krasnem-golfovem-resortu-v-alhame\\\/#breadcrumb\",\"itemListElement\":[{\"@type\":\"ListItem\",\"position\":1,\"name\":\"Home\",\"item\":\"https:\\\/\\\/www.sun-sure-estates.com\\\/cs\\\/\"},{\"@type\":\"ListItem\",\"position\":2,\"name\":\"Winkel\",\"item\":\"https:\\\/\\\/www.sun-sure-estates.com\\\/winkel\\\/\"},{\"@type\":\"ListItem\",\"position\":3,\"name\":\"Apartm\u00e1ny za fantastick\u00e9 ceny v kr\u00e1sn\u00e9m golfov\u00e9m resortu v Alham\u011b.\"}]},{\"@type\":\"WebSite\",\"@id\":\"https:\\\/\\\/www.sun-sure-estates.com\\\/cs\\\/#website\",\"url\":\"https:\\\/\\\/www.sun-sure-estates.com\\\/cs\\\/\",\"name\":\"Sun Sure Estates\",\"description\":\"Beleggen of wonen in je eigen huis onder de zon\",\"potentialAction\":[{\"@type\":\"SearchAction\",\"target\":{\"@type\":\"EntryPoint\",\"urlTemplate\":\"https:\\\/\\\/www.sun-sure-estates.com\\\/cs\\\/?s={search_term_string}\"},\"query-input\":{\"@type\":\"PropertyValueSpecification\",\"valueRequired\":true,\"valueName\":\"search_term_string\"}}],\"inLanguage\":\"cs\"}]}<\/script>\n<!-- \/ Yoast SEO plugin. -->","yoast_head_json":{"title":"Apartm\u00e1ny za fantastick\u00e9 ceny v kr\u00e1sn\u00e9m golfov\u00e9m resortu v Alham\u011b. - Sun Sure Estates","robots":{"index":"index","follow":"follow","max-snippet":"max-snippet:-1","max-image-preview":"max-image-preview:large","max-video-preview":"max-video-preview:-1"},"canonical":"https:\/\/www.sun-sure-estates.com\/cs\/produkt\/apartmany-za-fantasticke-ceny-v-krasnem-golfovem-resortu-v-alhame\/","og_locale":"cs_CZ","og_type":"article","og_title":"Apartm\u00e1ny za fantastick\u00e9 ceny v kr\u00e1sn\u00e9m golfov\u00e9m resortu v Alham\u011b. - Sun Sure Estates","og_description":"V\u00edtejte ve venkovsk\u00e9m golfov\u00e9m resortu nach\u00e1zej\u00edc\u00edm se v kr\u00e1sn\u00e9 lokalit\u011b , kde jsou vystav\u011bny tyto zahradn\u00ed apartm\u00e1ny, apartm\u00e1ny a podkrovn\u00ed byty. Zde si m\u016f\u017eete vychutnat v\u00fdhled na golfov\u00e9 h\u0159i\u0161t\u011b s 18 jamkami a nic v\u00e1m rovn\u011b\u017e nebr\u00e1n\u00ed ve v\u00fdhledu ze zahrady nebo z apartm\u00e1nu na kilometry do d\u00e1li. V dochoz\u00ed vzd\u00e1lenosti se nach\u00e1zej\u00ed v\u0161echny typy [&hellip;]","og_url":"https:\/\/www.sun-sure-estates.com\/cs\/produkt\/apartmany-za-fantasticke-ceny-v-krasnem-golfovem-resortu-v-alhame\/","og_site_name":"Sun Sure Estates","article_modified_time":"2021-09-11T07:41:17+00:00","og_image":[{"width":2048,"height":1365,"url":"https:\/\/www.sun-sure-estates.com\/wp-content\/uploads\/2021\/03\/40-hoofdfoto.jpg","type":"image\/jpeg"}],"twitter_card":"summary_large_image","twitter_misc":{"Odhadovan\u00e1 doba \u010dten\u00ed":"2 minuty"},"schema":{"@context":"https:\/\/schema.org","@graph":[{"@type":"WebPage","@id":"https:\/\/www.sun-sure-estates.com\/cs\/produkt\/apartmany-za-fantasticke-ceny-v-krasnem-golfovem-resortu-v-alhame\/","url":"https:\/\/www.sun-sure-estates.com\/cs\/produkt\/apartmany-za-fantasticke-ceny-v-krasnem-golfovem-resortu-v-alhame\/","name":"Apartm\u00e1ny za fantastick\u00e9 ceny v kr\u00e1sn\u00e9m golfov\u00e9m resortu v Alham\u011b. - Sun Sure Estates","isPartOf":{"@id":"https:\/\/www.sun-sure-estates.com\/cs\/#website"},"primaryImageOfPage":{"@id":"https:\/\/www.sun-sure-estates.com\/cs\/produkt\/apartmany-za-fantasticke-ceny-v-krasnem-golfovem-resortu-v-alhame\/#primaryimage"},"image":{"@id":"https:\/\/www.sun-sure-estates.com\/cs\/produkt\/apartmany-za-fantasticke-ceny-v-krasnem-golfovem-resortu-v-alhame\/#primaryimage"},"thumbnailUrl":"https:\/\/www.sun-sure-estates.com\/wp-content\/uploads\/2021\/03\/40-hoofdfoto.jpg","datePublished":"2021-09-11T07:41:16+00:00","dateModified":"2021-09-11T07:41:17+00:00","breadcrumb":{"@id":"https:\/\/www.sun-sure-estates.com\/cs\/produkt\/apartmany-za-fantasticke-ceny-v-krasnem-golfovem-resortu-v-alhame\/#breadcrumb"},"inLanguage":"cs","potentialAction":[{"@type":"ReadAction","target":["https:\/\/www.sun-sure-estates.com\/cs\/produkt\/apartmany-za-fantasticke-ceny-v-krasnem-golfovem-resortu-v-alhame\/"]}]},{"@type":"ImageObject","inLanguage":"cs","@id":"https:\/\/www.sun-sure-estates.com\/cs\/produkt\/apartmany-za-fantasticke-ceny-v-krasnem-golfovem-resortu-v-alhame\/#primaryimage","url":"https:\/\/www.sun-sure-estates.com\/wp-content\/uploads\/2021\/03\/40-hoofdfoto.jpg","contentUrl":"https:\/\/www.sun-sure-estates.com\/wp-content\/uploads\/2021\/03\/40-hoofdfoto.jpg","width":2048,"height":1365},{"@type":"BreadcrumbList","@id":"https:\/\/www.sun-sure-estates.com\/cs\/produkt\/apartmany-za-fantasticke-ceny-v-krasnem-golfovem-resortu-v-alhame\/#breadcrumb","itemListElement":[{"@type":"ListItem","position":1,"name":"Home","item":"https:\/\/www.sun-sure-estates.com\/cs\/"},{"@type":"ListItem","position":2,"name":"Winkel","item":"https:\/\/www.sun-sure-estates.com\/winkel\/"},{"@type":"ListItem","position":3,"name":"Apartm\u00e1ny za fantastick\u00e9 ceny v kr\u00e1sn\u00e9m golfov\u00e9m resortu v Alham\u011b."}]},{"@type":"WebSite","@id":"https:\/\/www.sun-sure-estates.com\/cs\/#website","url":"https:\/\/www.sun-sure-estates.com\/cs\/","name":"Sun Sure Estates","description":"Beleggen of wonen in je eigen huis onder de zon","potentialAction":[{"@type":"SearchAction","target":{"@type":"EntryPoint","urlTemplate":"https:\/\/www.sun-sure-estates.com\/cs\/?s={search_term_string}"},"query-input":{"@type":"PropertyValueSpecification","valueRequired":true,"valueName":"search_term_string"}}],"inLanguage":"cs"}]}},"_links":{"self":[{"href":"https:\/\/www.sun-sure-estates.com\/cs\/wp-json\/wp\/v2\/product\/9867","targetHints":{"allow":["GET"]}}],"collection":[{"href":"https:\/\/www.sun-sure-estates.com\/cs\/wp-json\/wp\/v2\/product"}],"about":[{"href":"https:\/\/www.sun-sure-estates.com\/cs\/wp-json\/wp\/v2\/types\/product"}],"replies":[{"embeddable":true,"href":"https:\/\/www.sun-sure-estates.com\/cs\/wp-json\/wp\/v2\/comments?post=9867"}],"wp:featuredmedia":[{"embeddable":true,"href":"https:\/\/www.sun-sure-estates.com\/cs\/wp-json\/wp\/v2\/media\/4661"}],"wp:attachment":[{"href":"https:\/\/www.sun-sure-estates.com\/cs\/wp-json\/wp\/v2\/media?parent=9867"}],"wp:term":[{"taxonomy":"product_brand","embeddable":true,"href":"https:\/\/www.sun-sure-estates.com\/cs\/wp-json\/wp\/v2\/product_brand?post=9867"},{"taxonomy":"product_cat","embeddable":true,"href":"https:\/\/www.sun-sure-estates.com\/cs\/wp-json\/wp\/v2\/product_cat?post=9867"},{"taxonomy":"product_tag","embeddable":true,"href":"https:\/\/www.sun-sure-estates.com\/cs\/wp-json\/wp\/v2\/product_tag?post=9867"}],"curies":[{"name":"wp","href":"https:\/\/api.w.org\/{rel}","templated":true}]}}