{"id":9868,"date":"2021-03-13T13:32:52","date_gmt":"2021-09-11T07:50:56","guid":{"rendered":"https:\/\/www.sun-sure-estates.com\/?post_type=product&#038;p=9868"},"modified":"2021-09-11T09:52:29","modified_gmt":"2021-09-11T07:52:29","slug":"fantasticke-podkrovni-byty-za-zajimave-ceny-v-krasnem-golfovem-resortu-v-alhame","status":"publish","type":"product","link":"https:\/\/www.sun-sure-estates.com\/cs\/produkt\/fantasticke-podkrovni-byty-za-zajimave-ceny-v-krasnem-golfovem-resortu-v-alhame\/","title":{"rendered":"Fantastick\u00e9 podkrovn\u00ed byty za zaj\u00edmav\u00e9 ceny v kr\u00e1sn\u00e9m golfov\u00e9m resortu v Alham\u011b."},"content":{"rendered":"<p>V\u00edtejte ve venkovsk\u00e9m a kr\u00e1sn\u011b um\u00edst\u011bn\u00e9m golfov\u00e9m resortu , kde jsou vystav\u011bny tyto podkrovn\u00ed byty, zahradn\u00ed apart\u00e1ny a apartm\u00e1ny.\u00a0 Zde si m\u016f\u017eete u\u017e\u00edt v\u00fdhled na 18 jamkov\u00e9 golfov\u00e9 h\u0159i\u0161t\u011b.\u00a0A kilometry otev\u0159en\u00fdch v\u00fdhled\u016f z podkrovn\u00edch byt\u016f nebo velk\u00e9 st\u0159e\u0161n\u00ed terasy.V dochoz\u00ed vzd\u00e1lenosti se nach\u00e1zej\u00ed v\u0161echny typy za\u0159\u00edzen\u00ed, jako jsou supermarket, restaurace, bary, pek\u00e1rna mnoho dal\u0161\u00edch!<\/p>\n<p>Podkrovn\u00ed byty, do kter\u00fdch vstupujete po schodech nebo v\u00fdtahem, jsou rozd\u011bleny do ob\u00fdvac\u00edho pokoje, rohov\u00e9 kuchyn\u011b s barem, j\u00eddeln\u00edho prostoru, 2 lo\u017enic a 2 koupelen, z nich\u017e jedna soused s hlavn\u00ed lo\u017enic\u00ed. \\velk\u00fd balk\u00f3n\u00a0navazuje na ob\u00fdvac\u00ed pokoj a lo\u017enici. |Z balkonu vedou schody na prostornou st\u0159e\u0161n\u00ed terasu\u00a0 o rozloze 68 m2. Jak na terase, tak na st\u0159e\u0161n\u00ed terase, kter\u00e1 poskytuje dostatek prostoru pro leh\u00e1tka, j\u00eddeln\u00ed stoly, grill a jacuzzi, si m\u016f\u017eete u\u017e\u00edt slunce, klidu a p\u0159\u00edjemn\u00fdch tepl\u00fdch letnich dn\u00ed i ve\u010der\u016f.<\/p>\n<p>Rozlehl\u00e9 p\u00edse\u010dn\u00e9 pl\u00e1\u017ee Murcie jsou vzd\u00e1leny 25 km a kr\u00e1sn\u00e9 a historick\u00e9 m\u011bsto Cartagena\u00a0\u00a0 30 km. Chcete si zahr\u00e1t golf nebo byste rad\u011bji nav\u0161t\u00edvili kosmetick\u00fd sal\u00f3n \u010di si zahr\u00e1li tenis?<\/p>\n<p>\u017d\u00e1dn\u00fd probl\u00e9m. Tato a i jin\u00e1 za\u0159\u00edzen\u00ed jsou v\u0161echna v dochoz\u00ed vzd\u00e1lenosti. |V t\u00e9to oblasti si rovn\u011b\u017e m\u016f\u017eete zajezdit na kole v p\u0159\u00edrod\u011b. Zkr\u00e1tka dost d\u016fvod\u016f p\u0159ijet do oblasti Costa Blanca a v\u0161e si u\u017e\u00edt ka\u017ed\u00fd den!<\/p>\n","protected":false},"excerpt":{"rendered":"<p>V\u00edtejte ve venkovsk\u00e9m a kr\u00e1sn\u011b um\u00edst\u011bn\u00e9m golfov\u00e9m resortu , kde jsou vystav\u011bny tyto podkrovn\u00ed byty, zahradn\u00ed apart\u00e1ny a apartm\u00e1ny.\u00a0 Zde si m\u016f\u017eete u\u017e\u00edt v\u00fdhled na 18 jamkov\u00e9 golfov\u00e9 h\u0159i\u0161t\u011b.\u00a0A kilometry otev\u0159en\u00fdch v\u00fdhled\u016f z podkrovn\u00edch byt\u016f nebo velk\u00e9 st\u0159e\u0161n\u00ed terasy.V dochoz\u00ed vzd\u00e1lenosti se nach\u00e1zej\u00ed v\u0161echny typy za\u0159\u00edzen\u00ed, jako jsou supermarket, restaurace, bary, pek\u00e1rna mnoho dal\u0161\u00edch! Podkrovn\u00ed [&hellip;]<\/p>\n","protected":false},"featured_media":4532,"comment_status":"open","ping_status":"closed","template":"","meta":{"_acf_changed":false},"product_brand":[],"product_cat":[15],"product_tag":[],"class_list":{"0":"post-9868","1":"product","2":"type-product","3":"status-publish","4":"has-post-thumbnail","6":"province-murcia","7":"places-alhama","8":"country-spanje","9":"region-costa-blanca","10":"product_cat-geen-categorie","12":"first","13":"instock","14":"shipping-taxable","15":"purchasable","16":"product-type-simple"},"acf":[],"yoast_head":"<!-- This site is optimized with the Yoast SEO plugin v27.5 - https:\/\/yoast.com\/product\/yoast-seo-wordpress\/ -->\n<title>Fantastick\u00e9 podkrovn\u00ed byty za zaj\u00edmav\u00e9 ceny v kr\u00e1sn\u00e9m golfov\u00e9m resortu v Alham\u011b. - Sun Sure Estates<\/title>\n<meta name=\"robots\" content=\"index, follow, max-snippet:-1, max-image-preview:large, max-video-preview:-1\" \/>\n<link rel=\"canonical\" href=\"https:\/\/www.sun-sure-estates.com\/cs\/produkt\/fantasticke-podkrovni-byty-za-zajimave-ceny-v-krasnem-golfovem-resortu-v-alhame\/\" \/>\n<meta property=\"og:locale\" content=\"cs_CZ\" \/>\n<meta property=\"og:type\" content=\"article\" \/>\n<meta property=\"og:title\" content=\"Fantastick\u00e9 podkrovn\u00ed byty za zaj\u00edmav\u00e9 ceny v kr\u00e1sn\u00e9m golfov\u00e9m resortu v Alham\u011b. - Sun Sure Estates\" \/>\n<meta property=\"og:description\" content=\"V\u00edtejte ve venkovsk\u00e9m a kr\u00e1sn\u011b um\u00edst\u011bn\u00e9m golfov\u00e9m resortu , kde jsou vystav\u011bny tyto podkrovn\u00ed byty, zahradn\u00ed apart\u00e1ny a apartm\u00e1ny.\u00a0 Zde si m\u016f\u017eete u\u017e\u00edt v\u00fdhled na 18 jamkov\u00e9 golfov\u00e9 h\u0159i\u0161t\u011b.\u00a0A kilometry otev\u0159en\u00fdch v\u00fdhled\u016f z podkrovn\u00edch byt\u016f nebo velk\u00e9 st\u0159e\u0161n\u00ed terasy.V dochoz\u00ed vzd\u00e1lenosti se nach\u00e1zej\u00ed v\u0161echny typy za\u0159\u00edzen\u00ed, jako jsou supermarket, restaurace, bary, pek\u00e1rna mnoho dal\u0161\u00edch! Podkrovn\u00ed [&hellip;]\" \/>\n<meta property=\"og:url\" content=\"https:\/\/www.sun-sure-estates.com\/cs\/produkt\/fantasticke-podkrovni-byty-za-zajimave-ceny-v-krasnem-golfovem-resortu-v-alhame\/\" \/>\n<meta property=\"og:site_name\" content=\"Sun Sure Estates\" \/>\n<meta property=\"article:modified_time\" content=\"2021-09-11T07:52:29+00:00\" \/>\n<meta property=\"og:image\" content=\"https:\/\/www.sun-sure-estates.com\/wp-content\/uploads\/2021\/03\/39-hoofdfoto-1024x585.jpg\" \/>\n\t<meta property=\"og:image:width\" content=\"1024\" \/>\n\t<meta property=\"og:image:height\" content=\"585\" \/>\n\t<meta property=\"og:image:type\" content=\"image\/jpeg\" \/>\n<meta name=\"twitter:card\" content=\"summary_large_image\" \/>\n<meta name=\"twitter:label1\" content=\"Odhadovan\u00e1 doba \u010dten\u00ed\" \/>\n\t<meta name=\"twitter:data1\" content=\"1 minuta\" \/>\n<script type=\"application\/ld+json\" class=\"yoast-schema-graph\">{\"@context\":\"https:\\\/\\\/schema.org\",\"@graph\":[{\"@type\":\"WebPage\",\"@id\":\"https:\\\/\\\/www.sun-sure-estates.com\\\/cs\\\/produkt\\\/fantasticke-podkrovni-byty-za-zajimave-ceny-v-krasnem-golfovem-resortu-v-alhame\\\/\",\"url\":\"https:\\\/\\\/www.sun-sure-estates.com\\\/cs\\\/produkt\\\/fantasticke-podkrovni-byty-za-zajimave-ceny-v-krasnem-golfovem-resortu-v-alhame\\\/\",\"name\":\"Fantastick\u00e9 podkrovn\u00ed byty za zaj\u00edmav\u00e9 ceny v kr\u00e1sn\u00e9m golfov\u00e9m resortu v Alham\u011b. - Sun Sure Estates\",\"isPartOf\":{\"@id\":\"https:\\\/\\\/www.sun-sure-estates.com\\\/cs\\\/#website\"},\"primaryImageOfPage\":{\"@id\":\"https:\\\/\\\/www.sun-sure-estates.com\\\/cs\\\/produkt\\\/fantasticke-podkrovni-byty-za-zajimave-ceny-v-krasnem-golfovem-resortu-v-alhame\\\/#primaryimage\"},\"image\":{\"@id\":\"https:\\\/\\\/www.sun-sure-estates.com\\\/cs\\\/produkt\\\/fantasticke-podkrovni-byty-za-zajimave-ceny-v-krasnem-golfovem-resortu-v-alhame\\\/#primaryimage\"},\"thumbnailUrl\":\"https:\\\/\\\/www.sun-sure-estates.com\\\/wp-content\\\/uploads\\\/2021\\\/03\\\/39-hoofdfoto.jpg\",\"datePublished\":\"2021-09-11T07:50:56+00:00\",\"dateModified\":\"2021-09-11T07:52:29+00:00\",\"breadcrumb\":{\"@id\":\"https:\\\/\\\/www.sun-sure-estates.com\\\/cs\\\/produkt\\\/fantasticke-podkrovni-byty-za-zajimave-ceny-v-krasnem-golfovem-resortu-v-alhame\\\/#breadcrumb\"},\"inLanguage\":\"cs\",\"potentialAction\":[{\"@type\":\"ReadAction\",\"target\":[\"https:\\\/\\\/www.sun-sure-estates.com\\\/cs\\\/produkt\\\/fantasticke-podkrovni-byty-za-zajimave-ceny-v-krasnem-golfovem-resortu-v-alhame\\\/\"]}]},{\"@type\":\"ImageObject\",\"inLanguage\":\"cs\",\"@id\":\"https:\\\/\\\/www.sun-sure-estates.com\\\/cs\\\/produkt\\\/fantasticke-podkrovni-byty-za-zajimave-ceny-v-krasnem-golfovem-resortu-v-alhame\\\/#primaryimage\",\"url\":\"https:\\\/\\\/www.sun-sure-estates.com\\\/wp-content\\\/uploads\\\/2021\\\/03\\\/39-hoofdfoto.jpg\",\"contentUrl\":\"https:\\\/\\\/www.sun-sure-estates.com\\\/wp-content\\\/uploads\\\/2021\\\/03\\\/39-hoofdfoto.jpg\",\"width\":2500,\"height\":1428},{\"@type\":\"BreadcrumbList\",\"@id\":\"https:\\\/\\\/www.sun-sure-estates.com\\\/cs\\\/produkt\\\/fantasticke-podkrovni-byty-za-zajimave-ceny-v-krasnem-golfovem-resortu-v-alhame\\\/#breadcrumb\",\"itemListElement\":[{\"@type\":\"ListItem\",\"position\":1,\"name\":\"Home\",\"item\":\"https:\\\/\\\/www.sun-sure-estates.com\\\/cs\\\/\"},{\"@type\":\"ListItem\",\"position\":2,\"name\":\"Winkel\",\"item\":\"https:\\\/\\\/www.sun-sure-estates.com\\\/winkel\\\/\"},{\"@type\":\"ListItem\",\"position\":3,\"name\":\"Fantastick\u00e9 podkrovn\u00ed byty za zaj\u00edmav\u00e9 ceny v kr\u00e1sn\u00e9m golfov\u00e9m resortu v Alham\u011b.\"}]},{\"@type\":\"WebSite\",\"@id\":\"https:\\\/\\\/www.sun-sure-estates.com\\\/cs\\\/#website\",\"url\":\"https:\\\/\\\/www.sun-sure-estates.com\\\/cs\\\/\",\"name\":\"Sun Sure Estates\",\"description\":\"Beleggen of wonen in je eigen huis onder de zon\",\"potentialAction\":[{\"@type\":\"SearchAction\",\"target\":{\"@type\":\"EntryPoint\",\"urlTemplate\":\"https:\\\/\\\/www.sun-sure-estates.com\\\/cs\\\/?s={search_term_string}\"},\"query-input\":{\"@type\":\"PropertyValueSpecification\",\"valueRequired\":true,\"valueName\":\"search_term_string\"}}],\"inLanguage\":\"cs\"}]}<\/script>\n<!-- \/ Yoast SEO plugin. -->","yoast_head_json":{"title":"Fantastick\u00e9 podkrovn\u00ed byty za zaj\u00edmav\u00e9 ceny v kr\u00e1sn\u00e9m golfov\u00e9m resortu v Alham\u011b. - Sun Sure Estates","robots":{"index":"index","follow":"follow","max-snippet":"max-snippet:-1","max-image-preview":"max-image-preview:large","max-video-preview":"max-video-preview:-1"},"canonical":"https:\/\/www.sun-sure-estates.com\/cs\/produkt\/fantasticke-podkrovni-byty-za-zajimave-ceny-v-krasnem-golfovem-resortu-v-alhame\/","og_locale":"cs_CZ","og_type":"article","og_title":"Fantastick\u00e9 podkrovn\u00ed byty za zaj\u00edmav\u00e9 ceny v kr\u00e1sn\u00e9m golfov\u00e9m resortu v Alham\u011b. - Sun Sure Estates","og_description":"V\u00edtejte ve venkovsk\u00e9m a kr\u00e1sn\u011b um\u00edst\u011bn\u00e9m golfov\u00e9m resortu , kde jsou vystav\u011bny tyto podkrovn\u00ed byty, zahradn\u00ed apart\u00e1ny a apartm\u00e1ny.\u00a0 Zde si m\u016f\u017eete u\u017e\u00edt v\u00fdhled na 18 jamkov\u00e9 golfov\u00e9 h\u0159i\u0161t\u011b.\u00a0A kilometry otev\u0159en\u00fdch v\u00fdhled\u016f z podkrovn\u00edch byt\u016f nebo velk\u00e9 st\u0159e\u0161n\u00ed terasy.V dochoz\u00ed vzd\u00e1lenosti se nach\u00e1zej\u00ed v\u0161echny typy za\u0159\u00edzen\u00ed, jako jsou supermarket, restaurace, bary, pek\u00e1rna mnoho dal\u0161\u00edch! Podkrovn\u00ed [&hellip;]","og_url":"https:\/\/www.sun-sure-estates.com\/cs\/produkt\/fantasticke-podkrovni-byty-za-zajimave-ceny-v-krasnem-golfovem-resortu-v-alhame\/","og_site_name":"Sun Sure Estates","article_modified_time":"2021-09-11T07:52:29+00:00","og_image":[{"width":1024,"height":585,"url":"https:\/\/www.sun-sure-estates.com\/wp-content\/uploads\/2021\/03\/39-hoofdfoto-1024x585.jpg","type":"image\/jpeg"}],"twitter_card":"summary_large_image","twitter_misc":{"Odhadovan\u00e1 doba \u010dten\u00ed":"1 minuta"},"schema":{"@context":"https:\/\/schema.org","@graph":[{"@type":"WebPage","@id":"https:\/\/www.sun-sure-estates.com\/cs\/produkt\/fantasticke-podkrovni-byty-za-zajimave-ceny-v-krasnem-golfovem-resortu-v-alhame\/","url":"https:\/\/www.sun-sure-estates.com\/cs\/produkt\/fantasticke-podkrovni-byty-za-zajimave-ceny-v-krasnem-golfovem-resortu-v-alhame\/","name":"Fantastick\u00e9 podkrovn\u00ed byty za zaj\u00edmav\u00e9 ceny v kr\u00e1sn\u00e9m golfov\u00e9m resortu v Alham\u011b. - Sun Sure Estates","isPartOf":{"@id":"https:\/\/www.sun-sure-estates.com\/cs\/#website"},"primaryImageOfPage":{"@id":"https:\/\/www.sun-sure-estates.com\/cs\/produkt\/fantasticke-podkrovni-byty-za-zajimave-ceny-v-krasnem-golfovem-resortu-v-alhame\/#primaryimage"},"image":{"@id":"https:\/\/www.sun-sure-estates.com\/cs\/produkt\/fantasticke-podkrovni-byty-za-zajimave-ceny-v-krasnem-golfovem-resortu-v-alhame\/#primaryimage"},"thumbnailUrl":"https:\/\/www.sun-sure-estates.com\/wp-content\/uploads\/2021\/03\/39-hoofdfoto.jpg","datePublished":"2021-09-11T07:50:56+00:00","dateModified":"2021-09-11T07:52:29+00:00","breadcrumb":{"@id":"https:\/\/www.sun-sure-estates.com\/cs\/produkt\/fantasticke-podkrovni-byty-za-zajimave-ceny-v-krasnem-golfovem-resortu-v-alhame\/#breadcrumb"},"inLanguage":"cs","potentialAction":[{"@type":"ReadAction","target":["https:\/\/www.sun-sure-estates.com\/cs\/produkt\/fantasticke-podkrovni-byty-za-zajimave-ceny-v-krasnem-golfovem-resortu-v-alhame\/"]}]},{"@type":"ImageObject","inLanguage":"cs","@id":"https:\/\/www.sun-sure-estates.com\/cs\/produkt\/fantasticke-podkrovni-byty-za-zajimave-ceny-v-krasnem-golfovem-resortu-v-alhame\/#primaryimage","url":"https:\/\/www.sun-sure-estates.com\/wp-content\/uploads\/2021\/03\/39-hoofdfoto.jpg","contentUrl":"https:\/\/www.sun-sure-estates.com\/wp-content\/uploads\/2021\/03\/39-hoofdfoto.jpg","width":2500,"height":1428},{"@type":"BreadcrumbList","@id":"https:\/\/www.sun-sure-estates.com\/cs\/produkt\/fantasticke-podkrovni-byty-za-zajimave-ceny-v-krasnem-golfovem-resortu-v-alhame\/#breadcrumb","itemListElement":[{"@type":"ListItem","position":1,"name":"Home","item":"https:\/\/www.sun-sure-estates.com\/cs\/"},{"@type":"ListItem","position":2,"name":"Winkel","item":"https:\/\/www.sun-sure-estates.com\/winkel\/"},{"@type":"ListItem","position":3,"name":"Fantastick\u00e9 podkrovn\u00ed byty za zaj\u00edmav\u00e9 ceny v kr\u00e1sn\u00e9m golfov\u00e9m resortu v Alham\u011b."}]},{"@type":"WebSite","@id":"https:\/\/www.sun-sure-estates.com\/cs\/#website","url":"https:\/\/www.sun-sure-estates.com\/cs\/","name":"Sun Sure Estates","description":"Beleggen of wonen in je eigen huis onder de zon","potentialAction":[{"@type":"SearchAction","target":{"@type":"EntryPoint","urlTemplate":"https:\/\/www.sun-sure-estates.com\/cs\/?s={search_term_string}"},"query-input":{"@type":"PropertyValueSpecification","valueRequired":true,"valueName":"search_term_string"}}],"inLanguage":"cs"}]}},"_links":{"self":[{"href":"https:\/\/www.sun-sure-estates.com\/cs\/wp-json\/wp\/v2\/product\/9868","targetHints":{"allow":["GET"]}}],"collection":[{"href":"https:\/\/www.sun-sure-estates.com\/cs\/wp-json\/wp\/v2\/product"}],"about":[{"href":"https:\/\/www.sun-sure-estates.com\/cs\/wp-json\/wp\/v2\/types\/product"}],"replies":[{"embeddable":true,"href":"https:\/\/www.sun-sure-estates.com\/cs\/wp-json\/wp\/v2\/comments?post=9868"}],"wp:featuredmedia":[{"embeddable":true,"href":"https:\/\/www.sun-sure-estates.com\/cs\/wp-json\/wp\/v2\/media\/4532"}],"wp:attachment":[{"href":"https:\/\/www.sun-sure-estates.com\/cs\/wp-json\/wp\/v2\/media?parent=9868"}],"wp:term":[{"taxonomy":"product_brand","embeddable":true,"href":"https:\/\/www.sun-sure-estates.com\/cs\/wp-json\/wp\/v2\/product_brand?post=9868"},{"taxonomy":"product_cat","embeddable":true,"href":"https:\/\/www.sun-sure-estates.com\/cs\/wp-json\/wp\/v2\/product_cat?post=9868"},{"taxonomy":"product_tag","embeddable":true,"href":"https:\/\/www.sun-sure-estates.com\/cs\/wp-json\/wp\/v2\/product_tag?post=9868"}],"curies":[{"name":"wp","href":"https:\/\/api.w.org\/{rel}","templated":true}]}}