{"id":9899,"date":"2021-01-12T22:00:30","date_gmt":"2021-09-13T13:18:18","guid":{"rendered":"https:\/\/www.sun-sure-estates.com\/?post_type=product&#038;p=9899"},"modified":"2021-09-13T15:21:43","modified_gmt":"2021-09-13T13:21:43","slug":"jedinecne-radove-podkrovni-byty-v-severni-casti-oblasti-costa-blanca","status":"publish","type":"product","link":"https:\/\/www.sun-sure-estates.com\/cs\/produkt\/jedinecne-radove-podkrovni-byty-v-severni-casti-oblasti-costa-blanca\/","title":{"rendered":"Jedine\u010dn\u00e9 \u0159adov\u00e9 podkrovn\u00ed byty v severn\u00ed \u010d\u00e1sti oblasti Costa Blanca"},"content":{"rendered":"<p>V\u00edtejte ve slunn\u00e9m regionu Costa Blanca, kde byly vystav\u011bny tyto kr\u00e1sn\u00e9 a prostorn\u00e9 \u0159adov\u00e9 p\u0159\u00edzemn\u00ed apartm\u00e1ny a podkrovn\u00ed byty se 2 nebo 3 lo\u017enicemi. V\u0161e nabl\u00edzku,tak abyste si mohli u\u017e\u00edt St\u0159edozemn\u00edho mo\u0159e, pl\u00e1\u017ee, n\u00e1kupy, restaurace a hran\u00ed golfu.<\/p>\n<p>Stavby jsou um\u00edst\u011bny v uzav\u0159en\u00e9 z\u00e1stavb\u011b s vlastn\u00ed prostornou zahradou, terasou, spole\u010dnou saunou a venkovn\u00edm baz\u00e9nem s jacuzzi. Baz\u00e9n je vyt\u00e1p\u011bn po cel\u00fd rok. Z leti\u0161t\u011b v Alicante se do va\u0161eho pr\u00e1zdninov\u00e9ho domu dostanete za pouh\u00fdch 45 minut autem.<\/p>\n<p>Exteri\u00e9r t\u011bchto podkrovn\u00edch byt\u016f tvo\u0159\u00ed kr\u00e1sn\u00e1 dla\u017eba, kter\u00e1 mu prop\u016fj\u010duje unik\u00e1tn\u00ed vzhled.Do t\u011bchto prostorn\u00fdch podkrovn\u00edch byt\u016f vstupujete po priv\u00e1tn\u00edm schodi\u0161ti, kter\u00e9 vede do ob\u00fdvac\u00edho pokoje, kuchyn\u011b a baru, j\u00eddelny, 2 lo\u017enic a 2 koupelen, z nich\u017e jedna soused\u00ed p\u0159\u00edmo s hlavn\u00ed lo\u017enic\u00ed.\u00a0 Ka\u017ed\u00e1 lo\u017enice nab\u00edz\u00ed komfort\u00a0v podob\u011b vestav\u011bn\u00e9 sk\u0159\u00edn\u011b.<\/p>\n<p>Zasouvac\u00ed dve\u0159e v ob\u00fdvac\u00edm pokoji umo\u017e\u0148uj\u00ed p\u0159\u00edm\u00fd p\u0159\u00edstup na prostornou terasu s velk\u00fdmi dla\u017edicemi. Odsud je t\u00e9\u017e kr\u00e1sn\u00fd v\u00fdhled do spole\u010dn\u00e9ho vnit\u0159n\u00edho prostoru.<\/p>\n<p>O poschod\u00ed v\u00fd\u0161e je velk\u00e1 st\u0159e\u0161n\u00ed terasa, kterou lze pou\u017e\u00edt jako venkovn\u00ed kuchy\u0148, dovybavit leh\u00e1tky, \u017eidlemi, atd. Odsud si m\u016f\u017eete vychutnat fantastick\u00fd v\u00fdhled do hor, na panorama Benidormu a St\u0159edozemn\u00ed mo\u0159e!<\/p>\n<p>V\u016fz a kola lze parkovat v soukrom\u00e9m vnit\u0159n\u00edm parkovac\u00edm prostoru.<\/p>\n<p>Za pouh\u00fdch 15 minut jste v p\u0159\u00edstavu a na pl\u00e1\u017ei a za 7 minut autem v golfov\u00e9m resortu Meli\u00e1 VillaitanaGolf. Na m\u00edstn\u00edm trhu a supermarketu jste pouze za 5 minut autem.<\/p>\n","protected":false},"excerpt":{"rendered":"<p>V\u00edtejte ve slunn\u00e9m regionu Costa Blanca, kde byly vystav\u011bny tyto kr\u00e1sn\u00e9 a prostorn\u00e9 \u0159adov\u00e9 p\u0159\u00edzemn\u00ed apartm\u00e1ny a podkrovn\u00ed byty se 2 nebo 3 lo\u017enicemi. V\u0161e nabl\u00edzku,tak abyste si mohli u\u017e\u00edt St\u0159edozemn\u00edho mo\u0159e, pl\u00e1\u017ee, n\u00e1kupy, restaurace a hran\u00ed golfu. Stavby jsou um\u00edst\u011bny v uzav\u0159en\u00e9 z\u00e1stavb\u011b s vlastn\u00ed prostornou zahradou, terasou, spole\u010dnou saunou a venkovn\u00edm baz\u00e9nem s [&hellip;]<\/p>\n","protected":false},"featured_media":6213,"comment_status":"open","ping_status":"closed","template":"","meta":{"_acf_changed":false},"product_brand":[],"product_cat":[15],"product_tag":[],"class_list":{"0":"post-9899","1":"product","2":"type-product","3":"status-publish","4":"has-post-thumbnail","6":"province-alicante","7":"places-polop","8":"country-spanje","9":"region-costa-blanca","10":"product_cat-geen-categorie","12":"first","13":"instock","14":"shipping-taxable","15":"purchasable","16":"product-type-simple"},"acf":[],"yoast_head":"<!-- This site is optimized with the Yoast SEO plugin v27.5 - https:\/\/yoast.com\/product\/yoast-seo-wordpress\/ -->\n<title>Jedine\u010dn\u00e9 \u0159adov\u00e9 podkrovn\u00ed byty v severn\u00ed \u010d\u00e1sti oblasti Costa Blanca - Sun Sure Estates<\/title>\n<meta name=\"robots\" content=\"index, follow, max-snippet:-1, max-image-preview:large, max-video-preview:-1\" \/>\n<link rel=\"canonical\" href=\"https:\/\/www.sun-sure-estates.com\/cs\/produkt\/jedinecne-radove-podkrovni-byty-v-severni-casti-oblasti-costa-blanca\/\" \/>\n<meta property=\"og:locale\" content=\"cs_CZ\" \/>\n<meta property=\"og:type\" content=\"article\" \/>\n<meta property=\"og:title\" content=\"Jedine\u010dn\u00e9 \u0159adov\u00e9 podkrovn\u00ed byty v severn\u00ed \u010d\u00e1sti oblasti Costa Blanca - Sun Sure Estates\" \/>\n<meta property=\"og:description\" content=\"V\u00edtejte ve slunn\u00e9m regionu Costa Blanca, kde byly vystav\u011bny tyto kr\u00e1sn\u00e9 a prostorn\u00e9 \u0159adov\u00e9 p\u0159\u00edzemn\u00ed apartm\u00e1ny a podkrovn\u00ed byty se 2 nebo 3 lo\u017enicemi. V\u0161e nabl\u00edzku,tak abyste si mohli u\u017e\u00edt St\u0159edozemn\u00edho mo\u0159e, pl\u00e1\u017ee, n\u00e1kupy, restaurace a hran\u00ed golfu. Stavby jsou um\u00edst\u011bny v uzav\u0159en\u00e9 z\u00e1stavb\u011b s vlastn\u00ed prostornou zahradou, terasou, spole\u010dnou saunou a venkovn\u00edm baz\u00e9nem s [&hellip;]\" \/>\n<meta property=\"og:url\" content=\"https:\/\/www.sun-sure-estates.com\/cs\/produkt\/jedinecne-radove-podkrovni-byty-v-severni-casti-oblasti-costa-blanca\/\" \/>\n<meta property=\"og:site_name\" content=\"Sun Sure Estates\" \/>\n<meta property=\"article:modified_time\" content=\"2021-09-13T13:21:43+00:00\" \/>\n<meta property=\"og:image\" content=\"https:\/\/www.sun-sure-estates.com\/wp-content\/uploads\/2021\/01\/1.-Main-foto-2-1-scaled.jpg\" \/>\n\t<meta property=\"og:image:width\" content=\"2560\" \/>\n\t<meta property=\"og:image:height\" content=\"1707\" \/>\n\t<meta property=\"og:image:type\" content=\"image\/jpeg\" \/>\n<meta name=\"twitter:card\" content=\"summary_large_image\" \/>\n<meta name=\"twitter:label1\" content=\"Odhadovan\u00e1 doba \u010dten\u00ed\" \/>\n\t<meta name=\"twitter:data1\" content=\"2 minuty\" \/>\n<script type=\"application\/ld+json\" class=\"yoast-schema-graph\">{\"@context\":\"https:\\\/\\\/schema.org\",\"@graph\":[{\"@type\":\"WebPage\",\"@id\":\"https:\\\/\\\/www.sun-sure-estates.com\\\/cs\\\/produkt\\\/jedinecne-radove-podkrovni-byty-v-severni-casti-oblasti-costa-blanca\\\/\",\"url\":\"https:\\\/\\\/www.sun-sure-estates.com\\\/cs\\\/produkt\\\/jedinecne-radove-podkrovni-byty-v-severni-casti-oblasti-costa-blanca\\\/\",\"name\":\"Jedine\u010dn\u00e9 \u0159adov\u00e9 podkrovn\u00ed byty v severn\u00ed \u010d\u00e1sti oblasti Costa Blanca - Sun Sure Estates\",\"isPartOf\":{\"@id\":\"https:\\\/\\\/www.sun-sure-estates.com\\\/cs\\\/#website\"},\"primaryImageOfPage\":{\"@id\":\"https:\\\/\\\/www.sun-sure-estates.com\\\/cs\\\/produkt\\\/jedinecne-radove-podkrovni-byty-v-severni-casti-oblasti-costa-blanca\\\/#primaryimage\"},\"image\":{\"@id\":\"https:\\\/\\\/www.sun-sure-estates.com\\\/cs\\\/produkt\\\/jedinecne-radove-podkrovni-byty-v-severni-casti-oblasti-costa-blanca\\\/#primaryimage\"},\"thumbnailUrl\":\"https:\\\/\\\/www.sun-sure-estates.com\\\/wp-content\\\/uploads\\\/2021\\\/01\\\/1.-Main-foto-2-1-scaled.jpg\",\"datePublished\":\"2021-09-13T13:18:18+00:00\",\"dateModified\":\"2021-09-13T13:21:43+00:00\",\"breadcrumb\":{\"@id\":\"https:\\\/\\\/www.sun-sure-estates.com\\\/cs\\\/produkt\\\/jedinecne-radove-podkrovni-byty-v-severni-casti-oblasti-costa-blanca\\\/#breadcrumb\"},\"inLanguage\":\"cs\",\"potentialAction\":[{\"@type\":\"ReadAction\",\"target\":[\"https:\\\/\\\/www.sun-sure-estates.com\\\/cs\\\/produkt\\\/jedinecne-radove-podkrovni-byty-v-severni-casti-oblasti-costa-blanca\\\/\"]}]},{\"@type\":\"ImageObject\",\"inLanguage\":\"cs\",\"@id\":\"https:\\\/\\\/www.sun-sure-estates.com\\\/cs\\\/produkt\\\/jedinecne-radove-podkrovni-byty-v-severni-casti-oblasti-costa-blanca\\\/#primaryimage\",\"url\":\"https:\\\/\\\/www.sun-sure-estates.com\\\/wp-content\\\/uploads\\\/2021\\\/01\\\/1.-Main-foto-2-1-scaled.jpg\",\"contentUrl\":\"https:\\\/\\\/www.sun-sure-estates.com\\\/wp-content\\\/uploads\\\/2021\\\/01\\\/1.-Main-foto-2-1-scaled.jpg\",\"width\":2560,\"height\":1707},{\"@type\":\"BreadcrumbList\",\"@id\":\"https:\\\/\\\/www.sun-sure-estates.com\\\/cs\\\/produkt\\\/jedinecne-radove-podkrovni-byty-v-severni-casti-oblasti-costa-blanca\\\/#breadcrumb\",\"itemListElement\":[{\"@type\":\"ListItem\",\"position\":1,\"name\":\"Home\",\"item\":\"https:\\\/\\\/www.sun-sure-estates.com\\\/cs\\\/\"},{\"@type\":\"ListItem\",\"position\":2,\"name\":\"Winkel\",\"item\":\"https:\\\/\\\/www.sun-sure-estates.com\\\/winkel\\\/\"},{\"@type\":\"ListItem\",\"position\":3,\"name\":\"Jedine\u010dn\u00e9 \u0159adov\u00e9 podkrovn\u00ed byty v severn\u00ed \u010d\u00e1sti oblasti Costa Blanca\"}]},{\"@type\":\"WebSite\",\"@id\":\"https:\\\/\\\/www.sun-sure-estates.com\\\/cs\\\/#website\",\"url\":\"https:\\\/\\\/www.sun-sure-estates.com\\\/cs\\\/\",\"name\":\"Sun Sure Estates\",\"description\":\"Beleggen of wonen in je eigen huis onder de zon\",\"potentialAction\":[{\"@type\":\"SearchAction\",\"target\":{\"@type\":\"EntryPoint\",\"urlTemplate\":\"https:\\\/\\\/www.sun-sure-estates.com\\\/cs\\\/?s={search_term_string}\"},\"query-input\":{\"@type\":\"PropertyValueSpecification\",\"valueRequired\":true,\"valueName\":\"search_term_string\"}}],\"inLanguage\":\"cs\"}]}<\/script>\n<!-- \/ Yoast SEO plugin. -->","yoast_head_json":{"title":"Jedine\u010dn\u00e9 \u0159adov\u00e9 podkrovn\u00ed byty v severn\u00ed \u010d\u00e1sti oblasti Costa Blanca - Sun Sure Estates","robots":{"index":"index","follow":"follow","max-snippet":"max-snippet:-1","max-image-preview":"max-image-preview:large","max-video-preview":"max-video-preview:-1"},"canonical":"https:\/\/www.sun-sure-estates.com\/cs\/produkt\/jedinecne-radove-podkrovni-byty-v-severni-casti-oblasti-costa-blanca\/","og_locale":"cs_CZ","og_type":"article","og_title":"Jedine\u010dn\u00e9 \u0159adov\u00e9 podkrovn\u00ed byty v severn\u00ed \u010d\u00e1sti oblasti Costa Blanca - Sun Sure Estates","og_description":"V\u00edtejte ve slunn\u00e9m regionu Costa Blanca, kde byly vystav\u011bny tyto kr\u00e1sn\u00e9 a prostorn\u00e9 \u0159adov\u00e9 p\u0159\u00edzemn\u00ed apartm\u00e1ny a podkrovn\u00ed byty se 2 nebo 3 lo\u017enicemi. V\u0161e nabl\u00edzku,tak abyste si mohli u\u017e\u00edt St\u0159edozemn\u00edho mo\u0159e, pl\u00e1\u017ee, n\u00e1kupy, restaurace a hran\u00ed golfu. Stavby jsou um\u00edst\u011bny v uzav\u0159en\u00e9 z\u00e1stavb\u011b s vlastn\u00ed prostornou zahradou, terasou, spole\u010dnou saunou a venkovn\u00edm baz\u00e9nem s [&hellip;]","og_url":"https:\/\/www.sun-sure-estates.com\/cs\/produkt\/jedinecne-radove-podkrovni-byty-v-severni-casti-oblasti-costa-blanca\/","og_site_name":"Sun Sure Estates","article_modified_time":"2021-09-13T13:21:43+00:00","og_image":[{"width":2560,"height":1707,"url":"https:\/\/www.sun-sure-estates.com\/wp-content\/uploads\/2021\/01\/1.-Main-foto-2-1-scaled.jpg","type":"image\/jpeg"}],"twitter_card":"summary_large_image","twitter_misc":{"Odhadovan\u00e1 doba \u010dten\u00ed":"2 minuty"},"schema":{"@context":"https:\/\/schema.org","@graph":[{"@type":"WebPage","@id":"https:\/\/www.sun-sure-estates.com\/cs\/produkt\/jedinecne-radove-podkrovni-byty-v-severni-casti-oblasti-costa-blanca\/","url":"https:\/\/www.sun-sure-estates.com\/cs\/produkt\/jedinecne-radove-podkrovni-byty-v-severni-casti-oblasti-costa-blanca\/","name":"Jedine\u010dn\u00e9 \u0159adov\u00e9 podkrovn\u00ed byty v severn\u00ed \u010d\u00e1sti oblasti Costa Blanca - Sun Sure Estates","isPartOf":{"@id":"https:\/\/www.sun-sure-estates.com\/cs\/#website"},"primaryImageOfPage":{"@id":"https:\/\/www.sun-sure-estates.com\/cs\/produkt\/jedinecne-radove-podkrovni-byty-v-severni-casti-oblasti-costa-blanca\/#primaryimage"},"image":{"@id":"https:\/\/www.sun-sure-estates.com\/cs\/produkt\/jedinecne-radove-podkrovni-byty-v-severni-casti-oblasti-costa-blanca\/#primaryimage"},"thumbnailUrl":"https:\/\/www.sun-sure-estates.com\/wp-content\/uploads\/2021\/01\/1.-Main-foto-2-1-scaled.jpg","datePublished":"2021-09-13T13:18:18+00:00","dateModified":"2021-09-13T13:21:43+00:00","breadcrumb":{"@id":"https:\/\/www.sun-sure-estates.com\/cs\/produkt\/jedinecne-radove-podkrovni-byty-v-severni-casti-oblasti-costa-blanca\/#breadcrumb"},"inLanguage":"cs","potentialAction":[{"@type":"ReadAction","target":["https:\/\/www.sun-sure-estates.com\/cs\/produkt\/jedinecne-radove-podkrovni-byty-v-severni-casti-oblasti-costa-blanca\/"]}]},{"@type":"ImageObject","inLanguage":"cs","@id":"https:\/\/www.sun-sure-estates.com\/cs\/produkt\/jedinecne-radove-podkrovni-byty-v-severni-casti-oblasti-costa-blanca\/#primaryimage","url":"https:\/\/www.sun-sure-estates.com\/wp-content\/uploads\/2021\/01\/1.-Main-foto-2-1-scaled.jpg","contentUrl":"https:\/\/www.sun-sure-estates.com\/wp-content\/uploads\/2021\/01\/1.-Main-foto-2-1-scaled.jpg","width":2560,"height":1707},{"@type":"BreadcrumbList","@id":"https:\/\/www.sun-sure-estates.com\/cs\/produkt\/jedinecne-radove-podkrovni-byty-v-severni-casti-oblasti-costa-blanca\/#breadcrumb","itemListElement":[{"@type":"ListItem","position":1,"name":"Home","item":"https:\/\/www.sun-sure-estates.com\/cs\/"},{"@type":"ListItem","position":2,"name":"Winkel","item":"https:\/\/www.sun-sure-estates.com\/winkel\/"},{"@type":"ListItem","position":3,"name":"Jedine\u010dn\u00e9 \u0159adov\u00e9 podkrovn\u00ed byty v severn\u00ed \u010d\u00e1sti oblasti Costa Blanca"}]},{"@type":"WebSite","@id":"https:\/\/www.sun-sure-estates.com\/cs\/#website","url":"https:\/\/www.sun-sure-estates.com\/cs\/","name":"Sun Sure Estates","description":"Beleggen of wonen in je eigen huis onder de zon","potentialAction":[{"@type":"SearchAction","target":{"@type":"EntryPoint","urlTemplate":"https:\/\/www.sun-sure-estates.com\/cs\/?s={search_term_string}"},"query-input":{"@type":"PropertyValueSpecification","valueRequired":true,"valueName":"search_term_string"}}],"inLanguage":"cs"}]}},"_links":{"self":[{"href":"https:\/\/www.sun-sure-estates.com\/cs\/wp-json\/wp\/v2\/product\/9899","targetHints":{"allow":["GET"]}}],"collection":[{"href":"https:\/\/www.sun-sure-estates.com\/cs\/wp-json\/wp\/v2\/product"}],"about":[{"href":"https:\/\/www.sun-sure-estates.com\/cs\/wp-json\/wp\/v2\/types\/product"}],"replies":[{"embeddable":true,"href":"https:\/\/www.sun-sure-estates.com\/cs\/wp-json\/wp\/v2\/comments?post=9899"}],"wp:featuredmedia":[{"embeddable":true,"href":"https:\/\/www.sun-sure-estates.com\/cs\/wp-json\/wp\/v2\/media\/6213"}],"wp:attachment":[{"href":"https:\/\/www.sun-sure-estates.com\/cs\/wp-json\/wp\/v2\/media?parent=9899"}],"wp:term":[{"taxonomy":"product_brand","embeddable":true,"href":"https:\/\/www.sun-sure-estates.com\/cs\/wp-json\/wp\/v2\/product_brand?post=9899"},{"taxonomy":"product_cat","embeddable":true,"href":"https:\/\/www.sun-sure-estates.com\/cs\/wp-json\/wp\/v2\/product_cat?post=9899"},{"taxonomy":"product_tag","embeddable":true,"href":"https:\/\/www.sun-sure-estates.com\/cs\/wp-json\/wp\/v2\/product_tag?post=9899"}],"curies":[{"name":"wp","href":"https:\/\/api.w.org\/{rel}","templated":true}]}}