{"id":9927,"date":"2021-06-13T15:23:03","date_gmt":"2021-06-13T13:23:03","guid":{"rendered":"https:\/\/www.sun-sure-estates.com\/?post_type=product&#038;p=9927"},"modified":"2021-09-13T17:29:40","modified_gmt":"2021-09-13T15:29:40","slug":"moderne-koncipovane-apartmany-se-2-3-loznicemi-s-fantastickymi-vyhledy-na-stredozemni-more","status":"publish","type":"product","link":"https:\/\/www.sun-sure-estates.com\/cs\/produkt\/moderne-koncipovane-apartmany-se-2-3-loznicemi-s-fantastickymi-vyhledy-na-stredozemni-more\/","title":{"rendered":"Modern\u011b koncipovan\u00e9 apartm\u00e1ny se 2 &#8211; 3 lo\u017enicemi s fantastick\u00fdmi v\u00fdhledy na St\u0159edozemn\u00ed mo\u0159e"},"content":{"rendered":"<p>Tyto kr\u00e1sn\u00e9 nov\u00e9 designov\u00e9 apartm\u00e1ny a podkrovn\u00ed byty se stav\u00ed ve vzd\u00e1lenosti pouze 800 m od St\u0159edozemn\u00edho mo\u0159e.<span class=\"Apple-converted-space\">\u00a0 <\/span>Pouh\u00fdch<span class=\"Apple-converted-space\">\u00a0 <\/span>15 minut ch\u016fze a jste na promen\u00e1d\u011b s restauracemi a perfektn\u011b udr\u017eovan\u00fdmi b\u00edl\u00fdmi p\u00e1sy p\u00edse\u010dn\u00fdch pl\u00e1\u017e\u00ed &#8222;El Carabassi&#8220; py\u0161n\u00edc\u00edmi se ikonick\u00fdm logem modr\u00e9 vlajky . Toto je dokonal\u00e9 um\u00edst\u011bn\u00ed 10 minut od leti\u0161t\u011b v Alicante.<\/p>\n<p>Apartm\u00e1ny um\u00edst\u011bn\u00e9 v uzav\u0159en\u00e9 z\u00e1stavb\u011b byly projektov\u00e1ny s d\u016frazem na<span class=\"Apple-converted-space\">\u00a0 <\/span>architektonick\u00e9 \u0159e\u0161en\u00ed poskytuj\u00edc\u00ed kr\u00e1sn\u00fd v\u00fdhled na duny a mo\u0159e i z jejich teras. Apartm\u00e1nov\u00fd komplex m\u00e1 v\u00fdtah, spole\u010dn\u00fd baz\u00e9n pro d\u011bti a dosp\u011bl\u00e9 s jacuzzi. Je zde t\u00e9\u017e spole\u010dn\u00e1 upraven\u00e1 zahrada s hrac\u00edm prostorem pro d\u011bti.<\/p>\n<p>Dokonale \u0159e\u0161en\u00e9 apartm\u00e1ny maj\u00ed ob\u00fdvac\u00ed pokoj, kuchy\u0148, j\u00eddelnu, pr\u00e1delnu,2 (3) lo\u017enice, 2 koupelny, z nich\u017e jedna soused\u00ed s hlavn\u00ed lo\u017enic\u00ed. Terasa je prodlou\u017een\u00edm ob\u00fdvac\u00edho pokoje, odkud si m\u016f\u017eete u\u017e\u00edvat kr\u00e1sn\u00e9ho po\u010das\u00ed a v\u00fdhled\u016f ka\u017ed\u00fd den.<span class=\"Apple-converted-space\">\u00a0 \u00a0<\/span><\/p>\n<p>V podzemn\u00ed gar\u00e1\u017ei se nach\u00e1z\u00ed priv\u00e1tn\u00ed \u00falo\u017en\u00fd prostor a parkovac\u00ed prostor, rovn\u011b\u017e tak sd\u00edlen\u00fd p\u0159\u00edst\u0159e\u0161ek pro kola.Toto jsou moment\u00e1ln\u011b jedin\u00e9 apartm\u00e1ny v oblasti Costa Blanca, kter\u00e9 odpov\u00eddaj\u00ed nov\u00fdm<span class=\"Apple-converted-space\">\u00a0<\/span>technick\u00fdm p\u0159edpis\u016fm pro budovy podle nov\u00e9ho evropsk\u00e9ho stavebn\u00edho z\u00e1kona &#8222;B Energy Qualification(ECC). <span class=\"Apple-converted-space\">\u00a0<\/span><\/p>\n<p>R\u00e1di v\u00e1s uvid\u00edme v oblasti Costa blanca a vy si zde budete moci u\u017e\u00edvat slunce, kter\u00e9 z\u00e1\u0159\u00ed 320 dn\u00ed v roce!<\/p>\n","protected":false},"excerpt":{"rendered":"<p>Tyto kr\u00e1sn\u00e9 nov\u00e9 designov\u00e9 apartm\u00e1ny a podkrovn\u00ed byty se stav\u00ed ve vzd\u00e1lenosti pouze 800 m od St\u0159edozemn\u00edho mo\u0159e.\u00a0 Pouh\u00fdch\u00a0 15 minut ch\u016fze a jste na promen\u00e1d\u011b s restauracemi a perfektn\u011b udr\u017eovan\u00fdmi b\u00edl\u00fdmi p\u00e1sy p\u00edse\u010dn\u00fdch pl\u00e1\u017e\u00ed &#8222;El Carabassi&#8220; py\u0161n\u00edc\u00edmi se ikonick\u00fdm logem modr\u00e9 vlajky . Toto je dokonal\u00e9 um\u00edst\u011bn\u00ed 10 minut od leti\u0161t\u011b v Alicante. Apartm\u00e1ny [&hellip;]<\/p>\n","protected":false},"featured_media":46934,"comment_status":"open","ping_status":"closed","template":"","meta":{"_acf_changed":false},"product_brand":[],"product_cat":[15],"product_tag":[],"class_list":{"0":"post-9927","1":"product","2":"type-product","3":"status-publish","4":"has-post-thumbnail","6":"province-alicante","7":"places-gran-alacant","8":"country-spanje","9":"region-costa-blanca","10":"product_cat-geen-categorie","12":"first","13":"instock","14":"shipping-taxable","15":"purchasable","16":"product-type-simple"},"acf":[],"yoast_head":"<!-- This site is optimized with the Yoast SEO plugin v27.4 - https:\/\/yoast.com\/product\/yoast-seo-wordpress\/ -->\n<title>Modern\u011b koncipovan\u00e9 apartm\u00e1ny se 2 - 3 lo\u017enicemi s fantastick\u00fdmi v\u00fdhledy na St\u0159edozemn\u00ed mo\u0159e - Sun Sure Estates<\/title>\n<meta name=\"robots\" content=\"index, follow, max-snippet:-1, max-image-preview:large, max-video-preview:-1\" \/>\n<link rel=\"canonical\" href=\"https:\/\/www.sun-sure-estates.com\/cs\/produkt\/moderne-koncipovane-apartmany-se-2-3-loznicemi-s-fantastickymi-vyhledy-na-stredozemni-more\/\" \/>\n<meta property=\"og:locale\" content=\"cs_CZ\" \/>\n<meta property=\"og:type\" content=\"article\" \/>\n<meta property=\"og:title\" content=\"Modern\u011b koncipovan\u00e9 apartm\u00e1ny se 2 - 3 lo\u017enicemi s fantastick\u00fdmi v\u00fdhledy na St\u0159edozemn\u00ed mo\u0159e - Sun Sure Estates\" \/>\n<meta property=\"og:description\" content=\"Tyto kr\u00e1sn\u00e9 nov\u00e9 designov\u00e9 apartm\u00e1ny a podkrovn\u00ed byty se stav\u00ed ve vzd\u00e1lenosti pouze 800 m od St\u0159edozemn\u00edho mo\u0159e.\u00a0 Pouh\u00fdch\u00a0 15 minut ch\u016fze a jste na promen\u00e1d\u011b s restauracemi a perfektn\u011b udr\u017eovan\u00fdmi b\u00edl\u00fdmi p\u00e1sy p\u00edse\u010dn\u00fdch pl\u00e1\u017e\u00ed &#8222;El Carabassi&#8220; py\u0161n\u00edc\u00edmi se ikonick\u00fdm logem modr\u00e9 vlajky . Toto je dokonal\u00e9 um\u00edst\u011bn\u00ed 10 minut od leti\u0161t\u011b v Alicante. Apartm\u00e1ny [&hellip;]\" \/>\n<meta property=\"og:url\" content=\"https:\/\/www.sun-sure-estates.com\/cs\/produkt\/moderne-koncipovane-apartmany-se-2-3-loznicemi-s-fantastickymi-vyhledy-na-stredozemni-more\/\" \/>\n<meta property=\"og:site_name\" content=\"Sun Sure Estates\" \/>\n<meta property=\"article:modified_time\" content=\"2021-09-13T15:29:40+00:00\" \/>\n<meta property=\"og:image\" content=\"https:\/\/www.sun-sure-estates.com\/wp-content\/uploads\/2021\/06\/1-hoofdfoto-1-scaled.jpg\" \/>\n\t<meta property=\"og:image:width\" content=\"2560\" \/>\n\t<meta property=\"og:image:height\" content=\"1707\" \/>\n\t<meta property=\"og:image:type\" content=\"image\/jpeg\" \/>\n<meta name=\"twitter:card\" content=\"summary_large_image\" \/>\n<meta name=\"twitter:label1\" content=\"Odhadovan\u00e1 doba \u010dten\u00ed\" \/>\n\t<meta name=\"twitter:data1\" content=\"1 minuta\" \/>\n<script type=\"application\/ld+json\" class=\"yoast-schema-graph\">{\"@context\":\"https:\\\/\\\/schema.org\",\"@graph\":[{\"@type\":\"WebPage\",\"@id\":\"https:\\\/\\\/www.sun-sure-estates.com\\\/cs\\\/produkt\\\/moderne-koncipovane-apartmany-se-2-3-loznicemi-s-fantastickymi-vyhledy-na-stredozemni-more\\\/\",\"url\":\"https:\\\/\\\/www.sun-sure-estates.com\\\/cs\\\/produkt\\\/moderne-koncipovane-apartmany-se-2-3-loznicemi-s-fantastickymi-vyhledy-na-stredozemni-more\\\/\",\"name\":\"Modern\u011b koncipovan\u00e9 apartm\u00e1ny se 2 - 3 lo\u017enicemi s fantastick\u00fdmi v\u00fdhledy na St\u0159edozemn\u00ed mo\u0159e - Sun Sure Estates\",\"isPartOf\":{\"@id\":\"https:\\\/\\\/www.sun-sure-estates.com\\\/cs\\\/#website\"},\"primaryImageOfPage\":{\"@id\":\"https:\\\/\\\/www.sun-sure-estates.com\\\/cs\\\/produkt\\\/moderne-koncipovane-apartmany-se-2-3-loznicemi-s-fantastickymi-vyhledy-na-stredozemni-more\\\/#primaryimage\"},\"image\":{\"@id\":\"https:\\\/\\\/www.sun-sure-estates.com\\\/cs\\\/produkt\\\/moderne-koncipovane-apartmany-se-2-3-loznicemi-s-fantastickymi-vyhledy-na-stredozemni-more\\\/#primaryimage\"},\"thumbnailUrl\":\"https:\\\/\\\/www.sun-sure-estates.com\\\/wp-content\\\/uploads\\\/2021\\\/06\\\/DSC9606.jpg\",\"datePublished\":\"2021-06-13T13:23:03+00:00\",\"dateModified\":\"2021-09-13T15:29:40+00:00\",\"breadcrumb\":{\"@id\":\"https:\\\/\\\/www.sun-sure-estates.com\\\/cs\\\/produkt\\\/moderne-koncipovane-apartmany-se-2-3-loznicemi-s-fantastickymi-vyhledy-na-stredozemni-more\\\/#breadcrumb\"},\"inLanguage\":\"cs\",\"potentialAction\":[{\"@type\":\"ReadAction\",\"target\":[\"https:\\\/\\\/www.sun-sure-estates.com\\\/cs\\\/produkt\\\/moderne-koncipovane-apartmany-se-2-3-loznicemi-s-fantastickymi-vyhledy-na-stredozemni-more\\\/\"]}]},{\"@type\":\"ImageObject\",\"inLanguage\":\"cs\",\"@id\":\"https:\\\/\\\/www.sun-sure-estates.com\\\/cs\\\/produkt\\\/moderne-koncipovane-apartmany-se-2-3-loznicemi-s-fantastickymi-vyhledy-na-stredozemni-more\\\/#primaryimage\",\"url\":\"https:\\\/\\\/www.sun-sure-estates.com\\\/wp-content\\\/uploads\\\/2021\\\/06\\\/DSC9606.jpg\",\"contentUrl\":\"https:\\\/\\\/www.sun-sure-estates.com\\\/wp-content\\\/uploads\\\/2021\\\/06\\\/DSC9606.jpg\",\"width\":1920,\"height\":1275},{\"@type\":\"BreadcrumbList\",\"@id\":\"https:\\\/\\\/www.sun-sure-estates.com\\\/cs\\\/produkt\\\/moderne-koncipovane-apartmany-se-2-3-loznicemi-s-fantastickymi-vyhledy-na-stredozemni-more\\\/#breadcrumb\",\"itemListElement\":[{\"@type\":\"ListItem\",\"position\":1,\"name\":\"Home\",\"item\":\"https:\\\/\\\/www.sun-sure-estates.com\\\/cs\\\/\"},{\"@type\":\"ListItem\",\"position\":2,\"name\":\"Winkel\",\"item\":\"https:\\\/\\\/www.sun-sure-estates.com\\\/winkel\\\/\"},{\"@type\":\"ListItem\",\"position\":3,\"name\":\"Modern\u011b koncipovan\u00e9 apartm\u00e1ny se 2 &#8211; 3 lo\u017enicemi s fantastick\u00fdmi v\u00fdhledy na St\u0159edozemn\u00ed mo\u0159e\"}]},{\"@type\":\"WebSite\",\"@id\":\"https:\\\/\\\/www.sun-sure-estates.com\\\/cs\\\/#website\",\"url\":\"https:\\\/\\\/www.sun-sure-estates.com\\\/cs\\\/\",\"name\":\"Sun Sure Estates\",\"description\":\"Beleggen of wonen in je eigen huis onder de zon\",\"potentialAction\":[{\"@type\":\"SearchAction\",\"target\":{\"@type\":\"EntryPoint\",\"urlTemplate\":\"https:\\\/\\\/www.sun-sure-estates.com\\\/cs\\\/?s={search_term_string}\"},\"query-input\":{\"@type\":\"PropertyValueSpecification\",\"valueRequired\":true,\"valueName\":\"search_term_string\"}}],\"inLanguage\":\"cs\"}]}<\/script>\n<!-- \/ Yoast SEO plugin. -->","yoast_head_json":{"title":"Modern\u011b koncipovan\u00e9 apartm\u00e1ny se 2 - 3 lo\u017enicemi s fantastick\u00fdmi v\u00fdhledy na St\u0159edozemn\u00ed mo\u0159e - Sun Sure Estates","robots":{"index":"index","follow":"follow","max-snippet":"max-snippet:-1","max-image-preview":"max-image-preview:large","max-video-preview":"max-video-preview:-1"},"canonical":"https:\/\/www.sun-sure-estates.com\/cs\/produkt\/moderne-koncipovane-apartmany-se-2-3-loznicemi-s-fantastickymi-vyhledy-na-stredozemni-more\/","og_locale":"cs_CZ","og_type":"article","og_title":"Modern\u011b koncipovan\u00e9 apartm\u00e1ny se 2 - 3 lo\u017enicemi s fantastick\u00fdmi v\u00fdhledy na St\u0159edozemn\u00ed mo\u0159e - Sun Sure Estates","og_description":"Tyto kr\u00e1sn\u00e9 nov\u00e9 designov\u00e9 apartm\u00e1ny a podkrovn\u00ed byty se stav\u00ed ve vzd\u00e1lenosti pouze 800 m od St\u0159edozemn\u00edho mo\u0159e.\u00a0 Pouh\u00fdch\u00a0 15 minut ch\u016fze a jste na promen\u00e1d\u011b s restauracemi a perfektn\u011b udr\u017eovan\u00fdmi b\u00edl\u00fdmi p\u00e1sy p\u00edse\u010dn\u00fdch pl\u00e1\u017e\u00ed &#8222;El Carabassi&#8220; py\u0161n\u00edc\u00edmi se ikonick\u00fdm logem modr\u00e9 vlajky . Toto je dokonal\u00e9 um\u00edst\u011bn\u00ed 10 minut od leti\u0161t\u011b v Alicante. Apartm\u00e1ny [&hellip;]","og_url":"https:\/\/www.sun-sure-estates.com\/cs\/produkt\/moderne-koncipovane-apartmany-se-2-3-loznicemi-s-fantastickymi-vyhledy-na-stredozemni-more\/","og_site_name":"Sun Sure Estates","article_modified_time":"2021-09-13T15:29:40+00:00","og_image":[{"width":2560,"height":1707,"url":"https:\/\/www.sun-sure-estates.com\/wp-content\/uploads\/2021\/06\/1-hoofdfoto-1-scaled.jpg","type":"image\/jpeg"}],"twitter_card":"summary_large_image","twitter_misc":{"Odhadovan\u00e1 doba \u010dten\u00ed":"1 minuta"},"schema":{"@context":"https:\/\/schema.org","@graph":[{"@type":"WebPage","@id":"https:\/\/www.sun-sure-estates.com\/cs\/produkt\/moderne-koncipovane-apartmany-se-2-3-loznicemi-s-fantastickymi-vyhledy-na-stredozemni-more\/","url":"https:\/\/www.sun-sure-estates.com\/cs\/produkt\/moderne-koncipovane-apartmany-se-2-3-loznicemi-s-fantastickymi-vyhledy-na-stredozemni-more\/","name":"Modern\u011b koncipovan\u00e9 apartm\u00e1ny se 2 - 3 lo\u017enicemi s fantastick\u00fdmi v\u00fdhledy na St\u0159edozemn\u00ed mo\u0159e - Sun Sure Estates","isPartOf":{"@id":"https:\/\/www.sun-sure-estates.com\/cs\/#website"},"primaryImageOfPage":{"@id":"https:\/\/www.sun-sure-estates.com\/cs\/produkt\/moderne-koncipovane-apartmany-se-2-3-loznicemi-s-fantastickymi-vyhledy-na-stredozemni-more\/#primaryimage"},"image":{"@id":"https:\/\/www.sun-sure-estates.com\/cs\/produkt\/moderne-koncipovane-apartmany-se-2-3-loznicemi-s-fantastickymi-vyhledy-na-stredozemni-more\/#primaryimage"},"thumbnailUrl":"https:\/\/www.sun-sure-estates.com\/wp-content\/uploads\/2021\/06\/DSC9606.jpg","datePublished":"2021-06-13T13:23:03+00:00","dateModified":"2021-09-13T15:29:40+00:00","breadcrumb":{"@id":"https:\/\/www.sun-sure-estates.com\/cs\/produkt\/moderne-koncipovane-apartmany-se-2-3-loznicemi-s-fantastickymi-vyhledy-na-stredozemni-more\/#breadcrumb"},"inLanguage":"cs","potentialAction":[{"@type":"ReadAction","target":["https:\/\/www.sun-sure-estates.com\/cs\/produkt\/moderne-koncipovane-apartmany-se-2-3-loznicemi-s-fantastickymi-vyhledy-na-stredozemni-more\/"]}]},{"@type":"ImageObject","inLanguage":"cs","@id":"https:\/\/www.sun-sure-estates.com\/cs\/produkt\/moderne-koncipovane-apartmany-se-2-3-loznicemi-s-fantastickymi-vyhledy-na-stredozemni-more\/#primaryimage","url":"https:\/\/www.sun-sure-estates.com\/wp-content\/uploads\/2021\/06\/DSC9606.jpg","contentUrl":"https:\/\/www.sun-sure-estates.com\/wp-content\/uploads\/2021\/06\/DSC9606.jpg","width":1920,"height":1275},{"@type":"BreadcrumbList","@id":"https:\/\/www.sun-sure-estates.com\/cs\/produkt\/moderne-koncipovane-apartmany-se-2-3-loznicemi-s-fantastickymi-vyhledy-na-stredozemni-more\/#breadcrumb","itemListElement":[{"@type":"ListItem","position":1,"name":"Home","item":"https:\/\/www.sun-sure-estates.com\/cs\/"},{"@type":"ListItem","position":2,"name":"Winkel","item":"https:\/\/www.sun-sure-estates.com\/winkel\/"},{"@type":"ListItem","position":3,"name":"Modern\u011b koncipovan\u00e9 apartm\u00e1ny se 2 &#8211; 3 lo\u017enicemi s fantastick\u00fdmi v\u00fdhledy na St\u0159edozemn\u00ed mo\u0159e"}]},{"@type":"WebSite","@id":"https:\/\/www.sun-sure-estates.com\/cs\/#website","url":"https:\/\/www.sun-sure-estates.com\/cs\/","name":"Sun Sure Estates","description":"Beleggen of wonen in je eigen huis onder de zon","potentialAction":[{"@type":"SearchAction","target":{"@type":"EntryPoint","urlTemplate":"https:\/\/www.sun-sure-estates.com\/cs\/?s={search_term_string}"},"query-input":{"@type":"PropertyValueSpecification","valueRequired":true,"valueName":"search_term_string"}}],"inLanguage":"cs"}]}},"_links":{"self":[{"href":"https:\/\/www.sun-sure-estates.com\/cs\/wp-json\/wp\/v2\/product\/9927","targetHints":{"allow":["GET"]}}],"collection":[{"href":"https:\/\/www.sun-sure-estates.com\/cs\/wp-json\/wp\/v2\/product"}],"about":[{"href":"https:\/\/www.sun-sure-estates.com\/cs\/wp-json\/wp\/v2\/types\/product"}],"replies":[{"embeddable":true,"href":"https:\/\/www.sun-sure-estates.com\/cs\/wp-json\/wp\/v2\/comments?post=9927"}],"wp:featuredmedia":[{"embeddable":true,"href":"https:\/\/www.sun-sure-estates.com\/cs\/wp-json\/wp\/v2\/media\/46934"}],"wp:attachment":[{"href":"https:\/\/www.sun-sure-estates.com\/cs\/wp-json\/wp\/v2\/media?parent=9927"}],"wp:term":[{"taxonomy":"product_brand","embeddable":true,"href":"https:\/\/www.sun-sure-estates.com\/cs\/wp-json\/wp\/v2\/product_brand?post=9927"},{"taxonomy":"product_cat","embeddable":true,"href":"https:\/\/www.sun-sure-estates.com\/cs\/wp-json\/wp\/v2\/product_cat?post=9927"},{"taxonomy":"product_tag","embeddable":true,"href":"https:\/\/www.sun-sure-estates.com\/cs\/wp-json\/wp\/v2\/product_tag?post=9927"}],"curies":[{"name":"wp","href":"https:\/\/api.w.org\/{rel}","templated":true}]}}