{"id":9956,"date":"2020-12-20T10:21:25","date_gmt":"2020-12-20T09:21:25","guid":{"rendered":"https:\/\/www.sun-sure-estates.com\/?post_type=product&#038;p=9956"},"modified":"2021-09-13T17:54:12","modified_gmt":"2021-09-13T15:54:12","slug":"zazijte-vice-v-podkrovnich-bytech-ve-vistabella-golf","status":"publish","type":"product","link":"https:\/\/www.sun-sure-estates.com\/cs\/produkt\/zazijte-vice-v-podkrovnich-bytech-ve-vistabella-golf\/","title":{"rendered":"Za\u017eijte v\u00edce v podkrovn\u00edch bytech ve  Vistabella Golf"},"content":{"rendered":"<p>Tyto kr\u00e1sn\u00e9 podkrovn\u00ed byty se stav\u011bj\u00ed ve slunn\u00e9m regionu pobl\u00ed\u017e St\u0159edozemn\u00edho mo\u0159e\u00a0 Na golfov\u00e9m h\u0159i\u0161ti Vistabella Golf(\u2019pobl\u00ed\u017e m\u011bsta Torrevieja- Costa Blanca) si m\u016f\u017eete u\u017e\u00edvat skv\u011bl\u00e9ho st\u0159edozemn\u00edho klimatu po cel\u00fd rok. Slunn\u00e9 dny a m\u00edrn\u00e9 teploty, ide\u00e1ln\u00ed podm\u00ednky pro hran\u00ed golfu. Koncepce h\u0159i\u0161t\u011b a odborn\u00e9 veden\u00ed poskytuj\u00ed skv\u011bl\u00e9 podm\u00ednky i pro golfov\u00e9 za\u010d\u00e1te\u010dn\u00edky , pro zdokonalov\u00e1n\u00ed a tr\u00e9nov\u00e1n\u00ed,i pro \u00fa\u010dast na turnaj\u00edch a kon\u010d\u00ed ob\u010derstven\u00edm v luxusn\u00edm klubu.<\/p>\n<p>Tyto podkrovn\u00ed byty , kter\u00e9 jsou vhodn\u00e9 t\u00e9\u017e pro trval\u00e9 bydlen\u00ed ,jsou \u00a0rozd\u011bleny do ob\u00fdvac\u00edho pokoje,kuchyn\u011b, j\u00eddelny, , 2 nebo 3 lo\u017enic, 2 koupelen, z nich\u017e\u00a0jedna soused\u00ed s\u00a0 hlavn\u00ed lo\u017enic\u00ed a st\u0159e\u0161n\u00ed terasy. Architekt vyprojektoval ob\u00fdvac\u00ed pokoj a hlavn\u00ed lo\u017enici p\u0159es celou \u0161\u00ed\u0159ku bytu. V\u00fdsledkem je dostatek sv\u011btla v obou m\u00edstnostech.\u00a0\u00a0 Z ob\u00fdvac\u00edho pokoje a st\u0159e\u0161n\u00ed terasy je panoramatick\u00fd v\u00fdhled\u00a0 na velmi vkusn\u011b upraven\u00fd prostorn\u00fd vnit\u0159n\u00ed dv\u016fr.<\/p>\n<p>Pobl\u00ed\u017e tohoto kr\u00e1sn\u00e9ho 24 hodin denn\u011b zabezpe\u010den\u00e9ho golfov\u00e9ho resortu s 18 jamkami m\u016f\u017eete naj\u00edt v\u0161echna za\u0159\u00edzen\u00ed, jak\u00fdmi jsou supermarket,stravovac\u00ed za\u0159\u00edzen\u00ed, l\u00e9k\u00e1rna, anglick\u00fd bowlingov\u00fd green a stoln\u00ed tenis.<\/p>\n<p>V\u00edt\u00e1me v\u00e1s v oblasti Costa Blanca a u\u017eijte si sv\u00e9ho podkrovn\u00edho bytu v prvot\u0159\u00eddn\u00edm golfov\u00e9m resortu v nejzdrav\u011bj\u0161\u00edm \u017eivotn\u00edm prost\u0159ed\u00ed Evropy!<\/p>\n","protected":false},"excerpt":{"rendered":"<p>Tyto kr\u00e1sn\u00e9 podkrovn\u00ed byty se stav\u011bj\u00ed ve slunn\u00e9m regionu pobl\u00ed\u017e St\u0159edozemn\u00edho mo\u0159e\u00a0 Na golfov\u00e9m h\u0159i\u0161ti Vistabella Golf(\u2019pobl\u00ed\u017e m\u011bsta Torrevieja- Costa Blanca) si m\u016f\u017eete u\u017e\u00edvat skv\u011bl\u00e9ho st\u0159edozemn\u00edho klimatu po cel\u00fd rok. Slunn\u00e9 dny a m\u00edrn\u00e9 teploty, ide\u00e1ln\u00ed podm\u00ednky pro hran\u00ed golfu. Koncepce h\u0159i\u0161t\u011b a odborn\u00e9 veden\u00ed poskytuj\u00ed skv\u011bl\u00e9 podm\u00ednky i pro golfov\u00e9 za\u010d\u00e1te\u010dn\u00edky , pro zdokonalov\u00e1n\u00ed [&hellip;]<\/p>\n","protected":false},"featured_media":4754,"comment_status":"open","ping_status":"closed","template":"","meta":{"_acf_changed":false},"product_brand":[],"product_cat":[15],"product_tag":[],"class_list":{"0":"post-9956","1":"product","2":"type-product","3":"status-publish","4":"has-post-thumbnail","6":"province-alicante","7":"places-orihuela","8":"country-spanje","9":"region-costa-blanca","10":"product_cat-geen-categorie","12":"first","13":"instock","14":"shipping-taxable","15":"purchasable","16":"product-type-simple"},"acf":[],"yoast_head":"<!-- This site is optimized with the Yoast SEO plugin v27.5 - https:\/\/yoast.com\/product\/yoast-seo-wordpress\/ -->\n<title>Za\u017eijte v\u00edce v podkrovn\u00edch bytech ve Vistabella Golf - Sun Sure Estates<\/title>\n<meta name=\"robots\" content=\"index, follow, max-snippet:-1, max-image-preview:large, max-video-preview:-1\" \/>\n<link rel=\"canonical\" href=\"https:\/\/www.sun-sure-estates.com\/cs\/produkt\/zazijte-vice-v-podkrovnich-bytech-ve-vistabella-golf\/\" \/>\n<meta property=\"og:locale\" content=\"cs_CZ\" \/>\n<meta property=\"og:type\" content=\"article\" \/>\n<meta property=\"og:title\" content=\"Za\u017eijte v\u00edce v podkrovn\u00edch bytech ve Vistabella Golf - Sun Sure Estates\" \/>\n<meta property=\"og:description\" content=\"Tyto kr\u00e1sn\u00e9 podkrovn\u00ed byty se stav\u011bj\u00ed ve slunn\u00e9m regionu pobl\u00ed\u017e St\u0159edozemn\u00edho mo\u0159e\u00a0 Na golfov\u00e9m h\u0159i\u0161ti Vistabella Golf(\u2019pobl\u00ed\u017e m\u011bsta Torrevieja- Costa Blanca) si m\u016f\u017eete u\u017e\u00edvat skv\u011bl\u00e9ho st\u0159edozemn\u00edho klimatu po cel\u00fd rok. Slunn\u00e9 dny a m\u00edrn\u00e9 teploty, ide\u00e1ln\u00ed podm\u00ednky pro hran\u00ed golfu. Koncepce h\u0159i\u0161t\u011b a odborn\u00e9 veden\u00ed poskytuj\u00ed skv\u011bl\u00e9 podm\u00ednky i pro golfov\u00e9 za\u010d\u00e1te\u010dn\u00edky , pro zdokonalov\u00e1n\u00ed [&hellip;]\" \/>\n<meta property=\"og:url\" content=\"https:\/\/www.sun-sure-estates.com\/cs\/produkt\/zazijte-vice-v-podkrovnich-bytech-ve-vistabella-golf\/\" \/>\n<meta property=\"og:site_name\" content=\"Sun Sure Estates\" \/>\n<meta property=\"article:modified_time\" content=\"2021-09-13T15:54:12+00:00\" \/>\n<meta property=\"og:image\" content=\"https:\/\/www.sun-sure-estates.com\/wp-content\/uploads\/2020\/12\/1.-Main-foto-4.jpg\" \/>\n\t<meta property=\"og:image:width\" content=\"1280\" \/>\n\t<meta property=\"og:image:height\" content=\"853\" \/>\n\t<meta property=\"og:image:type\" content=\"image\/jpeg\" \/>\n<meta name=\"twitter:card\" content=\"summary_large_image\" \/>\n<meta name=\"twitter:label1\" content=\"Odhadovan\u00e1 doba \u010dten\u00ed\" \/>\n\t<meta name=\"twitter:data1\" content=\"1 minuta\" \/>\n<script type=\"application\/ld+json\" class=\"yoast-schema-graph\">{\"@context\":\"https:\\\/\\\/schema.org\",\"@graph\":[{\"@type\":\"WebPage\",\"@id\":\"https:\\\/\\\/www.sun-sure-estates.com\\\/cs\\\/produkt\\\/zazijte-vice-v-podkrovnich-bytech-ve-vistabella-golf\\\/\",\"url\":\"https:\\\/\\\/www.sun-sure-estates.com\\\/cs\\\/produkt\\\/zazijte-vice-v-podkrovnich-bytech-ve-vistabella-golf\\\/\",\"name\":\"Za\u017eijte v\u00edce v podkrovn\u00edch bytech ve Vistabella Golf - Sun Sure Estates\",\"isPartOf\":{\"@id\":\"https:\\\/\\\/www.sun-sure-estates.com\\\/cs\\\/#website\"},\"primaryImageOfPage\":{\"@id\":\"https:\\\/\\\/www.sun-sure-estates.com\\\/cs\\\/produkt\\\/zazijte-vice-v-podkrovnich-bytech-ve-vistabella-golf\\\/#primaryimage\"},\"image\":{\"@id\":\"https:\\\/\\\/www.sun-sure-estates.com\\\/cs\\\/produkt\\\/zazijte-vice-v-podkrovnich-bytech-ve-vistabella-golf\\\/#primaryimage\"},\"thumbnailUrl\":\"https:\\\/\\\/www.sun-sure-estates.com\\\/wp-content\\\/uploads\\\/2020\\\/12\\\/1.-Main-foto-4.jpg\",\"datePublished\":\"2020-12-20T09:21:25+00:00\",\"dateModified\":\"2021-09-13T15:54:12+00:00\",\"breadcrumb\":{\"@id\":\"https:\\\/\\\/www.sun-sure-estates.com\\\/cs\\\/produkt\\\/zazijte-vice-v-podkrovnich-bytech-ve-vistabella-golf\\\/#breadcrumb\"},\"inLanguage\":\"cs\",\"potentialAction\":[{\"@type\":\"ReadAction\",\"target\":[\"https:\\\/\\\/www.sun-sure-estates.com\\\/cs\\\/produkt\\\/zazijte-vice-v-podkrovnich-bytech-ve-vistabella-golf\\\/\"]}]},{\"@type\":\"ImageObject\",\"inLanguage\":\"cs\",\"@id\":\"https:\\\/\\\/www.sun-sure-estates.com\\\/cs\\\/produkt\\\/zazijte-vice-v-podkrovnich-bytech-ve-vistabella-golf\\\/#primaryimage\",\"url\":\"https:\\\/\\\/www.sun-sure-estates.com\\\/wp-content\\\/uploads\\\/2020\\\/12\\\/1.-Main-foto-4.jpg\",\"contentUrl\":\"https:\\\/\\\/www.sun-sure-estates.com\\\/wp-content\\\/uploads\\\/2020\\\/12\\\/1.-Main-foto-4.jpg\",\"width\":1280,\"height\":853},{\"@type\":\"BreadcrumbList\",\"@id\":\"https:\\\/\\\/www.sun-sure-estates.com\\\/cs\\\/produkt\\\/zazijte-vice-v-podkrovnich-bytech-ve-vistabella-golf\\\/#breadcrumb\",\"itemListElement\":[{\"@type\":\"ListItem\",\"position\":1,\"name\":\"Home\",\"item\":\"https:\\\/\\\/www.sun-sure-estates.com\\\/cs\\\/\"},{\"@type\":\"ListItem\",\"position\":2,\"name\":\"Winkel\",\"item\":\"https:\\\/\\\/www.sun-sure-estates.com\\\/winkel\\\/\"},{\"@type\":\"ListItem\",\"position\":3,\"name\":\"Za\u017eijte v\u00edce v podkrovn\u00edch bytech ve Vistabella Golf\"}]},{\"@type\":\"WebSite\",\"@id\":\"https:\\\/\\\/www.sun-sure-estates.com\\\/cs\\\/#website\",\"url\":\"https:\\\/\\\/www.sun-sure-estates.com\\\/cs\\\/\",\"name\":\"Sun Sure Estates\",\"description\":\"Beleggen of wonen in je eigen huis onder de zon\",\"potentialAction\":[{\"@type\":\"SearchAction\",\"target\":{\"@type\":\"EntryPoint\",\"urlTemplate\":\"https:\\\/\\\/www.sun-sure-estates.com\\\/cs\\\/?s={search_term_string}\"},\"query-input\":{\"@type\":\"PropertyValueSpecification\",\"valueRequired\":true,\"valueName\":\"search_term_string\"}}],\"inLanguage\":\"cs\"}]}<\/script>\n<!-- \/ Yoast SEO plugin. -->","yoast_head_json":{"title":"Za\u017eijte v\u00edce v podkrovn\u00edch bytech ve Vistabella Golf - Sun Sure Estates","robots":{"index":"index","follow":"follow","max-snippet":"max-snippet:-1","max-image-preview":"max-image-preview:large","max-video-preview":"max-video-preview:-1"},"canonical":"https:\/\/www.sun-sure-estates.com\/cs\/produkt\/zazijte-vice-v-podkrovnich-bytech-ve-vistabella-golf\/","og_locale":"cs_CZ","og_type":"article","og_title":"Za\u017eijte v\u00edce v podkrovn\u00edch bytech ve Vistabella Golf - Sun Sure Estates","og_description":"Tyto kr\u00e1sn\u00e9 podkrovn\u00ed byty se stav\u011bj\u00ed ve slunn\u00e9m regionu pobl\u00ed\u017e St\u0159edozemn\u00edho mo\u0159e\u00a0 Na golfov\u00e9m h\u0159i\u0161ti Vistabella Golf(\u2019pobl\u00ed\u017e m\u011bsta Torrevieja- Costa Blanca) si m\u016f\u017eete u\u017e\u00edvat skv\u011bl\u00e9ho st\u0159edozemn\u00edho klimatu po cel\u00fd rok. Slunn\u00e9 dny a m\u00edrn\u00e9 teploty, ide\u00e1ln\u00ed podm\u00ednky pro hran\u00ed golfu. Koncepce h\u0159i\u0161t\u011b a odborn\u00e9 veden\u00ed poskytuj\u00ed skv\u011bl\u00e9 podm\u00ednky i pro golfov\u00e9 za\u010d\u00e1te\u010dn\u00edky , pro zdokonalov\u00e1n\u00ed [&hellip;]","og_url":"https:\/\/www.sun-sure-estates.com\/cs\/produkt\/zazijte-vice-v-podkrovnich-bytech-ve-vistabella-golf\/","og_site_name":"Sun Sure Estates","article_modified_time":"2021-09-13T15:54:12+00:00","og_image":[{"width":1280,"height":853,"url":"https:\/\/www.sun-sure-estates.com\/wp-content\/uploads\/2020\/12\/1.-Main-foto-4.jpg","type":"image\/jpeg"}],"twitter_card":"summary_large_image","twitter_misc":{"Odhadovan\u00e1 doba \u010dten\u00ed":"1 minuta"},"schema":{"@context":"https:\/\/schema.org","@graph":[{"@type":"WebPage","@id":"https:\/\/www.sun-sure-estates.com\/cs\/produkt\/zazijte-vice-v-podkrovnich-bytech-ve-vistabella-golf\/","url":"https:\/\/www.sun-sure-estates.com\/cs\/produkt\/zazijte-vice-v-podkrovnich-bytech-ve-vistabella-golf\/","name":"Za\u017eijte v\u00edce v podkrovn\u00edch bytech ve Vistabella Golf - Sun Sure Estates","isPartOf":{"@id":"https:\/\/www.sun-sure-estates.com\/cs\/#website"},"primaryImageOfPage":{"@id":"https:\/\/www.sun-sure-estates.com\/cs\/produkt\/zazijte-vice-v-podkrovnich-bytech-ve-vistabella-golf\/#primaryimage"},"image":{"@id":"https:\/\/www.sun-sure-estates.com\/cs\/produkt\/zazijte-vice-v-podkrovnich-bytech-ve-vistabella-golf\/#primaryimage"},"thumbnailUrl":"https:\/\/www.sun-sure-estates.com\/wp-content\/uploads\/2020\/12\/1.-Main-foto-4.jpg","datePublished":"2020-12-20T09:21:25+00:00","dateModified":"2021-09-13T15:54:12+00:00","breadcrumb":{"@id":"https:\/\/www.sun-sure-estates.com\/cs\/produkt\/zazijte-vice-v-podkrovnich-bytech-ve-vistabella-golf\/#breadcrumb"},"inLanguage":"cs","potentialAction":[{"@type":"ReadAction","target":["https:\/\/www.sun-sure-estates.com\/cs\/produkt\/zazijte-vice-v-podkrovnich-bytech-ve-vistabella-golf\/"]}]},{"@type":"ImageObject","inLanguage":"cs","@id":"https:\/\/www.sun-sure-estates.com\/cs\/produkt\/zazijte-vice-v-podkrovnich-bytech-ve-vistabella-golf\/#primaryimage","url":"https:\/\/www.sun-sure-estates.com\/wp-content\/uploads\/2020\/12\/1.-Main-foto-4.jpg","contentUrl":"https:\/\/www.sun-sure-estates.com\/wp-content\/uploads\/2020\/12\/1.-Main-foto-4.jpg","width":1280,"height":853},{"@type":"BreadcrumbList","@id":"https:\/\/www.sun-sure-estates.com\/cs\/produkt\/zazijte-vice-v-podkrovnich-bytech-ve-vistabella-golf\/#breadcrumb","itemListElement":[{"@type":"ListItem","position":1,"name":"Home","item":"https:\/\/www.sun-sure-estates.com\/cs\/"},{"@type":"ListItem","position":2,"name":"Winkel","item":"https:\/\/www.sun-sure-estates.com\/winkel\/"},{"@type":"ListItem","position":3,"name":"Za\u017eijte v\u00edce v podkrovn\u00edch bytech ve Vistabella Golf"}]},{"@type":"WebSite","@id":"https:\/\/www.sun-sure-estates.com\/cs\/#website","url":"https:\/\/www.sun-sure-estates.com\/cs\/","name":"Sun Sure Estates","description":"Beleggen of wonen in je eigen huis onder de zon","potentialAction":[{"@type":"SearchAction","target":{"@type":"EntryPoint","urlTemplate":"https:\/\/www.sun-sure-estates.com\/cs\/?s={search_term_string}"},"query-input":{"@type":"PropertyValueSpecification","valueRequired":true,"valueName":"search_term_string"}}],"inLanguage":"cs"}]}},"_links":{"self":[{"href":"https:\/\/www.sun-sure-estates.com\/cs\/wp-json\/wp\/v2\/product\/9956","targetHints":{"allow":["GET"]}}],"collection":[{"href":"https:\/\/www.sun-sure-estates.com\/cs\/wp-json\/wp\/v2\/product"}],"about":[{"href":"https:\/\/www.sun-sure-estates.com\/cs\/wp-json\/wp\/v2\/types\/product"}],"replies":[{"embeddable":true,"href":"https:\/\/www.sun-sure-estates.com\/cs\/wp-json\/wp\/v2\/comments?post=9956"}],"wp:featuredmedia":[{"embeddable":true,"href":"https:\/\/www.sun-sure-estates.com\/cs\/wp-json\/wp\/v2\/media\/4754"}],"wp:attachment":[{"href":"https:\/\/www.sun-sure-estates.com\/cs\/wp-json\/wp\/v2\/media?parent=9956"}],"wp:term":[{"taxonomy":"product_brand","embeddable":true,"href":"https:\/\/www.sun-sure-estates.com\/cs\/wp-json\/wp\/v2\/product_brand?post=9956"},{"taxonomy":"product_cat","embeddable":true,"href":"https:\/\/www.sun-sure-estates.com\/cs\/wp-json\/wp\/v2\/product_cat?post=9956"},{"taxonomy":"product_tag","embeddable":true,"href":"https:\/\/www.sun-sure-estates.com\/cs\/wp-json\/wp\/v2\/product_tag?post=9956"}],"curies":[{"name":"wp","href":"https:\/\/api.w.org\/{rel}","templated":true}]}}