{"id":6418,"date":"2021-04-13T20:40:42","date_gmt":"2021-04-13T18:40:42","guid":{"rendered":"https:\/\/www.sun-sure-estates.com\/?page_id=6418"},"modified":"2023-05-29T11:30:50","modified_gmt":"2023-05-29T09:30:50","slug":"kontakt","status":"publish","type":"page","link":"https:\/\/www.sun-sure-estates.com\/de\/kontakt\/","title":{"rendered":"Kontakt"},"content":{"rendered":"\t\t<div data-elementor-type=\"wp-page\" data-elementor-id=\"6418\" class=\"elementor elementor-6418 elementor-25\">\n\t\t\t\t\t\t<section class=\"elementor-section elementor-top-section elementor-element elementor-element-257dadfc elementor-section-boxed elementor-section-height-default elementor-section-height-default\" data-id=\"257dadfc\" data-element_type=\"section\" data-e-type=\"section\">\n\t\t\t\t\t\t<div class=\"elementor-container elementor-column-gap-default\">\n\t\t\t\t\t<div class=\"elementor-column elementor-col-100 elementor-top-column elementor-element elementor-element-6de78d4e\" data-id=\"6de78d4e\" data-element_type=\"column\" data-e-type=\"column\">\n\t\t\t<div class=\"elementor-widget-wrap elementor-element-populated\">\n\t\t\t\t\t\t<div class=\"elementor-element elementor-element-41b645af elementor-widget elementor-widget-text-editor\" data-id=\"41b645af\" data-element_type=\"widget\" data-e-type=\"widget\" data-widget_type=\"text-editor.default\">\n\t\t\t\t<div class=\"elementor-widget-container\">\n\t\t\t\t\t\t\t\t\t\n<p>M\u00f6chten Sie einen Termin mit Maurice vereinbaren oder w\u00fcnschen Sie weitere Informationen? Sie k\u00f6nnen uns per E-Mail, Telefon oder Whatsapp erreichen. Sie k\u00f6nnen auch das untenstehende Kontaktformular ausf\u00fcllen.<\/p>\n\n<p>Haben Sie Fragen oder suchen Sie etwas Bestimmtes? Bitte WhatsApp an +31 6 27 04 07 82.<\/p>\n\n<p>F\u00fcr einen Termin oder Informationen in den Niederlanden:<br \/>Maurice van Bladel<br \/>E: maurice@sun-sure-estates.com<br \/>G: +31 6 27 04 07 82<\/p>\n\n<p>F\u00fcr einen Termin oder Informationen in Spanien:<br \/>Maurice van Bladel<br \/>E: maurice@sun-sure-estates.com<br \/>G: +31 6 27 04 07 82<\/p>\n\n<p>Sie k\u00f6nnen uns w\u00e4hrend dieser \u00d6ffnungszeiten erreichen<\/p>\n\n<p>Montag bis Mittwoch von 10:00 Uhr bis 19:00 Uhr<br \/>Donnerstag von 10:00 uur tot 21:00 uur<br \/>Freitag von 10:00 uur tot 19:00 uur<\/p>\n\n<p>Unsere Gesch\u00e4ftsdaten:<br \/><br \/>Maurice van Bladel Design &amp; Agency<br \/>Wittenhorstlaan 4<br \/>5141 CA Waalwijk<br \/>Handelskammer: 18078424<br \/>Umsatzsteuer: NL001785460B50<\/p>\n\t\t\t\t\t\t\t\t<\/div>\n\t\t\t\t<\/div>\n\t\t\t\t\t<\/div>\n\t\t<\/div>\n\t\t\t\t\t<\/div>\n\t\t<\/section>\n\t\t\t\t<\/div>\n\t\t","protected":false},"excerpt":{"rendered":"<p>M\u00f6chten Sie einen Termin mit Maurice vereinbaren oder w\u00fcnschen Sie weitere Informationen? Sie k\u00f6nnen uns per E-Mail, Telefon oder Whatsapp erreichen. Sie k\u00f6nnen auch das untenstehende Kontaktformular ausf\u00fcllen. Haben Sie Fragen oder suchen Sie etwas Bestimmtes? Bitte WhatsApp an +31 6 27 04 07 82. F\u00fcr einen Termin oder Informationen in den Niederlanden:Maurice van BladelE: [&hellip;]<\/p>\n","protected":false},"author":3,"featured_media":5974,"parent":0,"menu_order":0,"comment_status":"closed","ping_status":"closed","template":"","meta":{"_acf_changed":false,"footnotes":""},"class_list":["post-6418","page","type-page","status-publish","has-post-thumbnail","hentry"],"acf":[],"yoast_head":"<!-- This site is optimized with the Yoast SEO plugin v27.4 - https:\/\/yoast.com\/product\/yoast-seo-wordpress\/ -->\n<title>Kontakt - Sun Sure Estates<\/title>\n<meta name=\"robots\" content=\"index, follow, max-snippet:-1, max-image-preview:large, max-video-preview:-1\" \/>\n<link rel=\"canonical\" href=\"https:\/\/www.sun-sure-estates.com\/de\/kontakt\/\" \/>\n<meta property=\"og:locale\" content=\"de_DE\" \/>\n<meta property=\"og:type\" content=\"article\" \/>\n<meta property=\"og:title\" content=\"Kontakt - Sun Sure Estates\" \/>\n<meta property=\"og:description\" content=\"M\u00f6chten Sie einen Termin mit Maurice vereinbaren oder w\u00fcnschen Sie weitere Informationen? Sie k\u00f6nnen uns per E-Mail, Telefon oder Whatsapp erreichen. Sie k\u00f6nnen auch das untenstehende Kontaktformular ausf\u00fcllen. Haben Sie Fragen oder suchen Sie etwas Bestimmtes? Bitte WhatsApp an +31 6 27 04 07 82. F\u00fcr einen Termin oder Informationen in den Niederlanden:Maurice van BladelE: [&hellip;]\" \/>\n<meta property=\"og:url\" content=\"https:\/\/www.sun-sure-estates.com\/de\/kontakt\/\" \/>\n<meta property=\"og:site_name\" content=\"Sun Sure Estates\" \/>\n<meta property=\"article:modified_time\" content=\"2023-05-29T09:30:50+00:00\" \/>\n<meta property=\"og:image\" content=\"https:\/\/www.sun-sure-estates.com\/wp-content\/uploads\/2020\/07\/16-scaled.jpg\" \/>\n\t<meta property=\"og:image:width\" content=\"2560\" \/>\n\t<meta property=\"og:image:height\" content=\"1439\" \/>\n\t<meta property=\"og:image:type\" content=\"image\/jpeg\" \/>\n<meta name=\"twitter:card\" content=\"summary_large_image\" \/>\n<meta name=\"twitter:label1\" content=\"Gesch\u00e4tzte Lesezeit\" \/>\n\t<meta name=\"twitter:data1\" content=\"1\u00a0Minute\" \/>\n<script type=\"application\/ld+json\" class=\"yoast-schema-graph\">{\"@context\":\"https:\\\/\\\/schema.org\",\"@graph\":[{\"@type\":\"WebPage\",\"@id\":\"https:\\\/\\\/www.sun-sure-estates.com\\\/de\\\/kontakt\\\/\",\"url\":\"https:\\\/\\\/www.sun-sure-estates.com\\\/de\\\/kontakt\\\/\",\"name\":\"Kontakt - Sun Sure Estates\",\"isPartOf\":{\"@id\":\"https:\\\/\\\/www.sun-sure-estates.com\\\/de\\\/#website\"},\"primaryImageOfPage\":{\"@id\":\"https:\\\/\\\/www.sun-sure-estates.com\\\/de\\\/kontakt\\\/#primaryimage\"},\"image\":{\"@id\":\"https:\\\/\\\/www.sun-sure-estates.com\\\/de\\\/kontakt\\\/#primaryimage\"},\"thumbnailUrl\":\"https:\\\/\\\/www.sun-sure-estates.com\\\/wp-content\\\/uploads\\\/2020\\\/07\\\/16-scaled.jpg\",\"datePublished\":\"2021-04-13T18:40:42+00:00\",\"dateModified\":\"2023-05-29T09:30:50+00:00\",\"breadcrumb\":{\"@id\":\"https:\\\/\\\/www.sun-sure-estates.com\\\/de\\\/kontakt\\\/#breadcrumb\"},\"inLanguage\":\"de\",\"potentialAction\":[{\"@type\":\"ReadAction\",\"target\":[\"https:\\\/\\\/www.sun-sure-estates.com\\\/de\\\/kontakt\\\/\"]}]},{\"@type\":\"ImageObject\",\"inLanguage\":\"de\",\"@id\":\"https:\\\/\\\/www.sun-sure-estates.com\\\/de\\\/kontakt\\\/#primaryimage\",\"url\":\"https:\\\/\\\/www.sun-sure-estates.com\\\/wp-content\\\/uploads\\\/2020\\\/07\\\/16-scaled.jpg\",\"contentUrl\":\"https:\\\/\\\/www.sun-sure-estates.com\\\/wp-content\\\/uploads\\\/2020\\\/07\\\/16-scaled.jpg\",\"width\":2560,\"height\":1439},{\"@type\":\"BreadcrumbList\",\"@id\":\"https:\\\/\\\/www.sun-sure-estates.com\\\/de\\\/kontakt\\\/#breadcrumb\",\"itemListElement\":[{\"@type\":\"ListItem\",\"position\":1,\"name\":\"Home\",\"item\":\"https:\\\/\\\/www.sun-sure-estates.com\\\/de\\\/\"},{\"@type\":\"ListItem\",\"position\":2,\"name\":\"Kontakt\"}]},{\"@type\":\"WebSite\",\"@id\":\"https:\\\/\\\/www.sun-sure-estates.com\\\/de\\\/#website\",\"url\":\"https:\\\/\\\/www.sun-sure-estates.com\\\/de\\\/\",\"name\":\"Sun Sure Estates\",\"description\":\"Beleggen of wonen in je eigen huis onder de zon\",\"potentialAction\":[{\"@type\":\"SearchAction\",\"target\":{\"@type\":\"EntryPoint\",\"urlTemplate\":\"https:\\\/\\\/www.sun-sure-estates.com\\\/de\\\/?s={search_term_string}\"},\"query-input\":{\"@type\":\"PropertyValueSpecification\",\"valueRequired\":true,\"valueName\":\"search_term_string\"}}],\"inLanguage\":\"de\"}]}<\/script>\n<!-- \/ Yoast SEO plugin. -->","yoast_head_json":{"title":"Kontakt - Sun Sure Estates","robots":{"index":"index","follow":"follow","max-snippet":"max-snippet:-1","max-image-preview":"max-image-preview:large","max-video-preview":"max-video-preview:-1"},"canonical":"https:\/\/www.sun-sure-estates.com\/de\/kontakt\/","og_locale":"de_DE","og_type":"article","og_title":"Kontakt - Sun Sure Estates","og_description":"M\u00f6chten Sie einen Termin mit Maurice vereinbaren oder w\u00fcnschen Sie weitere Informationen? Sie k\u00f6nnen uns per E-Mail, Telefon oder Whatsapp erreichen. Sie k\u00f6nnen auch das untenstehende Kontaktformular ausf\u00fcllen. Haben Sie Fragen oder suchen Sie etwas Bestimmtes? Bitte WhatsApp an +31 6 27 04 07 82. F\u00fcr einen Termin oder Informationen in den Niederlanden:Maurice van BladelE: [&hellip;]","og_url":"https:\/\/www.sun-sure-estates.com\/de\/kontakt\/","og_site_name":"Sun Sure Estates","article_modified_time":"2023-05-29T09:30:50+00:00","og_image":[{"width":2560,"height":1439,"url":"https:\/\/www.sun-sure-estates.com\/wp-content\/uploads\/2020\/07\/16-scaled.jpg","type":"image\/jpeg"}],"twitter_card":"summary_large_image","twitter_misc":{"Gesch\u00e4tzte Lesezeit":"1\u00a0Minute"},"schema":{"@context":"https:\/\/schema.org","@graph":[{"@type":"WebPage","@id":"https:\/\/www.sun-sure-estates.com\/de\/kontakt\/","url":"https:\/\/www.sun-sure-estates.com\/de\/kontakt\/","name":"Kontakt - Sun Sure Estates","isPartOf":{"@id":"https:\/\/www.sun-sure-estates.com\/de\/#website"},"primaryImageOfPage":{"@id":"https:\/\/www.sun-sure-estates.com\/de\/kontakt\/#primaryimage"},"image":{"@id":"https:\/\/www.sun-sure-estates.com\/de\/kontakt\/#primaryimage"},"thumbnailUrl":"https:\/\/www.sun-sure-estates.com\/wp-content\/uploads\/2020\/07\/16-scaled.jpg","datePublished":"2021-04-13T18:40:42+00:00","dateModified":"2023-05-29T09:30:50+00:00","breadcrumb":{"@id":"https:\/\/www.sun-sure-estates.com\/de\/kontakt\/#breadcrumb"},"inLanguage":"de","potentialAction":[{"@type":"ReadAction","target":["https:\/\/www.sun-sure-estates.com\/de\/kontakt\/"]}]},{"@type":"ImageObject","inLanguage":"de","@id":"https:\/\/www.sun-sure-estates.com\/de\/kontakt\/#primaryimage","url":"https:\/\/www.sun-sure-estates.com\/wp-content\/uploads\/2020\/07\/16-scaled.jpg","contentUrl":"https:\/\/www.sun-sure-estates.com\/wp-content\/uploads\/2020\/07\/16-scaled.jpg","width":2560,"height":1439},{"@type":"BreadcrumbList","@id":"https:\/\/www.sun-sure-estates.com\/de\/kontakt\/#breadcrumb","itemListElement":[{"@type":"ListItem","position":1,"name":"Home","item":"https:\/\/www.sun-sure-estates.com\/de\/"},{"@type":"ListItem","position":2,"name":"Kontakt"}]},{"@type":"WebSite","@id":"https:\/\/www.sun-sure-estates.com\/de\/#website","url":"https:\/\/www.sun-sure-estates.com\/de\/","name":"Sun Sure Estates","description":"Beleggen of wonen in je eigen huis onder de zon","potentialAction":[{"@type":"SearchAction","target":{"@type":"EntryPoint","urlTemplate":"https:\/\/www.sun-sure-estates.com\/de\/?s={search_term_string}"},"query-input":{"@type":"PropertyValueSpecification","valueRequired":true,"valueName":"search_term_string"}}],"inLanguage":"de"}]}},"_links":{"self":[{"href":"https:\/\/www.sun-sure-estates.com\/de\/wp-json\/wp\/v2\/pages\/6418","targetHints":{"allow":["GET"]}}],"collection":[{"href":"https:\/\/www.sun-sure-estates.com\/de\/wp-json\/wp\/v2\/pages"}],"about":[{"href":"https:\/\/www.sun-sure-estates.com\/de\/wp-json\/wp\/v2\/types\/page"}],"author":[{"embeddable":true,"href":"https:\/\/www.sun-sure-estates.com\/de\/wp-json\/wp\/v2\/users\/3"}],"replies":[{"embeddable":true,"href":"https:\/\/www.sun-sure-estates.com\/de\/wp-json\/wp\/v2\/comments?post=6418"}],"version-history":[{"count":12,"href":"https:\/\/www.sun-sure-estates.com\/de\/wp-json\/wp\/v2\/pages\/6418\/revisions"}],"predecessor-version":[{"id":27100,"href":"https:\/\/www.sun-sure-estates.com\/de\/wp-json\/wp\/v2\/pages\/6418\/revisions\/27100"}],"wp:featuredmedia":[{"embeddable":true,"href":"https:\/\/www.sun-sure-estates.com\/de\/wp-json\/wp\/v2\/media\/5974"}],"wp:attachment":[{"href":"https:\/\/www.sun-sure-estates.com\/de\/wp-json\/wp\/v2\/media?parent=6418"}],"curies":[{"name":"wp","href":"https:\/\/api.w.org\/{rel}","templated":true}]}}