{"id":6422,"date":"2021-04-13T20:40:21","date_gmt":"2021-04-13T18:40:21","guid":{"rendered":"https:\/\/www.sun-sure-estates.com\/?page_id=6422"},"modified":"2023-12-14T11:44:07","modified_gmt":"2023-12-14T10:44:07","slug":"ueber-uns","status":"publish","type":"page","link":"https:\/\/www.sun-sure-estates.com\/de\/ueber-uns\/","title":{"rendered":"\u00dcber uns"},"content":{"rendered":"\t\t<div data-elementor-type=\"wp-page\" data-elementor-id=\"6422\" class=\"elementor elementor-6422 elementor-23\">\n\t\t\t\t\t\t<section class=\"elementor-section elementor-top-section elementor-element elementor-element-376486bc elementor-section-boxed elementor-section-height-default elementor-section-height-default\" data-id=\"376486bc\" data-element_type=\"section\" data-e-type=\"section\">\n\t\t\t\t\t\t<div class=\"elementor-container elementor-column-gap-default\">\n\t\t\t\t\t<div class=\"elementor-column elementor-col-100 elementor-top-column elementor-element elementor-element-5f94a9c6\" data-id=\"5f94a9c6\" data-element_type=\"column\" data-e-type=\"column\">\n\t\t\t<div class=\"elementor-widget-wrap elementor-element-populated\">\n\t\t\t\t\t\t<div class=\"elementor-element elementor-element-65ba5287 elementor-widget elementor-widget-text-editor\" data-id=\"65ba5287\" data-element_type=\"widget\" data-e-type=\"widget\" data-widget_type=\"text-editor.default\">\n\t\t\t\t<div class=\"elementor-widget-container\">\n\t\t\t\t\t\t\t\t\t<p><\/p>\n<p><em>Maurice van Bladel, Ihr Immobilienmakler f\u00fcr die Niederlande<\/em><\/p>\n<p>Im Alter von 15 Jahren zeichnete ich bereits H\u00e4user in meiner Heimatstadt Waalwijk in einem Architekturb\u00fcro. Ein wunderbares Hobby. Zu einem sp\u00e4teren Zeitpunkt kam ich wieder in Kontakt mit der Architekturbranche. Dann kamen die Projekte aus Spanien auf meinen Weg. Hier konnte ich, zus\u00e4tzlich zu den vielen internationalen Erfahrungen, das Wissen \u00fcber Architektur mit den sch\u00f6nen H\u00e4usern in Spanien verbinden.<\/p>\n<p>Die Niederlande sind mein Marktgebiet f\u00fcr die Projekte an der Costa Blanca und Costa del Sol. Als Mediator \u00fcbernehme ich f\u00fcr Sie die Vorarbeit in den Niederlanden und f\u00fcr unseren Makler \/ Agent in Spanien.<\/p>\n<p>Ich w\u00fcrde mich freuen, Sie zu besuchen und Ihnen eine ehrliche und angemessene Beratung \u00fcber einen Zweitwohnsitz oder eine Investition in dieser sonnigen Region Spaniens zu geben.<\/p>\n<p>Zuverl\u00e4ssig<br>Wir arbeiten fast ausschlie\u00dflich mit Projekten, von denen bereits ein Musterhaus existiert. So k\u00f6nnen Sie sehen, wie Ihr Traumhaus aussehen wird.<\/p>\n<p>Au\u00dferdem werden alle unsere Projekte schon im Vorfeld gepr\u00fcft. Wir achten auf eine g\u00fcnstige Lage, Bauqualit\u00e4t, Materialien, Auswahl des Zubeh\u00f6rs und achten auf rechtliche Aspekte.<\/p>\t\t\t\t\t\t\t\t<\/div>\n\t\t\t\t<\/div>\n\t\t\t\t\t<\/div>\n\t\t<\/div>\n\t\t\t\t\t<\/div>\n\t\t<\/section>\n\t\t\t\t<\/div>\n\t\t","protected":false},"excerpt":{"rendered":"<p>Maurice van Bladel, Ihr Immobilienmakler f\u00fcr die Niederlande Im Alter von 15 Jahren zeichnete ich bereits H\u00e4user in meiner Heimatstadt Waalwijk in einem Architekturb\u00fcro. Ein wunderbares Hobby. Zu einem sp\u00e4teren Zeitpunkt kam ich wieder in Kontakt mit der Architekturbranche. Dann kamen die Projekte aus Spanien auf meinen Weg. Hier konnte ich, zus\u00e4tzlich zu den vielen [&hellip;]<\/p>\n","protected":false},"author":3,"featured_media":46983,"parent":0,"menu_order":0,"comment_status":"closed","ping_status":"closed","template":"","meta":{"_acf_changed":false,"footnotes":""},"class_list":["post-6422","page","type-page","status-publish","has-post-thumbnail","hentry"],"acf":[],"yoast_head":"<!-- This site is optimized with the Yoast SEO plugin v27.4 - https:\/\/yoast.com\/product\/yoast-seo-wordpress\/ -->\n<title>\u00dcber uns - Sun Sure Estates<\/title>\n<meta name=\"robots\" content=\"index, follow, max-snippet:-1, max-image-preview:large, max-video-preview:-1\" \/>\n<link rel=\"canonical\" href=\"https:\/\/www.sun-sure-estates.com\/de\/ueber-uns\/\" \/>\n<meta property=\"og:locale\" content=\"de_DE\" \/>\n<meta property=\"og:type\" content=\"article\" \/>\n<meta property=\"og:title\" content=\"\u00dcber uns - Sun Sure Estates\" \/>\n<meta property=\"og:description\" content=\"Maurice van Bladel, Ihr Immobilienmakler f\u00fcr die Niederlande Im Alter von 15 Jahren zeichnete ich bereits H\u00e4user in meiner Heimatstadt Waalwijk in einem Architekturb\u00fcro. Ein wunderbares Hobby. Zu einem sp\u00e4teren Zeitpunkt kam ich wieder in Kontakt mit der Architekturbranche. Dann kamen die Projekte aus Spanien auf meinen Weg. Hier konnte ich, zus\u00e4tzlich zu den vielen [&hellip;]\" \/>\n<meta property=\"og:url\" content=\"https:\/\/www.sun-sure-estates.com\/de\/ueber-uns\/\" \/>\n<meta property=\"og:site_name\" content=\"Sun Sure Estates\" \/>\n<meta property=\"article:modified_time\" content=\"2023-12-14T10:44:07+00:00\" \/>\n<meta property=\"og:image\" content=\"https:\/\/www.sun-sure-estates.com\/wp-content\/uploads\/2020\/09\/4-37-scaled.jpg\" \/>\n\t<meta property=\"og:image:width\" content=\"2560\" \/>\n\t<meta property=\"og:image:height\" content=\"1707\" \/>\n\t<meta property=\"og:image:type\" content=\"image\/jpeg\" \/>\n<meta name=\"twitter:card\" content=\"summary_large_image\" \/>\n<meta name=\"twitter:label1\" content=\"Gesch\u00e4tzte Lesezeit\" \/>\n\t<meta name=\"twitter:data1\" content=\"1\u00a0Minute\" \/>\n<script type=\"application\/ld+json\" class=\"yoast-schema-graph\">{\"@context\":\"https:\\\/\\\/schema.org\",\"@graph\":[{\"@type\":\"WebPage\",\"@id\":\"https:\\\/\\\/www.sun-sure-estates.com\\\/de\\\/ueber-uns\\\/\",\"url\":\"https:\\\/\\\/www.sun-sure-estates.com\\\/de\\\/ueber-uns\\\/\",\"name\":\"\u00dcber uns - Sun Sure Estates\",\"isPartOf\":{\"@id\":\"https:\\\/\\\/www.sun-sure-estates.com\\\/de\\\/#website\"},\"primaryImageOfPage\":{\"@id\":\"https:\\\/\\\/www.sun-sure-estates.com\\\/de\\\/ueber-uns\\\/#primaryimage\"},\"image\":{\"@id\":\"https:\\\/\\\/www.sun-sure-estates.com\\\/de\\\/ueber-uns\\\/#primaryimage\"},\"thumbnailUrl\":\"https:\\\/\\\/www.sun-sure-estates.com\\\/wp-content\\\/uploads\\\/2026\\\/01\\\/1d8119be-b266-419a-9b76-ea60b4302af3.jpg\",\"datePublished\":\"2021-04-13T18:40:21+00:00\",\"dateModified\":\"2023-12-14T10:44:07+00:00\",\"breadcrumb\":{\"@id\":\"https:\\\/\\\/www.sun-sure-estates.com\\\/de\\\/ueber-uns\\\/#breadcrumb\"},\"inLanguage\":\"de\",\"potentialAction\":[{\"@type\":\"ReadAction\",\"target\":[\"https:\\\/\\\/www.sun-sure-estates.com\\\/de\\\/ueber-uns\\\/\"]}]},{\"@type\":\"ImageObject\",\"inLanguage\":\"de\",\"@id\":\"https:\\\/\\\/www.sun-sure-estates.com\\\/de\\\/ueber-uns\\\/#primaryimage\",\"url\":\"https:\\\/\\\/www.sun-sure-estates.com\\\/wp-content\\\/uploads\\\/2026\\\/01\\\/1d8119be-b266-419a-9b76-ea60b4302af3.jpg\",\"contentUrl\":\"https:\\\/\\\/www.sun-sure-estates.com\\\/wp-content\\\/uploads\\\/2026\\\/01\\\/1d8119be-b266-419a-9b76-ea60b4302af3.jpg\",\"width\":1920,\"height\":853},{\"@type\":\"BreadcrumbList\",\"@id\":\"https:\\\/\\\/www.sun-sure-estates.com\\\/de\\\/ueber-uns\\\/#breadcrumb\",\"itemListElement\":[{\"@type\":\"ListItem\",\"position\":1,\"name\":\"Home\",\"item\":\"https:\\\/\\\/www.sun-sure-estates.com\\\/de\\\/\"},{\"@type\":\"ListItem\",\"position\":2,\"name\":\"\u00dcber uns\"}]},{\"@type\":\"WebSite\",\"@id\":\"https:\\\/\\\/www.sun-sure-estates.com\\\/de\\\/#website\",\"url\":\"https:\\\/\\\/www.sun-sure-estates.com\\\/de\\\/\",\"name\":\"Sun Sure Estates\",\"description\":\"Beleggen of wonen in je eigen huis onder de zon\",\"potentialAction\":[{\"@type\":\"SearchAction\",\"target\":{\"@type\":\"EntryPoint\",\"urlTemplate\":\"https:\\\/\\\/www.sun-sure-estates.com\\\/de\\\/?s={search_term_string}\"},\"query-input\":{\"@type\":\"PropertyValueSpecification\",\"valueRequired\":true,\"valueName\":\"search_term_string\"}}],\"inLanguage\":\"de\"}]}<\/script>\n<!-- \/ Yoast SEO plugin. -->","yoast_head_json":{"title":"\u00dcber uns - Sun Sure Estates","robots":{"index":"index","follow":"follow","max-snippet":"max-snippet:-1","max-image-preview":"max-image-preview:large","max-video-preview":"max-video-preview:-1"},"canonical":"https:\/\/www.sun-sure-estates.com\/de\/ueber-uns\/","og_locale":"de_DE","og_type":"article","og_title":"\u00dcber uns - Sun Sure Estates","og_description":"Maurice van Bladel, Ihr Immobilienmakler f\u00fcr die Niederlande Im Alter von 15 Jahren zeichnete ich bereits H\u00e4user in meiner Heimatstadt Waalwijk in einem Architekturb\u00fcro. Ein wunderbares Hobby. Zu einem sp\u00e4teren Zeitpunkt kam ich wieder in Kontakt mit der Architekturbranche. Dann kamen die Projekte aus Spanien auf meinen Weg. Hier konnte ich, zus\u00e4tzlich zu den vielen [&hellip;]","og_url":"https:\/\/www.sun-sure-estates.com\/de\/ueber-uns\/","og_site_name":"Sun Sure Estates","article_modified_time":"2023-12-14T10:44:07+00:00","og_image":[{"width":2560,"height":1707,"url":"https:\/\/www.sun-sure-estates.com\/wp-content\/uploads\/2020\/09\/4-37-scaled.jpg","type":"image\/jpeg"}],"twitter_card":"summary_large_image","twitter_misc":{"Gesch\u00e4tzte Lesezeit":"1\u00a0Minute"},"schema":{"@context":"https:\/\/schema.org","@graph":[{"@type":"WebPage","@id":"https:\/\/www.sun-sure-estates.com\/de\/ueber-uns\/","url":"https:\/\/www.sun-sure-estates.com\/de\/ueber-uns\/","name":"\u00dcber uns - Sun Sure Estates","isPartOf":{"@id":"https:\/\/www.sun-sure-estates.com\/de\/#website"},"primaryImageOfPage":{"@id":"https:\/\/www.sun-sure-estates.com\/de\/ueber-uns\/#primaryimage"},"image":{"@id":"https:\/\/www.sun-sure-estates.com\/de\/ueber-uns\/#primaryimage"},"thumbnailUrl":"https:\/\/www.sun-sure-estates.com\/wp-content\/uploads\/2026\/01\/1d8119be-b266-419a-9b76-ea60b4302af3.jpg","datePublished":"2021-04-13T18:40:21+00:00","dateModified":"2023-12-14T10:44:07+00:00","breadcrumb":{"@id":"https:\/\/www.sun-sure-estates.com\/de\/ueber-uns\/#breadcrumb"},"inLanguage":"de","potentialAction":[{"@type":"ReadAction","target":["https:\/\/www.sun-sure-estates.com\/de\/ueber-uns\/"]}]},{"@type":"ImageObject","inLanguage":"de","@id":"https:\/\/www.sun-sure-estates.com\/de\/ueber-uns\/#primaryimage","url":"https:\/\/www.sun-sure-estates.com\/wp-content\/uploads\/2026\/01\/1d8119be-b266-419a-9b76-ea60b4302af3.jpg","contentUrl":"https:\/\/www.sun-sure-estates.com\/wp-content\/uploads\/2026\/01\/1d8119be-b266-419a-9b76-ea60b4302af3.jpg","width":1920,"height":853},{"@type":"BreadcrumbList","@id":"https:\/\/www.sun-sure-estates.com\/de\/ueber-uns\/#breadcrumb","itemListElement":[{"@type":"ListItem","position":1,"name":"Home","item":"https:\/\/www.sun-sure-estates.com\/de\/"},{"@type":"ListItem","position":2,"name":"\u00dcber uns"}]},{"@type":"WebSite","@id":"https:\/\/www.sun-sure-estates.com\/de\/#website","url":"https:\/\/www.sun-sure-estates.com\/de\/","name":"Sun Sure Estates","description":"Beleggen of wonen in je eigen huis onder de zon","potentialAction":[{"@type":"SearchAction","target":{"@type":"EntryPoint","urlTemplate":"https:\/\/www.sun-sure-estates.com\/de\/?s={search_term_string}"},"query-input":{"@type":"PropertyValueSpecification","valueRequired":true,"valueName":"search_term_string"}}],"inLanguage":"de"}]}},"_links":{"self":[{"href":"https:\/\/www.sun-sure-estates.com\/de\/wp-json\/wp\/v2\/pages\/6422","targetHints":{"allow":["GET"]}}],"collection":[{"href":"https:\/\/www.sun-sure-estates.com\/de\/wp-json\/wp\/v2\/pages"}],"about":[{"href":"https:\/\/www.sun-sure-estates.com\/de\/wp-json\/wp\/v2\/types\/page"}],"author":[{"embeddable":true,"href":"https:\/\/www.sun-sure-estates.com\/de\/wp-json\/wp\/v2\/users\/3"}],"replies":[{"embeddable":true,"href":"https:\/\/www.sun-sure-estates.com\/de\/wp-json\/wp\/v2\/comments?post=6422"}],"version-history":[{"count":8,"href":"https:\/\/www.sun-sure-estates.com\/de\/wp-json\/wp\/v2\/pages\/6422\/revisions"}],"predecessor-version":[{"id":30080,"href":"https:\/\/www.sun-sure-estates.com\/de\/wp-json\/wp\/v2\/pages\/6422\/revisions\/30080"}],"wp:featuredmedia":[{"embeddable":true,"href":"https:\/\/www.sun-sure-estates.com\/de\/wp-json\/wp\/v2\/media\/46983"}],"wp:attachment":[{"href":"https:\/\/www.sun-sure-estates.com\/de\/wp-json\/wp\/v2\/media?parent=6422"}],"curies":[{"name":"wp","href":"https:\/\/api.w.org\/{rel}","templated":true}]}}