{"id":6426,"date":"2021-04-13T20:39:57","date_gmt":"2021-04-13T18:39:57","guid":{"rendered":"https:\/\/www.sun-sure-estates.com\/?page_id=6426"},"modified":"2021-04-13T20:40:00","modified_gmt":"2021-04-13T18:40:00","slug":"erfahrung","status":"publish","type":"page","link":"https:\/\/www.sun-sure-estates.com\/de\/erfahrung\/","title":{"rendered":"Erfahrung"},"content":{"rendered":"\n<p>Johan P.<\/p>\n\n\n\n<p>Habe Huub zum ersten Mal 2019 f\u00fcr den Verkauf unserer Wohnung kontaktiert. Da Huub viele Kontakte zu Immobilienmaklern hat, hat er die besten L\u00f6sungen f\u00fcr einen schnellen Verkauf! Dar\u00fcber hinaus hat Huub einige sch\u00f6ne Neubauprojekte unter seinem G\u00fcrtel und kennt die Gegend und den Markt sehr gut.&nbsp;<\/p>\n\n\n\n<p>Nachdem wir Ihre spezifischen W\u00fcnsche besprochen haben, suchen wir nach einer perfekten L\u00f6sung. Huub geht immer ans Telefon oder ruft zur\u00fcck, was zwar normal erscheint, aber nicht immer der Fall ist. Er ist auch sehr gut \u00fcber Whatsapp erreichbar und schickt regelm\u00e4\u00dfig Updates. Alles in allem eine sehr sch\u00f6ne und angenehme Erfahrung.<\/p>\n\n\n\n<p>Sebastiaan J.<\/p>\n\n\n\n<p>Nachdem ich einige H\u00e4user in Orihuela Costa gesehen hatte, kam ich in Kontakt mit Huub. Es war ein bisschen sp\u00e4t, aber Huub hatte sich die Zeit genommen, einen Besichtigungstag zu organisieren. Wir machten einen Termin aus, tranken eine Tasse Kaffee und gingen zur Besichtigung der H\u00e4user. Die Besichtigungen waren etwas n\u00f6rdlicher von Orihuela Costa. Wiederverkauf und dann Neubau. Das neue Geb\u00e4ude war fantastisch, was ich gesehen habe. Das Sch\u00f6ne daran ist, dass Ihnen in Ihrer eigenen Sprache geholfen wird. Huub, nochmals vielen Dank f\u00fcr Ihre Zeit und Ihren Einblick. Bis bald.<\/p>\n\n\n\n<p>Feder S.<\/p>\n\n\n\n<p>Ich bin sehr zufrieden mit Huub. Ich habe ihn aus den Niederlanden kontaktiert, weil ich mich f\u00fcr ein Haus interessierte, das er zum Verkauf hatte. Nach einigem Hin- und Hertelefonieren und Apping entschied ich mich, in das Flugzeug zu steigen. In Spanien angekommen, gab sich Huub alle M\u00fche, nat\u00fcrlich mit der richtigen Vorbereitung, um uns so viele H\u00e4user wie m\u00f6glich zu zeigen. Und um uns die sch\u00f6ne Umgebung genie\u00dfen zu lassen. Sehr empfehlenswert!<\/p>\n","protected":false},"excerpt":{"rendered":"<p>Johan P. Habe Huub zum ersten Mal 2019 f\u00fcr den Verkauf unserer Wohnung kontaktiert. Da Huub viele Kontakte zu Immobilienmaklern hat, hat er die besten L\u00f6sungen f\u00fcr einen schnellen Verkauf! Dar\u00fcber hinaus hat Huub einige sch\u00f6ne Neubauprojekte unter seinem G\u00fcrtel und kennt die Gegend und den Markt sehr gut.&nbsp; Nachdem wir Ihre spezifischen W\u00fcnsche besprochen [&hellip;]<\/p>\n","protected":false},"author":3,"featured_media":20044,"parent":0,"menu_order":0,"comment_status":"closed","ping_status":"closed","template":"templates\/page-ervaringen.php","meta":{"_acf_changed":false,"footnotes":""},"class_list":["post-6426","page","type-page","status-publish","has-post-thumbnail","hentry"],"acf":[],"yoast_head":"<!-- This site is optimized with the Yoast SEO plugin v27.4 - https:\/\/yoast.com\/product\/yoast-seo-wordpress\/ -->\n<title>Erfahrung - Sun Sure Estates<\/title>\n<meta name=\"robots\" content=\"index, follow, max-snippet:-1, max-image-preview:large, max-video-preview:-1\" \/>\n<link rel=\"canonical\" href=\"https:\/\/www.sun-sure-estates.com\/de\/erfahrung\/\" \/>\n<meta property=\"og:locale\" content=\"de_DE\" \/>\n<meta property=\"og:type\" content=\"article\" \/>\n<meta property=\"og:title\" content=\"Erfahrung - Sun Sure Estates\" \/>\n<meta property=\"og:description\" content=\"Johan P. Habe Huub zum ersten Mal 2019 f\u00fcr den Verkauf unserer Wohnung kontaktiert. Da Huub viele Kontakte zu Immobilienmaklern hat, hat er die besten L\u00f6sungen f\u00fcr einen schnellen Verkauf! Dar\u00fcber hinaus hat Huub einige sch\u00f6ne Neubauprojekte unter seinem G\u00fcrtel und kennt die Gegend und den Markt sehr gut.&nbsp; Nachdem wir Ihre spezifischen W\u00fcnsche besprochen [&hellip;]\" \/>\n<meta property=\"og:url\" content=\"https:\/\/www.sun-sure-estates.com\/de\/erfahrung\/\" \/>\n<meta property=\"og:site_name\" content=\"Sun Sure Estates\" \/>\n<meta property=\"article:modified_time\" content=\"2021-04-13T18:40:00+00:00\" \/>\n<meta name=\"twitter:card\" content=\"summary_large_image\" \/>\n<meta name=\"twitter:label1\" content=\"Gesch\u00e4tzte Lesezeit\" \/>\n\t<meta name=\"twitter:data1\" content=\"2\u00a0Minuten\" \/>\n<script type=\"application\/ld+json\" class=\"yoast-schema-graph\">{\"@context\":\"https:\\\/\\\/schema.org\",\"@graph\":[{\"@type\":\"WebPage\",\"@id\":\"https:\\\/\\\/www.sun-sure-estates.com\\\/de\\\/erfahrung\\\/\",\"url\":\"https:\\\/\\\/www.sun-sure-estates.com\\\/de\\\/erfahrung\\\/\",\"name\":\"Erfahrung - Sun Sure Estates\",\"isPartOf\":{\"@id\":\"https:\\\/\\\/www.sun-sure-estates.com\\\/de\\\/#website\"},\"primaryImageOfPage\":{\"@id\":\"https:\\\/\\\/www.sun-sure-estates.com\\\/de\\\/erfahrung\\\/#primaryimage\"},\"image\":{\"@id\":\"https:\\\/\\\/www.sun-sure-estates.com\\\/de\\\/erfahrung\\\/#primaryimage\"},\"thumbnailUrl\":\"https:\\\/\\\/www.sun-sure-estates.com\\\/wp-content\\\/uploads\\\/2020\\\/09\\\/10-10.jpg\",\"datePublished\":\"2021-04-13T18:39:57+00:00\",\"dateModified\":\"2021-04-13T18:40:00+00:00\",\"breadcrumb\":{\"@id\":\"https:\\\/\\\/www.sun-sure-estates.com\\\/de\\\/erfahrung\\\/#breadcrumb\"},\"inLanguage\":\"de\",\"potentialAction\":[{\"@type\":\"ReadAction\",\"target\":[\"https:\\\/\\\/www.sun-sure-estates.com\\\/de\\\/erfahrung\\\/\"]}]},{\"@type\":\"ImageObject\",\"inLanguage\":\"de\",\"@id\":\"https:\\\/\\\/www.sun-sure-estates.com\\\/de\\\/erfahrung\\\/#primaryimage\",\"url\":\"https:\\\/\\\/www.sun-sure-estates.com\\\/wp-content\\\/uploads\\\/2020\\\/09\\\/10-10.jpg\",\"contentUrl\":\"https:\\\/\\\/www.sun-sure-estates.com\\\/wp-content\\\/uploads\\\/2020\\\/09\\\/10-10.jpg\",\"width\":1919,\"height\":1080},{\"@type\":\"BreadcrumbList\",\"@id\":\"https:\\\/\\\/www.sun-sure-estates.com\\\/de\\\/erfahrung\\\/#breadcrumb\",\"itemListElement\":[{\"@type\":\"ListItem\",\"position\":1,\"name\":\"Home\",\"item\":\"https:\\\/\\\/www.sun-sure-estates.com\\\/de\\\/\"},{\"@type\":\"ListItem\",\"position\":2,\"name\":\"Erfahrung\"}]},{\"@type\":\"WebSite\",\"@id\":\"https:\\\/\\\/www.sun-sure-estates.com\\\/de\\\/#website\",\"url\":\"https:\\\/\\\/www.sun-sure-estates.com\\\/de\\\/\",\"name\":\"Sun Sure Estates\",\"description\":\"Beleggen of wonen in je eigen huis onder de zon\",\"potentialAction\":[{\"@type\":\"SearchAction\",\"target\":{\"@type\":\"EntryPoint\",\"urlTemplate\":\"https:\\\/\\\/www.sun-sure-estates.com\\\/de\\\/?s={search_term_string}\"},\"query-input\":{\"@type\":\"PropertyValueSpecification\",\"valueRequired\":true,\"valueName\":\"search_term_string\"}}],\"inLanguage\":\"de\"}]}<\/script>\n<!-- \/ Yoast SEO plugin. -->","yoast_head_json":{"title":"Erfahrung - Sun Sure Estates","robots":{"index":"index","follow":"follow","max-snippet":"max-snippet:-1","max-image-preview":"max-image-preview:large","max-video-preview":"max-video-preview:-1"},"canonical":"https:\/\/www.sun-sure-estates.com\/de\/erfahrung\/","og_locale":"de_DE","og_type":"article","og_title":"Erfahrung - Sun Sure Estates","og_description":"Johan P. Habe Huub zum ersten Mal 2019 f\u00fcr den Verkauf unserer Wohnung kontaktiert. Da Huub viele Kontakte zu Immobilienmaklern hat, hat er die besten L\u00f6sungen f\u00fcr einen schnellen Verkauf! Dar\u00fcber hinaus hat Huub einige sch\u00f6ne Neubauprojekte unter seinem G\u00fcrtel und kennt die Gegend und den Markt sehr gut.&nbsp; Nachdem wir Ihre spezifischen W\u00fcnsche besprochen [&hellip;]","og_url":"https:\/\/www.sun-sure-estates.com\/de\/erfahrung\/","og_site_name":"Sun Sure Estates","article_modified_time":"2021-04-13T18:40:00+00:00","twitter_card":"summary_large_image","twitter_misc":{"Gesch\u00e4tzte Lesezeit":"2\u00a0Minuten"},"schema":{"@context":"https:\/\/schema.org","@graph":[{"@type":"WebPage","@id":"https:\/\/www.sun-sure-estates.com\/de\/erfahrung\/","url":"https:\/\/www.sun-sure-estates.com\/de\/erfahrung\/","name":"Erfahrung - Sun Sure Estates","isPartOf":{"@id":"https:\/\/www.sun-sure-estates.com\/de\/#website"},"primaryImageOfPage":{"@id":"https:\/\/www.sun-sure-estates.com\/de\/erfahrung\/#primaryimage"},"image":{"@id":"https:\/\/www.sun-sure-estates.com\/de\/erfahrung\/#primaryimage"},"thumbnailUrl":"https:\/\/www.sun-sure-estates.com\/wp-content\/uploads\/2020\/09\/10-10.jpg","datePublished":"2021-04-13T18:39:57+00:00","dateModified":"2021-04-13T18:40:00+00:00","breadcrumb":{"@id":"https:\/\/www.sun-sure-estates.com\/de\/erfahrung\/#breadcrumb"},"inLanguage":"de","potentialAction":[{"@type":"ReadAction","target":["https:\/\/www.sun-sure-estates.com\/de\/erfahrung\/"]}]},{"@type":"ImageObject","inLanguage":"de","@id":"https:\/\/www.sun-sure-estates.com\/de\/erfahrung\/#primaryimage","url":"https:\/\/www.sun-sure-estates.com\/wp-content\/uploads\/2020\/09\/10-10.jpg","contentUrl":"https:\/\/www.sun-sure-estates.com\/wp-content\/uploads\/2020\/09\/10-10.jpg","width":1919,"height":1080},{"@type":"BreadcrumbList","@id":"https:\/\/www.sun-sure-estates.com\/de\/erfahrung\/#breadcrumb","itemListElement":[{"@type":"ListItem","position":1,"name":"Home","item":"https:\/\/www.sun-sure-estates.com\/de\/"},{"@type":"ListItem","position":2,"name":"Erfahrung"}]},{"@type":"WebSite","@id":"https:\/\/www.sun-sure-estates.com\/de\/#website","url":"https:\/\/www.sun-sure-estates.com\/de\/","name":"Sun Sure Estates","description":"Beleggen of wonen in je eigen huis onder de zon","potentialAction":[{"@type":"SearchAction","target":{"@type":"EntryPoint","urlTemplate":"https:\/\/www.sun-sure-estates.com\/de\/?s={search_term_string}"},"query-input":{"@type":"PropertyValueSpecification","valueRequired":true,"valueName":"search_term_string"}}],"inLanguage":"de"}]}},"_links":{"self":[{"href":"https:\/\/www.sun-sure-estates.com\/de\/wp-json\/wp\/v2\/pages\/6426","targetHints":{"allow":["GET"]}}],"collection":[{"href":"https:\/\/www.sun-sure-estates.com\/de\/wp-json\/wp\/v2\/pages"}],"about":[{"href":"https:\/\/www.sun-sure-estates.com\/de\/wp-json\/wp\/v2\/types\/page"}],"author":[{"embeddable":true,"href":"https:\/\/www.sun-sure-estates.com\/de\/wp-json\/wp\/v2\/users\/3"}],"replies":[{"embeddable":true,"href":"https:\/\/www.sun-sure-estates.com\/de\/wp-json\/wp\/v2\/comments?post=6426"}],"version-history":[{"count":1,"href":"https:\/\/www.sun-sure-estates.com\/de\/wp-json\/wp\/v2\/pages\/6426\/revisions"}],"predecessor-version":[{"id":6427,"href":"https:\/\/www.sun-sure-estates.com\/de\/wp-json\/wp\/v2\/pages\/6426\/revisions\/6427"}],"wp:featuredmedia":[{"embeddable":true,"href":"https:\/\/www.sun-sure-estates.com\/de\/wp-json\/wp\/v2\/media\/20044"}],"wp:attachment":[{"href":"https:\/\/www.sun-sure-estates.com\/de\/wp-json\/wp\/v2\/media?parent=6426"}],"curies":[{"name":"wp","href":"https:\/\/api.w.org\/{rel}","templated":true}]}}