{"id":6428,"date":"2021-04-13T20:39:36","date_gmt":"2021-04-13T18:39:36","guid":{"rendered":"https:\/\/www.sun-sure-estates.com\/?page_id=6428"},"modified":"2023-06-01T20:44:40","modified_gmt":"2023-06-01T18:44:40","slug":"anzeige-der-reise","status":"publish","type":"page","link":"https:\/\/www.sun-sure-estates.com\/de\/anzeige-der-reise\/","title":{"rendered":"Anzeige der Reise"},"content":{"rendered":"\t\t<div data-elementor-type=\"wp-page\" data-elementor-id=\"6428\" class=\"elementor elementor-6428 elementor-84\">\n\t\t\t\t\t\t<section class=\"elementor-section elementor-top-section elementor-element elementor-element-7f041182 elementor-section-boxed elementor-section-height-default elementor-section-height-default\" data-id=\"7f041182\" data-element_type=\"section\" data-e-type=\"section\">\n\t\t\t\t\t\t<div class=\"elementor-container elementor-column-gap-default\">\n\t\t\t\t\t<div class=\"elementor-column elementor-col-100 elementor-top-column elementor-element elementor-element-3c6f108a\" data-id=\"3c6f108a\" data-element_type=\"column\" data-e-type=\"column\">\n\t\t\t<div class=\"elementor-widget-wrap elementor-element-populated\">\n\t\t\t\t\t\t<div class=\"elementor-element elementor-element-51b67e60 elementor-widget elementor-widget-text-editor\" data-id=\"51b67e60\" data-element_type=\"widget\" data-e-type=\"widget\" data-widget_type=\"text-editor.default\">\n\t\t\t\t<div class=\"elementor-widget-container\">\n\t\t\t\t\t\t\t\t\t\n<p>\u00a0<\/p>\n\n<p>Eine Immobilie in Spanien zu kaufen ist etwas, das man gut machen muss. Wir stehen f\u00fcr einen pers\u00f6nlichen und professionellen Ansatz, und wir werden alles tun, um Sie durch den Kauf der Immobilie zu begleiten. Wir bieten daher nur Neubauprojekte an, die von uns finanziell und rechtlich gepr\u00fcft wurden.<\/p>\n\n<p>In den Niederlanden findet ein erstes pers\u00f6nliches Treffen mit dem Miteigent\u00fcmer Maurice van Bladel statt, bei dem Ihre W\u00fcnsche und Ihr Budget f\u00fcr Ihr zweites Zuhause in Spanien besprochen werden. Nat\u00fcrlich m\u00f6chten Sie die von Ihnen bevorzugten Objekte auch in der Realit\u00e4t sehen. Aber wie wollen Sie das machen? Au\u00dferdem kauft man nicht jeden Tag ein Haus in Spanien.<\/p>\n\n<p>Deshalb bieten wir die M\u00f6glichkeit einer professionellen Besichtigungsreise an die Costa Blanca und nehmen Sie mit! W\u00e4hrend der zwei oder drei Besichtigungs- und Informationstage werden Sie von Mein Kollege pers\u00f6nlich betreut. Er lebt seit vielen Jahren in Spanien und kennt alle Parteien, die notwendig sind, um Ihre Wohnw\u00fcnsche zu erf\u00fcllen.<\/p>\n\n<p>Mein Kollege holt Sie pers\u00f6nlich vom Flughafen Alicante ab und l\u00e4sst Sie bei einem Snack und einem Getr\u00e4nk erst einmal die Planung durchgehen, um dann die sch\u00f6ne Umgebung, die Freizeitm\u00f6glichkeiten, die Attraktionen und die von Ihnen gew\u00fcnschten H\u00e4user zu besichtigen. Mein Kollege wird Sie auch dem Notar und dem Anwalt vorstellen, um die Besichtigungs- und Informationstage zu vervollst\u00e4ndigen.<\/p>\n\n<p>Er wird Sie pers\u00f6nlich zum Flughafen in Alicante zur\u00fcckbringen und Sie werden mit vollst\u00e4ndigen und \u00fcberzeugenden Informationen nach Hause gehen, um eine gut \u00fcberlegte und sch\u00f6ne Wahl zu treffen!<\/p>\n\t\t\t\t\t\t\t\t<\/div>\n\t\t\t\t<\/div>\n\t\t\t\t\t<\/div>\n\t\t<\/div>\n\t\t\t\t\t<\/div>\n\t\t<\/section>\n\t\t\t\t<\/div>\n\t\t","protected":false},"excerpt":{"rendered":"<p>\u00a0 Eine Immobilie in Spanien zu kaufen ist etwas, das man gut machen muss. Wir stehen f\u00fcr einen pers\u00f6nlichen und professionellen Ansatz, und wir werden alles tun, um Sie durch den Kauf der Immobilie zu begleiten. Wir bieten daher nur Neubauprojekte an, die von uns finanziell und rechtlich gepr\u00fcft wurden. In den Niederlanden findet ein [&hellip;]<\/p>\n","protected":false},"author":3,"featured_media":8858,"parent":0,"menu_order":0,"comment_status":"closed","ping_status":"closed","template":"","meta":{"_acf_changed":false,"footnotes":""},"class_list":["post-6428","page","type-page","status-publish","has-post-thumbnail","hentry"],"acf":[],"yoast_head":"<!-- This site is optimized with the Yoast SEO plugin v27.6 - https:\/\/yoast.com\/product\/yoast-seo-wordpress\/ -->\n<title>Anzeige der Reise - Sun Sure Estates<\/title>\n<meta name=\"robots\" content=\"index, follow, max-snippet:-1, max-image-preview:large, max-video-preview:-1\" \/>\n<link rel=\"canonical\" href=\"https:\/\/www.sun-sure-estates.com\/de\/anzeige-der-reise\/\" \/>\n<meta property=\"og:locale\" content=\"de_DE\" \/>\n<meta property=\"og:type\" content=\"article\" \/>\n<meta property=\"og:title\" content=\"Anzeige der Reise - Sun Sure Estates\" \/>\n<meta property=\"og:description\" content=\"\u00a0 Eine Immobilie in Spanien zu kaufen ist etwas, das man gut machen muss. Wir stehen f\u00fcr einen pers\u00f6nlichen und professionellen Ansatz, und wir werden alles tun, um Sie durch den Kauf der Immobilie zu begleiten. Wir bieten daher nur Neubauprojekte an, die von uns finanziell und rechtlich gepr\u00fcft wurden. In den Niederlanden findet ein [&hellip;]\" \/>\n<meta property=\"og:url\" content=\"https:\/\/www.sun-sure-estates.com\/de\/anzeige-der-reise\/\" \/>\n<meta property=\"og:site_name\" content=\"Sun Sure Estates\" \/>\n<meta property=\"article:modified_time\" content=\"2023-06-01T18:44:40+00:00\" \/>\n<meta property=\"og:image\" content=\"https:\/\/www.sun-sure-estates.com\/wp-content\/uploads\/2020\/07\/2-3-scaled.jpg\" \/>\n\t<meta property=\"og:image:width\" content=\"2560\" \/>\n\t<meta property=\"og:image:height\" content=\"1707\" \/>\n\t<meta property=\"og:image:type\" content=\"image\/jpeg\" \/>\n<meta name=\"twitter:card\" content=\"summary_large_image\" \/>\n<meta name=\"twitter:label1\" content=\"Gesch\u00e4tzte Lesezeit\" \/>\n\t<meta name=\"twitter:data1\" content=\"2\u00a0Minuten\" \/>\n<script type=\"application\/ld+json\" class=\"yoast-schema-graph\">{\"@context\":\"https:\\\/\\\/schema.org\",\"@graph\":[{\"@type\":\"WebPage\",\"@id\":\"https:\\\/\\\/www.sun-sure-estates.com\\\/de\\\/anzeige-der-reise\\\/\",\"url\":\"https:\\\/\\\/www.sun-sure-estates.com\\\/de\\\/anzeige-der-reise\\\/\",\"name\":\"Anzeige der Reise - Sun Sure Estates\",\"isPartOf\":{\"@id\":\"https:\\\/\\\/www.sun-sure-estates.com\\\/de\\\/#website\"},\"primaryImageOfPage\":{\"@id\":\"https:\\\/\\\/www.sun-sure-estates.com\\\/de\\\/anzeige-der-reise\\\/#primaryimage\"},\"image\":{\"@id\":\"https:\\\/\\\/www.sun-sure-estates.com\\\/de\\\/anzeige-der-reise\\\/#primaryimage\"},\"thumbnailUrl\":\"https:\\\/\\\/www.sun-sure-estates.com\\\/wp-content\\\/uploads\\\/2020\\\/07\\\/2-3-scaled.jpg\",\"datePublished\":\"2021-04-13T18:39:36+00:00\",\"dateModified\":\"2023-06-01T18:44:40+00:00\",\"breadcrumb\":{\"@id\":\"https:\\\/\\\/www.sun-sure-estates.com\\\/de\\\/anzeige-der-reise\\\/#breadcrumb\"},\"inLanguage\":\"de\",\"potentialAction\":[{\"@type\":\"ReadAction\",\"target\":[\"https:\\\/\\\/www.sun-sure-estates.com\\\/de\\\/anzeige-der-reise\\\/\"]}]},{\"@type\":\"ImageObject\",\"inLanguage\":\"de\",\"@id\":\"https:\\\/\\\/www.sun-sure-estates.com\\\/de\\\/anzeige-der-reise\\\/#primaryimage\",\"url\":\"https:\\\/\\\/www.sun-sure-estates.com\\\/wp-content\\\/uploads\\\/2020\\\/07\\\/2-3-scaled.jpg\",\"contentUrl\":\"https:\\\/\\\/www.sun-sure-estates.com\\\/wp-content\\\/uploads\\\/2020\\\/07\\\/2-3-scaled.jpg\",\"width\":2560,\"height\":1707},{\"@type\":\"BreadcrumbList\",\"@id\":\"https:\\\/\\\/www.sun-sure-estates.com\\\/de\\\/anzeige-der-reise\\\/#breadcrumb\",\"itemListElement\":[{\"@type\":\"ListItem\",\"position\":1,\"name\":\"Home\",\"item\":\"https:\\\/\\\/www.sun-sure-estates.com\\\/de\\\/\"},{\"@type\":\"ListItem\",\"position\":2,\"name\":\"Anzeige der Reise\"}]},{\"@type\":\"WebSite\",\"@id\":\"https:\\\/\\\/www.sun-sure-estates.com\\\/de\\\/#website\",\"url\":\"https:\\\/\\\/www.sun-sure-estates.com\\\/de\\\/\",\"name\":\"Sun Sure Estates\",\"description\":\"Beleggen of wonen in je eigen huis onder de zon\",\"potentialAction\":[{\"@type\":\"SearchAction\",\"target\":{\"@type\":\"EntryPoint\",\"urlTemplate\":\"https:\\\/\\\/www.sun-sure-estates.com\\\/de\\\/?s={search_term_string}\"},\"query-input\":{\"@type\":\"PropertyValueSpecification\",\"valueRequired\":true,\"valueName\":\"search_term_string\"}}],\"inLanguage\":\"de\"}]}<\/script>\n<!-- \/ Yoast SEO plugin. -->","yoast_head_json":{"title":"Anzeige der Reise - Sun Sure Estates","robots":{"index":"index","follow":"follow","max-snippet":"max-snippet:-1","max-image-preview":"max-image-preview:large","max-video-preview":"max-video-preview:-1"},"canonical":"https:\/\/www.sun-sure-estates.com\/de\/anzeige-der-reise\/","og_locale":"de_DE","og_type":"article","og_title":"Anzeige der Reise - Sun Sure Estates","og_description":"\u00a0 Eine Immobilie in Spanien zu kaufen ist etwas, das man gut machen muss. Wir stehen f\u00fcr einen pers\u00f6nlichen und professionellen Ansatz, und wir werden alles tun, um Sie durch den Kauf der Immobilie zu begleiten. Wir bieten daher nur Neubauprojekte an, die von uns finanziell und rechtlich gepr\u00fcft wurden. In den Niederlanden findet ein [&hellip;]","og_url":"https:\/\/www.sun-sure-estates.com\/de\/anzeige-der-reise\/","og_site_name":"Sun Sure Estates","article_modified_time":"2023-06-01T18:44:40+00:00","og_image":[{"width":2560,"height":1707,"url":"https:\/\/www.sun-sure-estates.com\/wp-content\/uploads\/2020\/07\/2-3-scaled.jpg","type":"image\/jpeg"}],"twitter_card":"summary_large_image","twitter_misc":{"Gesch\u00e4tzte Lesezeit":"2\u00a0Minuten"},"schema":{"@context":"https:\/\/schema.org","@graph":[{"@type":"WebPage","@id":"https:\/\/www.sun-sure-estates.com\/de\/anzeige-der-reise\/","url":"https:\/\/www.sun-sure-estates.com\/de\/anzeige-der-reise\/","name":"Anzeige der Reise - Sun Sure Estates","isPartOf":{"@id":"https:\/\/www.sun-sure-estates.com\/de\/#website"},"primaryImageOfPage":{"@id":"https:\/\/www.sun-sure-estates.com\/de\/anzeige-der-reise\/#primaryimage"},"image":{"@id":"https:\/\/www.sun-sure-estates.com\/de\/anzeige-der-reise\/#primaryimage"},"thumbnailUrl":"https:\/\/www.sun-sure-estates.com\/wp-content\/uploads\/2020\/07\/2-3-scaled.jpg","datePublished":"2021-04-13T18:39:36+00:00","dateModified":"2023-06-01T18:44:40+00:00","breadcrumb":{"@id":"https:\/\/www.sun-sure-estates.com\/de\/anzeige-der-reise\/#breadcrumb"},"inLanguage":"de","potentialAction":[{"@type":"ReadAction","target":["https:\/\/www.sun-sure-estates.com\/de\/anzeige-der-reise\/"]}]},{"@type":"ImageObject","inLanguage":"de","@id":"https:\/\/www.sun-sure-estates.com\/de\/anzeige-der-reise\/#primaryimage","url":"https:\/\/www.sun-sure-estates.com\/wp-content\/uploads\/2020\/07\/2-3-scaled.jpg","contentUrl":"https:\/\/www.sun-sure-estates.com\/wp-content\/uploads\/2020\/07\/2-3-scaled.jpg","width":2560,"height":1707},{"@type":"BreadcrumbList","@id":"https:\/\/www.sun-sure-estates.com\/de\/anzeige-der-reise\/#breadcrumb","itemListElement":[{"@type":"ListItem","position":1,"name":"Home","item":"https:\/\/www.sun-sure-estates.com\/de\/"},{"@type":"ListItem","position":2,"name":"Anzeige der Reise"}]},{"@type":"WebSite","@id":"https:\/\/www.sun-sure-estates.com\/de\/#website","url":"https:\/\/www.sun-sure-estates.com\/de\/","name":"Sun Sure Estates","description":"Beleggen of wonen in je eigen huis onder de zon","potentialAction":[{"@type":"SearchAction","target":{"@type":"EntryPoint","urlTemplate":"https:\/\/www.sun-sure-estates.com\/de\/?s={search_term_string}"},"query-input":{"@type":"PropertyValueSpecification","valueRequired":true,"valueName":"search_term_string"}}],"inLanguage":"de"}]}},"_links":{"self":[{"href":"https:\/\/www.sun-sure-estates.com\/de\/wp-json\/wp\/v2\/pages\/6428","targetHints":{"allow":["GET"]}}],"collection":[{"href":"https:\/\/www.sun-sure-estates.com\/de\/wp-json\/wp\/v2\/pages"}],"about":[{"href":"https:\/\/www.sun-sure-estates.com\/de\/wp-json\/wp\/v2\/types\/page"}],"author":[{"embeddable":true,"href":"https:\/\/www.sun-sure-estates.com\/de\/wp-json\/wp\/v2\/users\/3"}],"replies":[{"embeddable":true,"href":"https:\/\/www.sun-sure-estates.com\/de\/wp-json\/wp\/v2\/comments?post=6428"}],"version-history":[{"count":4,"href":"https:\/\/www.sun-sure-estates.com\/de\/wp-json\/wp\/v2\/pages\/6428\/revisions"}],"predecessor-version":[{"id":27124,"href":"https:\/\/www.sun-sure-estates.com\/de\/wp-json\/wp\/v2\/pages\/6428\/revisions\/27124"}],"wp:featuredmedia":[{"embeddable":true,"href":"https:\/\/www.sun-sure-estates.com\/de\/wp-json\/wp\/v2\/media\/8858"}],"wp:attachment":[{"href":"https:\/\/www.sun-sure-estates.com\/de\/wp-json\/wp\/v2\/media?parent=6428"}],"curies":[{"name":"wp","href":"https:\/\/api.w.org\/{rel}","templated":true}]}}