{"id":5453,"date":"2020-09-05T21:28:50","date_gmt":"2020-09-05T19:28:50","guid":{"rendered":"https:\/\/www.sun-sure-estates.com\/?post_type=product&#038;p=5453"},"modified":"2021-04-13T22:04:56","modified_gmt":"2021-04-13T20:04:56","slug":"villa-in-ruhiger-lage-im-golfresort","status":"publish","type":"product","link":"https:\/\/www.sun-sure-estates.com\/de\/produkt\/villa-in-ruhiger-lage-im-golfresort\/","title":{"rendered":"Villa in ruhiger Lage im Golfresort"},"content":{"rendered":"<p>Exklusive Immobilie im sonnigen Spanien<\/p>\n<p>Wundersch\u00f6n gelegen auf dem Golf-Resort werden diese sch\u00f6nen Villen realisiert. Es ist ein perfekter Ort f\u00fcr diejenigen, die Natur und Ruhe lieben und aber doch nah an sch\u00f6nen D\u00f6rfern und den Str\u00e4nden des Mittelmeers wohnen m\u00f6chten.<\/p>\n<p>Die Villen stehen auf gro\u00dfen Grundst\u00fccken, sind perfekt verarbeitet und bieten einen sch\u00f6nen Blick auf das Golf-Resort. Die ger\u00e4umigen und ebenerdigen Villen sind aufgeteilt in 3 Schlafzimmer, 2 Badezimmer (eines en-suite am Hauptschlafzimmer), Wohnzimmer mit Essbereich, K\u00fcche, Terrasse und Solarium.<\/p>\n<p>Die Villa ist m\u00f6bliert und enth\u00e4lt wei\u00dfe Ware und eine Klimaanlage.<\/p>\n<p>In der sonnenverw\u00f6hnten Region der Costa Blance k\u00f6nnen Sie gar nicht anders, als sich wohlzuf\u00fchlen, denn Sie befinden sich auch in einem der ges\u00fcndesten Wohnklimas Europas!<\/p>\n","protected":false},"excerpt":{"rendered":"<p>Exklusive Immobilie im sonnigen Spanien Wundersch\u00f6n gelegen auf dem Golf-Resort werden diese sch\u00f6nen Villen realisiert. Es ist ein perfekter Ort f\u00fcr diejenigen, die Natur und Ruhe lieben und aber doch nah an sch\u00f6nen D\u00f6rfern und den Str\u00e4nden des Mittelmeers wohnen m\u00f6chten. Die Villen stehen auf gro\u00dfen Grundst\u00fccken, sind perfekt verarbeitet und bieten einen sch\u00f6nen Blick [&hellip;]<\/p>\n","protected":false},"featured_media":5454,"comment_status":"open","ping_status":"closed","template":"","meta":{"_acf_changed":false},"product_brand":[],"product_cat":[15],"product_tag":[],"class_list":{"0":"post-5453","1":"product","2":"type-product","3":"status-publish","4":"has-post-thumbnail","6":"province-alicante","7":"places-algorfa","8":"country-spanje","9":"region-costa-blanca","10":"product_cat-geen-categorie","12":"first","13":"instock","14":"shipping-taxable","15":"purchasable","16":"product-type-simple"},"acf":[],"yoast_head":"<!-- This site is optimized with the Yoast SEO plugin v27.4 - https:\/\/yoast.com\/product\/yoast-seo-wordpress\/ -->\n<title>Villa in ruhiger Lage im Golfresort - Sun Sure Estates<\/title>\n<meta name=\"robots\" content=\"index, follow, max-snippet:-1, max-image-preview:large, max-video-preview:-1\" \/>\n<link rel=\"canonical\" href=\"https:\/\/www.sun-sure-estates.com\/de\/produkt\/villa-in-ruhiger-lage-im-golfresort\/\" \/>\n<meta property=\"og:locale\" content=\"de_DE\" \/>\n<meta property=\"og:type\" content=\"article\" \/>\n<meta property=\"og:title\" content=\"Villa in ruhiger Lage im Golfresort - Sun Sure Estates\" \/>\n<meta property=\"og:description\" content=\"Exklusive Immobilie im sonnigen Spanien Wundersch\u00f6n gelegen auf dem Golf-Resort werden diese sch\u00f6nen Villen realisiert. Es ist ein perfekter Ort f\u00fcr diejenigen, die Natur und Ruhe lieben und aber doch nah an sch\u00f6nen D\u00f6rfern und den Str\u00e4nden des Mittelmeers wohnen m\u00f6chten. Die Villen stehen auf gro\u00dfen Grundst\u00fccken, sind perfekt verarbeitet und bieten einen sch\u00f6nen Blick [&hellip;]\" \/>\n<meta property=\"og:url\" content=\"https:\/\/www.sun-sure-estates.com\/de\/produkt\/villa-in-ruhiger-lage-im-golfresort\/\" \/>\n<meta property=\"og:site_name\" content=\"Sun Sure Estates\" \/>\n<meta property=\"article:modified_time\" content=\"2021-04-13T20:04:56+00:00\" \/>\n<meta property=\"og:image\" content=\"https:\/\/www.sun-sure-estates.com\/wp-content\/uploads\/2020\/09\/1-39-scaled.jpg\" \/>\n\t<meta property=\"og:image:width\" content=\"2560\" \/>\n\t<meta property=\"og:image:height\" content=\"1707\" \/>\n\t<meta property=\"og:image:type\" content=\"image\/jpeg\" \/>\n<meta name=\"twitter:card\" content=\"summary_large_image\" \/>\n<meta name=\"twitter:label1\" content=\"Gesch\u00e4tzte Lesezeit\" \/>\n\t<meta name=\"twitter:data1\" content=\"1\u00a0Minute\" \/>\n<script type=\"application\/ld+json\" class=\"yoast-schema-graph\">{\"@context\":\"https:\\\/\\\/schema.org\",\"@graph\":[{\"@type\":\"WebPage\",\"@id\":\"https:\\\/\\\/www.sun-sure-estates.com\\\/de\\\/produkt\\\/villa-in-ruhiger-lage-im-golfresort\\\/\",\"url\":\"https:\\\/\\\/www.sun-sure-estates.com\\\/de\\\/produkt\\\/villa-in-ruhiger-lage-im-golfresort\\\/\",\"name\":\"Villa in ruhiger Lage im Golfresort - Sun Sure Estates\",\"isPartOf\":{\"@id\":\"https:\\\/\\\/www.sun-sure-estates.com\\\/de\\\/#website\"},\"primaryImageOfPage\":{\"@id\":\"https:\\\/\\\/www.sun-sure-estates.com\\\/de\\\/produkt\\\/villa-in-ruhiger-lage-im-golfresort\\\/#primaryimage\"},\"image\":{\"@id\":\"https:\\\/\\\/www.sun-sure-estates.com\\\/de\\\/produkt\\\/villa-in-ruhiger-lage-im-golfresort\\\/#primaryimage\"},\"thumbnailUrl\":\"https:\\\/\\\/www.sun-sure-estates.com\\\/wp-content\\\/uploads\\\/2020\\\/09\\\/1-39-scaled.jpg\",\"datePublished\":\"2020-09-05T19:28:50+00:00\",\"dateModified\":\"2021-04-13T20:04:56+00:00\",\"breadcrumb\":{\"@id\":\"https:\\\/\\\/www.sun-sure-estates.com\\\/de\\\/produkt\\\/villa-in-ruhiger-lage-im-golfresort\\\/#breadcrumb\"},\"inLanguage\":\"de\",\"potentialAction\":[{\"@type\":\"ReadAction\",\"target\":[\"https:\\\/\\\/www.sun-sure-estates.com\\\/de\\\/produkt\\\/villa-in-ruhiger-lage-im-golfresort\\\/\"]}]},{\"@type\":\"ImageObject\",\"inLanguage\":\"de\",\"@id\":\"https:\\\/\\\/www.sun-sure-estates.com\\\/de\\\/produkt\\\/villa-in-ruhiger-lage-im-golfresort\\\/#primaryimage\",\"url\":\"https:\\\/\\\/www.sun-sure-estates.com\\\/wp-content\\\/uploads\\\/2020\\\/09\\\/1-39-scaled.jpg\",\"contentUrl\":\"https:\\\/\\\/www.sun-sure-estates.com\\\/wp-content\\\/uploads\\\/2020\\\/09\\\/1-39-scaled.jpg\",\"width\":2560,\"height\":1707},{\"@type\":\"BreadcrumbList\",\"@id\":\"https:\\\/\\\/www.sun-sure-estates.com\\\/de\\\/produkt\\\/villa-in-ruhiger-lage-im-golfresort\\\/#breadcrumb\",\"itemListElement\":[{\"@type\":\"ListItem\",\"position\":1,\"name\":\"Home\",\"item\":\"https:\\\/\\\/www.sun-sure-estates.com\\\/de\\\/\"},{\"@type\":\"ListItem\",\"position\":2,\"name\":\"Shop\",\"item\":\"https:\\\/\\\/www.sun-sure-estates.com\\\/de\\\/shop\\\/\"},{\"@type\":\"ListItem\",\"position\":3,\"name\":\"Villa in ruhiger Lage im Golfresort\"}]},{\"@type\":\"WebSite\",\"@id\":\"https:\\\/\\\/www.sun-sure-estates.com\\\/de\\\/#website\",\"url\":\"https:\\\/\\\/www.sun-sure-estates.com\\\/de\\\/\",\"name\":\"Sun Sure Estates\",\"description\":\"Beleggen of wonen in je eigen huis onder de zon\",\"potentialAction\":[{\"@type\":\"SearchAction\",\"target\":{\"@type\":\"EntryPoint\",\"urlTemplate\":\"https:\\\/\\\/www.sun-sure-estates.com\\\/de\\\/?s={search_term_string}\"},\"query-input\":{\"@type\":\"PropertyValueSpecification\",\"valueRequired\":true,\"valueName\":\"search_term_string\"}}],\"inLanguage\":\"de\"}]}<\/script>\n<!-- \/ Yoast SEO plugin. -->","yoast_head_json":{"title":"Villa in ruhiger Lage im Golfresort - Sun Sure Estates","robots":{"index":"index","follow":"follow","max-snippet":"max-snippet:-1","max-image-preview":"max-image-preview:large","max-video-preview":"max-video-preview:-1"},"canonical":"https:\/\/www.sun-sure-estates.com\/de\/produkt\/villa-in-ruhiger-lage-im-golfresort\/","og_locale":"de_DE","og_type":"article","og_title":"Villa in ruhiger Lage im Golfresort - Sun Sure Estates","og_description":"Exklusive Immobilie im sonnigen Spanien Wundersch\u00f6n gelegen auf dem Golf-Resort werden diese sch\u00f6nen Villen realisiert. Es ist ein perfekter Ort f\u00fcr diejenigen, die Natur und Ruhe lieben und aber doch nah an sch\u00f6nen D\u00f6rfern und den Str\u00e4nden des Mittelmeers wohnen m\u00f6chten. Die Villen stehen auf gro\u00dfen Grundst\u00fccken, sind perfekt verarbeitet und bieten einen sch\u00f6nen Blick [&hellip;]","og_url":"https:\/\/www.sun-sure-estates.com\/de\/produkt\/villa-in-ruhiger-lage-im-golfresort\/","og_site_name":"Sun Sure Estates","article_modified_time":"2021-04-13T20:04:56+00:00","og_image":[{"width":2560,"height":1707,"url":"https:\/\/www.sun-sure-estates.com\/wp-content\/uploads\/2020\/09\/1-39-scaled.jpg","type":"image\/jpeg"}],"twitter_card":"summary_large_image","twitter_misc":{"Gesch\u00e4tzte Lesezeit":"1\u00a0Minute"},"schema":{"@context":"https:\/\/schema.org","@graph":[{"@type":"WebPage","@id":"https:\/\/www.sun-sure-estates.com\/de\/produkt\/villa-in-ruhiger-lage-im-golfresort\/","url":"https:\/\/www.sun-sure-estates.com\/de\/produkt\/villa-in-ruhiger-lage-im-golfresort\/","name":"Villa in ruhiger Lage im Golfresort - Sun Sure Estates","isPartOf":{"@id":"https:\/\/www.sun-sure-estates.com\/de\/#website"},"primaryImageOfPage":{"@id":"https:\/\/www.sun-sure-estates.com\/de\/produkt\/villa-in-ruhiger-lage-im-golfresort\/#primaryimage"},"image":{"@id":"https:\/\/www.sun-sure-estates.com\/de\/produkt\/villa-in-ruhiger-lage-im-golfresort\/#primaryimage"},"thumbnailUrl":"https:\/\/www.sun-sure-estates.com\/wp-content\/uploads\/2020\/09\/1-39-scaled.jpg","datePublished":"2020-09-05T19:28:50+00:00","dateModified":"2021-04-13T20:04:56+00:00","breadcrumb":{"@id":"https:\/\/www.sun-sure-estates.com\/de\/produkt\/villa-in-ruhiger-lage-im-golfresort\/#breadcrumb"},"inLanguage":"de","potentialAction":[{"@type":"ReadAction","target":["https:\/\/www.sun-sure-estates.com\/de\/produkt\/villa-in-ruhiger-lage-im-golfresort\/"]}]},{"@type":"ImageObject","inLanguage":"de","@id":"https:\/\/www.sun-sure-estates.com\/de\/produkt\/villa-in-ruhiger-lage-im-golfresort\/#primaryimage","url":"https:\/\/www.sun-sure-estates.com\/wp-content\/uploads\/2020\/09\/1-39-scaled.jpg","contentUrl":"https:\/\/www.sun-sure-estates.com\/wp-content\/uploads\/2020\/09\/1-39-scaled.jpg","width":2560,"height":1707},{"@type":"BreadcrumbList","@id":"https:\/\/www.sun-sure-estates.com\/de\/produkt\/villa-in-ruhiger-lage-im-golfresort\/#breadcrumb","itemListElement":[{"@type":"ListItem","position":1,"name":"Home","item":"https:\/\/www.sun-sure-estates.com\/de\/"},{"@type":"ListItem","position":2,"name":"Shop","item":"https:\/\/www.sun-sure-estates.com\/de\/shop\/"},{"@type":"ListItem","position":3,"name":"Villa in ruhiger Lage im Golfresort"}]},{"@type":"WebSite","@id":"https:\/\/www.sun-sure-estates.com\/de\/#website","url":"https:\/\/www.sun-sure-estates.com\/de\/","name":"Sun Sure Estates","description":"Beleggen of wonen in je eigen huis onder de zon","potentialAction":[{"@type":"SearchAction","target":{"@type":"EntryPoint","urlTemplate":"https:\/\/www.sun-sure-estates.com\/de\/?s={search_term_string}"},"query-input":{"@type":"PropertyValueSpecification","valueRequired":true,"valueName":"search_term_string"}}],"inLanguage":"de"}]}},"_links":{"self":[{"href":"https:\/\/www.sun-sure-estates.com\/de\/wp-json\/wp\/v2\/product\/5453","targetHints":{"allow":["GET"]}}],"collection":[{"href":"https:\/\/www.sun-sure-estates.com\/de\/wp-json\/wp\/v2\/product"}],"about":[{"href":"https:\/\/www.sun-sure-estates.com\/de\/wp-json\/wp\/v2\/types\/product"}],"replies":[{"embeddable":true,"href":"https:\/\/www.sun-sure-estates.com\/de\/wp-json\/wp\/v2\/comments?post=5453"}],"wp:featuredmedia":[{"embeddable":true,"href":"https:\/\/www.sun-sure-estates.com\/de\/wp-json\/wp\/v2\/media\/5454"}],"wp:attachment":[{"href":"https:\/\/www.sun-sure-estates.com\/de\/wp-json\/wp\/v2\/media?parent=5453"}],"wp:term":[{"taxonomy":"product_brand","embeddable":true,"href":"https:\/\/www.sun-sure-estates.com\/de\/wp-json\/wp\/v2\/product_brand?post=5453"},{"taxonomy":"product_cat","embeddable":true,"href":"https:\/\/www.sun-sure-estates.com\/de\/wp-json\/wp\/v2\/product_cat?post=5453"},{"taxonomy":"product_tag","embeddable":true,"href":"https:\/\/www.sun-sure-estates.com\/de\/wp-json\/wp\/v2\/product_tag?post=5453"}],"curies":[{"name":"wp","href":"https:\/\/api.w.org\/{rel}","templated":true}]}}