{"id":5541,"date":"2020-09-06T12:42:50","date_gmt":"2021-04-13T20:03:25","guid":{"rendered":"https:\/\/www.sun-sure-estates.com\/?post_type=product&#038;p=5541"},"modified":"2021-04-13T22:03:26","modified_gmt":"2021-04-13T20:03:26","slug":"herrliche-villa-im-luxus-golf-resort","status":"publish","type":"product","link":"https:\/\/www.sun-sure-estates.com\/de\/produkt\/herrliche-villa-im-luxus-golf-resort\/","title":{"rendered":"Herrliche Villa im Luxus-Golf-Resort"},"content":{"rendered":"<p>Exklusive spanische Immobilien in einer sonnigen Gegend<\/p>\n<p>Einzigartige Villen in der Urbanisation des preisgekr\u00f6nten &#8222;Las Colinas Golf &amp; Country Club&#8220;<\/p>\n<p>Der weltber\u00fchmte &#8222;Las Colinas Golf &amp; Country Club&#8220; befindet sich nah am Mittelmeer an der Costa Blanca. In einer wundersch\u00f6nen H\u00fcgellandschaft mit einer Gesamtfl\u00e4che von ca. 330 Hektar, von denen etwa 200.000 m\u00b2 Naturschutzgebiet sind, wurden die architektonisch ansprechenden, freistehenden Villen erbaut. Das luxuri\u00f6se und mehrfach ausgezeichnete Golf-Resort bietet Privatsph\u00e4re, Luxus, Ruhe und Platz mit einer wundersch\u00f6nen Aussicht auf die Natur mit W\u00e4ldern und dem Mittelmeer.<\/p>\n<p>Sowohl das Innere als auch das \u00c4u\u00dfere dieser insgesamt 15 Villen ist mit hochwertigen und attraktiven Materialien ausgestattet. Jede der einst\u00f6ckigen Luxusvillen hat einen Flur, Wohnzimmer, K\u00fcche, Essbereich, 2 Badezimmer, 3 Schlafzimmer mit Einbauschr\u00e4nken, das Hauptschlafzimmer hat ein Badezimmer &#8222;en-suite&#8220;. Au\u00dferdem gibt es eine herrliche gro\u00dfe Dachterrasse. Der Architekt hat das Wohnzimmer, den Essbereich und 2 (der 3) Schlafzimmer \u00fcber die gesamte Breite der Villa angelegt, so dass man von diesen R\u00e4umen aus einen atemberaubenden Blick auf den Garten und die Natur hat.<\/p>\n<p>Bereits die Anfahrt durch wundersch\u00f6ne H\u00fcgel und die Natur hindurch ist ein Highlight. Die ger\u00e4umigen und luxuri\u00f6sen Villen mit Garage bieten 24\/7-Sicherheit auf dem Top-Golf-Resort und eines der ges\u00fcndesten Wohnklimas Europas.<\/p>\n","protected":false},"excerpt":{"rendered":"<p>Exklusive spanische Immobilien in einer sonnigen Gegend Einzigartige Villen in der Urbanisation des preisgekr\u00f6nten &#8222;Las Colinas Golf &amp; Country Club&#8220; Der weltber\u00fchmte &#8222;Las Colinas Golf &amp; Country Club&#8220; befindet sich nah am Mittelmeer an der Costa Blanca. In einer wundersch\u00f6nen H\u00fcgellandschaft mit einer Gesamtfl\u00e4che von ca. 330 Hektar, von denen etwa 200.000 m\u00b2 Naturschutzgebiet sind, [&hellip;]<\/p>\n","protected":false},"featured_media":11427,"comment_status":"open","ping_status":"closed","template":"","meta":{"_acf_changed":false},"product_brand":[],"product_cat":[15],"product_tag":[],"class_list":{"0":"post-5541","1":"product","2":"type-product","3":"status-publish","4":"has-post-thumbnail","6":"province-alicante","7":"places-campoamor","8":"country-spanje","9":"region-costa-blanca","10":"product_cat-geen-categorie","12":"first","13":"instock","14":"shipping-taxable","15":"purchasable","16":"product-type-simple"},"acf":[],"yoast_head":"<!-- This site is optimized with the Yoast SEO plugin v27.5 - https:\/\/yoast.com\/product\/yoast-seo-wordpress\/ -->\n<title>Herrliche Villa im Luxus-Golf-Resort - Sun Sure Estates<\/title>\n<meta name=\"robots\" content=\"index, follow, max-snippet:-1, max-image-preview:large, max-video-preview:-1\" \/>\n<link rel=\"canonical\" href=\"https:\/\/www.sun-sure-estates.com\/de\/produkt\/herrliche-villa-im-luxus-golf-resort\/\" \/>\n<meta property=\"og:locale\" content=\"de_DE\" \/>\n<meta property=\"og:type\" content=\"article\" \/>\n<meta property=\"og:title\" content=\"Herrliche Villa im Luxus-Golf-Resort - Sun Sure Estates\" \/>\n<meta property=\"og:description\" content=\"Exklusive spanische Immobilien in einer sonnigen Gegend Einzigartige Villen in der Urbanisation des preisgekr\u00f6nten &#8222;Las Colinas Golf &amp; Country Club&#8220; Der weltber\u00fchmte &#8222;Las Colinas Golf &amp; Country Club&#8220; befindet sich nah am Mittelmeer an der Costa Blanca. In einer wundersch\u00f6nen H\u00fcgellandschaft mit einer Gesamtfl\u00e4che von ca. 330 Hektar, von denen etwa 200.000 m\u00b2 Naturschutzgebiet sind, [&hellip;]\" \/>\n<meta property=\"og:url\" content=\"https:\/\/www.sun-sure-estates.com\/de\/produkt\/herrliche-villa-im-luxus-golf-resort\/\" \/>\n<meta property=\"og:site_name\" content=\"Sun Sure Estates\" \/>\n<meta property=\"article:modified_time\" content=\"2021-04-13T20:03:26+00:00\" \/>\n<meta property=\"og:image\" content=\"https:\/\/www.sun-sure-estates.com\/wp-content\/uploads\/2020\/09\/6.-Sold-scaled.jpg\" \/>\n\t<meta property=\"og:image:width\" content=\"2560\" \/>\n\t<meta property=\"og:image:height\" content=\"1747\" \/>\n\t<meta property=\"og:image:type\" content=\"image\/jpeg\" \/>\n<meta name=\"twitter:card\" content=\"summary_large_image\" \/>\n<meta name=\"twitter:label1\" content=\"Gesch\u00e4tzte Lesezeit\" \/>\n\t<meta name=\"twitter:data1\" content=\"1\u00a0Minute\" \/>\n<script type=\"application\/ld+json\" class=\"yoast-schema-graph\">{\"@context\":\"https:\\\/\\\/schema.org\",\"@graph\":[{\"@type\":\"WebPage\",\"@id\":\"https:\\\/\\\/www.sun-sure-estates.com\\\/de\\\/produkt\\\/herrliche-villa-im-luxus-golf-resort\\\/\",\"url\":\"https:\\\/\\\/www.sun-sure-estates.com\\\/de\\\/produkt\\\/herrliche-villa-im-luxus-golf-resort\\\/\",\"name\":\"Herrliche Villa im Luxus-Golf-Resort - Sun Sure Estates\",\"isPartOf\":{\"@id\":\"https:\\\/\\\/www.sun-sure-estates.com\\\/de\\\/#website\"},\"primaryImageOfPage\":{\"@id\":\"https:\\\/\\\/www.sun-sure-estates.com\\\/de\\\/produkt\\\/herrliche-villa-im-luxus-golf-resort\\\/#primaryimage\"},\"image\":{\"@id\":\"https:\\\/\\\/www.sun-sure-estates.com\\\/de\\\/produkt\\\/herrliche-villa-im-luxus-golf-resort\\\/#primaryimage\"},\"thumbnailUrl\":\"https:\\\/\\\/www.sun-sure-estates.com\\\/wp-content\\\/uploads\\\/2020\\\/09\\\/6.-Sold-scaled.jpg\",\"datePublished\":\"2021-04-13T20:03:25+00:00\",\"dateModified\":\"2021-04-13T20:03:26+00:00\",\"breadcrumb\":{\"@id\":\"https:\\\/\\\/www.sun-sure-estates.com\\\/de\\\/produkt\\\/herrliche-villa-im-luxus-golf-resort\\\/#breadcrumb\"},\"inLanguage\":\"de\",\"potentialAction\":[{\"@type\":\"ReadAction\",\"target\":[\"https:\\\/\\\/www.sun-sure-estates.com\\\/de\\\/produkt\\\/herrliche-villa-im-luxus-golf-resort\\\/\"]}]},{\"@type\":\"ImageObject\",\"inLanguage\":\"de\",\"@id\":\"https:\\\/\\\/www.sun-sure-estates.com\\\/de\\\/produkt\\\/herrliche-villa-im-luxus-golf-resort\\\/#primaryimage\",\"url\":\"https:\\\/\\\/www.sun-sure-estates.com\\\/wp-content\\\/uploads\\\/2020\\\/09\\\/6.-Sold-scaled.jpg\",\"contentUrl\":\"https:\\\/\\\/www.sun-sure-estates.com\\\/wp-content\\\/uploads\\\/2020\\\/09\\\/6.-Sold-scaled.jpg\",\"width\":2560,\"height\":1747},{\"@type\":\"BreadcrumbList\",\"@id\":\"https:\\\/\\\/www.sun-sure-estates.com\\\/de\\\/produkt\\\/herrliche-villa-im-luxus-golf-resort\\\/#breadcrumb\",\"itemListElement\":[{\"@type\":\"ListItem\",\"position\":1,\"name\":\"Home\",\"item\":\"https:\\\/\\\/www.sun-sure-estates.com\\\/de\\\/\"},{\"@type\":\"ListItem\",\"position\":2,\"name\":\"Shop\",\"item\":\"https:\\\/\\\/www.sun-sure-estates.com\\\/de\\\/shop\\\/\"},{\"@type\":\"ListItem\",\"position\":3,\"name\":\"Herrliche Villa im Luxus-Golf-Resort\"}]},{\"@type\":\"WebSite\",\"@id\":\"https:\\\/\\\/www.sun-sure-estates.com\\\/de\\\/#website\",\"url\":\"https:\\\/\\\/www.sun-sure-estates.com\\\/de\\\/\",\"name\":\"Sun Sure Estates\",\"description\":\"Beleggen of wonen in je eigen huis onder de zon\",\"potentialAction\":[{\"@type\":\"SearchAction\",\"target\":{\"@type\":\"EntryPoint\",\"urlTemplate\":\"https:\\\/\\\/www.sun-sure-estates.com\\\/de\\\/?s={search_term_string}\"},\"query-input\":{\"@type\":\"PropertyValueSpecification\",\"valueRequired\":true,\"valueName\":\"search_term_string\"}}],\"inLanguage\":\"de\"}]}<\/script>\n<!-- \/ Yoast SEO plugin. -->","yoast_head_json":{"title":"Herrliche Villa im Luxus-Golf-Resort - Sun Sure Estates","robots":{"index":"index","follow":"follow","max-snippet":"max-snippet:-1","max-image-preview":"max-image-preview:large","max-video-preview":"max-video-preview:-1"},"canonical":"https:\/\/www.sun-sure-estates.com\/de\/produkt\/herrliche-villa-im-luxus-golf-resort\/","og_locale":"de_DE","og_type":"article","og_title":"Herrliche Villa im Luxus-Golf-Resort - Sun Sure Estates","og_description":"Exklusive spanische Immobilien in einer sonnigen Gegend Einzigartige Villen in der Urbanisation des preisgekr\u00f6nten &#8222;Las Colinas Golf &amp; Country Club&#8220; Der weltber\u00fchmte &#8222;Las Colinas Golf &amp; Country Club&#8220; befindet sich nah am Mittelmeer an der Costa Blanca. In einer wundersch\u00f6nen H\u00fcgellandschaft mit einer Gesamtfl\u00e4che von ca. 330 Hektar, von denen etwa 200.000 m\u00b2 Naturschutzgebiet sind, [&hellip;]","og_url":"https:\/\/www.sun-sure-estates.com\/de\/produkt\/herrliche-villa-im-luxus-golf-resort\/","og_site_name":"Sun Sure Estates","article_modified_time":"2021-04-13T20:03:26+00:00","og_image":[{"width":2560,"height":1747,"url":"https:\/\/www.sun-sure-estates.com\/wp-content\/uploads\/2020\/09\/6.-Sold-scaled.jpg","type":"image\/jpeg"}],"twitter_card":"summary_large_image","twitter_misc":{"Gesch\u00e4tzte Lesezeit":"1\u00a0Minute"},"schema":{"@context":"https:\/\/schema.org","@graph":[{"@type":"WebPage","@id":"https:\/\/www.sun-sure-estates.com\/de\/produkt\/herrliche-villa-im-luxus-golf-resort\/","url":"https:\/\/www.sun-sure-estates.com\/de\/produkt\/herrliche-villa-im-luxus-golf-resort\/","name":"Herrliche Villa im Luxus-Golf-Resort - Sun Sure Estates","isPartOf":{"@id":"https:\/\/www.sun-sure-estates.com\/de\/#website"},"primaryImageOfPage":{"@id":"https:\/\/www.sun-sure-estates.com\/de\/produkt\/herrliche-villa-im-luxus-golf-resort\/#primaryimage"},"image":{"@id":"https:\/\/www.sun-sure-estates.com\/de\/produkt\/herrliche-villa-im-luxus-golf-resort\/#primaryimage"},"thumbnailUrl":"https:\/\/www.sun-sure-estates.com\/wp-content\/uploads\/2020\/09\/6.-Sold-scaled.jpg","datePublished":"2021-04-13T20:03:25+00:00","dateModified":"2021-04-13T20:03:26+00:00","breadcrumb":{"@id":"https:\/\/www.sun-sure-estates.com\/de\/produkt\/herrliche-villa-im-luxus-golf-resort\/#breadcrumb"},"inLanguage":"de","potentialAction":[{"@type":"ReadAction","target":["https:\/\/www.sun-sure-estates.com\/de\/produkt\/herrliche-villa-im-luxus-golf-resort\/"]}]},{"@type":"ImageObject","inLanguage":"de","@id":"https:\/\/www.sun-sure-estates.com\/de\/produkt\/herrliche-villa-im-luxus-golf-resort\/#primaryimage","url":"https:\/\/www.sun-sure-estates.com\/wp-content\/uploads\/2020\/09\/6.-Sold-scaled.jpg","contentUrl":"https:\/\/www.sun-sure-estates.com\/wp-content\/uploads\/2020\/09\/6.-Sold-scaled.jpg","width":2560,"height":1747},{"@type":"BreadcrumbList","@id":"https:\/\/www.sun-sure-estates.com\/de\/produkt\/herrliche-villa-im-luxus-golf-resort\/#breadcrumb","itemListElement":[{"@type":"ListItem","position":1,"name":"Home","item":"https:\/\/www.sun-sure-estates.com\/de\/"},{"@type":"ListItem","position":2,"name":"Shop","item":"https:\/\/www.sun-sure-estates.com\/de\/shop\/"},{"@type":"ListItem","position":3,"name":"Herrliche Villa im Luxus-Golf-Resort"}]},{"@type":"WebSite","@id":"https:\/\/www.sun-sure-estates.com\/de\/#website","url":"https:\/\/www.sun-sure-estates.com\/de\/","name":"Sun Sure Estates","description":"Beleggen of wonen in je eigen huis onder de zon","potentialAction":[{"@type":"SearchAction","target":{"@type":"EntryPoint","urlTemplate":"https:\/\/www.sun-sure-estates.com\/de\/?s={search_term_string}"},"query-input":{"@type":"PropertyValueSpecification","valueRequired":true,"valueName":"search_term_string"}}],"inLanguage":"de"}]}},"_links":{"self":[{"href":"https:\/\/www.sun-sure-estates.com\/de\/wp-json\/wp\/v2\/product\/5541","targetHints":{"allow":["GET"]}}],"collection":[{"href":"https:\/\/www.sun-sure-estates.com\/de\/wp-json\/wp\/v2\/product"}],"about":[{"href":"https:\/\/www.sun-sure-estates.com\/de\/wp-json\/wp\/v2\/types\/product"}],"replies":[{"embeddable":true,"href":"https:\/\/www.sun-sure-estates.com\/de\/wp-json\/wp\/v2\/comments?post=5541"}],"wp:featuredmedia":[{"embeddable":true,"href":"https:\/\/www.sun-sure-estates.com\/de\/wp-json\/wp\/v2\/media\/11427"}],"wp:attachment":[{"href":"https:\/\/www.sun-sure-estates.com\/de\/wp-json\/wp\/v2\/media?parent=5541"}],"wp:term":[{"taxonomy":"product_brand","embeddable":true,"href":"https:\/\/www.sun-sure-estates.com\/de\/wp-json\/wp\/v2\/product_brand?post=5541"},{"taxonomy":"product_cat","embeddable":true,"href":"https:\/\/www.sun-sure-estates.com\/de\/wp-json\/wp\/v2\/product_cat?post=5541"},{"taxonomy":"product_tag","embeddable":true,"href":"https:\/\/www.sun-sure-estates.com\/de\/wp-json\/wp\/v2\/product_tag?post=5541"}],"curies":[{"name":"wp","href":"https:\/\/api.w.org\/{rel}","templated":true}]}}