{"id":5566,"date":"2020-09-07T12:47:39","date_gmt":"2021-04-13T19:54:18","guid":{"rendered":"https:\/\/www.sun-sure-estates.com\/?post_type=product&#038;p=5566"},"modified":"2021-04-13T21:54:18","modified_gmt":"2021-04-13T19:54:18","slug":"moeblierte-wohnungen-in-der-naehe-des-golfresorts","status":"publish","type":"product","link":"https:\/\/www.sun-sure-estates.com\/de\/produkt\/moeblierte-wohnungen-in-der-naehe-des-golfresorts\/","title":{"rendered":"M\u00f6blierte Wohnungen in der N\u00e4he des Golfresorts"},"content":{"rendered":"<p>Exklusive spanische Immobilien in sonniger Lage<\/p>\n<p>Aufgrund des Erfolgs eines zuvor durchgef\u00fchrten Bauprojekts, wurde nun das Projekt Valentino Golf II aufgelegt. Nah am Mittelmeer werden diese wundersch\u00f6n gestalteten Erdgeschoss- und Etagenwohnungen sowie Penthouse-Wohnungen in einer sehr sonnensicheren Gegend realisiert.<\/p>\n<p>Diese attraktiven Neubauten verf\u00fcgen \u00fcber ein Wohnzimmer mit K\u00fcche und Essbereich, 2 Schlafzimmer, 2 B\u00e4der (eines davon en-suite) und eine Tiefgarage.<\/p>\n<p>Dar\u00fcber hinaus stehen zwei attraktive Optionspakete zur Auswahl.<\/p>\n<p>In einer geschlossenen und gesicherten Urbanisation befinden sich ein Spielplatz, Grillm\u00f6glichkeiten und 2 Au\u00dfenpools f\u00fcr die gemeinschaftliche Nutzung durch die Bewohner.<\/p>\n<p>Genie\u00dfen Sie eines der ges\u00fcndesten Wohnklimas Europas in einer dieser Wohnungen, mit Sonne, Strand und Meer in nur etwa 5 km Entfernung sowie dem Golfresort &#8218;Campo de Golf&#8216; gleich nebenan. Nach einer nur etwa f\u00fcnfmin\u00fctigen Autofahrt haben Sie bereits den &#8218;La Zenia Boulevard&#8216;, eines der gr\u00f6\u00dften Outdoor-Einkaufszentren Europas erreicht.<\/p>\n","protected":false},"excerpt":{"rendered":"<p>Exklusive spanische Immobilien in sonniger Lage Aufgrund des Erfolgs eines zuvor durchgef\u00fchrten Bauprojekts, wurde nun das Projekt Valentino Golf II aufgelegt. Nah am Mittelmeer werden diese wundersch\u00f6n gestalteten Erdgeschoss- und Etagenwohnungen sowie Penthouse-Wohnungen in einer sehr sonnensicheren Gegend realisiert. Diese attraktiven Neubauten verf\u00fcgen \u00fcber ein Wohnzimmer mit K\u00fcche und Essbereich, 2 Schlafzimmer, 2 B\u00e4der (eines [&hellip;]<\/p>\n","protected":false},"featured_media":13280,"comment_status":"open","ping_status":"closed","template":"","meta":{"_acf_changed":false},"product_brand":[],"product_cat":[15],"product_tag":[134],"class_list":{"0":"post-5566","1":"product","2":"type-product","3":"status-publish","4":"has-post-thumbnail","6":"province-alicante","7":"places-villamartin","8":"country-spanje","9":"product_cat-geen-categorie","10":"product_tag-villamartin-de","12":"first","13":"instock","14":"shipping-taxable","15":"purchasable","16":"product-type-simple"},"acf":[],"yoast_head":"<!-- This site is optimized with the Yoast SEO plugin v27.5 - https:\/\/yoast.com\/product\/yoast-seo-wordpress\/ -->\n<title>M\u00f6blierte Wohnungen in der N\u00e4he des Golfresorts - Sun Sure Estates<\/title>\n<meta name=\"robots\" content=\"index, follow, max-snippet:-1, max-image-preview:large, max-video-preview:-1\" \/>\n<link rel=\"canonical\" href=\"https:\/\/www.sun-sure-estates.com\/de\/produkt\/moeblierte-wohnungen-in-der-naehe-des-golfresorts\/\" \/>\n<meta property=\"og:locale\" content=\"de_DE\" \/>\n<meta property=\"og:type\" content=\"article\" \/>\n<meta property=\"og:title\" content=\"M\u00f6blierte Wohnungen in der N\u00e4he des Golfresorts - Sun Sure Estates\" \/>\n<meta property=\"og:description\" content=\"Exklusive spanische Immobilien in sonniger Lage Aufgrund des Erfolgs eines zuvor durchgef\u00fchrten Bauprojekts, wurde nun das Projekt Valentino Golf II aufgelegt. Nah am Mittelmeer werden diese wundersch\u00f6n gestalteten Erdgeschoss- und Etagenwohnungen sowie Penthouse-Wohnungen in einer sehr sonnensicheren Gegend realisiert. Diese attraktiven Neubauten verf\u00fcgen \u00fcber ein Wohnzimmer mit K\u00fcche und Essbereich, 2 Schlafzimmer, 2 B\u00e4der (eines [&hellip;]\" \/>\n<meta property=\"og:url\" content=\"https:\/\/www.sun-sure-estates.com\/de\/produkt\/moeblierte-wohnungen-in-der-naehe-des-golfresorts\/\" \/>\n<meta property=\"og:site_name\" content=\"Sun Sure Estates\" \/>\n<meta property=\"og:image\" content=\"https:\/\/www.sun-sure-estates.com\/wp-content\/uploads\/2020\/09\/1.-Sold-5.jpg\" \/>\n\t<meta property=\"og:image:width\" content=\"1620\" \/>\n\t<meta property=\"og:image:height\" content=\"1080\" \/>\n\t<meta property=\"og:image:type\" content=\"image\/jpeg\" \/>\n<meta name=\"twitter:card\" content=\"summary_large_image\" \/>\n<meta name=\"twitter:label1\" content=\"Gesch\u00e4tzte Lesezeit\" \/>\n\t<meta name=\"twitter:data1\" content=\"1\u00a0Minute\" \/>\n<script type=\"application\/ld+json\" class=\"yoast-schema-graph\">{\"@context\":\"https:\\\/\\\/schema.org\",\"@graph\":[{\"@type\":\"WebPage\",\"@id\":\"https:\\\/\\\/www.sun-sure-estates.com\\\/de\\\/produkt\\\/moeblierte-wohnungen-in-der-naehe-des-golfresorts\\\/\",\"url\":\"https:\\\/\\\/www.sun-sure-estates.com\\\/de\\\/produkt\\\/moeblierte-wohnungen-in-der-naehe-des-golfresorts\\\/\",\"name\":\"M\u00f6blierte Wohnungen in der N\u00e4he des Golfresorts - Sun Sure Estates\",\"isPartOf\":{\"@id\":\"https:\\\/\\\/www.sun-sure-estates.com\\\/de\\\/#website\"},\"primaryImageOfPage\":{\"@id\":\"https:\\\/\\\/www.sun-sure-estates.com\\\/de\\\/produkt\\\/moeblierte-wohnungen-in-der-naehe-des-golfresorts\\\/#primaryimage\"},\"image\":{\"@id\":\"https:\\\/\\\/www.sun-sure-estates.com\\\/de\\\/produkt\\\/moeblierte-wohnungen-in-der-naehe-des-golfresorts\\\/#primaryimage\"},\"thumbnailUrl\":\"https:\\\/\\\/www.sun-sure-estates.com\\\/wp-content\\\/uploads\\\/2020\\\/09\\\/1.-Sold-5.jpg\",\"datePublished\":\"2021-04-13T19:54:18+00:00\",\"breadcrumb\":{\"@id\":\"https:\\\/\\\/www.sun-sure-estates.com\\\/de\\\/produkt\\\/moeblierte-wohnungen-in-der-naehe-des-golfresorts\\\/#breadcrumb\"},\"inLanguage\":\"de\",\"potentialAction\":[{\"@type\":\"ReadAction\",\"target\":[\"https:\\\/\\\/www.sun-sure-estates.com\\\/de\\\/produkt\\\/moeblierte-wohnungen-in-der-naehe-des-golfresorts\\\/\"]}]},{\"@type\":\"ImageObject\",\"inLanguage\":\"de\",\"@id\":\"https:\\\/\\\/www.sun-sure-estates.com\\\/de\\\/produkt\\\/moeblierte-wohnungen-in-der-naehe-des-golfresorts\\\/#primaryimage\",\"url\":\"https:\\\/\\\/www.sun-sure-estates.com\\\/wp-content\\\/uploads\\\/2020\\\/09\\\/1.-Sold-5.jpg\",\"contentUrl\":\"https:\\\/\\\/www.sun-sure-estates.com\\\/wp-content\\\/uploads\\\/2020\\\/09\\\/1.-Sold-5.jpg\",\"width\":1620,\"height\":1080},{\"@type\":\"BreadcrumbList\",\"@id\":\"https:\\\/\\\/www.sun-sure-estates.com\\\/de\\\/produkt\\\/moeblierte-wohnungen-in-der-naehe-des-golfresorts\\\/#breadcrumb\",\"itemListElement\":[{\"@type\":\"ListItem\",\"position\":1,\"name\":\"Home\",\"item\":\"https:\\\/\\\/www.sun-sure-estates.com\\\/de\\\/\"},{\"@type\":\"ListItem\",\"position\":2,\"name\":\"Shop\",\"item\":\"https:\\\/\\\/www.sun-sure-estates.com\\\/de\\\/shop\\\/\"},{\"@type\":\"ListItem\",\"position\":3,\"name\":\"M\u00f6blierte Wohnungen in der N\u00e4he des Golfresorts\"}]},{\"@type\":\"WebSite\",\"@id\":\"https:\\\/\\\/www.sun-sure-estates.com\\\/de\\\/#website\",\"url\":\"https:\\\/\\\/www.sun-sure-estates.com\\\/de\\\/\",\"name\":\"Sun Sure Estates\",\"description\":\"Beleggen of wonen in je eigen huis onder de zon\",\"potentialAction\":[{\"@type\":\"SearchAction\",\"target\":{\"@type\":\"EntryPoint\",\"urlTemplate\":\"https:\\\/\\\/www.sun-sure-estates.com\\\/de\\\/?s={search_term_string}\"},\"query-input\":{\"@type\":\"PropertyValueSpecification\",\"valueRequired\":true,\"valueName\":\"search_term_string\"}}],\"inLanguage\":\"de\"}]}<\/script>\n<!-- \/ Yoast SEO plugin. -->","yoast_head_json":{"title":"M\u00f6blierte Wohnungen in der N\u00e4he des Golfresorts - Sun Sure Estates","robots":{"index":"index","follow":"follow","max-snippet":"max-snippet:-1","max-image-preview":"max-image-preview:large","max-video-preview":"max-video-preview:-1"},"canonical":"https:\/\/www.sun-sure-estates.com\/de\/produkt\/moeblierte-wohnungen-in-der-naehe-des-golfresorts\/","og_locale":"de_DE","og_type":"article","og_title":"M\u00f6blierte Wohnungen in der N\u00e4he des Golfresorts - Sun Sure Estates","og_description":"Exklusive spanische Immobilien in sonniger Lage Aufgrund des Erfolgs eines zuvor durchgef\u00fchrten Bauprojekts, wurde nun das Projekt Valentino Golf II aufgelegt. Nah am Mittelmeer werden diese wundersch\u00f6n gestalteten Erdgeschoss- und Etagenwohnungen sowie Penthouse-Wohnungen in einer sehr sonnensicheren Gegend realisiert. Diese attraktiven Neubauten verf\u00fcgen \u00fcber ein Wohnzimmer mit K\u00fcche und Essbereich, 2 Schlafzimmer, 2 B\u00e4der (eines [&hellip;]","og_url":"https:\/\/www.sun-sure-estates.com\/de\/produkt\/moeblierte-wohnungen-in-der-naehe-des-golfresorts\/","og_site_name":"Sun Sure Estates","og_image":[{"width":1620,"height":1080,"url":"https:\/\/www.sun-sure-estates.com\/wp-content\/uploads\/2020\/09\/1.-Sold-5.jpg","type":"image\/jpeg"}],"twitter_card":"summary_large_image","twitter_misc":{"Gesch\u00e4tzte Lesezeit":"1\u00a0Minute"},"schema":{"@context":"https:\/\/schema.org","@graph":[{"@type":"WebPage","@id":"https:\/\/www.sun-sure-estates.com\/de\/produkt\/moeblierte-wohnungen-in-der-naehe-des-golfresorts\/","url":"https:\/\/www.sun-sure-estates.com\/de\/produkt\/moeblierte-wohnungen-in-der-naehe-des-golfresorts\/","name":"M\u00f6blierte Wohnungen in der N\u00e4he des Golfresorts - Sun Sure Estates","isPartOf":{"@id":"https:\/\/www.sun-sure-estates.com\/de\/#website"},"primaryImageOfPage":{"@id":"https:\/\/www.sun-sure-estates.com\/de\/produkt\/moeblierte-wohnungen-in-der-naehe-des-golfresorts\/#primaryimage"},"image":{"@id":"https:\/\/www.sun-sure-estates.com\/de\/produkt\/moeblierte-wohnungen-in-der-naehe-des-golfresorts\/#primaryimage"},"thumbnailUrl":"https:\/\/www.sun-sure-estates.com\/wp-content\/uploads\/2020\/09\/1.-Sold-5.jpg","datePublished":"2021-04-13T19:54:18+00:00","breadcrumb":{"@id":"https:\/\/www.sun-sure-estates.com\/de\/produkt\/moeblierte-wohnungen-in-der-naehe-des-golfresorts\/#breadcrumb"},"inLanguage":"de","potentialAction":[{"@type":"ReadAction","target":["https:\/\/www.sun-sure-estates.com\/de\/produkt\/moeblierte-wohnungen-in-der-naehe-des-golfresorts\/"]}]},{"@type":"ImageObject","inLanguage":"de","@id":"https:\/\/www.sun-sure-estates.com\/de\/produkt\/moeblierte-wohnungen-in-der-naehe-des-golfresorts\/#primaryimage","url":"https:\/\/www.sun-sure-estates.com\/wp-content\/uploads\/2020\/09\/1.-Sold-5.jpg","contentUrl":"https:\/\/www.sun-sure-estates.com\/wp-content\/uploads\/2020\/09\/1.-Sold-5.jpg","width":1620,"height":1080},{"@type":"BreadcrumbList","@id":"https:\/\/www.sun-sure-estates.com\/de\/produkt\/moeblierte-wohnungen-in-der-naehe-des-golfresorts\/#breadcrumb","itemListElement":[{"@type":"ListItem","position":1,"name":"Home","item":"https:\/\/www.sun-sure-estates.com\/de\/"},{"@type":"ListItem","position":2,"name":"Shop","item":"https:\/\/www.sun-sure-estates.com\/de\/shop\/"},{"@type":"ListItem","position":3,"name":"M\u00f6blierte Wohnungen in der N\u00e4he des Golfresorts"}]},{"@type":"WebSite","@id":"https:\/\/www.sun-sure-estates.com\/de\/#website","url":"https:\/\/www.sun-sure-estates.com\/de\/","name":"Sun Sure Estates","description":"Beleggen of wonen in je eigen huis onder de zon","potentialAction":[{"@type":"SearchAction","target":{"@type":"EntryPoint","urlTemplate":"https:\/\/www.sun-sure-estates.com\/de\/?s={search_term_string}"},"query-input":{"@type":"PropertyValueSpecification","valueRequired":true,"valueName":"search_term_string"}}],"inLanguage":"de"}]}},"_links":{"self":[{"href":"https:\/\/www.sun-sure-estates.com\/de\/wp-json\/wp\/v2\/product\/5566","targetHints":{"allow":["GET"]}}],"collection":[{"href":"https:\/\/www.sun-sure-estates.com\/de\/wp-json\/wp\/v2\/product"}],"about":[{"href":"https:\/\/www.sun-sure-estates.com\/de\/wp-json\/wp\/v2\/types\/product"}],"replies":[{"embeddable":true,"href":"https:\/\/www.sun-sure-estates.com\/de\/wp-json\/wp\/v2\/comments?post=5566"}],"wp:featuredmedia":[{"embeddable":true,"href":"https:\/\/www.sun-sure-estates.com\/de\/wp-json\/wp\/v2\/media\/13280"}],"wp:attachment":[{"href":"https:\/\/www.sun-sure-estates.com\/de\/wp-json\/wp\/v2\/media?parent=5566"}],"wp:term":[{"taxonomy":"product_brand","embeddable":true,"href":"https:\/\/www.sun-sure-estates.com\/de\/wp-json\/wp\/v2\/product_brand?post=5566"},{"taxonomy":"product_cat","embeddable":true,"href":"https:\/\/www.sun-sure-estates.com\/de\/wp-json\/wp\/v2\/product_cat?post=5566"},{"taxonomy":"product_tag","embeddable":true,"href":"https:\/\/www.sun-sure-estates.com\/de\/wp-json\/wp\/v2\/product_tag?post=5566"}],"curies":[{"name":"wp","href":"https:\/\/api.w.org\/{rel}","templated":true}]}}