{"id":5591,"date":"2020-11-09T10:34:45","date_gmt":"2020-11-09T09:34:45","guid":{"rendered":"https:\/\/www.sun-sure-estates.com\/?post_type=product&#038;p=5591"},"modified":"2021-04-13T20:48:52","modified_gmt":"2021-04-13T18:48:52","slug":"exklusive-design-villa","status":"publish","type":"product","link":"https:\/\/www.sun-sure-estates.com\/de\/produkt\/exklusive-design-villa\/","title":{"rendered":"Exklusive Design-Villa"},"content":{"rendered":"<p>Exklusive Design-Villen mit herrlicher Aussicht in einer geschlossenen Wohnanlage in der N\u00e4he der Stadt Polop.<\/p>\n<p>Auf etwa 500m\u00b2 gro\u00dfen Grundst\u00fccken wurden diese exklusiven und lichtdurchfluteten Villen erbaut.<\/p>\n<p>Sie verf\u00fcgen \u00fcber ein Wohnzimmer, einen Essbereich, eine K\u00fcche, ein Schlafzimmer mit Fu\u00dfbodenheizung und &#8218;en-suite&#8216; Badezimmer, einen begehbaren Kleiderschrank und G\u00e4ste-WC. Das Wohnzimmer, der Essbereich und die K\u00fcche sind \u00fcber die gesamte Hausbreite gebaut und somit herrlich hell gestaltet.<\/p>\n<p>Genie\u00dfen Sie vom Wohnzimmer und der sich direkt hieran anschlie\u00dfenden Au\u00dfenterrasse nicht nur den Blick in den Garten sondern auch den wundersch\u00f6nen Ausblick auf das malerische Dorf Polop mit herrlicher Natur und dem Mittelmeer in der Ferne.<\/p>\n<p>Im Obergeschoss befinden sich 2 Schlafzimmer mit &#8222;en-suite&#8220; Badezimmer mit Fu\u00dfbodenheizung. Von einem der Schlafzimmer mit einer mehr als 19m\u00b2 gro\u00dfen Au\u00dfenterrasse genie\u00dft man einen ph\u00e4nomenalen Blick auf die Landschaft. Im Hintergrund ist einer der spektakul\u00e4rsten Berge Spaniens, der &#8222;De Puig Campana&#8220;, zu sehen.<\/p>\n<p>Das Schlafzimmer auf der R\u00fcckseite bietet mit einer fast 15m\u00b2 gro\u00dfen Au\u00dfenterrasse ebenfalls eine sch\u00f6ne Aussicht.<\/p>\n<p>Das Untergeschoss bietet auf einer Fl\u00e4che von ca. 255 m\u00b2 eine ger\u00e4umige Garage mit Abstellraum und eine Waschk\u00fcche. Optional lassen sich hier ein weiteres Bad sowie ggf. ein viertes und\/oder f\u00fcftes Schlafzimmer realisieren. Eines der Schlafzimmer k\u00f6nnte mit Schiebet\u00fcren an der Fassade mit reichlich Licht versorgt werden. Zudem bietet das Untergeschoss noch mehr Platz, beispielsweise f\u00fcr ein Heimkino, einen Fitnessraum, eine Bar, oder \u00e4hnliches.<\/p>\n<p>In der n\u00e4heren Umgebung von &#8222;Polop&#8220; finden Sie alle Einrichtungen und Dienstleistungen f\u00fcr den t\u00e4glichen Bedarf. In weniger als 3 Autominuten erreichen Sie gem\u00fctliche Restaurants und Bars und ebenso schnell sind Sie bei einem der 24 Golfresorts der Umgebung. Das Meer und Badestr\u00e4nde sind nach einer ca. 15-min\u00fctigen Autofahrt erreicht. Kurzum: Wohnen in Polop bedeutet, jeden Tag das Leben an der sonnigen Costa Blanca am Mittelmeer zu genie\u00dfen!<\/p>\n","protected":false},"excerpt":{"rendered":"<p>Exklusive Design-Villen mit herrlicher Aussicht in einer geschlossenen Wohnanlage in der N\u00e4he der Stadt Polop. Auf etwa 500m\u00b2 gro\u00dfen Grundst\u00fccken wurden diese exklusiven und lichtdurchfluteten Villen erbaut. Sie verf\u00fcgen \u00fcber ein Wohnzimmer, einen Essbereich, eine K\u00fcche, ein Schlafzimmer mit Fu\u00dfbodenheizung und &#8218;en-suite&#8216; Badezimmer, einen begehbaren Kleiderschrank und G\u00e4ste-WC. Das Wohnzimmer, der Essbereich und die K\u00fcche [&hellip;]<\/p>\n","protected":false},"featured_media":5638,"comment_status":"open","ping_status":"closed","template":"","meta":{"_acf_changed":false},"product_brand":[],"product_cat":[15],"product_tag":[],"class_list":{"0":"post-5591","1":"product","2":"type-product","3":"status-publish","4":"has-post-thumbnail","6":"province-alicante","7":"places-polop","8":"country-spanje","9":"product_cat-geen-categorie","11":"first","12":"instock","13":"shipping-taxable","14":"purchasable","15":"product-type-simple"},"acf":[],"yoast_head":"<!-- This site is optimized with the Yoast SEO plugin v27.4 - https:\/\/yoast.com\/product\/yoast-seo-wordpress\/ -->\n<title>Exklusive Design-Villa - Sun Sure Estates<\/title>\n<meta name=\"robots\" content=\"index, follow, max-snippet:-1, max-image-preview:large, max-video-preview:-1\" \/>\n<link rel=\"canonical\" href=\"https:\/\/www.sun-sure-estates.com\/de\/produkt\/exklusive-design-villa\/\" \/>\n<meta property=\"og:locale\" content=\"de_DE\" \/>\n<meta property=\"og:type\" content=\"article\" \/>\n<meta property=\"og:title\" content=\"Exklusive Design-Villa - Sun Sure Estates\" \/>\n<meta property=\"og:description\" content=\"Exklusive Design-Villen mit herrlicher Aussicht in einer geschlossenen Wohnanlage in der N\u00e4he der Stadt Polop. Auf etwa 500m\u00b2 gro\u00dfen Grundst\u00fccken wurden diese exklusiven und lichtdurchfluteten Villen erbaut. Sie verf\u00fcgen \u00fcber ein Wohnzimmer, einen Essbereich, eine K\u00fcche, ein Schlafzimmer mit Fu\u00dfbodenheizung und &#8218;en-suite&#8216; Badezimmer, einen begehbaren Kleiderschrank und G\u00e4ste-WC. Das Wohnzimmer, der Essbereich und die K\u00fcche [&hellip;]\" \/>\n<meta property=\"og:url\" content=\"https:\/\/www.sun-sure-estates.com\/de\/produkt\/exklusive-design-villa\/\" \/>\n<meta property=\"og:site_name\" content=\"Sun Sure Estates\" \/>\n<meta property=\"article:modified_time\" content=\"2021-04-13T18:48:52+00:00\" \/>\n<meta property=\"og:image\" content=\"https:\/\/www.sun-sure-estates.com\/wp-content\/uploads\/2020\/11\/7-7-scaled.jpg\" \/>\n\t<meta property=\"og:image:width\" content=\"2560\" \/>\n\t<meta property=\"og:image:height\" content=\"1709\" \/>\n\t<meta property=\"og:image:type\" content=\"image\/jpeg\" \/>\n<meta name=\"twitter:card\" content=\"summary_large_image\" \/>\n<meta name=\"twitter:label1\" content=\"Gesch\u00e4tzte Lesezeit\" \/>\n\t<meta name=\"twitter:data1\" content=\"2\u00a0Minuten\" \/>\n<script type=\"application\/ld+json\" class=\"yoast-schema-graph\">{\"@context\":\"https:\\\/\\\/schema.org\",\"@graph\":[{\"@type\":\"WebPage\",\"@id\":\"https:\\\/\\\/www.sun-sure-estates.com\\\/de\\\/produkt\\\/exklusive-design-villa\\\/\",\"url\":\"https:\\\/\\\/www.sun-sure-estates.com\\\/de\\\/produkt\\\/exklusive-design-villa\\\/\",\"name\":\"Exklusive Design-Villa - Sun Sure Estates\",\"isPartOf\":{\"@id\":\"https:\\\/\\\/www.sun-sure-estates.com\\\/de\\\/#website\"},\"primaryImageOfPage\":{\"@id\":\"https:\\\/\\\/www.sun-sure-estates.com\\\/de\\\/produkt\\\/exklusive-design-villa\\\/#primaryimage\"},\"image\":{\"@id\":\"https:\\\/\\\/www.sun-sure-estates.com\\\/de\\\/produkt\\\/exklusive-design-villa\\\/#primaryimage\"},\"thumbnailUrl\":\"https:\\\/\\\/www.sun-sure-estates.com\\\/wp-content\\\/uploads\\\/2020\\\/11\\\/7-7-scaled.jpg\",\"datePublished\":\"2020-11-09T09:34:45+00:00\",\"dateModified\":\"2021-04-13T18:48:52+00:00\",\"breadcrumb\":{\"@id\":\"https:\\\/\\\/www.sun-sure-estates.com\\\/de\\\/produkt\\\/exklusive-design-villa\\\/#breadcrumb\"},\"inLanguage\":\"de\",\"potentialAction\":[{\"@type\":\"ReadAction\",\"target\":[\"https:\\\/\\\/www.sun-sure-estates.com\\\/de\\\/produkt\\\/exklusive-design-villa\\\/\"]}]},{\"@type\":\"ImageObject\",\"inLanguage\":\"de\",\"@id\":\"https:\\\/\\\/www.sun-sure-estates.com\\\/de\\\/produkt\\\/exklusive-design-villa\\\/#primaryimage\",\"url\":\"https:\\\/\\\/www.sun-sure-estates.com\\\/wp-content\\\/uploads\\\/2020\\\/11\\\/7-7-scaled.jpg\",\"contentUrl\":\"https:\\\/\\\/www.sun-sure-estates.com\\\/wp-content\\\/uploads\\\/2020\\\/11\\\/7-7-scaled.jpg\",\"width\":2560,\"height\":1709},{\"@type\":\"BreadcrumbList\",\"@id\":\"https:\\\/\\\/www.sun-sure-estates.com\\\/de\\\/produkt\\\/exklusive-design-villa\\\/#breadcrumb\",\"itemListElement\":[{\"@type\":\"ListItem\",\"position\":1,\"name\":\"Home\",\"item\":\"https:\\\/\\\/www.sun-sure-estates.com\\\/de\\\/\"},{\"@type\":\"ListItem\",\"position\":2,\"name\":\"Shop\",\"item\":\"https:\\\/\\\/www.sun-sure-estates.com\\\/de\\\/shop\\\/\"},{\"@type\":\"ListItem\",\"position\":3,\"name\":\"Exklusive Design-Villa\"}]},{\"@type\":\"WebSite\",\"@id\":\"https:\\\/\\\/www.sun-sure-estates.com\\\/de\\\/#website\",\"url\":\"https:\\\/\\\/www.sun-sure-estates.com\\\/de\\\/\",\"name\":\"Sun Sure Estates\",\"description\":\"Beleggen of wonen in je eigen huis onder de zon\",\"potentialAction\":[{\"@type\":\"SearchAction\",\"target\":{\"@type\":\"EntryPoint\",\"urlTemplate\":\"https:\\\/\\\/www.sun-sure-estates.com\\\/de\\\/?s={search_term_string}\"},\"query-input\":{\"@type\":\"PropertyValueSpecification\",\"valueRequired\":true,\"valueName\":\"search_term_string\"}}],\"inLanguage\":\"de\"}]}<\/script>\n<!-- \/ Yoast SEO plugin. -->","yoast_head_json":{"title":"Exklusive Design-Villa - Sun Sure Estates","robots":{"index":"index","follow":"follow","max-snippet":"max-snippet:-1","max-image-preview":"max-image-preview:large","max-video-preview":"max-video-preview:-1"},"canonical":"https:\/\/www.sun-sure-estates.com\/de\/produkt\/exklusive-design-villa\/","og_locale":"de_DE","og_type":"article","og_title":"Exklusive Design-Villa - Sun Sure Estates","og_description":"Exklusive Design-Villen mit herrlicher Aussicht in einer geschlossenen Wohnanlage in der N\u00e4he der Stadt Polop. Auf etwa 500m\u00b2 gro\u00dfen Grundst\u00fccken wurden diese exklusiven und lichtdurchfluteten Villen erbaut. Sie verf\u00fcgen \u00fcber ein Wohnzimmer, einen Essbereich, eine K\u00fcche, ein Schlafzimmer mit Fu\u00dfbodenheizung und &#8218;en-suite&#8216; Badezimmer, einen begehbaren Kleiderschrank und G\u00e4ste-WC. Das Wohnzimmer, der Essbereich und die K\u00fcche [&hellip;]","og_url":"https:\/\/www.sun-sure-estates.com\/de\/produkt\/exklusive-design-villa\/","og_site_name":"Sun Sure Estates","article_modified_time":"2021-04-13T18:48:52+00:00","og_image":[{"width":2560,"height":1709,"url":"https:\/\/www.sun-sure-estates.com\/wp-content\/uploads\/2020\/11\/7-7-scaled.jpg","type":"image\/jpeg"}],"twitter_card":"summary_large_image","twitter_misc":{"Gesch\u00e4tzte Lesezeit":"2\u00a0Minuten"},"schema":{"@context":"https:\/\/schema.org","@graph":[{"@type":"WebPage","@id":"https:\/\/www.sun-sure-estates.com\/de\/produkt\/exklusive-design-villa\/","url":"https:\/\/www.sun-sure-estates.com\/de\/produkt\/exklusive-design-villa\/","name":"Exklusive Design-Villa - Sun Sure Estates","isPartOf":{"@id":"https:\/\/www.sun-sure-estates.com\/de\/#website"},"primaryImageOfPage":{"@id":"https:\/\/www.sun-sure-estates.com\/de\/produkt\/exklusive-design-villa\/#primaryimage"},"image":{"@id":"https:\/\/www.sun-sure-estates.com\/de\/produkt\/exklusive-design-villa\/#primaryimage"},"thumbnailUrl":"https:\/\/www.sun-sure-estates.com\/wp-content\/uploads\/2020\/11\/7-7-scaled.jpg","datePublished":"2020-11-09T09:34:45+00:00","dateModified":"2021-04-13T18:48:52+00:00","breadcrumb":{"@id":"https:\/\/www.sun-sure-estates.com\/de\/produkt\/exklusive-design-villa\/#breadcrumb"},"inLanguage":"de","potentialAction":[{"@type":"ReadAction","target":["https:\/\/www.sun-sure-estates.com\/de\/produkt\/exklusive-design-villa\/"]}]},{"@type":"ImageObject","inLanguage":"de","@id":"https:\/\/www.sun-sure-estates.com\/de\/produkt\/exklusive-design-villa\/#primaryimage","url":"https:\/\/www.sun-sure-estates.com\/wp-content\/uploads\/2020\/11\/7-7-scaled.jpg","contentUrl":"https:\/\/www.sun-sure-estates.com\/wp-content\/uploads\/2020\/11\/7-7-scaled.jpg","width":2560,"height":1709},{"@type":"BreadcrumbList","@id":"https:\/\/www.sun-sure-estates.com\/de\/produkt\/exklusive-design-villa\/#breadcrumb","itemListElement":[{"@type":"ListItem","position":1,"name":"Home","item":"https:\/\/www.sun-sure-estates.com\/de\/"},{"@type":"ListItem","position":2,"name":"Shop","item":"https:\/\/www.sun-sure-estates.com\/de\/shop\/"},{"@type":"ListItem","position":3,"name":"Exklusive Design-Villa"}]},{"@type":"WebSite","@id":"https:\/\/www.sun-sure-estates.com\/de\/#website","url":"https:\/\/www.sun-sure-estates.com\/de\/","name":"Sun Sure Estates","description":"Beleggen of wonen in je eigen huis onder de zon","potentialAction":[{"@type":"SearchAction","target":{"@type":"EntryPoint","urlTemplate":"https:\/\/www.sun-sure-estates.com\/de\/?s={search_term_string}"},"query-input":{"@type":"PropertyValueSpecification","valueRequired":true,"valueName":"search_term_string"}}],"inLanguage":"de"}]}},"_links":{"self":[{"href":"https:\/\/www.sun-sure-estates.com\/de\/wp-json\/wp\/v2\/product\/5591","targetHints":{"allow":["GET"]}}],"collection":[{"href":"https:\/\/www.sun-sure-estates.com\/de\/wp-json\/wp\/v2\/product"}],"about":[{"href":"https:\/\/www.sun-sure-estates.com\/de\/wp-json\/wp\/v2\/types\/product"}],"replies":[{"embeddable":true,"href":"https:\/\/www.sun-sure-estates.com\/de\/wp-json\/wp\/v2\/comments?post=5591"}],"wp:featuredmedia":[{"embeddable":true,"href":"https:\/\/www.sun-sure-estates.com\/de\/wp-json\/wp\/v2\/media\/5638"}],"wp:attachment":[{"href":"https:\/\/www.sun-sure-estates.com\/de\/wp-json\/wp\/v2\/media?parent=5591"}],"wp:term":[{"taxonomy":"product_brand","embeddable":true,"href":"https:\/\/www.sun-sure-estates.com\/de\/wp-json\/wp\/v2\/product_brand?post=5591"},{"taxonomy":"product_cat","embeddable":true,"href":"https:\/\/www.sun-sure-estates.com\/de\/wp-json\/wp\/v2\/product_cat?post=5591"},{"taxonomy":"product_tag","embeddable":true,"href":"https:\/\/www.sun-sure-estates.com\/de\/wp-json\/wp\/v2\/product_tag?post=5591"}],"curies":[{"name":"wp","href":"https:\/\/api.w.org\/{rel}","templated":true}]}}