{"id":5639,"date":"2020-09-05T22:32:48","date_gmt":"2020-09-05T20:32:48","guid":{"rendered":"https:\/\/www.sun-sure-estates.com\/?post_type=product&#038;p=5639"},"modified":"2021-04-13T21:58:45","modified_gmt":"2021-04-13T19:58:45","slug":"moderne-villa-300-meter-vom-meer-entfernt","status":"publish","type":"product","link":"https:\/\/www.sun-sure-estates.com\/de\/produkt\/moderne-villa-300-meter-vom-meer-entfernt\/","title":{"rendered":"Moderne Villa 300 Meter vom Meer entfernt"},"content":{"rendered":"<p>Exklusive spanische Villen an der Playa del Pinet am Flamingo-Naturschutzgebiet<\/p>\n<p>Genie\u00dfen Sie eines der ges\u00fcndestes Klimas Europas an der Playa Del Pinet, wo diese herrlichen Villen realisiert wurden. Ideal gelegen, nur ca. 300 Meter von den kilometerlangen, mit der &#8222;Blauen Flagge&#8220; ausgezeichneten, Sandstr\u00e4nden entfernt, direkt am Naturschutzgebiet De Les Salines de Santa Pola. Hier k\u00f6nnen Flamingos, D\u00fcnen und Pinienw\u00e4lder, unber\u00fchrter Sandstrand, alte Fischerh\u00e4user beobachtet und besichtigt sowie angrenzend eine Vielzahl von sehr guten Restaurants besucht werden.<\/p>\n<p>In dieser atemberaubenden Lage in der Natur wurden diese neu gebauten, ger\u00e4umigen und praktisch eingerichteten Villen errichtet. Sie verf\u00fcgen \u00fcber ein ger\u00e4umiges Wohnzimmer, eine K\u00fcche, einen Essbereich, 3 Schlafzimmer, 2 davon mit &#8218;en-suite&#8216; Badezimmern sowie ein separates Bad. Das Hauptschlafzimmer verf\u00fcgt \u00fcber einen gro\u00dfen Balkon. In der obersten Etage befindet sich eine mehr als 57m\u00b2 gro\u00dfe Dachterrasse mit Meerblick.<\/p>\n<p>Die Stadt La Marina, mit allen Arten von Annehmlichkeiten, ist nur ca. 1 Kilometer entfernt und nach nur ca. 20 Minuten mit dem Auto erreicht man das Zentrum und den Boulevard von Alicante sowie den Flughafen.<\/p>\n","protected":false},"excerpt":{"rendered":"<p>Exklusive spanische Villen an der Playa del Pinet am Flamingo-Naturschutzgebiet Genie\u00dfen Sie eines der ges\u00fcndestes Klimas Europas an der Playa Del Pinet, wo diese herrlichen Villen realisiert wurden. Ideal gelegen, nur ca. 300 Meter von den kilometerlangen, mit der &#8222;Blauen Flagge&#8220; ausgezeichneten, Sandstr\u00e4nden entfernt, direkt am Naturschutzgebiet De Les Salines de Santa Pola. Hier k\u00f6nnen [&hellip;]<\/p>\n","protected":false},"featured_media":5640,"comment_status":"open","ping_status":"closed","template":"","meta":{"_acf_changed":false},"product_brand":[],"product_cat":[15],"product_tag":[],"class_list":{"0":"post-5639","1":"product","2":"type-product","3":"status-publish","4":"has-post-thumbnail","6":"province-alicante","7":"places-la-marina","8":"country-spanje","9":"region-costa-blanca","10":"product_cat-geen-categorie","12":"first","13":"instock","14":"shipping-taxable","15":"purchasable","16":"product-type-simple"},"acf":[],"yoast_head":"<!-- This site is optimized with the Yoast SEO plugin v27.5 - https:\/\/yoast.com\/product\/yoast-seo-wordpress\/ -->\n<title>Moderne Villa 300 Meter vom Meer entfernt - Sun Sure Estates<\/title>\n<meta name=\"robots\" content=\"index, follow, max-snippet:-1, max-image-preview:large, max-video-preview:-1\" \/>\n<link rel=\"canonical\" href=\"https:\/\/www.sun-sure-estates.com\/de\/produkt\/moderne-villa-300-meter-vom-meer-entfernt\/\" \/>\n<meta property=\"og:locale\" content=\"de_DE\" \/>\n<meta property=\"og:type\" content=\"article\" \/>\n<meta property=\"og:title\" content=\"Moderne Villa 300 Meter vom Meer entfernt - Sun Sure Estates\" \/>\n<meta property=\"og:description\" content=\"Exklusive spanische Villen an der Playa del Pinet am Flamingo-Naturschutzgebiet Genie\u00dfen Sie eines der ges\u00fcndestes Klimas Europas an der Playa Del Pinet, wo diese herrlichen Villen realisiert wurden. Ideal gelegen, nur ca. 300 Meter von den kilometerlangen, mit der &#8222;Blauen Flagge&#8220; ausgezeichneten, Sandstr\u00e4nden entfernt, direkt am Naturschutzgebiet De Les Salines de Santa Pola. Hier k\u00f6nnen [&hellip;]\" \/>\n<meta property=\"og:url\" content=\"https:\/\/www.sun-sure-estates.com\/de\/produkt\/moderne-villa-300-meter-vom-meer-entfernt\/\" \/>\n<meta property=\"og:site_name\" content=\"Sun Sure Estates\" \/>\n<meta property=\"article:modified_time\" content=\"2021-04-13T19:58:45+00:00\" \/>\n<meta property=\"og:image\" content=\"https:\/\/www.sun-sure-estates.com\/wp-content\/uploads\/2020\/09\/40-scaled.jpg\" \/>\n\t<meta property=\"og:image:width\" content=\"2560\" \/>\n\t<meta property=\"og:image:height\" content=\"1706\" \/>\n\t<meta property=\"og:image:type\" content=\"image\/jpeg\" \/>\n<meta name=\"twitter:card\" content=\"summary_large_image\" \/>\n<meta name=\"twitter:label1\" content=\"Gesch\u00e4tzte Lesezeit\" \/>\n\t<meta name=\"twitter:data1\" content=\"1\u00a0Minute\" \/>\n<script type=\"application\/ld+json\" class=\"yoast-schema-graph\">{\"@context\":\"https:\\\/\\\/schema.org\",\"@graph\":[{\"@type\":\"WebPage\",\"@id\":\"https:\\\/\\\/www.sun-sure-estates.com\\\/de\\\/produkt\\\/moderne-villa-300-meter-vom-meer-entfernt\\\/\",\"url\":\"https:\\\/\\\/www.sun-sure-estates.com\\\/de\\\/produkt\\\/moderne-villa-300-meter-vom-meer-entfernt\\\/\",\"name\":\"Moderne Villa 300 Meter vom Meer entfernt - Sun Sure Estates\",\"isPartOf\":{\"@id\":\"https:\\\/\\\/www.sun-sure-estates.com\\\/de\\\/#website\"},\"primaryImageOfPage\":{\"@id\":\"https:\\\/\\\/www.sun-sure-estates.com\\\/de\\\/produkt\\\/moderne-villa-300-meter-vom-meer-entfernt\\\/#primaryimage\"},\"image\":{\"@id\":\"https:\\\/\\\/www.sun-sure-estates.com\\\/de\\\/produkt\\\/moderne-villa-300-meter-vom-meer-entfernt\\\/#primaryimage\"},\"thumbnailUrl\":\"https:\\\/\\\/www.sun-sure-estates.com\\\/wp-content\\\/uploads\\\/2020\\\/09\\\/40-scaled.jpg\",\"datePublished\":\"2020-09-05T20:32:48+00:00\",\"dateModified\":\"2021-04-13T19:58:45+00:00\",\"breadcrumb\":{\"@id\":\"https:\\\/\\\/www.sun-sure-estates.com\\\/de\\\/produkt\\\/moderne-villa-300-meter-vom-meer-entfernt\\\/#breadcrumb\"},\"inLanguage\":\"de\",\"potentialAction\":[{\"@type\":\"ReadAction\",\"target\":[\"https:\\\/\\\/www.sun-sure-estates.com\\\/de\\\/produkt\\\/moderne-villa-300-meter-vom-meer-entfernt\\\/\"]}]},{\"@type\":\"ImageObject\",\"inLanguage\":\"de\",\"@id\":\"https:\\\/\\\/www.sun-sure-estates.com\\\/de\\\/produkt\\\/moderne-villa-300-meter-vom-meer-entfernt\\\/#primaryimage\",\"url\":\"https:\\\/\\\/www.sun-sure-estates.com\\\/wp-content\\\/uploads\\\/2020\\\/09\\\/40-scaled.jpg\",\"contentUrl\":\"https:\\\/\\\/www.sun-sure-estates.com\\\/wp-content\\\/uploads\\\/2020\\\/09\\\/40-scaled.jpg\",\"width\":2560,\"height\":1706},{\"@type\":\"BreadcrumbList\",\"@id\":\"https:\\\/\\\/www.sun-sure-estates.com\\\/de\\\/produkt\\\/moderne-villa-300-meter-vom-meer-entfernt\\\/#breadcrumb\",\"itemListElement\":[{\"@type\":\"ListItem\",\"position\":1,\"name\":\"Home\",\"item\":\"https:\\\/\\\/www.sun-sure-estates.com\\\/de\\\/\"},{\"@type\":\"ListItem\",\"position\":2,\"name\":\"Shop\",\"item\":\"https:\\\/\\\/www.sun-sure-estates.com\\\/de\\\/shop\\\/\"},{\"@type\":\"ListItem\",\"position\":3,\"name\":\"Moderne Villa 300 Meter vom Meer entfernt\"}]},{\"@type\":\"WebSite\",\"@id\":\"https:\\\/\\\/www.sun-sure-estates.com\\\/de\\\/#website\",\"url\":\"https:\\\/\\\/www.sun-sure-estates.com\\\/de\\\/\",\"name\":\"Sun Sure Estates\",\"description\":\"Beleggen of wonen in je eigen huis onder de zon\",\"potentialAction\":[{\"@type\":\"SearchAction\",\"target\":{\"@type\":\"EntryPoint\",\"urlTemplate\":\"https:\\\/\\\/www.sun-sure-estates.com\\\/de\\\/?s={search_term_string}\"},\"query-input\":{\"@type\":\"PropertyValueSpecification\",\"valueRequired\":true,\"valueName\":\"search_term_string\"}}],\"inLanguage\":\"de\"}]}<\/script>\n<!-- \/ Yoast SEO plugin. -->","yoast_head_json":{"title":"Moderne Villa 300 Meter vom Meer entfernt - Sun Sure Estates","robots":{"index":"index","follow":"follow","max-snippet":"max-snippet:-1","max-image-preview":"max-image-preview:large","max-video-preview":"max-video-preview:-1"},"canonical":"https:\/\/www.sun-sure-estates.com\/de\/produkt\/moderne-villa-300-meter-vom-meer-entfernt\/","og_locale":"de_DE","og_type":"article","og_title":"Moderne Villa 300 Meter vom Meer entfernt - Sun Sure Estates","og_description":"Exklusive spanische Villen an der Playa del Pinet am Flamingo-Naturschutzgebiet Genie\u00dfen Sie eines der ges\u00fcndestes Klimas Europas an der Playa Del Pinet, wo diese herrlichen Villen realisiert wurden. Ideal gelegen, nur ca. 300 Meter von den kilometerlangen, mit der &#8222;Blauen Flagge&#8220; ausgezeichneten, Sandstr\u00e4nden entfernt, direkt am Naturschutzgebiet De Les Salines de Santa Pola. Hier k\u00f6nnen [&hellip;]","og_url":"https:\/\/www.sun-sure-estates.com\/de\/produkt\/moderne-villa-300-meter-vom-meer-entfernt\/","og_site_name":"Sun Sure Estates","article_modified_time":"2021-04-13T19:58:45+00:00","og_image":[{"width":2560,"height":1706,"url":"https:\/\/www.sun-sure-estates.com\/wp-content\/uploads\/2020\/09\/40-scaled.jpg","type":"image\/jpeg"}],"twitter_card":"summary_large_image","twitter_misc":{"Gesch\u00e4tzte Lesezeit":"1\u00a0Minute"},"schema":{"@context":"https:\/\/schema.org","@graph":[{"@type":"WebPage","@id":"https:\/\/www.sun-sure-estates.com\/de\/produkt\/moderne-villa-300-meter-vom-meer-entfernt\/","url":"https:\/\/www.sun-sure-estates.com\/de\/produkt\/moderne-villa-300-meter-vom-meer-entfernt\/","name":"Moderne Villa 300 Meter vom Meer entfernt - Sun Sure Estates","isPartOf":{"@id":"https:\/\/www.sun-sure-estates.com\/de\/#website"},"primaryImageOfPage":{"@id":"https:\/\/www.sun-sure-estates.com\/de\/produkt\/moderne-villa-300-meter-vom-meer-entfernt\/#primaryimage"},"image":{"@id":"https:\/\/www.sun-sure-estates.com\/de\/produkt\/moderne-villa-300-meter-vom-meer-entfernt\/#primaryimage"},"thumbnailUrl":"https:\/\/www.sun-sure-estates.com\/wp-content\/uploads\/2020\/09\/40-scaled.jpg","datePublished":"2020-09-05T20:32:48+00:00","dateModified":"2021-04-13T19:58:45+00:00","breadcrumb":{"@id":"https:\/\/www.sun-sure-estates.com\/de\/produkt\/moderne-villa-300-meter-vom-meer-entfernt\/#breadcrumb"},"inLanguage":"de","potentialAction":[{"@type":"ReadAction","target":["https:\/\/www.sun-sure-estates.com\/de\/produkt\/moderne-villa-300-meter-vom-meer-entfernt\/"]}]},{"@type":"ImageObject","inLanguage":"de","@id":"https:\/\/www.sun-sure-estates.com\/de\/produkt\/moderne-villa-300-meter-vom-meer-entfernt\/#primaryimage","url":"https:\/\/www.sun-sure-estates.com\/wp-content\/uploads\/2020\/09\/40-scaled.jpg","contentUrl":"https:\/\/www.sun-sure-estates.com\/wp-content\/uploads\/2020\/09\/40-scaled.jpg","width":2560,"height":1706},{"@type":"BreadcrumbList","@id":"https:\/\/www.sun-sure-estates.com\/de\/produkt\/moderne-villa-300-meter-vom-meer-entfernt\/#breadcrumb","itemListElement":[{"@type":"ListItem","position":1,"name":"Home","item":"https:\/\/www.sun-sure-estates.com\/de\/"},{"@type":"ListItem","position":2,"name":"Shop","item":"https:\/\/www.sun-sure-estates.com\/de\/shop\/"},{"@type":"ListItem","position":3,"name":"Moderne Villa 300 Meter vom Meer entfernt"}]},{"@type":"WebSite","@id":"https:\/\/www.sun-sure-estates.com\/de\/#website","url":"https:\/\/www.sun-sure-estates.com\/de\/","name":"Sun Sure Estates","description":"Beleggen of wonen in je eigen huis onder de zon","potentialAction":[{"@type":"SearchAction","target":{"@type":"EntryPoint","urlTemplate":"https:\/\/www.sun-sure-estates.com\/de\/?s={search_term_string}"},"query-input":{"@type":"PropertyValueSpecification","valueRequired":true,"valueName":"search_term_string"}}],"inLanguage":"de"}]}},"_links":{"self":[{"href":"https:\/\/www.sun-sure-estates.com\/de\/wp-json\/wp\/v2\/product\/5639","targetHints":{"allow":["GET"]}}],"collection":[{"href":"https:\/\/www.sun-sure-estates.com\/de\/wp-json\/wp\/v2\/product"}],"about":[{"href":"https:\/\/www.sun-sure-estates.com\/de\/wp-json\/wp\/v2\/types\/product"}],"replies":[{"embeddable":true,"href":"https:\/\/www.sun-sure-estates.com\/de\/wp-json\/wp\/v2\/comments?post=5639"}],"wp:featuredmedia":[{"embeddable":true,"href":"https:\/\/www.sun-sure-estates.com\/de\/wp-json\/wp\/v2\/media\/5640"}],"wp:attachment":[{"href":"https:\/\/www.sun-sure-estates.com\/de\/wp-json\/wp\/v2\/media?parent=5639"}],"wp:term":[{"taxonomy":"product_brand","embeddable":true,"href":"https:\/\/www.sun-sure-estates.com\/de\/wp-json\/wp\/v2\/product_brand?post=5639"},{"taxonomy":"product_cat","embeddable":true,"href":"https:\/\/www.sun-sure-estates.com\/de\/wp-json\/wp\/v2\/product_cat?post=5639"},{"taxonomy":"product_tag","embeddable":true,"href":"https:\/\/www.sun-sure-estates.com\/de\/wp-json\/wp\/v2\/product_tag?post=5639"}],"curies":[{"name":"wp","href":"https:\/\/api.w.org\/{rel}","templated":true}]}}