{"id":5709,"date":"2021-01-14T15:57:58","date_gmt":"2021-04-13T18:42:18","guid":{"rendered":"https:\/\/www.sun-sure-estates.com\/?post_type=product&#038;p=5709"},"modified":"2021-04-13T20:42:18","modified_gmt":"2021-04-13T18:42:18","slug":"schoenes-penthouse-in-der-naehe-des-meeres","status":"publish","type":"product","link":"https:\/\/www.sun-sure-estates.com\/de\/produkt\/schoenes-penthouse-in-der-naehe-des-meeres\/","title":{"rendered":"Sch\u00f6nes Penthouse in der N\u00e4he des Meeres"},"content":{"rendered":"<p>Penthouse-Wohnungen in der nat\u00fcrlichen Umgebung der spanischen K\u00fcstenstadt San Pedro del Pinatar<\/p>\n<p>In der authentisch spanischen Stadt San Pedro del Pinatar im Landesinneren am Fu\u00dfe des Mar Menors wird ein kleines Bauprojekt aus zwei Geb\u00e4uden mit insgesamt 8 Gartenwohnungen und 8 Penthouse-Wohnungen realisiert. Zwischen den beiden Geb\u00e4uden, die inmitten einer geschlossenen Urbanisation liegen, wurde ein sch\u00f6ner Innenhof mit einem Swimmingpool zur gemeinschaftlichen Nutzung erstellt.<\/p>\n<p>Dieses Bauvorhaben befindet sich in idealer Lage in der N\u00e4he des Dorfes mit verschiedenen gastronomischen Einrichtungen, die zu Fu\u00df erreichbar sind.<\/p>\n<p>Die Wohnungen sind mit hochwertigen Materialien ausgestattet und verf\u00fcgen \u00fcber ein Wohnzimmer, eine K\u00fcche, einen Essbereich, 2 Schlafzimmer und 2 Badezimmer (eines &#8222;en-suite&#8220; am Hauptschlafzimmer). Die K\u00fcche mit dem Essbereich sowie das Wohnzimmer sind in die Breite gebaut, so dass viel Licht in die R\u00e4ume dringt und bieten einen sch\u00f6nen Blick auf die gro\u00dfz\u00fcgige Au\u00dfenterrasse mit ca. 18 m\u00b2 Fl\u00e4che. Ein Highlight der Penthouse-Wohnungen stellt die private Dachterrasse mit ca. 72m\u00b2 dar, von der aus die wunderbare Aussicht \u00fcber die Salzseen und das Mittelmeer genossen werden kann.<\/p>\n<p>In der n\u00e4heren Umgebung k\u00f6nnen Sie sich beim Wandern oder Radfahren entlang des Binnenmeeres mit sch\u00f6nen gro\u00dfen Str\u00e4nden erholen. Wir hei\u00dfen Sie willkommen, die Ruhe, den Raum und die Natur im spanischen San Pedro del Pinatar zu genie\u00dfen.<\/p>\n","protected":false},"excerpt":{"rendered":"<p>Penthouse-Wohnungen in der nat\u00fcrlichen Umgebung der spanischen K\u00fcstenstadt San Pedro del Pinatar In der authentisch spanischen Stadt San Pedro del Pinatar im Landesinneren am Fu\u00dfe des Mar Menors wird ein kleines Bauprojekt aus zwei Geb\u00e4uden mit insgesamt 8 Gartenwohnungen und 8 Penthouse-Wohnungen realisiert. Zwischen den beiden Geb\u00e4uden, die inmitten einer geschlossenen Urbanisation liegen, wurde ein [&hellip;]<\/p>\n","protected":false},"featured_media":5713,"comment_status":"open","ping_status":"closed","template":"","meta":{"_acf_changed":false},"product_brand":[],"product_cat":[15],"product_tag":[],"class_list":{"0":"post-5709","1":"product","2":"type-product","3":"status-publish","4":"has-post-thumbnail","6":"province-murcia","7":"places-san-pedro-de-pinatar","8":"country-spanje","9":"region-costa-blanca","10":"product_cat-geen-categorie","12":"first","13":"instock","14":"shipping-taxable","15":"purchasable","16":"product-type-simple"},"acf":[],"yoast_head":"<!-- This site is optimized with the Yoast SEO plugin v27.5 - https:\/\/yoast.com\/product\/yoast-seo-wordpress\/ -->\n<title>Sch\u00f6nes Penthouse in der N\u00e4he des Meeres - Sun Sure Estates<\/title>\n<meta name=\"robots\" content=\"index, follow, max-snippet:-1, max-image-preview:large, max-video-preview:-1\" \/>\n<link rel=\"canonical\" href=\"https:\/\/www.sun-sure-estates.com\/de\/produkt\/schoenes-penthouse-in-der-naehe-des-meeres\/\" \/>\n<meta property=\"og:locale\" content=\"de_DE\" \/>\n<meta property=\"og:type\" content=\"article\" \/>\n<meta property=\"og:title\" content=\"Sch\u00f6nes Penthouse in der N\u00e4he des Meeres - Sun Sure Estates\" \/>\n<meta property=\"og:description\" content=\"Penthouse-Wohnungen in der nat\u00fcrlichen Umgebung der spanischen K\u00fcstenstadt San Pedro del Pinatar In der authentisch spanischen Stadt San Pedro del Pinatar im Landesinneren am Fu\u00dfe des Mar Menors wird ein kleines Bauprojekt aus zwei Geb\u00e4uden mit insgesamt 8 Gartenwohnungen und 8 Penthouse-Wohnungen realisiert. Zwischen den beiden Geb\u00e4uden, die inmitten einer geschlossenen Urbanisation liegen, wurde ein [&hellip;]\" \/>\n<meta property=\"og:url\" content=\"https:\/\/www.sun-sure-estates.com\/de\/produkt\/schoenes-penthouse-in-der-naehe-des-meeres\/\" \/>\n<meta property=\"og:site_name\" content=\"Sun Sure Estates\" \/>\n<meta property=\"og:image\" content=\"https:\/\/www.sun-sure-estates.com\/wp-content\/uploads\/2021\/01\/1-12.jpg\" \/>\n\t<meta property=\"og:image:width\" content=\"2500\" \/>\n\t<meta property=\"og:image:height\" content=\"1667\" \/>\n\t<meta property=\"og:image:type\" content=\"image\/jpeg\" \/>\n<meta name=\"twitter:card\" content=\"summary_large_image\" \/>\n<meta name=\"twitter:label1\" content=\"Gesch\u00e4tzte Lesezeit\" \/>\n\t<meta name=\"twitter:data1\" content=\"1\u00a0Minute\" \/>\n<script type=\"application\/ld+json\" class=\"yoast-schema-graph\">{\"@context\":\"https:\\\/\\\/schema.org\",\"@graph\":[{\"@type\":\"WebPage\",\"@id\":\"https:\\\/\\\/www.sun-sure-estates.com\\\/de\\\/produkt\\\/schoenes-penthouse-in-der-naehe-des-meeres\\\/\",\"url\":\"https:\\\/\\\/www.sun-sure-estates.com\\\/de\\\/produkt\\\/schoenes-penthouse-in-der-naehe-des-meeres\\\/\",\"name\":\"Sch\u00f6nes Penthouse in der N\u00e4he des Meeres - Sun Sure Estates\",\"isPartOf\":{\"@id\":\"https:\\\/\\\/www.sun-sure-estates.com\\\/de\\\/#website\"},\"primaryImageOfPage\":{\"@id\":\"https:\\\/\\\/www.sun-sure-estates.com\\\/de\\\/produkt\\\/schoenes-penthouse-in-der-naehe-des-meeres\\\/#primaryimage\"},\"image\":{\"@id\":\"https:\\\/\\\/www.sun-sure-estates.com\\\/de\\\/produkt\\\/schoenes-penthouse-in-der-naehe-des-meeres\\\/#primaryimage\"},\"thumbnailUrl\":\"https:\\\/\\\/www.sun-sure-estates.com\\\/wp-content\\\/uploads\\\/2021\\\/01\\\/1-12.jpg\",\"datePublished\":\"2021-04-13T18:42:18+00:00\",\"breadcrumb\":{\"@id\":\"https:\\\/\\\/www.sun-sure-estates.com\\\/de\\\/produkt\\\/schoenes-penthouse-in-der-naehe-des-meeres\\\/#breadcrumb\"},\"inLanguage\":\"de\",\"potentialAction\":[{\"@type\":\"ReadAction\",\"target\":[\"https:\\\/\\\/www.sun-sure-estates.com\\\/de\\\/produkt\\\/schoenes-penthouse-in-der-naehe-des-meeres\\\/\"]}]},{\"@type\":\"ImageObject\",\"inLanguage\":\"de\",\"@id\":\"https:\\\/\\\/www.sun-sure-estates.com\\\/de\\\/produkt\\\/schoenes-penthouse-in-der-naehe-des-meeres\\\/#primaryimage\",\"url\":\"https:\\\/\\\/www.sun-sure-estates.com\\\/wp-content\\\/uploads\\\/2021\\\/01\\\/1-12.jpg\",\"contentUrl\":\"https:\\\/\\\/www.sun-sure-estates.com\\\/wp-content\\\/uploads\\\/2021\\\/01\\\/1-12.jpg\",\"width\":2500,\"height\":1667},{\"@type\":\"BreadcrumbList\",\"@id\":\"https:\\\/\\\/www.sun-sure-estates.com\\\/de\\\/produkt\\\/schoenes-penthouse-in-der-naehe-des-meeres\\\/#breadcrumb\",\"itemListElement\":[{\"@type\":\"ListItem\",\"position\":1,\"name\":\"Home\",\"item\":\"https:\\\/\\\/www.sun-sure-estates.com\\\/de\\\/\"},{\"@type\":\"ListItem\",\"position\":2,\"name\":\"Shop\",\"item\":\"https:\\\/\\\/www.sun-sure-estates.com\\\/de\\\/shop\\\/\"},{\"@type\":\"ListItem\",\"position\":3,\"name\":\"Sch\u00f6nes Penthouse in der N\u00e4he des Meeres\"}]},{\"@type\":\"WebSite\",\"@id\":\"https:\\\/\\\/www.sun-sure-estates.com\\\/de\\\/#website\",\"url\":\"https:\\\/\\\/www.sun-sure-estates.com\\\/de\\\/\",\"name\":\"Sun Sure Estates\",\"description\":\"Beleggen of wonen in je eigen huis onder de zon\",\"potentialAction\":[{\"@type\":\"SearchAction\",\"target\":{\"@type\":\"EntryPoint\",\"urlTemplate\":\"https:\\\/\\\/www.sun-sure-estates.com\\\/de\\\/?s={search_term_string}\"},\"query-input\":{\"@type\":\"PropertyValueSpecification\",\"valueRequired\":true,\"valueName\":\"search_term_string\"}}],\"inLanguage\":\"de\"}]}<\/script>\n<!-- \/ Yoast SEO plugin. -->","yoast_head_json":{"title":"Sch\u00f6nes Penthouse in der N\u00e4he des Meeres - Sun Sure Estates","robots":{"index":"index","follow":"follow","max-snippet":"max-snippet:-1","max-image-preview":"max-image-preview:large","max-video-preview":"max-video-preview:-1"},"canonical":"https:\/\/www.sun-sure-estates.com\/de\/produkt\/schoenes-penthouse-in-der-naehe-des-meeres\/","og_locale":"de_DE","og_type":"article","og_title":"Sch\u00f6nes Penthouse in der N\u00e4he des Meeres - Sun Sure Estates","og_description":"Penthouse-Wohnungen in der nat\u00fcrlichen Umgebung der spanischen K\u00fcstenstadt San Pedro del Pinatar In der authentisch spanischen Stadt San Pedro del Pinatar im Landesinneren am Fu\u00dfe des Mar Menors wird ein kleines Bauprojekt aus zwei Geb\u00e4uden mit insgesamt 8 Gartenwohnungen und 8 Penthouse-Wohnungen realisiert. Zwischen den beiden Geb\u00e4uden, die inmitten einer geschlossenen Urbanisation liegen, wurde ein [&hellip;]","og_url":"https:\/\/www.sun-sure-estates.com\/de\/produkt\/schoenes-penthouse-in-der-naehe-des-meeres\/","og_site_name":"Sun Sure Estates","og_image":[{"width":2500,"height":1667,"url":"https:\/\/www.sun-sure-estates.com\/wp-content\/uploads\/2021\/01\/1-12.jpg","type":"image\/jpeg"}],"twitter_card":"summary_large_image","twitter_misc":{"Gesch\u00e4tzte Lesezeit":"1\u00a0Minute"},"schema":{"@context":"https:\/\/schema.org","@graph":[{"@type":"WebPage","@id":"https:\/\/www.sun-sure-estates.com\/de\/produkt\/schoenes-penthouse-in-der-naehe-des-meeres\/","url":"https:\/\/www.sun-sure-estates.com\/de\/produkt\/schoenes-penthouse-in-der-naehe-des-meeres\/","name":"Sch\u00f6nes Penthouse in der N\u00e4he des Meeres - Sun Sure Estates","isPartOf":{"@id":"https:\/\/www.sun-sure-estates.com\/de\/#website"},"primaryImageOfPage":{"@id":"https:\/\/www.sun-sure-estates.com\/de\/produkt\/schoenes-penthouse-in-der-naehe-des-meeres\/#primaryimage"},"image":{"@id":"https:\/\/www.sun-sure-estates.com\/de\/produkt\/schoenes-penthouse-in-der-naehe-des-meeres\/#primaryimage"},"thumbnailUrl":"https:\/\/www.sun-sure-estates.com\/wp-content\/uploads\/2021\/01\/1-12.jpg","datePublished":"2021-04-13T18:42:18+00:00","breadcrumb":{"@id":"https:\/\/www.sun-sure-estates.com\/de\/produkt\/schoenes-penthouse-in-der-naehe-des-meeres\/#breadcrumb"},"inLanguage":"de","potentialAction":[{"@type":"ReadAction","target":["https:\/\/www.sun-sure-estates.com\/de\/produkt\/schoenes-penthouse-in-der-naehe-des-meeres\/"]}]},{"@type":"ImageObject","inLanguage":"de","@id":"https:\/\/www.sun-sure-estates.com\/de\/produkt\/schoenes-penthouse-in-der-naehe-des-meeres\/#primaryimage","url":"https:\/\/www.sun-sure-estates.com\/wp-content\/uploads\/2021\/01\/1-12.jpg","contentUrl":"https:\/\/www.sun-sure-estates.com\/wp-content\/uploads\/2021\/01\/1-12.jpg","width":2500,"height":1667},{"@type":"BreadcrumbList","@id":"https:\/\/www.sun-sure-estates.com\/de\/produkt\/schoenes-penthouse-in-der-naehe-des-meeres\/#breadcrumb","itemListElement":[{"@type":"ListItem","position":1,"name":"Home","item":"https:\/\/www.sun-sure-estates.com\/de\/"},{"@type":"ListItem","position":2,"name":"Shop","item":"https:\/\/www.sun-sure-estates.com\/de\/shop\/"},{"@type":"ListItem","position":3,"name":"Sch\u00f6nes Penthouse in der N\u00e4he des Meeres"}]},{"@type":"WebSite","@id":"https:\/\/www.sun-sure-estates.com\/de\/#website","url":"https:\/\/www.sun-sure-estates.com\/de\/","name":"Sun Sure Estates","description":"Beleggen of wonen in je eigen huis onder de zon","potentialAction":[{"@type":"SearchAction","target":{"@type":"EntryPoint","urlTemplate":"https:\/\/www.sun-sure-estates.com\/de\/?s={search_term_string}"},"query-input":{"@type":"PropertyValueSpecification","valueRequired":true,"valueName":"search_term_string"}}],"inLanguage":"de"}]}},"_links":{"self":[{"href":"https:\/\/www.sun-sure-estates.com\/de\/wp-json\/wp\/v2\/product\/5709","targetHints":{"allow":["GET"]}}],"collection":[{"href":"https:\/\/www.sun-sure-estates.com\/de\/wp-json\/wp\/v2\/product"}],"about":[{"href":"https:\/\/www.sun-sure-estates.com\/de\/wp-json\/wp\/v2\/types\/product"}],"replies":[{"embeddable":true,"href":"https:\/\/www.sun-sure-estates.com\/de\/wp-json\/wp\/v2\/comments?post=5709"}],"wp:featuredmedia":[{"embeddable":true,"href":"https:\/\/www.sun-sure-estates.com\/de\/wp-json\/wp\/v2\/media\/5713"}],"wp:attachment":[{"href":"https:\/\/www.sun-sure-estates.com\/de\/wp-json\/wp\/v2\/media?parent=5709"}],"wp:term":[{"taxonomy":"product_brand","embeddable":true,"href":"https:\/\/www.sun-sure-estates.com\/de\/wp-json\/wp\/v2\/product_brand?post=5709"},{"taxonomy":"product_cat","embeddable":true,"href":"https:\/\/www.sun-sure-estates.com\/de\/wp-json\/wp\/v2\/product_cat?post=5709"},{"taxonomy":"product_tag","embeddable":true,"href":"https:\/\/www.sun-sure-estates.com\/de\/wp-json\/wp\/v2\/product_tag?post=5709"}],"curies":[{"name":"wp","href":"https:\/\/api.w.org\/{rel}","templated":true}]}}