{"id":5726,"date":"2021-02-11T21:28:23","date_gmt":"2021-04-13T18:41:16","guid":{"rendered":"https:\/\/www.sun-sure-estates.com\/?post_type=product&#038;p=5726"},"modified":"2021-04-13T20:41:17","modified_gmt":"2021-04-13T18:41:17","slug":"wohnungen-in-gehweite-zum-meer","status":"publish","type":"product","link":"https:\/\/www.sun-sure-estates.com\/de\/produkt\/wohnungen-in-gehweite-zum-meer\/","title":{"rendered":"Wohnungen in Gehweite zum Meer"},"content":{"rendered":"<p>Fantastische Apartments mit Gemeinschaftspool in der N\u00e4he der nat\u00fcrlichen Sandstr\u00e4nde in La Mata<\/p>\n<p>In der Urbanisation Torrelamata, am Strand von La Mata am Mittelmeer der sonnigen Region der Costa Blance zwischen Torrevieja und Guardamar del Seguara gelegen befinden sich diese schl\u00fcsselfertigen Apartments namens Residencial Torremar.<\/p>\n<p>Diese Wohnungen sind jeweils mit 2 Schlafzimmern und 2 Badezimmern, einem Wohnzimmer und einer separaten K\u00fcche ausgestattet. Eine gro\u00dfe Terrasse vorne sowie ein privaten Garten f\u00fcr die Einheiten im Erdgeschoss sowie ein im Kaufpreis inkludierter Parkplatz im Gemeinschaftsbereich geh\u00f6ren ebenfalls zu diesem Angebot.<\/p>\n<p>Die Gemeinschaftsbereiche der Wohnanlage bestehen aus gro\u00dfen Gr\u00fcnfl\u00e4chen und einem Gemeinschaftspool.<\/p>\n<p>Der lange Sandstrand von La Mata, das Einkaufszentrum Torremarina, \u00f6ffentliche Verkehrsmittel, Restaurants, Caf\u00e9s und Bars, kurz alle Annehmlichkeiten des Lebens befinden sich in fu\u00dfl\u00e4ufiger Umgebung.<\/p>\n<p>Diese Wohnungen eignen sich perfekt f\u00fcr die Ferienvermietung, als Investition und als Ferienwohnung.<\/p>\n<p>In nur 5 Autominuten sind Sie im Einkaufszentrum &#8222;Habaneras&#8220; und in 20 Minuten in einem der gr\u00f6\u00dften Einkaufszentren Europas &#8222;La Zenia&#8220;.<\/p>\n","protected":false},"excerpt":{"rendered":"<p>Fantastische Apartments mit Gemeinschaftspool in der N\u00e4he der nat\u00fcrlichen Sandstr\u00e4nde in La Mata In der Urbanisation Torrelamata, am Strand von La Mata am Mittelmeer der sonnigen Region der Costa Blance zwischen Torrevieja und Guardamar del Seguara gelegen befinden sich diese schl\u00fcsselfertigen Apartments namens Residencial Torremar. Diese Wohnungen sind jeweils mit 2 Schlafzimmern und 2 Badezimmern, [&hellip;]<\/p>\n","protected":false},"featured_media":11417,"comment_status":"open","ping_status":"closed","template":"","meta":{"_acf_changed":false},"product_brand":[],"product_cat":[15],"product_tag":[],"class_list":{"0":"post-5726","1":"product","2":"type-product","3":"status-publish","4":"has-post-thumbnail","6":"province-alicante","7":"places-torrevieja","8":"country-spanje","9":"region-costa-blanca","10":"product_cat-geen-categorie","12":"first","13":"instock","14":"shipping-taxable","15":"purchasable","16":"product-type-simple"},"acf":[],"yoast_head":"<!-- This site is optimized with the Yoast SEO plugin v27.5 - https:\/\/yoast.com\/product\/yoast-seo-wordpress\/ -->\n<title>Wohnungen in Gehweite zum Meer - Sun Sure Estates<\/title>\n<meta name=\"robots\" content=\"index, follow, max-snippet:-1, max-image-preview:large, max-video-preview:-1\" \/>\n<link rel=\"canonical\" href=\"https:\/\/www.sun-sure-estates.com\/de\/produkt\/wohnungen-in-gehweite-zum-meer\/\" \/>\n<meta property=\"og:locale\" content=\"de_DE\" \/>\n<meta property=\"og:type\" content=\"article\" \/>\n<meta property=\"og:title\" content=\"Wohnungen in Gehweite zum Meer - Sun Sure Estates\" \/>\n<meta property=\"og:description\" content=\"Fantastische Apartments mit Gemeinschaftspool in der N\u00e4he der nat\u00fcrlichen Sandstr\u00e4nde in La Mata In der Urbanisation Torrelamata, am Strand von La Mata am Mittelmeer der sonnigen Region der Costa Blance zwischen Torrevieja und Guardamar del Seguara gelegen befinden sich diese schl\u00fcsselfertigen Apartments namens Residencial Torremar. Diese Wohnungen sind jeweils mit 2 Schlafzimmern und 2 Badezimmern, [&hellip;]\" \/>\n<meta property=\"og:url\" content=\"https:\/\/www.sun-sure-estates.com\/de\/produkt\/wohnungen-in-gehweite-zum-meer\/\" \/>\n<meta property=\"og:site_name\" content=\"Sun Sure Estates\" \/>\n<meta property=\"article:modified_time\" content=\"2021-04-13T18:41:17+00:00\" \/>\n<meta property=\"og:image\" content=\"https:\/\/www.sun-sure-estates.com\/wp-content\/uploads\/2021\/02\/1.-Sold.jpeg\" \/>\n\t<meta property=\"og:image:width\" content=\"1920\" \/>\n\t<meta property=\"og:image:height\" content=\"1280\" \/>\n\t<meta property=\"og:image:type\" content=\"image\/jpeg\" \/>\n<meta name=\"twitter:card\" content=\"summary_large_image\" \/>\n<meta name=\"twitter:label1\" content=\"Gesch\u00e4tzte Lesezeit\" \/>\n\t<meta name=\"twitter:data1\" content=\"1\u00a0Minute\" \/>\n<script type=\"application\/ld+json\" class=\"yoast-schema-graph\">{\"@context\":\"https:\\\/\\\/schema.org\",\"@graph\":[{\"@type\":\"WebPage\",\"@id\":\"https:\\\/\\\/www.sun-sure-estates.com\\\/de\\\/produkt\\\/wohnungen-in-gehweite-zum-meer\\\/\",\"url\":\"https:\\\/\\\/www.sun-sure-estates.com\\\/de\\\/produkt\\\/wohnungen-in-gehweite-zum-meer\\\/\",\"name\":\"Wohnungen in Gehweite zum Meer - Sun Sure Estates\",\"isPartOf\":{\"@id\":\"https:\\\/\\\/www.sun-sure-estates.com\\\/de\\\/#website\"},\"primaryImageOfPage\":{\"@id\":\"https:\\\/\\\/www.sun-sure-estates.com\\\/de\\\/produkt\\\/wohnungen-in-gehweite-zum-meer\\\/#primaryimage\"},\"image\":{\"@id\":\"https:\\\/\\\/www.sun-sure-estates.com\\\/de\\\/produkt\\\/wohnungen-in-gehweite-zum-meer\\\/#primaryimage\"},\"thumbnailUrl\":\"https:\\\/\\\/www.sun-sure-estates.com\\\/wp-content\\\/uploads\\\/2021\\\/02\\\/1.-Sold.jpeg\",\"datePublished\":\"2021-04-13T18:41:16+00:00\",\"dateModified\":\"2021-04-13T18:41:17+00:00\",\"breadcrumb\":{\"@id\":\"https:\\\/\\\/www.sun-sure-estates.com\\\/de\\\/produkt\\\/wohnungen-in-gehweite-zum-meer\\\/#breadcrumb\"},\"inLanguage\":\"de\",\"potentialAction\":[{\"@type\":\"ReadAction\",\"target\":[\"https:\\\/\\\/www.sun-sure-estates.com\\\/de\\\/produkt\\\/wohnungen-in-gehweite-zum-meer\\\/\"]}]},{\"@type\":\"ImageObject\",\"inLanguage\":\"de\",\"@id\":\"https:\\\/\\\/www.sun-sure-estates.com\\\/de\\\/produkt\\\/wohnungen-in-gehweite-zum-meer\\\/#primaryimage\",\"url\":\"https:\\\/\\\/www.sun-sure-estates.com\\\/wp-content\\\/uploads\\\/2021\\\/02\\\/1.-Sold.jpeg\",\"contentUrl\":\"https:\\\/\\\/www.sun-sure-estates.com\\\/wp-content\\\/uploads\\\/2021\\\/02\\\/1.-Sold.jpeg\",\"width\":1920,\"height\":1280},{\"@type\":\"BreadcrumbList\",\"@id\":\"https:\\\/\\\/www.sun-sure-estates.com\\\/de\\\/produkt\\\/wohnungen-in-gehweite-zum-meer\\\/#breadcrumb\",\"itemListElement\":[{\"@type\":\"ListItem\",\"position\":1,\"name\":\"Home\",\"item\":\"https:\\\/\\\/www.sun-sure-estates.com\\\/de\\\/\"},{\"@type\":\"ListItem\",\"position\":2,\"name\":\"Shop\",\"item\":\"https:\\\/\\\/www.sun-sure-estates.com\\\/de\\\/shop\\\/\"},{\"@type\":\"ListItem\",\"position\":3,\"name\":\"Wohnungen in Gehweite zum Meer\"}]},{\"@type\":\"WebSite\",\"@id\":\"https:\\\/\\\/www.sun-sure-estates.com\\\/de\\\/#website\",\"url\":\"https:\\\/\\\/www.sun-sure-estates.com\\\/de\\\/\",\"name\":\"Sun Sure Estates\",\"description\":\"Beleggen of wonen in je eigen huis onder de zon\",\"potentialAction\":[{\"@type\":\"SearchAction\",\"target\":{\"@type\":\"EntryPoint\",\"urlTemplate\":\"https:\\\/\\\/www.sun-sure-estates.com\\\/de\\\/?s={search_term_string}\"},\"query-input\":{\"@type\":\"PropertyValueSpecification\",\"valueRequired\":true,\"valueName\":\"search_term_string\"}}],\"inLanguage\":\"de\"}]}<\/script>\n<!-- \/ Yoast SEO plugin. -->","yoast_head_json":{"title":"Wohnungen in Gehweite zum Meer - Sun Sure Estates","robots":{"index":"index","follow":"follow","max-snippet":"max-snippet:-1","max-image-preview":"max-image-preview:large","max-video-preview":"max-video-preview:-1"},"canonical":"https:\/\/www.sun-sure-estates.com\/de\/produkt\/wohnungen-in-gehweite-zum-meer\/","og_locale":"de_DE","og_type":"article","og_title":"Wohnungen in Gehweite zum Meer - Sun Sure Estates","og_description":"Fantastische Apartments mit Gemeinschaftspool in der N\u00e4he der nat\u00fcrlichen Sandstr\u00e4nde in La Mata In der Urbanisation Torrelamata, am Strand von La Mata am Mittelmeer der sonnigen Region der Costa Blance zwischen Torrevieja und Guardamar del Seguara gelegen befinden sich diese schl\u00fcsselfertigen Apartments namens Residencial Torremar. Diese Wohnungen sind jeweils mit 2 Schlafzimmern und 2 Badezimmern, [&hellip;]","og_url":"https:\/\/www.sun-sure-estates.com\/de\/produkt\/wohnungen-in-gehweite-zum-meer\/","og_site_name":"Sun Sure Estates","article_modified_time":"2021-04-13T18:41:17+00:00","og_image":[{"width":1920,"height":1280,"url":"https:\/\/www.sun-sure-estates.com\/wp-content\/uploads\/2021\/02\/1.-Sold.jpeg","type":"image\/jpeg"}],"twitter_card":"summary_large_image","twitter_misc":{"Gesch\u00e4tzte Lesezeit":"1\u00a0Minute"},"schema":{"@context":"https:\/\/schema.org","@graph":[{"@type":"WebPage","@id":"https:\/\/www.sun-sure-estates.com\/de\/produkt\/wohnungen-in-gehweite-zum-meer\/","url":"https:\/\/www.sun-sure-estates.com\/de\/produkt\/wohnungen-in-gehweite-zum-meer\/","name":"Wohnungen in Gehweite zum Meer - Sun Sure Estates","isPartOf":{"@id":"https:\/\/www.sun-sure-estates.com\/de\/#website"},"primaryImageOfPage":{"@id":"https:\/\/www.sun-sure-estates.com\/de\/produkt\/wohnungen-in-gehweite-zum-meer\/#primaryimage"},"image":{"@id":"https:\/\/www.sun-sure-estates.com\/de\/produkt\/wohnungen-in-gehweite-zum-meer\/#primaryimage"},"thumbnailUrl":"https:\/\/www.sun-sure-estates.com\/wp-content\/uploads\/2021\/02\/1.-Sold.jpeg","datePublished":"2021-04-13T18:41:16+00:00","dateModified":"2021-04-13T18:41:17+00:00","breadcrumb":{"@id":"https:\/\/www.sun-sure-estates.com\/de\/produkt\/wohnungen-in-gehweite-zum-meer\/#breadcrumb"},"inLanguage":"de","potentialAction":[{"@type":"ReadAction","target":["https:\/\/www.sun-sure-estates.com\/de\/produkt\/wohnungen-in-gehweite-zum-meer\/"]}]},{"@type":"ImageObject","inLanguage":"de","@id":"https:\/\/www.sun-sure-estates.com\/de\/produkt\/wohnungen-in-gehweite-zum-meer\/#primaryimage","url":"https:\/\/www.sun-sure-estates.com\/wp-content\/uploads\/2021\/02\/1.-Sold.jpeg","contentUrl":"https:\/\/www.sun-sure-estates.com\/wp-content\/uploads\/2021\/02\/1.-Sold.jpeg","width":1920,"height":1280},{"@type":"BreadcrumbList","@id":"https:\/\/www.sun-sure-estates.com\/de\/produkt\/wohnungen-in-gehweite-zum-meer\/#breadcrumb","itemListElement":[{"@type":"ListItem","position":1,"name":"Home","item":"https:\/\/www.sun-sure-estates.com\/de\/"},{"@type":"ListItem","position":2,"name":"Shop","item":"https:\/\/www.sun-sure-estates.com\/de\/shop\/"},{"@type":"ListItem","position":3,"name":"Wohnungen in Gehweite zum Meer"}]},{"@type":"WebSite","@id":"https:\/\/www.sun-sure-estates.com\/de\/#website","url":"https:\/\/www.sun-sure-estates.com\/de\/","name":"Sun Sure Estates","description":"Beleggen of wonen in je eigen huis onder de zon","potentialAction":[{"@type":"SearchAction","target":{"@type":"EntryPoint","urlTemplate":"https:\/\/www.sun-sure-estates.com\/de\/?s={search_term_string}"},"query-input":{"@type":"PropertyValueSpecification","valueRequired":true,"valueName":"search_term_string"}}],"inLanguage":"de"}]}},"_links":{"self":[{"href":"https:\/\/www.sun-sure-estates.com\/de\/wp-json\/wp\/v2\/product\/5726","targetHints":{"allow":["GET"]}}],"collection":[{"href":"https:\/\/www.sun-sure-estates.com\/de\/wp-json\/wp\/v2\/product"}],"about":[{"href":"https:\/\/www.sun-sure-estates.com\/de\/wp-json\/wp\/v2\/types\/product"}],"replies":[{"embeddable":true,"href":"https:\/\/www.sun-sure-estates.com\/de\/wp-json\/wp\/v2\/comments?post=5726"}],"wp:featuredmedia":[{"embeddable":true,"href":"https:\/\/www.sun-sure-estates.com\/de\/wp-json\/wp\/v2\/media\/11417"}],"wp:attachment":[{"href":"https:\/\/www.sun-sure-estates.com\/de\/wp-json\/wp\/v2\/media?parent=5726"}],"wp:term":[{"taxonomy":"product_brand","embeddable":true,"href":"https:\/\/www.sun-sure-estates.com\/de\/wp-json\/wp\/v2\/product_brand?post=5726"},{"taxonomy":"product_cat","embeddable":true,"href":"https:\/\/www.sun-sure-estates.com\/de\/wp-json\/wp\/v2\/product_cat?post=5726"},{"taxonomy":"product_tag","embeddable":true,"href":"https:\/\/www.sun-sure-estates.com\/de\/wp-json\/wp\/v2\/product_tag?post=5726"}],"curies":[{"name":"wp","href":"https:\/\/api.w.org\/{rel}","templated":true}]}}