{"id":5747,"date":"2020-09-05T22:29:04","date_gmt":"2020-09-05T20:29:04","guid":{"rendered":"https:\/\/www.sun-sure-estates.com\/?post_type=product&#038;p=5747"},"modified":"2021-04-13T22:05:48","modified_gmt":"2021-04-13T20:05:48","slug":"villa-in-ruhiger-lage-im-golfresort-2","status":"publish","type":"product","link":"https:\/\/www.sun-sure-estates.com\/de\/produkt\/villa-in-ruhiger-lage-im-golfresort-2\/","title":{"rendered":"Villa in ruhiger Lage im Golfresort"},"content":{"rendered":"<p>Exklusive spanische Immobilie in sonniger Lage<\/p>\n<p>In wundersch\u00f6ner Lage im Golf-Resort &#8218;La Finca Golf&#8216; werden diese sch\u00f6nen Villen realisiert. Es ist ein perfekter Ort f\u00fcr diejenigen, die Natur und Ruhe lieben und doch eine kurze Entfernung von sch\u00f6nen D\u00f6rfern und dem Strand am Mittelmeer sein will.<\/p>\n<p>Die Villen befinden sich auf gro\u00dfen Grundst\u00fccken, einschlie\u00dflich sch\u00f6ner Details aus nat\u00fcrlichen Materialien sind mit<br \/>\n3 Schlafzimmern, 2 B\u00e4dern (eines en-suite am Hauptschlafzimmer), Wohnzimmer, Essbereich, K\u00fcche, Terrasse und Solarium ausgestattet. In der sonnenverw\u00f6hnten Region mit ihrer einzigartigen Lage werden Sie sich auch im ges\u00fcndesten Wohnklima Europas wohlf\u00fchlen!<\/p>\n","protected":false},"excerpt":{"rendered":"<p>Exklusive spanische Immobilie in sonniger Lage In wundersch\u00f6ner Lage im Golf-Resort &#8218;La Finca Golf&#8216; werden diese sch\u00f6nen Villen realisiert. Es ist ein perfekter Ort f\u00fcr diejenigen, die Natur und Ruhe lieben und doch eine kurze Entfernung von sch\u00f6nen D\u00f6rfern und dem Strand am Mittelmeer sein will. Die Villen befinden sich auf gro\u00dfen Grundst\u00fccken, einschlie\u00dflich sch\u00f6ner [&hellip;]<\/p>\n","protected":false},"featured_media":9685,"comment_status":"open","ping_status":"closed","template":"","meta":{"_acf_changed":false},"product_brand":[],"product_cat":[15],"product_tag":[],"class_list":{"0":"post-5747","1":"product","2":"type-product","3":"status-publish","4":"has-post-thumbnail","6":"province-alicante","7":"places-algorfa","8":"country-spanje","9":"region-costa-blanca","10":"product_cat-geen-categorie","12":"first","13":"instock","14":"shipping-taxable","15":"purchasable","16":"product-type-simple"},"acf":[],"yoast_head":"<!-- This site is optimized with the Yoast SEO plugin v27.4 - https:\/\/yoast.com\/product\/yoast-seo-wordpress\/ -->\n<title>Villa in ruhiger Lage im Golfresort - Sun Sure Estates<\/title>\n<meta name=\"robots\" content=\"index, follow, max-snippet:-1, max-image-preview:large, max-video-preview:-1\" \/>\n<link rel=\"canonical\" href=\"https:\/\/www.sun-sure-estates.com\/de\/produkt\/villa-in-ruhiger-lage-im-golfresort-2\/\" \/>\n<meta property=\"og:locale\" content=\"de_DE\" \/>\n<meta property=\"og:type\" content=\"article\" \/>\n<meta property=\"og:title\" content=\"Villa in ruhiger Lage im Golfresort - Sun Sure Estates\" \/>\n<meta property=\"og:description\" content=\"Exklusive spanische Immobilie in sonniger Lage In wundersch\u00f6ner Lage im Golf-Resort &#8218;La Finca Golf&#8216; werden diese sch\u00f6nen Villen realisiert. Es ist ein perfekter Ort f\u00fcr diejenigen, die Natur und Ruhe lieben und doch eine kurze Entfernung von sch\u00f6nen D\u00f6rfern und dem Strand am Mittelmeer sein will. Die Villen befinden sich auf gro\u00dfen Grundst\u00fccken, einschlie\u00dflich sch\u00f6ner [&hellip;]\" \/>\n<meta property=\"og:url\" content=\"https:\/\/www.sun-sure-estates.com\/de\/produkt\/villa-in-ruhiger-lage-im-golfresort-2\/\" \/>\n<meta property=\"og:site_name\" content=\"Sun Sure Estates\" \/>\n<meta property=\"article:modified_time\" content=\"2021-04-13T20:05:48+00:00\" \/>\n<meta property=\"og:image\" content=\"https:\/\/www.sun-sure-estates.com\/wp-content\/uploads\/2020\/09\/1.-Sold-Gante.jpg\" \/>\n\t<meta property=\"og:image:width\" content=\"1200\" \/>\n\t<meta property=\"og:image:height\" content=\"795\" \/>\n\t<meta property=\"og:image:type\" content=\"image\/jpeg\" \/>\n<meta name=\"twitter:card\" content=\"summary_large_image\" \/>\n<meta name=\"twitter:label1\" content=\"Gesch\u00e4tzte Lesezeit\" \/>\n\t<meta name=\"twitter:data1\" content=\"1\u00a0Minute\" \/>\n<script type=\"application\/ld+json\" class=\"yoast-schema-graph\">{\"@context\":\"https:\\\/\\\/schema.org\",\"@graph\":[{\"@type\":\"WebPage\",\"@id\":\"https:\\\/\\\/www.sun-sure-estates.com\\\/de\\\/produkt\\\/villa-in-ruhiger-lage-im-golfresort-2\\\/\",\"url\":\"https:\\\/\\\/www.sun-sure-estates.com\\\/de\\\/produkt\\\/villa-in-ruhiger-lage-im-golfresort-2\\\/\",\"name\":\"Villa in ruhiger Lage im Golfresort - Sun Sure Estates\",\"isPartOf\":{\"@id\":\"https:\\\/\\\/www.sun-sure-estates.com\\\/de\\\/#website\"},\"primaryImageOfPage\":{\"@id\":\"https:\\\/\\\/www.sun-sure-estates.com\\\/de\\\/produkt\\\/villa-in-ruhiger-lage-im-golfresort-2\\\/#primaryimage\"},\"image\":{\"@id\":\"https:\\\/\\\/www.sun-sure-estates.com\\\/de\\\/produkt\\\/villa-in-ruhiger-lage-im-golfresort-2\\\/#primaryimage\"},\"thumbnailUrl\":\"https:\\\/\\\/www.sun-sure-estates.com\\\/wp-content\\\/uploads\\\/2020\\\/09\\\/1.-Sold-Gante.jpg\",\"datePublished\":\"2020-09-05T20:29:04+00:00\",\"dateModified\":\"2021-04-13T20:05:48+00:00\",\"breadcrumb\":{\"@id\":\"https:\\\/\\\/www.sun-sure-estates.com\\\/de\\\/produkt\\\/villa-in-ruhiger-lage-im-golfresort-2\\\/#breadcrumb\"},\"inLanguage\":\"de\",\"potentialAction\":[{\"@type\":\"ReadAction\",\"target\":[\"https:\\\/\\\/www.sun-sure-estates.com\\\/de\\\/produkt\\\/villa-in-ruhiger-lage-im-golfresort-2\\\/\"]}]},{\"@type\":\"ImageObject\",\"inLanguage\":\"de\",\"@id\":\"https:\\\/\\\/www.sun-sure-estates.com\\\/de\\\/produkt\\\/villa-in-ruhiger-lage-im-golfresort-2\\\/#primaryimage\",\"url\":\"https:\\\/\\\/www.sun-sure-estates.com\\\/wp-content\\\/uploads\\\/2020\\\/09\\\/1.-Sold-Gante.jpg\",\"contentUrl\":\"https:\\\/\\\/www.sun-sure-estates.com\\\/wp-content\\\/uploads\\\/2020\\\/09\\\/1.-Sold-Gante.jpg\",\"width\":1200,\"height\":795},{\"@type\":\"BreadcrumbList\",\"@id\":\"https:\\\/\\\/www.sun-sure-estates.com\\\/de\\\/produkt\\\/villa-in-ruhiger-lage-im-golfresort-2\\\/#breadcrumb\",\"itemListElement\":[{\"@type\":\"ListItem\",\"position\":1,\"name\":\"Home\",\"item\":\"https:\\\/\\\/www.sun-sure-estates.com\\\/de\\\/\"},{\"@type\":\"ListItem\",\"position\":2,\"name\":\"Shop\",\"item\":\"https:\\\/\\\/www.sun-sure-estates.com\\\/de\\\/shop\\\/\"},{\"@type\":\"ListItem\",\"position\":3,\"name\":\"Villa in ruhiger Lage im Golfresort\"}]},{\"@type\":\"WebSite\",\"@id\":\"https:\\\/\\\/www.sun-sure-estates.com\\\/de\\\/#website\",\"url\":\"https:\\\/\\\/www.sun-sure-estates.com\\\/de\\\/\",\"name\":\"Sun Sure Estates\",\"description\":\"Beleggen of wonen in je eigen huis onder de zon\",\"potentialAction\":[{\"@type\":\"SearchAction\",\"target\":{\"@type\":\"EntryPoint\",\"urlTemplate\":\"https:\\\/\\\/www.sun-sure-estates.com\\\/de\\\/?s={search_term_string}\"},\"query-input\":{\"@type\":\"PropertyValueSpecification\",\"valueRequired\":true,\"valueName\":\"search_term_string\"}}],\"inLanguage\":\"de\"}]}<\/script>\n<!-- \/ Yoast SEO plugin. -->","yoast_head_json":{"title":"Villa in ruhiger Lage im Golfresort - Sun Sure Estates","robots":{"index":"index","follow":"follow","max-snippet":"max-snippet:-1","max-image-preview":"max-image-preview:large","max-video-preview":"max-video-preview:-1"},"canonical":"https:\/\/www.sun-sure-estates.com\/de\/produkt\/villa-in-ruhiger-lage-im-golfresort-2\/","og_locale":"de_DE","og_type":"article","og_title":"Villa in ruhiger Lage im Golfresort - Sun Sure Estates","og_description":"Exklusive spanische Immobilie in sonniger Lage In wundersch\u00f6ner Lage im Golf-Resort &#8218;La Finca Golf&#8216; werden diese sch\u00f6nen Villen realisiert. Es ist ein perfekter Ort f\u00fcr diejenigen, die Natur und Ruhe lieben und doch eine kurze Entfernung von sch\u00f6nen D\u00f6rfern und dem Strand am Mittelmeer sein will. Die Villen befinden sich auf gro\u00dfen Grundst\u00fccken, einschlie\u00dflich sch\u00f6ner [&hellip;]","og_url":"https:\/\/www.sun-sure-estates.com\/de\/produkt\/villa-in-ruhiger-lage-im-golfresort-2\/","og_site_name":"Sun Sure Estates","article_modified_time":"2021-04-13T20:05:48+00:00","og_image":[{"width":1200,"height":795,"url":"https:\/\/www.sun-sure-estates.com\/wp-content\/uploads\/2020\/09\/1.-Sold-Gante.jpg","type":"image\/jpeg"}],"twitter_card":"summary_large_image","twitter_misc":{"Gesch\u00e4tzte Lesezeit":"1\u00a0Minute"},"schema":{"@context":"https:\/\/schema.org","@graph":[{"@type":"WebPage","@id":"https:\/\/www.sun-sure-estates.com\/de\/produkt\/villa-in-ruhiger-lage-im-golfresort-2\/","url":"https:\/\/www.sun-sure-estates.com\/de\/produkt\/villa-in-ruhiger-lage-im-golfresort-2\/","name":"Villa in ruhiger Lage im Golfresort - Sun Sure Estates","isPartOf":{"@id":"https:\/\/www.sun-sure-estates.com\/de\/#website"},"primaryImageOfPage":{"@id":"https:\/\/www.sun-sure-estates.com\/de\/produkt\/villa-in-ruhiger-lage-im-golfresort-2\/#primaryimage"},"image":{"@id":"https:\/\/www.sun-sure-estates.com\/de\/produkt\/villa-in-ruhiger-lage-im-golfresort-2\/#primaryimage"},"thumbnailUrl":"https:\/\/www.sun-sure-estates.com\/wp-content\/uploads\/2020\/09\/1.-Sold-Gante.jpg","datePublished":"2020-09-05T20:29:04+00:00","dateModified":"2021-04-13T20:05:48+00:00","breadcrumb":{"@id":"https:\/\/www.sun-sure-estates.com\/de\/produkt\/villa-in-ruhiger-lage-im-golfresort-2\/#breadcrumb"},"inLanguage":"de","potentialAction":[{"@type":"ReadAction","target":["https:\/\/www.sun-sure-estates.com\/de\/produkt\/villa-in-ruhiger-lage-im-golfresort-2\/"]}]},{"@type":"ImageObject","inLanguage":"de","@id":"https:\/\/www.sun-sure-estates.com\/de\/produkt\/villa-in-ruhiger-lage-im-golfresort-2\/#primaryimage","url":"https:\/\/www.sun-sure-estates.com\/wp-content\/uploads\/2020\/09\/1.-Sold-Gante.jpg","contentUrl":"https:\/\/www.sun-sure-estates.com\/wp-content\/uploads\/2020\/09\/1.-Sold-Gante.jpg","width":1200,"height":795},{"@type":"BreadcrumbList","@id":"https:\/\/www.sun-sure-estates.com\/de\/produkt\/villa-in-ruhiger-lage-im-golfresort-2\/#breadcrumb","itemListElement":[{"@type":"ListItem","position":1,"name":"Home","item":"https:\/\/www.sun-sure-estates.com\/de\/"},{"@type":"ListItem","position":2,"name":"Shop","item":"https:\/\/www.sun-sure-estates.com\/de\/shop\/"},{"@type":"ListItem","position":3,"name":"Villa in ruhiger Lage im Golfresort"}]},{"@type":"WebSite","@id":"https:\/\/www.sun-sure-estates.com\/de\/#website","url":"https:\/\/www.sun-sure-estates.com\/de\/","name":"Sun Sure Estates","description":"Beleggen of wonen in je eigen huis onder de zon","potentialAction":[{"@type":"SearchAction","target":{"@type":"EntryPoint","urlTemplate":"https:\/\/www.sun-sure-estates.com\/de\/?s={search_term_string}"},"query-input":{"@type":"PropertyValueSpecification","valueRequired":true,"valueName":"search_term_string"}}],"inLanguage":"de"}]}},"_links":{"self":[{"href":"https:\/\/www.sun-sure-estates.com\/de\/wp-json\/wp\/v2\/product\/5747","targetHints":{"allow":["GET"]}}],"collection":[{"href":"https:\/\/www.sun-sure-estates.com\/de\/wp-json\/wp\/v2\/product"}],"about":[{"href":"https:\/\/www.sun-sure-estates.com\/de\/wp-json\/wp\/v2\/types\/product"}],"replies":[{"embeddable":true,"href":"https:\/\/www.sun-sure-estates.com\/de\/wp-json\/wp\/v2\/comments?post=5747"}],"wp:featuredmedia":[{"embeddable":true,"href":"https:\/\/www.sun-sure-estates.com\/de\/wp-json\/wp\/v2\/media\/9685"}],"wp:attachment":[{"href":"https:\/\/www.sun-sure-estates.com\/de\/wp-json\/wp\/v2\/media?parent=5747"}],"wp:term":[{"taxonomy":"product_brand","embeddable":true,"href":"https:\/\/www.sun-sure-estates.com\/de\/wp-json\/wp\/v2\/product_brand?post=5747"},{"taxonomy":"product_cat","embeddable":true,"href":"https:\/\/www.sun-sure-estates.com\/de\/wp-json\/wp\/v2\/product_cat?post=5747"},{"taxonomy":"product_tag","embeddable":true,"href":"https:\/\/www.sun-sure-estates.com\/de\/wp-json\/wp\/v2\/product_tag?post=5747"}],"curies":[{"name":"wp","href":"https:\/\/api.w.org\/{rel}","templated":true}]}}