{"id":5774,"date":"2020-09-06T11:06:53","date_gmt":"2020-09-06T09:06:53","guid":{"rendered":"https:\/\/www.sun-sure-estates.com\/?post_type=product&#038;p=5774"},"modified":"2021-04-13T20:52:05","modified_gmt":"2021-04-13T18:52:05","slug":"appartement-in-ruhiger-lage-im-golfresort","status":"publish","type":"product","link":"https:\/\/www.sun-sure-estates.com\/de\/produkt\/appartement-in-ruhiger-lage-im-golfresort\/","title":{"rendered":"Appartement in ruhiger Lage im Golfresort"},"content":{"rendered":"<p>Exklusive Gartenapartments im beliebten Golf-Resort \u201eLa Finca Golf\u201c an der Costa Blance<\/p>\n<p>Diese wunderbaren Gartenapartments befinden sich auf dem Grundst\u00fcck des Golf-Resorts \u201eLa Finca Golf\u201c, die im August 2002 Ihre Pforten \u00f6ffnete. Diese herrliche 18-Loch-Golfanlage wurde von dem renommierten spanischen Designer Pepe Gancedo entworfen, der zu den herausragenden Amateurspielern Spaniens geh\u00f6rte. Die Anlage verf\u00fcgt \u00fcber ein 5-Sterne-Hotel mit Restaurant und Spa, Clubhaus und einladenden Terrassen. Hier k\u00f6nnen Sie eines der ges\u00fcndesten Klimas Europas zusammen genie\u00dfen und innerhalb weniger Tagen das Golfspielen erlernen!<\/p>\n<p>F\u00fchlen Sie sich in dieser sch\u00f6nen, gr\u00fcnen und ruhigen Umgebung wie zu Hause und genie\u00dfen Sie ganzj\u00e4hrig angenehme Lufttemperaturen in dieser sonnigen Region am Mittelmeer.<\/p>\n<p>Den t\u00e4glichen Einkauf sowie Restaurantbesuche k\u00f6nnen Sie bequem fu\u00dfl\u00e4ufig erledigen. Die Wohnanlage verf\u00fcgt \u00fcber einen gemeinschaftlich nutzbaren Swimmingpool im Freien.<\/p>\n<p>Die h\u00fcbschen Neubauwohnungen und Penth\u00e4user sind mit zwei Schlafzimmern, Terrassen und Dachterrasse \u00a0bzw. im Erdgeschoss mit Gartenanlagen vor und hinter dem Haus ausgestattet.<\/p>\n<p>Die kleine Stadt Benijofar ist nur eine etwa 8-min\u00fctige Autofahrt entfernt und bietet weitere Annehmlichkeiten<\/p>\n","protected":false},"excerpt":{"rendered":"<p>Exklusive Gartenapartments im beliebten Golf-Resort \u201eLa Finca Golf\u201c an der Costa Blance Diese wunderbaren Gartenapartments befinden sich auf dem Grundst\u00fcck des Golf-Resorts \u201eLa Finca Golf\u201c, die im August 2002 Ihre Pforten \u00f6ffnete. Diese herrliche 18-Loch-Golfanlage wurde von dem renommierten spanischen Designer Pepe Gancedo entworfen, der zu den herausragenden Amateurspielern Spaniens geh\u00f6rte. Die Anlage verf\u00fcgt \u00fcber [&hellip;]<\/p>\n","protected":false},"featured_media":5776,"comment_status":"open","ping_status":"closed","template":"","meta":{"_acf_changed":false},"product_brand":[],"product_cat":[15],"product_tag":[],"class_list":{"0":"post-5774","1":"product","2":"type-product","3":"status-publish","4":"has-post-thumbnail","6":"province-alicante","7":"places-algorfa","8":"country-spanje","9":"region-costa-blanca","10":"product_cat-geen-categorie","12":"first","13":"instock","14":"shipping-taxable","15":"purchasable","16":"product-type-simple"},"acf":[],"yoast_head":"<!-- This site is optimized with the Yoast SEO plugin v27.4 - https:\/\/yoast.com\/product\/yoast-seo-wordpress\/ -->\n<title>Appartement in ruhiger Lage im Golfresort - Sun Sure Estates<\/title>\n<meta name=\"robots\" content=\"index, follow, max-snippet:-1, max-image-preview:large, max-video-preview:-1\" \/>\n<link rel=\"canonical\" href=\"https:\/\/www.sun-sure-estates.com\/de\/produkt\/appartement-in-ruhiger-lage-im-golfresort\/\" \/>\n<meta property=\"og:locale\" content=\"de_DE\" \/>\n<meta property=\"og:type\" content=\"article\" \/>\n<meta property=\"og:title\" content=\"Appartement in ruhiger Lage im Golfresort - Sun Sure Estates\" \/>\n<meta property=\"og:description\" content=\"Exklusive Gartenapartments im beliebten Golf-Resort \u201eLa Finca Golf\u201c an der Costa Blance Diese wunderbaren Gartenapartments befinden sich auf dem Grundst\u00fcck des Golf-Resorts \u201eLa Finca Golf\u201c, die im August 2002 Ihre Pforten \u00f6ffnete. Diese herrliche 18-Loch-Golfanlage wurde von dem renommierten spanischen Designer Pepe Gancedo entworfen, der zu den herausragenden Amateurspielern Spaniens geh\u00f6rte. Die Anlage verf\u00fcgt \u00fcber [&hellip;]\" \/>\n<meta property=\"og:url\" content=\"https:\/\/www.sun-sure-estates.com\/de\/produkt\/appartement-in-ruhiger-lage-im-golfresort\/\" \/>\n<meta property=\"og:site_name\" content=\"Sun Sure Estates\" \/>\n<meta property=\"article:modified_time\" content=\"2021-04-13T18:52:05+00:00\" \/>\n<meta property=\"og:image\" content=\"https:\/\/www.sun-sure-estates.com\/wp-content\/uploads\/2020\/09\/1-108-scaled.jpg\" \/>\n\t<meta property=\"og:image:width\" content=\"2560\" \/>\n\t<meta property=\"og:image:height\" content=\"1920\" \/>\n\t<meta property=\"og:image:type\" content=\"image\/jpeg\" \/>\n<meta name=\"twitter:card\" content=\"summary_large_image\" \/>\n<meta name=\"twitter:label1\" content=\"Gesch\u00e4tzte Lesezeit\" \/>\n\t<meta name=\"twitter:data1\" content=\"1\u00a0Minute\" \/>\n<script type=\"application\/ld+json\" class=\"yoast-schema-graph\">{\"@context\":\"https:\\\/\\\/schema.org\",\"@graph\":[{\"@type\":\"WebPage\",\"@id\":\"https:\\\/\\\/www.sun-sure-estates.com\\\/de\\\/produkt\\\/appartement-in-ruhiger-lage-im-golfresort\\\/\",\"url\":\"https:\\\/\\\/www.sun-sure-estates.com\\\/de\\\/produkt\\\/appartement-in-ruhiger-lage-im-golfresort\\\/\",\"name\":\"Appartement in ruhiger Lage im Golfresort - Sun Sure Estates\",\"isPartOf\":{\"@id\":\"https:\\\/\\\/www.sun-sure-estates.com\\\/de\\\/#website\"},\"primaryImageOfPage\":{\"@id\":\"https:\\\/\\\/www.sun-sure-estates.com\\\/de\\\/produkt\\\/appartement-in-ruhiger-lage-im-golfresort\\\/#primaryimage\"},\"image\":{\"@id\":\"https:\\\/\\\/www.sun-sure-estates.com\\\/de\\\/produkt\\\/appartement-in-ruhiger-lage-im-golfresort\\\/#primaryimage\"},\"thumbnailUrl\":\"https:\\\/\\\/www.sun-sure-estates.com\\\/wp-content\\\/uploads\\\/2020\\\/09\\\/1-108-scaled.jpg\",\"datePublished\":\"2020-09-06T09:06:53+00:00\",\"dateModified\":\"2021-04-13T18:52:05+00:00\",\"breadcrumb\":{\"@id\":\"https:\\\/\\\/www.sun-sure-estates.com\\\/de\\\/produkt\\\/appartement-in-ruhiger-lage-im-golfresort\\\/#breadcrumb\"},\"inLanguage\":\"de\",\"potentialAction\":[{\"@type\":\"ReadAction\",\"target\":[\"https:\\\/\\\/www.sun-sure-estates.com\\\/de\\\/produkt\\\/appartement-in-ruhiger-lage-im-golfresort\\\/\"]}]},{\"@type\":\"ImageObject\",\"inLanguage\":\"de\",\"@id\":\"https:\\\/\\\/www.sun-sure-estates.com\\\/de\\\/produkt\\\/appartement-in-ruhiger-lage-im-golfresort\\\/#primaryimage\",\"url\":\"https:\\\/\\\/www.sun-sure-estates.com\\\/wp-content\\\/uploads\\\/2020\\\/09\\\/1-108-scaled.jpg\",\"contentUrl\":\"https:\\\/\\\/www.sun-sure-estates.com\\\/wp-content\\\/uploads\\\/2020\\\/09\\\/1-108-scaled.jpg\",\"width\":2560,\"height\":1920},{\"@type\":\"BreadcrumbList\",\"@id\":\"https:\\\/\\\/www.sun-sure-estates.com\\\/de\\\/produkt\\\/appartement-in-ruhiger-lage-im-golfresort\\\/#breadcrumb\",\"itemListElement\":[{\"@type\":\"ListItem\",\"position\":1,\"name\":\"Home\",\"item\":\"https:\\\/\\\/www.sun-sure-estates.com\\\/de\\\/\"},{\"@type\":\"ListItem\",\"position\":2,\"name\":\"Shop\",\"item\":\"https:\\\/\\\/www.sun-sure-estates.com\\\/de\\\/shop\\\/\"},{\"@type\":\"ListItem\",\"position\":3,\"name\":\"Appartement in ruhiger Lage im Golfresort\"}]},{\"@type\":\"WebSite\",\"@id\":\"https:\\\/\\\/www.sun-sure-estates.com\\\/de\\\/#website\",\"url\":\"https:\\\/\\\/www.sun-sure-estates.com\\\/de\\\/\",\"name\":\"Sun Sure Estates\",\"description\":\"Beleggen of wonen in je eigen huis onder de zon\",\"potentialAction\":[{\"@type\":\"SearchAction\",\"target\":{\"@type\":\"EntryPoint\",\"urlTemplate\":\"https:\\\/\\\/www.sun-sure-estates.com\\\/de\\\/?s={search_term_string}\"},\"query-input\":{\"@type\":\"PropertyValueSpecification\",\"valueRequired\":true,\"valueName\":\"search_term_string\"}}],\"inLanguage\":\"de\"}]}<\/script>\n<!-- \/ Yoast SEO plugin. -->","yoast_head_json":{"title":"Appartement in ruhiger Lage im Golfresort - Sun Sure Estates","robots":{"index":"index","follow":"follow","max-snippet":"max-snippet:-1","max-image-preview":"max-image-preview:large","max-video-preview":"max-video-preview:-1"},"canonical":"https:\/\/www.sun-sure-estates.com\/de\/produkt\/appartement-in-ruhiger-lage-im-golfresort\/","og_locale":"de_DE","og_type":"article","og_title":"Appartement in ruhiger Lage im Golfresort - Sun Sure Estates","og_description":"Exklusive Gartenapartments im beliebten Golf-Resort \u201eLa Finca Golf\u201c an der Costa Blance Diese wunderbaren Gartenapartments befinden sich auf dem Grundst\u00fcck des Golf-Resorts \u201eLa Finca Golf\u201c, die im August 2002 Ihre Pforten \u00f6ffnete. Diese herrliche 18-Loch-Golfanlage wurde von dem renommierten spanischen Designer Pepe Gancedo entworfen, der zu den herausragenden Amateurspielern Spaniens geh\u00f6rte. Die Anlage verf\u00fcgt \u00fcber [&hellip;]","og_url":"https:\/\/www.sun-sure-estates.com\/de\/produkt\/appartement-in-ruhiger-lage-im-golfresort\/","og_site_name":"Sun Sure Estates","article_modified_time":"2021-04-13T18:52:05+00:00","og_image":[{"width":2560,"height":1920,"url":"https:\/\/www.sun-sure-estates.com\/wp-content\/uploads\/2020\/09\/1-108-scaled.jpg","type":"image\/jpeg"}],"twitter_card":"summary_large_image","twitter_misc":{"Gesch\u00e4tzte Lesezeit":"1\u00a0Minute"},"schema":{"@context":"https:\/\/schema.org","@graph":[{"@type":"WebPage","@id":"https:\/\/www.sun-sure-estates.com\/de\/produkt\/appartement-in-ruhiger-lage-im-golfresort\/","url":"https:\/\/www.sun-sure-estates.com\/de\/produkt\/appartement-in-ruhiger-lage-im-golfresort\/","name":"Appartement in ruhiger Lage im Golfresort - Sun Sure Estates","isPartOf":{"@id":"https:\/\/www.sun-sure-estates.com\/de\/#website"},"primaryImageOfPage":{"@id":"https:\/\/www.sun-sure-estates.com\/de\/produkt\/appartement-in-ruhiger-lage-im-golfresort\/#primaryimage"},"image":{"@id":"https:\/\/www.sun-sure-estates.com\/de\/produkt\/appartement-in-ruhiger-lage-im-golfresort\/#primaryimage"},"thumbnailUrl":"https:\/\/www.sun-sure-estates.com\/wp-content\/uploads\/2020\/09\/1-108-scaled.jpg","datePublished":"2020-09-06T09:06:53+00:00","dateModified":"2021-04-13T18:52:05+00:00","breadcrumb":{"@id":"https:\/\/www.sun-sure-estates.com\/de\/produkt\/appartement-in-ruhiger-lage-im-golfresort\/#breadcrumb"},"inLanguage":"de","potentialAction":[{"@type":"ReadAction","target":["https:\/\/www.sun-sure-estates.com\/de\/produkt\/appartement-in-ruhiger-lage-im-golfresort\/"]}]},{"@type":"ImageObject","inLanguage":"de","@id":"https:\/\/www.sun-sure-estates.com\/de\/produkt\/appartement-in-ruhiger-lage-im-golfresort\/#primaryimage","url":"https:\/\/www.sun-sure-estates.com\/wp-content\/uploads\/2020\/09\/1-108-scaled.jpg","contentUrl":"https:\/\/www.sun-sure-estates.com\/wp-content\/uploads\/2020\/09\/1-108-scaled.jpg","width":2560,"height":1920},{"@type":"BreadcrumbList","@id":"https:\/\/www.sun-sure-estates.com\/de\/produkt\/appartement-in-ruhiger-lage-im-golfresort\/#breadcrumb","itemListElement":[{"@type":"ListItem","position":1,"name":"Home","item":"https:\/\/www.sun-sure-estates.com\/de\/"},{"@type":"ListItem","position":2,"name":"Shop","item":"https:\/\/www.sun-sure-estates.com\/de\/shop\/"},{"@type":"ListItem","position":3,"name":"Appartement in ruhiger Lage im Golfresort"}]},{"@type":"WebSite","@id":"https:\/\/www.sun-sure-estates.com\/de\/#website","url":"https:\/\/www.sun-sure-estates.com\/de\/","name":"Sun Sure Estates","description":"Beleggen of wonen in je eigen huis onder de zon","potentialAction":[{"@type":"SearchAction","target":{"@type":"EntryPoint","urlTemplate":"https:\/\/www.sun-sure-estates.com\/de\/?s={search_term_string}"},"query-input":{"@type":"PropertyValueSpecification","valueRequired":true,"valueName":"search_term_string"}}],"inLanguage":"de"}]}},"_links":{"self":[{"href":"https:\/\/www.sun-sure-estates.com\/de\/wp-json\/wp\/v2\/product\/5774","targetHints":{"allow":["GET"]}}],"collection":[{"href":"https:\/\/www.sun-sure-estates.com\/de\/wp-json\/wp\/v2\/product"}],"about":[{"href":"https:\/\/www.sun-sure-estates.com\/de\/wp-json\/wp\/v2\/types\/product"}],"replies":[{"embeddable":true,"href":"https:\/\/www.sun-sure-estates.com\/de\/wp-json\/wp\/v2\/comments?post=5774"}],"wp:featuredmedia":[{"embeddable":true,"href":"https:\/\/www.sun-sure-estates.com\/de\/wp-json\/wp\/v2\/media\/5776"}],"wp:attachment":[{"href":"https:\/\/www.sun-sure-estates.com\/de\/wp-json\/wp\/v2\/media?parent=5774"}],"wp:term":[{"taxonomy":"product_brand","embeddable":true,"href":"https:\/\/www.sun-sure-estates.com\/de\/wp-json\/wp\/v2\/product_brand?post=5774"},{"taxonomy":"product_cat","embeddable":true,"href":"https:\/\/www.sun-sure-estates.com\/de\/wp-json\/wp\/v2\/product_cat?post=5774"},{"taxonomy":"product_tag","embeddable":true,"href":"https:\/\/www.sun-sure-estates.com\/de\/wp-json\/wp\/v2\/product_tag?post=5774"}],"curies":[{"name":"wp","href":"https:\/\/api.w.org\/{rel}","templated":true}]}}