{"id":5870,"date":"2020-12-23T17:29:21","date_gmt":"2021-04-13T18:43:08","guid":{"rendered":"https:\/\/www.sun-sure-estates.com\/?post_type=product&#038;p=5870"},"modified":"2021-04-13T20:43:44","modified_gmt":"2021-04-13T18:43:44","slug":"doppelhaushaelfte-mit-eigenem-garten","status":"publish","type":"product","link":"https:\/\/www.sun-sure-estates.com\/de\/produkt\/doppelhaushaelfte-mit-eigenem-garten\/","title":{"rendered":"Doppelhaush\u00e4lfte mit eigenem Garten"},"content":{"rendered":"<p>Doppelhaush\u00e4lften in wundersch\u00f6ner, nat\u00fcrlicher Umgebung in der N\u00e4he von Benidorm<\/p>\n<p>In einer geschlossenen Urbanisation nur etwa 45 Autominuten n\u00f6rdlich von Alicante gelegen werden diese wundersch\u00f6nen Doppelhaush\u00e4lften realisiert.\u00a0 An der sonnigen Costa Blanca gl\u00e4nzen die H\u00e4user mit eigenem Garten, Terrasse sowie Gemeinschaftsanlagen wie Sauna und beheiztem Swimmingpool mit Jacuzzi.<\/p>\n<p>Die H\u00e4user werden von au\u00dfen mit sch\u00f6nen Fliesen verkleidet.<\/p>\n<p>Das Erdgeschoss verf\u00fcgt \u00fcber Wohnzimmer, K\u00fcche mit Bar, Essbereich und Bad. Im Obergeschoss werden zwei Schlafzimmer mit jeweils einem Badezimmer \u201een-Suite\u201c erstellt. Die B\u00e4der werden mit Fu\u00dfbodenheizungen ausgestattet. Aus den Schlafzimmern ist der gro\u00dfz\u00fcgige Balkon zug\u00e4nglich.<\/p>\n<p>Bei Wahl eines Hauses mit 3 Schlafzimmern befindet sich das 3. Schlafzimmer im Erdgeschoss.<\/p>\n<p>\u00dcber eine Treppe ist die Dachterrasse erreichbar. Von hier aus l\u00e4sst sich ein traumhafter Blick auf die Berge, die Skyline von Benidorm sowie das Mittelmeer genie\u00dfen.<\/p>\n<p>Mit dem Auto erreichen Sie in nur ca. 5 Minuten den lokalen Markt sowie einen Supermarkt. Das beliebte Golf-Resort \u201eMeli\u00e1 Villaitana Golf\u201c liegt nur etwa 7 Minuten entfernt und Hafen und Strand von Benidorm nur etwa 15 Minuten.<\/p>\n","protected":false},"excerpt":{"rendered":"<p>Doppelhaush\u00e4lften in wundersch\u00f6ner, nat\u00fcrlicher Umgebung in der N\u00e4he von Benidorm In einer geschlossenen Urbanisation nur etwa 45 Autominuten n\u00f6rdlich von Alicante gelegen werden diese wundersch\u00f6nen Doppelhaush\u00e4lften realisiert.\u00a0 An der sonnigen Costa Blanca gl\u00e4nzen die H\u00e4user mit eigenem Garten, Terrasse sowie Gemeinschaftsanlagen wie Sauna und beheiztem Swimmingpool mit Jacuzzi. Die H\u00e4user werden von au\u00dfen mit sch\u00f6nen [&hellip;]<\/p>\n","protected":false},"featured_media":13270,"comment_status":"open","ping_status":"closed","template":"","meta":{"_acf_changed":false},"product_brand":[],"product_cat":[15],"product_tag":[],"class_list":{"0":"post-5870","1":"product","2":"type-product","3":"status-publish","4":"has-post-thumbnail","6":"province-alicante","7":"places-polop","8":"country-spanje","9":"region-costa-blanca","10":"product_cat-geen-categorie","12":"first","13":"instock","14":"shipping-taxable","15":"purchasable","16":"product-type-simple"},"acf":[],"yoast_head":"<!-- This site is optimized with the Yoast SEO plugin v27.4 - https:\/\/yoast.com\/product\/yoast-seo-wordpress\/ -->\n<title>Doppelhaush\u00e4lfte mit eigenem Garten - Sun Sure Estates<\/title>\n<meta name=\"robots\" content=\"index, follow, max-snippet:-1, max-image-preview:large, max-video-preview:-1\" \/>\n<link rel=\"canonical\" href=\"https:\/\/www.sun-sure-estates.com\/de\/produkt\/doppelhaushaelfte-mit-eigenem-garten\/\" \/>\n<meta property=\"og:locale\" content=\"de_DE\" \/>\n<meta property=\"og:type\" content=\"article\" \/>\n<meta property=\"og:title\" content=\"Doppelhaush\u00e4lfte mit eigenem Garten - Sun Sure Estates\" \/>\n<meta property=\"og:description\" content=\"Doppelhaush\u00e4lften in wundersch\u00f6ner, nat\u00fcrlicher Umgebung in der N\u00e4he von Benidorm In einer geschlossenen Urbanisation nur etwa 45 Autominuten n\u00f6rdlich von Alicante gelegen werden diese wundersch\u00f6nen Doppelhaush\u00e4lften realisiert.\u00a0 An der sonnigen Costa Blanca gl\u00e4nzen die H\u00e4user mit eigenem Garten, Terrasse sowie Gemeinschaftsanlagen wie Sauna und beheiztem Swimmingpool mit Jacuzzi. Die H\u00e4user werden von au\u00dfen mit sch\u00f6nen [&hellip;]\" \/>\n<meta property=\"og:url\" content=\"https:\/\/www.sun-sure-estates.com\/de\/produkt\/doppelhaushaelfte-mit-eigenem-garten\/\" \/>\n<meta property=\"og:site_name\" content=\"Sun Sure Estates\" \/>\n<meta property=\"article:modified_time\" content=\"2021-04-13T18:43:44+00:00\" \/>\n<meta property=\"og:image\" content=\"https:\/\/www.sun-sure-estates.com\/wp-content\/uploads\/2020\/12\/1.-Main-foto-Gereserveerd-1-scaled.jpg\" \/>\n\t<meta property=\"og:image:width\" content=\"2560\" \/>\n\t<meta property=\"og:image:height\" content=\"1700\" \/>\n\t<meta property=\"og:image:type\" content=\"image\/jpeg\" \/>\n<meta name=\"twitter:card\" content=\"summary_large_image\" \/>\n<meta name=\"twitter:label1\" content=\"Gesch\u00e4tzte Lesezeit\" \/>\n\t<meta name=\"twitter:data1\" content=\"1\u00a0Minute\" \/>\n<script type=\"application\/ld+json\" class=\"yoast-schema-graph\">{\"@context\":\"https:\\\/\\\/schema.org\",\"@graph\":[{\"@type\":\"WebPage\",\"@id\":\"https:\\\/\\\/www.sun-sure-estates.com\\\/de\\\/produkt\\\/doppelhaushaelfte-mit-eigenem-garten\\\/\",\"url\":\"https:\\\/\\\/www.sun-sure-estates.com\\\/de\\\/produkt\\\/doppelhaushaelfte-mit-eigenem-garten\\\/\",\"name\":\"Doppelhaush\u00e4lfte mit eigenem Garten - Sun Sure Estates\",\"isPartOf\":{\"@id\":\"https:\\\/\\\/www.sun-sure-estates.com\\\/de\\\/#website\"},\"primaryImageOfPage\":{\"@id\":\"https:\\\/\\\/www.sun-sure-estates.com\\\/de\\\/produkt\\\/doppelhaushaelfte-mit-eigenem-garten\\\/#primaryimage\"},\"image\":{\"@id\":\"https:\\\/\\\/www.sun-sure-estates.com\\\/de\\\/produkt\\\/doppelhaushaelfte-mit-eigenem-garten\\\/#primaryimage\"},\"thumbnailUrl\":\"https:\\\/\\\/www.sun-sure-estates.com\\\/wp-content\\\/uploads\\\/2020\\\/12\\\/1.-Main-foto-Gereserveerd-1-scaled.jpg\",\"datePublished\":\"2021-04-13T18:43:08+00:00\",\"dateModified\":\"2021-04-13T18:43:44+00:00\",\"breadcrumb\":{\"@id\":\"https:\\\/\\\/www.sun-sure-estates.com\\\/de\\\/produkt\\\/doppelhaushaelfte-mit-eigenem-garten\\\/#breadcrumb\"},\"inLanguage\":\"de\",\"potentialAction\":[{\"@type\":\"ReadAction\",\"target\":[\"https:\\\/\\\/www.sun-sure-estates.com\\\/de\\\/produkt\\\/doppelhaushaelfte-mit-eigenem-garten\\\/\"]}]},{\"@type\":\"ImageObject\",\"inLanguage\":\"de\",\"@id\":\"https:\\\/\\\/www.sun-sure-estates.com\\\/de\\\/produkt\\\/doppelhaushaelfte-mit-eigenem-garten\\\/#primaryimage\",\"url\":\"https:\\\/\\\/www.sun-sure-estates.com\\\/wp-content\\\/uploads\\\/2020\\\/12\\\/1.-Main-foto-Gereserveerd-1-scaled.jpg\",\"contentUrl\":\"https:\\\/\\\/www.sun-sure-estates.com\\\/wp-content\\\/uploads\\\/2020\\\/12\\\/1.-Main-foto-Gereserveerd-1-scaled.jpg\",\"width\":2560,\"height\":1700},{\"@type\":\"BreadcrumbList\",\"@id\":\"https:\\\/\\\/www.sun-sure-estates.com\\\/de\\\/produkt\\\/doppelhaushaelfte-mit-eigenem-garten\\\/#breadcrumb\",\"itemListElement\":[{\"@type\":\"ListItem\",\"position\":1,\"name\":\"Home\",\"item\":\"https:\\\/\\\/www.sun-sure-estates.com\\\/de\\\/\"},{\"@type\":\"ListItem\",\"position\":2,\"name\":\"Shop\",\"item\":\"https:\\\/\\\/www.sun-sure-estates.com\\\/de\\\/shop\\\/\"},{\"@type\":\"ListItem\",\"position\":3,\"name\":\"Doppelhaush\u00e4lfte mit eigenem Garten\"}]},{\"@type\":\"WebSite\",\"@id\":\"https:\\\/\\\/www.sun-sure-estates.com\\\/de\\\/#website\",\"url\":\"https:\\\/\\\/www.sun-sure-estates.com\\\/de\\\/\",\"name\":\"Sun Sure Estates\",\"description\":\"Beleggen of wonen in je eigen huis onder de zon\",\"potentialAction\":[{\"@type\":\"SearchAction\",\"target\":{\"@type\":\"EntryPoint\",\"urlTemplate\":\"https:\\\/\\\/www.sun-sure-estates.com\\\/de\\\/?s={search_term_string}\"},\"query-input\":{\"@type\":\"PropertyValueSpecification\",\"valueRequired\":true,\"valueName\":\"search_term_string\"}}],\"inLanguage\":\"de\"}]}<\/script>\n<!-- \/ Yoast SEO plugin. -->","yoast_head_json":{"title":"Doppelhaush\u00e4lfte mit eigenem Garten - Sun Sure Estates","robots":{"index":"index","follow":"follow","max-snippet":"max-snippet:-1","max-image-preview":"max-image-preview:large","max-video-preview":"max-video-preview:-1"},"canonical":"https:\/\/www.sun-sure-estates.com\/de\/produkt\/doppelhaushaelfte-mit-eigenem-garten\/","og_locale":"de_DE","og_type":"article","og_title":"Doppelhaush\u00e4lfte mit eigenem Garten - Sun Sure Estates","og_description":"Doppelhaush\u00e4lften in wundersch\u00f6ner, nat\u00fcrlicher Umgebung in der N\u00e4he von Benidorm In einer geschlossenen Urbanisation nur etwa 45 Autominuten n\u00f6rdlich von Alicante gelegen werden diese wundersch\u00f6nen Doppelhaush\u00e4lften realisiert.\u00a0 An der sonnigen Costa Blanca gl\u00e4nzen die H\u00e4user mit eigenem Garten, Terrasse sowie Gemeinschaftsanlagen wie Sauna und beheiztem Swimmingpool mit Jacuzzi. Die H\u00e4user werden von au\u00dfen mit sch\u00f6nen [&hellip;]","og_url":"https:\/\/www.sun-sure-estates.com\/de\/produkt\/doppelhaushaelfte-mit-eigenem-garten\/","og_site_name":"Sun Sure Estates","article_modified_time":"2021-04-13T18:43:44+00:00","og_image":[{"width":2560,"height":1700,"url":"https:\/\/www.sun-sure-estates.com\/wp-content\/uploads\/2020\/12\/1.-Main-foto-Gereserveerd-1-scaled.jpg","type":"image\/jpeg"}],"twitter_card":"summary_large_image","twitter_misc":{"Gesch\u00e4tzte Lesezeit":"1\u00a0Minute"},"schema":{"@context":"https:\/\/schema.org","@graph":[{"@type":"WebPage","@id":"https:\/\/www.sun-sure-estates.com\/de\/produkt\/doppelhaushaelfte-mit-eigenem-garten\/","url":"https:\/\/www.sun-sure-estates.com\/de\/produkt\/doppelhaushaelfte-mit-eigenem-garten\/","name":"Doppelhaush\u00e4lfte mit eigenem Garten - Sun Sure Estates","isPartOf":{"@id":"https:\/\/www.sun-sure-estates.com\/de\/#website"},"primaryImageOfPage":{"@id":"https:\/\/www.sun-sure-estates.com\/de\/produkt\/doppelhaushaelfte-mit-eigenem-garten\/#primaryimage"},"image":{"@id":"https:\/\/www.sun-sure-estates.com\/de\/produkt\/doppelhaushaelfte-mit-eigenem-garten\/#primaryimage"},"thumbnailUrl":"https:\/\/www.sun-sure-estates.com\/wp-content\/uploads\/2020\/12\/1.-Main-foto-Gereserveerd-1-scaled.jpg","datePublished":"2021-04-13T18:43:08+00:00","dateModified":"2021-04-13T18:43:44+00:00","breadcrumb":{"@id":"https:\/\/www.sun-sure-estates.com\/de\/produkt\/doppelhaushaelfte-mit-eigenem-garten\/#breadcrumb"},"inLanguage":"de","potentialAction":[{"@type":"ReadAction","target":["https:\/\/www.sun-sure-estates.com\/de\/produkt\/doppelhaushaelfte-mit-eigenem-garten\/"]}]},{"@type":"ImageObject","inLanguage":"de","@id":"https:\/\/www.sun-sure-estates.com\/de\/produkt\/doppelhaushaelfte-mit-eigenem-garten\/#primaryimage","url":"https:\/\/www.sun-sure-estates.com\/wp-content\/uploads\/2020\/12\/1.-Main-foto-Gereserveerd-1-scaled.jpg","contentUrl":"https:\/\/www.sun-sure-estates.com\/wp-content\/uploads\/2020\/12\/1.-Main-foto-Gereserveerd-1-scaled.jpg","width":2560,"height":1700},{"@type":"BreadcrumbList","@id":"https:\/\/www.sun-sure-estates.com\/de\/produkt\/doppelhaushaelfte-mit-eigenem-garten\/#breadcrumb","itemListElement":[{"@type":"ListItem","position":1,"name":"Home","item":"https:\/\/www.sun-sure-estates.com\/de\/"},{"@type":"ListItem","position":2,"name":"Shop","item":"https:\/\/www.sun-sure-estates.com\/de\/shop\/"},{"@type":"ListItem","position":3,"name":"Doppelhaush\u00e4lfte mit eigenem Garten"}]},{"@type":"WebSite","@id":"https:\/\/www.sun-sure-estates.com\/de\/#website","url":"https:\/\/www.sun-sure-estates.com\/de\/","name":"Sun Sure Estates","description":"Beleggen of wonen in je eigen huis onder de zon","potentialAction":[{"@type":"SearchAction","target":{"@type":"EntryPoint","urlTemplate":"https:\/\/www.sun-sure-estates.com\/de\/?s={search_term_string}"},"query-input":{"@type":"PropertyValueSpecification","valueRequired":true,"valueName":"search_term_string"}}],"inLanguage":"de"}]}},"_links":{"self":[{"href":"https:\/\/www.sun-sure-estates.com\/de\/wp-json\/wp\/v2\/product\/5870","targetHints":{"allow":["GET"]}}],"collection":[{"href":"https:\/\/www.sun-sure-estates.com\/de\/wp-json\/wp\/v2\/product"}],"about":[{"href":"https:\/\/www.sun-sure-estates.com\/de\/wp-json\/wp\/v2\/types\/product"}],"replies":[{"embeddable":true,"href":"https:\/\/www.sun-sure-estates.com\/de\/wp-json\/wp\/v2\/comments?post=5870"}],"wp:featuredmedia":[{"embeddable":true,"href":"https:\/\/www.sun-sure-estates.com\/de\/wp-json\/wp\/v2\/media\/13270"}],"wp:attachment":[{"href":"https:\/\/www.sun-sure-estates.com\/de\/wp-json\/wp\/v2\/media?parent=5870"}],"wp:term":[{"taxonomy":"product_brand","embeddable":true,"href":"https:\/\/www.sun-sure-estates.com\/de\/wp-json\/wp\/v2\/product_brand?post=5870"},{"taxonomy":"product_cat","embeddable":true,"href":"https:\/\/www.sun-sure-estates.com\/de\/wp-json\/wp\/v2\/product_cat?post=5870"},{"taxonomy":"product_tag","embeddable":true,"href":"https:\/\/www.sun-sure-estates.com\/de\/wp-json\/wp\/v2\/product_tag?post=5870"}],"curies":[{"name":"wp","href":"https:\/\/api.w.org\/{rel}","templated":true}]}}