{"id":5903,"date":"2020-09-04T16:43:42","date_gmt":"2021-04-13T20:00:21","guid":{"rendered":"https:\/\/www.sun-sure-estates.com\/?post_type=product&#038;p=5903"},"modified":"2021-04-13T22:00:22","modified_gmt":"2021-04-13T20:00:22","slug":"moderne-villa-in-einzigartiger-lage-mit-meerblick","status":"publish","type":"product","link":"https:\/\/www.sun-sure-estates.com\/de\/produkt\/moderne-villa-in-einzigartiger-lage-mit-meerblick\/","title":{"rendered":"Moderne Villa in einzigartiger Lage mit Meerblick"},"content":{"rendered":"<p>Design, Komfort und Luxus erwarten Sie in diesen wundersch\u00f6nen Villen mit traumhafter Aussicht<\/p>\n<p>Inmitten der sonnigen Region der Costa Blanca am Mittelmeer werden moderne Villen auf gro\u00dfen Grundst\u00fccken nur etwa 800 Meter vom Golf-Resort \u201ePuig Campana\u201c erbaut.<\/p>\n<p>Diese Villen liegen in einem bewaldeten und h\u00fcgeligen Gebiet in der N\u00e4he der Stadt Finestrat nur etwa 10 Fahrminuten von Benidorm und La Villa Joiosa entfernt. Ein Einkaufszentrum mit Supermarkt, Apotheke und Restaurants befindet sich nur etwa 5 Fahrminuten mit dem Auto entfernt.<\/p>\n<p>Genie\u00dfen Sie das Leben in diesen traumhaften H\u00e4usern mit Blick auf die Natur, Benidorm und die Umgebung in einem der ges\u00fcndesten Klimas Europas mit Strand, Sonne, Kultur und gutem Essen.<\/p>\n<p>Die H\u00e4user werden mit hochwertigen Materialien erstellt. Die Raumaufteilung umfasst ein Wohnzimmer, eine K\u00fcche, einen Essbereich, 3 Schlafzimmer und 3 Badezimmer. Ein gro\u00dfz\u00fcgiger, landschaftlich angelegter Garten mit Infinity-Pool runden das Angebot ab.<\/p>\n","protected":false},"excerpt":{"rendered":"<p>Design, Komfort und Luxus erwarten Sie in diesen wundersch\u00f6nen Villen mit traumhafter Aussicht Inmitten der sonnigen Region der Costa Blanca am Mittelmeer werden moderne Villen auf gro\u00dfen Grundst\u00fccken nur etwa 800 Meter vom Golf-Resort \u201ePuig Campana\u201c erbaut. Diese Villen liegen in einem bewaldeten und h\u00fcgeligen Gebiet in der N\u00e4he der Stadt Finestrat nur etwa 10 [&hellip;]<\/p>\n","protected":false},"featured_media":9674,"comment_status":"open","ping_status":"closed","template":"","meta":{"_acf_changed":false},"product_brand":[],"product_cat":[15],"product_tag":[],"class_list":{"0":"post-5903","1":"product","2":"type-product","3":"status-publish","4":"has-post-thumbnail","6":"province-alicante","7":"places-finestrat","8":"country-spanje","9":"region-costa-blanca","10":"product_cat-geen-categorie","12":"first","13":"instock","14":"shipping-taxable","15":"purchasable","16":"product-type-simple"},"acf":[],"yoast_head":"<!-- This site is optimized with the Yoast SEO plugin v27.4 - https:\/\/yoast.com\/product\/yoast-seo-wordpress\/ -->\n<title>Moderne Villa in einzigartiger Lage mit Meerblick - Sun Sure Estates<\/title>\n<meta name=\"robots\" content=\"index, follow, max-snippet:-1, max-image-preview:large, max-video-preview:-1\" \/>\n<link rel=\"canonical\" href=\"https:\/\/www.sun-sure-estates.com\/de\/produkt\/moderne-villa-in-einzigartiger-lage-mit-meerblick\/\" \/>\n<meta property=\"og:locale\" content=\"de_DE\" \/>\n<meta property=\"og:type\" content=\"article\" \/>\n<meta property=\"og:title\" content=\"Moderne Villa in einzigartiger Lage mit Meerblick - Sun Sure Estates\" \/>\n<meta property=\"og:description\" content=\"Design, Komfort und Luxus erwarten Sie in diesen wundersch\u00f6nen Villen mit traumhafter Aussicht Inmitten der sonnigen Region der Costa Blanca am Mittelmeer werden moderne Villen auf gro\u00dfen Grundst\u00fccken nur etwa 800 Meter vom Golf-Resort \u201ePuig Campana\u201c erbaut. Diese Villen liegen in einem bewaldeten und h\u00fcgeligen Gebiet in der N\u00e4he der Stadt Finestrat nur etwa 10 [&hellip;]\" \/>\n<meta property=\"og:url\" content=\"https:\/\/www.sun-sure-estates.com\/de\/produkt\/moderne-villa-in-einzigartiger-lage-mit-meerblick\/\" \/>\n<meta property=\"og:site_name\" content=\"Sun Sure Estates\" \/>\n<meta property=\"article:modified_time\" content=\"2021-04-13T20:00:22+00:00\" \/>\n<meta property=\"og:image\" content=\"https:\/\/www.sun-sure-estates.com\/wp-content\/uploads\/2020\/09\/1-Sold.jpg\" \/>\n\t<meta property=\"og:image:width\" content=\"1200\" \/>\n\t<meta property=\"og:image:height\" content=\"825\" \/>\n\t<meta property=\"og:image:type\" content=\"image\/jpeg\" \/>\n<meta name=\"twitter:card\" content=\"summary_large_image\" \/>\n<meta name=\"twitter:label1\" content=\"Gesch\u00e4tzte Lesezeit\" \/>\n\t<meta name=\"twitter:data1\" content=\"1\u00a0Minute\" \/>\n<script type=\"application\/ld+json\" class=\"yoast-schema-graph\">{\"@context\":\"https:\\\/\\\/schema.org\",\"@graph\":[{\"@type\":\"WebPage\",\"@id\":\"https:\\\/\\\/www.sun-sure-estates.com\\\/de\\\/produkt\\\/moderne-villa-in-einzigartiger-lage-mit-meerblick\\\/\",\"url\":\"https:\\\/\\\/www.sun-sure-estates.com\\\/de\\\/produkt\\\/moderne-villa-in-einzigartiger-lage-mit-meerblick\\\/\",\"name\":\"Moderne Villa in einzigartiger Lage mit Meerblick - Sun Sure Estates\",\"isPartOf\":{\"@id\":\"https:\\\/\\\/www.sun-sure-estates.com\\\/de\\\/#website\"},\"primaryImageOfPage\":{\"@id\":\"https:\\\/\\\/www.sun-sure-estates.com\\\/de\\\/produkt\\\/moderne-villa-in-einzigartiger-lage-mit-meerblick\\\/#primaryimage\"},\"image\":{\"@id\":\"https:\\\/\\\/www.sun-sure-estates.com\\\/de\\\/produkt\\\/moderne-villa-in-einzigartiger-lage-mit-meerblick\\\/#primaryimage\"},\"thumbnailUrl\":\"https:\\\/\\\/www.sun-sure-estates.com\\\/wp-content\\\/uploads\\\/2020\\\/09\\\/1-Sold.jpg\",\"datePublished\":\"2021-04-13T20:00:21+00:00\",\"dateModified\":\"2021-04-13T20:00:22+00:00\",\"breadcrumb\":{\"@id\":\"https:\\\/\\\/www.sun-sure-estates.com\\\/de\\\/produkt\\\/moderne-villa-in-einzigartiger-lage-mit-meerblick\\\/#breadcrumb\"},\"inLanguage\":\"de\",\"potentialAction\":[{\"@type\":\"ReadAction\",\"target\":[\"https:\\\/\\\/www.sun-sure-estates.com\\\/de\\\/produkt\\\/moderne-villa-in-einzigartiger-lage-mit-meerblick\\\/\"]}]},{\"@type\":\"ImageObject\",\"inLanguage\":\"de\",\"@id\":\"https:\\\/\\\/www.sun-sure-estates.com\\\/de\\\/produkt\\\/moderne-villa-in-einzigartiger-lage-mit-meerblick\\\/#primaryimage\",\"url\":\"https:\\\/\\\/www.sun-sure-estates.com\\\/wp-content\\\/uploads\\\/2020\\\/09\\\/1-Sold.jpg\",\"contentUrl\":\"https:\\\/\\\/www.sun-sure-estates.com\\\/wp-content\\\/uploads\\\/2020\\\/09\\\/1-Sold.jpg\",\"width\":1200,\"height\":825},{\"@type\":\"BreadcrumbList\",\"@id\":\"https:\\\/\\\/www.sun-sure-estates.com\\\/de\\\/produkt\\\/moderne-villa-in-einzigartiger-lage-mit-meerblick\\\/#breadcrumb\",\"itemListElement\":[{\"@type\":\"ListItem\",\"position\":1,\"name\":\"Home\",\"item\":\"https:\\\/\\\/www.sun-sure-estates.com\\\/de\\\/\"},{\"@type\":\"ListItem\",\"position\":2,\"name\":\"Shop\",\"item\":\"https:\\\/\\\/www.sun-sure-estates.com\\\/de\\\/shop\\\/\"},{\"@type\":\"ListItem\",\"position\":3,\"name\":\"Moderne Villa in einzigartiger Lage mit Meerblick\"}]},{\"@type\":\"WebSite\",\"@id\":\"https:\\\/\\\/www.sun-sure-estates.com\\\/de\\\/#website\",\"url\":\"https:\\\/\\\/www.sun-sure-estates.com\\\/de\\\/\",\"name\":\"Sun Sure Estates\",\"description\":\"Beleggen of wonen in je eigen huis onder de zon\",\"potentialAction\":[{\"@type\":\"SearchAction\",\"target\":{\"@type\":\"EntryPoint\",\"urlTemplate\":\"https:\\\/\\\/www.sun-sure-estates.com\\\/de\\\/?s={search_term_string}\"},\"query-input\":{\"@type\":\"PropertyValueSpecification\",\"valueRequired\":true,\"valueName\":\"search_term_string\"}}],\"inLanguage\":\"de\"}]}<\/script>\n<!-- \/ Yoast SEO plugin. -->","yoast_head_json":{"title":"Moderne Villa in einzigartiger Lage mit Meerblick - Sun Sure Estates","robots":{"index":"index","follow":"follow","max-snippet":"max-snippet:-1","max-image-preview":"max-image-preview:large","max-video-preview":"max-video-preview:-1"},"canonical":"https:\/\/www.sun-sure-estates.com\/de\/produkt\/moderne-villa-in-einzigartiger-lage-mit-meerblick\/","og_locale":"de_DE","og_type":"article","og_title":"Moderne Villa in einzigartiger Lage mit Meerblick - Sun Sure Estates","og_description":"Design, Komfort und Luxus erwarten Sie in diesen wundersch\u00f6nen Villen mit traumhafter Aussicht Inmitten der sonnigen Region der Costa Blanca am Mittelmeer werden moderne Villen auf gro\u00dfen Grundst\u00fccken nur etwa 800 Meter vom Golf-Resort \u201ePuig Campana\u201c erbaut. Diese Villen liegen in einem bewaldeten und h\u00fcgeligen Gebiet in der N\u00e4he der Stadt Finestrat nur etwa 10 [&hellip;]","og_url":"https:\/\/www.sun-sure-estates.com\/de\/produkt\/moderne-villa-in-einzigartiger-lage-mit-meerblick\/","og_site_name":"Sun Sure Estates","article_modified_time":"2021-04-13T20:00:22+00:00","og_image":[{"width":1200,"height":825,"url":"https:\/\/www.sun-sure-estates.com\/wp-content\/uploads\/2020\/09\/1-Sold.jpg","type":"image\/jpeg"}],"twitter_card":"summary_large_image","twitter_misc":{"Gesch\u00e4tzte Lesezeit":"1\u00a0Minute"},"schema":{"@context":"https:\/\/schema.org","@graph":[{"@type":"WebPage","@id":"https:\/\/www.sun-sure-estates.com\/de\/produkt\/moderne-villa-in-einzigartiger-lage-mit-meerblick\/","url":"https:\/\/www.sun-sure-estates.com\/de\/produkt\/moderne-villa-in-einzigartiger-lage-mit-meerblick\/","name":"Moderne Villa in einzigartiger Lage mit Meerblick - Sun Sure Estates","isPartOf":{"@id":"https:\/\/www.sun-sure-estates.com\/de\/#website"},"primaryImageOfPage":{"@id":"https:\/\/www.sun-sure-estates.com\/de\/produkt\/moderne-villa-in-einzigartiger-lage-mit-meerblick\/#primaryimage"},"image":{"@id":"https:\/\/www.sun-sure-estates.com\/de\/produkt\/moderne-villa-in-einzigartiger-lage-mit-meerblick\/#primaryimage"},"thumbnailUrl":"https:\/\/www.sun-sure-estates.com\/wp-content\/uploads\/2020\/09\/1-Sold.jpg","datePublished":"2021-04-13T20:00:21+00:00","dateModified":"2021-04-13T20:00:22+00:00","breadcrumb":{"@id":"https:\/\/www.sun-sure-estates.com\/de\/produkt\/moderne-villa-in-einzigartiger-lage-mit-meerblick\/#breadcrumb"},"inLanguage":"de","potentialAction":[{"@type":"ReadAction","target":["https:\/\/www.sun-sure-estates.com\/de\/produkt\/moderne-villa-in-einzigartiger-lage-mit-meerblick\/"]}]},{"@type":"ImageObject","inLanguage":"de","@id":"https:\/\/www.sun-sure-estates.com\/de\/produkt\/moderne-villa-in-einzigartiger-lage-mit-meerblick\/#primaryimage","url":"https:\/\/www.sun-sure-estates.com\/wp-content\/uploads\/2020\/09\/1-Sold.jpg","contentUrl":"https:\/\/www.sun-sure-estates.com\/wp-content\/uploads\/2020\/09\/1-Sold.jpg","width":1200,"height":825},{"@type":"BreadcrumbList","@id":"https:\/\/www.sun-sure-estates.com\/de\/produkt\/moderne-villa-in-einzigartiger-lage-mit-meerblick\/#breadcrumb","itemListElement":[{"@type":"ListItem","position":1,"name":"Home","item":"https:\/\/www.sun-sure-estates.com\/de\/"},{"@type":"ListItem","position":2,"name":"Shop","item":"https:\/\/www.sun-sure-estates.com\/de\/shop\/"},{"@type":"ListItem","position":3,"name":"Moderne Villa in einzigartiger Lage mit Meerblick"}]},{"@type":"WebSite","@id":"https:\/\/www.sun-sure-estates.com\/de\/#website","url":"https:\/\/www.sun-sure-estates.com\/de\/","name":"Sun Sure Estates","description":"Beleggen of wonen in je eigen huis onder de zon","potentialAction":[{"@type":"SearchAction","target":{"@type":"EntryPoint","urlTemplate":"https:\/\/www.sun-sure-estates.com\/de\/?s={search_term_string}"},"query-input":{"@type":"PropertyValueSpecification","valueRequired":true,"valueName":"search_term_string"}}],"inLanguage":"de"}]}},"_links":{"self":[{"href":"https:\/\/www.sun-sure-estates.com\/de\/wp-json\/wp\/v2\/product\/5903","targetHints":{"allow":["GET"]}}],"collection":[{"href":"https:\/\/www.sun-sure-estates.com\/de\/wp-json\/wp\/v2\/product"}],"about":[{"href":"https:\/\/www.sun-sure-estates.com\/de\/wp-json\/wp\/v2\/types\/product"}],"replies":[{"embeddable":true,"href":"https:\/\/www.sun-sure-estates.com\/de\/wp-json\/wp\/v2\/comments?post=5903"}],"wp:featuredmedia":[{"embeddable":true,"href":"https:\/\/www.sun-sure-estates.com\/de\/wp-json\/wp\/v2\/media\/9674"}],"wp:attachment":[{"href":"https:\/\/www.sun-sure-estates.com\/de\/wp-json\/wp\/v2\/media?parent=5903"}],"wp:term":[{"taxonomy":"product_brand","embeddable":true,"href":"https:\/\/www.sun-sure-estates.com\/de\/wp-json\/wp\/v2\/product_brand?post=5903"},{"taxonomy":"product_cat","embeddable":true,"href":"https:\/\/www.sun-sure-estates.com\/de\/wp-json\/wp\/v2\/product_cat?post=5903"},{"taxonomy":"product_tag","embeddable":true,"href":"https:\/\/www.sun-sure-estates.com\/de\/wp-json\/wp\/v2\/product_tag?post=5903"}],"curies":[{"name":"wp","href":"https:\/\/api.w.org\/{rel}","templated":true}]}}