{"id":6265,"date":"2020-09-04T12:52:50","date_gmt":"2021-04-13T20:01:04","guid":{"rendered":"https:\/\/www.sun-sure-estates.com\/?post_type=product&#038;p=6265"},"modified":"2021-04-13T22:01:05","modified_gmt":"2021-04-13T20:01:05","slug":"schoene-anlage-300-meter-vom-meer-entfernt","status":"publish","type":"product","link":"https:\/\/www.sun-sure-estates.com\/de\/produkt\/schoene-anlage-300-meter-vom-meer-entfernt\/","title":{"rendered":"Sch\u00f6ne Anlage 300 Meter vom Meer entfernt"},"content":{"rendered":"<p>Ankommen auf der Sonnenseite<\/p>\n<p>Inmitten der sonnenreichen Region der Costa Blanca werden in fu\u00dfl\u00e4ufiger Entfernung zum Mittelmeer entsteht eine sch\u00f6ne Wohnanlage mit Apartments und Penthouse-Wohnungen mit 2 oder 3 Schlafzimmern erbaut.<\/p>\n<p>Die Erdgeschosswohnungen erhalten einen Vorgarten mit Stellplatz und einen Hinterhof.<\/p>\n<p>Die Wohnungen im 1. Obergeschoss erhalten gro\u00dfe Balkone auf zwei Seiten mit tollem Meerblick.<\/p>\n<p>Die Penthouse-Wohnungen im 2. Obergeschoss werden mit einer Sonnenterrasse mit fantastischer Aussicht (auch dank der niedrigen Bauweise der umgebenden Geb\u00e4ude an diesem Badeort) erstellt.<\/p>\n<p>Die weitl\u00e4ufige und geschlossene Urbanisation im Badeort Mil Palmeras mit Promenade und Radwegen ist umgeben von einer Parklandschaft mit B\u00e4nken und viel Platz zum Spielen. In fu\u00dfl\u00e4ufiger Entfernung laden alte Strandh\u00e4user und Stra\u00dfen mit gem\u00fctlichen Restaurants zum Flanieren und Verweilen ein. Das Herz Golfbegeisterter Personen wird auflachen, da sich in der n\u00e4heren Umgebung gleich drei verschiedene Golf-Resorts befinden und zum Spiel einladen.<\/p>\n<p>Nur etwa 50 Minuten vom Flughafen El Altet, Alicante entfernt\u00a0 befinden sich diese luxuri\u00f6sen Wohnungen, die die Basis sein k\u00f6nnen um das spanische Leben mit Sonne, Strand, Kultur und landestypischer K\u00fcche in einem der ges\u00fcndesten Klimas Europas zu erleben.Sch\u00f6ne Anlage 300 Meter vom Meer entfernt<\/p>\n","protected":false},"excerpt":{"rendered":"<p>Ankommen auf der Sonnenseite Inmitten der sonnenreichen Region der Costa Blanca werden in fu\u00dfl\u00e4ufiger Entfernung zum Mittelmeer entsteht eine sch\u00f6ne Wohnanlage mit Apartments und Penthouse-Wohnungen mit 2 oder 3 Schlafzimmern erbaut. Die Erdgeschosswohnungen erhalten einen Vorgarten mit Stellplatz und einen Hinterhof. Die Wohnungen im 1. Obergeschoss erhalten gro\u00dfe Balkone auf zwei Seiten mit tollem Meerblick. [&hellip;]<\/p>\n","protected":false},"featured_media":12195,"comment_status":"open","ping_status":"closed","template":"","meta":{"_acf_changed":false},"product_brand":[],"product_cat":[15],"product_tag":[],"class_list":{"0":"post-6265","1":"product","2":"type-product","3":"status-publish","4":"has-post-thumbnail","6":"province-alicante","7":"places-mil-palmeras","8":"country-spanje","9":"region-costa-blanca","10":"product_cat-geen-categorie","12":"first","13":"instock","14":"shipping-taxable","15":"purchasable","16":"product-type-simple"},"acf":[],"yoast_head":"<!-- This site is optimized with the Yoast SEO plugin v27.4 - https:\/\/yoast.com\/product\/yoast-seo-wordpress\/ -->\n<title>Sch\u00f6ne Anlage 300 Meter vom Meer entfernt - Sun Sure Estates<\/title>\n<meta name=\"robots\" content=\"index, follow, max-snippet:-1, max-image-preview:large, max-video-preview:-1\" \/>\n<link rel=\"canonical\" href=\"https:\/\/www.sun-sure-estates.com\/de\/produkt\/schoene-anlage-300-meter-vom-meer-entfernt\/\" \/>\n<meta property=\"og:locale\" content=\"de_DE\" \/>\n<meta property=\"og:type\" content=\"article\" \/>\n<meta property=\"og:title\" content=\"Sch\u00f6ne Anlage 300 Meter vom Meer entfernt - Sun Sure Estates\" \/>\n<meta property=\"og:description\" content=\"Ankommen auf der Sonnenseite Inmitten der sonnenreichen Region der Costa Blanca werden in fu\u00dfl\u00e4ufiger Entfernung zum Mittelmeer entsteht eine sch\u00f6ne Wohnanlage mit Apartments und Penthouse-Wohnungen mit 2 oder 3 Schlafzimmern erbaut. Die Erdgeschosswohnungen erhalten einen Vorgarten mit Stellplatz und einen Hinterhof. Die Wohnungen im 1. Obergeschoss erhalten gro\u00dfe Balkone auf zwei Seiten mit tollem Meerblick. [&hellip;]\" \/>\n<meta property=\"og:url\" content=\"https:\/\/www.sun-sure-estates.com\/de\/produkt\/schoene-anlage-300-meter-vom-meer-entfernt\/\" \/>\n<meta property=\"og:site_name\" content=\"Sun Sure Estates\" \/>\n<meta property=\"article:modified_time\" content=\"2021-04-13T20:01:05+00:00\" \/>\n<meta property=\"og:image\" content=\"https:\/\/www.sun-sure-estates.com\/wp-content\/uploads\/2020\/09\/2.-Sold-scaled.jpg\" \/>\n\t<meta property=\"og:image:width\" content=\"2560\" \/>\n\t<meta property=\"og:image:height\" content=\"2050\" \/>\n\t<meta property=\"og:image:type\" content=\"image\/jpeg\" \/>\n<meta name=\"twitter:card\" content=\"summary_large_image\" \/>\n<meta name=\"twitter:label1\" content=\"Gesch\u00e4tzte Lesezeit\" \/>\n\t<meta name=\"twitter:data1\" content=\"1\u00a0Minute\" \/>\n<script type=\"application\/ld+json\" class=\"yoast-schema-graph\">{\"@context\":\"https:\\\/\\\/schema.org\",\"@graph\":[{\"@type\":\"WebPage\",\"@id\":\"https:\\\/\\\/www.sun-sure-estates.com\\\/de\\\/produkt\\\/schoene-anlage-300-meter-vom-meer-entfernt\\\/\",\"url\":\"https:\\\/\\\/www.sun-sure-estates.com\\\/de\\\/produkt\\\/schoene-anlage-300-meter-vom-meer-entfernt\\\/\",\"name\":\"Sch\u00f6ne Anlage 300 Meter vom Meer entfernt - Sun Sure Estates\",\"isPartOf\":{\"@id\":\"https:\\\/\\\/www.sun-sure-estates.com\\\/de\\\/#website\"},\"primaryImageOfPage\":{\"@id\":\"https:\\\/\\\/www.sun-sure-estates.com\\\/de\\\/produkt\\\/schoene-anlage-300-meter-vom-meer-entfernt\\\/#primaryimage\"},\"image\":{\"@id\":\"https:\\\/\\\/www.sun-sure-estates.com\\\/de\\\/produkt\\\/schoene-anlage-300-meter-vom-meer-entfernt\\\/#primaryimage\"},\"thumbnailUrl\":\"https:\\\/\\\/www.sun-sure-estates.com\\\/wp-content\\\/uploads\\\/2020\\\/09\\\/2.-Sold-scaled.jpg\",\"datePublished\":\"2021-04-13T20:01:04+00:00\",\"dateModified\":\"2021-04-13T20:01:05+00:00\",\"breadcrumb\":{\"@id\":\"https:\\\/\\\/www.sun-sure-estates.com\\\/de\\\/produkt\\\/schoene-anlage-300-meter-vom-meer-entfernt\\\/#breadcrumb\"},\"inLanguage\":\"de\",\"potentialAction\":[{\"@type\":\"ReadAction\",\"target\":[\"https:\\\/\\\/www.sun-sure-estates.com\\\/de\\\/produkt\\\/schoene-anlage-300-meter-vom-meer-entfernt\\\/\"]}]},{\"@type\":\"ImageObject\",\"inLanguage\":\"de\",\"@id\":\"https:\\\/\\\/www.sun-sure-estates.com\\\/de\\\/produkt\\\/schoene-anlage-300-meter-vom-meer-entfernt\\\/#primaryimage\",\"url\":\"https:\\\/\\\/www.sun-sure-estates.com\\\/wp-content\\\/uploads\\\/2020\\\/09\\\/2.-Sold-scaled.jpg\",\"contentUrl\":\"https:\\\/\\\/www.sun-sure-estates.com\\\/wp-content\\\/uploads\\\/2020\\\/09\\\/2.-Sold-scaled.jpg\",\"width\":2560,\"height\":2050},{\"@type\":\"BreadcrumbList\",\"@id\":\"https:\\\/\\\/www.sun-sure-estates.com\\\/de\\\/produkt\\\/schoene-anlage-300-meter-vom-meer-entfernt\\\/#breadcrumb\",\"itemListElement\":[{\"@type\":\"ListItem\",\"position\":1,\"name\":\"Home\",\"item\":\"https:\\\/\\\/www.sun-sure-estates.com\\\/de\\\/\"},{\"@type\":\"ListItem\",\"position\":2,\"name\":\"Shop\",\"item\":\"https:\\\/\\\/www.sun-sure-estates.com\\\/de\\\/shop\\\/\"},{\"@type\":\"ListItem\",\"position\":3,\"name\":\"Sch\u00f6ne Anlage 300 Meter vom Meer entfernt\"}]},{\"@type\":\"WebSite\",\"@id\":\"https:\\\/\\\/www.sun-sure-estates.com\\\/de\\\/#website\",\"url\":\"https:\\\/\\\/www.sun-sure-estates.com\\\/de\\\/\",\"name\":\"Sun Sure Estates\",\"description\":\"Beleggen of wonen in je eigen huis onder de zon\",\"potentialAction\":[{\"@type\":\"SearchAction\",\"target\":{\"@type\":\"EntryPoint\",\"urlTemplate\":\"https:\\\/\\\/www.sun-sure-estates.com\\\/de\\\/?s={search_term_string}\"},\"query-input\":{\"@type\":\"PropertyValueSpecification\",\"valueRequired\":true,\"valueName\":\"search_term_string\"}}],\"inLanguage\":\"de\"}]}<\/script>\n<!-- \/ Yoast SEO plugin. -->","yoast_head_json":{"title":"Sch\u00f6ne Anlage 300 Meter vom Meer entfernt - Sun Sure Estates","robots":{"index":"index","follow":"follow","max-snippet":"max-snippet:-1","max-image-preview":"max-image-preview:large","max-video-preview":"max-video-preview:-1"},"canonical":"https:\/\/www.sun-sure-estates.com\/de\/produkt\/schoene-anlage-300-meter-vom-meer-entfernt\/","og_locale":"de_DE","og_type":"article","og_title":"Sch\u00f6ne Anlage 300 Meter vom Meer entfernt - Sun Sure Estates","og_description":"Ankommen auf der Sonnenseite Inmitten der sonnenreichen Region der Costa Blanca werden in fu\u00dfl\u00e4ufiger Entfernung zum Mittelmeer entsteht eine sch\u00f6ne Wohnanlage mit Apartments und Penthouse-Wohnungen mit 2 oder 3 Schlafzimmern erbaut. Die Erdgeschosswohnungen erhalten einen Vorgarten mit Stellplatz und einen Hinterhof. Die Wohnungen im 1. Obergeschoss erhalten gro\u00dfe Balkone auf zwei Seiten mit tollem Meerblick. [&hellip;]","og_url":"https:\/\/www.sun-sure-estates.com\/de\/produkt\/schoene-anlage-300-meter-vom-meer-entfernt\/","og_site_name":"Sun Sure Estates","article_modified_time":"2021-04-13T20:01:05+00:00","og_image":[{"width":2560,"height":2050,"url":"https:\/\/www.sun-sure-estates.com\/wp-content\/uploads\/2020\/09\/2.-Sold-scaled.jpg","type":"image\/jpeg"}],"twitter_card":"summary_large_image","twitter_misc":{"Gesch\u00e4tzte Lesezeit":"1\u00a0Minute"},"schema":{"@context":"https:\/\/schema.org","@graph":[{"@type":"WebPage","@id":"https:\/\/www.sun-sure-estates.com\/de\/produkt\/schoene-anlage-300-meter-vom-meer-entfernt\/","url":"https:\/\/www.sun-sure-estates.com\/de\/produkt\/schoene-anlage-300-meter-vom-meer-entfernt\/","name":"Sch\u00f6ne Anlage 300 Meter vom Meer entfernt - Sun Sure Estates","isPartOf":{"@id":"https:\/\/www.sun-sure-estates.com\/de\/#website"},"primaryImageOfPage":{"@id":"https:\/\/www.sun-sure-estates.com\/de\/produkt\/schoene-anlage-300-meter-vom-meer-entfernt\/#primaryimage"},"image":{"@id":"https:\/\/www.sun-sure-estates.com\/de\/produkt\/schoene-anlage-300-meter-vom-meer-entfernt\/#primaryimage"},"thumbnailUrl":"https:\/\/www.sun-sure-estates.com\/wp-content\/uploads\/2020\/09\/2.-Sold-scaled.jpg","datePublished":"2021-04-13T20:01:04+00:00","dateModified":"2021-04-13T20:01:05+00:00","breadcrumb":{"@id":"https:\/\/www.sun-sure-estates.com\/de\/produkt\/schoene-anlage-300-meter-vom-meer-entfernt\/#breadcrumb"},"inLanguage":"de","potentialAction":[{"@type":"ReadAction","target":["https:\/\/www.sun-sure-estates.com\/de\/produkt\/schoene-anlage-300-meter-vom-meer-entfernt\/"]}]},{"@type":"ImageObject","inLanguage":"de","@id":"https:\/\/www.sun-sure-estates.com\/de\/produkt\/schoene-anlage-300-meter-vom-meer-entfernt\/#primaryimage","url":"https:\/\/www.sun-sure-estates.com\/wp-content\/uploads\/2020\/09\/2.-Sold-scaled.jpg","contentUrl":"https:\/\/www.sun-sure-estates.com\/wp-content\/uploads\/2020\/09\/2.-Sold-scaled.jpg","width":2560,"height":2050},{"@type":"BreadcrumbList","@id":"https:\/\/www.sun-sure-estates.com\/de\/produkt\/schoene-anlage-300-meter-vom-meer-entfernt\/#breadcrumb","itemListElement":[{"@type":"ListItem","position":1,"name":"Home","item":"https:\/\/www.sun-sure-estates.com\/de\/"},{"@type":"ListItem","position":2,"name":"Shop","item":"https:\/\/www.sun-sure-estates.com\/de\/shop\/"},{"@type":"ListItem","position":3,"name":"Sch\u00f6ne Anlage 300 Meter vom Meer entfernt"}]},{"@type":"WebSite","@id":"https:\/\/www.sun-sure-estates.com\/de\/#website","url":"https:\/\/www.sun-sure-estates.com\/de\/","name":"Sun Sure Estates","description":"Beleggen of wonen in je eigen huis onder de zon","potentialAction":[{"@type":"SearchAction","target":{"@type":"EntryPoint","urlTemplate":"https:\/\/www.sun-sure-estates.com\/de\/?s={search_term_string}"},"query-input":{"@type":"PropertyValueSpecification","valueRequired":true,"valueName":"search_term_string"}}],"inLanguage":"de"}]}},"_links":{"self":[{"href":"https:\/\/www.sun-sure-estates.com\/de\/wp-json\/wp\/v2\/product\/6265","targetHints":{"allow":["GET"]}}],"collection":[{"href":"https:\/\/www.sun-sure-estates.com\/de\/wp-json\/wp\/v2\/product"}],"about":[{"href":"https:\/\/www.sun-sure-estates.com\/de\/wp-json\/wp\/v2\/types\/product"}],"replies":[{"embeddable":true,"href":"https:\/\/www.sun-sure-estates.com\/de\/wp-json\/wp\/v2\/comments?post=6265"}],"wp:featuredmedia":[{"embeddable":true,"href":"https:\/\/www.sun-sure-estates.com\/de\/wp-json\/wp\/v2\/media\/12195"}],"wp:attachment":[{"href":"https:\/\/www.sun-sure-estates.com\/de\/wp-json\/wp\/v2\/media?parent=6265"}],"wp:term":[{"taxonomy":"product_brand","embeddable":true,"href":"https:\/\/www.sun-sure-estates.com\/de\/wp-json\/wp\/v2\/product_brand?post=6265"},{"taxonomy":"product_cat","embeddable":true,"href":"https:\/\/www.sun-sure-estates.com\/de\/wp-json\/wp\/v2\/product_cat?post=6265"},{"taxonomy":"product_tag","embeddable":true,"href":"https:\/\/www.sun-sure-estates.com\/de\/wp-json\/wp\/v2\/product_tag?post=6265"}],"curies":[{"name":"wp","href":"https:\/\/api.w.org\/{rel}","templated":true}]}}