{"id":7776,"date":"2020-09-07T13:25:58","date_gmt":"2020-09-07T11:25:58","guid":{"rendered":"https:\/\/www.sun-sure-estates.com\/?post_type=product&#038;p=7776"},"modified":"2021-05-27T20:19:20","modified_gmt":"2021-05-27T18:19:20","slug":"luxus-apartments-mit-meerblick-und-privatem-pool","status":"publish","type":"product","link":"https:\/\/www.sun-sure-estates.com\/de\/produkt\/luxus-apartments-mit-meerblick-und-privatem-pool\/","title":{"rendered":"Luxus-Apartments mit Meerblick und privatem Pool"},"content":{"rendered":"<p>Exklusive spanische Immobilie in sonniger Lage<strong>\u00a0<\/strong><\/p>\n<p>Unweit des Mittelmeers gelegen befindet sich dieses einzigartige Bauprojekt mit Villen, Penthouse-Wohnungen und Gartenwohnungen, die direkt am wundersch\u00f6nen Naturschutzgebiet El Recorral gebaut wurde. Von diesem Standort aus hat man einen wundersch\u00f6nen Blick auf die Natur, die Skyline von Guardamar und das Meer!<\/p>\n<p>Die Wohnungen im Erdgeschoss verf\u00fcgen \u00fcber 3 Schlafzimmer, 2 beheizte B\u00e4der, eines davon &#8218;en-suite&#8216; am Hauptschlafzimmer. Die gro\u00dfz\u00fcgige S\u00fcdterrasse stellt optisch eine Verl\u00e4ngerung des Wohnzimmers dar. Hier ist ausreichend Platz f\u00fcr Sonnenliegen und Terrassentische, um das t\u00e4glich sch\u00f6ne Wetter zu genie\u00dfen.<\/p>\n<p>Anschlie\u00dfend an die Terrasse befinden sich der Infinity-Pool und der sch\u00f6n angelegte Garten mit Gartenbeleuchtung.<\/p>\n<p>Vom Wohnzimmer, von der Terrasse, vom Garten oder auch beim Schwimmen im Pool kann man immer die sch\u00f6ne und unverbaute Aussicht genie\u00dfen, die das Wohnen in dieser Anlage auszeichnet.<\/p>\n<p>Die Anlage mit den Erdgeschosswohnungen ist mit vielen Annehmlichkeiten ausgestattet, wie einem gro\u00dfen Gemeinschaftsgarten, Au\u00dfenpool, Fitnessraum im Keller, Sauna und Hallenbad. Hier k\u00f6nnen Sie wirklich genie\u00dfen und entspannen.<\/p>\n<p>In nur etwa 10 Autominuten sind Sie bereits am weitl\u00e4ufigen Sandstrand, wo Sie in Ruhe die Sonne der Costa Blanca genie\u00dfen k\u00f6nnen. Wenn Sie gerne Golf spielen, erreichen Sie das Golfresort &#8218;La Marquesa&#8216; nach einer etwa 3-min\u00fctigen Autofahrt und k\u00f6nnen dabei die sch\u00f6ne Umgebung genie\u00dfen. Auch f\u00fcr Radfahrer ist die Umgebung ideal. Auf sch\u00f6n angelegten Wanderwegen k\u00f6nnen Sie die sch\u00f6ne Natur und die Str\u00e4nde genie\u00dfen. Kommen Sie an die Costa Blanca und genie\u00dfen Sie eines der ges\u00fcndesten Wohnklimas in Europa!<\/p>\n","protected":false},"excerpt":{"rendered":"<p>Exklusive spanische Immobilie in sonniger Lage\u00a0 Unweit des Mittelmeers gelegen befindet sich dieses einzigartige Bauprojekt mit Villen, Penthouse-Wohnungen und Gartenwohnungen, die direkt am wundersch\u00f6nen Naturschutzgebiet El Recorral gebaut wurde. Von diesem Standort aus hat man einen wundersch\u00f6nen Blick auf die Natur, die Skyline von Guardamar und das Meer! Die Wohnungen im Erdgeschoss verf\u00fcgen \u00fcber 3 [&hellip;]<\/p>\n","protected":false},"featured_media":5416,"comment_status":"open","ping_status":"closed","template":"","meta":{"_acf_changed":false},"product_brand":[],"product_cat":[15],"product_tag":[],"class_list":{"0":"post-7776","1":"product","2":"type-product","3":"status-publish","4":"has-post-thumbnail","6":"province-alicante","7":"places-rojales","8":"country-spanje","9":"region-costa-blanca","10":"product_cat-geen-categorie","12":"first","13":"instock","14":"shipping-taxable","15":"purchasable","16":"product-type-simple"},"acf":[],"yoast_head":"<!-- This site is optimized with the Yoast SEO plugin v27.4 - https:\/\/yoast.com\/product\/yoast-seo-wordpress\/ -->\n<title>Luxus-Apartments mit Meerblick und privatem Pool - Sun Sure Estates<\/title>\n<meta name=\"robots\" content=\"index, follow, max-snippet:-1, max-image-preview:large, max-video-preview:-1\" \/>\n<link rel=\"canonical\" href=\"https:\/\/www.sun-sure-estates.com\/de\/produkt\/luxus-apartments-mit-meerblick-und-privatem-pool\/\" \/>\n<meta property=\"og:locale\" content=\"de_DE\" \/>\n<meta property=\"og:type\" content=\"article\" \/>\n<meta property=\"og:title\" content=\"Luxus-Apartments mit Meerblick und privatem Pool - Sun Sure Estates\" \/>\n<meta property=\"og:description\" content=\"Exklusive spanische Immobilie in sonniger Lage\u00a0 Unweit des Mittelmeers gelegen befindet sich dieses einzigartige Bauprojekt mit Villen, Penthouse-Wohnungen und Gartenwohnungen, die direkt am wundersch\u00f6nen Naturschutzgebiet El Recorral gebaut wurde. Von diesem Standort aus hat man einen wundersch\u00f6nen Blick auf die Natur, die Skyline von Guardamar und das Meer! Die Wohnungen im Erdgeschoss verf\u00fcgen \u00fcber 3 [&hellip;]\" \/>\n<meta property=\"og:url\" content=\"https:\/\/www.sun-sure-estates.com\/de\/produkt\/luxus-apartments-mit-meerblick-und-privatem-pool\/\" \/>\n<meta property=\"og:site_name\" content=\"Sun Sure Estates\" \/>\n<meta property=\"article:modified_time\" content=\"2021-05-27T18:19:20+00:00\" \/>\n<meta property=\"og:image\" content=\"https:\/\/www.sun-sure-estates.com\/wp-content\/uploads\/2020\/09\/1-main-photo-2-scaled.jpg\" \/>\n\t<meta property=\"og:image:width\" content=\"2560\" \/>\n\t<meta property=\"og:image:height\" content=\"1440\" \/>\n\t<meta property=\"og:image:type\" content=\"image\/jpeg\" \/>\n<meta name=\"twitter:card\" content=\"summary_large_image\" \/>\n<meta name=\"twitter:label1\" content=\"Gesch\u00e4tzte Lesezeit\" \/>\n\t<meta name=\"twitter:data1\" content=\"2\u00a0Minuten\" \/>\n<script type=\"application\/ld+json\" class=\"yoast-schema-graph\">{\"@context\":\"https:\\\/\\\/schema.org\",\"@graph\":[{\"@type\":\"WebPage\",\"@id\":\"https:\\\/\\\/www.sun-sure-estates.com\\\/de\\\/produkt\\\/luxus-apartments-mit-meerblick-und-privatem-pool\\\/\",\"url\":\"https:\\\/\\\/www.sun-sure-estates.com\\\/de\\\/produkt\\\/luxus-apartments-mit-meerblick-und-privatem-pool\\\/\",\"name\":\"Luxus-Apartments mit Meerblick und privatem Pool - Sun Sure Estates\",\"isPartOf\":{\"@id\":\"https:\\\/\\\/www.sun-sure-estates.com\\\/de\\\/#website\"},\"primaryImageOfPage\":{\"@id\":\"https:\\\/\\\/www.sun-sure-estates.com\\\/de\\\/produkt\\\/luxus-apartments-mit-meerblick-und-privatem-pool\\\/#primaryimage\"},\"image\":{\"@id\":\"https:\\\/\\\/www.sun-sure-estates.com\\\/de\\\/produkt\\\/luxus-apartments-mit-meerblick-und-privatem-pool\\\/#primaryimage\"},\"thumbnailUrl\":\"https:\\\/\\\/www.sun-sure-estates.com\\\/wp-content\\\/uploads\\\/2020\\\/09\\\/1-main-photo-2-scaled.jpg\",\"datePublished\":\"2020-09-07T11:25:58+00:00\",\"dateModified\":\"2021-05-27T18:19:20+00:00\",\"breadcrumb\":{\"@id\":\"https:\\\/\\\/www.sun-sure-estates.com\\\/de\\\/produkt\\\/luxus-apartments-mit-meerblick-und-privatem-pool\\\/#breadcrumb\"},\"inLanguage\":\"de\",\"potentialAction\":[{\"@type\":\"ReadAction\",\"target\":[\"https:\\\/\\\/www.sun-sure-estates.com\\\/de\\\/produkt\\\/luxus-apartments-mit-meerblick-und-privatem-pool\\\/\"]}]},{\"@type\":\"ImageObject\",\"inLanguage\":\"de\",\"@id\":\"https:\\\/\\\/www.sun-sure-estates.com\\\/de\\\/produkt\\\/luxus-apartments-mit-meerblick-und-privatem-pool\\\/#primaryimage\",\"url\":\"https:\\\/\\\/www.sun-sure-estates.com\\\/wp-content\\\/uploads\\\/2020\\\/09\\\/1-main-photo-2-scaled.jpg\",\"contentUrl\":\"https:\\\/\\\/www.sun-sure-estates.com\\\/wp-content\\\/uploads\\\/2020\\\/09\\\/1-main-photo-2-scaled.jpg\",\"width\":2560,\"height\":1440},{\"@type\":\"BreadcrumbList\",\"@id\":\"https:\\\/\\\/www.sun-sure-estates.com\\\/de\\\/produkt\\\/luxus-apartments-mit-meerblick-und-privatem-pool\\\/#breadcrumb\",\"itemListElement\":[{\"@type\":\"ListItem\",\"position\":1,\"name\":\"Home\",\"item\":\"https:\\\/\\\/www.sun-sure-estates.com\\\/de\\\/\"},{\"@type\":\"ListItem\",\"position\":2,\"name\":\"Shop\",\"item\":\"https:\\\/\\\/www.sun-sure-estates.com\\\/de\\\/shop\\\/\"},{\"@type\":\"ListItem\",\"position\":3,\"name\":\"Luxus-Apartments mit Meerblick und privatem Pool\"}]},{\"@type\":\"WebSite\",\"@id\":\"https:\\\/\\\/www.sun-sure-estates.com\\\/de\\\/#website\",\"url\":\"https:\\\/\\\/www.sun-sure-estates.com\\\/de\\\/\",\"name\":\"Sun Sure Estates\",\"description\":\"Beleggen of wonen in je eigen huis onder de zon\",\"potentialAction\":[{\"@type\":\"SearchAction\",\"target\":{\"@type\":\"EntryPoint\",\"urlTemplate\":\"https:\\\/\\\/www.sun-sure-estates.com\\\/de\\\/?s={search_term_string}\"},\"query-input\":{\"@type\":\"PropertyValueSpecification\",\"valueRequired\":true,\"valueName\":\"search_term_string\"}}],\"inLanguage\":\"de\"}]}<\/script>\n<!-- \/ Yoast SEO plugin. -->","yoast_head_json":{"title":"Luxus-Apartments mit Meerblick und privatem Pool - Sun Sure Estates","robots":{"index":"index","follow":"follow","max-snippet":"max-snippet:-1","max-image-preview":"max-image-preview:large","max-video-preview":"max-video-preview:-1"},"canonical":"https:\/\/www.sun-sure-estates.com\/de\/produkt\/luxus-apartments-mit-meerblick-und-privatem-pool\/","og_locale":"de_DE","og_type":"article","og_title":"Luxus-Apartments mit Meerblick und privatem Pool - Sun Sure Estates","og_description":"Exklusive spanische Immobilie in sonniger Lage\u00a0 Unweit des Mittelmeers gelegen befindet sich dieses einzigartige Bauprojekt mit Villen, Penthouse-Wohnungen und Gartenwohnungen, die direkt am wundersch\u00f6nen Naturschutzgebiet El Recorral gebaut wurde. Von diesem Standort aus hat man einen wundersch\u00f6nen Blick auf die Natur, die Skyline von Guardamar und das Meer! Die Wohnungen im Erdgeschoss verf\u00fcgen \u00fcber 3 [&hellip;]","og_url":"https:\/\/www.sun-sure-estates.com\/de\/produkt\/luxus-apartments-mit-meerblick-und-privatem-pool\/","og_site_name":"Sun Sure Estates","article_modified_time":"2021-05-27T18:19:20+00:00","og_image":[{"width":2560,"height":1440,"url":"https:\/\/www.sun-sure-estates.com\/wp-content\/uploads\/2020\/09\/1-main-photo-2-scaled.jpg","type":"image\/jpeg"}],"twitter_card":"summary_large_image","twitter_misc":{"Gesch\u00e4tzte Lesezeit":"2\u00a0Minuten"},"schema":{"@context":"https:\/\/schema.org","@graph":[{"@type":"WebPage","@id":"https:\/\/www.sun-sure-estates.com\/de\/produkt\/luxus-apartments-mit-meerblick-und-privatem-pool\/","url":"https:\/\/www.sun-sure-estates.com\/de\/produkt\/luxus-apartments-mit-meerblick-und-privatem-pool\/","name":"Luxus-Apartments mit Meerblick und privatem Pool - Sun Sure Estates","isPartOf":{"@id":"https:\/\/www.sun-sure-estates.com\/de\/#website"},"primaryImageOfPage":{"@id":"https:\/\/www.sun-sure-estates.com\/de\/produkt\/luxus-apartments-mit-meerblick-und-privatem-pool\/#primaryimage"},"image":{"@id":"https:\/\/www.sun-sure-estates.com\/de\/produkt\/luxus-apartments-mit-meerblick-und-privatem-pool\/#primaryimage"},"thumbnailUrl":"https:\/\/www.sun-sure-estates.com\/wp-content\/uploads\/2020\/09\/1-main-photo-2-scaled.jpg","datePublished":"2020-09-07T11:25:58+00:00","dateModified":"2021-05-27T18:19:20+00:00","breadcrumb":{"@id":"https:\/\/www.sun-sure-estates.com\/de\/produkt\/luxus-apartments-mit-meerblick-und-privatem-pool\/#breadcrumb"},"inLanguage":"de","potentialAction":[{"@type":"ReadAction","target":["https:\/\/www.sun-sure-estates.com\/de\/produkt\/luxus-apartments-mit-meerblick-und-privatem-pool\/"]}]},{"@type":"ImageObject","inLanguage":"de","@id":"https:\/\/www.sun-sure-estates.com\/de\/produkt\/luxus-apartments-mit-meerblick-und-privatem-pool\/#primaryimage","url":"https:\/\/www.sun-sure-estates.com\/wp-content\/uploads\/2020\/09\/1-main-photo-2-scaled.jpg","contentUrl":"https:\/\/www.sun-sure-estates.com\/wp-content\/uploads\/2020\/09\/1-main-photo-2-scaled.jpg","width":2560,"height":1440},{"@type":"BreadcrumbList","@id":"https:\/\/www.sun-sure-estates.com\/de\/produkt\/luxus-apartments-mit-meerblick-und-privatem-pool\/#breadcrumb","itemListElement":[{"@type":"ListItem","position":1,"name":"Home","item":"https:\/\/www.sun-sure-estates.com\/de\/"},{"@type":"ListItem","position":2,"name":"Shop","item":"https:\/\/www.sun-sure-estates.com\/de\/shop\/"},{"@type":"ListItem","position":3,"name":"Luxus-Apartments mit Meerblick und privatem Pool"}]},{"@type":"WebSite","@id":"https:\/\/www.sun-sure-estates.com\/de\/#website","url":"https:\/\/www.sun-sure-estates.com\/de\/","name":"Sun Sure Estates","description":"Beleggen of wonen in je eigen huis onder de zon","potentialAction":[{"@type":"SearchAction","target":{"@type":"EntryPoint","urlTemplate":"https:\/\/www.sun-sure-estates.com\/de\/?s={search_term_string}"},"query-input":{"@type":"PropertyValueSpecification","valueRequired":true,"valueName":"search_term_string"}}],"inLanguage":"de"}]}},"_links":{"self":[{"href":"https:\/\/www.sun-sure-estates.com\/de\/wp-json\/wp\/v2\/product\/7776","targetHints":{"allow":["GET"]}}],"collection":[{"href":"https:\/\/www.sun-sure-estates.com\/de\/wp-json\/wp\/v2\/product"}],"about":[{"href":"https:\/\/www.sun-sure-estates.com\/de\/wp-json\/wp\/v2\/types\/product"}],"replies":[{"embeddable":true,"href":"https:\/\/www.sun-sure-estates.com\/de\/wp-json\/wp\/v2\/comments?post=7776"}],"wp:featuredmedia":[{"embeddable":true,"href":"https:\/\/www.sun-sure-estates.com\/de\/wp-json\/wp\/v2\/media\/5416"}],"wp:attachment":[{"href":"https:\/\/www.sun-sure-estates.com\/de\/wp-json\/wp\/v2\/media?parent=7776"}],"wp:term":[{"taxonomy":"product_brand","embeddable":true,"href":"https:\/\/www.sun-sure-estates.com\/de\/wp-json\/wp\/v2\/product_brand?post=7776"},{"taxonomy":"product_cat","embeddable":true,"href":"https:\/\/www.sun-sure-estates.com\/de\/wp-json\/wp\/v2\/product_cat?post=7776"},{"taxonomy":"product_tag","embeddable":true,"href":"https:\/\/www.sun-sure-estates.com\/de\/wp-json\/wp\/v2\/product_tag?post=7776"}],"curies":[{"name":"wp","href":"https:\/\/api.w.org\/{rel}","templated":true}]}}