{"id":7907,"date":"2021-03-05T21:54:04","date_gmt":"2021-05-27T18:51:14","guid":{"rendered":"https:\/\/www.sun-sure-estates.com\/?post_type=product&#038;p=7907"},"modified":"2021-05-27T20:51:15","modified_gmt":"2021-05-27T18:51:15","slug":"ruhig-gelegene-geraeumige-penthaeuser","status":"publish","type":"product","link":"https:\/\/www.sun-sure-estates.com\/de\/produkt\/ruhig-gelegene-geraeumige-penthaeuser\/","title":{"rendered":"Ruhig gelegene ger\u00e4umige Penth\u00e4user"},"content":{"rendered":"<p>Exklusive spanische Immobilie in sonniger Lage<\/p>\n<p>Willkommen an der Costa Blanca, wo diese herrlichen Erdgeschosswohnungen und Penth\u00e4user gebaut werden.<\/p>\n<p>Die Penthouse-Wohnungen liegen im 1.Obergeschoss und sind mit gro\u00dfen Glasschiebet\u00fcren ausgestattet, die viel Licht ins Wohnzimmer hereinlassen.<\/p>\n<p>Bei diesem Bauvorhaben handelt es sich um ein kleines Projekt mit einem hohen Ausbaustandard. Es wurde auf ein ger\u00e4umiges Wohnzimmer und Schlafzimmer geachtet.<\/p>\n<p>Die Penthouse-Wohnung ist aufgeteilt in ein Wohnzimmer, eine K\u00fcche, einen Essbereich, 3 Schlafzimmer, 2 Badezimmer, wovon eines &#8218;en-suite&#8216; am Hauptschlafzimmer liegt. In Verl\u00e4ngerung des Wohn- und Schlafzimmers liegt eine gro\u00dfe geflieste Terrasse, die einen sch\u00f6nen Blick auf den Gemeinschaftsgarten und den Pool bietet.<\/p>\n<p>Von der Terrasse bietet eine Treppe Zugang zur oberen Dachterrasse, die knapp 94 m\u00b2 gro\u00df ist und von der aus Sie die Aussicht und das \u00fcblicherweise sonnig-sch\u00f6ne Wetter voll genie\u00dfen k\u00f6nnen. Sie k\u00f6nnen sich auf den Sonnenliegen oder z.B. in einem Whirlpool entspannen. Es ist auch ausreichend Platz f\u00fcr einen Esstisch und einen Grill vorhanden.<\/p>\n<p>Das Auto kann an der Wohnanlage in einer geschlossenen Privatgarage geparkt werden.<\/p>\n<p>F\u00fcr diejenigen, die eine niedrigere Bebauung, Ruhe und Spazierg\u00e4nge m\u00f6gen, ist dies ein idealer Ort. Die sch\u00f6n angelegte und geschlossene Wohnanlage verf\u00fcgt \u00fcber einen Gemeinschaftspool, eine Au\u00dfendusche und einen sch\u00f6n angelegten Innenhof, wo Sie das au\u00dfergew\u00f6hnlich angenehme Wetter in dieser Region jeden Tag in aller Ruhe genie\u00dfen k\u00f6nnen.<\/p>\n<p>In nur etwa 7 Minuten mit dem Auto erreichen Sie herrliche Sandstr\u00e4nde, um Sonne, Meer, Strand und Strandspazierg\u00e4nge zu genie\u00dfen. In ca. 25 Minuten mit dem Auto erreichen Sie nicht weniger als vier Golfresorts. Ein kurzer Spaziergang und Sie sind im kleinen Nachbardorf, um Ihre Eink\u00e4ufe zu erledigen oder eine Tasse Kaffee zu genie\u00dfen. Kurzum, genug Gr\u00fcnde, um an die Costa Blanca zu kommen und jeden Tag zu genie\u00dfen!<\/p>\n","protected":false},"excerpt":{"rendered":"<p>Exklusive spanische Immobilie in sonniger Lage Willkommen an der Costa Blanca, wo diese herrlichen Erdgeschosswohnungen und Penth\u00e4user gebaut werden. Die Penthouse-Wohnungen liegen im 1.Obergeschoss und sind mit gro\u00dfen Glasschiebet\u00fcren ausgestattet, die viel Licht ins Wohnzimmer hereinlassen. Bei diesem Bauvorhaben handelt es sich um ein kleines Projekt mit einem hohen Ausbaustandard. Es wurde auf ein ger\u00e4umiges [&hellip;]<\/p>\n","protected":false},"featured_media":4241,"comment_status":"open","ping_status":"closed","template":"","meta":{"_acf_changed":false},"product_brand":[],"product_cat":[15],"product_tag":[],"class_list":{"0":"post-7907","1":"product","2":"type-product","3":"status-publish","4":"has-post-thumbnail","6":"province-alicante","7":"places-pilar-de-la-horadada","8":"country-spanje","9":"region-costa-blanca","10":"product_cat-geen-categorie","12":"first","13":"instock","14":"shipping-taxable","15":"purchasable","16":"product-type-simple"},"acf":[],"yoast_head":"<!-- This site is optimized with the Yoast SEO plugin v27.5 - https:\/\/yoast.com\/product\/yoast-seo-wordpress\/ -->\n<title>Ruhig gelegene ger\u00e4umige Penth\u00e4user - Sun Sure Estates<\/title>\n<meta name=\"robots\" content=\"index, follow, max-snippet:-1, max-image-preview:large, max-video-preview:-1\" \/>\n<link rel=\"canonical\" href=\"https:\/\/www.sun-sure-estates.com\/de\/produkt\/ruhig-gelegene-geraeumige-penthaeuser\/\" \/>\n<meta property=\"og:locale\" content=\"de_DE\" \/>\n<meta property=\"og:type\" content=\"article\" \/>\n<meta property=\"og:title\" content=\"Ruhig gelegene ger\u00e4umige Penth\u00e4user - Sun Sure Estates\" \/>\n<meta property=\"og:description\" content=\"Exklusive spanische Immobilie in sonniger Lage Willkommen an der Costa Blanca, wo diese herrlichen Erdgeschosswohnungen und Penth\u00e4user gebaut werden. Die Penthouse-Wohnungen liegen im 1.Obergeschoss und sind mit gro\u00dfen Glasschiebet\u00fcren ausgestattet, die viel Licht ins Wohnzimmer hereinlassen. Bei diesem Bauvorhaben handelt es sich um ein kleines Projekt mit einem hohen Ausbaustandard. Es wurde auf ein ger\u00e4umiges [&hellip;]\" \/>\n<meta property=\"og:url\" content=\"https:\/\/www.sun-sure-estates.com\/de\/produkt\/ruhig-gelegene-geraeumige-penthaeuser\/\" \/>\n<meta property=\"og:site_name\" content=\"Sun Sure Estates\" \/>\n<meta property=\"article:modified_time\" content=\"2021-05-27T18:51:15+00:00\" \/>\n<meta property=\"og:image\" content=\"https:\/\/www.sun-sure-estates.com\/wp-content\/uploads\/2021\/03\/1.-Main-foto-3-a-scaled.jpg\" \/>\n\t<meta property=\"og:image:width\" content=\"2560\" \/>\n\t<meta property=\"og:image:height\" content=\"1919\" \/>\n\t<meta property=\"og:image:type\" content=\"image\/jpeg\" \/>\n<meta name=\"twitter:card\" content=\"summary_large_image\" \/>\n<meta name=\"twitter:label1\" content=\"Gesch\u00e4tzte Lesezeit\" \/>\n\t<meta name=\"twitter:data1\" content=\"2\u00a0Minuten\" \/>\n<script type=\"application\/ld+json\" class=\"yoast-schema-graph\">{\"@context\":\"https:\\\/\\\/schema.org\",\"@graph\":[{\"@type\":\"WebPage\",\"@id\":\"https:\\\/\\\/www.sun-sure-estates.com\\\/de\\\/produkt\\\/ruhig-gelegene-geraeumige-penthaeuser\\\/\",\"url\":\"https:\\\/\\\/www.sun-sure-estates.com\\\/de\\\/produkt\\\/ruhig-gelegene-geraeumige-penthaeuser\\\/\",\"name\":\"Ruhig gelegene ger\u00e4umige Penth\u00e4user - Sun Sure Estates\",\"isPartOf\":{\"@id\":\"https:\\\/\\\/www.sun-sure-estates.com\\\/de\\\/#website\"},\"primaryImageOfPage\":{\"@id\":\"https:\\\/\\\/www.sun-sure-estates.com\\\/de\\\/produkt\\\/ruhig-gelegene-geraeumige-penthaeuser\\\/#primaryimage\"},\"image\":{\"@id\":\"https:\\\/\\\/www.sun-sure-estates.com\\\/de\\\/produkt\\\/ruhig-gelegene-geraeumige-penthaeuser\\\/#primaryimage\"},\"thumbnailUrl\":\"https:\\\/\\\/www.sun-sure-estates.com\\\/wp-content\\\/uploads\\\/2021\\\/03\\\/1.-Main-foto-3-a-scaled.jpg\",\"datePublished\":\"2021-05-27T18:51:14+00:00\",\"dateModified\":\"2021-05-27T18:51:15+00:00\",\"breadcrumb\":{\"@id\":\"https:\\\/\\\/www.sun-sure-estates.com\\\/de\\\/produkt\\\/ruhig-gelegene-geraeumige-penthaeuser\\\/#breadcrumb\"},\"inLanguage\":\"de\",\"potentialAction\":[{\"@type\":\"ReadAction\",\"target\":[\"https:\\\/\\\/www.sun-sure-estates.com\\\/de\\\/produkt\\\/ruhig-gelegene-geraeumige-penthaeuser\\\/\"]}]},{\"@type\":\"ImageObject\",\"inLanguage\":\"de\",\"@id\":\"https:\\\/\\\/www.sun-sure-estates.com\\\/de\\\/produkt\\\/ruhig-gelegene-geraeumige-penthaeuser\\\/#primaryimage\",\"url\":\"https:\\\/\\\/www.sun-sure-estates.com\\\/wp-content\\\/uploads\\\/2021\\\/03\\\/1.-Main-foto-3-a-scaled.jpg\",\"contentUrl\":\"https:\\\/\\\/www.sun-sure-estates.com\\\/wp-content\\\/uploads\\\/2021\\\/03\\\/1.-Main-foto-3-a-scaled.jpg\",\"width\":2560,\"height\":1919},{\"@type\":\"BreadcrumbList\",\"@id\":\"https:\\\/\\\/www.sun-sure-estates.com\\\/de\\\/produkt\\\/ruhig-gelegene-geraeumige-penthaeuser\\\/#breadcrumb\",\"itemListElement\":[{\"@type\":\"ListItem\",\"position\":1,\"name\":\"Home\",\"item\":\"https:\\\/\\\/www.sun-sure-estates.com\\\/de\\\/\"},{\"@type\":\"ListItem\",\"position\":2,\"name\":\"Shop\",\"item\":\"https:\\\/\\\/www.sun-sure-estates.com\\\/de\\\/shop\\\/\"},{\"@type\":\"ListItem\",\"position\":3,\"name\":\"Ruhig gelegene ger\u00e4umige Penth\u00e4user\"}]},{\"@type\":\"WebSite\",\"@id\":\"https:\\\/\\\/www.sun-sure-estates.com\\\/de\\\/#website\",\"url\":\"https:\\\/\\\/www.sun-sure-estates.com\\\/de\\\/\",\"name\":\"Sun Sure Estates\",\"description\":\"Beleggen of wonen in je eigen huis onder de zon\",\"potentialAction\":[{\"@type\":\"SearchAction\",\"target\":{\"@type\":\"EntryPoint\",\"urlTemplate\":\"https:\\\/\\\/www.sun-sure-estates.com\\\/de\\\/?s={search_term_string}\"},\"query-input\":{\"@type\":\"PropertyValueSpecification\",\"valueRequired\":true,\"valueName\":\"search_term_string\"}}],\"inLanguage\":\"de\"}]}<\/script>\n<!-- \/ Yoast SEO plugin. -->","yoast_head_json":{"title":"Ruhig gelegene ger\u00e4umige Penth\u00e4user - Sun Sure Estates","robots":{"index":"index","follow":"follow","max-snippet":"max-snippet:-1","max-image-preview":"max-image-preview:large","max-video-preview":"max-video-preview:-1"},"canonical":"https:\/\/www.sun-sure-estates.com\/de\/produkt\/ruhig-gelegene-geraeumige-penthaeuser\/","og_locale":"de_DE","og_type":"article","og_title":"Ruhig gelegene ger\u00e4umige Penth\u00e4user - Sun Sure Estates","og_description":"Exklusive spanische Immobilie in sonniger Lage Willkommen an der Costa Blanca, wo diese herrlichen Erdgeschosswohnungen und Penth\u00e4user gebaut werden. Die Penthouse-Wohnungen liegen im 1.Obergeschoss und sind mit gro\u00dfen Glasschiebet\u00fcren ausgestattet, die viel Licht ins Wohnzimmer hereinlassen. Bei diesem Bauvorhaben handelt es sich um ein kleines Projekt mit einem hohen Ausbaustandard. Es wurde auf ein ger\u00e4umiges [&hellip;]","og_url":"https:\/\/www.sun-sure-estates.com\/de\/produkt\/ruhig-gelegene-geraeumige-penthaeuser\/","og_site_name":"Sun Sure Estates","article_modified_time":"2021-05-27T18:51:15+00:00","og_image":[{"width":2560,"height":1919,"url":"https:\/\/www.sun-sure-estates.com\/wp-content\/uploads\/2021\/03\/1.-Main-foto-3-a-scaled.jpg","type":"image\/jpeg"}],"twitter_card":"summary_large_image","twitter_misc":{"Gesch\u00e4tzte Lesezeit":"2\u00a0Minuten"},"schema":{"@context":"https:\/\/schema.org","@graph":[{"@type":"WebPage","@id":"https:\/\/www.sun-sure-estates.com\/de\/produkt\/ruhig-gelegene-geraeumige-penthaeuser\/","url":"https:\/\/www.sun-sure-estates.com\/de\/produkt\/ruhig-gelegene-geraeumige-penthaeuser\/","name":"Ruhig gelegene ger\u00e4umige Penth\u00e4user - Sun Sure Estates","isPartOf":{"@id":"https:\/\/www.sun-sure-estates.com\/de\/#website"},"primaryImageOfPage":{"@id":"https:\/\/www.sun-sure-estates.com\/de\/produkt\/ruhig-gelegene-geraeumige-penthaeuser\/#primaryimage"},"image":{"@id":"https:\/\/www.sun-sure-estates.com\/de\/produkt\/ruhig-gelegene-geraeumige-penthaeuser\/#primaryimage"},"thumbnailUrl":"https:\/\/www.sun-sure-estates.com\/wp-content\/uploads\/2021\/03\/1.-Main-foto-3-a-scaled.jpg","datePublished":"2021-05-27T18:51:14+00:00","dateModified":"2021-05-27T18:51:15+00:00","breadcrumb":{"@id":"https:\/\/www.sun-sure-estates.com\/de\/produkt\/ruhig-gelegene-geraeumige-penthaeuser\/#breadcrumb"},"inLanguage":"de","potentialAction":[{"@type":"ReadAction","target":["https:\/\/www.sun-sure-estates.com\/de\/produkt\/ruhig-gelegene-geraeumige-penthaeuser\/"]}]},{"@type":"ImageObject","inLanguage":"de","@id":"https:\/\/www.sun-sure-estates.com\/de\/produkt\/ruhig-gelegene-geraeumige-penthaeuser\/#primaryimage","url":"https:\/\/www.sun-sure-estates.com\/wp-content\/uploads\/2021\/03\/1.-Main-foto-3-a-scaled.jpg","contentUrl":"https:\/\/www.sun-sure-estates.com\/wp-content\/uploads\/2021\/03\/1.-Main-foto-3-a-scaled.jpg","width":2560,"height":1919},{"@type":"BreadcrumbList","@id":"https:\/\/www.sun-sure-estates.com\/de\/produkt\/ruhig-gelegene-geraeumige-penthaeuser\/#breadcrumb","itemListElement":[{"@type":"ListItem","position":1,"name":"Home","item":"https:\/\/www.sun-sure-estates.com\/de\/"},{"@type":"ListItem","position":2,"name":"Shop","item":"https:\/\/www.sun-sure-estates.com\/de\/shop\/"},{"@type":"ListItem","position":3,"name":"Ruhig gelegene ger\u00e4umige Penth\u00e4user"}]},{"@type":"WebSite","@id":"https:\/\/www.sun-sure-estates.com\/de\/#website","url":"https:\/\/www.sun-sure-estates.com\/de\/","name":"Sun Sure Estates","description":"Beleggen of wonen in je eigen huis onder de zon","potentialAction":[{"@type":"SearchAction","target":{"@type":"EntryPoint","urlTemplate":"https:\/\/www.sun-sure-estates.com\/de\/?s={search_term_string}"},"query-input":{"@type":"PropertyValueSpecification","valueRequired":true,"valueName":"search_term_string"}}],"inLanguage":"de"}]}},"_links":{"self":[{"href":"https:\/\/www.sun-sure-estates.com\/de\/wp-json\/wp\/v2\/product\/7907","targetHints":{"allow":["GET"]}}],"collection":[{"href":"https:\/\/www.sun-sure-estates.com\/de\/wp-json\/wp\/v2\/product"}],"about":[{"href":"https:\/\/www.sun-sure-estates.com\/de\/wp-json\/wp\/v2\/types\/product"}],"replies":[{"embeddable":true,"href":"https:\/\/www.sun-sure-estates.com\/de\/wp-json\/wp\/v2\/comments?post=7907"}],"wp:featuredmedia":[{"embeddable":true,"href":"https:\/\/www.sun-sure-estates.com\/de\/wp-json\/wp\/v2\/media\/4241"}],"wp:attachment":[{"href":"https:\/\/www.sun-sure-estates.com\/de\/wp-json\/wp\/v2\/media?parent=7907"}],"wp:term":[{"taxonomy":"product_brand","embeddable":true,"href":"https:\/\/www.sun-sure-estates.com\/de\/wp-json\/wp\/v2\/product_brand?post=7907"},{"taxonomy":"product_cat","embeddable":true,"href":"https:\/\/www.sun-sure-estates.com\/de\/wp-json\/wp\/v2\/product_cat?post=7907"},{"taxonomy":"product_tag","embeddable":true,"href":"https:\/\/www.sun-sure-estates.com\/de\/wp-json\/wp\/v2\/product_tag?post=7907"}],"curies":[{"name":"wp","href":"https:\/\/api.w.org\/{rel}","templated":true}]}}