{"id":8836,"date":"2020-07-01T16:08:52","date_gmt":"2021-06-25T17:56:30","guid":{"rendered":"https:\/\/www.sun-sure-estates.com\/?post_type=product&#038;p=8836"},"modified":"2021-06-25T19:57:17","modified_gmt":"2021-06-25T17:57:17","slug":"8836","status":"publish","type":"product","link":"https:\/\/www.sun-sure-estates.com\/de\/produkt\/8836\/","title":{"rendered":"Design-Villa mit Meerblick"},"content":{"rendered":"<p>Unweit des Mittelmeers in der sonnigen Region der Costa Blanca wird diese einzigartige, gro\u00dfe und luxuri\u00f6se Villa realisiert.\u00a0Diese Architektenvilla (Haustyp A) verf\u00fcgt \u00fcber eine Eingangshalle, Wohnzimmer, K\u00fcche, Essbereich, 5 Schlafzimmer mit 6 en-suite Badezimmern mit Fu\u00dfbodenheizung, einen eigenen Parkplatz sowie einen Infinity-Pool mit breitem Wasserfall auf der R\u00fcckseite.<\/p>\n<p>Die Villa bietet viel Privatsph\u00e4re und einen ph\u00e4nomenalen Blick auf die Natur, die Skyline von Guardamar del Segura und das Mittelmeer. Sowohl im Wohnzimmer, als auch in der K\u00fcche, in den Schlafzimmern und in den B\u00e4dern zeigt sich sofort das gelungene Werk des Innenarchitekten, der die besten Qualit\u00e4tsmaterialien verwendet hat und ein ansprechendes Beleuchtungskonzept erstellt hat.<\/p>\n<p>Das Haus liegt in einer bewachten Wohnanlage (\u201egated community\u201c) mit Kamera\u00fcberwachung im Naturschutzgebiet &#8218;El Recorral&#8216;. \u00a0Der Strand ist mit dem Auto in ca. 10 Minuten zu erreichen und eine Runde Golf im Golfresort &#8218;La Marquesa&#8216; erwartet Sie nach einer nur ca. 3-min\u00fctigen Autofahrt. Kommen Sie an die Costa Blanca und genie\u00dfen Sie eines der ges\u00fcndesten Klimas in Europa!<\/p>\n","protected":false},"excerpt":{"rendered":"<p>Unweit des Mittelmeers in der sonnigen Region der Costa Blanca wird diese einzigartige, gro\u00dfe und luxuri\u00f6se Villa realisiert.\u00a0Diese Architektenvilla (Haustyp A) verf\u00fcgt \u00fcber eine Eingangshalle, Wohnzimmer, K\u00fcche, Essbereich, 5 Schlafzimmer mit 6 en-suite Badezimmern mit Fu\u00dfbodenheizung, einen eigenen Parkplatz sowie einen Infinity-Pool mit breitem Wasserfall auf der R\u00fcckseite. Die Villa bietet viel Privatsph\u00e4re und einen [&hellip;]<\/p>\n","protected":false},"featured_media":12655,"comment_status":"open","ping_status":"closed","template":"","meta":{"_acf_changed":false},"product_brand":[],"product_cat":[15],"product_tag":[],"class_list":{"0":"post-8836","1":"product","2":"type-product","3":"status-publish","4":"has-post-thumbnail","6":"province-alicante","7":"places-rojales","8":"country-spanje","9":"region-costa-blanca","10":"product_cat-geen-categorie","12":"first","13":"instock","14":"shipping-taxable","15":"purchasable","16":"product-type-simple"},"acf":[],"yoast_head":"<!-- This site is optimized with the Yoast SEO plugin v27.5 - https:\/\/yoast.com\/product\/yoast-seo-wordpress\/ -->\n<title>Design-Villa mit Meerblick - Sun Sure Estates<\/title>\n<meta name=\"robots\" content=\"index, follow, max-snippet:-1, max-image-preview:large, max-video-preview:-1\" \/>\n<link rel=\"canonical\" href=\"https:\/\/www.sun-sure-estates.com\/de\/produkt\/8836\/\" \/>\n<meta property=\"og:locale\" content=\"de_DE\" \/>\n<meta property=\"og:type\" content=\"article\" \/>\n<meta property=\"og:title\" content=\"Design-Villa mit Meerblick - Sun Sure Estates\" \/>\n<meta property=\"og:description\" content=\"Unweit des Mittelmeers in der sonnigen Region der Costa Blanca wird diese einzigartige, gro\u00dfe und luxuri\u00f6se Villa realisiert.\u00a0Diese Architektenvilla (Haustyp A) verf\u00fcgt \u00fcber eine Eingangshalle, Wohnzimmer, K\u00fcche, Essbereich, 5 Schlafzimmer mit 6 en-suite Badezimmern mit Fu\u00dfbodenheizung, einen eigenen Parkplatz sowie einen Infinity-Pool mit breitem Wasserfall auf der R\u00fcckseite. Die Villa bietet viel Privatsph\u00e4re und einen [&hellip;]\" \/>\n<meta property=\"og:url\" content=\"https:\/\/www.sun-sure-estates.com\/de\/produkt\/8836\/\" \/>\n<meta property=\"og:site_name\" content=\"Sun Sure Estates\" \/>\n<meta property=\"article:modified_time\" content=\"2021-06-25T17:57:17+00:00\" \/>\n<meta property=\"og:image\" content=\"https:\/\/www.sun-sure-estates.com\/wp-content\/uploads\/2020\/07\/1-3-1.jpg\" \/>\n\t<meta property=\"og:image:width\" content=\"986\" \/>\n\t<meta property=\"og:image:height\" content=\"663\" \/>\n\t<meta property=\"og:image:type\" content=\"image\/jpeg\" \/>\n<meta name=\"twitter:card\" content=\"summary_large_image\" \/>\n<meta name=\"twitter:label1\" content=\"Gesch\u00e4tzte Lesezeit\" \/>\n\t<meta name=\"twitter:data1\" content=\"1\u00a0Minute\" \/>\n<script type=\"application\/ld+json\" class=\"yoast-schema-graph\">{\"@context\":\"https:\\\/\\\/schema.org\",\"@graph\":[{\"@type\":\"WebPage\",\"@id\":\"https:\\\/\\\/www.sun-sure-estates.com\\\/de\\\/produkt\\\/8836\\\/\",\"url\":\"https:\\\/\\\/www.sun-sure-estates.com\\\/de\\\/produkt\\\/8836\\\/\",\"name\":\"Design-Villa mit Meerblick - Sun Sure Estates\",\"isPartOf\":{\"@id\":\"https:\\\/\\\/www.sun-sure-estates.com\\\/de\\\/#website\"},\"primaryImageOfPage\":{\"@id\":\"https:\\\/\\\/www.sun-sure-estates.com\\\/de\\\/produkt\\\/8836\\\/#primaryimage\"},\"image\":{\"@id\":\"https:\\\/\\\/www.sun-sure-estates.com\\\/de\\\/produkt\\\/8836\\\/#primaryimage\"},\"thumbnailUrl\":\"https:\\\/\\\/www.sun-sure-estates.com\\\/wp-content\\\/uploads\\\/2020\\\/07\\\/1-3-1.jpg\",\"datePublished\":\"2021-06-25T17:56:30+00:00\",\"dateModified\":\"2021-06-25T17:57:17+00:00\",\"breadcrumb\":{\"@id\":\"https:\\\/\\\/www.sun-sure-estates.com\\\/de\\\/produkt\\\/8836\\\/#breadcrumb\"},\"inLanguage\":\"de\",\"potentialAction\":[{\"@type\":\"ReadAction\",\"target\":[\"https:\\\/\\\/www.sun-sure-estates.com\\\/de\\\/produkt\\\/8836\\\/\"]}]},{\"@type\":\"ImageObject\",\"inLanguage\":\"de\",\"@id\":\"https:\\\/\\\/www.sun-sure-estates.com\\\/de\\\/produkt\\\/8836\\\/#primaryimage\",\"url\":\"https:\\\/\\\/www.sun-sure-estates.com\\\/wp-content\\\/uploads\\\/2020\\\/07\\\/1-3-1.jpg\",\"contentUrl\":\"https:\\\/\\\/www.sun-sure-estates.com\\\/wp-content\\\/uploads\\\/2020\\\/07\\\/1-3-1.jpg\",\"width\":986,\"height\":663},{\"@type\":\"BreadcrumbList\",\"@id\":\"https:\\\/\\\/www.sun-sure-estates.com\\\/de\\\/produkt\\\/8836\\\/#breadcrumb\",\"itemListElement\":[{\"@type\":\"ListItem\",\"position\":1,\"name\":\"Home\",\"item\":\"https:\\\/\\\/www.sun-sure-estates.com\\\/de\\\/\"},{\"@type\":\"ListItem\",\"position\":2,\"name\":\"Shop\",\"item\":\"https:\\\/\\\/www.sun-sure-estates.com\\\/de\\\/shop\\\/\"},{\"@type\":\"ListItem\",\"position\":3,\"name\":\"Design-Villa mit Meerblick\"}]},{\"@type\":\"WebSite\",\"@id\":\"https:\\\/\\\/www.sun-sure-estates.com\\\/de\\\/#website\",\"url\":\"https:\\\/\\\/www.sun-sure-estates.com\\\/de\\\/\",\"name\":\"Sun Sure Estates\",\"description\":\"Beleggen of wonen in je eigen huis onder de zon\",\"potentialAction\":[{\"@type\":\"SearchAction\",\"target\":{\"@type\":\"EntryPoint\",\"urlTemplate\":\"https:\\\/\\\/www.sun-sure-estates.com\\\/de\\\/?s={search_term_string}\"},\"query-input\":{\"@type\":\"PropertyValueSpecification\",\"valueRequired\":true,\"valueName\":\"search_term_string\"}}],\"inLanguage\":\"de\"}]}<\/script>\n<!-- \/ Yoast SEO plugin. -->","yoast_head_json":{"title":"Design-Villa mit Meerblick - Sun Sure Estates","robots":{"index":"index","follow":"follow","max-snippet":"max-snippet:-1","max-image-preview":"max-image-preview:large","max-video-preview":"max-video-preview:-1"},"canonical":"https:\/\/www.sun-sure-estates.com\/de\/produkt\/8836\/","og_locale":"de_DE","og_type":"article","og_title":"Design-Villa mit Meerblick - Sun Sure Estates","og_description":"Unweit des Mittelmeers in der sonnigen Region der Costa Blanca wird diese einzigartige, gro\u00dfe und luxuri\u00f6se Villa realisiert.\u00a0Diese Architektenvilla (Haustyp A) verf\u00fcgt \u00fcber eine Eingangshalle, Wohnzimmer, K\u00fcche, Essbereich, 5 Schlafzimmer mit 6 en-suite Badezimmern mit Fu\u00dfbodenheizung, einen eigenen Parkplatz sowie einen Infinity-Pool mit breitem Wasserfall auf der R\u00fcckseite. Die Villa bietet viel Privatsph\u00e4re und einen [&hellip;]","og_url":"https:\/\/www.sun-sure-estates.com\/de\/produkt\/8836\/","og_site_name":"Sun Sure Estates","article_modified_time":"2021-06-25T17:57:17+00:00","og_image":[{"width":986,"height":663,"url":"https:\/\/www.sun-sure-estates.com\/wp-content\/uploads\/2020\/07\/1-3-1.jpg","type":"image\/jpeg"}],"twitter_card":"summary_large_image","twitter_misc":{"Gesch\u00e4tzte Lesezeit":"1\u00a0Minute"},"schema":{"@context":"https:\/\/schema.org","@graph":[{"@type":"WebPage","@id":"https:\/\/www.sun-sure-estates.com\/de\/produkt\/8836\/","url":"https:\/\/www.sun-sure-estates.com\/de\/produkt\/8836\/","name":"Design-Villa mit Meerblick - Sun Sure Estates","isPartOf":{"@id":"https:\/\/www.sun-sure-estates.com\/de\/#website"},"primaryImageOfPage":{"@id":"https:\/\/www.sun-sure-estates.com\/de\/produkt\/8836\/#primaryimage"},"image":{"@id":"https:\/\/www.sun-sure-estates.com\/de\/produkt\/8836\/#primaryimage"},"thumbnailUrl":"https:\/\/www.sun-sure-estates.com\/wp-content\/uploads\/2020\/07\/1-3-1.jpg","datePublished":"2021-06-25T17:56:30+00:00","dateModified":"2021-06-25T17:57:17+00:00","breadcrumb":{"@id":"https:\/\/www.sun-sure-estates.com\/de\/produkt\/8836\/#breadcrumb"},"inLanguage":"de","potentialAction":[{"@type":"ReadAction","target":["https:\/\/www.sun-sure-estates.com\/de\/produkt\/8836\/"]}]},{"@type":"ImageObject","inLanguage":"de","@id":"https:\/\/www.sun-sure-estates.com\/de\/produkt\/8836\/#primaryimage","url":"https:\/\/www.sun-sure-estates.com\/wp-content\/uploads\/2020\/07\/1-3-1.jpg","contentUrl":"https:\/\/www.sun-sure-estates.com\/wp-content\/uploads\/2020\/07\/1-3-1.jpg","width":986,"height":663},{"@type":"BreadcrumbList","@id":"https:\/\/www.sun-sure-estates.com\/de\/produkt\/8836\/#breadcrumb","itemListElement":[{"@type":"ListItem","position":1,"name":"Home","item":"https:\/\/www.sun-sure-estates.com\/de\/"},{"@type":"ListItem","position":2,"name":"Shop","item":"https:\/\/www.sun-sure-estates.com\/de\/shop\/"},{"@type":"ListItem","position":3,"name":"Design-Villa mit Meerblick"}]},{"@type":"WebSite","@id":"https:\/\/www.sun-sure-estates.com\/de\/#website","url":"https:\/\/www.sun-sure-estates.com\/de\/","name":"Sun Sure Estates","description":"Beleggen of wonen in je eigen huis onder de zon","potentialAction":[{"@type":"SearchAction","target":{"@type":"EntryPoint","urlTemplate":"https:\/\/www.sun-sure-estates.com\/de\/?s={search_term_string}"},"query-input":{"@type":"PropertyValueSpecification","valueRequired":true,"valueName":"search_term_string"}}],"inLanguage":"de"}]}},"_links":{"self":[{"href":"https:\/\/www.sun-sure-estates.com\/de\/wp-json\/wp\/v2\/product\/8836","targetHints":{"allow":["GET"]}}],"collection":[{"href":"https:\/\/www.sun-sure-estates.com\/de\/wp-json\/wp\/v2\/product"}],"about":[{"href":"https:\/\/www.sun-sure-estates.com\/de\/wp-json\/wp\/v2\/types\/product"}],"replies":[{"embeddable":true,"href":"https:\/\/www.sun-sure-estates.com\/de\/wp-json\/wp\/v2\/comments?post=8836"}],"wp:featuredmedia":[{"embeddable":true,"href":"https:\/\/www.sun-sure-estates.com\/de\/wp-json\/wp\/v2\/media\/12655"}],"wp:attachment":[{"href":"https:\/\/www.sun-sure-estates.com\/de\/wp-json\/wp\/v2\/media?parent=8836"}],"wp:term":[{"taxonomy":"product_brand","embeddable":true,"href":"https:\/\/www.sun-sure-estates.com\/de\/wp-json\/wp\/v2\/product_brand?post=8836"},{"taxonomy":"product_cat","embeddable":true,"href":"https:\/\/www.sun-sure-estates.com\/de\/wp-json\/wp\/v2\/product_cat?post=8836"},{"taxonomy":"product_tag","embeddable":true,"href":"https:\/\/www.sun-sure-estates.com\/de\/wp-json\/wp\/v2\/product_tag?post=8836"}],"curies":[{"name":"wp","href":"https:\/\/api.w.org\/{rel}","templated":true}]}}