{"id":8968,"date":"2020-09-07T10:38:41","date_gmt":"2021-07-01T19:34:22","guid":{"rendered":"https:\/\/www.sun-sure-estates.com\/?post_type=product&#038;p=8968"},"modified":"2021-07-01T21:35:12","modified_gmt":"2021-07-01T19:35:12","slug":"einzigartige-moeblierte-wohnung-im-zentrum-von-formentera","status":"publish","type":"product","link":"https:\/\/www.sun-sure-estates.com\/de\/produkt\/einzigartige-moeblierte-wohnung-im-zentrum-von-formentera\/","title":{"rendered":"Einzigartige m\u00f6blierte Wohnung im Zentrum von Formentera"},"content":{"rendered":"<p>Exklusive spanische Immobilie in sonniger Lage<\/p>\n<p>Eines der ges\u00fcndesten Klimas Europas herrscht in dem sch\u00f6nen spanischen Dorf Formentera del Segura, in dem in einem kleinen, aber feinen Bauprojekt 17 luxuri\u00f6se Eigentumswohnungen erbaut werden.<\/p>\n<p>Das Wohnumfeld bietet Annehmlichkeiten des t\u00e4glichen Bedarfs, wie Superm\u00e4rkte und Restaurants, in fu\u00dfl\u00e4ufiger Entfernung und einen gro\u00dfen Wohlf\u00fchlfaktor. Die mit dem Auto nur ca. 5 Minuten von den Wohnungen entfernt liegende Stadt Benijofar bietet viele weitere Annehmlichkeiten.<\/p>\n<p>Das Wohngebiet befindet sich mit dem Auto nur ca. 30 Minuten vom Flughafen Alicante, ca. 6 Minuten vom Golfresort La Marquesa und ca. 5 Minuten von der Stadt Benijofar entfernt.<\/p>\n<p>Die Wohnungen, mit sehr attraktiv gestalteten Innenr\u00e4umen, verf\u00fcgen je \u00fcber einen Eingangsbereich, Diele, Wohnzimmer, gro\u00dfe K\u00fcche, Essbereich, zwei oder drei Schlafzimmer, eines davon mit Bad en suite, insgesamt zwei oder drei B\u00e4der, Balkon bzw. gro\u00dfe Dachterrasse.<\/p>\n","protected":false},"excerpt":{"rendered":"<p>Exklusive spanische Immobilie in sonniger Lage Eines der ges\u00fcndesten Klimas Europas herrscht in dem sch\u00f6nen spanischen Dorf Formentera del Segura, in dem in einem kleinen, aber feinen Bauprojekt 17 luxuri\u00f6se Eigentumswohnungen erbaut werden. Das Wohnumfeld bietet Annehmlichkeiten des t\u00e4glichen Bedarfs, wie Superm\u00e4rkte und Restaurants, in fu\u00dfl\u00e4ufiger Entfernung und einen gro\u00dfen Wohlf\u00fchlfaktor. Die mit dem Auto [&hellip;]<\/p>\n","protected":false},"featured_media":11553,"comment_status":"open","ping_status":"closed","template":"","meta":{"_acf_changed":false},"product_brand":[],"product_cat":[15],"product_tag":[],"class_list":{"0":"post-8968","1":"product","2":"type-product","3":"status-publish","4":"has-post-thumbnail","6":"province-alicante","7":"places-formentera","8":"country-spanje","9":"region-costa-blanca","10":"product_cat-geen-categorie","12":"first","13":"instock","14":"shipping-taxable","15":"purchasable","16":"product-type-simple"},"acf":[],"yoast_head":"<!-- This site is optimized with the Yoast SEO plugin v27.5 - https:\/\/yoast.com\/product\/yoast-seo-wordpress\/ -->\n<title>Einzigartige m\u00f6blierte Wohnung im Zentrum von Formentera - Sun Sure Estates<\/title>\n<meta name=\"robots\" content=\"index, follow, max-snippet:-1, max-image-preview:large, max-video-preview:-1\" \/>\n<link rel=\"canonical\" href=\"https:\/\/www.sun-sure-estates.com\/de\/produkt\/einzigartige-moeblierte-wohnung-im-zentrum-von-formentera\/\" \/>\n<meta property=\"og:locale\" content=\"de_DE\" \/>\n<meta property=\"og:type\" content=\"article\" \/>\n<meta property=\"og:title\" content=\"Einzigartige m\u00f6blierte Wohnung im Zentrum von Formentera - Sun Sure Estates\" \/>\n<meta property=\"og:description\" content=\"Exklusive spanische Immobilie in sonniger Lage Eines der ges\u00fcndesten Klimas Europas herrscht in dem sch\u00f6nen spanischen Dorf Formentera del Segura, in dem in einem kleinen, aber feinen Bauprojekt 17 luxuri\u00f6se Eigentumswohnungen erbaut werden. Das Wohnumfeld bietet Annehmlichkeiten des t\u00e4glichen Bedarfs, wie Superm\u00e4rkte und Restaurants, in fu\u00dfl\u00e4ufiger Entfernung und einen gro\u00dfen Wohlf\u00fchlfaktor. Die mit dem Auto [&hellip;]\" \/>\n<meta property=\"og:url\" content=\"https:\/\/www.sun-sure-estates.com\/de\/produkt\/einzigartige-moeblierte-wohnung-im-zentrum-von-formentera\/\" \/>\n<meta property=\"og:site_name\" content=\"Sun Sure Estates\" \/>\n<meta property=\"article:modified_time\" content=\"2021-07-01T19:35:12+00:00\" \/>\n<meta property=\"og:image\" content=\"https:\/\/www.sun-sure-estates.com\/wp-content\/uploads\/2020\/09\/1.-Sold-1.jpg\" \/>\n\t<meta property=\"og:image:width\" content=\"2448\" \/>\n\t<meta property=\"og:image:height\" content=\"1633\" \/>\n\t<meta property=\"og:image:type\" content=\"image\/jpeg\" \/>\n<meta name=\"twitter:card\" content=\"summary_large_image\" \/>\n<meta name=\"twitter:label1\" content=\"Gesch\u00e4tzte Lesezeit\" \/>\n\t<meta name=\"twitter:data1\" content=\"1\u00a0Minute\" \/>\n<script type=\"application\/ld+json\" class=\"yoast-schema-graph\">{\"@context\":\"https:\\\/\\\/schema.org\",\"@graph\":[{\"@type\":\"WebPage\",\"@id\":\"https:\\\/\\\/www.sun-sure-estates.com\\\/de\\\/produkt\\\/einzigartige-moeblierte-wohnung-im-zentrum-von-formentera\\\/\",\"url\":\"https:\\\/\\\/www.sun-sure-estates.com\\\/de\\\/produkt\\\/einzigartige-moeblierte-wohnung-im-zentrum-von-formentera\\\/\",\"name\":\"Einzigartige m\u00f6blierte Wohnung im Zentrum von Formentera - Sun Sure Estates\",\"isPartOf\":{\"@id\":\"https:\\\/\\\/www.sun-sure-estates.com\\\/de\\\/#website\"},\"primaryImageOfPage\":{\"@id\":\"https:\\\/\\\/www.sun-sure-estates.com\\\/de\\\/produkt\\\/einzigartige-moeblierte-wohnung-im-zentrum-von-formentera\\\/#primaryimage\"},\"image\":{\"@id\":\"https:\\\/\\\/www.sun-sure-estates.com\\\/de\\\/produkt\\\/einzigartige-moeblierte-wohnung-im-zentrum-von-formentera\\\/#primaryimage\"},\"thumbnailUrl\":\"https:\\\/\\\/www.sun-sure-estates.com\\\/wp-content\\\/uploads\\\/2020\\\/09\\\/1.-Sold-1.jpg\",\"datePublished\":\"2021-07-01T19:34:22+00:00\",\"dateModified\":\"2021-07-01T19:35:12+00:00\",\"breadcrumb\":{\"@id\":\"https:\\\/\\\/www.sun-sure-estates.com\\\/de\\\/produkt\\\/einzigartige-moeblierte-wohnung-im-zentrum-von-formentera\\\/#breadcrumb\"},\"inLanguage\":\"de\",\"potentialAction\":[{\"@type\":\"ReadAction\",\"target\":[\"https:\\\/\\\/www.sun-sure-estates.com\\\/de\\\/produkt\\\/einzigartige-moeblierte-wohnung-im-zentrum-von-formentera\\\/\"]}]},{\"@type\":\"ImageObject\",\"inLanguage\":\"de\",\"@id\":\"https:\\\/\\\/www.sun-sure-estates.com\\\/de\\\/produkt\\\/einzigartige-moeblierte-wohnung-im-zentrum-von-formentera\\\/#primaryimage\",\"url\":\"https:\\\/\\\/www.sun-sure-estates.com\\\/wp-content\\\/uploads\\\/2020\\\/09\\\/1.-Sold-1.jpg\",\"contentUrl\":\"https:\\\/\\\/www.sun-sure-estates.com\\\/wp-content\\\/uploads\\\/2020\\\/09\\\/1.-Sold-1.jpg\",\"width\":2448,\"height\":1633},{\"@type\":\"BreadcrumbList\",\"@id\":\"https:\\\/\\\/www.sun-sure-estates.com\\\/de\\\/produkt\\\/einzigartige-moeblierte-wohnung-im-zentrum-von-formentera\\\/#breadcrumb\",\"itemListElement\":[{\"@type\":\"ListItem\",\"position\":1,\"name\":\"Home\",\"item\":\"https:\\\/\\\/www.sun-sure-estates.com\\\/de\\\/\"},{\"@type\":\"ListItem\",\"position\":2,\"name\":\"Shop\",\"item\":\"https:\\\/\\\/www.sun-sure-estates.com\\\/de\\\/shop\\\/\"},{\"@type\":\"ListItem\",\"position\":3,\"name\":\"Einzigartige m\u00f6blierte Wohnung im Zentrum von Formentera\"}]},{\"@type\":\"WebSite\",\"@id\":\"https:\\\/\\\/www.sun-sure-estates.com\\\/de\\\/#website\",\"url\":\"https:\\\/\\\/www.sun-sure-estates.com\\\/de\\\/\",\"name\":\"Sun Sure Estates\",\"description\":\"Beleggen of wonen in je eigen huis onder de zon\",\"potentialAction\":[{\"@type\":\"SearchAction\",\"target\":{\"@type\":\"EntryPoint\",\"urlTemplate\":\"https:\\\/\\\/www.sun-sure-estates.com\\\/de\\\/?s={search_term_string}\"},\"query-input\":{\"@type\":\"PropertyValueSpecification\",\"valueRequired\":true,\"valueName\":\"search_term_string\"}}],\"inLanguage\":\"de\"}]}<\/script>\n<!-- \/ Yoast SEO plugin. -->","yoast_head_json":{"title":"Einzigartige m\u00f6blierte Wohnung im Zentrum von Formentera - Sun Sure Estates","robots":{"index":"index","follow":"follow","max-snippet":"max-snippet:-1","max-image-preview":"max-image-preview:large","max-video-preview":"max-video-preview:-1"},"canonical":"https:\/\/www.sun-sure-estates.com\/de\/produkt\/einzigartige-moeblierte-wohnung-im-zentrum-von-formentera\/","og_locale":"de_DE","og_type":"article","og_title":"Einzigartige m\u00f6blierte Wohnung im Zentrum von Formentera - Sun Sure Estates","og_description":"Exklusive spanische Immobilie in sonniger Lage Eines der ges\u00fcndesten Klimas Europas herrscht in dem sch\u00f6nen spanischen Dorf Formentera del Segura, in dem in einem kleinen, aber feinen Bauprojekt 17 luxuri\u00f6se Eigentumswohnungen erbaut werden. Das Wohnumfeld bietet Annehmlichkeiten des t\u00e4glichen Bedarfs, wie Superm\u00e4rkte und Restaurants, in fu\u00dfl\u00e4ufiger Entfernung und einen gro\u00dfen Wohlf\u00fchlfaktor. Die mit dem Auto [&hellip;]","og_url":"https:\/\/www.sun-sure-estates.com\/de\/produkt\/einzigartige-moeblierte-wohnung-im-zentrum-von-formentera\/","og_site_name":"Sun Sure Estates","article_modified_time":"2021-07-01T19:35:12+00:00","og_image":[{"width":2448,"height":1633,"url":"https:\/\/www.sun-sure-estates.com\/wp-content\/uploads\/2020\/09\/1.-Sold-1.jpg","type":"image\/jpeg"}],"twitter_card":"summary_large_image","twitter_misc":{"Gesch\u00e4tzte Lesezeit":"1\u00a0Minute"},"schema":{"@context":"https:\/\/schema.org","@graph":[{"@type":"WebPage","@id":"https:\/\/www.sun-sure-estates.com\/de\/produkt\/einzigartige-moeblierte-wohnung-im-zentrum-von-formentera\/","url":"https:\/\/www.sun-sure-estates.com\/de\/produkt\/einzigartige-moeblierte-wohnung-im-zentrum-von-formentera\/","name":"Einzigartige m\u00f6blierte Wohnung im Zentrum von Formentera - Sun Sure Estates","isPartOf":{"@id":"https:\/\/www.sun-sure-estates.com\/de\/#website"},"primaryImageOfPage":{"@id":"https:\/\/www.sun-sure-estates.com\/de\/produkt\/einzigartige-moeblierte-wohnung-im-zentrum-von-formentera\/#primaryimage"},"image":{"@id":"https:\/\/www.sun-sure-estates.com\/de\/produkt\/einzigartige-moeblierte-wohnung-im-zentrum-von-formentera\/#primaryimage"},"thumbnailUrl":"https:\/\/www.sun-sure-estates.com\/wp-content\/uploads\/2020\/09\/1.-Sold-1.jpg","datePublished":"2021-07-01T19:34:22+00:00","dateModified":"2021-07-01T19:35:12+00:00","breadcrumb":{"@id":"https:\/\/www.sun-sure-estates.com\/de\/produkt\/einzigartige-moeblierte-wohnung-im-zentrum-von-formentera\/#breadcrumb"},"inLanguage":"de","potentialAction":[{"@type":"ReadAction","target":["https:\/\/www.sun-sure-estates.com\/de\/produkt\/einzigartige-moeblierte-wohnung-im-zentrum-von-formentera\/"]}]},{"@type":"ImageObject","inLanguage":"de","@id":"https:\/\/www.sun-sure-estates.com\/de\/produkt\/einzigartige-moeblierte-wohnung-im-zentrum-von-formentera\/#primaryimage","url":"https:\/\/www.sun-sure-estates.com\/wp-content\/uploads\/2020\/09\/1.-Sold-1.jpg","contentUrl":"https:\/\/www.sun-sure-estates.com\/wp-content\/uploads\/2020\/09\/1.-Sold-1.jpg","width":2448,"height":1633},{"@type":"BreadcrumbList","@id":"https:\/\/www.sun-sure-estates.com\/de\/produkt\/einzigartige-moeblierte-wohnung-im-zentrum-von-formentera\/#breadcrumb","itemListElement":[{"@type":"ListItem","position":1,"name":"Home","item":"https:\/\/www.sun-sure-estates.com\/de\/"},{"@type":"ListItem","position":2,"name":"Shop","item":"https:\/\/www.sun-sure-estates.com\/de\/shop\/"},{"@type":"ListItem","position":3,"name":"Einzigartige m\u00f6blierte Wohnung im Zentrum von Formentera"}]},{"@type":"WebSite","@id":"https:\/\/www.sun-sure-estates.com\/de\/#website","url":"https:\/\/www.sun-sure-estates.com\/de\/","name":"Sun Sure Estates","description":"Beleggen of wonen in je eigen huis onder de zon","potentialAction":[{"@type":"SearchAction","target":{"@type":"EntryPoint","urlTemplate":"https:\/\/www.sun-sure-estates.com\/de\/?s={search_term_string}"},"query-input":{"@type":"PropertyValueSpecification","valueRequired":true,"valueName":"search_term_string"}}],"inLanguage":"de"}]}},"_links":{"self":[{"href":"https:\/\/www.sun-sure-estates.com\/de\/wp-json\/wp\/v2\/product\/8968","targetHints":{"allow":["GET"]}}],"collection":[{"href":"https:\/\/www.sun-sure-estates.com\/de\/wp-json\/wp\/v2\/product"}],"about":[{"href":"https:\/\/www.sun-sure-estates.com\/de\/wp-json\/wp\/v2\/types\/product"}],"replies":[{"embeddable":true,"href":"https:\/\/www.sun-sure-estates.com\/de\/wp-json\/wp\/v2\/comments?post=8968"}],"wp:featuredmedia":[{"embeddable":true,"href":"https:\/\/www.sun-sure-estates.com\/de\/wp-json\/wp\/v2\/media\/11553"}],"wp:attachment":[{"href":"https:\/\/www.sun-sure-estates.com\/de\/wp-json\/wp\/v2\/media?parent=8968"}],"wp:term":[{"taxonomy":"product_brand","embeddable":true,"href":"https:\/\/www.sun-sure-estates.com\/de\/wp-json\/wp\/v2\/product_brand?post=8968"},{"taxonomy":"product_cat","embeddable":true,"href":"https:\/\/www.sun-sure-estates.com\/de\/wp-json\/wp\/v2\/product_cat?post=8968"},{"taxonomy":"product_tag","embeddable":true,"href":"https:\/\/www.sun-sure-estates.com\/de\/wp-json\/wp\/v2\/product_tag?post=8968"}],"curies":[{"name":"wp","href":"https:\/\/api.w.org\/{rel}","templated":true}]}}