{"id":9016,"date":"2020-09-06T11:15:12","date_gmt":"2020-09-06T09:15:12","guid":{"rendered":"https:\/\/www.sun-sure-estates.com\/?post_type=product&#038;p=9016"},"modified":"2021-07-03T10:48:45","modified_gmt":"2021-07-03T08:48:45","slug":"exklusive-spanische-immobilie-in-sonniger-lage","status":"publish","type":"product","link":"https:\/\/www.sun-sure-estates.com\/de\/produkt\/exklusive-spanische-immobilie-in-sonniger-lage\/","title":{"rendered":"Exklusive spanische Immobilie in sonniger Lage"},"content":{"rendered":"<p>Willkommen zu Hause im Luxusviertel der Stadt Guardamar im Herzen der Costa Blanca am Mittelmeer mit einem der ges\u00fcndesten Klimas Europas.<\/p>\n<p>In dieser sonnenverw\u00f6hnten Region mit dem Naturschutzgebiet, dem Flamingo-Paradies, Sonne, Meer und Strand in direkter Nachbarschaft, sind diese ger\u00e4umigen und hochwertigen Wohnungen erbaut worden. Die Wohnanlage bietet einen Gemeinschaftspool, eine unterirdische Sauna, Jacuzzi und Fitnessraum.<\/p>\n<p>Die zentrale Lage, gl\u00e4nzt durch die perfekte Erreichbarkeit von lokalen Gesch\u00e4ften, Superm\u00e4rkten, mehr als 10 Restaurants, Apotheke etc. je nach einem kurzen Fu\u00dfweg. Mit dem Auto oder Fahrrad ist auch der wundersch\u00f6ne Strand von Guardamar schnell erreicht.\u00a0Insgesamt ist es ein fantastischer Ort zum Leben sowohl f\u00fcr j\u00fcngere und \u00e4ltere Menschen als auch Familien mit Kindern.<\/p>\n<p>Der Flughafen Alicante ist nur etwa eine 30-min\u00fctige Autofahrt entfernt.<\/p>\n","protected":false},"excerpt":{"rendered":"<p>Willkommen zu Hause im Luxusviertel der Stadt Guardamar im Herzen der Costa Blanca am Mittelmeer mit einem der ges\u00fcndesten Klimas Europas. In dieser sonnenverw\u00f6hnten Region mit dem Naturschutzgebiet, dem Flamingo-Paradies, Sonne, Meer und Strand in direkter Nachbarschaft, sind diese ger\u00e4umigen und hochwertigen Wohnungen erbaut worden. Die Wohnanlage bietet einen Gemeinschaftspool, eine unterirdische Sauna, Jacuzzi und [&hellip;]<\/p>\n","protected":false},"featured_media":14686,"comment_status":"open","ping_status":"closed","template":"","meta":{"_acf_changed":false},"product_brand":[],"product_cat":[15],"product_tag":[],"class_list":{"0":"post-9016","1":"product","2":"type-product","3":"status-publish","4":"has-post-thumbnail","6":"province-alicante","7":"places-guardamar","8":"country-spanje","9":"region-costa-blanca","10":"product_cat-geen-categorie","12":"first","13":"instock","14":"shipping-taxable","15":"purchasable","16":"product-type-simple"},"acf":[],"yoast_head":"<!-- This site is optimized with the Yoast SEO plugin v27.4 - https:\/\/yoast.com\/product\/yoast-seo-wordpress\/ -->\n<title>Exklusive spanische Immobilie in sonniger Lage - Sun Sure Estates<\/title>\n<meta name=\"robots\" content=\"index, follow, max-snippet:-1, max-image-preview:large, max-video-preview:-1\" \/>\n<link rel=\"canonical\" href=\"https:\/\/www.sun-sure-estates.com\/de\/produkt\/exklusive-spanische-immobilie-in-sonniger-lage\/\" \/>\n<meta property=\"og:locale\" content=\"de_DE\" \/>\n<meta property=\"og:type\" content=\"article\" \/>\n<meta property=\"og:title\" content=\"Exklusive spanische Immobilie in sonniger Lage - Sun Sure Estates\" \/>\n<meta property=\"og:description\" content=\"Willkommen zu Hause im Luxusviertel der Stadt Guardamar im Herzen der Costa Blanca am Mittelmeer mit einem der ges\u00fcndesten Klimas Europas. In dieser sonnenverw\u00f6hnten Region mit dem Naturschutzgebiet, dem Flamingo-Paradies, Sonne, Meer und Strand in direkter Nachbarschaft, sind diese ger\u00e4umigen und hochwertigen Wohnungen erbaut worden. Die Wohnanlage bietet einen Gemeinschaftspool, eine unterirdische Sauna, Jacuzzi und [&hellip;]\" \/>\n<meta property=\"og:url\" content=\"https:\/\/www.sun-sure-estates.com\/de\/produkt\/exklusive-spanische-immobilie-in-sonniger-lage\/\" \/>\n<meta property=\"og:site_name\" content=\"Sun Sure Estates\" \/>\n<meta property=\"article:modified_time\" content=\"2021-07-03T08:48:45+00:00\" \/>\n<meta property=\"og:image\" content=\"https:\/\/www.sun-sure-estates.com\/wp-content\/uploads\/2020\/09\/7a-Main-foto.jpg\" \/>\n\t<meta property=\"og:image:width\" content=\"1920\" \/>\n\t<meta property=\"og:image:height\" content=\"1080\" \/>\n\t<meta property=\"og:image:type\" content=\"image\/jpeg\" \/>\n<meta name=\"twitter:card\" content=\"summary_large_image\" \/>\n<meta name=\"twitter:label1\" content=\"Gesch\u00e4tzte Lesezeit\" \/>\n\t<meta name=\"twitter:data1\" content=\"1\u00a0Minute\" \/>\n<script type=\"application\/ld+json\" class=\"yoast-schema-graph\">{\"@context\":\"https:\\\/\\\/schema.org\",\"@graph\":[{\"@type\":\"WebPage\",\"@id\":\"https:\\\/\\\/www.sun-sure-estates.com\\\/de\\\/produkt\\\/exklusive-spanische-immobilie-in-sonniger-lage\\\/\",\"url\":\"https:\\\/\\\/www.sun-sure-estates.com\\\/de\\\/produkt\\\/exklusive-spanische-immobilie-in-sonniger-lage\\\/\",\"name\":\"Exklusive spanische Immobilie in sonniger Lage - Sun Sure Estates\",\"isPartOf\":{\"@id\":\"https:\\\/\\\/www.sun-sure-estates.com\\\/de\\\/#website\"},\"primaryImageOfPage\":{\"@id\":\"https:\\\/\\\/www.sun-sure-estates.com\\\/de\\\/produkt\\\/exklusive-spanische-immobilie-in-sonniger-lage\\\/#primaryimage\"},\"image\":{\"@id\":\"https:\\\/\\\/www.sun-sure-estates.com\\\/de\\\/produkt\\\/exklusive-spanische-immobilie-in-sonniger-lage\\\/#primaryimage\"},\"thumbnailUrl\":\"https:\\\/\\\/www.sun-sure-estates.com\\\/wp-content\\\/uploads\\\/2020\\\/09\\\/7a-Main-foto.jpg\",\"datePublished\":\"2020-09-06T09:15:12+00:00\",\"dateModified\":\"2021-07-03T08:48:45+00:00\",\"breadcrumb\":{\"@id\":\"https:\\\/\\\/www.sun-sure-estates.com\\\/de\\\/produkt\\\/exklusive-spanische-immobilie-in-sonniger-lage\\\/#breadcrumb\"},\"inLanguage\":\"de\",\"potentialAction\":[{\"@type\":\"ReadAction\",\"target\":[\"https:\\\/\\\/www.sun-sure-estates.com\\\/de\\\/produkt\\\/exklusive-spanische-immobilie-in-sonniger-lage\\\/\"]}]},{\"@type\":\"ImageObject\",\"inLanguage\":\"de\",\"@id\":\"https:\\\/\\\/www.sun-sure-estates.com\\\/de\\\/produkt\\\/exklusive-spanische-immobilie-in-sonniger-lage\\\/#primaryimage\",\"url\":\"https:\\\/\\\/www.sun-sure-estates.com\\\/wp-content\\\/uploads\\\/2020\\\/09\\\/7a-Main-foto.jpg\",\"contentUrl\":\"https:\\\/\\\/www.sun-sure-estates.com\\\/wp-content\\\/uploads\\\/2020\\\/09\\\/7a-Main-foto.jpg\",\"width\":1920,\"height\":1080},{\"@type\":\"BreadcrumbList\",\"@id\":\"https:\\\/\\\/www.sun-sure-estates.com\\\/de\\\/produkt\\\/exklusive-spanische-immobilie-in-sonniger-lage\\\/#breadcrumb\",\"itemListElement\":[{\"@type\":\"ListItem\",\"position\":1,\"name\":\"Home\",\"item\":\"https:\\\/\\\/www.sun-sure-estates.com\\\/de\\\/\"},{\"@type\":\"ListItem\",\"position\":2,\"name\":\"Shop\",\"item\":\"https:\\\/\\\/www.sun-sure-estates.com\\\/de\\\/shop\\\/\"},{\"@type\":\"ListItem\",\"position\":3,\"name\":\"Exklusive spanische Immobilie in sonniger Lage\"}]},{\"@type\":\"WebSite\",\"@id\":\"https:\\\/\\\/www.sun-sure-estates.com\\\/de\\\/#website\",\"url\":\"https:\\\/\\\/www.sun-sure-estates.com\\\/de\\\/\",\"name\":\"Sun Sure Estates\",\"description\":\"Beleggen of wonen in je eigen huis onder de zon\",\"potentialAction\":[{\"@type\":\"SearchAction\",\"target\":{\"@type\":\"EntryPoint\",\"urlTemplate\":\"https:\\\/\\\/www.sun-sure-estates.com\\\/de\\\/?s={search_term_string}\"},\"query-input\":{\"@type\":\"PropertyValueSpecification\",\"valueRequired\":true,\"valueName\":\"search_term_string\"}}],\"inLanguage\":\"de\"}]}<\/script>\n<!-- \/ Yoast SEO plugin. -->","yoast_head_json":{"title":"Exklusive spanische Immobilie in sonniger Lage - Sun Sure Estates","robots":{"index":"index","follow":"follow","max-snippet":"max-snippet:-1","max-image-preview":"max-image-preview:large","max-video-preview":"max-video-preview:-1"},"canonical":"https:\/\/www.sun-sure-estates.com\/de\/produkt\/exklusive-spanische-immobilie-in-sonniger-lage\/","og_locale":"de_DE","og_type":"article","og_title":"Exklusive spanische Immobilie in sonniger Lage - Sun Sure Estates","og_description":"Willkommen zu Hause im Luxusviertel der Stadt Guardamar im Herzen der Costa Blanca am Mittelmeer mit einem der ges\u00fcndesten Klimas Europas. In dieser sonnenverw\u00f6hnten Region mit dem Naturschutzgebiet, dem Flamingo-Paradies, Sonne, Meer und Strand in direkter Nachbarschaft, sind diese ger\u00e4umigen und hochwertigen Wohnungen erbaut worden. Die Wohnanlage bietet einen Gemeinschaftspool, eine unterirdische Sauna, Jacuzzi und [&hellip;]","og_url":"https:\/\/www.sun-sure-estates.com\/de\/produkt\/exklusive-spanische-immobilie-in-sonniger-lage\/","og_site_name":"Sun Sure Estates","article_modified_time":"2021-07-03T08:48:45+00:00","og_image":[{"width":1920,"height":1080,"url":"https:\/\/www.sun-sure-estates.com\/wp-content\/uploads\/2020\/09\/7a-Main-foto.jpg","type":"image\/jpeg"}],"twitter_card":"summary_large_image","twitter_misc":{"Gesch\u00e4tzte Lesezeit":"1\u00a0Minute"},"schema":{"@context":"https:\/\/schema.org","@graph":[{"@type":"WebPage","@id":"https:\/\/www.sun-sure-estates.com\/de\/produkt\/exklusive-spanische-immobilie-in-sonniger-lage\/","url":"https:\/\/www.sun-sure-estates.com\/de\/produkt\/exklusive-spanische-immobilie-in-sonniger-lage\/","name":"Exklusive spanische Immobilie in sonniger Lage - Sun Sure Estates","isPartOf":{"@id":"https:\/\/www.sun-sure-estates.com\/de\/#website"},"primaryImageOfPage":{"@id":"https:\/\/www.sun-sure-estates.com\/de\/produkt\/exklusive-spanische-immobilie-in-sonniger-lage\/#primaryimage"},"image":{"@id":"https:\/\/www.sun-sure-estates.com\/de\/produkt\/exklusive-spanische-immobilie-in-sonniger-lage\/#primaryimage"},"thumbnailUrl":"https:\/\/www.sun-sure-estates.com\/wp-content\/uploads\/2020\/09\/7a-Main-foto.jpg","datePublished":"2020-09-06T09:15:12+00:00","dateModified":"2021-07-03T08:48:45+00:00","breadcrumb":{"@id":"https:\/\/www.sun-sure-estates.com\/de\/produkt\/exklusive-spanische-immobilie-in-sonniger-lage\/#breadcrumb"},"inLanguage":"de","potentialAction":[{"@type":"ReadAction","target":["https:\/\/www.sun-sure-estates.com\/de\/produkt\/exklusive-spanische-immobilie-in-sonniger-lage\/"]}]},{"@type":"ImageObject","inLanguage":"de","@id":"https:\/\/www.sun-sure-estates.com\/de\/produkt\/exklusive-spanische-immobilie-in-sonniger-lage\/#primaryimage","url":"https:\/\/www.sun-sure-estates.com\/wp-content\/uploads\/2020\/09\/7a-Main-foto.jpg","contentUrl":"https:\/\/www.sun-sure-estates.com\/wp-content\/uploads\/2020\/09\/7a-Main-foto.jpg","width":1920,"height":1080},{"@type":"BreadcrumbList","@id":"https:\/\/www.sun-sure-estates.com\/de\/produkt\/exklusive-spanische-immobilie-in-sonniger-lage\/#breadcrumb","itemListElement":[{"@type":"ListItem","position":1,"name":"Home","item":"https:\/\/www.sun-sure-estates.com\/de\/"},{"@type":"ListItem","position":2,"name":"Shop","item":"https:\/\/www.sun-sure-estates.com\/de\/shop\/"},{"@type":"ListItem","position":3,"name":"Exklusive spanische Immobilie in sonniger Lage"}]},{"@type":"WebSite","@id":"https:\/\/www.sun-sure-estates.com\/de\/#website","url":"https:\/\/www.sun-sure-estates.com\/de\/","name":"Sun Sure Estates","description":"Beleggen of wonen in je eigen huis onder de zon","potentialAction":[{"@type":"SearchAction","target":{"@type":"EntryPoint","urlTemplate":"https:\/\/www.sun-sure-estates.com\/de\/?s={search_term_string}"},"query-input":{"@type":"PropertyValueSpecification","valueRequired":true,"valueName":"search_term_string"}}],"inLanguage":"de"}]}},"_links":{"self":[{"href":"https:\/\/www.sun-sure-estates.com\/de\/wp-json\/wp\/v2\/product\/9016","targetHints":{"allow":["GET"]}}],"collection":[{"href":"https:\/\/www.sun-sure-estates.com\/de\/wp-json\/wp\/v2\/product"}],"about":[{"href":"https:\/\/www.sun-sure-estates.com\/de\/wp-json\/wp\/v2\/types\/product"}],"replies":[{"embeddable":true,"href":"https:\/\/www.sun-sure-estates.com\/de\/wp-json\/wp\/v2\/comments?post=9016"}],"wp:featuredmedia":[{"embeddable":true,"href":"https:\/\/www.sun-sure-estates.com\/de\/wp-json\/wp\/v2\/media\/14686"}],"wp:attachment":[{"href":"https:\/\/www.sun-sure-estates.com\/de\/wp-json\/wp\/v2\/media?parent=9016"}],"wp:term":[{"taxonomy":"product_brand","embeddable":true,"href":"https:\/\/www.sun-sure-estates.com\/de\/wp-json\/wp\/v2\/product_brand?post=9016"},{"taxonomy":"product_cat","embeddable":true,"href":"https:\/\/www.sun-sure-estates.com\/de\/wp-json\/wp\/v2\/product_cat?post=9016"},{"taxonomy":"product_tag","embeddable":true,"href":"https:\/\/www.sun-sure-estates.com\/de\/wp-json\/wp\/v2\/product_tag?post=9016"}],"curies":[{"name":"wp","href":"https:\/\/api.w.org\/{rel}","templated":true}]}}