{"id":9018,"date":"2021-03-20T20:01:46","date_gmt":"2021-07-03T08:59:51","guid":{"rendered":"https:\/\/www.sun-sure-estates.com\/?post_type=product&#038;p=9018"},"modified":"2021-07-03T10:59:52","modified_gmt":"2021-07-03T08:59:52","slug":"exklusive-spanische-immobilie-in-sonniger-lage-2","status":"publish","type":"product","link":"https:\/\/www.sun-sure-estates.com\/de\/produkt\/exklusive-spanische-immobilie-in-sonniger-lage-2\/","title":{"rendered":"Exklusive spanische Immobilie in sonniger Lage"},"content":{"rendered":"<p>Nah am Mittelmeer wurden diese sch\u00f6nen und ger\u00e4umigen Doppelhaush\u00e4lften gebaut. Die Gestaltung der Fassade stellt eine sch\u00f6ne Mischung aus moderner und mediterraner Architektur dar. Diese Wohnanlage liegt inmitten einer geschlossenen und sehr gepflegten Urbanisation. Es gibt einen gro\u00dfen und sch\u00f6nen Gemeinschaftspool im Innenhof, wo viel Gr\u00fcn, Palmen und Olivenb\u00e4ume ein sch\u00f6nes und angenehmes Ganzes bilden.<\/p>\n<p>Durch die Anordnung, dass jedes Haus an einer Ecke gelegen ist, erhalten sie alle eine tolle nat\u00fcrliche Belichtung,<\/p>\n<p>Das Haus ist in Bezug auf die Verarbeitung von \u00fcberdurchschnittlicher Qualit\u00e4t.<\/p>\n<p>Es ist aufgeteilt in ein Wohnzimmer, Essbereich, K\u00fcche mit K\u00fcchenbar, 3 Schlafzimmer mit Einbauschr\u00e4nken, 3 beheizte Badezimmer (eines davon &#8218;en-suite&#8216; am Hauptschlafzimmer).<\/p>\n<p>Das Wohnzimmer bietet einen sch\u00f6nen Blick auf die private, teilweise \u00fcberdachte Terrasse und den gemeinschaftlichen Garten. In einer Linie mit dem Hauptschlafzimmer im 1. Stock befindet sich die mehr als 15m\u00b2 gro\u00dfe und geflieste Terrasse mit einer traumhaften Aussicht.<\/p>\n<p>In der obersten Etage befindet sich eine gro\u00dfe Sonnenterrasse, mit viel Platz f\u00fcr Sonnenliegen, einen Esstisch, einen Grill und einen Whirlpool. Hier lassen sich das \u00fcblicherweise wunderbare Wetter der Region und herrliche Sommerabende genie\u00dfen.<\/p>\n<p>Die H\u00e4user liegen in einer Wohngegend mit vielen Einrichtungen des t\u00e4glichen Bedarfs, wie zum Beispiel Superm\u00e4rkte, Restaurants und nat\u00fcrlich der Strand und das Mittelmeer. Der Flughafen Alicante ist nur ca. 35 Minuten mit dem Auto entfernt.<\/p>\n<p>Kommen Sie in die sonnige Gegend der Costa Blanca und genie\u00dfen Sie Sonne, Meer, Strand, Natur und Ruhe!<\/p>\n","protected":false},"excerpt":{"rendered":"<p>Nah am Mittelmeer wurden diese sch\u00f6nen und ger\u00e4umigen Doppelhaush\u00e4lften gebaut. Die Gestaltung der Fassade stellt eine sch\u00f6ne Mischung aus moderner und mediterraner Architektur dar. Diese Wohnanlage liegt inmitten einer geschlossenen und sehr gepflegten Urbanisation. Es gibt einen gro\u00dfen und sch\u00f6nen Gemeinschaftspool im Innenhof, wo viel Gr\u00fcn, Palmen und Olivenb\u00e4ume ein sch\u00f6nes und angenehmes Ganzes bilden. [&hellip;]<\/p>\n","protected":false},"featured_media":11412,"comment_status":"open","ping_status":"closed","template":"","meta":{"_acf_changed":false},"product_brand":[],"product_cat":[15],"product_tag":[],"class_list":{"0":"post-9018","1":"product","2":"type-product","3":"status-publish","4":"has-post-thumbnail","6":"province-alicante","7":"places-quesada","8":"country-spanje","9":"region-costa-blanca","10":"product_cat-geen-categorie","12":"first","13":"instock","14":"shipping-taxable","15":"purchasable","16":"product-type-simple"},"acf":[],"yoast_head":"<!-- This site is optimized with the Yoast SEO plugin v27.4 - https:\/\/yoast.com\/product\/yoast-seo-wordpress\/ -->\n<title>Exklusive spanische Immobilie in sonniger Lage - Sun Sure Estates<\/title>\n<meta name=\"robots\" content=\"index, follow, max-snippet:-1, max-image-preview:large, max-video-preview:-1\" \/>\n<link rel=\"canonical\" href=\"https:\/\/www.sun-sure-estates.com\/de\/produkt\/exklusive-spanische-immobilie-in-sonniger-lage-2\/\" \/>\n<meta property=\"og:locale\" content=\"de_DE\" \/>\n<meta property=\"og:type\" content=\"article\" \/>\n<meta property=\"og:title\" content=\"Exklusive spanische Immobilie in sonniger Lage - Sun Sure Estates\" \/>\n<meta property=\"og:description\" content=\"Nah am Mittelmeer wurden diese sch\u00f6nen und ger\u00e4umigen Doppelhaush\u00e4lften gebaut. Die Gestaltung der Fassade stellt eine sch\u00f6ne Mischung aus moderner und mediterraner Architektur dar. Diese Wohnanlage liegt inmitten einer geschlossenen und sehr gepflegten Urbanisation. Es gibt einen gro\u00dfen und sch\u00f6nen Gemeinschaftspool im Innenhof, wo viel Gr\u00fcn, Palmen und Olivenb\u00e4ume ein sch\u00f6nes und angenehmes Ganzes bilden. [&hellip;]\" \/>\n<meta property=\"og:url\" content=\"https:\/\/www.sun-sure-estates.com\/de\/produkt\/exklusive-spanische-immobilie-in-sonniger-lage-2\/\" \/>\n<meta property=\"og:site_name\" content=\"Sun Sure Estates\" \/>\n<meta property=\"article:modified_time\" content=\"2021-07-03T08:59:52+00:00\" \/>\n<meta property=\"og:image\" content=\"https:\/\/www.sun-sure-estates.com\/wp-content\/uploads\/2021\/03\/1.-Sold-1.jpg\" \/>\n\t<meta property=\"og:image:width\" content=\"2500\" \/>\n\t<meta property=\"og:image:height\" content=\"1669\" \/>\n\t<meta property=\"og:image:type\" content=\"image\/jpeg\" \/>\n<meta name=\"twitter:card\" content=\"summary_large_image\" \/>\n<meta name=\"twitter:label1\" content=\"Gesch\u00e4tzte Lesezeit\" \/>\n\t<meta name=\"twitter:data1\" content=\"2\u00a0Minuten\" \/>\n<script type=\"application\/ld+json\" class=\"yoast-schema-graph\">{\"@context\":\"https:\\\/\\\/schema.org\",\"@graph\":[{\"@type\":\"WebPage\",\"@id\":\"https:\\\/\\\/www.sun-sure-estates.com\\\/de\\\/produkt\\\/exklusive-spanische-immobilie-in-sonniger-lage-2\\\/\",\"url\":\"https:\\\/\\\/www.sun-sure-estates.com\\\/de\\\/produkt\\\/exklusive-spanische-immobilie-in-sonniger-lage-2\\\/\",\"name\":\"Exklusive spanische Immobilie in sonniger Lage - Sun Sure Estates\",\"isPartOf\":{\"@id\":\"https:\\\/\\\/www.sun-sure-estates.com\\\/de\\\/#website\"},\"primaryImageOfPage\":{\"@id\":\"https:\\\/\\\/www.sun-sure-estates.com\\\/de\\\/produkt\\\/exklusive-spanische-immobilie-in-sonniger-lage-2\\\/#primaryimage\"},\"image\":{\"@id\":\"https:\\\/\\\/www.sun-sure-estates.com\\\/de\\\/produkt\\\/exklusive-spanische-immobilie-in-sonniger-lage-2\\\/#primaryimage\"},\"thumbnailUrl\":\"https:\\\/\\\/www.sun-sure-estates.com\\\/wp-content\\\/uploads\\\/2021\\\/03\\\/1.-Sold-1.jpg\",\"datePublished\":\"2021-07-03T08:59:51+00:00\",\"dateModified\":\"2021-07-03T08:59:52+00:00\",\"breadcrumb\":{\"@id\":\"https:\\\/\\\/www.sun-sure-estates.com\\\/de\\\/produkt\\\/exklusive-spanische-immobilie-in-sonniger-lage-2\\\/#breadcrumb\"},\"inLanguage\":\"de\",\"potentialAction\":[{\"@type\":\"ReadAction\",\"target\":[\"https:\\\/\\\/www.sun-sure-estates.com\\\/de\\\/produkt\\\/exklusive-spanische-immobilie-in-sonniger-lage-2\\\/\"]}]},{\"@type\":\"ImageObject\",\"inLanguage\":\"de\",\"@id\":\"https:\\\/\\\/www.sun-sure-estates.com\\\/de\\\/produkt\\\/exklusive-spanische-immobilie-in-sonniger-lage-2\\\/#primaryimage\",\"url\":\"https:\\\/\\\/www.sun-sure-estates.com\\\/wp-content\\\/uploads\\\/2021\\\/03\\\/1.-Sold-1.jpg\",\"contentUrl\":\"https:\\\/\\\/www.sun-sure-estates.com\\\/wp-content\\\/uploads\\\/2021\\\/03\\\/1.-Sold-1.jpg\",\"width\":2500,\"height\":1669},{\"@type\":\"BreadcrumbList\",\"@id\":\"https:\\\/\\\/www.sun-sure-estates.com\\\/de\\\/produkt\\\/exklusive-spanische-immobilie-in-sonniger-lage-2\\\/#breadcrumb\",\"itemListElement\":[{\"@type\":\"ListItem\",\"position\":1,\"name\":\"Home\",\"item\":\"https:\\\/\\\/www.sun-sure-estates.com\\\/de\\\/\"},{\"@type\":\"ListItem\",\"position\":2,\"name\":\"Shop\",\"item\":\"https:\\\/\\\/www.sun-sure-estates.com\\\/de\\\/shop\\\/\"},{\"@type\":\"ListItem\",\"position\":3,\"name\":\"Exklusive spanische Immobilie in sonniger Lage\"}]},{\"@type\":\"WebSite\",\"@id\":\"https:\\\/\\\/www.sun-sure-estates.com\\\/de\\\/#website\",\"url\":\"https:\\\/\\\/www.sun-sure-estates.com\\\/de\\\/\",\"name\":\"Sun Sure Estates\",\"description\":\"Beleggen of wonen in je eigen huis onder de zon\",\"potentialAction\":[{\"@type\":\"SearchAction\",\"target\":{\"@type\":\"EntryPoint\",\"urlTemplate\":\"https:\\\/\\\/www.sun-sure-estates.com\\\/de\\\/?s={search_term_string}\"},\"query-input\":{\"@type\":\"PropertyValueSpecification\",\"valueRequired\":true,\"valueName\":\"search_term_string\"}}],\"inLanguage\":\"de\"}]}<\/script>\n<!-- \/ Yoast SEO plugin. -->","yoast_head_json":{"title":"Exklusive spanische Immobilie in sonniger Lage - Sun Sure Estates","robots":{"index":"index","follow":"follow","max-snippet":"max-snippet:-1","max-image-preview":"max-image-preview:large","max-video-preview":"max-video-preview:-1"},"canonical":"https:\/\/www.sun-sure-estates.com\/de\/produkt\/exklusive-spanische-immobilie-in-sonniger-lage-2\/","og_locale":"de_DE","og_type":"article","og_title":"Exklusive spanische Immobilie in sonniger Lage - Sun Sure Estates","og_description":"Nah am Mittelmeer wurden diese sch\u00f6nen und ger\u00e4umigen Doppelhaush\u00e4lften gebaut. Die Gestaltung der Fassade stellt eine sch\u00f6ne Mischung aus moderner und mediterraner Architektur dar. Diese Wohnanlage liegt inmitten einer geschlossenen und sehr gepflegten Urbanisation. Es gibt einen gro\u00dfen und sch\u00f6nen Gemeinschaftspool im Innenhof, wo viel Gr\u00fcn, Palmen und Olivenb\u00e4ume ein sch\u00f6nes und angenehmes Ganzes bilden. [&hellip;]","og_url":"https:\/\/www.sun-sure-estates.com\/de\/produkt\/exklusive-spanische-immobilie-in-sonniger-lage-2\/","og_site_name":"Sun Sure Estates","article_modified_time":"2021-07-03T08:59:52+00:00","og_image":[{"width":2500,"height":1669,"url":"https:\/\/www.sun-sure-estates.com\/wp-content\/uploads\/2021\/03\/1.-Sold-1.jpg","type":"image\/jpeg"}],"twitter_card":"summary_large_image","twitter_misc":{"Gesch\u00e4tzte Lesezeit":"2\u00a0Minuten"},"schema":{"@context":"https:\/\/schema.org","@graph":[{"@type":"WebPage","@id":"https:\/\/www.sun-sure-estates.com\/de\/produkt\/exklusive-spanische-immobilie-in-sonniger-lage-2\/","url":"https:\/\/www.sun-sure-estates.com\/de\/produkt\/exklusive-spanische-immobilie-in-sonniger-lage-2\/","name":"Exklusive spanische Immobilie in sonniger Lage - Sun Sure Estates","isPartOf":{"@id":"https:\/\/www.sun-sure-estates.com\/de\/#website"},"primaryImageOfPage":{"@id":"https:\/\/www.sun-sure-estates.com\/de\/produkt\/exklusive-spanische-immobilie-in-sonniger-lage-2\/#primaryimage"},"image":{"@id":"https:\/\/www.sun-sure-estates.com\/de\/produkt\/exklusive-spanische-immobilie-in-sonniger-lage-2\/#primaryimage"},"thumbnailUrl":"https:\/\/www.sun-sure-estates.com\/wp-content\/uploads\/2021\/03\/1.-Sold-1.jpg","datePublished":"2021-07-03T08:59:51+00:00","dateModified":"2021-07-03T08:59:52+00:00","breadcrumb":{"@id":"https:\/\/www.sun-sure-estates.com\/de\/produkt\/exklusive-spanische-immobilie-in-sonniger-lage-2\/#breadcrumb"},"inLanguage":"de","potentialAction":[{"@type":"ReadAction","target":["https:\/\/www.sun-sure-estates.com\/de\/produkt\/exklusive-spanische-immobilie-in-sonniger-lage-2\/"]}]},{"@type":"ImageObject","inLanguage":"de","@id":"https:\/\/www.sun-sure-estates.com\/de\/produkt\/exklusive-spanische-immobilie-in-sonniger-lage-2\/#primaryimage","url":"https:\/\/www.sun-sure-estates.com\/wp-content\/uploads\/2021\/03\/1.-Sold-1.jpg","contentUrl":"https:\/\/www.sun-sure-estates.com\/wp-content\/uploads\/2021\/03\/1.-Sold-1.jpg","width":2500,"height":1669},{"@type":"BreadcrumbList","@id":"https:\/\/www.sun-sure-estates.com\/de\/produkt\/exklusive-spanische-immobilie-in-sonniger-lage-2\/#breadcrumb","itemListElement":[{"@type":"ListItem","position":1,"name":"Home","item":"https:\/\/www.sun-sure-estates.com\/de\/"},{"@type":"ListItem","position":2,"name":"Shop","item":"https:\/\/www.sun-sure-estates.com\/de\/shop\/"},{"@type":"ListItem","position":3,"name":"Exklusive spanische Immobilie in sonniger Lage"}]},{"@type":"WebSite","@id":"https:\/\/www.sun-sure-estates.com\/de\/#website","url":"https:\/\/www.sun-sure-estates.com\/de\/","name":"Sun Sure Estates","description":"Beleggen of wonen in je eigen huis onder de zon","potentialAction":[{"@type":"SearchAction","target":{"@type":"EntryPoint","urlTemplate":"https:\/\/www.sun-sure-estates.com\/de\/?s={search_term_string}"},"query-input":{"@type":"PropertyValueSpecification","valueRequired":true,"valueName":"search_term_string"}}],"inLanguage":"de"}]}},"_links":{"self":[{"href":"https:\/\/www.sun-sure-estates.com\/de\/wp-json\/wp\/v2\/product\/9018","targetHints":{"allow":["GET"]}}],"collection":[{"href":"https:\/\/www.sun-sure-estates.com\/de\/wp-json\/wp\/v2\/product"}],"about":[{"href":"https:\/\/www.sun-sure-estates.com\/de\/wp-json\/wp\/v2\/types\/product"}],"replies":[{"embeddable":true,"href":"https:\/\/www.sun-sure-estates.com\/de\/wp-json\/wp\/v2\/comments?post=9018"}],"wp:featuredmedia":[{"embeddable":true,"href":"https:\/\/www.sun-sure-estates.com\/de\/wp-json\/wp\/v2\/media\/11412"}],"wp:attachment":[{"href":"https:\/\/www.sun-sure-estates.com\/de\/wp-json\/wp\/v2\/media?parent=9018"}],"wp:term":[{"taxonomy":"product_brand","embeddable":true,"href":"https:\/\/www.sun-sure-estates.com\/de\/wp-json\/wp\/v2\/product_brand?post=9018"},{"taxonomy":"product_cat","embeddable":true,"href":"https:\/\/www.sun-sure-estates.com\/de\/wp-json\/wp\/v2\/product_cat?post=9018"},{"taxonomy":"product_tag","embeddable":true,"href":"https:\/\/www.sun-sure-estates.com\/de\/wp-json\/wp\/v2\/product_tag?post=9018"}],"curies":[{"name":"wp","href":"https:\/\/api.w.org\/{rel}","templated":true}]}}