{"id":9043,"date":"2021-03-20T22:12:46","date_gmt":"2021-07-03T09:31:25","guid":{"rendered":"https:\/\/www.sun-sure-estates.com\/?post_type=product&#038;p=9043"},"modified":"2021-07-03T11:41:02","modified_gmt":"2021-07-03T09:41:02","slug":"exklusive-spanische-immobilie-in-sonniger-lage-3","status":"publish","type":"product","link":"https:\/\/www.sun-sure-estates.com\/de\/produkt\/exklusive-spanische-immobilie-in-sonniger-lage-3\/","title":{"rendered":"Gartenwohnungen und Wohnungen 50 Meter vom Meer entfernt"},"content":{"rendered":"<p>Nur etwa 50 Meter vom Mittelmeer entfernt wurden diese sch\u00f6nen Gartenwohnungen, Appartements und Penth\u00e4user erbaut. In dieser einzigartigen Lage sind Restaurants, Superm\u00e4rkte und Gesch\u00e4fte sowie der kilometerlange Sandstrand sehr gut zu Fu\u00df erreichbar.<\/p>\n<p>Die Anlage verf\u00fcgt \u00fcber einen gemeinschaftlichen Eingang mit Aufzug. Das Gartenwohnungen und die Etagenwohnungen sind praktisch angelegt mit Wohnzimmer, K\u00fcche mit Kochinsel, Essbereich, 2 Schlafzimmern und 2 Badezimmern, von denen eines \u201aen-suite\u2018 am Hauptschlafzimmer liegt.<\/p>\n<p>Die Gartenwohnungen verf\u00fcgen \u00fcber gro\u00dfz\u00fcgige Au\u00dfenterrassen, die \u00fcber die gesamte Breite der Wohnung angelegt sind. Die Garteneck-Appartements haben zus\u00e4tzlich auch einen seitlichen Garten.<\/p>\n<p>Hier k\u00f6nnen Sie das t\u00e4gliche Leben im Freien unter der Sonne der Costa Blanca genie\u00dfen.<\/p>\n<p>Von den Wohnungen im Obergeschoss k\u00f6nnen Sie aus der K\u00fcche, dem Essbereich und dem Wohnzimmer den Blick auf das Meer und morgendliche Sonnenaufg\u00e4nge genie\u00dfen. \u00dcber die gesamte Breite der Wohnung erstreckt sich ein gro\u00dfz\u00fcgiger Balkon, auf dem sich sch\u00f6ne Tage und herrliche Sommerabende genie\u00dfen lassen.<\/p>\n<p>Die Wohnanlage verf\u00fcgt \u00fcber einen sch\u00f6n angelegten Garten mit Gemeinschaftspool. Auch Golfliebhaber k\u00f6nnen z.B. im nur etwa 8 Autominuten entfernten Golfresort &#8222;Marquesa Rojales&#8220; ihrer Leidenschaft nachgehen.<\/p>\n<p>Kommen Sie und genie\u00dfen Sie die Costa Blanca, mit dem ges\u00fcndesten Klima in Europa!<\/p>\n","protected":false},"excerpt":{"rendered":"<p>Nur etwa 50 Meter vom Mittelmeer entfernt wurden diese sch\u00f6nen Gartenwohnungen, Appartements und Penth\u00e4user erbaut. In dieser einzigartigen Lage sind Restaurants, Superm\u00e4rkte und Gesch\u00e4fte sowie der kilometerlange Sandstrand sehr gut zu Fu\u00df erreichbar. Die Anlage verf\u00fcgt \u00fcber einen gemeinschaftlichen Eingang mit Aufzug. Das Gartenwohnungen und die Etagenwohnungen sind praktisch angelegt mit Wohnzimmer, K\u00fcche mit Kochinsel, [&hellip;]<\/p>\n","protected":false},"featured_media":5077,"comment_status":"open","ping_status":"closed","template":"","meta":{"_acf_changed":false},"product_brand":[],"product_cat":[15],"product_tag":[],"class_list":{"0":"post-9043","1":"product","2":"type-product","3":"status-publish","4":"has-post-thumbnail","6":"province-alicante","7":"places-guardamar","8":"country-spanje","9":"region-costa-blanca","10":"product_cat-geen-categorie","12":"first","13":"instock","14":"shipping-taxable","15":"purchasable","16":"product-type-simple"},"acf":[],"yoast_head":"<!-- This site is optimized with the Yoast SEO plugin v27.4 - https:\/\/yoast.com\/product\/yoast-seo-wordpress\/ -->\n<title>Gartenwohnungen und Wohnungen 50 Meter vom Meer entfernt - Sun Sure Estates<\/title>\n<meta name=\"robots\" content=\"index, follow, max-snippet:-1, max-image-preview:large, max-video-preview:-1\" \/>\n<link rel=\"canonical\" href=\"https:\/\/www.sun-sure-estates.com\/de\/produkt\/exklusive-spanische-immobilie-in-sonniger-lage-3\/\" \/>\n<meta property=\"og:locale\" content=\"de_DE\" \/>\n<meta property=\"og:type\" content=\"article\" \/>\n<meta property=\"og:title\" content=\"Gartenwohnungen und Wohnungen 50 Meter vom Meer entfernt - Sun Sure Estates\" \/>\n<meta property=\"og:description\" content=\"Nur etwa 50 Meter vom Mittelmeer entfernt wurden diese sch\u00f6nen Gartenwohnungen, Appartements und Penth\u00e4user erbaut. In dieser einzigartigen Lage sind Restaurants, Superm\u00e4rkte und Gesch\u00e4fte sowie der kilometerlange Sandstrand sehr gut zu Fu\u00df erreichbar. Die Anlage verf\u00fcgt \u00fcber einen gemeinschaftlichen Eingang mit Aufzug. Das Gartenwohnungen und die Etagenwohnungen sind praktisch angelegt mit Wohnzimmer, K\u00fcche mit Kochinsel, [&hellip;]\" \/>\n<meta property=\"og:url\" content=\"https:\/\/www.sun-sure-estates.com\/de\/produkt\/exklusive-spanische-immobilie-in-sonniger-lage-3\/\" \/>\n<meta property=\"og:site_name\" content=\"Sun Sure Estates\" \/>\n<meta property=\"article:modified_time\" content=\"2021-07-03T09:41:02+00:00\" \/>\n<meta property=\"og:image\" content=\"https:\/\/www.sun-sure-estates.com\/wp-content\/uploads\/2021\/03\/1.-Main-foto-32.jpg\" \/>\n\t<meta property=\"og:image:width\" content=\"1134\" \/>\n\t<meta property=\"og:image:height\" content=\"756\" \/>\n\t<meta property=\"og:image:type\" content=\"image\/jpeg\" \/>\n<meta name=\"twitter:card\" content=\"summary_large_image\" \/>\n<meta name=\"twitter:label1\" content=\"Gesch\u00e4tzte Lesezeit\" \/>\n\t<meta name=\"twitter:data1\" content=\"1\u00a0Minute\" \/>\n<script type=\"application\/ld+json\" class=\"yoast-schema-graph\">{\"@context\":\"https:\\\/\\\/schema.org\",\"@graph\":[{\"@type\":\"WebPage\",\"@id\":\"https:\\\/\\\/www.sun-sure-estates.com\\\/de\\\/produkt\\\/exklusive-spanische-immobilie-in-sonniger-lage-3\\\/\",\"url\":\"https:\\\/\\\/www.sun-sure-estates.com\\\/de\\\/produkt\\\/exklusive-spanische-immobilie-in-sonniger-lage-3\\\/\",\"name\":\"Gartenwohnungen und Wohnungen 50 Meter vom Meer entfernt - Sun Sure Estates\",\"isPartOf\":{\"@id\":\"https:\\\/\\\/www.sun-sure-estates.com\\\/de\\\/#website\"},\"primaryImageOfPage\":{\"@id\":\"https:\\\/\\\/www.sun-sure-estates.com\\\/de\\\/produkt\\\/exklusive-spanische-immobilie-in-sonniger-lage-3\\\/#primaryimage\"},\"image\":{\"@id\":\"https:\\\/\\\/www.sun-sure-estates.com\\\/de\\\/produkt\\\/exklusive-spanische-immobilie-in-sonniger-lage-3\\\/#primaryimage\"},\"thumbnailUrl\":\"https:\\\/\\\/www.sun-sure-estates.com\\\/wp-content\\\/uploads\\\/2021\\\/03\\\/1.-Main-foto-32.jpg\",\"datePublished\":\"2021-07-03T09:31:25+00:00\",\"dateModified\":\"2021-07-03T09:41:02+00:00\",\"breadcrumb\":{\"@id\":\"https:\\\/\\\/www.sun-sure-estates.com\\\/de\\\/produkt\\\/exklusive-spanische-immobilie-in-sonniger-lage-3\\\/#breadcrumb\"},\"inLanguage\":\"de\",\"potentialAction\":[{\"@type\":\"ReadAction\",\"target\":[\"https:\\\/\\\/www.sun-sure-estates.com\\\/de\\\/produkt\\\/exklusive-spanische-immobilie-in-sonniger-lage-3\\\/\"]}]},{\"@type\":\"ImageObject\",\"inLanguage\":\"de\",\"@id\":\"https:\\\/\\\/www.sun-sure-estates.com\\\/de\\\/produkt\\\/exklusive-spanische-immobilie-in-sonniger-lage-3\\\/#primaryimage\",\"url\":\"https:\\\/\\\/www.sun-sure-estates.com\\\/wp-content\\\/uploads\\\/2021\\\/03\\\/1.-Main-foto-32.jpg\",\"contentUrl\":\"https:\\\/\\\/www.sun-sure-estates.com\\\/wp-content\\\/uploads\\\/2021\\\/03\\\/1.-Main-foto-32.jpg\",\"width\":1134,\"height\":756},{\"@type\":\"BreadcrumbList\",\"@id\":\"https:\\\/\\\/www.sun-sure-estates.com\\\/de\\\/produkt\\\/exklusive-spanische-immobilie-in-sonniger-lage-3\\\/#breadcrumb\",\"itemListElement\":[{\"@type\":\"ListItem\",\"position\":1,\"name\":\"Home\",\"item\":\"https:\\\/\\\/www.sun-sure-estates.com\\\/de\\\/\"},{\"@type\":\"ListItem\",\"position\":2,\"name\":\"Shop\",\"item\":\"https:\\\/\\\/www.sun-sure-estates.com\\\/de\\\/shop\\\/\"},{\"@type\":\"ListItem\",\"position\":3,\"name\":\"Gartenwohnungen und Wohnungen 50 Meter vom Meer entfernt\"}]},{\"@type\":\"WebSite\",\"@id\":\"https:\\\/\\\/www.sun-sure-estates.com\\\/de\\\/#website\",\"url\":\"https:\\\/\\\/www.sun-sure-estates.com\\\/de\\\/\",\"name\":\"Sun Sure Estates\",\"description\":\"Beleggen of wonen in je eigen huis onder de zon\",\"potentialAction\":[{\"@type\":\"SearchAction\",\"target\":{\"@type\":\"EntryPoint\",\"urlTemplate\":\"https:\\\/\\\/www.sun-sure-estates.com\\\/de\\\/?s={search_term_string}\"},\"query-input\":{\"@type\":\"PropertyValueSpecification\",\"valueRequired\":true,\"valueName\":\"search_term_string\"}}],\"inLanguage\":\"de\"}]}<\/script>\n<!-- \/ Yoast SEO plugin. -->","yoast_head_json":{"title":"Gartenwohnungen und Wohnungen 50 Meter vom Meer entfernt - Sun Sure Estates","robots":{"index":"index","follow":"follow","max-snippet":"max-snippet:-1","max-image-preview":"max-image-preview:large","max-video-preview":"max-video-preview:-1"},"canonical":"https:\/\/www.sun-sure-estates.com\/de\/produkt\/exklusive-spanische-immobilie-in-sonniger-lage-3\/","og_locale":"de_DE","og_type":"article","og_title":"Gartenwohnungen und Wohnungen 50 Meter vom Meer entfernt - Sun Sure Estates","og_description":"Nur etwa 50 Meter vom Mittelmeer entfernt wurden diese sch\u00f6nen Gartenwohnungen, Appartements und Penth\u00e4user erbaut. In dieser einzigartigen Lage sind Restaurants, Superm\u00e4rkte und Gesch\u00e4fte sowie der kilometerlange Sandstrand sehr gut zu Fu\u00df erreichbar. Die Anlage verf\u00fcgt \u00fcber einen gemeinschaftlichen Eingang mit Aufzug. Das Gartenwohnungen und die Etagenwohnungen sind praktisch angelegt mit Wohnzimmer, K\u00fcche mit Kochinsel, [&hellip;]","og_url":"https:\/\/www.sun-sure-estates.com\/de\/produkt\/exklusive-spanische-immobilie-in-sonniger-lage-3\/","og_site_name":"Sun Sure Estates","article_modified_time":"2021-07-03T09:41:02+00:00","og_image":[{"width":1134,"height":756,"url":"https:\/\/www.sun-sure-estates.com\/wp-content\/uploads\/2021\/03\/1.-Main-foto-32.jpg","type":"image\/jpeg"}],"twitter_card":"summary_large_image","twitter_misc":{"Gesch\u00e4tzte Lesezeit":"1\u00a0Minute"},"schema":{"@context":"https:\/\/schema.org","@graph":[{"@type":"WebPage","@id":"https:\/\/www.sun-sure-estates.com\/de\/produkt\/exklusive-spanische-immobilie-in-sonniger-lage-3\/","url":"https:\/\/www.sun-sure-estates.com\/de\/produkt\/exklusive-spanische-immobilie-in-sonniger-lage-3\/","name":"Gartenwohnungen und Wohnungen 50 Meter vom Meer entfernt - Sun Sure Estates","isPartOf":{"@id":"https:\/\/www.sun-sure-estates.com\/de\/#website"},"primaryImageOfPage":{"@id":"https:\/\/www.sun-sure-estates.com\/de\/produkt\/exklusive-spanische-immobilie-in-sonniger-lage-3\/#primaryimage"},"image":{"@id":"https:\/\/www.sun-sure-estates.com\/de\/produkt\/exklusive-spanische-immobilie-in-sonniger-lage-3\/#primaryimage"},"thumbnailUrl":"https:\/\/www.sun-sure-estates.com\/wp-content\/uploads\/2021\/03\/1.-Main-foto-32.jpg","datePublished":"2021-07-03T09:31:25+00:00","dateModified":"2021-07-03T09:41:02+00:00","breadcrumb":{"@id":"https:\/\/www.sun-sure-estates.com\/de\/produkt\/exklusive-spanische-immobilie-in-sonniger-lage-3\/#breadcrumb"},"inLanguage":"de","potentialAction":[{"@type":"ReadAction","target":["https:\/\/www.sun-sure-estates.com\/de\/produkt\/exklusive-spanische-immobilie-in-sonniger-lage-3\/"]}]},{"@type":"ImageObject","inLanguage":"de","@id":"https:\/\/www.sun-sure-estates.com\/de\/produkt\/exklusive-spanische-immobilie-in-sonniger-lage-3\/#primaryimage","url":"https:\/\/www.sun-sure-estates.com\/wp-content\/uploads\/2021\/03\/1.-Main-foto-32.jpg","contentUrl":"https:\/\/www.sun-sure-estates.com\/wp-content\/uploads\/2021\/03\/1.-Main-foto-32.jpg","width":1134,"height":756},{"@type":"BreadcrumbList","@id":"https:\/\/www.sun-sure-estates.com\/de\/produkt\/exklusive-spanische-immobilie-in-sonniger-lage-3\/#breadcrumb","itemListElement":[{"@type":"ListItem","position":1,"name":"Home","item":"https:\/\/www.sun-sure-estates.com\/de\/"},{"@type":"ListItem","position":2,"name":"Shop","item":"https:\/\/www.sun-sure-estates.com\/de\/shop\/"},{"@type":"ListItem","position":3,"name":"Gartenwohnungen und Wohnungen 50 Meter vom Meer entfernt"}]},{"@type":"WebSite","@id":"https:\/\/www.sun-sure-estates.com\/de\/#website","url":"https:\/\/www.sun-sure-estates.com\/de\/","name":"Sun Sure Estates","description":"Beleggen of wonen in je eigen huis onder de zon","potentialAction":[{"@type":"SearchAction","target":{"@type":"EntryPoint","urlTemplate":"https:\/\/www.sun-sure-estates.com\/de\/?s={search_term_string}"},"query-input":{"@type":"PropertyValueSpecification","valueRequired":true,"valueName":"search_term_string"}}],"inLanguage":"de"}]}},"_links":{"self":[{"href":"https:\/\/www.sun-sure-estates.com\/de\/wp-json\/wp\/v2\/product\/9043","targetHints":{"allow":["GET"]}}],"collection":[{"href":"https:\/\/www.sun-sure-estates.com\/de\/wp-json\/wp\/v2\/product"}],"about":[{"href":"https:\/\/www.sun-sure-estates.com\/de\/wp-json\/wp\/v2\/types\/product"}],"replies":[{"embeddable":true,"href":"https:\/\/www.sun-sure-estates.com\/de\/wp-json\/wp\/v2\/comments?post=9043"}],"wp:featuredmedia":[{"embeddable":true,"href":"https:\/\/www.sun-sure-estates.com\/de\/wp-json\/wp\/v2\/media\/5077"}],"wp:attachment":[{"href":"https:\/\/www.sun-sure-estates.com\/de\/wp-json\/wp\/v2\/media?parent=9043"}],"wp:term":[{"taxonomy":"product_brand","embeddable":true,"href":"https:\/\/www.sun-sure-estates.com\/de\/wp-json\/wp\/v2\/product_brand?post=9043"},{"taxonomy":"product_cat","embeddable":true,"href":"https:\/\/www.sun-sure-estates.com\/de\/wp-json\/wp\/v2\/product_cat?post=9043"},{"taxonomy":"product_tag","embeddable":true,"href":"https:\/\/www.sun-sure-estates.com\/de\/wp-json\/wp\/v2\/product_tag?post=9043"}],"curies":[{"name":"wp","href":"https:\/\/api.w.org\/{rel}","templated":true}]}}