{"id":9079,"date":"2021-03-20T22:19:28","date_gmt":"2021-03-20T21:19:28","guid":{"rendered":"https:\/\/www.sun-sure-estates.com\/?post_type=product&#038;p=9079"},"modified":"2021-07-03T11:39:46","modified_gmt":"2021-07-03T09:39:46","slug":"penthaeuser-auf-50-meter-vom-meer-mit-schoener-aussicht","status":"publish","type":"product","link":"https:\/\/www.sun-sure-estates.com\/de\/produkt\/penthaeuser-auf-50-meter-vom-meer-mit-schoener-aussicht\/","title":{"rendered":"Penth\u00e4user auf 50 Meter vom Meer mit sch\u00f6ner Aussicht"},"content":{"rendered":"<p>Nur etwa 50 Meter vom Mittelmeer entfernt wurden diese sch\u00f6nen Gartenwohnungen, Appartements und Penth\u00e4user erbaut. In dieser einzigartigen Lage sind Restaurants, Superm\u00e4rkte und Gesch\u00e4fte sowie der kilometerlange Sandstrand sehr gut zu Fu\u00df erreichbar.<\/p>\n<p>Die Anlage verf\u00fcgt \u00fcber einen gemeinschaftlichen Eingang mit Aufzug.<\/p>\n<p>Die Penthouse-Wohnung ist praktisch angelegt mit Wohnzimmer, K\u00fcche und K\u00fccheninsel, Essbereich, 3 oder 4 Schlafzimmern und 2 Badezimmern, von denen eines &#8218;en-suite&#8216; am Hauptschlafzimmer liegt.<\/p>\n<p>Hier k\u00f6nnen Sie das t\u00e4gliche Leben im Freien unter der Sonne der Costa Blanca genie\u00dfen.<\/p>\n<p>Von den Penthouse k\u00f6nnen Sie aus der K\u00fcche, dem Essbereich und dem Wohnzimmer den Blick auf das Meer und morgendliche Sonnenaufg\u00e4nge genie\u00dfen. \u00dcber die gesamte Breite der Penthouse-Wohnung erstreckt sich ein gro\u00dfz\u00fcgiger Balkon, auf dem sich sch\u00f6ne Tage und herrliche Sommerabende genie\u00dfen lassen. Diese Wohnungen verf\u00fcgen zudem \u00fcber den Luxus einer eigenen zus\u00e4tzlichen Dachterrasse.<\/p>\n<p>Die Wohnanlage verf\u00fcgt \u00fcber einen sch\u00f6n angelegten Garten mit Gemeinschaftspool. Auch Golfliebhaber k\u00f6nnen z.B. im nur etwa 8 Autominuten entfernten Golfresort &#8222;Marquesa Rojales&#8220; ihrer Leidenschaft nachgehen.<\/p>\n<p>Kommen Sie und genie\u00dfen Sie die Costa Blanca, mit dem ges\u00fcndesten Klima in Europa!<\/p>\n","protected":false},"excerpt":{"rendered":"<p>Nur etwa 50 Meter vom Mittelmeer entfernt wurden diese sch\u00f6nen Gartenwohnungen, Appartements und Penth\u00e4user erbaut. In dieser einzigartigen Lage sind Restaurants, Superm\u00e4rkte und Gesch\u00e4fte sowie der kilometerlange Sandstrand sehr gut zu Fu\u00df erreichbar. Die Anlage verf\u00fcgt \u00fcber einen gemeinschaftlichen Eingang mit Aufzug. Die Penthouse-Wohnung ist praktisch angelegt mit Wohnzimmer, K\u00fcche und K\u00fccheninsel, Essbereich, 3 oder [&hellip;]<\/p>\n","protected":false},"featured_media":5177,"comment_status":"open","ping_status":"closed","template":"","meta":{"_acf_changed":false},"product_brand":[],"product_cat":[15],"product_tag":[],"class_list":{"0":"post-9079","1":"product","2":"type-product","3":"status-publish","4":"has-post-thumbnail","6":"province-alicante","7":"places-guardamar","8":"country-spanje","9":"region-costa-blanca","10":"product_cat-geen-categorie","12":"first","13":"instock","14":"shipping-taxable","15":"purchasable","16":"product-type-simple"},"acf":[],"yoast_head":"<!-- This site is optimized with the Yoast SEO plugin v27.4 - https:\/\/yoast.com\/product\/yoast-seo-wordpress\/ -->\n<title>Penth\u00e4user auf 50 Meter vom Meer mit sch\u00f6ner Aussicht - Sun Sure Estates<\/title>\n<meta name=\"robots\" content=\"index, follow, max-snippet:-1, max-image-preview:large, max-video-preview:-1\" \/>\n<link rel=\"canonical\" href=\"https:\/\/www.sun-sure-estates.com\/de\/produkt\/penthaeuser-auf-50-meter-vom-meer-mit-schoener-aussicht\/\" \/>\n<meta property=\"og:locale\" content=\"de_DE\" \/>\n<meta property=\"og:type\" content=\"article\" \/>\n<meta property=\"og:title\" content=\"Penth\u00e4user auf 50 Meter vom Meer mit sch\u00f6ner Aussicht - Sun Sure Estates\" \/>\n<meta property=\"og:description\" content=\"Nur etwa 50 Meter vom Mittelmeer entfernt wurden diese sch\u00f6nen Gartenwohnungen, Appartements und Penth\u00e4user erbaut. In dieser einzigartigen Lage sind Restaurants, Superm\u00e4rkte und Gesch\u00e4fte sowie der kilometerlange Sandstrand sehr gut zu Fu\u00df erreichbar. Die Anlage verf\u00fcgt \u00fcber einen gemeinschaftlichen Eingang mit Aufzug. Die Penthouse-Wohnung ist praktisch angelegt mit Wohnzimmer, K\u00fcche und K\u00fccheninsel, Essbereich, 3 oder [&hellip;]\" \/>\n<meta property=\"og:url\" content=\"https:\/\/www.sun-sure-estates.com\/de\/produkt\/penthaeuser-auf-50-meter-vom-meer-mit-schoener-aussicht\/\" \/>\n<meta property=\"og:site_name\" content=\"Sun Sure Estates\" \/>\n<meta property=\"article:modified_time\" content=\"2021-07-03T09:39:46+00:00\" \/>\n<meta property=\"og:image\" content=\"https:\/\/www.sun-sure-estates.com\/wp-content\/uploads\/2021\/03\/1a.-Main-foto-43-1024x576.png\" \/>\n\t<meta property=\"og:image:width\" content=\"1024\" \/>\n\t<meta property=\"og:image:height\" content=\"576\" \/>\n\t<meta property=\"og:image:type\" content=\"image\/png\" \/>\n<meta name=\"twitter:card\" content=\"summary_large_image\" \/>\n<meta name=\"twitter:label1\" content=\"Gesch\u00e4tzte Lesezeit\" \/>\n\t<meta name=\"twitter:data1\" content=\"1\u00a0Minute\" \/>\n<script type=\"application\/ld+json\" class=\"yoast-schema-graph\">{\"@context\":\"https:\\\/\\\/schema.org\",\"@graph\":[{\"@type\":\"WebPage\",\"@id\":\"https:\\\/\\\/www.sun-sure-estates.com\\\/de\\\/produkt\\\/penthaeuser-auf-50-meter-vom-meer-mit-schoener-aussicht\\\/\",\"url\":\"https:\\\/\\\/www.sun-sure-estates.com\\\/de\\\/produkt\\\/penthaeuser-auf-50-meter-vom-meer-mit-schoener-aussicht\\\/\",\"name\":\"Penth\u00e4user auf 50 Meter vom Meer mit sch\u00f6ner Aussicht - Sun Sure Estates\",\"isPartOf\":{\"@id\":\"https:\\\/\\\/www.sun-sure-estates.com\\\/de\\\/#website\"},\"primaryImageOfPage\":{\"@id\":\"https:\\\/\\\/www.sun-sure-estates.com\\\/de\\\/produkt\\\/penthaeuser-auf-50-meter-vom-meer-mit-schoener-aussicht\\\/#primaryimage\"},\"image\":{\"@id\":\"https:\\\/\\\/www.sun-sure-estates.com\\\/de\\\/produkt\\\/penthaeuser-auf-50-meter-vom-meer-mit-schoener-aussicht\\\/#primaryimage\"},\"thumbnailUrl\":\"https:\\\/\\\/www.sun-sure-estates.com\\\/wp-content\\\/uploads\\\/2021\\\/03\\\/1a.-Main-foto-43.png\",\"datePublished\":\"2021-03-20T21:19:28+00:00\",\"dateModified\":\"2021-07-03T09:39:46+00:00\",\"breadcrumb\":{\"@id\":\"https:\\\/\\\/www.sun-sure-estates.com\\\/de\\\/produkt\\\/penthaeuser-auf-50-meter-vom-meer-mit-schoener-aussicht\\\/#breadcrumb\"},\"inLanguage\":\"de\",\"potentialAction\":[{\"@type\":\"ReadAction\",\"target\":[\"https:\\\/\\\/www.sun-sure-estates.com\\\/de\\\/produkt\\\/penthaeuser-auf-50-meter-vom-meer-mit-schoener-aussicht\\\/\"]}]},{\"@type\":\"ImageObject\",\"inLanguage\":\"de\",\"@id\":\"https:\\\/\\\/www.sun-sure-estates.com\\\/de\\\/produkt\\\/penthaeuser-auf-50-meter-vom-meer-mit-schoener-aussicht\\\/#primaryimage\",\"url\":\"https:\\\/\\\/www.sun-sure-estates.com\\\/wp-content\\\/uploads\\\/2021\\\/03\\\/1a.-Main-foto-43.png\",\"contentUrl\":\"https:\\\/\\\/www.sun-sure-estates.com\\\/wp-content\\\/uploads\\\/2021\\\/03\\\/1a.-Main-foto-43.png\",\"width\":2268,\"height\":1276},{\"@type\":\"BreadcrumbList\",\"@id\":\"https:\\\/\\\/www.sun-sure-estates.com\\\/de\\\/produkt\\\/penthaeuser-auf-50-meter-vom-meer-mit-schoener-aussicht\\\/#breadcrumb\",\"itemListElement\":[{\"@type\":\"ListItem\",\"position\":1,\"name\":\"Home\",\"item\":\"https:\\\/\\\/www.sun-sure-estates.com\\\/de\\\/\"},{\"@type\":\"ListItem\",\"position\":2,\"name\":\"Shop\",\"item\":\"https:\\\/\\\/www.sun-sure-estates.com\\\/de\\\/shop\\\/\"},{\"@type\":\"ListItem\",\"position\":3,\"name\":\"Penth\u00e4user auf 50 Meter vom Meer mit sch\u00f6ner Aussicht\"}]},{\"@type\":\"WebSite\",\"@id\":\"https:\\\/\\\/www.sun-sure-estates.com\\\/de\\\/#website\",\"url\":\"https:\\\/\\\/www.sun-sure-estates.com\\\/de\\\/\",\"name\":\"Sun Sure Estates\",\"description\":\"Beleggen of wonen in je eigen huis onder de zon\",\"potentialAction\":[{\"@type\":\"SearchAction\",\"target\":{\"@type\":\"EntryPoint\",\"urlTemplate\":\"https:\\\/\\\/www.sun-sure-estates.com\\\/de\\\/?s={search_term_string}\"},\"query-input\":{\"@type\":\"PropertyValueSpecification\",\"valueRequired\":true,\"valueName\":\"search_term_string\"}}],\"inLanguage\":\"de\"}]}<\/script>\n<!-- \/ Yoast SEO plugin. -->","yoast_head_json":{"title":"Penth\u00e4user auf 50 Meter vom Meer mit sch\u00f6ner Aussicht - Sun Sure Estates","robots":{"index":"index","follow":"follow","max-snippet":"max-snippet:-1","max-image-preview":"max-image-preview:large","max-video-preview":"max-video-preview:-1"},"canonical":"https:\/\/www.sun-sure-estates.com\/de\/produkt\/penthaeuser-auf-50-meter-vom-meer-mit-schoener-aussicht\/","og_locale":"de_DE","og_type":"article","og_title":"Penth\u00e4user auf 50 Meter vom Meer mit sch\u00f6ner Aussicht - Sun Sure Estates","og_description":"Nur etwa 50 Meter vom Mittelmeer entfernt wurden diese sch\u00f6nen Gartenwohnungen, Appartements und Penth\u00e4user erbaut. In dieser einzigartigen Lage sind Restaurants, Superm\u00e4rkte und Gesch\u00e4fte sowie der kilometerlange Sandstrand sehr gut zu Fu\u00df erreichbar. Die Anlage verf\u00fcgt \u00fcber einen gemeinschaftlichen Eingang mit Aufzug. Die Penthouse-Wohnung ist praktisch angelegt mit Wohnzimmer, K\u00fcche und K\u00fccheninsel, Essbereich, 3 oder [&hellip;]","og_url":"https:\/\/www.sun-sure-estates.com\/de\/produkt\/penthaeuser-auf-50-meter-vom-meer-mit-schoener-aussicht\/","og_site_name":"Sun Sure Estates","article_modified_time":"2021-07-03T09:39:46+00:00","og_image":[{"width":1024,"height":576,"url":"https:\/\/www.sun-sure-estates.com\/wp-content\/uploads\/2021\/03\/1a.-Main-foto-43-1024x576.png","type":"image\/png"}],"twitter_card":"summary_large_image","twitter_misc":{"Gesch\u00e4tzte Lesezeit":"1\u00a0Minute"},"schema":{"@context":"https:\/\/schema.org","@graph":[{"@type":"WebPage","@id":"https:\/\/www.sun-sure-estates.com\/de\/produkt\/penthaeuser-auf-50-meter-vom-meer-mit-schoener-aussicht\/","url":"https:\/\/www.sun-sure-estates.com\/de\/produkt\/penthaeuser-auf-50-meter-vom-meer-mit-schoener-aussicht\/","name":"Penth\u00e4user auf 50 Meter vom Meer mit sch\u00f6ner Aussicht - Sun Sure Estates","isPartOf":{"@id":"https:\/\/www.sun-sure-estates.com\/de\/#website"},"primaryImageOfPage":{"@id":"https:\/\/www.sun-sure-estates.com\/de\/produkt\/penthaeuser-auf-50-meter-vom-meer-mit-schoener-aussicht\/#primaryimage"},"image":{"@id":"https:\/\/www.sun-sure-estates.com\/de\/produkt\/penthaeuser-auf-50-meter-vom-meer-mit-schoener-aussicht\/#primaryimage"},"thumbnailUrl":"https:\/\/www.sun-sure-estates.com\/wp-content\/uploads\/2021\/03\/1a.-Main-foto-43.png","datePublished":"2021-03-20T21:19:28+00:00","dateModified":"2021-07-03T09:39:46+00:00","breadcrumb":{"@id":"https:\/\/www.sun-sure-estates.com\/de\/produkt\/penthaeuser-auf-50-meter-vom-meer-mit-schoener-aussicht\/#breadcrumb"},"inLanguage":"de","potentialAction":[{"@type":"ReadAction","target":["https:\/\/www.sun-sure-estates.com\/de\/produkt\/penthaeuser-auf-50-meter-vom-meer-mit-schoener-aussicht\/"]}]},{"@type":"ImageObject","inLanguage":"de","@id":"https:\/\/www.sun-sure-estates.com\/de\/produkt\/penthaeuser-auf-50-meter-vom-meer-mit-schoener-aussicht\/#primaryimage","url":"https:\/\/www.sun-sure-estates.com\/wp-content\/uploads\/2021\/03\/1a.-Main-foto-43.png","contentUrl":"https:\/\/www.sun-sure-estates.com\/wp-content\/uploads\/2021\/03\/1a.-Main-foto-43.png","width":2268,"height":1276},{"@type":"BreadcrumbList","@id":"https:\/\/www.sun-sure-estates.com\/de\/produkt\/penthaeuser-auf-50-meter-vom-meer-mit-schoener-aussicht\/#breadcrumb","itemListElement":[{"@type":"ListItem","position":1,"name":"Home","item":"https:\/\/www.sun-sure-estates.com\/de\/"},{"@type":"ListItem","position":2,"name":"Shop","item":"https:\/\/www.sun-sure-estates.com\/de\/shop\/"},{"@type":"ListItem","position":3,"name":"Penth\u00e4user auf 50 Meter vom Meer mit sch\u00f6ner Aussicht"}]},{"@type":"WebSite","@id":"https:\/\/www.sun-sure-estates.com\/de\/#website","url":"https:\/\/www.sun-sure-estates.com\/de\/","name":"Sun Sure Estates","description":"Beleggen of wonen in je eigen huis onder de zon","potentialAction":[{"@type":"SearchAction","target":{"@type":"EntryPoint","urlTemplate":"https:\/\/www.sun-sure-estates.com\/de\/?s={search_term_string}"},"query-input":{"@type":"PropertyValueSpecification","valueRequired":true,"valueName":"search_term_string"}}],"inLanguage":"de"}]}},"_links":{"self":[{"href":"https:\/\/www.sun-sure-estates.com\/de\/wp-json\/wp\/v2\/product\/9079","targetHints":{"allow":["GET"]}}],"collection":[{"href":"https:\/\/www.sun-sure-estates.com\/de\/wp-json\/wp\/v2\/product"}],"about":[{"href":"https:\/\/www.sun-sure-estates.com\/de\/wp-json\/wp\/v2\/types\/product"}],"replies":[{"embeddable":true,"href":"https:\/\/www.sun-sure-estates.com\/de\/wp-json\/wp\/v2\/comments?post=9079"}],"wp:featuredmedia":[{"embeddable":true,"href":"https:\/\/www.sun-sure-estates.com\/de\/wp-json\/wp\/v2\/media\/5177"}],"wp:attachment":[{"href":"https:\/\/www.sun-sure-estates.com\/de\/wp-json\/wp\/v2\/media?parent=9079"}],"wp:term":[{"taxonomy":"product_brand","embeddable":true,"href":"https:\/\/www.sun-sure-estates.com\/de\/wp-json\/wp\/v2\/product_brand?post=9079"},{"taxonomy":"product_cat","embeddable":true,"href":"https:\/\/www.sun-sure-estates.com\/de\/wp-json\/wp\/v2\/product_cat?post=9079"},{"taxonomy":"product_tag","embeddable":true,"href":"https:\/\/www.sun-sure-estates.com\/de\/wp-json\/wp\/v2\/product_tag?post=9079"}],"curies":[{"name":"wp","href":"https:\/\/api.w.org\/{rel}","templated":true}]}}