{"id":44831,"date":"2020-07-01T15:23:55","date_gmt":"2020-07-01T13:23:55","guid":{"rendered":"https:\/\/www.sun-sure-estates.com\/over-ons\/"},"modified":"2025-08-27T14:52:59","modified_gmt":"2025-08-27T12:52:59","slug":"meie-kohta","status":"publish","type":"page","link":"https:\/\/www.sun-sure-estates.com\/et\/meie-kohta\/","title":{"rendered":"Meie kohta"},"content":{"rendered":"\t\t<div data-elementor-type=\"wp-page\" data-elementor-id=\"44831\" class=\"elementor elementor-44831 elementor-23\">\n\t\t\t\t\t\t<section class=\"elementor-section elementor-top-section elementor-element elementor-element-3ed9703c elementor-section-boxed elementor-section-height-default elementor-section-height-default\" data-id=\"3ed9703c\" data-element_type=\"section\" data-e-type=\"section\">\n\t\t\t\t\t\t<div class=\"elementor-container elementor-column-gap-default\">\n\t\t\t\t\t<div class=\"elementor-column elementor-col-100 elementor-top-column elementor-element elementor-element-54470ae2\" data-id=\"54470ae2\" data-element_type=\"column\" data-e-type=\"column\">\n\t\t\t<div class=\"elementor-widget-wrap elementor-element-populated\">\n\t\t\t\t\t\t\t<\/div>\n\t\t<\/div>\n\t\t\t\t\t<\/div>\n\t\t<\/section>\n\t\t\t\t<section class=\"elementor-section elementor-top-section elementor-element elementor-element-42a7ac2 elementor-section-boxed elementor-section-height-default elementor-section-height-default\" data-id=\"42a7ac2\" data-element_type=\"section\" data-e-type=\"section\">\n\t\t\t\t\t\t<div class=\"elementor-container elementor-column-gap-default\">\n\t\t\t\t\t<div class=\"elementor-column elementor-col-100 elementor-top-column elementor-element elementor-element-8256b7c\" data-id=\"8256b7c\" data-element_type=\"column\" data-e-type=\"column\">\n\t\t\t<div class=\"elementor-widget-wrap elementor-element-populated\">\n\t\t\t\t\t\t<div class=\"elementor-element elementor-element-4fd04e7 elementor-widget-divider--view-line elementor-widget elementor-widget-divider\" data-id=\"4fd04e7\" data-element_type=\"widget\" data-e-type=\"widget\" data-widget_type=\"divider.default\">\n\t\t\t\t<div class=\"elementor-widget-container\">\n\t\t\t\t\t\t\t<div class=\"elementor-divider\">\n\t\t\t<span class=\"elementor-divider-separator\">\n\t\t\t\t\t\t<\/span>\n\t\t<\/div>\n\t\t\t\t\t\t<\/div>\n\t\t\t\t<\/div>\n\t\t\t\t\t<\/div>\n\t\t<\/div>\n\t\t\t\t\t<\/div>\n\t\t<\/section>\n\t\t\t\t<section class=\"elementor-section elementor-top-section elementor-element elementor-element-43a215f elementor-section-boxed elementor-section-height-default elementor-section-height-default\" data-id=\"43a215f\" data-element_type=\"section\" data-e-type=\"section\">\n\t\t\t\t\t\t<div class=\"elementor-container elementor-column-gap-default\">\n\t\t\t\t\t<div class=\"elementor-column elementor-col-33 elementor-top-column elementor-element elementor-element-191e45f\" data-id=\"191e45f\" data-element_type=\"column\" data-e-type=\"column\">\n\t\t\t<div class=\"elementor-widget-wrap elementor-element-populated\">\n\t\t\t\t\t\t<div class=\"elementor-element elementor-element-eb162c5 elementor-widget elementor-widget-image\" data-id=\"eb162c5\" data-element_type=\"widget\" data-e-type=\"widget\" data-widget_type=\"image.default\">\n\t\t\t\t<div class=\"elementor-widget-container\">\n\t\t\t\t\t\t\t\t\t\t\t\t\t\t\t<img fetchpriority=\"high\" decoding=\"async\" width=\"755\" height=\"1024\" src=\"https:\/\/www.sun-sure-estates.com\/wp-content\/uploads\/2021\/09\/maurice-sun-sure-estates-755x1024.jpg\" class=\"attachment-large size-large wp-image-41488\" alt=\"\" srcset=\"https:\/\/www.sun-sure-estates.com\/wp-content\/uploads\/2021\/09\/maurice-sun-sure-estates-755x1024.jpg 755w, https:\/\/www.sun-sure-estates.com\/wp-content\/uploads\/2021\/09\/maurice-sun-sure-estates-221x300.jpg 221w, https:\/\/www.sun-sure-estates.com\/wp-content\/uploads\/2021\/09\/maurice-sun-sure-estates-768x1042.jpg 768w, https:\/\/www.sun-sure-estates.com\/wp-content\/uploads\/2021\/09\/maurice-sun-sure-estates-1132x1536.jpg 1132w, https:\/\/www.sun-sure-estates.com\/wp-content\/uploads\/2021\/09\/maurice-sun-sure-estates-1510x2048.jpg 1510w, https:\/\/www.sun-sure-estates.com\/wp-content\/uploads\/2021\/09\/maurice-sun-sure-estates-600x814.jpg 600w, https:\/\/www.sun-sure-estates.com\/wp-content\/uploads\/2021\/09\/maurice-sun-sure-estates.jpg 1818w\" sizes=\"(max-width: 755px) 100vw, 755px\" \/>\t\t\t\t\t\t\t\t\t\t\t\t\t\t\t<\/div>\n\t\t\t\t<\/div>\n\t\t\t\t<div class=\"elementor-element elementor-element-6798da6 elementor-widget elementor-widget-text-editor\" data-id=\"6798da6\" data-element_type=\"widget\" data-e-type=\"widget\" data-widget_type=\"text-editor.default\">\n\t\t\t\t<div class=\"elementor-widget-container\">\n\t\t\t\t\t\t\t\t\t<p><strong>Maurice van Bladel<\/strong><br \/><strong>E:<\/strong> <a href=\"mailto:maurice@sun-sure-estates.com\">maurice@sun-sure-estates.com<\/a><br \/><strong>T:<\/strong>\u00a0<a style=\"caret-color: #000000; font-family: Aptos, sans-serif; font-style: normal; font-variant-caps: normal; text-align: start; color: #96607d;\" href=\"tel:+31627040782\"><i><span style=\"text-decoration: none; font-size: 14.5pt; font-family: Roboto; color: #555b6e; border-width: 1pt; border-color: windowtext; padding: 0cm;\">+31 6 27 04 07 82<\/span><\/i><\/a><\/p><p style=\"margin: 0cm; font-size: medium; font-family: Aptos, sans-serif; caret-color: #000000; color: #000000; font-style: normal; font-variant-caps: normal; text-align: start;\">\u00a0<\/p><p style=\"margin: 0cm; font-size: medium; font-family: Aptos, sans-serif; caret-color: #000000; color: #000000; font-style: normal; font-variant-caps: normal; text-align: start;\">\u00a0<\/p>\t\t\t\t\t\t\t\t<\/div>\n\t\t\t\t<\/div>\n\t\t\t\t\t<\/div>\n\t\t<\/div>\n\t\t\t\t<div class=\"elementor-column elementor-col-66 elementor-top-column elementor-element elementor-element-d302209\" data-id=\"d302209\" data-element_type=\"column\" data-e-type=\"column\">\n\t\t\t<div class=\"elementor-widget-wrap elementor-element-populated\">\n\t\t\t\t\t\t<div class=\"elementor-element elementor-element-c419530 elementor-widget elementor-widget-heading\" data-id=\"c419530\" data-element_type=\"widget\" data-e-type=\"widget\" data-widget_type=\"heading.default\">\n\t\t\t\t<div class=\"elementor-widget-container\">\n\t\t\t\t\t<h3 class=\"elementor-heading-title elementor-size-default\">Maurice van Bladel, kinnisvaramaakler teie ideaalse kodu jaoks<\/h3>\t\t\t\t<\/div>\n\t\t\t\t<\/div>\n\t\t\t\t<div class=\"elementor-element elementor-element-2bdeba7 elementor-widget elementor-widget-text-editor\" data-id=\"2bdeba7\" data-element_type=\"widget\" data-e-type=\"widget\" data-widget_type=\"text-editor.default\">\n\t\t\t\t<div class=\"elementor-widget-container\">\n\t\t\t\t\t\t\t\t\t<p>Sun Sure Estatesil on aastatepikkune kogemus (eksklusiivsete) villade ehitamisel ja uute korterite, katusekorterite ja villade m\u00fc\u00fcmisel Costa Blancal (Alicante piirkond) ja Costa del Solil (Marbella piirkond).<\/p><p>Maurice, Sun Sure Estatesi meeskonna liige Hollandis, teenindab kliente Hollandis ja Belgias. Vahendajana panen teie ja meie Hollandi meeskonna jaoks Hispaanias aluse teie kinnisvarale Hollandis.<\/p><p>Mul on hea meel teid k\u00fclastada, et pakkuda entusiastlikku ja personaalset n\u00f5u teise kodu, investeerimise v\u00f5i isegi oma villa ehitamise kohta Hispaanias. Maurice arutab teiega teie soovitud kinnisvaraobjekte ja teavitab teid kogu protsessist.<\/p><p>Hispaanias juhendab meie Hollandi meeskonnaliige teid m\u00f5ne p\u00e4eva jooksul teie soovitud kinnisvaraobjektide v\u00f5i kruntide k\u00fclastamise protsessis.<\/p><p>Kas soovite ehitada oma villa Hispaanias? Me saame seda ka teie eest teha. Oleme aidanud paljudel (rahvusvahelistel) klientidel ehitada kauneid villasid. Ainulaadselt saate Sun Sure Estatesiga ehitada Hollandi juhtimise all Hispaanias, alustades siinsamas Hollandis. Kogu ehitusprotsess on t\u00e4ielikult hallatud. Alates disainist kuni teostuseni.<\/p><p>Hollandi ja hispaania keelt k\u00f5nelev meeskond r\u00e4\u00e4gib loomulikult hollandi keelt, aga ka inglise, saksa ja hispaania keelt. Pakume abi teie emakeeles ja meie kliendid hindavad meie personaalset l\u00e4henemist k\u00f5rgelt.<\/p>\t\t\t\t\t\t\t\t<\/div>\n\t\t\t\t<\/div>\n\t\t\t\t\t<\/div>\n\t\t<\/div>\n\t\t\t\t\t<\/div>\n\t\t<\/section>\n\t\t\t\t<section class=\"elementor-section elementor-top-section elementor-element elementor-element-68b1e48 elementor-section-boxed elementor-section-height-default elementor-section-height-default\" data-id=\"68b1e48\" data-element_type=\"section\" data-e-type=\"section\">\n\t\t\t\t\t\t<div class=\"elementor-container elementor-column-gap-default\">\n\t\t\t\t\t<div class=\"elementor-column elementor-col-100 elementor-top-column elementor-element elementor-element-febaf43\" data-id=\"febaf43\" data-element_type=\"column\" data-e-type=\"column\">\n\t\t\t<div class=\"elementor-widget-wrap elementor-element-populated\">\n\t\t\t\t\t\t<div class=\"elementor-element elementor-element-0e8d261 elementor-widget-divider--view-line elementor-widget elementor-widget-divider\" data-id=\"0e8d261\" data-element_type=\"widget\" data-e-type=\"widget\" data-widget_type=\"divider.default\">\n\t\t\t\t<div class=\"elementor-widget-container\">\n\t\t\t\t\t\t\t<div class=\"elementor-divider\">\n\t\t\t<span class=\"elementor-divider-separator\">\n\t\t\t\t\t\t<\/span>\n\t\t<\/div>\n\t\t\t\t\t\t<\/div>\n\t\t\t\t<\/div>\n\t\t\t\t<div class=\"elementor-element elementor-element-5358e01 elementor-widget elementor-widget-video\" data-id=\"5358e01\" data-element_type=\"widget\" data-e-type=\"widget\" data-settings=\"{&quot;video_type&quot;:&quot;hosted&quot;,&quot;play_on_mobile&quot;:&quot;yes&quot;,&quot;autoplay&quot;:&quot;yes&quot;,&quot;mute&quot;:&quot;yes&quot;,&quot;loop&quot;:&quot;yes&quot;}\" data-widget_type=\"video.default\">\n\t\t\t\t<div class=\"elementor-widget-container\">\n\t\t\t\t\t\t\t<div class=\"e-hosted-video elementor-wrapper elementor-open-inline\">\n\t\t\t\t\t<video class=\"elementor-video\" src=\"https:\/\/www.sun-sure-estates.com\/wp-content\/themes\/sunsure\/assets\/video\/costa-01.mp4\" autoplay=\"\" loop=\"\" muted=\"muted\" playsinline=\"\" controlsList=\"nodownload\"><\/video>\n\t\t\t\t<\/div>\n\t\t\t\t\t\t<\/div>\n\t\t\t\t<\/div>\n\t\t\t\t\t<\/div>\n\t\t<\/div>\n\t\t\t\t\t<\/div>\n\t\t<\/section>\n\t\t\t\t<\/div>\n\t\t","protected":false},"excerpt":{"rendered":"<p>Maurice van BladelE: maurice@sun-sure-estates.comT:\u00a0+31 6 27 04 07 82 \u00a0 \u00a0 Maurice van Bladel, kinnisvaramaakler teie ideaalse kodu jaoks Sun Sure Estatesil on aastatepikkune kogemus (eksklusiivsete) villade ehitamisel ja uute korterite, katusekorterite ja villade m\u00fc\u00fcmisel Costa Blancal (Alicante piirkond) ja Costa del Solil (Marbella piirkond). Maurice, Sun Sure Estatesi meeskonna liige Hollandis, teenindab kliente Hollandis [&hellip;]<\/p>\n","protected":false},"author":1,"featured_media":46986,"parent":0,"menu_order":0,"comment_status":"closed","ping_status":"closed","template":"","meta":{"_acf_changed":false,"footnotes":""},"class_list":["post-44831","page","type-page","status-publish","has-post-thumbnail","hentry"],"acf":[],"yoast_head":"<!-- This site is optimized with the Yoast SEO plugin v27.4 - https:\/\/yoast.com\/product\/yoast-seo-wordpress\/ -->\n<title>Meie kohta - Sun Sure Estates<\/title>\n<meta name=\"description\" content=\"Wij hebben veel ervaring aan de Costa Blanca opgebouwd met het vinden van de juiste projecten en deze te verkopen aan buitenlanders waaronder Belgen en Nederlanders. Huizen, het begeleiden, het gemoedelijk en eerlijk met de mensen ter plaatse en de klanten omgaan is onze passie.\" \/>\n<meta name=\"robots\" content=\"index, follow, max-snippet:-1, max-image-preview:large, max-video-preview:-1\" \/>\n<link rel=\"canonical\" href=\"https:\/\/www.sun-sure-estates.com\/et\/meie-kohta\/\" \/>\n<meta property=\"og:locale\" content=\"et_EE\" \/>\n<meta property=\"og:type\" content=\"article\" \/>\n<meta property=\"og:title\" content=\"Meie kohta - Sun Sure Estates\" \/>\n<meta property=\"og:description\" content=\"Wij hebben veel ervaring aan de Costa Blanca opgebouwd met het vinden van de juiste projecten en deze te verkopen aan buitenlanders waaronder Belgen en Nederlanders. Huizen, het begeleiden, het gemoedelijk en eerlijk met de mensen ter plaatse en de klanten omgaan is onze passie.\" \/>\n<meta property=\"og:url\" content=\"https:\/\/www.sun-sure-estates.com\/et\/meie-kohta\/\" \/>\n<meta property=\"og:site_name\" content=\"Sun Sure Estates\" \/>\n<meta property=\"article:modified_time\" content=\"2025-08-27T12:52:59+00:00\" \/>\n<meta property=\"og:image\" content=\"https:\/\/www.sun-sure-estates.com\/wp-content\/uploads\/2020\/09\/4-37-scaled.jpg\" \/>\n\t<meta property=\"og:image:width\" content=\"2560\" \/>\n\t<meta property=\"og:image:height\" content=\"1707\" \/>\n\t<meta property=\"og:image:type\" content=\"image\/jpeg\" \/>\n<meta name=\"twitter:card\" content=\"summary_large_image\" \/>\n<meta name=\"twitter:label1\" content=\"Est. reading time\" \/>\n\t<meta name=\"twitter:data1\" content=\"2 minutit\" \/>\n<script type=\"application\/ld+json\" class=\"yoast-schema-graph\">{\"@context\":\"https:\\\/\\\/schema.org\",\"@graph\":[{\"@type\":\"WebPage\",\"@id\":\"https:\\\/\\\/www.sun-sure-estates.com\\\/et\\\/meie-kohta\\\/\",\"url\":\"https:\\\/\\\/www.sun-sure-estates.com\\\/et\\\/meie-kohta\\\/\",\"name\":\"Meie kohta - Sun Sure Estates\",\"isPartOf\":{\"@id\":\"https:\\\/\\\/www.sun-sure-estates.com\\\/et\\\/#website\"},\"primaryImageOfPage\":{\"@id\":\"https:\\\/\\\/www.sun-sure-estates.com\\\/et\\\/meie-kohta\\\/#primaryimage\"},\"image\":{\"@id\":\"https:\\\/\\\/www.sun-sure-estates.com\\\/et\\\/meie-kohta\\\/#primaryimage\"},\"thumbnailUrl\":\"https:\\\/\\\/www.sun-sure-estates.com\\\/wp-content\\\/uploads\\\/2026\\\/01\\\/1d8119be-b266-419a-9b76-ea60b4302af3.jpg\",\"datePublished\":\"2020-07-01T13:23:55+00:00\",\"dateModified\":\"2025-08-27T12:52:59+00:00\",\"description\":\"Wij hebben veel ervaring aan de Costa Blanca opgebouwd met het vinden van de juiste projecten en deze te verkopen aan buitenlanders waaronder Belgen en Nederlanders. Huizen, het begeleiden, het gemoedelijk en eerlijk met de mensen ter plaatse en de klanten omgaan is onze passie.\",\"breadcrumb\":{\"@id\":\"https:\\\/\\\/www.sun-sure-estates.com\\\/et\\\/meie-kohta\\\/#breadcrumb\"},\"inLanguage\":\"et\",\"potentialAction\":[{\"@type\":\"ReadAction\",\"target\":[\"https:\\\/\\\/www.sun-sure-estates.com\\\/et\\\/meie-kohta\\\/\"]}]},{\"@type\":\"ImageObject\",\"inLanguage\":\"et\",\"@id\":\"https:\\\/\\\/www.sun-sure-estates.com\\\/et\\\/meie-kohta\\\/#primaryimage\",\"url\":\"https:\\\/\\\/www.sun-sure-estates.com\\\/wp-content\\\/uploads\\\/2026\\\/01\\\/1d8119be-b266-419a-9b76-ea60b4302af3.jpg\",\"contentUrl\":\"https:\\\/\\\/www.sun-sure-estates.com\\\/wp-content\\\/uploads\\\/2026\\\/01\\\/1d8119be-b266-419a-9b76-ea60b4302af3.jpg\",\"width\":1920,\"height\":853},{\"@type\":\"BreadcrumbList\",\"@id\":\"https:\\\/\\\/www.sun-sure-estates.com\\\/et\\\/meie-kohta\\\/#breadcrumb\",\"itemListElement\":[{\"@type\":\"ListItem\",\"position\":1,\"name\":\"Home\",\"item\":\"https:\\\/\\\/www.sun-sure-estates.com\\\/et\\\/\"},{\"@type\":\"ListItem\",\"position\":2,\"name\":\"Meie kohta\"}]},{\"@type\":\"WebSite\",\"@id\":\"https:\\\/\\\/www.sun-sure-estates.com\\\/et\\\/#website\",\"url\":\"https:\\\/\\\/www.sun-sure-estates.com\\\/et\\\/\",\"name\":\"Sun Sure Estates\",\"description\":\"Beleggen of wonen in je eigen huis onder de zon\",\"potentialAction\":[{\"@type\":\"SearchAction\",\"target\":{\"@type\":\"EntryPoint\",\"urlTemplate\":\"https:\\\/\\\/www.sun-sure-estates.com\\\/et\\\/?s={search_term_string}\"},\"query-input\":{\"@type\":\"PropertyValueSpecification\",\"valueRequired\":true,\"valueName\":\"search_term_string\"}}],\"inLanguage\":\"et\"}]}<\/script>\n<!-- \/ Yoast SEO plugin. -->","yoast_head_json":{"title":"Meie kohta - Sun Sure Estates","description":"Wij hebben veel ervaring aan de Costa Blanca opgebouwd met het vinden van de juiste projecten en deze te verkopen aan buitenlanders waaronder Belgen en Nederlanders. Huizen, het begeleiden, het gemoedelijk en eerlijk met de mensen ter plaatse en de klanten omgaan is onze passie.","robots":{"index":"index","follow":"follow","max-snippet":"max-snippet:-1","max-image-preview":"max-image-preview:large","max-video-preview":"max-video-preview:-1"},"canonical":"https:\/\/www.sun-sure-estates.com\/et\/meie-kohta\/","og_locale":"et_EE","og_type":"article","og_title":"Meie kohta - Sun Sure Estates","og_description":"Wij hebben veel ervaring aan de Costa Blanca opgebouwd met het vinden van de juiste projecten en deze te verkopen aan buitenlanders waaronder Belgen en Nederlanders. Huizen, het begeleiden, het gemoedelijk en eerlijk met de mensen ter plaatse en de klanten omgaan is onze passie.","og_url":"https:\/\/www.sun-sure-estates.com\/et\/meie-kohta\/","og_site_name":"Sun Sure Estates","article_modified_time":"2025-08-27T12:52:59+00:00","og_image":[{"width":2560,"height":1707,"url":"https:\/\/www.sun-sure-estates.com\/wp-content\/uploads\/2020\/09\/4-37-scaled.jpg","type":"image\/jpeg"}],"twitter_card":"summary_large_image","twitter_misc":{"Est. reading time":"2 minutit"},"schema":{"@context":"https:\/\/schema.org","@graph":[{"@type":"WebPage","@id":"https:\/\/www.sun-sure-estates.com\/et\/meie-kohta\/","url":"https:\/\/www.sun-sure-estates.com\/et\/meie-kohta\/","name":"Meie kohta - Sun Sure Estates","isPartOf":{"@id":"https:\/\/www.sun-sure-estates.com\/et\/#website"},"primaryImageOfPage":{"@id":"https:\/\/www.sun-sure-estates.com\/et\/meie-kohta\/#primaryimage"},"image":{"@id":"https:\/\/www.sun-sure-estates.com\/et\/meie-kohta\/#primaryimage"},"thumbnailUrl":"https:\/\/www.sun-sure-estates.com\/wp-content\/uploads\/2026\/01\/1d8119be-b266-419a-9b76-ea60b4302af3.jpg","datePublished":"2020-07-01T13:23:55+00:00","dateModified":"2025-08-27T12:52:59+00:00","description":"Wij hebben veel ervaring aan de Costa Blanca opgebouwd met het vinden van de juiste projecten en deze te verkopen aan buitenlanders waaronder Belgen en Nederlanders. Huizen, het begeleiden, het gemoedelijk en eerlijk met de mensen ter plaatse en de klanten omgaan is onze passie.","breadcrumb":{"@id":"https:\/\/www.sun-sure-estates.com\/et\/meie-kohta\/#breadcrumb"},"inLanguage":"et","potentialAction":[{"@type":"ReadAction","target":["https:\/\/www.sun-sure-estates.com\/et\/meie-kohta\/"]}]},{"@type":"ImageObject","inLanguage":"et","@id":"https:\/\/www.sun-sure-estates.com\/et\/meie-kohta\/#primaryimage","url":"https:\/\/www.sun-sure-estates.com\/wp-content\/uploads\/2026\/01\/1d8119be-b266-419a-9b76-ea60b4302af3.jpg","contentUrl":"https:\/\/www.sun-sure-estates.com\/wp-content\/uploads\/2026\/01\/1d8119be-b266-419a-9b76-ea60b4302af3.jpg","width":1920,"height":853},{"@type":"BreadcrumbList","@id":"https:\/\/www.sun-sure-estates.com\/et\/meie-kohta\/#breadcrumb","itemListElement":[{"@type":"ListItem","position":1,"name":"Home","item":"https:\/\/www.sun-sure-estates.com\/et\/"},{"@type":"ListItem","position":2,"name":"Meie kohta"}]},{"@type":"WebSite","@id":"https:\/\/www.sun-sure-estates.com\/et\/#website","url":"https:\/\/www.sun-sure-estates.com\/et\/","name":"Sun Sure Estates","description":"Beleggen of wonen in je eigen huis onder de zon","potentialAction":[{"@type":"SearchAction","target":{"@type":"EntryPoint","urlTemplate":"https:\/\/www.sun-sure-estates.com\/et\/?s={search_term_string}"},"query-input":{"@type":"PropertyValueSpecification","valueRequired":true,"valueName":"search_term_string"}}],"inLanguage":"et"}]}},"_links":{"self":[{"href":"https:\/\/www.sun-sure-estates.com\/et\/wp-json\/wp\/v2\/pages\/44831","targetHints":{"allow":["GET"]}}],"collection":[{"href":"https:\/\/www.sun-sure-estates.com\/et\/wp-json\/wp\/v2\/pages"}],"about":[{"href":"https:\/\/www.sun-sure-estates.com\/et\/wp-json\/wp\/v2\/types\/page"}],"author":[{"embeddable":true,"href":"https:\/\/www.sun-sure-estates.com\/et\/wp-json\/wp\/v2\/users\/1"}],"replies":[{"embeddable":true,"href":"https:\/\/www.sun-sure-estates.com\/et\/wp-json\/wp\/v2\/comments?post=44831"}],"version-history":[{"count":5,"href":"https:\/\/www.sun-sure-estates.com\/et\/wp-json\/wp\/v2\/pages\/44831\/revisions"}],"predecessor-version":[{"id":44836,"href":"https:\/\/www.sun-sure-estates.com\/et\/wp-json\/wp\/v2\/pages\/44831\/revisions\/44836"}],"wp:featuredmedia":[{"embeddable":true,"href":"https:\/\/www.sun-sure-estates.com\/et\/wp-json\/wp\/v2\/media\/46986"}],"wp:attachment":[{"href":"https:\/\/www.sun-sure-estates.com\/et\/wp-json\/wp\/v2\/media?parent=44831"}],"curies":[{"name":"wp","href":"https:\/\/api.w.org\/{rel}","templated":true}]}}