{"id":25944,"date":"2023-05-02T16:58:14","date_gmt":"2023-05-02T14:58:14","guid":{"rendered":"https:\/\/www.sun-sure-estates.com\/?page_id=25944"},"modified":"2023-05-02T17:56:05","modified_gmt":"2023-05-02T15:56:05","slug":"podroz-widokowa","status":"publish","type":"page","link":"https:\/\/www.sun-sure-estates.com\/pl\/podroz-widokowa\/","title":{"rendered":"Podr\u00f3\u017c widokowa"},"content":{"rendered":"\t\t<div data-elementor-type=\"wp-page\" data-elementor-id=\"25944\" class=\"elementor elementor-25944 elementor-84\">\n\t\t\t\t\t\t<section class=\"elementor-section elementor-top-section elementor-element elementor-element-1c26f857 elementor-section-boxed elementor-section-height-default elementor-section-height-default\" data-id=\"1c26f857\" data-element_type=\"section\" data-e-type=\"section\">\n\t\t\t\t\t\t<div class=\"elementor-container elementor-column-gap-default\">\n\t\t\t\t\t<div class=\"elementor-column elementor-col-100 elementor-top-column elementor-element elementor-element-193a1e53\" data-id=\"193a1e53\" data-element_type=\"column\" data-e-type=\"column\">\n\t\t\t<div class=\"elementor-widget-wrap elementor-element-populated\">\n\t\t\t\t\t\t<div class=\"elementor-element elementor-element-77f1141f elementor-widget elementor-widget-text-editor\" data-id=\"77f1141f\" data-element_type=\"widget\" data-e-type=\"widget\" data-widget_type=\"text-editor.default\">\n\t\t\t\t<div class=\"elementor-widget-container\">\n\t\t\t\t\t\t\t\t\t<p><\/p>\n<p><u style=\"caret-color: rgb(0, 0, 0); color: rgb(0, 0, 0); font-family: Arial, sans-serif; font-style: normal; font-variant-caps: normal;\"><span lang=\"pl\" style=\"font-size: 11pt; font-family: &quot;AVENIR OBLIQUE&quot;, sans-serif;\">Og\u00f3lne warunki handlowe<\/span><\/u><\/p><p style=\"margin: 0cm; font-size: medium; font-family: Arial, sans-serif; caret-color: rgb(0, 0, 0); color: rgb(0, 0, 0); font-style: normal; font-variant-caps: normal;\"><span lang=\"pl\" style=\"font-size: 11pt; font-family: &quot;AVENIR OBLIQUE&quot;, sans-serif;\">Strona internetowa Sun Sure Estates zosta\u0142a opracowana z wielk\u0105 staranno\u015bci\u0105. Niemniej jednak nie mo\u017ce zagwarantowa\u0107, \u017ce wszystkie podane ceny i informacje s\u0105 kompletne, poprawne lub aktualne.<\/span><span lang=\"PL\" style=\"font-size: 11pt; font-family: &quot;AVENIR OBLIQUE&quot;, sans-serif;\"><o:p><\/o:p><\/span><\/p><p style=\"margin: 0cm; font-size: medium; font-family: Arial, sans-serif; caret-color: rgb(0, 0, 0); color: rgb(0, 0, 0); font-style: normal; font-variant-caps: normal;\"><span lang=\"PL\" style=\"font-size: 11pt; font-family: &quot;AVENIR OBLIQUE&quot;, sans-serif;\"><o:p>&nbsp;<\/o:p><\/span><\/p><p style=\"margin: 0cm; font-size: medium; font-family: Arial, sans-serif; caret-color: rgb(0, 0, 0); color: rgb(0, 0, 0); font-style: normal; font-variant-caps: normal;\"><span lang=\"pl\" style=\"font-size: 11pt; font-family: &quot;AVENIR OBLIQUE&quot;, sans-serif;\">Ceny, opcje i wszelkie promocje s\u0105 dostarczane Sun Sure Estates przez budowniczych, deweloper\u00f3w i agent\u00f3w nieruchomo\u015bci. Wszelkie zmiany cen s\u0105 aktualizowane na stronie internetowej tak szybko, jak to mo\u017cliwe, ale niewykluczone jest, \u017ce niekt\u00f3re ceny r\u00f3\u017cni\u0105 si\u0119 od cen zwykle pobieranych przez budowniczego, dewelopera lub agenta nieruchomo\u015bci. Niestety Sun Sure Estates nie mo\u017ce zagwarantowa\u0107, \u017ce ceny b\u0119d\u0105 nadal obowi\u0105zywa\u0107 podczas wizyty w obiektach na miejscu.<\/span><span lang=\"PL\" style=\"font-size: 11pt; font-family: &quot;AVENIR OBLIQUE&quot;, sans-serif;\"><o:p><\/o:p><\/span><\/p><p style=\"margin: 0cm; font-size: medium; font-family: Arial, sans-serif; caret-color: rgb(0, 0, 0); color: rgb(0, 0, 0); font-style: normal; font-variant-caps: normal;\"><span lang=\"PL\" style=\"font-size: 11pt; font-family: &quot;AVENIR OBLIQUE&quot;, sans-serif;\"><o:p>&nbsp;<\/o:p><\/span><\/p><p style=\"margin: 0cm; font-size: medium; font-family: Arial, sans-serif; caret-color: rgb(0, 0, 0); color: rgb(0, 0, 0); font-style: normal; font-variant-caps: normal;\"><span lang=\"pl\" style=\"font-size: 11pt; font-family: &quot;AVENIR OBLIQUE&quot;, sans-serif;\">Sun Sure Estates nie ponosi odpowiedzialno\u015bci za tre\u015b\u0107 tych informacji ani za konsekwencje ich wykorzystania.&nbsp;<\/span><\/p><p style=\"margin: 0cm; font-size: medium; font-family: Arial, sans-serif; caret-color: rgb(0, 0, 0); color: rgb(0, 0, 0); font-style: normal; font-variant-caps: normal;\"><span lang=\"pl\" style=\"font-size: 11pt; font-family: &quot;AVENIR OBLIQUE&quot;, sans-serif;\"><br><\/span><\/p><p style=\"margin: 0cm; font-size: medium; font-family: Arial, sans-serif; caret-color: rgb(0, 0, 0); color: rgb(0, 0, 0); font-style: normal; font-variant-caps: normal;\"><span lang=\"pl\" style=\"font-size: 11pt; font-family: &quot;AVENIR OBLIQUE&quot;, sans-serif;\">\u017badne prawa nie mog\u0105 wynika\u0107 z danych wy\u015bwietlanych na naszej stronie internetowej. Informacje te s\u0105 dostarczane wy\u0142\u0105cznie w celach informacyjnych, bez \u017cadnych zobowi\u0105za\u0144 umownych lub gwarancji z naszej strony i mog\u0105 ulec zmianie w dowolnym momencie.<\/span><span lang=\"PL\" style=\"font-size: 11pt; font-family: &quot;AVENIR OBLIQUE&quot;, sans-serif;\"><o:p><\/o:p><\/span><\/p><p style=\"margin: 0cm; font-size: medium; font-family: Arial, sans-serif; caret-color: rgb(0, 0, 0); color: rgb(0, 0, 0); font-style: normal; font-variant-caps: normal;\"><span lang=\"PL\" style=\"font-size: 11pt; font-family: &quot;AVENIR OBLIQUE&quot;, sans-serif;\"><o:p>&nbsp;<\/o:p><\/span><\/p><p style=\"margin: 0cm; font-size: medium; font-family: Arial, sans-serif; caret-color: rgb(0, 0, 0); color: rgb(0, 0, 0); font-style: normal; font-variant-caps: normal;\"><span lang=\"pl\" style=\"font-size: 11pt; font-family: &quot;AVENIR OBLIQUE&quot;, sans-serif;\">Sun Sure Estates to profesjonalny doradca skupiaj\u0105cy si\u0119 wy\u0142\u0105cznie na sprzeda\u017cy nieruchomo\u015bci na Costa Blanca i regionie Costa Blanca w Hiszpanii.<\/span><span lang=\"PL\" style=\"font-size: 11pt; font-family: &quot;AVENIR OBLIQUE&quot;, sans-serif;\"><o:p><\/o:p><\/span><\/p><p style=\"margin: 0cm; font-size: medium; font-family: Arial, sans-serif; caret-color: rgb(0, 0, 0); color: rgb(0, 0, 0); font-style: normal; font-variant-caps: normal;\"><span lang=\"PL\" style=\"font-size: 11pt; font-family: &quot;AVENIR OBLIQUE&quot;, sans-serif;\"><o:p>&nbsp;<\/o:p><\/span><\/p><p style=\"margin: 0cm; font-size: medium; font-family: Arial, sans-serif; caret-color: rgb(0, 0, 0); color: rgb(0, 0, 0); font-style: normal; font-variant-caps: normal;\"><span lang=\"pl\" style=\"font-size: 11pt; font-family: &quot;AVENIR OBLIQUE&quot;, sans-serif;\">Sun Sure Estates nie jest architektem, budowniczym ani prawnikiem i dlatego nie mo\u017ce by\u0107 poci\u0105gni\u0119ty do odpowiedzialno\u015bci za jakiekolwiek nieprawid\u0142owe informacje podane na tej stronie. Klientom zaleca si\u0119 samodzielne zapytania za po\u015brednictwem ksi\u0119gowego, doradcy podatkowego i prawnik\u00f3w w zakresie dok\u0142adno\u015bci informacji dostarczanych przez deweloper\u00f3w, budowniczych i agent\u00f3w za po\u015brednictwem Sun Sure Estates.<\/span><\/p>\n<p><\/p>\t\t\t\t\t\t\t\t<\/div>\n\t\t\t\t<\/div>\n\t\t\t\t\t<\/div>\n\t\t<\/div>\n\t\t\t\t\t<\/div>\n\t\t<\/section>\n\t\t\t\t<\/div>\n\t\t","protected":false},"excerpt":{"rendered":"<p>Og\u00f3lne warunki handlowe Strona internetowa Sun Sure Estates zosta\u0142a opracowana z wielk\u0105 staranno\u015bci\u0105. Niemniej jednak nie mo\u017ce zagwarantowa\u0107, \u017ce wszystkie podane ceny i informacje s\u0105 kompletne, poprawne lub aktualne. &nbsp; Ceny, opcje i wszelkie promocje s\u0105 dostarczane Sun Sure Estates przez budowniczych, deweloper\u00f3w i agent\u00f3w nieruchomo\u015bci. Wszelkie zmiany cen s\u0105 aktualizowane na stronie internetowej tak [&hellip;]<\/p>\n","protected":false},"author":3,"featured_media":18266,"parent":0,"menu_order":0,"comment_status":"closed","ping_status":"closed","template":"","meta":{"_acf_changed":false,"footnotes":""},"class_list":["post-25944","page","type-page","status-publish","has-post-thumbnail","hentry"],"acf":[],"yoast_head":"<!-- This site is optimized with the Yoast SEO plugin v27.6 - https:\/\/yoast.com\/product\/yoast-seo-wordpress\/ -->\n<title>Podr\u00f3\u017c widokowa - Sun Sure Estates<\/title>\n<meta name=\"robots\" content=\"index, follow, max-snippet:-1, max-image-preview:large, max-video-preview:-1\" \/>\n<link rel=\"canonical\" href=\"https:\/\/www.sun-sure-estates.com\/pl\/podroz-widokowa\/\" \/>\n<meta property=\"og:locale\" content=\"pl_PL\" \/>\n<meta property=\"og:type\" content=\"article\" \/>\n<meta property=\"og:title\" content=\"Podr\u00f3\u017c widokowa - Sun Sure Estates\" \/>\n<meta property=\"og:description\" content=\"Og\u00f3lne warunki handlowe Strona internetowa Sun Sure Estates zosta\u0142a opracowana z wielk\u0105 staranno\u015bci\u0105. Niemniej jednak nie mo\u017ce zagwarantowa\u0107, \u017ce wszystkie podane ceny i informacje s\u0105 kompletne, poprawne lub aktualne. &nbsp; Ceny, opcje i wszelkie promocje s\u0105 dostarczane Sun Sure Estates przez budowniczych, deweloper\u00f3w i agent\u00f3w nieruchomo\u015bci. Wszelkie zmiany cen s\u0105 aktualizowane na stronie internetowej tak [&hellip;]\" \/>\n<meta property=\"og:url\" content=\"https:\/\/www.sun-sure-estates.com\/pl\/podroz-widokowa\/\" \/>\n<meta property=\"og:site_name\" content=\"Sun Sure Estates\" \/>\n<meta property=\"article:modified_time\" content=\"2023-05-02T15:56:05+00:00\" \/>\n<meta property=\"og:image\" content=\"https:\/\/www.sun-sure-estates.com\/wp-content\/uploads\/2020\/07\/2-3-scaled.jpg\" \/>\n\t<meta property=\"og:image:width\" content=\"2560\" \/>\n\t<meta property=\"og:image:height\" content=\"1707\" \/>\n\t<meta property=\"og:image:type\" content=\"image\/jpeg\" \/>\n<meta name=\"twitter:card\" content=\"summary_large_image\" \/>\n<meta name=\"twitter:label1\" content=\"Szacowany czas czytania\" \/>\n\t<meta name=\"twitter:data1\" content=\"2 minuty\" \/>\n<script type=\"application\/ld+json\" class=\"yoast-schema-graph\">{\"@context\":\"https:\\\/\\\/schema.org\",\"@graph\":[{\"@type\":\"WebPage\",\"@id\":\"https:\\\/\\\/www.sun-sure-estates.com\\\/pl\\\/podroz-widokowa\\\/\",\"url\":\"https:\\\/\\\/www.sun-sure-estates.com\\\/pl\\\/podroz-widokowa\\\/\",\"name\":\"Podr\u00f3\u017c widokowa - Sun Sure Estates\",\"isPartOf\":{\"@id\":\"https:\\\/\\\/www.sun-sure-estates.com\\\/pl\\\/#website\"},\"primaryImageOfPage\":{\"@id\":\"https:\\\/\\\/www.sun-sure-estates.com\\\/pl\\\/podroz-widokowa\\\/#primaryimage\"},\"image\":{\"@id\":\"https:\\\/\\\/www.sun-sure-estates.com\\\/pl\\\/podroz-widokowa\\\/#primaryimage\"},\"thumbnailUrl\":\"https:\\\/\\\/www.sun-sure-estates.com\\\/wp-content\\\/uploads\\\/2020\\\/07\\\/2-3-scaled.jpg\",\"datePublished\":\"2023-05-02T14:58:14+00:00\",\"dateModified\":\"2023-05-02T15:56:05+00:00\",\"breadcrumb\":{\"@id\":\"https:\\\/\\\/www.sun-sure-estates.com\\\/pl\\\/podroz-widokowa\\\/#breadcrumb\"},\"inLanguage\":\"pl-PL\",\"potentialAction\":[{\"@type\":\"ReadAction\",\"target\":[\"https:\\\/\\\/www.sun-sure-estates.com\\\/pl\\\/podroz-widokowa\\\/\"]}]},{\"@type\":\"ImageObject\",\"inLanguage\":\"pl-PL\",\"@id\":\"https:\\\/\\\/www.sun-sure-estates.com\\\/pl\\\/podroz-widokowa\\\/#primaryimage\",\"url\":\"https:\\\/\\\/www.sun-sure-estates.com\\\/wp-content\\\/uploads\\\/2020\\\/07\\\/2-3-scaled.jpg\",\"contentUrl\":\"https:\\\/\\\/www.sun-sure-estates.com\\\/wp-content\\\/uploads\\\/2020\\\/07\\\/2-3-scaled.jpg\",\"width\":2560,\"height\":1707},{\"@type\":\"BreadcrumbList\",\"@id\":\"https:\\\/\\\/www.sun-sure-estates.com\\\/pl\\\/podroz-widokowa\\\/#breadcrumb\",\"itemListElement\":[{\"@type\":\"ListItem\",\"position\":1,\"name\":\"Home\",\"item\":\"https:\\\/\\\/www.sun-sure-estates.com\\\/pl\\\/strona-glowna\\\/\"},{\"@type\":\"ListItem\",\"position\":2,\"name\":\"Podr\u00f3\u017c widokowa\"}]},{\"@type\":\"WebSite\",\"@id\":\"https:\\\/\\\/www.sun-sure-estates.com\\\/pl\\\/#website\",\"url\":\"https:\\\/\\\/www.sun-sure-estates.com\\\/pl\\\/\",\"name\":\"Sun Sure Estates\",\"description\":\"Beleggen of wonen in je eigen huis onder de zon\",\"potentialAction\":[{\"@type\":\"SearchAction\",\"target\":{\"@type\":\"EntryPoint\",\"urlTemplate\":\"https:\\\/\\\/www.sun-sure-estates.com\\\/pl\\\/?s={search_term_string}\"},\"query-input\":{\"@type\":\"PropertyValueSpecification\",\"valueRequired\":true,\"valueName\":\"search_term_string\"}}],\"inLanguage\":\"pl-PL\"}]}<\/script>\n<!-- \/ Yoast SEO plugin. -->","yoast_head_json":{"title":"Podr\u00f3\u017c widokowa - Sun Sure Estates","robots":{"index":"index","follow":"follow","max-snippet":"max-snippet:-1","max-image-preview":"max-image-preview:large","max-video-preview":"max-video-preview:-1"},"canonical":"https:\/\/www.sun-sure-estates.com\/pl\/podroz-widokowa\/","og_locale":"pl_PL","og_type":"article","og_title":"Podr\u00f3\u017c widokowa - Sun Sure Estates","og_description":"Og\u00f3lne warunki handlowe Strona internetowa Sun Sure Estates zosta\u0142a opracowana z wielk\u0105 staranno\u015bci\u0105. Niemniej jednak nie mo\u017ce zagwarantowa\u0107, \u017ce wszystkie podane ceny i informacje s\u0105 kompletne, poprawne lub aktualne. &nbsp; Ceny, opcje i wszelkie promocje s\u0105 dostarczane Sun Sure Estates przez budowniczych, deweloper\u00f3w i agent\u00f3w nieruchomo\u015bci. Wszelkie zmiany cen s\u0105 aktualizowane na stronie internetowej tak [&hellip;]","og_url":"https:\/\/www.sun-sure-estates.com\/pl\/podroz-widokowa\/","og_site_name":"Sun Sure Estates","article_modified_time":"2023-05-02T15:56:05+00:00","og_image":[{"width":2560,"height":1707,"url":"https:\/\/www.sun-sure-estates.com\/wp-content\/uploads\/2020\/07\/2-3-scaled.jpg","type":"image\/jpeg"}],"twitter_card":"summary_large_image","twitter_misc":{"Szacowany czas czytania":"2 minuty"},"schema":{"@context":"https:\/\/schema.org","@graph":[{"@type":"WebPage","@id":"https:\/\/www.sun-sure-estates.com\/pl\/podroz-widokowa\/","url":"https:\/\/www.sun-sure-estates.com\/pl\/podroz-widokowa\/","name":"Podr\u00f3\u017c widokowa - Sun Sure Estates","isPartOf":{"@id":"https:\/\/www.sun-sure-estates.com\/pl\/#website"},"primaryImageOfPage":{"@id":"https:\/\/www.sun-sure-estates.com\/pl\/podroz-widokowa\/#primaryimage"},"image":{"@id":"https:\/\/www.sun-sure-estates.com\/pl\/podroz-widokowa\/#primaryimage"},"thumbnailUrl":"https:\/\/www.sun-sure-estates.com\/wp-content\/uploads\/2020\/07\/2-3-scaled.jpg","datePublished":"2023-05-02T14:58:14+00:00","dateModified":"2023-05-02T15:56:05+00:00","breadcrumb":{"@id":"https:\/\/www.sun-sure-estates.com\/pl\/podroz-widokowa\/#breadcrumb"},"inLanguage":"pl-PL","potentialAction":[{"@type":"ReadAction","target":["https:\/\/www.sun-sure-estates.com\/pl\/podroz-widokowa\/"]}]},{"@type":"ImageObject","inLanguage":"pl-PL","@id":"https:\/\/www.sun-sure-estates.com\/pl\/podroz-widokowa\/#primaryimage","url":"https:\/\/www.sun-sure-estates.com\/wp-content\/uploads\/2020\/07\/2-3-scaled.jpg","contentUrl":"https:\/\/www.sun-sure-estates.com\/wp-content\/uploads\/2020\/07\/2-3-scaled.jpg","width":2560,"height":1707},{"@type":"BreadcrumbList","@id":"https:\/\/www.sun-sure-estates.com\/pl\/podroz-widokowa\/#breadcrumb","itemListElement":[{"@type":"ListItem","position":1,"name":"Home","item":"https:\/\/www.sun-sure-estates.com\/pl\/strona-glowna\/"},{"@type":"ListItem","position":2,"name":"Podr\u00f3\u017c widokowa"}]},{"@type":"WebSite","@id":"https:\/\/www.sun-sure-estates.com\/pl\/#website","url":"https:\/\/www.sun-sure-estates.com\/pl\/","name":"Sun Sure Estates","description":"Beleggen of wonen in je eigen huis onder de zon","potentialAction":[{"@type":"SearchAction","target":{"@type":"EntryPoint","urlTemplate":"https:\/\/www.sun-sure-estates.com\/pl\/?s={search_term_string}"},"query-input":{"@type":"PropertyValueSpecification","valueRequired":true,"valueName":"search_term_string"}}],"inLanguage":"pl-PL"}]}},"_links":{"self":[{"href":"https:\/\/www.sun-sure-estates.com\/pl\/wp-json\/wp\/v2\/pages\/25944","targetHints":{"allow":["GET"]}}],"collection":[{"href":"https:\/\/www.sun-sure-estates.com\/pl\/wp-json\/wp\/v2\/pages"}],"about":[{"href":"https:\/\/www.sun-sure-estates.com\/pl\/wp-json\/wp\/v2\/types\/page"}],"author":[{"embeddable":true,"href":"https:\/\/www.sun-sure-estates.com\/pl\/wp-json\/wp\/v2\/users\/3"}],"replies":[{"embeddable":true,"href":"https:\/\/www.sun-sure-estates.com\/pl\/wp-json\/wp\/v2\/comments?post=25944"}],"version-history":[{"count":4,"href":"https:\/\/www.sun-sure-estates.com\/pl\/wp-json\/wp\/v2\/pages\/25944\/revisions"}],"predecessor-version":[{"id":25976,"href":"https:\/\/www.sun-sure-estates.com\/pl\/wp-json\/wp\/v2\/pages\/25944\/revisions\/25976"}],"wp:featuredmedia":[{"embeddable":true,"href":"https:\/\/www.sun-sure-estates.com\/pl\/wp-json\/wp\/v2\/media\/18266"}],"wp:attachment":[{"href":"https:\/\/www.sun-sure-estates.com\/pl\/wp-json\/wp\/v2\/media?parent=25944"}],"curies":[{"name":"wp","href":"https:\/\/api.w.org\/{rel}","templated":true}]}}