{"id":25946,"date":"2023-05-02T16:59:51","date_gmt":"2023-05-02T14:59:51","guid":{"rendered":"https:\/\/www.sun-sure-estates.com\/?page_id=25946"},"modified":"2023-12-14T11:39:26","modified_gmt":"2023-12-14T10:39:26","slug":"kontakt","status":"publish","type":"page","link":"https:\/\/www.sun-sure-estates.com\/pl\/kontakt\/","title":{"rendered":"Kontakt"},"content":{"rendered":"\t\t<div data-elementor-type=\"wp-page\" data-elementor-id=\"25946\" class=\"elementor elementor-25946 elementor-25\">\n\t\t\t\t\t\t<section class=\"elementor-section elementor-top-section elementor-element elementor-element-4adb6d3e elementor-section-boxed elementor-section-height-default elementor-section-height-default\" data-id=\"4adb6d3e\" data-element_type=\"section\" data-e-type=\"section\">\n\t\t\t\t\t\t<div class=\"elementor-container elementor-column-gap-default\">\n\t\t\t\t\t<div class=\"elementor-column elementor-col-100 elementor-top-column elementor-element elementor-element-38084fb\" data-id=\"38084fb\" data-element_type=\"column\" data-e-type=\"column\">\n\t\t\t<div class=\"elementor-widget-wrap elementor-element-populated\">\n\t\t\t\t\t\t<div class=\"elementor-element elementor-element-79bc0335 elementor-widget__width-initial elementor-widget elementor-widget-text-editor\" data-id=\"79bc0335\" data-element_type=\"widget\" data-e-type=\"widget\" data-widget_type=\"text-editor.default\">\n\t\t\t\t<div class=\"elementor-widget-container\">\n\t\t\t\t\t\t\t\t\t<h2 style=\"margin: 0cm; font-size: medium; font-family: Arial, sans-serif; caret-color: #000000; color: #000000; font-style: normal; font-variant-caps: normal;\"><span lang=\"pl\" style=\"font-size: 11pt; font-family: 'Avenir Oblique', sans-serif;\">Chcesz um\u00f3wi\u0107 si\u0119 na spotkanie z Maurice&#8217;em lub chcesz uzyska\u0107 wi\u0119cej informacji? Mo\u017cesz skontaktowa\u0107 si\u0119 z nami przez e-mail, telefon lub Whatsapp. Mo\u017cesz r\u00f3wnie\u017c wype\u0142ni\u0107 poni\u017cszy formularz kontaktowy.<\/span><\/h2>\n<figure><\/figure>\n<div>\n<p style=\"margin: 0cm; font-size: medium; font-family: Arial, sans-serif; caret-color: #000000; color: #000000; font-style: normal; font-variant-caps: normal;\"><span lang=\"pl\" style=\"font-size: 11pt; font-family: 'Avenir Oblique', sans-serif;\">(logo WhatsApp) Masz pytania lub szukasz czego\u015b konkretnego? Prosz\u0119 WhatsApp na numer +31 6 27 04 07 82.<\/span><\/p>\n<p style=\"margin: 0cm; font-size: medium; font-family: Arial, sans-serif; caret-color: #000000; color: #000000; font-style: normal; font-variant-caps: normal;\"><span lang=\"pl\" style=\"font-size: 11pt; font-family: 'Avenir Oblique', sans-serif;\">&nbsp;<\/span><\/p>\n<\/div>\n<div>\n<div>\n<p><span style=\"font-family: 'Avenir Oblique', sans-serif; font-size: 11pt; caret-color: #000000; color: #000000;\">Na spotkanie lub informacje w Polsce:<\/span><br><\/p><p style=\"margin: 0cm; font-size: medium; font-family: Arial, sans-serif; caret-color: rgb(0, 0, 0); color: rgb(0, 0, 0); font-style: normal; font-variant-caps: normal;\"><span style=\"font-size: 11pt; font-family: &quot;Avenir Oblique&quot;, sans-serif;\">Maurycy van Bladel<o:p><\/o:p><\/span><\/p><p style=\"margin: 0cm; font-size: medium; font-family: Arial, sans-serif; caret-color: rgb(0, 0, 0); color: rgb(0, 0, 0); font-style: normal; font-variant-caps: normal;\"><span style=\"font-size: 11pt; font-family: &quot;Avenir Oblique&quot;, sans-serif;\">E:&nbsp;<\/span><a href=\"mailto:maurice@sun-sure-estates.com\" style=\"color: purple; text-decoration: underline;\"><span style=\"font-size: 11pt; font-family: &quot;Avenir Oblique&quot;, sans-serif;\">maurice@sun-sure-estates.com<\/span><\/a><span style=\"font-size: 11pt; font-family: &quot;Avenir Oblique&quot;, sans-serif;\"><br>G: +31 6 27 04 07 82<o:p><\/o:p><\/span><\/p><p style=\"margin: 0cm; font-size: medium; font-family: Arial, sans-serif; caret-color: rgb(0, 0, 0); color: rgb(0, 0, 0); font-style: normal; font-variant-caps: normal;\"><span style=\"font-size: 11pt; font-family: &quot;Avenir Oblique&quot;, sans-serif;\"><o:p>&nbsp;<\/o:p><\/span><\/p><p style=\"margin: 0cm; font-size: medium; font-family: Arial, sans-serif; caret-color: rgb(0, 0, 0); color: rgb(0, 0, 0); font-style: normal; font-variant-caps: normal;\"><span lang=\"pl\" style=\"font-size: 11pt; font-family: &quot;Avenir Oblique&quot;, sans-serif;\">Mo\u017cna si\u0119 z nami skontaktowa\u0107 w nast\u0119puj\u0105cych godzinach otwarcia<\/span><span lang=\"PL\" style=\"font-size: 11pt; font-family: &quot;Avenir Oblique&quot;, sans-serif;\"><o:p><\/o:p><\/span><\/p><p style=\"margin: 0cm; font-size: medium; font-family: Arial, sans-serif; caret-color: rgb(0, 0, 0); color: rgb(0, 0, 0); font-style: normal; font-variant-caps: normal;\"><span lang=\"pl\" style=\"font-size: 11pt; font-family: &quot;Avenir Oblique&quot;, sans-serif;\">Od poniedzia\u0142ku do \u015brody od 10:00 do 19:00<\/span><span lang=\"PL\" style=\"font-size: 11pt; font-family: &quot;Avenir Oblique&quot;, sans-serif;\"><o:p><\/o:p><\/span><\/p><p style=\"margin: 0cm; font-size: medium; font-family: Arial, sans-serif; caret-color: rgb(0, 0, 0); color: rgb(0, 0, 0); font-style: normal; font-variant-caps: normal;\"><span lang=\"pl\" style=\"font-size: 11pt; font-family: &quot;Avenir Oblique&quot;, sans-serif;\">Czwartek od 10:00 do 21:00<\/span><span lang=\"PL\" style=\"font-size: 11pt; font-family: &quot;Avenir Oblique&quot;, sans-serif;\"><o:p><\/o:p><\/span><\/p><p style=\"margin: 0cm; font-size: medium; font-family: Arial, sans-serif; caret-color: rgb(0, 0, 0); color: rgb(0, 0, 0); font-style: normal; font-variant-caps: normal;\"><span lang=\"pl\" style=\"font-size: 11pt; font-family: &quot;Avenir Oblique&quot;, sans-serif;\">Pi\u0105tek od 10:00 do 19:00<\/span><span lang=\"PL\" style=\"font-size: 11pt; font-family: &quot;Avenir Oblique&quot;, sans-serif;\"><o:p><\/o:p><\/span><\/p><p style=\"margin: 0cm; font-size: medium; font-family: Arial, sans-serif; caret-color: rgb(0, 0, 0); color: rgb(0, 0, 0); font-style: normal; font-variant-caps: normal;\"><span lang=\"PL\" style=\"font-size: 11pt; font-family: &quot;Avenir Oblique&quot;, sans-serif;\"><o:p>&nbsp;<\/o:p><\/span><\/p><p style=\"margin: 0cm; font-size: medium; font-family: Arial, sans-serif; caret-color: rgb(0, 0, 0); color: rgb(0, 0, 0); font-style: normal; font-variant-caps: normal;\"><span lang=\"pl\" style=\"font-size: 11pt; font-family: &quot;Avenir Oblique&quot;, sans-serif;\">Nasze dane biznesowe:<\/span><span lang=\"PL\" style=\"font-size: 11pt; font-family: &quot;Avenir Oblique&quot;, sans-serif;\"><o:p><\/o:p><\/span><\/p><p style=\"margin: 0cm; font-size: medium; font-family: Arial, sans-serif; caret-color: rgb(0, 0, 0); color: rgb(0, 0, 0); font-style: normal; font-variant-caps: normal;\"><span lang=\"PL\" style=\"font-size: 11pt; font-family: &quot;Avenir Oblique&quot;, sans-serif;\"><o:p>&nbsp;<\/o:p><\/span><\/p><p style=\"margin: 0cm; font-size: medium; font-family: Arial, sans-serif; caret-color: rgb(0, 0, 0); color: rgb(0, 0, 0); font-style: normal; font-variant-caps: normal;\"><span lang=\"pl\" style=\"font-size: 11pt; font-family: &quot;Avenir Oblique&quot;, sans-serif;\">Maurice van Bladel Design &amp; Agency<\/span><span lang=\"PL\" style=\"font-size: 11pt; font-family: &quot;Avenir Oblique&quot;, sans-serif;\"><o:p><\/o:p><\/span><\/p><p style=\"margin: 0cm; font-size: medium; font-family: Arial, sans-serif; caret-color: rgb(0, 0, 0); color: rgb(0, 0, 0); font-style: normal; font-variant-caps: normal;\"><span lang=\"pl\" style=\"font-size: 11pt; font-family: &quot;Avenir Oblique&quot;, sans-serif;\">Wittenhorstlaan 4<\/span><span lang=\"PL\" style=\"font-size: 11pt; font-family: &quot;Avenir Oblique&quot;, sans-serif;\"><o:p><\/o:p><\/span><\/p><p style=\"margin: 0cm; font-size: medium; font-family: Arial, sans-serif; caret-color: rgb(0, 0, 0); color: rgb(0, 0, 0); font-style: normal; font-variant-caps: normal;\"><span lang=\"pl\" style=\"font-size: 11pt; font-family: &quot;Avenir Oblique&quot;, sans-serif;\">5141 CA Waalwijk<\/span><span lang=\"PL\" style=\"font-size: 11pt; font-family: &quot;Avenir Oblique&quot;, sans-serif;\"><o:p><\/o:p><\/span><\/p><p style=\"margin: 0cm; font-size: medium; font-family: Arial, sans-serif; caret-color: rgb(0, 0, 0); color: rgb(0, 0, 0); font-style: normal; font-variant-caps: normal;\"><span lang=\"pl\" style=\"font-size: 11pt; font-family: &quot;Avenir Oblique&quot;, sans-serif;\">Izba Gospodarcza: 18121988<\/span><span lang=\"PL\" style=\"font-size: 11pt; font-family: &quot;Avenir Oblique&quot;, sans-serif;\"><o:p><\/o:p><\/span><\/p><p style=\"margin: 0cm; font-size: medium; font-family: Arial, sans-serif; caret-color: rgb(0, 0, 0); color: rgb(0, 0, 0); font-style: normal; font-variant-caps: normal;\"><span style=\"font-size: 11pt; font-family: &quot;Avenir Oblique&quot;, sans-serif;\">NIP: NL802036739B01<o:p><\/o:p><\/span><\/p><p style=\"margin: 0cm; font-size: medium; font-family: Arial, sans-serif; caret-color: rgb(0, 0, 0); color: rgb(0, 0, 0); font-style: normal; font-variant-caps: normal;\"><span style=\"font-size: 11pt; font-family: &quot;Avenir Oblique&quot;, sans-serif;\">Rabobank: NL12 RABO 0129 7329 74<o:p><\/o:p><\/span><\/p><\/div><\/div>\t\t\t\t\t\t\t\t<\/div>\n\t\t\t\t<\/div>\n\t\t\t\t\t<\/div>\n\t\t<\/div>\n\t\t\t\t\t<\/div>\n\t\t<\/section>\n\t\t\t\t<\/div>\n\t\t","protected":false},"excerpt":{"rendered":"<p>Chcesz um\u00f3wi\u0107 si\u0119 na spotkanie z Maurice&#8217;em lub chcesz uzyska\u0107 wi\u0119cej informacji? Mo\u017cesz skontaktowa\u0107 si\u0119 z nami przez e-mail, telefon lub Whatsapp. Mo\u017cesz r\u00f3wnie\u017c wype\u0142ni\u0107 poni\u017cszy formularz kontaktowy. (logo WhatsApp) Masz pytania lub szukasz czego\u015b konkretnego? Prosz\u0119 WhatsApp na numer +31 6 27 04 07 82. &nbsp; Na spotkanie lub informacje w Polsce: Maurycy van [&hellip;]<\/p>\n","protected":false},"author":3,"featured_media":18234,"parent":0,"menu_order":0,"comment_status":"closed","ping_status":"closed","template":"","meta":{"_acf_changed":false,"footnotes":""},"class_list":["post-25946","page","type-page","status-publish","has-post-thumbnail","hentry"],"acf":[],"yoast_head":"<!-- This site is optimized with the Yoast SEO plugin v27.4 - https:\/\/yoast.com\/product\/yoast-seo-wordpress\/ -->\n<title>Kontakt - Sun Sure Estates<\/title>\n<meta name=\"robots\" content=\"index, follow, max-snippet:-1, max-image-preview:large, max-video-preview:-1\" \/>\n<link rel=\"canonical\" href=\"https:\/\/www.sun-sure-estates.com\/pl\/kontakt\/\" \/>\n<meta property=\"og:locale\" content=\"pl_PL\" \/>\n<meta property=\"og:type\" content=\"article\" \/>\n<meta property=\"og:title\" content=\"Kontakt - Sun Sure Estates\" \/>\n<meta property=\"og:description\" content=\"Chcesz um\u00f3wi\u0107 si\u0119 na spotkanie z Maurice&#8217;em lub chcesz uzyska\u0107 wi\u0119cej informacji? Mo\u017cesz skontaktowa\u0107 si\u0119 z nami przez e-mail, telefon lub Whatsapp. Mo\u017cesz r\u00f3wnie\u017c wype\u0142ni\u0107 poni\u017cszy formularz kontaktowy. (logo WhatsApp) Masz pytania lub szukasz czego\u015b konkretnego? Prosz\u0119 WhatsApp na numer +31 6 27 04 07 82. &nbsp; Na spotkanie lub informacje w Polsce: Maurycy van [&hellip;]\" \/>\n<meta property=\"og:url\" content=\"https:\/\/www.sun-sure-estates.com\/pl\/kontakt\/\" \/>\n<meta property=\"og:site_name\" content=\"Sun Sure Estates\" \/>\n<meta property=\"article:modified_time\" content=\"2023-12-14T10:39:26+00:00\" \/>\n<meta property=\"og:image\" content=\"https:\/\/www.sun-sure-estates.com\/wp-content\/uploads\/2020\/07\/16-scaled.jpg\" \/>\n\t<meta property=\"og:image:width\" content=\"2560\" \/>\n\t<meta property=\"og:image:height\" content=\"1439\" \/>\n\t<meta property=\"og:image:type\" content=\"image\/jpeg\" \/>\n<meta name=\"twitter:card\" content=\"summary_large_image\" \/>\n<meta name=\"twitter:label1\" content=\"Szacowany czas czytania\" \/>\n\t<meta name=\"twitter:data1\" content=\"1 minuta\" \/>\n<script type=\"application\/ld+json\" class=\"yoast-schema-graph\">{\"@context\":\"https:\\\/\\\/schema.org\",\"@graph\":[{\"@type\":\"WebPage\",\"@id\":\"https:\\\/\\\/www.sun-sure-estates.com\\\/pl\\\/kontakt\\\/\",\"url\":\"https:\\\/\\\/www.sun-sure-estates.com\\\/pl\\\/kontakt\\\/\",\"name\":\"Kontakt - Sun Sure Estates\",\"isPartOf\":{\"@id\":\"https:\\\/\\\/www.sun-sure-estates.com\\\/pl\\\/#website\"},\"primaryImageOfPage\":{\"@id\":\"https:\\\/\\\/www.sun-sure-estates.com\\\/pl\\\/kontakt\\\/#primaryimage\"},\"image\":{\"@id\":\"https:\\\/\\\/www.sun-sure-estates.com\\\/pl\\\/kontakt\\\/#primaryimage\"},\"thumbnailUrl\":\"https:\\\/\\\/www.sun-sure-estates.com\\\/wp-content\\\/uploads\\\/2020\\\/07\\\/16-scaled.jpg\",\"datePublished\":\"2023-05-02T14:59:51+00:00\",\"dateModified\":\"2023-12-14T10:39:26+00:00\",\"breadcrumb\":{\"@id\":\"https:\\\/\\\/www.sun-sure-estates.com\\\/pl\\\/kontakt\\\/#breadcrumb\"},\"inLanguage\":\"pl-PL\",\"potentialAction\":[{\"@type\":\"ReadAction\",\"target\":[\"https:\\\/\\\/www.sun-sure-estates.com\\\/pl\\\/kontakt\\\/\"]}]},{\"@type\":\"ImageObject\",\"inLanguage\":\"pl-PL\",\"@id\":\"https:\\\/\\\/www.sun-sure-estates.com\\\/pl\\\/kontakt\\\/#primaryimage\",\"url\":\"https:\\\/\\\/www.sun-sure-estates.com\\\/wp-content\\\/uploads\\\/2020\\\/07\\\/16-scaled.jpg\",\"contentUrl\":\"https:\\\/\\\/www.sun-sure-estates.com\\\/wp-content\\\/uploads\\\/2020\\\/07\\\/16-scaled.jpg\",\"width\":2560,\"height\":1439},{\"@type\":\"BreadcrumbList\",\"@id\":\"https:\\\/\\\/www.sun-sure-estates.com\\\/pl\\\/kontakt\\\/#breadcrumb\",\"itemListElement\":[{\"@type\":\"ListItem\",\"position\":1,\"name\":\"Home\",\"item\":\"https:\\\/\\\/www.sun-sure-estates.com\\\/pl\\\/strona-glowna\\\/\"},{\"@type\":\"ListItem\",\"position\":2,\"name\":\"Kontakt\"}]},{\"@type\":\"WebSite\",\"@id\":\"https:\\\/\\\/www.sun-sure-estates.com\\\/pl\\\/#website\",\"url\":\"https:\\\/\\\/www.sun-sure-estates.com\\\/pl\\\/\",\"name\":\"Sun Sure Estates\",\"description\":\"Beleggen of wonen in je eigen huis onder de zon\",\"potentialAction\":[{\"@type\":\"SearchAction\",\"target\":{\"@type\":\"EntryPoint\",\"urlTemplate\":\"https:\\\/\\\/www.sun-sure-estates.com\\\/pl\\\/?s={search_term_string}\"},\"query-input\":{\"@type\":\"PropertyValueSpecification\",\"valueRequired\":true,\"valueName\":\"search_term_string\"}}],\"inLanguage\":\"pl-PL\"}]}<\/script>\n<!-- \/ Yoast SEO plugin. -->","yoast_head_json":{"title":"Kontakt - Sun Sure Estates","robots":{"index":"index","follow":"follow","max-snippet":"max-snippet:-1","max-image-preview":"max-image-preview:large","max-video-preview":"max-video-preview:-1"},"canonical":"https:\/\/www.sun-sure-estates.com\/pl\/kontakt\/","og_locale":"pl_PL","og_type":"article","og_title":"Kontakt - Sun Sure Estates","og_description":"Chcesz um\u00f3wi\u0107 si\u0119 na spotkanie z Maurice&#8217;em lub chcesz uzyska\u0107 wi\u0119cej informacji? Mo\u017cesz skontaktowa\u0107 si\u0119 z nami przez e-mail, telefon lub Whatsapp. Mo\u017cesz r\u00f3wnie\u017c wype\u0142ni\u0107 poni\u017cszy formularz kontaktowy. (logo WhatsApp) Masz pytania lub szukasz czego\u015b konkretnego? Prosz\u0119 WhatsApp na numer +31 6 27 04 07 82. &nbsp; Na spotkanie lub informacje w Polsce: Maurycy van [&hellip;]","og_url":"https:\/\/www.sun-sure-estates.com\/pl\/kontakt\/","og_site_name":"Sun Sure Estates","article_modified_time":"2023-12-14T10:39:26+00:00","og_image":[{"width":2560,"height":1439,"url":"https:\/\/www.sun-sure-estates.com\/wp-content\/uploads\/2020\/07\/16-scaled.jpg","type":"image\/jpeg"}],"twitter_card":"summary_large_image","twitter_misc":{"Szacowany czas czytania":"1 minuta"},"schema":{"@context":"https:\/\/schema.org","@graph":[{"@type":"WebPage","@id":"https:\/\/www.sun-sure-estates.com\/pl\/kontakt\/","url":"https:\/\/www.sun-sure-estates.com\/pl\/kontakt\/","name":"Kontakt - Sun Sure Estates","isPartOf":{"@id":"https:\/\/www.sun-sure-estates.com\/pl\/#website"},"primaryImageOfPage":{"@id":"https:\/\/www.sun-sure-estates.com\/pl\/kontakt\/#primaryimage"},"image":{"@id":"https:\/\/www.sun-sure-estates.com\/pl\/kontakt\/#primaryimage"},"thumbnailUrl":"https:\/\/www.sun-sure-estates.com\/wp-content\/uploads\/2020\/07\/16-scaled.jpg","datePublished":"2023-05-02T14:59:51+00:00","dateModified":"2023-12-14T10:39:26+00:00","breadcrumb":{"@id":"https:\/\/www.sun-sure-estates.com\/pl\/kontakt\/#breadcrumb"},"inLanguage":"pl-PL","potentialAction":[{"@type":"ReadAction","target":["https:\/\/www.sun-sure-estates.com\/pl\/kontakt\/"]}]},{"@type":"ImageObject","inLanguage":"pl-PL","@id":"https:\/\/www.sun-sure-estates.com\/pl\/kontakt\/#primaryimage","url":"https:\/\/www.sun-sure-estates.com\/wp-content\/uploads\/2020\/07\/16-scaled.jpg","contentUrl":"https:\/\/www.sun-sure-estates.com\/wp-content\/uploads\/2020\/07\/16-scaled.jpg","width":2560,"height":1439},{"@type":"BreadcrumbList","@id":"https:\/\/www.sun-sure-estates.com\/pl\/kontakt\/#breadcrumb","itemListElement":[{"@type":"ListItem","position":1,"name":"Home","item":"https:\/\/www.sun-sure-estates.com\/pl\/strona-glowna\/"},{"@type":"ListItem","position":2,"name":"Kontakt"}]},{"@type":"WebSite","@id":"https:\/\/www.sun-sure-estates.com\/pl\/#website","url":"https:\/\/www.sun-sure-estates.com\/pl\/","name":"Sun Sure Estates","description":"Beleggen of wonen in je eigen huis onder de zon","potentialAction":[{"@type":"SearchAction","target":{"@type":"EntryPoint","urlTemplate":"https:\/\/www.sun-sure-estates.com\/pl\/?s={search_term_string}"},"query-input":{"@type":"PropertyValueSpecification","valueRequired":true,"valueName":"search_term_string"}}],"inLanguage":"pl-PL"}]}},"_links":{"self":[{"href":"https:\/\/www.sun-sure-estates.com\/pl\/wp-json\/wp\/v2\/pages\/25946","targetHints":{"allow":["GET"]}}],"collection":[{"href":"https:\/\/www.sun-sure-estates.com\/pl\/wp-json\/wp\/v2\/pages"}],"about":[{"href":"https:\/\/www.sun-sure-estates.com\/pl\/wp-json\/wp\/v2\/types\/page"}],"author":[{"embeddable":true,"href":"https:\/\/www.sun-sure-estates.com\/pl\/wp-json\/wp\/v2\/users\/3"}],"replies":[{"embeddable":true,"href":"https:\/\/www.sun-sure-estates.com\/pl\/wp-json\/wp\/v2\/comments?post=25946"}],"version-history":[{"count":5,"href":"https:\/\/www.sun-sure-estates.com\/pl\/wp-json\/wp\/v2\/pages\/25946\/revisions"}],"predecessor-version":[{"id":30074,"href":"https:\/\/www.sun-sure-estates.com\/pl\/wp-json\/wp\/v2\/pages\/25946\/revisions\/30074"}],"wp:featuredmedia":[{"embeddable":true,"href":"https:\/\/www.sun-sure-estates.com\/pl\/wp-json\/wp\/v2\/media\/18234"}],"wp:attachment":[{"href":"https:\/\/www.sun-sure-estates.com\/pl\/wp-json\/wp\/v2\/media?parent=25946"}],"curies":[{"name":"wp","href":"https:\/\/api.w.org\/{rel}","templated":true}]}}