{"id":25956,"date":"2023-05-02T17:07:12","date_gmt":"2023-05-02T15:07:12","guid":{"rendered":"https:\/\/www.sun-sure-estates.com\/?page_id=25956"},"modified":"2023-05-02T21:30:21","modified_gmt":"2023-05-02T19:30:21","slug":"polityka-prywatnosci","status":"publish","type":"page","link":"https:\/\/www.sun-sure-estates.com\/pl\/polityka-prywatnosci\/","title":{"rendered":"Polityka prywatno\u015bci"},"content":{"rendered":"\n<p><\/p>\n\n\n\n<p>O nas<br><br>Strona internetowa www.sun-sure-estates.com jest obs\u0142ugiwana przez Sun Sure Estates. Sun Sure Estates jest administratorem danych w zakresie przetwarzania danych osobowych u\u017cytkownika zgodnie z niniejszym O\u015bwiadczeniem o ochronie prywatno\u015bci oraz w rozumieniu og\u00f3lnego rozporz\u0105dzenia o ochronie danych (AVG).<br><br><\/p>\n\n\n\n<p>Nasze dane to:<\/p>\n\n\n\n<p>Sun Sure Estates<br>Maurice van Bladel Design &amp; Agency<br>Wittenhorstlaan 4<br>5141 CA Waalwijk<\/p>\n\n\n\n<p>info@sun-sure-estates.com<br>www.sun-sure-estates.com<\/p>\n\n\n\n<p>Izba Handlowa 18078424<br>NIP: NL001785460B50<br>Abn-Amro NL04 ABNA 0606 0949 97<\/p>\n\n\n\n<p>Dlaczego niniejsze o\u015bwiadczenie o ochronie prywatno\u015bci?<\/p>\n\n\n\n<p>Jako firma jeste\u015bmy zobowi\u0105zani poinformowa\u0107 Ci\u0119 o tym, w jaki spos\u00f3b post\u0119pujemy z Twoimi danymi osobowymi. Co si\u0119 z nim dzieje? W jakim celu? I jak s\u0105 przechowywane i zabezpieczane? To i wi\u0119cej opisano w niniejszym o\u015bwiadczeniu o ochronie prywatno\u015bci. Do\u0142o\u017cyli\u015bmy wszelkich stara\u0144, aby by\u0142 on dla Pa\u0144stwa jak najbardziej kompletny, zwi\u0119z\u0142y, przejrzysty, zrozumia\u0142y i dost\u0119pny. Mamy nadziej\u0119, \u017ce uda\u0142o si\u0119 to osi\u0105gn\u0105\u0107. Czy jednak co\u015b jest niejasne, czy masz pytanie dotycz\u0105ce konkretnej sekcji niniejszego o\u015bwiadczenia o ochronie prywatno\u015bci? Skontaktuj si\u0119 z nami za po\u015brednictwem info@sun-sure-estates.com.<\/p>\n\n\n\n<p>Sun Sure Estates gromadzi i przetwarza dane osobowe tylko wtedy, gdy u\u017cytkownik \u015bwiadomie nam je przekaza\u0142. Z ostro\u017cno\u015bci\u0105 obchodzimy si\u0119 z danymi osobowymi, takimi jak adresy e-mail i imiona i nazwiska, i wykorzystujemy je wy\u0142\u0105cznie do cel\u00f3w, do kt\u00f3rych s\u0105 naprawd\u0119 potrzebne. Nie robimy nic szalonego z Twoimi danymi i na pewno ich nie sprzedamy. Twoje dane osobowe s\u0105 traktowane jako informacje poufne.<\/p>\n\n\n\n<p>Jakie informacje zbieramy od Ciebie?<\/p>\n\n\n\n<p>Kiedy wype\u0142nisz nasz formularz kontaktowy, poprosisz o wycen\u0119 lub z\u0142o\u017cysz inne zapytania, poprosimy Ci\u0119 o wype\u0142nienie lub przes\u0142anie nam niekt\u00f3rych danych. W takim przypadku b\u0119dziemy przetwarza\u0107 tylko te dane, kt\u00f3re nam przekazujesz. Mo\u017ce to obejmowa\u0107 nast\u0119puj\u0105ce dane osobowe:<\/p>\n\n\n\n<p>Imi\u0119 i nazwisko<br>Adres e-mail<br>Numer telefonu<br>Nazwa firmy<br>Ulica i numer domu<br>Miasto lub miejscowo\u015b\u0107<br>Numer Izby Gospodarczej<br>Numer konta bankowego<br>Informacje o Twojej aktywno\u015bci na naszej stronie internetowej<br>Przygotowuj\u0105c si\u0119 do sesji szkoleniowych, cz\u0119sto wysy\u0142amy formularz zg\u0142oszeniowy (online) z pro\u015bb\u0105 o jego wype\u0142nienie i odes\u0142anie do nas. Informacje zawarte w tych formularzach zboru s\u0105 starannie przechowywane i usuwane z naszych plik\u00f3w po zako\u0144czeniu programu szkoleniowego.<\/p>\n\n\n\n<p>Do czego potrzebujemy tych danych osobowych?<\/p>\n\n\n\n<p>Twoje dane s\u0105 gromadzone i przechowywane w nast\u0119puj\u0105cych celach:<\/p>\n\n\n\n<p>Twoje imi\u0119 i nazwisko oraz adres e-mail, kt\u00f3re wype\u0142nisz w formularzu kontaktowym na tej stronie, zostan\u0105 u\u017cyte wy\u0142\u0105cznie w celu udzielenia odpowiedzi.<br>Je\u015bli poprosisz o wycen\u0119 lub zostaniesz klientem Sun Sure Estates, Twoje imi\u0119 i nazwisko oraz dane kontaktowe b\u0119d\u0105 przechowywane w celu wys\u0142ania oferty, odpowiedzi na wiadomo\u015bci i wysy\u0142ania faktur. W przypadku klient\u00f3w biznesowych sprawdzany b\u0119dzie r\u00f3wnie\u017c numer Izby Gospodarczej. U\u017cywamy Twojego imienia i nazwiska oraz adresu e-mail do wysy\u0142ania naszych biuletyn\u00f3w. Robimy to tylko z danymi, kt\u00f3re uzyskali\u015bmy z formularza rejestracyjnego biuletynu. Wi\u0119c nie z danymi, kt\u00f3re otrzymali\u015bmy od Ciebie za po\u015brednictwem naszego formularza kontaktowego. Analizowanie zachowa\u0144 odwiedzaj\u0105cych w celu ulepszenia naszej strony internetowej. W tym celu korzystamy z Google Analytics (patrz r\u00f3wnie\u017c sekcja dotycz\u0105ca plik\u00f3w cookie). Nie otrzymujemy \u017cadnych adres\u00f3w IP ani innych danych osobowych.<br>Po zako\u0144czeniu wielu naszych us\u0142ug cz\u0119sto prosimy naszych klient\u00f3w o wype\u0142nienie formularza oceny. Przechowujemy te formularze (online) w folderze w naszym biurze. U\u017cywamy tych formularzy zgodnie z ich przeznaczeniem: do oceny naszych us\u0142ug. Nigdy nie udost\u0119pnimy informacji podanych w tym formularzu innym osobom i b\u0119dziemy aktywnie kontaktowa\u0107 si\u0119 z Tob\u0105 w sprawie innych us\u0142ug tylko wtedy, gdy wyrazisz na to zgod\u0119 w formularzu.<\/p>\n\n\n\n<p>Czego nie robimy z Twoimi danymi?<\/p>\n\n\n\n<p>Nie sprzedajemy Twoich danych osobom trzecim. Nie podejmujemy \u017cadnych decyzji w oparciu o zautomatyzowane przetwarzanie, kt\u00f3re mog\u0142yby mie\u0107 (znacz\u0105ce) konsekwencje dla ludzi. Decyzje te s\u0105 podejmowane przez programy lub systemy komputerowe, bez interwencji cz\u0142owieka (na przyk\u0142ad pracownika Sun Sure Estates).<\/p>\n\n\n\n<p>Czy udost\u0119pniamy Twoje dane osobom trzecim?<\/p>\n\n\n\n<p>Sun Sure Estates nie przekazuje Twoich danych osobom trzecim, chyba \u017ce jest to konieczne do wype\u0142nienia naszej umowy z Tob\u0105 lub do wype\u0142nienia obowi\u0105zku ustawowego.<\/p>\n\n\n\n<p>Kiedy udost\u0119pniamy Twoje dane osobom trzecim?<\/p>\n\n\n\n<p>Urz\u0105d administracyjny \/ doradca podatkowy: dost\u0119p do faktur z danymi adresowymi<br>Websitehoster: do przechowywania danych z formularzy na naszej stronie internetowej<br>MailChimp: wysy\u0142anie i analizowanie naszego biuletynu cyfrowego Google Analytics: w celu analizy danych odwiedzaj\u0105cych z naszej strony internetowej<br>Z tymi &#8222;podmiotami przetwarzaj\u0105cymi&#8221; zawarto umowy dotycz\u0105ce przetwarzania danych.<\/p>\n\n\n\n<p>Jak d\u0142ugo przechowujemy dane?<\/p>\n\n\n\n<p>Nigdy nie b\u0119dziemy przechowywa\u0107 Twoich danych d\u0142u\u017cej ni\u017c jest to absolutnie konieczne. Okres przechowywania zale\u017cy od celu, w jakim otrzymali\u015bmy lub zebrali\u015bmy dane, oraz od wszelkich zobowi\u0105za\u0144 prawnych do przechowywania danych. Je\u015bli masz jakiekolwiek pytania na ten temat, skontaktuj si\u0119 z nami pod adresem info@sun-sure-estates.com.<\/p>\n\n\n\n<p>Je\u015bli zrezygnujesz z subskrypcji naszego biuletynu, usuniemy Twoje dane osobowe z bazy danych w ci\u0105gu czterech tygodni.<\/p>\n\n\n\n<p>Dane potencjalnych klient\u00f3w nie b\u0119d\u0105 przechowywane d\u0142u\u017cej ni\u017c dwa lata od pierwszego kontaktu, je\u015bli nie zostanie osi\u0105gni\u0119te porozumienie.<\/p>\n\n\n\n<p>Dane obecnych klient\u00f3w nie b\u0119d\u0105 przechowywane d\u0142u\u017cej ni\u017c dwa lata od ostatniego zlecenia.<\/p>\n\n\n\n<p>Przechowujemy dane (administracja) w naszym systemie e-ksi\u0119gowo\u015bci (Snelstart) przez co najmniej siedem lat. Cz\u0119\u015bciowo ma to na celu wype\u0142nienie naszego obowi\u0105zku prawnego. Usuniemy te dane w ci\u0105gu jednego roku od wyga\u015bni\u0119cia tego obowi\u0105zku.<\/p>\n\n\n\n<p>Dane analityczne b\u0119d\u0105 przechowywane na naszym koncie Google Analytics przez maksymalnie 26 miesi\u0119cy i b\u0119d\u0105 zanonimizowane.<\/p>\n\n\n\n<p>Chcesz przegl\u0105da\u0107, zmienia\u0107 lub usuwa\u0107 swoje dane?<\/p>\n\n\n\n<p>Nie jest to dla nas trudne. Masz prawo zapyta\u0107 nas, kt\u00f3re z Twoich danych osobowych przetwarzamy. Odpowiemy na t\u0119 pro\u015bb\u0119 na pi\u015bmie w ci\u0105gu czterech tygodni. Nast\u0119pnie mo\u017cesz poprosi\u0107 nas o uzupe\u0142nienie, poprawienie, usuni\u0119cie lub ochron\u0119 tych danych, przy czym musisz wskaza\u0107 w swoim \u017c\u0105daniu, kt\u00f3re zmiany chcesz. Odpowiemy r\u00f3wnie\u017c na t\u0119 pro\u015bb\u0119 w ci\u0105gu czterech tygodni.<\/p>\n\n\n\n<p>\u201ePisemny&#8221; oznacza r\u00f3wnie\u017c przez e-mail. W takim przypadku mo\u017cesz wys\u0142a\u0107 swoj\u0105 pro\u015bb\u0119 do info@sun-sure-estates.com poczt\u0105 e-mail.<\/p>\n\n\n\n<p>Aby upewni\u0107 si\u0119, \u017ce wniosek zosta\u0142 z\u0142o\u017cony przez Ciebie, prosimy o przes\u0142anie kopii dokumentu to\u017csamo\u015bci wraz z \u017c\u0105daniem. Zdj\u0119cie paszportowe, MRZ (paszport do odczytu maszynowego) i obywatelski numer s\u0142u\u017cbowy (BSN) nale\u017cy umie\u015bci\u0107 w tej kopii na czarno. Ma to na celu ochron\u0119 Twojej prywatno\u015bci.<\/p>\n\n\n\n<p>Zwracamy r\u00f3wnie\u017c uwag\u0119, \u017ce w przypadku jakiegokolwiek powodu, aby to zrobi\u0107, masz mo\u017cliwo\u015b\u0107 z\u0142o\u017cenia skargi do krajowego organu nadzorczego, holenderskiego Urz\u0119du ds. Danych Osobowych. Mo\u017cesz to zrobi\u0107 za pomoc\u0105 nast\u0119puj\u0105cego linku: https:\/\/autoriteitpersoonsgegevens.nl\/nl\/contact-met-de-autoriteit-persoonsgegevens\/tip-ons<\/p>\n\n\n\n<p>Jak chronimy Twoje dane osobowe?<\/p>\n\n\n\n<p>Powa\u017cnie traktujemy ochron\u0119 Twoich danych osobowych. Podejmujemy odpowiednie \u015brodki w celu zapobiegania nadu\u017cyciom, utracie, nieautoryzowanemu dost\u0119powi, niechcianemu ujawnieniu i nieautoryzowanym zmianom. Nasze komputery s\u0105 chronione za pomoc\u0105 jak najwi\u0119kszej liczby odpowiednich i skutecznych \u015brodk\u00f3w technicznych. A nasza strona korzysta z wiarygodnego certyfikatu SSL. Po\u0142\u0105czenie SSL mo\u017cna rozpozna\u0107 po k\u0142\u00f3dce i s\u0142owie &#8222;bezpieczny&#8221; przed adresem URL (zaczynaj\u0105cym si\u0119 od https:\/\/).<\/p>\n\n\n\n<p>Je\u015bli masz wra\u017cenie, \u017ce Twoje dane nie s\u0105 odpowiednio zabezpieczone lub istniej\u0105 oznaki nadu\u017cycia, skontaktuj si\u0119 z nami za po\u015brednictwem info@sun-sure-estates.com.<\/p>\n\n\n\n<p>Zmiany w niniejszych zasadach zachowania poufno\u015bci informacji<\/p>\n\n\n\n<p>Je\u015bli zdecydujemy si\u0119 zmieni\u0107 nasze zasady zachowania poufno\u015bci informacji, zmiany te zostan\u0105 natychmiast uwzgl\u0119dnione w niniejszych zasadach zachowania poufno\u015bci informacji. Dlatego zalecamy regularne zapoznawanie si\u0119 z niniejszym o\u015bwiadczeniem o ochronie prywatno\u015bci, aby by\u0107 \u015bwiadomym wszelkich zmian.<\/p>\n\n\n\n<p>Je\u015bli masz jakiekolwiek pytania lub pro\u015bby dotycz\u0105ce naszej polityki prywatno\u015bci, daj nam zna\u0107, wysy\u0142aj\u0105c wiadomo\u015b\u0107 e-mail do info@sun-sure-estates.com.<\/p>\n\n\n\n<p>O\u015bwiadczenie o plikach cookie Sun Sure Estates (wersja 9 lipca 2020 r.)<\/p>\n\n\n\n<p>Aby zapewni\u0107 jak najlepsze dzia\u0142anie naszej strony internetowej, u\u017cywamy plik\u00f3w cookie na www.sun-sure-estates.com. W niniejszym o\u015bwiadczeniu dotycz\u0105cym plik\u00f3w cookie wyja\u015bniamy, czym s\u0105 pliki cookie, jakich plik\u00f3w cookie u\u017cywamy i do czego s\u0142u\u017c\u0105.<\/p>\n\n\n\n<p>Czym s\u0105 pliki cookie?<\/p>\n\n\n\n<p>Plik cookie to ma\u0142y plik wysy\u0142any przez nasz\u0105 stron\u0119 internetow\u0105 i umieszczany przez przegl\u0105dark\u0119 na urz\u0105dzeniu, z kt\u00f3rego korzystasz, aby odwiedzi\u0107 nasz\u0105 stron\u0119 internetow\u0105. Informacje przechowywane w pliku cookie mog\u0105 zosta\u0107 przes\u0142ane z powrotem do naszej strony internetowej, gdy j\u0105 ponownie odwiedzisz.<\/p>\n\n\n\n<p>Chcesz dowiedzie\u0107 si\u0119 wi\u0119cej o plikach cookie? Nast\u0119pnie sp\u00f3jrz na stron\u0119 internetow\u0105 ConsuWijzer.<\/p>\n\n\n\n<p>Funkcjonalne pliki cookie<\/p>\n\n\n\n<p>S\u0105 to pliki cookie, kt\u00f3re s\u0105 absolutnie niezb\u0119dne do funkcjonowania naszej strony internetowej. Bez tych plik\u00f3w cookie niekt\u00f3re cz\u0119\u015bci witryny nie b\u0119d\u0105 dzia\u0142a\u0107 lub nie b\u0119d\u0105 mog\u0142y by\u0107 u\u017cywane.<\/p>\n\n\n\n<p>WordPress<\/p>\n\n\n\n<p>Nasza strona dzia\u0142a na WordPress, CMS (system zarz\u0105dzania tre\u015bci\u0105) opracowany przez Automattic. Podczas wizyty na naszej stronie internetowej WordPress u\u017cywa pliku cookie, aby sprawdzi\u0107, czy pliki cookie s\u0105 obs\u0142ugiwane przez przegl\u0105dark\u0119. Te pliki cookie nie s\u0105 wykorzystywane do cel\u00f3w analizy i s\u0105 czysto funkcjonalne. WordPress jest zgodny z wytycznymi AVG (RODO). W zwi\u0105zku z tym chcieliby\u015bmy zwr\u00f3ci\u0107 Pa\u0144stwa uwag\u0119 na o\u015bwiadczenie o ochronie prywatno\u015bci Automattic.<\/p>\n\n\n\n<p>Zawarto\u015b\u0107 osadzona<\/p>\n\n\n\n<p>Niekt\u00f3re strony internetowe na www.sun-sure-estates.com mog\u0105 korzysta\u0107 z tre\u015bci hostowanych w innych witrynach i dost\u0119pnych dla Sun Sure Estates. Przyk\u0142adem jest film na YouTube. Ta ujawniona \/ osadzona tre\u015b\u0107 cz\u0119sto wykorzystuje pliki cookie. To, co te strony zewn\u0119trzne robi\u0105 z plikami cookie i danymi osobowymi, mo\u017cna znale\u017a\u0107 w polityce prywatno\u015bci danej us\u0142ugi. Sun Sure Estates nie ma nad tym kontroli. Polityka prywatno\u015bci YouTube znajduje si\u0119 poni\u017cej:<\/p>\n\n\n\n<p>Wytyczne dotycz\u0105ce prywatno\u015bci YouTube<\/p>\n\n\n\n<p>Analityczne pliki cookie<\/p>\n\n\n\n<p>Te pliki cookie s\u0142u\u017c\u0105 do zbierania anonimowych danych na temat www.brandingfriends.nl zachowania podczas surfowania. U\u017cywamy tych danych do \u015bledzenia i uzyskiwania raport\u00f3w o tym, w jaki spos\u00f3b odwiedzaj\u0105cy korzystaj\u0105 z naszej strony internetowej.<\/p>\n\n\n\n<p>Analityka Google<\/p>\n\n\n\n<p>Chcieliby\u015bmy wiedzie\u0107, w jaki spos\u00f3b nasi go\u015bcie korzystaj\u0105 z naszej strony internetowej, aby\u015bmy mogli zoptymalizowa\u0107 korzystanie z witryny. W tym celu korzystamy z Google Analytics, us\u0142ugi internetowej ameryka\u0144skiej firmy Google. Uzyskane informacje s\u0105 przechowywane przez Google na serwerach w Stanach Zjednoczonych. Google przestrzega zasad Tarczy Prywatno\u015bci UE-USA.<\/p>\n\n\n\n<p>W dniu 9 lipca 2020 r. zawarli\u015bmy umow\u0119 o przetwarzaniu danych z Google.<\/p>\n\n\n\n<p>Dalej:<\/p>\n\n\n\n<p>Dane, kt\u00f3re zbieramy w Google Analytics, s\u0105 w jak najwi\u0119kszym stopniu anonimizowane i szyfrowane. Tw\u00f3j adres IP nie jest wyra\u017anie u\u017cywany i dlatego nie mo\u017cemy Ci\u0119 osobi\u015bcie \u015bledzi\u0107;<\/p>\n\n\n\n<p>Dezaktywowali\u015bmy tak zwane &#8222;udost\u0119pnianie danych&#8221; Google;<\/p>\n\n\n\n<p>Nie zezwolili\u015bmy Google na wykorzystywanie uzyskanych informacji analitycznych do innych us\u0142ug Google;<\/p>\n\n\n\n<p>Dane analityczne na naszym koncie Google Analytics b\u0119d\u0105 przechowywane przez maksymalnie 26 miesi\u0119cy;<\/p>\n\n\n\n<p>Google mo\u017ce przekazywa\u0107 informacje analityczne osobom trzecim, je\u015bli jest do tego prawnie zobowi\u0105zany lub w zakresie, w jakim osoby trzecie przetwarzaj\u0105 informacje w imieniu Google. Nie mamy na to wp\u0142ywu.<\/p>\n\n\n\n<p>Przeczytaj wi\u0119cej o polityce prywatno\u015bci Google lub o konkretnej polityce prywatno\u015bci Google Analytics.<\/p>\n\n\n\n<p>Nie chcesz, aby Twoje zachowanie zwi\u0105zane z klikni\u0119ciami by\u0142o \u015bledzone? Nast\u0119pnie mo\u017cesz pobra\u0107 rozszerzenie przegl\u0105darki ze strony Google, kt\u00f3re temu zapobiegnie. Pami\u0119taj, \u017ce to ustawienie dotyczy wszystkich odwiedzanych witryn, a nie tylko www.sun-sure-estates.com. Mo\u017cesz pobra\u0107 rozszerzenie przegl\u0105darki tutaj.<\/p>\n\n\n\n<p>Media spo\u0142eczno\u015bciowe<\/p>\n\n\n\n<p>Chcieliby\u015bmy maksymalnie u\u0142atwi\u0107 Ci udost\u0119pnianie stron i wiadomo\u015bci na naszej stronie internetowej za po\u015brednictwem medi\u00f3w spo\u0142eczno\u015bciowych. Jest to mo\u017cliwe dzi\u0119ki u\u017cyciu przycisk\u00f3w udost\u0119pniania w mediach spo\u0142eczno\u015bciowych na naszej stronie internetowej. Przyciski te s\u0105 realizowane za pomoc\u0105 kodu dostarczonego przez AddThis i same kana\u0142y medi\u00f3w spo\u0142eczno\u015bciowych. Kod ten umieszcza mi\u0119dzy innymi plik cookie (patrz wy\u017cej). Ten plik cookie zapami\u0119tuje, \u017ce jeste\u015b zalogowany, dzi\u0119ki czemu nie musisz logowa\u0107 si\u0119 do LinkedIn lub Facebook za ka\u017cdym razem, gdy chcesz co\u015b udost\u0119pni\u0107.<\/p>\n\n\n\n<p>Umie\u015bcili\u015bmy przyciski nast\u0119puj\u0105cych kana\u0142\u00f3w medi\u00f3w spo\u0142eczno\u015bciowych. Przeczytaj o\u015bwiadczenia o ochronie prywatno\u015bci (kt\u00f3re mog\u0105 si\u0119 regularnie zmienia\u0107) odpowiednich kana\u0142\u00f3w medi\u00f3w spo\u0142eczno\u015bciowych i AddThis, aby dowiedzie\u0107 si\u0119, w jaki spos\u00f3b obchodz\u0105 si\u0119 one z Twoimi danymi osobowymi:<\/p>\n\n\n\n<p>Czy chcesz wy\u0142\u0105czy\u0107 lub usun\u0105\u0107 pliki cookie? Mo\u017cesz to zrobi\u0107, przechodz\u0105c do ustawie\u0144 przegl\u0105darki. W razie potrzeby skorzystaj z funkcji pomocy przegl\u0105darki, aby dowiedzie\u0107 si\u0119, jak to zrobi\u0107. Aby uzyska\u0107 wyja\u015bnienie, zobacz: https:\/\/veiliginternetten.nl\/zakelijk\/themas\/situatie\/cookies-wat-zijn-het-en-wat-doe-ik-ermee\/<\/p>\n\n\n\n<p>Chcesz uzyska\u0107 wi\u0119cej informacji na temat wy\u0142\u0105czania plik\u00f3w cookie? Na stronie internetowej Consumentenbond opisany jest jasny plan krok po kroku.<\/p>\n\n\n\n<p>Pytania, wskaz\u00f3wki lub inne opinie?<\/p>\n\n\n\n<p>Skontaktuj si\u0119 z nami pod adresem:<\/p>\n\n\n\n<p>Maurice van Bladel Design &amp; Agency<br>Wittenhorstlaan 4<br>5141 CA&nbsp;&nbsp;Waalwijk<br>Holandia<\/p>\n\n\n\n<p>info@sun-sure-estates.com<br>www.sun-sure-estates.com<\/p>\n\n\n\n<p>Izba Gospodarcza&nbsp;18078424<br>NIP NL001785460B50<\/p>\n\n\n\n<p>Wersja: 9 lipca 2020<\/p>\n\n\n\n<p><br><br><\/p>\n","protected":false},"excerpt":{"rendered":"<p>O nas Strona internetowa www.sun-sure-estates.com jest obs\u0142ugiwana przez Sun Sure Estates. Sun Sure Estates jest administratorem danych w zakresie przetwarzania danych osobowych u\u017cytkownika zgodnie z niniejszym O\u015bwiadczeniem o ochronie prywatno\u015bci oraz w rozumieniu og\u00f3lnego rozporz\u0105dzenia o ochronie danych (AVG). Nasze dane to: Sun Sure EstatesMaurice van Bladel Design &amp; AgencyWittenhorstlaan 45141 CA Waalwijk info@sun-sure-estates.comwww.sun-sure-estates.com Izba [&hellip;]<\/p>\n","protected":false},"author":3,"featured_media":34722,"parent":0,"menu_order":0,"comment_status":"closed","ping_status":"closed","template":"","meta":{"_acf_changed":false,"footnotes":""},"class_list":["post-25956","page","type-page","status-publish","has-post-thumbnail","hentry"],"acf":[],"yoast_head":"<!-- This site is optimized with the Yoast SEO plugin v27.5 - https:\/\/yoast.com\/product\/yoast-seo-wordpress\/ -->\n<title>Polityka prywatno\u015bci - Sun Sure Estates<\/title>\n<meta name=\"robots\" content=\"index, follow, max-snippet:-1, max-image-preview:large, max-video-preview:-1\" \/>\n<link rel=\"canonical\" href=\"https:\/\/www.sun-sure-estates.com\/pl\/polityka-prywatnosci\/\" \/>\n<meta property=\"og:locale\" content=\"pl_PL\" \/>\n<meta property=\"og:type\" content=\"article\" \/>\n<meta property=\"og:title\" content=\"Polityka prywatno\u015bci - Sun Sure Estates\" \/>\n<meta property=\"og:description\" content=\"O nas Strona internetowa www.sun-sure-estates.com jest obs\u0142ugiwana przez Sun Sure Estates. Sun Sure Estates jest administratorem danych w zakresie przetwarzania danych osobowych u\u017cytkownika zgodnie z niniejszym O\u015bwiadczeniem o ochronie prywatno\u015bci oraz w rozumieniu og\u00f3lnego rozporz\u0105dzenia o ochronie danych (AVG). Nasze dane to: Sun Sure EstatesMaurice van Bladel Design &amp; AgencyWittenhorstlaan 45141 CA Waalwijk info@sun-sure-estates.comwww.sun-sure-estates.com Izba [&hellip;]\" \/>\n<meta property=\"og:url\" content=\"https:\/\/www.sun-sure-estates.com\/pl\/polityka-prywatnosci\/\" \/>\n<meta property=\"og:site_name\" content=\"Sun Sure Estates\" \/>\n<meta property=\"article:modified_time\" content=\"2023-05-02T19:30:21+00:00\" \/>\n<meta name=\"twitter:card\" content=\"summary_large_image\" \/>\n<meta name=\"twitter:label1\" content=\"Szacowany czas czytania\" \/>\n\t<meta name=\"twitter:data1\" content=\"10 minut\" \/>\n<script type=\"application\/ld+json\" class=\"yoast-schema-graph\">{\"@context\":\"https:\\\/\\\/schema.org\",\"@graph\":[{\"@type\":\"WebPage\",\"@id\":\"https:\\\/\\\/www.sun-sure-estates.com\\\/pl\\\/polityka-prywatnosci\\\/\",\"url\":\"https:\\\/\\\/www.sun-sure-estates.com\\\/pl\\\/polityka-prywatnosci\\\/\",\"name\":\"Polityka prywatno\u015bci - Sun Sure Estates\",\"isPartOf\":{\"@id\":\"https:\\\/\\\/www.sun-sure-estates.com\\\/pl\\\/#website\"},\"primaryImageOfPage\":{\"@id\":\"https:\\\/\\\/www.sun-sure-estates.com\\\/pl\\\/polityka-prywatnosci\\\/#primaryimage\"},\"image\":{\"@id\":\"https:\\\/\\\/www.sun-sure-estates.com\\\/pl\\\/polityka-prywatnosci\\\/#primaryimage\"},\"thumbnailUrl\":\"https:\\\/\\\/www.sun-sure-estates.com\\\/wp-content\\\/uploads\\\/2024\\\/11\\\/22.-Venice-Gardens.jpg\",\"datePublished\":\"2023-05-02T15:07:12+00:00\",\"dateModified\":\"2023-05-02T19:30:21+00:00\",\"breadcrumb\":{\"@id\":\"https:\\\/\\\/www.sun-sure-estates.com\\\/pl\\\/polityka-prywatnosci\\\/#breadcrumb\"},\"inLanguage\":\"pl-PL\",\"potentialAction\":[{\"@type\":\"ReadAction\",\"target\":[\"https:\\\/\\\/www.sun-sure-estates.com\\\/pl\\\/polityka-prywatnosci\\\/\"]}]},{\"@type\":\"ImageObject\",\"inLanguage\":\"pl-PL\",\"@id\":\"https:\\\/\\\/www.sun-sure-estates.com\\\/pl\\\/polityka-prywatnosci\\\/#primaryimage\",\"url\":\"https:\\\/\\\/www.sun-sure-estates.com\\\/wp-content\\\/uploads\\\/2024\\\/11\\\/22.-Venice-Gardens.jpg\",\"contentUrl\":\"https:\\\/\\\/www.sun-sure-estates.com\\\/wp-content\\\/uploads\\\/2024\\\/11\\\/22.-Venice-Gardens.jpg\",\"width\":1920,\"height\":1280},{\"@type\":\"BreadcrumbList\",\"@id\":\"https:\\\/\\\/www.sun-sure-estates.com\\\/pl\\\/polityka-prywatnosci\\\/#breadcrumb\",\"itemListElement\":[{\"@type\":\"ListItem\",\"position\":1,\"name\":\"Home\",\"item\":\"https:\\\/\\\/www.sun-sure-estates.com\\\/pl\\\/strona-glowna\\\/\"},{\"@type\":\"ListItem\",\"position\":2,\"name\":\"Polityka prywatno\u015bci\"}]},{\"@type\":\"WebSite\",\"@id\":\"https:\\\/\\\/www.sun-sure-estates.com\\\/pl\\\/#website\",\"url\":\"https:\\\/\\\/www.sun-sure-estates.com\\\/pl\\\/\",\"name\":\"Sun Sure Estates\",\"description\":\"Beleggen of wonen in je eigen huis onder de zon\",\"potentialAction\":[{\"@type\":\"SearchAction\",\"target\":{\"@type\":\"EntryPoint\",\"urlTemplate\":\"https:\\\/\\\/www.sun-sure-estates.com\\\/pl\\\/?s={search_term_string}\"},\"query-input\":{\"@type\":\"PropertyValueSpecification\",\"valueRequired\":true,\"valueName\":\"search_term_string\"}}],\"inLanguage\":\"pl-PL\"}]}<\/script>\n<!-- \/ Yoast SEO plugin. -->","yoast_head_json":{"title":"Polityka prywatno\u015bci - Sun Sure Estates","robots":{"index":"index","follow":"follow","max-snippet":"max-snippet:-1","max-image-preview":"max-image-preview:large","max-video-preview":"max-video-preview:-1"},"canonical":"https:\/\/www.sun-sure-estates.com\/pl\/polityka-prywatnosci\/","og_locale":"pl_PL","og_type":"article","og_title":"Polityka prywatno\u015bci - Sun Sure Estates","og_description":"O nas Strona internetowa www.sun-sure-estates.com jest obs\u0142ugiwana przez Sun Sure Estates. Sun Sure Estates jest administratorem danych w zakresie przetwarzania danych osobowych u\u017cytkownika zgodnie z niniejszym O\u015bwiadczeniem o ochronie prywatno\u015bci oraz w rozumieniu og\u00f3lnego rozporz\u0105dzenia o ochronie danych (AVG). Nasze dane to: Sun Sure EstatesMaurice van Bladel Design &amp; AgencyWittenhorstlaan 45141 CA Waalwijk info@sun-sure-estates.comwww.sun-sure-estates.com Izba [&hellip;]","og_url":"https:\/\/www.sun-sure-estates.com\/pl\/polityka-prywatnosci\/","og_site_name":"Sun Sure Estates","article_modified_time":"2023-05-02T19:30:21+00:00","twitter_card":"summary_large_image","twitter_misc":{"Szacowany czas czytania":"10 minut"},"schema":{"@context":"https:\/\/schema.org","@graph":[{"@type":"WebPage","@id":"https:\/\/www.sun-sure-estates.com\/pl\/polityka-prywatnosci\/","url":"https:\/\/www.sun-sure-estates.com\/pl\/polityka-prywatnosci\/","name":"Polityka prywatno\u015bci - Sun Sure Estates","isPartOf":{"@id":"https:\/\/www.sun-sure-estates.com\/pl\/#website"},"primaryImageOfPage":{"@id":"https:\/\/www.sun-sure-estates.com\/pl\/polityka-prywatnosci\/#primaryimage"},"image":{"@id":"https:\/\/www.sun-sure-estates.com\/pl\/polityka-prywatnosci\/#primaryimage"},"thumbnailUrl":"https:\/\/www.sun-sure-estates.com\/wp-content\/uploads\/2024\/11\/22.-Venice-Gardens.jpg","datePublished":"2023-05-02T15:07:12+00:00","dateModified":"2023-05-02T19:30:21+00:00","breadcrumb":{"@id":"https:\/\/www.sun-sure-estates.com\/pl\/polityka-prywatnosci\/#breadcrumb"},"inLanguage":"pl-PL","potentialAction":[{"@type":"ReadAction","target":["https:\/\/www.sun-sure-estates.com\/pl\/polityka-prywatnosci\/"]}]},{"@type":"ImageObject","inLanguage":"pl-PL","@id":"https:\/\/www.sun-sure-estates.com\/pl\/polityka-prywatnosci\/#primaryimage","url":"https:\/\/www.sun-sure-estates.com\/wp-content\/uploads\/2024\/11\/22.-Venice-Gardens.jpg","contentUrl":"https:\/\/www.sun-sure-estates.com\/wp-content\/uploads\/2024\/11\/22.-Venice-Gardens.jpg","width":1920,"height":1280},{"@type":"BreadcrumbList","@id":"https:\/\/www.sun-sure-estates.com\/pl\/polityka-prywatnosci\/#breadcrumb","itemListElement":[{"@type":"ListItem","position":1,"name":"Home","item":"https:\/\/www.sun-sure-estates.com\/pl\/strona-glowna\/"},{"@type":"ListItem","position":2,"name":"Polityka prywatno\u015bci"}]},{"@type":"WebSite","@id":"https:\/\/www.sun-sure-estates.com\/pl\/#website","url":"https:\/\/www.sun-sure-estates.com\/pl\/","name":"Sun Sure Estates","description":"Beleggen of wonen in je eigen huis onder de zon","potentialAction":[{"@type":"SearchAction","target":{"@type":"EntryPoint","urlTemplate":"https:\/\/www.sun-sure-estates.com\/pl\/?s={search_term_string}"},"query-input":{"@type":"PropertyValueSpecification","valueRequired":true,"valueName":"search_term_string"}}],"inLanguage":"pl-PL"}]}},"_links":{"self":[{"href":"https:\/\/www.sun-sure-estates.com\/pl\/wp-json\/wp\/v2\/pages\/25956","targetHints":{"allow":["GET"]}}],"collection":[{"href":"https:\/\/www.sun-sure-estates.com\/pl\/wp-json\/wp\/v2\/pages"}],"about":[{"href":"https:\/\/www.sun-sure-estates.com\/pl\/wp-json\/wp\/v2\/types\/page"}],"author":[{"embeddable":true,"href":"https:\/\/www.sun-sure-estates.com\/pl\/wp-json\/wp\/v2\/users\/3"}],"replies":[{"embeddable":true,"href":"https:\/\/www.sun-sure-estates.com\/pl\/wp-json\/wp\/v2\/comments?post=25956"}],"version-history":[{"count":4,"href":"https:\/\/www.sun-sure-estates.com\/pl\/wp-json\/wp\/v2\/pages\/25956\/revisions"}],"predecessor-version":[{"id":25991,"href":"https:\/\/www.sun-sure-estates.com\/pl\/wp-json\/wp\/v2\/pages\/25956\/revisions\/25991"}],"wp:featuredmedia":[{"embeddable":true,"href":"https:\/\/www.sun-sure-estates.com\/pl\/wp-json\/wp\/v2\/media\/34722"}],"wp:attachment":[{"href":"https:\/\/www.sun-sure-estates.com\/pl\/wp-json\/wp\/v2\/media?parent=25956"}],"curies":[{"name":"wp","href":"https:\/\/api.w.org\/{rel}","templated":true}]}}