{"id":25940,"date":"2023-05-02T15:45:53","date_gmt":"2023-05-02T13:45:53","guid":{"rendered":"https:\/\/www.sun-sure-estates.com\/?post_type=product&#038;p=25940"},"modified":"2023-05-03T22:30:09","modified_gmt":"2023-05-03T20:30:09","slug":"przestronne-mieszkania-z-2-lub-3-sypialniami","status":"publish","type":"product","link":"https:\/\/www.sun-sure-estates.com\/pl\/produkt\/przestronne-mieszkania-z-2-lub-3-sypialniami\/","title":{"rendered":"Przestronne mieszkania z 2 lub 3 sypialniami"},"content":{"rendered":"<p style=\"font-weight: 400;\"><u>Specyfikacje<\/u><\/p>\n<p style=\"font-weight: 400;\">&#8217;Apartament z 2 sypialniami&#8217; od \u20ac 823,000.00 (kk), powierzchnia mieszkalna 168 m2<\/p>\n<ul>\n<li>Przestronny salon, otwarta kuchnia z wysp\u0105 zlewozmywakow\u0105, bar, jadalnia i spi\u017carnia<\/li>\n<li>2 sypialnie. G\u0142\u00f3wna sypialnia wyposa\u017cona jest w garderob\u0119. W drugiej sypialni znajduje si\u0119 szafa<\/li>\n<li>2 \u0142azienki z kabin\u0105 prysznicow\u0105, z kt\u00f3rych jedna jest &#8222;en-suite&#8221; i znajduje si\u0119 w g\u0142\u00f3wnej sypialni<\/li>\n<li>Otwarta kuchnia ze zlewem, wysp\u0105 i barem. Wyposa\u017cony w piekarnik NEFF, kuchenk\u0119 mikrofalow\u0105, p\u0142yt\u0119 indukcyjn\u0105, zintegrowan\u0105 zmywark\u0119 i lod\u00f3wk\u0119. Pomieszczenie gospodarcze z wolnostoj\u0105c\u0105 pralk\u0105 i suszark\u0105<\/li>\n<li>Du\u017ce solarium o powierzchni 97 m2, pergola, basen, du\u017co miejsca na le\u017caki i st\u00f3\u0142 jadalny<\/li>\n<li>Po\u0142udniowa strona z dobrym widokiem na morze i o\u015brodek golfowy<\/li>\n<\/ul>\n<p style=\"font-weight: 400;\">&#8217;Apartament z 3 sypialniami&#8217; od \u20ac747,000.00 (kk), powierzchnia mieszkalna 168 m2<\/p>\n<ul>\n<li>Przestronny salon, otwarta kuchnia z wysp\u0105 zlewozmywakow\u0105, bar, jadalnia i spi\u017carnia.<\/li>\n<li>2 sypialnie. G\u0142\u00f3wna sypialnia wyposa\u017cona jest w garderob\u0119. W drugiej sypialni znajduje si\u0119 szafa.<\/li>\n<li>2 \u0142azienki z kabin\u0105 prysznicow\u0105, z kt\u00f3rych jedna jest &#8222;en-suite&#8221; i znajduje si\u0119 w g\u0142\u00f3wnej sypialni<\/li>\n<li>Otwarta kuchnia ze zlewem, wysp\u0105 i barem. Wyposa\u017cony w piekarnik NEFF, kuchenk\u0119 mikrofalow\u0105, p\u0142yt\u0119 indukcyjn\u0105, zintegrowan\u0105 zmywark\u0119 i lod\u00f3wk\u0119. Pomieszczenie gospodarcze z od\u0142\u0105czan\u0105 pralk\u0105 i suszark\u0105<\/li>\n<li>Oddzielna toaleta dla go\u015bci &#8211; Du\u017ca piwnica o powierzchni 50 m2 z ma\u0142ym patio<\/li>\n<li>Zach\u00f3d z cz\u0119\u015bciowym widokiem na morze i golf.<\/li>\n<\/ul>\n<p><u>Informacje og\u00f3lne<\/u><\/p>\n<ul>\n<li>Wyposa\u017cenie obejmuje klimatyzacj\u0119 ciep\u0142ego i zimnego powietrza<\/li>\n<li>System aerotermalny dla ciep\u0142ej wody u\u017cytkowej<\/li>\n<li>Elektryczne ogrzewanie pod\u0142ogowe w ca\u0142ym mieszkaniu (opr\u00f3cz piwnicy)<\/li>\n<li>Alarm antyw\u0142amaniowy przed instalacj\u0105<\/li>\n<li>1 Miejsce parkingowe w zamkni\u0119tym gara\u017cu<\/li>\n<\/ul>\n<p style=\"font-weight: 400;\"><u>Kompleks informacji og\u00f3lnych<br \/>\n<\/u><\/p>\n<ul>\n<li>Winda do gara\u017cu<\/li>\n<li>Pi\u0119knie zagospodarowany wsp\u00f3lny ogr\u00f3d z ro\u015blinami, odkryty basen infinity dla doros\u0142ych i dzieci<\/li>\n<li>Nowoczesna i pi\u0119kna sala gimnastyczna z krytym basenem (z przebieralniami) oferuj\u0105ca pi\u0119kne widoki na morze<\/li>\n<\/ul>\n<p style=\"font-weight: 400;\"><span style=\"text-decoration: underline;\">Opis apartamentu<\/span><\/p>\n<p style=\"font-weight: 400;\">Witamy w Capobino, gdzie ten pi\u0119kny kompleks z wspania\u0142ymi apartamentami do wynaj\u0119cia jest w trakcie budowy. Le\u017cy on naprzeciwko o\u015brodka golfowego Capobino Golf Court. W ci\u0105gu 15 minut spacerem znajduj\u0105 si\u0119 Pa\u0144stwo nad Morzem \u015ar\u00f3dziemnym z mi\u0142ymi restauracjami i przystani\u0105. Kompleks b\u0119dzie wyposa\u017cony we wsp\u00f3lny basen zewn\u0119trzny, miejsce do opalania, fitness, spa i basen kryty. Apartamenty s\u0105 zaprojektowane przez architekta w taki spos\u00f3b, aby w przestronnym salonie i g\u0142\u00f3wnej sypialni by\u0142o du\u017co \u015bwiat\u0142a.<\/p>\n<p style=\"font-weight: 400;\"><span style=\"text-decoration: underline;\">Uk\u0142ad<\/span><\/p>\n<p style=\"font-weight: 400;\">Mieszkanie, wszystkie wykonane z pi\u0119knych p\u0142ytek ceramicznych, jest z\u0142o\u017cone z przestronnego salonu, otwartej kuchni z wysp\u0105 zlewozmywakow\u0105, barem oraz jadalni\u0105. Apartament z 2 sypialniami, kt\u00f3ry wychodzi na po\u0142udnie i na o\u015brodek golfowy, wyposa\u017cony jest r\u00f3wnie\u017c w du\u017ce solarium z basenem. Apartament z 3 sypialniami wyposa\u017cony jest w piwnic\u0119, w kt\u00f3rej znajduje si\u0119 ma\u0142e patio, kt\u00f3re zapewnia \u015bwiat\u0142o. Ka\u017cdy apartament wyposa\u017cony jest w 2 \u0142azienki z prysznicem walk-in, z kt\u00f3rych jedna jest &#8222;en-suite&#8221; z g\u0142\u00f3wn\u0105 sypialni\u0105. Apartament wychodzi na zach\u00f3d i oferuje cz\u0119\u015bciowy widok na morze i o\u015brodek golfowy.<\/p>\n<p style=\"font-weight: 400;\"><span style=\"text-decoration: underline;\">Udogodnienia<\/span><\/p>\n<p style=\"font-weight: 400;\">Na terenie kompleksu znajduje si\u0119 r\u00f3wnie\u017c pi\u0119kne i nowoczesne centrum fitness oraz kryty basen. W zamkni\u0119tym gara\u017cu podziemnym, do kt\u00f3rego mo\u017cna r\u00f3wnie\u017c dosta\u0107 si\u0119 wind\u0105, dost\u0119pne jest miejsce parkingowe dla jednego samochodu osobowego. Istnieje r\u00f3wnie\u017c wst\u0119pnie zainstalowany punkt \u0142adowania samochod\u00f3w elektrycznych.<\/p>\n<p style=\"font-weight: 400;\"><u>Region i unikalne aspekty<br \/>\n<\/u><\/p>\n<ul>\n<li>Kompleks po\u0142o\u017cony jest w spokojnej dzielnicy Capobino<\/li>\n<li>Obszar ten wyr\u00f3\u017cnia si\u0119 pi\u0119kn\u0105 lini\u0105 brzegow\u0105 Morza \u015ar\u00f3dziemnego i pi\u0119knymi pla\u017cami<\/li>\n<li>Wa\u017cne drogi \u0142\u0105cz\u0105ce oddalone s\u0105 o kilka minut jazdy samochodem<\/li>\n<li>Hotspoty, takie jak Marbella, Puerto Ban\u00fas, pola golfowe i centra handlowe znajduj\u0105 si\u0119 w odleg\u0142o\u015bci 15 minut jazdy samochodem. \u0141agodne temperatury, zar\u00f3wno latem, jak i zim\u0105<\/li>\n<li>Unikalny ekosystem, kt\u00f3ry od dziesi\u0119cioleci przyci\u0105ga ludzi z ca\u0142ego \u015bwiata \u2013 Miasto t\u0119tni \u017cyciem nawet od pa\u017adziernika do lutego<\/li>\n<\/ul>\n","protected":false},"excerpt":{"rendered":"<p>Specyfikacje &#8217;Apartament z 2 sypialniami&#8217; od \u20ac 823,000.00 (kk), powierzchnia mieszkalna 168 m2 Przestronny salon, otwarta kuchnia z wysp\u0105 zlewozmywakow\u0105, bar, jadalnia i spi\u017carnia 2 sypialnie. G\u0142\u00f3wna sypialnia wyposa\u017cona jest w garderob\u0119. W drugiej sypialni znajduje si\u0119 szafa 2 \u0142azienki z kabin\u0105 prysznicow\u0105, z kt\u00f3rych jedna jest &#8222;en-suite&#8221; i znajduje si\u0119 w g\u0142\u00f3wnej sypialni Otwarta [&hellip;]<\/p>\n","protected":false},"featured_media":25884,"comment_status":"open","ping_status":"closed","template":"","meta":{"_acf_changed":false},"product_brand":[],"product_cat":[193,195,198,197,194],"product_tag":[],"class_list":{"0":"post-25940","1":"product","2":"type-product","3":"status-publish","4":"has-post-thumbnail","6":"province-malaga","7":"places-cabopino","8":"country-spanje","9":"region-costa-del-sol","10":"product_cat-basen-komunalny","11":"product_cat-golf-pl-2","12":"product_cat-nad-morzem","13":"product_cat-plaski","14":"product_cat-winda-komunalna","16":"first","17":"instock","18":"shipping-taxable","19":"purchasable","20":"product-type-simple"},"acf":[],"yoast_head":"<!-- This site is optimized with the Yoast SEO plugin v27.4 - https:\/\/yoast.com\/product\/yoast-seo-wordpress\/ -->\n<title>Przestronne mieszkania z 2 lub 3 sypialniami - Sun Sure Estates<\/title>\n<meta name=\"robots\" content=\"index, follow, max-snippet:-1, max-image-preview:large, max-video-preview:-1\" \/>\n<link rel=\"canonical\" href=\"https:\/\/www.sun-sure-estates.com\/pl\/produkt\/przestronne-mieszkania-z-2-lub-3-sypialniami\/\" \/>\n<meta property=\"og:locale\" content=\"pl_PL\" \/>\n<meta property=\"og:type\" content=\"article\" \/>\n<meta property=\"og:title\" content=\"Przestronne mieszkania z 2 lub 3 sypialniami - Sun Sure Estates\" \/>\n<meta property=\"og:description\" content=\"Specyfikacje &#8217;Apartament z 2 sypialniami&#8217; od \u20ac 823,000.00 (kk), powierzchnia mieszkalna 168 m2 Przestronny salon, otwarta kuchnia z wysp\u0105 zlewozmywakow\u0105, bar, jadalnia i spi\u017carnia 2 sypialnie. G\u0142\u00f3wna sypialnia wyposa\u017cona jest w garderob\u0119. W drugiej sypialni znajduje si\u0119 szafa 2 \u0142azienki z kabin\u0105 prysznicow\u0105, z kt\u00f3rych jedna jest &#8222;en-suite&#8221; i znajduje si\u0119 w g\u0142\u00f3wnej sypialni Otwarta [&hellip;]\" \/>\n<meta property=\"og:url\" content=\"https:\/\/www.sun-sure-estates.com\/pl\/produkt\/przestronne-mieszkania-z-2-lub-3-sypialniami\/\" \/>\n<meta property=\"og:site_name\" content=\"Sun Sure Estates\" \/>\n<meta property=\"article:modified_time\" content=\"2023-05-03T20:30:09+00:00\" \/>\n<meta property=\"og:image\" content=\"https:\/\/www.sun-sure-estates.com\/wp-content\/uploads\/2023\/05\/2-Main-foto.jpg\" \/>\n\t<meta property=\"og:image:width\" content=\"1280\" \/>\n\t<meta property=\"og:image:height\" content=\"721\" \/>\n\t<meta property=\"og:image:type\" content=\"image\/jpeg\" \/>\n<meta name=\"twitter:card\" content=\"summary_large_image\" \/>\n<meta name=\"twitter:label1\" content=\"Szacowany czas czytania\" \/>\n\t<meta name=\"twitter:data1\" content=\"3 minuty\" \/>\n<script type=\"application\/ld+json\" class=\"yoast-schema-graph\">{\"@context\":\"https:\\\/\\\/schema.org\",\"@graph\":[{\"@type\":\"WebPage\",\"@id\":\"https:\\\/\\\/www.sun-sure-estates.com\\\/pl\\\/produkt\\\/przestronne-mieszkania-z-2-lub-3-sypialniami\\\/\",\"url\":\"https:\\\/\\\/www.sun-sure-estates.com\\\/pl\\\/produkt\\\/przestronne-mieszkania-z-2-lub-3-sypialniami\\\/\",\"name\":\"Przestronne mieszkania z 2 lub 3 sypialniami - Sun Sure Estates\",\"isPartOf\":{\"@id\":\"https:\\\/\\\/www.sun-sure-estates.com\\\/pl\\\/#website\"},\"primaryImageOfPage\":{\"@id\":\"https:\\\/\\\/www.sun-sure-estates.com\\\/pl\\\/produkt\\\/przestronne-mieszkania-z-2-lub-3-sypialniami\\\/#primaryimage\"},\"image\":{\"@id\":\"https:\\\/\\\/www.sun-sure-estates.com\\\/pl\\\/produkt\\\/przestronne-mieszkania-z-2-lub-3-sypialniami\\\/#primaryimage\"},\"thumbnailUrl\":\"https:\\\/\\\/www.sun-sure-estates.com\\\/wp-content\\\/uploads\\\/2023\\\/05\\\/2-Main-foto.jpg\",\"datePublished\":\"2023-05-02T13:45:53+00:00\",\"dateModified\":\"2023-05-03T20:30:09+00:00\",\"breadcrumb\":{\"@id\":\"https:\\\/\\\/www.sun-sure-estates.com\\\/pl\\\/produkt\\\/przestronne-mieszkania-z-2-lub-3-sypialniami\\\/#breadcrumb\"},\"inLanguage\":\"pl-PL\",\"potentialAction\":[{\"@type\":\"ReadAction\",\"target\":[\"https:\\\/\\\/www.sun-sure-estates.com\\\/pl\\\/produkt\\\/przestronne-mieszkania-z-2-lub-3-sypialniami\\\/\"]}]},{\"@type\":\"ImageObject\",\"inLanguage\":\"pl-PL\",\"@id\":\"https:\\\/\\\/www.sun-sure-estates.com\\\/pl\\\/produkt\\\/przestronne-mieszkania-z-2-lub-3-sypialniami\\\/#primaryimage\",\"url\":\"https:\\\/\\\/www.sun-sure-estates.com\\\/wp-content\\\/uploads\\\/2023\\\/05\\\/2-Main-foto.jpg\",\"contentUrl\":\"https:\\\/\\\/www.sun-sure-estates.com\\\/wp-content\\\/uploads\\\/2023\\\/05\\\/2-Main-foto.jpg\",\"width\":1280,\"height\":721},{\"@type\":\"BreadcrumbList\",\"@id\":\"https:\\\/\\\/www.sun-sure-estates.com\\\/pl\\\/produkt\\\/przestronne-mieszkania-z-2-lub-3-sypialniami\\\/#breadcrumb\",\"itemListElement\":[{\"@type\":\"ListItem\",\"position\":1,\"name\":\"Home\",\"item\":\"https:\\\/\\\/www.sun-sure-estates.com\\\/pl\\\/strona-glowna\\\/\"},{\"@type\":\"ListItem\",\"position\":2,\"name\":\"Winkel\",\"item\":\"https:\\\/\\\/www.sun-sure-estates.com\\\/winkel\\\/\"},{\"@type\":\"ListItem\",\"position\":3,\"name\":\"Przestronne mieszkania z 2 lub 3 sypialniami\"}]},{\"@type\":\"WebSite\",\"@id\":\"https:\\\/\\\/www.sun-sure-estates.com\\\/pl\\\/#website\",\"url\":\"https:\\\/\\\/www.sun-sure-estates.com\\\/pl\\\/\",\"name\":\"Sun Sure Estates\",\"description\":\"Beleggen of wonen in je eigen huis onder de zon\",\"potentialAction\":[{\"@type\":\"SearchAction\",\"target\":{\"@type\":\"EntryPoint\",\"urlTemplate\":\"https:\\\/\\\/www.sun-sure-estates.com\\\/pl\\\/?s={search_term_string}\"},\"query-input\":{\"@type\":\"PropertyValueSpecification\",\"valueRequired\":true,\"valueName\":\"search_term_string\"}}],\"inLanguage\":\"pl-PL\"}]}<\/script>\n<!-- \/ Yoast SEO plugin. -->","yoast_head_json":{"title":"Przestronne mieszkania z 2 lub 3 sypialniami - Sun Sure Estates","robots":{"index":"index","follow":"follow","max-snippet":"max-snippet:-1","max-image-preview":"max-image-preview:large","max-video-preview":"max-video-preview:-1"},"canonical":"https:\/\/www.sun-sure-estates.com\/pl\/produkt\/przestronne-mieszkania-z-2-lub-3-sypialniami\/","og_locale":"pl_PL","og_type":"article","og_title":"Przestronne mieszkania z 2 lub 3 sypialniami - Sun Sure Estates","og_description":"Specyfikacje &#8217;Apartament z 2 sypialniami&#8217; od \u20ac 823,000.00 (kk), powierzchnia mieszkalna 168 m2 Przestronny salon, otwarta kuchnia z wysp\u0105 zlewozmywakow\u0105, bar, jadalnia i spi\u017carnia 2 sypialnie. G\u0142\u00f3wna sypialnia wyposa\u017cona jest w garderob\u0119. W drugiej sypialni znajduje si\u0119 szafa 2 \u0142azienki z kabin\u0105 prysznicow\u0105, z kt\u00f3rych jedna jest &#8222;en-suite&#8221; i znajduje si\u0119 w g\u0142\u00f3wnej sypialni Otwarta [&hellip;]","og_url":"https:\/\/www.sun-sure-estates.com\/pl\/produkt\/przestronne-mieszkania-z-2-lub-3-sypialniami\/","og_site_name":"Sun Sure Estates","article_modified_time":"2023-05-03T20:30:09+00:00","og_image":[{"width":1280,"height":721,"url":"https:\/\/www.sun-sure-estates.com\/wp-content\/uploads\/2023\/05\/2-Main-foto.jpg","type":"image\/jpeg"}],"twitter_card":"summary_large_image","twitter_misc":{"Szacowany czas czytania":"3 minuty"},"schema":{"@context":"https:\/\/schema.org","@graph":[{"@type":"WebPage","@id":"https:\/\/www.sun-sure-estates.com\/pl\/produkt\/przestronne-mieszkania-z-2-lub-3-sypialniami\/","url":"https:\/\/www.sun-sure-estates.com\/pl\/produkt\/przestronne-mieszkania-z-2-lub-3-sypialniami\/","name":"Przestronne mieszkania z 2 lub 3 sypialniami - Sun Sure Estates","isPartOf":{"@id":"https:\/\/www.sun-sure-estates.com\/pl\/#website"},"primaryImageOfPage":{"@id":"https:\/\/www.sun-sure-estates.com\/pl\/produkt\/przestronne-mieszkania-z-2-lub-3-sypialniami\/#primaryimage"},"image":{"@id":"https:\/\/www.sun-sure-estates.com\/pl\/produkt\/przestronne-mieszkania-z-2-lub-3-sypialniami\/#primaryimage"},"thumbnailUrl":"https:\/\/www.sun-sure-estates.com\/wp-content\/uploads\/2023\/05\/2-Main-foto.jpg","datePublished":"2023-05-02T13:45:53+00:00","dateModified":"2023-05-03T20:30:09+00:00","breadcrumb":{"@id":"https:\/\/www.sun-sure-estates.com\/pl\/produkt\/przestronne-mieszkania-z-2-lub-3-sypialniami\/#breadcrumb"},"inLanguage":"pl-PL","potentialAction":[{"@type":"ReadAction","target":["https:\/\/www.sun-sure-estates.com\/pl\/produkt\/przestronne-mieszkania-z-2-lub-3-sypialniami\/"]}]},{"@type":"ImageObject","inLanguage":"pl-PL","@id":"https:\/\/www.sun-sure-estates.com\/pl\/produkt\/przestronne-mieszkania-z-2-lub-3-sypialniami\/#primaryimage","url":"https:\/\/www.sun-sure-estates.com\/wp-content\/uploads\/2023\/05\/2-Main-foto.jpg","contentUrl":"https:\/\/www.sun-sure-estates.com\/wp-content\/uploads\/2023\/05\/2-Main-foto.jpg","width":1280,"height":721},{"@type":"BreadcrumbList","@id":"https:\/\/www.sun-sure-estates.com\/pl\/produkt\/przestronne-mieszkania-z-2-lub-3-sypialniami\/#breadcrumb","itemListElement":[{"@type":"ListItem","position":1,"name":"Home","item":"https:\/\/www.sun-sure-estates.com\/pl\/strona-glowna\/"},{"@type":"ListItem","position":2,"name":"Winkel","item":"https:\/\/www.sun-sure-estates.com\/winkel\/"},{"@type":"ListItem","position":3,"name":"Przestronne mieszkania z 2 lub 3 sypialniami"}]},{"@type":"WebSite","@id":"https:\/\/www.sun-sure-estates.com\/pl\/#website","url":"https:\/\/www.sun-sure-estates.com\/pl\/","name":"Sun Sure Estates","description":"Beleggen of wonen in je eigen huis onder de zon","potentialAction":[{"@type":"SearchAction","target":{"@type":"EntryPoint","urlTemplate":"https:\/\/www.sun-sure-estates.com\/pl\/?s={search_term_string}"},"query-input":{"@type":"PropertyValueSpecification","valueRequired":true,"valueName":"search_term_string"}}],"inLanguage":"pl-PL"}]}},"_links":{"self":[{"href":"https:\/\/www.sun-sure-estates.com\/pl\/wp-json\/wp\/v2\/product\/25940","targetHints":{"allow":["GET"]}}],"collection":[{"href":"https:\/\/www.sun-sure-estates.com\/pl\/wp-json\/wp\/v2\/product"}],"about":[{"href":"https:\/\/www.sun-sure-estates.com\/pl\/wp-json\/wp\/v2\/types\/product"}],"replies":[{"embeddable":true,"href":"https:\/\/www.sun-sure-estates.com\/pl\/wp-json\/wp\/v2\/comments?post=25940"}],"wp:featuredmedia":[{"embeddable":true,"href":"https:\/\/www.sun-sure-estates.com\/pl\/wp-json\/wp\/v2\/media\/25884"}],"wp:attachment":[{"href":"https:\/\/www.sun-sure-estates.com\/pl\/wp-json\/wp\/v2\/media?parent=25940"}],"wp:term":[{"taxonomy":"product_brand","embeddable":true,"href":"https:\/\/www.sun-sure-estates.com\/pl\/wp-json\/wp\/v2\/product_brand?post=25940"},{"taxonomy":"product_cat","embeddable":true,"href":"https:\/\/www.sun-sure-estates.com\/pl\/wp-json\/wp\/v2\/product_cat?post=25940"},{"taxonomy":"product_tag","embeddable":true,"href":"https:\/\/www.sun-sure-estates.com\/pl\/wp-json\/wp\/v2\/product_tag?post=25940"}],"curies":[{"name":"wp","href":"https:\/\/api.w.org\/{rel}","templated":true}]}}