{"id":26067,"date":"2023-05-02T18:45:48","date_gmt":"2023-05-02T16:45:48","guid":{"rendered":"https:\/\/www.sun-sure-estates.com\/?post_type=product&#038;p=26067"},"modified":"2023-05-03T22:28:42","modified_gmt":"2023-05-03T20:28:42","slug":"domy-szeregowe-i-narozne","status":"publish","type":"product","link":"https:\/\/www.sun-sure-estates.com\/pl\/produkt\/domy-szeregowe-i-narozne\/","title":{"rendered":"Domy szeregowe i naro\u017cne"},"content":{"rendered":"<p style=\"font-weight: 400;\">Mieszkanie na pierwszym pi\u0119trze od \u20ac 570,000.00 (kk), powierzchnia mieszkalna 169 m2<\/p>\n<p style=\"font-weight: 400;\"><u>Parter<br \/>\n<\/u><\/p>\n<ul>\n<li>Z przestronnym salonem, otwart\u0105 kuchni\u0105 z wysp\u0105 zlewozmywakow\u0105, barem, jadalni\u0105 i spi\u017carni\u0105,<\/li>\n<li>Kuchnia ze zintegrowanym uk\u0142adem wydechowym,<\/li>\n<li>Piekarnik elektryczny, mikrofal\u00f3wka, p\u0142yta indukcyjna, pralka, wbudowana zmywarka i lod\u00f3wka z zamra\u017calnikiem<\/li>\n<li>Zadaszony taras 28 m2 i ogr\u00f3d (ze sztuczn\u0105 traw\u0105) od 22 m2 do 155 m2 przy mieszkaniu naro\u017cnym<\/li>\n<\/ul>\n<p style=\"font-weight: 400;\"><u>Pi\u0119tro<\/u><\/p>\n<ul>\n<li>3 sypialnie<\/li>\n<li>2 \u0142azienki z kabin\u0105 prysznicow\u0105, z kt\u00f3rych jedna jest &#8222;en-suite&#8221; i znajduje si\u0119 w g\u0142\u00f3wnej sypialni<\/li>\n<li>Przestronny taras z przepi\u0119knym widokiem<\/li>\n<\/ul>\n<p style=\"font-weight: 400;\"><u>Opcje<\/u><\/p>\n<ul>\n<li>3 Pakiety opcjonalne dla mebli kuchennych<\/li>\n<li>Do wyboru 2 rodzaje pod\u0142ogi w mieszkaniu i kuchni<\/li>\n<li>Do wyboru 3 rodzaje \u015bcian<\/li>\n<li>2 Opcje pokrycia \u015bcian w \u0142azience<\/li>\n<li>Wymiana wanny na prysznic. Nie da si\u0119 tego zrobi\u0107 na odwr\u00f3t.<\/li>\n<li>Za dodatkow\u0105 op\u0142at\u0105 mo\u017cna zakupi\u0107 spersonalizowane urz\u0105dzenia elektryczne i wyposa\u017cenie kuchni<u>\u00a0<\/u><\/li>\n<\/ul>\n<p style=\"font-weight: 400;\"><u>Informacje og\u00f3lne<\/u><\/p>\n<ul>\n<li>Wbudowana w sufity, zintegrowana klimatyzacja ciep\u0142a i zimna<\/li>\n<li>Aerotermalny system ciep\u0142ej wody &#8211; Podstawowy system automatyki domowej &#8211; Salon, sypialnie i kuchnia z pod\u0142\u0105czeniem kablowym do telewizji cyfrowej, radia i telefonu<\/li>\n<li>Gniazda w salonie i sypialniach s\u0105 ze z\u0142\u0105czem USB<\/li>\n<li>Taras jest z bateri\u0105 zewn\u0119trzn\u0105<\/li>\n<li>1 Miejsce parkingowe poza urbanizacj\u0105 w pobli\u017cu domu<\/li>\n<\/ul>\n<p style=\"font-weight: 400;\"><u>Kompleks informacji og\u00f3lnych<br \/>\n<\/u><\/p>\n<ul>\n<li>Urbanizacja ogrodzona<\/li>\n<li>Niskie zu\u017cycie energii<\/li>\n<li>Pi\u0119knie zagospodarowany ogr\u00f3d z miejscem do opalania i basenem zewn\u0119trznym<\/li>\n<li>Ekskluzywny dost\u0119p do pobliskiego centrum sportowego z kortami do padli, fitness i spa<\/li>\n<\/ul>\n<p>Zadzwo\u0144 lub WhatsApp w celu uzyskania informacji pod numer +31 6 27 04 07 82<br \/>\nNapisz lub WhatsApp, aby uzyska\u0107 informacje <a href=\"mailto:info@sun-sure-estates.com\" target=\"_blank\" rel=\"noopener\">info@sun-sure-estates.com<\/a><\/p>\n<p style=\"font-weight: 400;\"><span style=\"text-decoration: underline;\">Opis apartamentu<\/span><\/p>\n<p style=\"font-weight: 400;\">Oko\u0142o 5 minut od Morza \u015ar\u00f3dziemnego, w nadmorskim kurorcie Mij\u00e1s, budowane s\u0105 te pi\u0119kne, eleganckie apartamenty na pierwszym pi\u0119trze z g\u00f3rnymi pi\u0119trami. Znajduj\u0105 si\u0119 one w otoczeniu zachwycaj\u0105cej przyrody i s\u0105siaduj\u0105 z 18-do\u0142kowym o\u015brodkiem golfowym &#8222;La Chaparral&#8221;. Apartamenty po\u0142o\u017cone s\u0105 na ogrodzonej urbanizacji z pi\u0119knie zaprojektowanym ogrodem, miejscem do opalania i wsp\u00f3lnym odkrytym basenem.<\/p>\n<p style=\"font-weight: 400;\">Zaprojektowane przez architekta apartamenty wyr\u00f3\u017cniaj\u0105 si\u0119 naciskiem na jako\u015b\u0107, trwa\u0142o\u015b\u0107, komfort, funkcjonalno\u015b\u0107, niskie zu\u017cycie energii, obfite naturalne \u015bwiat\u0142o i prywatno\u015b\u0107.<\/p>\n<p style=\"font-weight: 400;\">Uk\u0142ad<\/p>\n<p style=\"font-weight: 400;\">Na pierwszym pi\u0119trze apartamenty s\u0105 podzielone na przestronny salon, otwart\u0105 kuchni\u0119 z wysp\u0105 zlewozmywakow\u0105, bar, jadalni\u0119 i spi\u017carni\u0119. Poniewa\u017c mieszkanie jest zbudowane na ca\u0142ej szeroko\u015bci, jest du\u017co \u015bwiat\u0142a. Z apartamentu znajduje si\u0119 zadaszony taras, a w jego przemieszczeniu ogr\u00f3d. Wieczorem mo\u017cna tu podziwia\u0107 zach\u00f3d s\u0142o\u0144ca, dzi\u0119ki po\u0142udniowo-zachodniej orientacji.<\/p>\n<p style=\"font-weight: 400;\">Przechodz\u0105c na pi\u0119tro znajdujemy podest, wok\u00f3\u0142 kt\u00f3rego utworzone s\u0105 3 sypialnie, w tym du\u017ca szafa i 2 \u0142azienki z kabin\u0105 prysznicow\u0105. Jedna \u0142azienka znajduje si\u0119 &#8222;en-suite&#8221; do du\u017cej g\u0142\u00f3wnej sypialni. Jako przed\u0142u\u017cenie g\u0142\u00f3wnej sypialni, taras znajduje si\u0119 na ca\u0142ej szeroko\u015bci mieszkania. Zar\u00f3wno st\u0105d, jak i z g\u0142\u00f3wnej sypialni roztaczaj\u0105 si\u0119 pi\u0119kne widoki na okolic\u0119.<\/p>\n<p style=\"font-weight: 400;\">Na zewn\u0105trz<\/p>\n<p style=\"font-weight: 400;\">W linii z salonem znajduje si\u0119 cz\u0119\u015bciowo zadaszony, wy\u0142o\u017cony p\u0142ytkami taras. Przed\u0142u\u017ceniem tego jest bardzo prywatny ogr\u00f3d. St\u0105d roztaczaj\u0105 si\u0119 pi\u0119kne widoki na okolic\u0119.<\/p>\n<p style=\"font-weight: 400;\">Obiekty<\/p>\n<p style=\"font-weight: 400;\">Apartamenty s\u0105siaduj\u0105 z 18-do\u0142kowym o\u015brodkiem golfowym &#8222;La Chaparral. W odleg\u0142o\u015bci spaceru od hotelu znajduj\u0105 si\u0119 obiekty rekreacyjne i sportowe oraz wiele znanych lokali gastronomicznych. Na piaszczystych pla\u017cach znajduje si\u0119 wiele przytulnych i dobrych klub\u00f3w pla\u017cowych oraz r\u00f3\u017cne sporty pla\u017cowe.<\/p>\n<p style=\"font-weight: 400;\"><u>Region i unikalne aspekty<br \/>\n<\/u><\/p>\n<ul>\n<li>Kompleks po\u0142o\u017cony jest w spokojnej okolicy, w s\u0105siedztwie o\u015brodka golfowego El Chaparral<\/li>\n<li>Obszar ten wyr\u00f3\u017cnia si\u0119 pi\u0119kn\u0105 lini\u0105 brzegow\u0105 Morza \u015ar\u00f3dziemnego i pi\u0119knymi pla\u017cami- Po\u0142o\u017cony w pobli\u017cu dzielnicy rozrywkowej La Cala de Mijas i zabytkowego centrum Fuengirola<\/li>\n<li>Autostrada AP-7 znajduje si\u0119 kilka minut jazdy samochodem- \u0141agodne temperatury, zar\u00f3wno latem, jak i zim\u0105- Unikalny ekosystem, kt\u00f3ry od dziesi\u0119cioleci przyci\u0105ga ludzi z ca\u0142ego \u015bwiata<br \/>\n.<\/li>\n<\/ul>\n","protected":false},"excerpt":{"rendered":"<p>Mieszkanie na pierwszym pi\u0119trze od \u20ac 570,000.00 (kk), powierzchnia mieszkalna 169 m2 Parter Z przestronnym salonem, otwart\u0105 kuchni\u0105 z wysp\u0105 zlewozmywakow\u0105, barem, jadalni\u0105 i spi\u017carni\u0105, Kuchnia ze zintegrowanym uk\u0142adem wydechowym, Piekarnik elektryczny, mikrofal\u00f3wka, p\u0142yta indukcyjna, pralka, wbudowana zmywarka i lod\u00f3wka z zamra\u017calnikiem Zadaszony taras 28 m2 i ogr\u00f3d (ze sztuczn\u0105 traw\u0105) od 22 m2 do [&hellip;]<\/p>\n","protected":false},"featured_media":25999,"comment_status":"open","ping_status":"closed","template":"","meta":{"_acf_changed":false},"product_brand":[],"product_cat":[202,201,195,198,200],"product_tag":[],"class_list":{"0":"post-26067","1":"product","2":"type-product","3":"status-publish","4":"has-post-thumbnail","6":"province-malaga","7":"places-la-cala-de-mijas","8":"country-spanje","9":"region-costa-del-sol","10":"product_cat-basen","11":"product_cat-dom-w-zabudowie-blizniaczej","12":"product_cat-golf-pl-2","13":"product_cat-nad-morzem","14":"product_cat-wlasny-ogrod","16":"first","17":"instock","18":"shipping-taxable","19":"purchasable","20":"product-type-simple"},"acf":[],"yoast_head":"<!-- This site is optimized with the Yoast SEO plugin v27.4 - https:\/\/yoast.com\/product\/yoast-seo-wordpress\/ -->\n<title>Domy szeregowe i naro\u017cne - Sun Sure Estates<\/title>\n<meta name=\"robots\" content=\"index, follow, max-snippet:-1, max-image-preview:large, max-video-preview:-1\" \/>\n<link rel=\"canonical\" href=\"https:\/\/www.sun-sure-estates.com\/pl\/produkt\/domy-szeregowe-i-narozne\/\" \/>\n<meta property=\"og:locale\" content=\"pl_PL\" \/>\n<meta property=\"og:type\" content=\"article\" \/>\n<meta property=\"og:title\" content=\"Domy szeregowe i naro\u017cne - Sun Sure Estates\" \/>\n<meta property=\"og:description\" content=\"Mieszkanie na pierwszym pi\u0119trze od \u20ac 570,000.00 (kk), powierzchnia mieszkalna 169 m2 Parter Z przestronnym salonem, otwart\u0105 kuchni\u0105 z wysp\u0105 zlewozmywakow\u0105, barem, jadalni\u0105 i spi\u017carni\u0105, Kuchnia ze zintegrowanym uk\u0142adem wydechowym, Piekarnik elektryczny, mikrofal\u00f3wka, p\u0142yta indukcyjna, pralka, wbudowana zmywarka i lod\u00f3wka z zamra\u017calnikiem Zadaszony taras 28 m2 i ogr\u00f3d (ze sztuczn\u0105 traw\u0105) od 22 m2 do [&hellip;]\" \/>\n<meta property=\"og:url\" content=\"https:\/\/www.sun-sure-estates.com\/pl\/produkt\/domy-szeregowe-i-narozne\/\" \/>\n<meta property=\"og:site_name\" content=\"Sun Sure Estates\" \/>\n<meta property=\"article:modified_time\" content=\"2023-05-03T20:28:42+00:00\" \/>\n<meta property=\"og:image\" content=\"https:\/\/www.sun-sure-estates.com\/wp-content\/uploads\/2023\/05\/05-Main-foto.webp\" \/>\n\t<meta property=\"og:image:width\" content=\"1280\" \/>\n\t<meta property=\"og:image:height\" content=\"535\" \/>\n\t<meta property=\"og:image:type\" content=\"image\/webp\" \/>\n<meta name=\"twitter:card\" content=\"summary_large_image\" \/>\n<meta name=\"twitter:label1\" content=\"Szacowany czas czytania\" \/>\n\t<meta name=\"twitter:data1\" content=\"3 minuty\" \/>\n<script type=\"application\/ld+json\" class=\"yoast-schema-graph\">{\"@context\":\"https:\\\/\\\/schema.org\",\"@graph\":[{\"@type\":\"WebPage\",\"@id\":\"https:\\\/\\\/www.sun-sure-estates.com\\\/pl\\\/produkt\\\/domy-szeregowe-i-narozne\\\/\",\"url\":\"https:\\\/\\\/www.sun-sure-estates.com\\\/pl\\\/produkt\\\/domy-szeregowe-i-narozne\\\/\",\"name\":\"Domy szeregowe i naro\u017cne - Sun Sure Estates\",\"isPartOf\":{\"@id\":\"https:\\\/\\\/www.sun-sure-estates.com\\\/pl\\\/#website\"},\"primaryImageOfPage\":{\"@id\":\"https:\\\/\\\/www.sun-sure-estates.com\\\/pl\\\/produkt\\\/domy-szeregowe-i-narozne\\\/#primaryimage\"},\"image\":{\"@id\":\"https:\\\/\\\/www.sun-sure-estates.com\\\/pl\\\/produkt\\\/domy-szeregowe-i-narozne\\\/#primaryimage\"},\"thumbnailUrl\":\"https:\\\/\\\/www.sun-sure-estates.com\\\/wp-content\\\/uploads\\\/2023\\\/05\\\/05-Main-foto.webp\",\"datePublished\":\"2023-05-02T16:45:48+00:00\",\"dateModified\":\"2023-05-03T20:28:42+00:00\",\"breadcrumb\":{\"@id\":\"https:\\\/\\\/www.sun-sure-estates.com\\\/pl\\\/produkt\\\/domy-szeregowe-i-narozne\\\/#breadcrumb\"},\"inLanguage\":\"pl-PL\",\"potentialAction\":[{\"@type\":\"ReadAction\",\"target\":[\"https:\\\/\\\/www.sun-sure-estates.com\\\/pl\\\/produkt\\\/domy-szeregowe-i-narozne\\\/\"]}]},{\"@type\":\"ImageObject\",\"inLanguage\":\"pl-PL\",\"@id\":\"https:\\\/\\\/www.sun-sure-estates.com\\\/pl\\\/produkt\\\/domy-szeregowe-i-narozne\\\/#primaryimage\",\"url\":\"https:\\\/\\\/www.sun-sure-estates.com\\\/wp-content\\\/uploads\\\/2023\\\/05\\\/05-Main-foto.webp\",\"contentUrl\":\"https:\\\/\\\/www.sun-sure-estates.com\\\/wp-content\\\/uploads\\\/2023\\\/05\\\/05-Main-foto.webp\",\"width\":1280,\"height\":535},{\"@type\":\"BreadcrumbList\",\"@id\":\"https:\\\/\\\/www.sun-sure-estates.com\\\/pl\\\/produkt\\\/domy-szeregowe-i-narozne\\\/#breadcrumb\",\"itemListElement\":[{\"@type\":\"ListItem\",\"position\":1,\"name\":\"Home\",\"item\":\"https:\\\/\\\/www.sun-sure-estates.com\\\/pl\\\/strona-glowna\\\/\"},{\"@type\":\"ListItem\",\"position\":2,\"name\":\"Winkel\",\"item\":\"https:\\\/\\\/www.sun-sure-estates.com\\\/winkel\\\/\"},{\"@type\":\"ListItem\",\"position\":3,\"name\":\"Domy szeregowe i naro\u017cne\"}]},{\"@type\":\"WebSite\",\"@id\":\"https:\\\/\\\/www.sun-sure-estates.com\\\/pl\\\/#website\",\"url\":\"https:\\\/\\\/www.sun-sure-estates.com\\\/pl\\\/\",\"name\":\"Sun Sure Estates\",\"description\":\"Beleggen of wonen in je eigen huis onder de zon\",\"potentialAction\":[{\"@type\":\"SearchAction\",\"target\":{\"@type\":\"EntryPoint\",\"urlTemplate\":\"https:\\\/\\\/www.sun-sure-estates.com\\\/pl\\\/?s={search_term_string}\"},\"query-input\":{\"@type\":\"PropertyValueSpecification\",\"valueRequired\":true,\"valueName\":\"search_term_string\"}}],\"inLanguage\":\"pl-PL\"}]}<\/script>\n<!-- \/ Yoast SEO plugin. -->","yoast_head_json":{"title":"Domy szeregowe i naro\u017cne - Sun Sure Estates","robots":{"index":"index","follow":"follow","max-snippet":"max-snippet:-1","max-image-preview":"max-image-preview:large","max-video-preview":"max-video-preview:-1"},"canonical":"https:\/\/www.sun-sure-estates.com\/pl\/produkt\/domy-szeregowe-i-narozne\/","og_locale":"pl_PL","og_type":"article","og_title":"Domy szeregowe i naro\u017cne - Sun Sure Estates","og_description":"Mieszkanie na pierwszym pi\u0119trze od \u20ac 570,000.00 (kk), powierzchnia mieszkalna 169 m2 Parter Z przestronnym salonem, otwart\u0105 kuchni\u0105 z wysp\u0105 zlewozmywakow\u0105, barem, jadalni\u0105 i spi\u017carni\u0105, Kuchnia ze zintegrowanym uk\u0142adem wydechowym, Piekarnik elektryczny, mikrofal\u00f3wka, p\u0142yta indukcyjna, pralka, wbudowana zmywarka i lod\u00f3wka z zamra\u017calnikiem Zadaszony taras 28 m2 i ogr\u00f3d (ze sztuczn\u0105 traw\u0105) od 22 m2 do [&hellip;]","og_url":"https:\/\/www.sun-sure-estates.com\/pl\/produkt\/domy-szeregowe-i-narozne\/","og_site_name":"Sun Sure Estates","article_modified_time":"2023-05-03T20:28:42+00:00","og_image":[{"width":1280,"height":535,"url":"https:\/\/www.sun-sure-estates.com\/wp-content\/uploads\/2023\/05\/05-Main-foto.webp","type":"image\/webp"}],"twitter_card":"summary_large_image","twitter_misc":{"Szacowany czas czytania":"3 minuty"},"schema":{"@context":"https:\/\/schema.org","@graph":[{"@type":"WebPage","@id":"https:\/\/www.sun-sure-estates.com\/pl\/produkt\/domy-szeregowe-i-narozne\/","url":"https:\/\/www.sun-sure-estates.com\/pl\/produkt\/domy-szeregowe-i-narozne\/","name":"Domy szeregowe i naro\u017cne - Sun Sure Estates","isPartOf":{"@id":"https:\/\/www.sun-sure-estates.com\/pl\/#website"},"primaryImageOfPage":{"@id":"https:\/\/www.sun-sure-estates.com\/pl\/produkt\/domy-szeregowe-i-narozne\/#primaryimage"},"image":{"@id":"https:\/\/www.sun-sure-estates.com\/pl\/produkt\/domy-szeregowe-i-narozne\/#primaryimage"},"thumbnailUrl":"https:\/\/www.sun-sure-estates.com\/wp-content\/uploads\/2023\/05\/05-Main-foto.webp","datePublished":"2023-05-02T16:45:48+00:00","dateModified":"2023-05-03T20:28:42+00:00","breadcrumb":{"@id":"https:\/\/www.sun-sure-estates.com\/pl\/produkt\/domy-szeregowe-i-narozne\/#breadcrumb"},"inLanguage":"pl-PL","potentialAction":[{"@type":"ReadAction","target":["https:\/\/www.sun-sure-estates.com\/pl\/produkt\/domy-szeregowe-i-narozne\/"]}]},{"@type":"ImageObject","inLanguage":"pl-PL","@id":"https:\/\/www.sun-sure-estates.com\/pl\/produkt\/domy-szeregowe-i-narozne\/#primaryimage","url":"https:\/\/www.sun-sure-estates.com\/wp-content\/uploads\/2023\/05\/05-Main-foto.webp","contentUrl":"https:\/\/www.sun-sure-estates.com\/wp-content\/uploads\/2023\/05\/05-Main-foto.webp","width":1280,"height":535},{"@type":"BreadcrumbList","@id":"https:\/\/www.sun-sure-estates.com\/pl\/produkt\/domy-szeregowe-i-narozne\/#breadcrumb","itemListElement":[{"@type":"ListItem","position":1,"name":"Home","item":"https:\/\/www.sun-sure-estates.com\/pl\/strona-glowna\/"},{"@type":"ListItem","position":2,"name":"Winkel","item":"https:\/\/www.sun-sure-estates.com\/winkel\/"},{"@type":"ListItem","position":3,"name":"Domy szeregowe i naro\u017cne"}]},{"@type":"WebSite","@id":"https:\/\/www.sun-sure-estates.com\/pl\/#website","url":"https:\/\/www.sun-sure-estates.com\/pl\/","name":"Sun Sure Estates","description":"Beleggen of wonen in je eigen huis onder de zon","potentialAction":[{"@type":"SearchAction","target":{"@type":"EntryPoint","urlTemplate":"https:\/\/www.sun-sure-estates.com\/pl\/?s={search_term_string}"},"query-input":{"@type":"PropertyValueSpecification","valueRequired":true,"valueName":"search_term_string"}}],"inLanguage":"pl-PL"}]}},"_links":{"self":[{"href":"https:\/\/www.sun-sure-estates.com\/pl\/wp-json\/wp\/v2\/product\/26067","targetHints":{"allow":["GET"]}}],"collection":[{"href":"https:\/\/www.sun-sure-estates.com\/pl\/wp-json\/wp\/v2\/product"}],"about":[{"href":"https:\/\/www.sun-sure-estates.com\/pl\/wp-json\/wp\/v2\/types\/product"}],"replies":[{"embeddable":true,"href":"https:\/\/www.sun-sure-estates.com\/pl\/wp-json\/wp\/v2\/comments?post=26067"}],"wp:featuredmedia":[{"embeddable":true,"href":"https:\/\/www.sun-sure-estates.com\/pl\/wp-json\/wp\/v2\/media\/25999"}],"wp:attachment":[{"href":"https:\/\/www.sun-sure-estates.com\/pl\/wp-json\/wp\/v2\/media?parent=26067"}],"wp:term":[{"taxonomy":"product_brand","embeddable":true,"href":"https:\/\/www.sun-sure-estates.com\/pl\/wp-json\/wp\/v2\/product_brand?post=26067"},{"taxonomy":"product_cat","embeddable":true,"href":"https:\/\/www.sun-sure-estates.com\/pl\/wp-json\/wp\/v2\/product_cat?post=26067"},{"taxonomy":"product_tag","embeddable":true,"href":"https:\/\/www.sun-sure-estates.com\/pl\/wp-json\/wp\/v2\/product_tag?post=26067"}],"curies":[{"name":"wp","href":"https:\/\/api.w.org\/{rel}","templated":true}]}}