{"id":26129,"date":"2023-05-02T22:04:05","date_gmt":"2023-05-02T20:25:57","guid":{"rendered":"https:\/\/www.sun-sure-estates.com\/?post_type=product&#038;p=26129"},"modified":"2023-05-03T22:27:39","modified_gmt":"2023-05-03T20:27:39","slug":"mieszkania-w-poblizu-centrum-estepony-i-300-metrow-od-morza","status":"publish","type":"product","link":"https:\/\/www.sun-sure-estates.com\/pl\/produkt\/mieszkania-w-poblizu-centrum-estepony-i-300-metrow-od-morza\/","title":{"rendered":"Mieszkania w pobli\u017cu centrum Estepony i 300 metr\u00f3w od morza"},"content":{"rendered":"<p style=\"font-weight: 400;\"><u>Specyfikacje<\/u><\/p>\n<p style=\"font-weight: 400;\">&#8217;Wariant z 2 sypialniami&#8217; od 295 000 \u20ac (KK), powierzchnia mieszkalna 81 m2<\/p>\n<ul>\n<li>Przestronny salon, otwarta kuchnia z wysp\u0105 zlewozmywakow\u0105, bar i jadalnia<\/li>\n<li>Apartament ten obejmuje 2 sypialnie, 2 \u0142azienki z kabin\u0105 prysznicow\u0105, z kt\u00f3rych jedna jest 'en-suite&#8217; do g\u0142\u00f3wnej sypialni<\/li>\n<li>Kuchnia ze zintegrowanym ekstraktorem, piekarnikiem elektrycznym i kuchenk\u0105 mikrofalow\u0105 ze stali nierdzewnej, p\u0142yt\u0105 indukcyjn\u0105, pralk\u0105, wbudowan\u0105 zmywark\u0105 i lod\u00f3wk\u0105<\/li>\n<\/ul>\n<p style=\"font-weight: 400;\">&#8217;Wariant z 3 sypialniami&#8217; od 339 000 \u20ac (KK), powierzchnia mieszkalna 105 <sup>m2<\/sup><\/p>\n<ul>\n<li>Ten jest prawie taki sam jak wariant z 2 sypialniami, ale z 3 sypialniami<\/li>\n<\/ul>\n<p style=\"font-weight: 400;\"><u>Opcje<\/u><\/p>\n<ul>\n<li>3 Pakiety opcjonalne dla mebli kuchennych<\/li>\n<li>Do wyboru 2 typy pod\u0142ogi p\u0142askiej i kuchennej<\/li>\n<li>3 Mo\u017cliwo\u015bci wyboru farby \u015bciennej<\/li>\n<li>2 Opcje pokrycia \u015bcian \u0142azienkowych<\/li>\n<li>Wymiana wanny na prysznic. Nie mo\u017cna tego zrobi\u0107 na odwr\u00f3t<\/li>\n<li>Spersonalizowane urz\u0105dzenia elektryczne i wyposa\u017cenie kuchni mo\u017cna kupi\u0107 za dodatkow\u0105 op\u0142at\u0105<\/li>\n<\/ul>\n<p style=\"font-weight: 400;\"><u>Informacje og\u00f3lne<\/u><u>\u00a0<\/u><\/p>\n<ul>\n<li>Klimatyzacja w cenie<\/li>\n<li>System aerotermalny dla ciep\u0142ej wody u\u017cytkowej<\/li>\n<li>Domofon wideo<\/li>\n<li>O\u015bwietlenie wpuszczane LED w sufitach kuchni, korytarzy i \u0142azienek<\/li>\n<li>Kran z wod\u0105 na tarasie i\/lub solarium<\/li>\n<li>Gara\u017c urbanizacji plus prywatne pomieszczenia lokatorskie wliczone w cen\u0119 zakupu (kk)<\/li>\n<\/ul>\n<p style=\"font-weight: 400;\"><u>Kompleks informacji og\u00f3lnych<\/u><u>\u00a0<\/u><\/p>\n<ul>\n<li>Winda do gara\u017cu i ka\u017cdego pi\u0119tra mieszkalnego<\/li>\n<li>\u0141adnie zagospodarowany wsp\u00f3lny ogr\u00f3d na dziedzi\u0144cu z miejscem do opalania i odkrytym basenem z o\u015bwietleniem nocnym<\/li>\n<li>Nowoczesne i pi\u0119knie wyposa\u017cone centrum fitness<\/li>\n<\/ul>\n<p>Zadzwo\u0144 lub WhatsApp w celu uzyskania informacji pod numer +31 6 27 04 07 82<br \/>\nNapisz lub WhatsApp, aby uzyska\u0107 informacje info@sun-sure-estates.com<\/p>\n<p style=\"font-weight: 400;\"><span style=\"text-decoration: underline;\">Opis mieszkania<\/span><\/p>\n<p style=\"font-weight: 400;\">Witamy w Esteponie, &#8222;Ogrodzie Costa del Sol&#8221;, gdzie ten pi\u0119kny kompleks mieszkalny jest w trakcie budowy. Znajduje si\u0119 on w pobli\u017cu centrum Estepony, przystani, a od Morza \u015ar\u00f3dziemnego dzieli go tylko kilka minut. Kompleks b\u0119dzie wyposa\u017cony we wsp\u00f3lny odkryty basen, miejsce do opalania i si\u0142owni\u0119. Mieszkania zosta\u0142y zaprojektowane przez architekta tak, aby wpu\u015bci\u0107 du\u017co \u015bwiat\u0142a do przestronnego salonu. Przyb\u0105d\u017a na po\u0142udniowe wybrze\u017ce Hiszpanii i ciesz si\u0119 s\u0142o\u0144cem, morzem i pi\u0119knymi piaszczystymi pla\u017cami.<\/p>\n<p style=\"font-weight: 400;\">Uk\u0142ad<\/p>\n<p style=\"font-weight: 400;\">Mieszkanie, wszystkio wykonane z pi\u0119knych p\u0142ytek ceramicznych, jest rozplanowane z przestronnym salonem, otwart\u0105 kuchni\u0105 z wysp\u0105 kuchenn\u0105, barem oraz jadalni\u0105. Do dyspozycji Go\u015bci s\u0105 2 lub 3 sypialnie,<\/p>\n<p style=\"font-weight: 400;\">2 \u0142azienki z kabin\u0105 prysznicow\u0105, z kt\u00f3rych 1 \u0142azienka jest &#8222;en-suite&#8221; z g\u0142\u00f3wn\u0105 sypialni\u0105.<\/p>\n<p style=\"font-weight: 400;\">Na zewn\u0105trz<\/p>\n<p style=\"font-weight: 400;\">Z salonu i jadalni rozci\u0105ga si\u0119 cz\u0119\u015bciowo zadaszony i przestronny, wy\u0142o\u017cony kafelkami taras, kt\u00f3ry oferuje Pa\u0144stwu du\u017co prywatno\u015bci. Roztaczaj\u0105 si\u0119 st\u0105d widoki na okolic\u0119, np. na oddalone o kilka kilometr\u00f3w Morze \u015ar\u00f3dziemne.<\/p>\n<p style=\"font-weight: 400;\">Udogodnienia<\/p>\n<p style=\"font-weight: 400;\">Kompleks mieszkalny znajduje si\u0119 na du\u017cej dzia\u0142ce, na kt\u00f3rej rozplanowany jest pi\u0119knie zaprojektowany wsp\u00f3lny ogr\u00f3d dziedzi\u0144ca z miejscem do opalania i odkrytym basenem, kt\u00f3ry jest o\u015bwietlony w nocy. Na terenie kompleksu znajduje si\u0119 r\u00f3wnie\u017c pi\u0119kna i nowoczesna si\u0142ownia.<\/p>\n<p style=\"font-weight: 400;\">W zamkni\u0119tym gara\u017cu podziemnym, do kt\u00f3rego r\u00f3wnie\u017c mo\u017cna dosta\u0107 si\u0119 wind\u0105, dost\u0119pne jest miejsce parkingowe dla jednego samochodu osobowego oraz prywatna kom\u00f3rka lokatorska.<\/p>\n<p style=\"font-weight: 400;\"><u>Region i unikalne aspekty<br \/>\n<\/u><\/p>\n<ul>\n<li>Kompleks po\u0142o\u017cony jest w nowej dzielnicy nadmorskiego kurortu Estepona<\/li>\n<li>Obszar ten wyr\u00f3\u017cnia si\u0119 pi\u0119knym wybrze\u017cem Morza \u015ar\u00f3dziemnego z pi\u0119knymi piaszczystymi pla\u017cami<\/li>\n<li>Wa\u017cne drogi \u0142\u0105cz\u0105ce oddalone s\u0105 o zaledwie kilka minut jazdy samochodem<\/li>\n<li>Hotspoty, takie jak Marbella, Puerto Ban\u00fas, pola golfowe i centra handlowe znajduj\u0105 si\u0119 w promieniu<\/li>\n<\/ul>\n<p style=\"font-weight: 400;\">20 minut jazdy samochodem<\/p>\n<ul>\n<li>\u0141agodne temperatury, zar\u00f3wno latem, jak i zim\u0105<\/li>\n<li>Unikalny ekosystem, kt\u00f3ry od dziesi\u0119cioleci przyci\u0105ga ludzi z ca\u0142ego \u015bwiata<\/li>\n<\/ul>\n<p><span style=\"font-weight: 400;\">Miasto t\u0119tni \u017cyciem nawet od pa\u017adziernika do lutego<br \/>\n.<\/span><\/p>\n","protected":false},"excerpt":{"rendered":"<p>Specyfikacje &#8217;Wariant z 2 sypialniami&#8217; od 295 000 \u20ac (KK), powierzchnia mieszkalna 81 m2 Przestronny salon, otwarta kuchnia z wysp\u0105 zlewozmywakow\u0105, bar i jadalnia Apartament ten obejmuje 2 sypialnie, 2 \u0142azienki z kabin\u0105 prysznicow\u0105, z kt\u00f3rych jedna jest 'en-suite&#8217; do g\u0142\u00f3wnej sypialni Kuchnia ze zintegrowanym ekstraktorem, piekarnikiem elektrycznym i kuchenk\u0105 mikrofalow\u0105 ze stali nierdzewnej, p\u0142yt\u0105 [&hellip;]<\/p>\n","protected":false},"featured_media":26079,"comment_status":"open","ping_status":"closed","template":"","meta":{"_acf_changed":false},"product_brand":[],"product_cat":[202,193,198,197,194],"product_tag":[],"class_list":{"0":"post-26129","1":"product","2":"type-product","3":"status-publish","4":"has-post-thumbnail","6":"province-malaga","7":"places-estepona","8":"country-spanje","9":"region-costa-del-sol","10":"product_cat-basen","11":"product_cat-basen-komunalny","12":"product_cat-nad-morzem","13":"product_cat-plaski","14":"product_cat-winda-komunalna","16":"first","17":"instock","18":"shipping-taxable","19":"purchasable","20":"product-type-simple"},"acf":[],"yoast_head":"<!-- This site is optimized with the Yoast SEO plugin v27.4 - https:\/\/yoast.com\/product\/yoast-seo-wordpress\/ -->\n<title>Mieszkania w pobli\u017cu centrum Estepony i 300 metr\u00f3w od morza - Sun Sure Estates<\/title>\n<meta name=\"robots\" content=\"index, follow, max-snippet:-1, max-image-preview:large, max-video-preview:-1\" \/>\n<link rel=\"canonical\" href=\"https:\/\/www.sun-sure-estates.com\/pl\/produkt\/mieszkania-w-poblizu-centrum-estepony-i-300-metrow-od-morza\/\" \/>\n<meta property=\"og:locale\" content=\"pl_PL\" \/>\n<meta property=\"og:type\" content=\"article\" \/>\n<meta property=\"og:title\" content=\"Mieszkania w pobli\u017cu centrum Estepony i 300 metr\u00f3w od morza - Sun Sure Estates\" \/>\n<meta property=\"og:description\" content=\"Specyfikacje &#8217;Wariant z 2 sypialniami&#8217; od 295 000 \u20ac (KK), powierzchnia mieszkalna 81 m2 Przestronny salon, otwarta kuchnia z wysp\u0105 zlewozmywakow\u0105, bar i jadalnia Apartament ten obejmuje 2 sypialnie, 2 \u0142azienki z kabin\u0105 prysznicow\u0105, z kt\u00f3rych jedna jest &#039;en-suite&#8217; do g\u0142\u00f3wnej sypialni Kuchnia ze zintegrowanym ekstraktorem, piekarnikiem elektrycznym i kuchenk\u0105 mikrofalow\u0105 ze stali nierdzewnej, p\u0142yt\u0105 [&hellip;]\" \/>\n<meta property=\"og:url\" content=\"https:\/\/www.sun-sure-estates.com\/pl\/produkt\/mieszkania-w-poblizu-centrum-estepony-i-300-metrow-od-morza\/\" \/>\n<meta property=\"og:site_name\" content=\"Sun Sure Estates\" \/>\n<meta property=\"article:modified_time\" content=\"2023-05-03T20:27:39+00:00\" \/>\n<meta property=\"og:image\" content=\"https:\/\/www.sun-sure-estates.com\/wp-content\/uploads\/2023\/05\/10.-Main-foto.jpg\" \/>\n\t<meta property=\"og:image:width\" content=\"1920\" \/>\n\t<meta property=\"og:image:height\" content=\"1051\" \/>\n\t<meta property=\"og:image:type\" content=\"image\/jpeg\" \/>\n<meta name=\"twitter:card\" content=\"summary_large_image\" \/>\n<meta name=\"twitter:label1\" content=\"Szacowany czas czytania\" \/>\n\t<meta name=\"twitter:data1\" content=\"3 minuty\" \/>\n<script type=\"application\/ld+json\" class=\"yoast-schema-graph\">{\"@context\":\"https:\\\/\\\/schema.org\",\"@graph\":[{\"@type\":\"WebPage\",\"@id\":\"https:\\\/\\\/www.sun-sure-estates.com\\\/pl\\\/produkt\\\/mieszkania-w-poblizu-centrum-estepony-i-300-metrow-od-morza\\\/\",\"url\":\"https:\\\/\\\/www.sun-sure-estates.com\\\/pl\\\/produkt\\\/mieszkania-w-poblizu-centrum-estepony-i-300-metrow-od-morza\\\/\",\"name\":\"Mieszkania w pobli\u017cu centrum Estepony i 300 metr\u00f3w od morza - Sun Sure Estates\",\"isPartOf\":{\"@id\":\"https:\\\/\\\/www.sun-sure-estates.com\\\/pl\\\/#website\"},\"primaryImageOfPage\":{\"@id\":\"https:\\\/\\\/www.sun-sure-estates.com\\\/pl\\\/produkt\\\/mieszkania-w-poblizu-centrum-estepony-i-300-metrow-od-morza\\\/#primaryimage\"},\"image\":{\"@id\":\"https:\\\/\\\/www.sun-sure-estates.com\\\/pl\\\/produkt\\\/mieszkania-w-poblizu-centrum-estepony-i-300-metrow-od-morza\\\/#primaryimage\"},\"thumbnailUrl\":\"https:\\\/\\\/www.sun-sure-estates.com\\\/wp-content\\\/uploads\\\/2023\\\/05\\\/10.-Main-foto.jpg\",\"datePublished\":\"2023-05-02T20:25:57+00:00\",\"dateModified\":\"2023-05-03T20:27:39+00:00\",\"breadcrumb\":{\"@id\":\"https:\\\/\\\/www.sun-sure-estates.com\\\/pl\\\/produkt\\\/mieszkania-w-poblizu-centrum-estepony-i-300-metrow-od-morza\\\/#breadcrumb\"},\"inLanguage\":\"pl-PL\",\"potentialAction\":[{\"@type\":\"ReadAction\",\"target\":[\"https:\\\/\\\/www.sun-sure-estates.com\\\/pl\\\/produkt\\\/mieszkania-w-poblizu-centrum-estepony-i-300-metrow-od-morza\\\/\"]}]},{\"@type\":\"ImageObject\",\"inLanguage\":\"pl-PL\",\"@id\":\"https:\\\/\\\/www.sun-sure-estates.com\\\/pl\\\/produkt\\\/mieszkania-w-poblizu-centrum-estepony-i-300-metrow-od-morza\\\/#primaryimage\",\"url\":\"https:\\\/\\\/www.sun-sure-estates.com\\\/wp-content\\\/uploads\\\/2023\\\/05\\\/10.-Main-foto.jpg\",\"contentUrl\":\"https:\\\/\\\/www.sun-sure-estates.com\\\/wp-content\\\/uploads\\\/2023\\\/05\\\/10.-Main-foto.jpg\",\"width\":1920,\"height\":1051},{\"@type\":\"BreadcrumbList\",\"@id\":\"https:\\\/\\\/www.sun-sure-estates.com\\\/pl\\\/produkt\\\/mieszkania-w-poblizu-centrum-estepony-i-300-metrow-od-morza\\\/#breadcrumb\",\"itemListElement\":[{\"@type\":\"ListItem\",\"position\":1,\"name\":\"Home\",\"item\":\"https:\\\/\\\/www.sun-sure-estates.com\\\/pl\\\/strona-glowna\\\/\"},{\"@type\":\"ListItem\",\"position\":2,\"name\":\"Winkel\",\"item\":\"https:\\\/\\\/www.sun-sure-estates.com\\\/winkel\\\/\"},{\"@type\":\"ListItem\",\"position\":3,\"name\":\"Mieszkania w pobli\u017cu centrum Estepony i 300 metr\u00f3w od morza\"}]},{\"@type\":\"WebSite\",\"@id\":\"https:\\\/\\\/www.sun-sure-estates.com\\\/pl\\\/#website\",\"url\":\"https:\\\/\\\/www.sun-sure-estates.com\\\/pl\\\/\",\"name\":\"Sun Sure Estates\",\"description\":\"Beleggen of wonen in je eigen huis onder de zon\",\"potentialAction\":[{\"@type\":\"SearchAction\",\"target\":{\"@type\":\"EntryPoint\",\"urlTemplate\":\"https:\\\/\\\/www.sun-sure-estates.com\\\/pl\\\/?s={search_term_string}\"},\"query-input\":{\"@type\":\"PropertyValueSpecification\",\"valueRequired\":true,\"valueName\":\"search_term_string\"}}],\"inLanguage\":\"pl-PL\"}]}<\/script>\n<!-- \/ Yoast SEO plugin. -->","yoast_head_json":{"title":"Mieszkania w pobli\u017cu centrum Estepony i 300 metr\u00f3w od morza - Sun Sure Estates","robots":{"index":"index","follow":"follow","max-snippet":"max-snippet:-1","max-image-preview":"max-image-preview:large","max-video-preview":"max-video-preview:-1"},"canonical":"https:\/\/www.sun-sure-estates.com\/pl\/produkt\/mieszkania-w-poblizu-centrum-estepony-i-300-metrow-od-morza\/","og_locale":"pl_PL","og_type":"article","og_title":"Mieszkania w pobli\u017cu centrum Estepony i 300 metr\u00f3w od morza - Sun Sure Estates","og_description":"Specyfikacje &#8217;Wariant z 2 sypialniami&#8217; od 295 000 \u20ac (KK), powierzchnia mieszkalna 81 m2 Przestronny salon, otwarta kuchnia z wysp\u0105 zlewozmywakow\u0105, bar i jadalnia Apartament ten obejmuje 2 sypialnie, 2 \u0142azienki z kabin\u0105 prysznicow\u0105, z kt\u00f3rych jedna jest 'en-suite&#8217; do g\u0142\u00f3wnej sypialni Kuchnia ze zintegrowanym ekstraktorem, piekarnikiem elektrycznym i kuchenk\u0105 mikrofalow\u0105 ze stali nierdzewnej, p\u0142yt\u0105 [&hellip;]","og_url":"https:\/\/www.sun-sure-estates.com\/pl\/produkt\/mieszkania-w-poblizu-centrum-estepony-i-300-metrow-od-morza\/","og_site_name":"Sun Sure Estates","article_modified_time":"2023-05-03T20:27:39+00:00","og_image":[{"width":1920,"height":1051,"url":"https:\/\/www.sun-sure-estates.com\/wp-content\/uploads\/2023\/05\/10.-Main-foto.jpg","type":"image\/jpeg"}],"twitter_card":"summary_large_image","twitter_misc":{"Szacowany czas czytania":"3 minuty"},"schema":{"@context":"https:\/\/schema.org","@graph":[{"@type":"WebPage","@id":"https:\/\/www.sun-sure-estates.com\/pl\/produkt\/mieszkania-w-poblizu-centrum-estepony-i-300-metrow-od-morza\/","url":"https:\/\/www.sun-sure-estates.com\/pl\/produkt\/mieszkania-w-poblizu-centrum-estepony-i-300-metrow-od-morza\/","name":"Mieszkania w pobli\u017cu centrum Estepony i 300 metr\u00f3w od morza - Sun Sure Estates","isPartOf":{"@id":"https:\/\/www.sun-sure-estates.com\/pl\/#website"},"primaryImageOfPage":{"@id":"https:\/\/www.sun-sure-estates.com\/pl\/produkt\/mieszkania-w-poblizu-centrum-estepony-i-300-metrow-od-morza\/#primaryimage"},"image":{"@id":"https:\/\/www.sun-sure-estates.com\/pl\/produkt\/mieszkania-w-poblizu-centrum-estepony-i-300-metrow-od-morza\/#primaryimage"},"thumbnailUrl":"https:\/\/www.sun-sure-estates.com\/wp-content\/uploads\/2023\/05\/10.-Main-foto.jpg","datePublished":"2023-05-02T20:25:57+00:00","dateModified":"2023-05-03T20:27:39+00:00","breadcrumb":{"@id":"https:\/\/www.sun-sure-estates.com\/pl\/produkt\/mieszkania-w-poblizu-centrum-estepony-i-300-metrow-od-morza\/#breadcrumb"},"inLanguage":"pl-PL","potentialAction":[{"@type":"ReadAction","target":["https:\/\/www.sun-sure-estates.com\/pl\/produkt\/mieszkania-w-poblizu-centrum-estepony-i-300-metrow-od-morza\/"]}]},{"@type":"ImageObject","inLanguage":"pl-PL","@id":"https:\/\/www.sun-sure-estates.com\/pl\/produkt\/mieszkania-w-poblizu-centrum-estepony-i-300-metrow-od-morza\/#primaryimage","url":"https:\/\/www.sun-sure-estates.com\/wp-content\/uploads\/2023\/05\/10.-Main-foto.jpg","contentUrl":"https:\/\/www.sun-sure-estates.com\/wp-content\/uploads\/2023\/05\/10.-Main-foto.jpg","width":1920,"height":1051},{"@type":"BreadcrumbList","@id":"https:\/\/www.sun-sure-estates.com\/pl\/produkt\/mieszkania-w-poblizu-centrum-estepony-i-300-metrow-od-morza\/#breadcrumb","itemListElement":[{"@type":"ListItem","position":1,"name":"Home","item":"https:\/\/www.sun-sure-estates.com\/pl\/strona-glowna\/"},{"@type":"ListItem","position":2,"name":"Winkel","item":"https:\/\/www.sun-sure-estates.com\/winkel\/"},{"@type":"ListItem","position":3,"name":"Mieszkania w pobli\u017cu centrum Estepony i 300 metr\u00f3w od morza"}]},{"@type":"WebSite","@id":"https:\/\/www.sun-sure-estates.com\/pl\/#website","url":"https:\/\/www.sun-sure-estates.com\/pl\/","name":"Sun Sure Estates","description":"Beleggen of wonen in je eigen huis onder de zon","potentialAction":[{"@type":"SearchAction","target":{"@type":"EntryPoint","urlTemplate":"https:\/\/www.sun-sure-estates.com\/pl\/?s={search_term_string}"},"query-input":{"@type":"PropertyValueSpecification","valueRequired":true,"valueName":"search_term_string"}}],"inLanguage":"pl-PL"}]}},"_links":{"self":[{"href":"https:\/\/www.sun-sure-estates.com\/pl\/wp-json\/wp\/v2\/product\/26129","targetHints":{"allow":["GET"]}}],"collection":[{"href":"https:\/\/www.sun-sure-estates.com\/pl\/wp-json\/wp\/v2\/product"}],"about":[{"href":"https:\/\/www.sun-sure-estates.com\/pl\/wp-json\/wp\/v2\/types\/product"}],"replies":[{"embeddable":true,"href":"https:\/\/www.sun-sure-estates.com\/pl\/wp-json\/wp\/v2\/comments?post=26129"}],"wp:featuredmedia":[{"embeddable":true,"href":"https:\/\/www.sun-sure-estates.com\/pl\/wp-json\/wp\/v2\/media\/26079"}],"wp:attachment":[{"href":"https:\/\/www.sun-sure-estates.com\/pl\/wp-json\/wp\/v2\/media?parent=26129"}],"wp:term":[{"taxonomy":"product_brand","embeddable":true,"href":"https:\/\/www.sun-sure-estates.com\/pl\/wp-json\/wp\/v2\/product_brand?post=26129"},{"taxonomy":"product_cat","embeddable":true,"href":"https:\/\/www.sun-sure-estates.com\/pl\/wp-json\/wp\/v2\/product_cat?post=26129"},{"taxonomy":"product_tag","embeddable":true,"href":"https:\/\/www.sun-sure-estates.com\/pl\/wp-json\/wp\/v2\/product_tag?post=26129"}],"curies":[{"name":"wp","href":"https:\/\/api.w.org\/{rel}","templated":true}]}}