{"id":26316,"date":"2023-05-01T20:12:18","date_gmt":"2023-05-01T18:12:18","guid":{"rendered":"https:\/\/www.sun-sure-estates.com\/?post_type=product&#038;p=26316"},"modified":"2023-06-05T15:12:05","modified_gmt":"2023-06-05T13:12:05","slug":"luksusowe-mieszkania-na-parterze-przy-plazy","status":"publish","type":"product","link":"https:\/\/www.sun-sure-estates.com\/pl\/produkt\/luksusowe-mieszkania-na-parterze-przy-plazy\/","title":{"rendered":"Luksusowe mieszkania na parterze przy pla\u017cy"},"content":{"rendered":"<ul>\n<li>Cena sprzeda\u017cy od \u20ac 2.600.00,00 (kk)<\/li>\n<li>3 lub 4 sypialnie z wykonanymi na zam\u00f3wienie solidnymi szafkami<\/li>\n<li>3 lub 4 \u0142azienki z kabin\u0105 prysznicow\u0105 i ka\u017cda z nich z &#8222;en-suite&#8221; do sypialni<\/li>\n<li>Przestronna i otwarta kuchnia z wysp\u0105 kuchenn\u0105 wyposa\u017con\u0105 w najwy\u017cszej jako\u015bci sprz\u0119t<\/li>\n<li>Du\u017ca jadalnia<\/li>\n<li>Piwnica od 67 m\u00b2<\/li>\n<li>Ogrzewanie pod\u0142ogowe wraz z wyj\u015bciem do ogrodu<\/li>\n<li>Klimatyzacja sterowana z pomieszczenia<\/li>\n<li>Pakiet o\u015bwietlenia wewn\u0119trznego i zewn\u0119trznego<\/li>\n<li>System Domotica<\/li>\n<li>Kocio\u0142 z pomp\u0105 ciep\u0142a do ogrzewania<\/li>\n<li>Na zewn\u0105trz z cz\u0119\u015bciowo zadaszonym tarasem, ogrodem krajobrazowym, prywatnym basenem bez kraw\u0119dzi z podgrzewan\u0105 wod\u0105 i prysznicem na \u015bwie\u017cym powietrzu<\/li>\n<li>2 Miejsca parkingowe: Parking podziemny z prywatnym zamkni\u0119tym miejscem parkingowym i miejscem parkingowym w gara\u017cu, dost\u0119pnym dla ka\u017cdego w\u0142a\u015bciciela.<\/li>\n<li>Fabrycznie zainstalowana \u0142adowarka samochodowa<\/li>\n<\/ul>\n<p style=\"font-weight: 400;\"><u>Informacje og\u00f3lne<\/u><\/p>\n<ul>\n<li>Pi\u0119knie zaprojektowany wsp\u00f3lny ogr\u00f3d na dziedzi\u0144cu z dwoma odkrytymi basenami i miejscem do opalania<\/li>\n<li>Nowoczesny &#8222;Social Club&#8221; ze SPA, si\u0142owni\u0105 o powierzchni 200 m2, zewn\u0119trznym zapleczem do medytacji i jogi, 40-metrowym krytym basenem, dedykowan\u0105 przestrzeni\u0105 coworkingow\u0105, le\u017cakami, &#8222;chill-out barem&#8221; z fenomenalnym widokiem na Morze \u015ar\u00f3dziemne<\/li>\n<\/ul>\n<p>Zadzwo\u0144 lub WhatsApp w celu uzyskania zainteresowania zadzwo\u0144 do +31 6 27 04 07 82<\/p>\n<p>Mo\u017cesz r\u00f3wnie\u017c wys\u0142a\u0107 nieformaln\u0105 wiadomo\u015b\u0107 e-mail do info@sun-sure-estates.com<\/p>\n<p style=\"font-weight: 400;\"><u>Opis apartamentu z ogrodem <\/u><\/p>\n<p style=\"font-weight: 400;\">Mieszkanie w tym luksusowym domu w zabudowie bli\u017aniaczej lub du\u017cym luksusowym mieszkaniu z ogrodem na s\u0142ynnym s\u0142onecznym po\u0142udniowym wybrze\u017cu Hiszpanii oznacza luksus, komfort i fenomenalne widoki na morze. Zaprojektowane przez architekta z wieloletnim mi\u0119dzynarodowym do\u015bwiadczeniem, luksusowe apartamenty z ogrodem znajduj\u0105 si\u0119 w wyj\u0105tkowym otoczeniu pi\u0119knych p\u00f3l golfowych i wspania\u0142ej przyrody, kt\u00f3ra graniczy r\u00f3wnie\u017c z atrakcyjnymi piaszczystymi pla\u017cami Morza \u015ar\u00f3dziemnego.<\/p>\n<div><span lang=\"pl\">Uk\u0142ad<\/span><u><\/u><\/div>\n<p style=\"font-weight: 400;\">Luksusowe mieszkanie z ogrodem sk\u0142ada si\u0119 z du\u017cego salonu, przestronnej kuchni z wysp\u0105 kuchenn\u0105 wyposa\u017con\u0105 w najwy\u017cszej jako\u015bci sprz\u0119t, jadalni, 3 lub 4 sypialni z szafami na zam\u00f3wienie. Ka\u017cda sypialnia ma w\u0142asn\u0105 \u0142azienk\u0119 z kabin\u0105 prysznicow\u0105. Apartament posiada r\u00f3wnie\u017c du\u017c\u0105 piwnice.<\/p>\n<p style=\"font-weight: 400;\">Projektant wn\u0119trz, kt\u00f3ry pracuje r\u00f3wnie\u017c na arenie mi\u0119dzynarodowej, szczeg\u00f3\u0142owo zaprojektowa\u0142 pi\u0119kne i luksusowe wn\u0119trze w wyj\u0105tkowych materia\u0142ach, takich jak wysokiej jako\u015bci ceramiczne p\u0142ytki pod\u0142ogowe \u015bwiatowej s\u0142awy marki Pocelanosa i najwy\u017cszej jako\u015bci marmurowe p\u0142ytki \u015bcienne. Luksusowe mieszkanie z ogrodem jest w pe\u0142ni wyposa\u017cone w ogrzewanie pod\u0142ogowe, wyposa\u017cone w sterowan\u0105 ciep\u0142\u0105 i zimn\u0105 klimatyzacj\u0119, po\u015brednie o\u015bwietlenie sufitowe, plan o\u015bwietlenia i automatycznie sterowane rolety. Dzi\u0119ki zainstalowanemu systemowi automatyki domowej mo\u017cna je \u0142atwo kontrolowa\u0107 w dowolnym miejscu i czasie.<\/p>\n<p style=\"font-weight: 400;\">Ogr\u00f3d<\/p>\n<p style=\"font-weight: 400;\">Z salonu i jadalni rozci\u0105ga si\u0119 cz\u0119\u015bciowo zadaszony taras i bogato zielony ogr\u00f3d krajobrazowy z prywatnym basenem bez kraw\u0119dzi z podgrzewan\u0105 wod\u0105. Z przestronnego tarasu wy\u0142o\u017conego kafelkami i ogrodu, w kt\u00f3rym jest mn\u00f3stwo prywatno\u015bci, roztacza si\u0119 pi\u0119kny widok na Morze \u015ar\u00f3dziemne.<\/p>\n<p style=\"font-weight: 400;\">Udogodnienia<\/p>\n<p style=\"font-weight: 400;\">Luksusowy kompleks po\u0142o\u017cony jest na du\u017cej dzia\u0142ce, na kt\u00f3rej zbudowano dwa du\u017ce wsp\u00f3lne odkryte baseny, otoczone starannie zaprojektowanym pi\u0119knym ogrodem z kolorowymi ro\u015blinami i drzewami.<\/p>\n<p style=\"font-weight: 400;\">W zamkni\u0119tym gara\u017cu podziemnym znajduje si\u0119 miejsce na co najmniej jedno prywatne zamkni\u0119te miejsce parkingowe dla jednego samochodu osobowego, a miejsce postojowe dla jednego samochodu osobowego znajduje si\u0119 w cz\u0119\u015bci gara\u017cu dost\u0119pnej dla ka\u017cdego w\u0142a\u015bciciela. Istniej\u0105 r\u00f3wnie\u017c urz\u0105dzenia do wst\u0119pnej instalacji do \u0142adowania elektrycznych samochod\u00f3w osobowych.<\/p>\n<p style=\"font-weight: 400;\">Luksusowy kompleks jest r\u00f3wnie\u017c domem dla kultowego &#8222;Social Club&#8221;, w kt\u00f3rym codziennie mo\u017cna korzysta\u0107 z wielu r\u00f3\u017cnych udogodnie\u0144, takich jak w pe\u0142ni wyposa\u017cone SPA, si\u0142ownia, przestrze\u0144 na \u015bwie\u017cym powietrzu do medytacji i jogi, kryty basen, dedykowana przestrze\u0144 coworkingowa, le\u017caki, &#8222;chill-out bar&#8221; z fenomenalnym widokiem na Morze \u015ar\u00f3dziemne!<\/p>\n<p style=\"font-weight: 400;\"><u>Region i jego unikalne aspekty<\/u><\/p>\n<ul>\n<li>Lokalizacja przy pla\u017cy nad Morzem \u015ar\u00f3dziemnym<\/li>\n<li>Cicha i mieszkalna okolica wyr\u00f3\u017cniaj\u0105ca si\u0119 lini\u0105 brzegow\u0105 z najpi\u0119kniejszymi i najbardziej znanymi pla\u017cami Marbelli<\/li>\n<li>\u0141agodne temperatury zar\u00f3wno latem, jak i zim\u0105<\/li>\n<li>Unikalny ekosystem, kt\u00f3ry od dziesi\u0119cioleci przyci\u0105ga ludzi z ca\u0142ego \u015bwiata<\/li>\n<li>W okresie od pa\u017adziernika do lutego miasto nadal t\u0119tni \u017cyciem<\/li>\n<li>Blisko g\u0142\u00f3wnych szlak\u00f3w komunikacyjnych, wielu p\u00f3l golfowych, klub\u00f3w sportowych i (luksusowych) centr\u00f3w handlowych<\/li>\n<\/ul>\n","protected":false},"excerpt":{"rendered":"<p>Cena sprzeda\u017cy od \u20ac 2.600.00,00 (kk) 3 lub 4 sypialnie z wykonanymi na zam\u00f3wienie solidnymi szafkami 3 lub 4 \u0142azienki z kabin\u0105 prysznicow\u0105 i ka\u017cda z nich z &#8222;en-suite&#8221; do sypialni Przestronna i otwarta kuchnia z wysp\u0105 kuchenn\u0105 wyposa\u017con\u0105 w najwy\u017cszej jako\u015bci sprz\u0119t Du\u017ca jadalnia Piwnica od 67 m\u00b2 Ogrzewanie pod\u0142ogowe wraz z wyj\u015bciem do [&hellip;]<\/p>\n","protected":false},"featured_media":26230,"comment_status":"open","ping_status":"closed","template":"","meta":{"_acf_changed":false},"product_brand":[],"product_cat":[202,205,204,200],"product_tag":[],"class_list":{"0":"post-26316","1":"product","2":"type-product","3":"status-publish","4":"has-post-thumbnail","6":"province-malaga","7":"places-marbella","8":"country-spanje","9":"region-costa-del-sol","10":"product_cat-basen","11":"product_cat-blizniak","12":"product_cat-mieszkanie-na-parterze","13":"product_cat-wlasny-ogrod","15":"first","16":"instock","17":"shipping-taxable","18":"purchasable","19":"product-type-simple"},"acf":[],"yoast_head":"<!-- This site is optimized with the Yoast SEO plugin v27.4 - https:\/\/yoast.com\/product\/yoast-seo-wordpress\/ -->\n<title>Luksusowe mieszkania na parterze przy pla\u017cy - Sun Sure Estates<\/title>\n<meta name=\"robots\" content=\"index, follow, max-snippet:-1, max-image-preview:large, max-video-preview:-1\" \/>\n<link rel=\"canonical\" href=\"https:\/\/www.sun-sure-estates.com\/pl\/produkt\/luksusowe-mieszkania-na-parterze-przy-plazy\/\" \/>\n<meta property=\"og:locale\" content=\"pl_PL\" \/>\n<meta property=\"og:type\" content=\"article\" \/>\n<meta property=\"og:title\" content=\"Luksusowe mieszkania na parterze przy pla\u017cy - Sun Sure Estates\" \/>\n<meta property=\"og:description\" content=\"Cena sprzeda\u017cy od \u20ac 2.600.00,00 (kk) 3 lub 4 sypialnie z wykonanymi na zam\u00f3wienie solidnymi szafkami 3 lub 4 \u0142azienki z kabin\u0105 prysznicow\u0105 i ka\u017cda z nich z &#8222;en-suite&#8221; do sypialni Przestronna i otwarta kuchnia z wysp\u0105 kuchenn\u0105 wyposa\u017con\u0105 w najwy\u017cszej jako\u015bci sprz\u0119t Du\u017ca jadalnia Piwnica od 67 m\u00b2 Ogrzewanie pod\u0142ogowe wraz z wyj\u015bciem do [&hellip;]\" \/>\n<meta property=\"og:url\" content=\"https:\/\/www.sun-sure-estates.com\/pl\/produkt\/luksusowe-mieszkania-na-parterze-przy-plazy\/\" \/>\n<meta property=\"og:site_name\" content=\"Sun Sure Estates\" \/>\n<meta property=\"article:modified_time\" content=\"2023-06-05T13:12:05+00:00\" \/>\n<meta property=\"og:image\" content=\"https:\/\/www.sun-sure-estates.com\/wp-content\/uploads\/2023\/05\/1.-Main-foto-Dune-Unique-BG.jpg\" \/>\n\t<meta property=\"og:image:width\" content=\"1920\" \/>\n\t<meta property=\"og:image:height\" content=\"915\" \/>\n\t<meta property=\"og:image:type\" content=\"image\/jpeg\" \/>\n<meta name=\"twitter:card\" content=\"summary_large_image\" \/>\n<meta name=\"twitter:label1\" content=\"Szacowany czas czytania\" \/>\n\t<meta name=\"twitter:data1\" content=\"3 minuty\" \/>\n<script type=\"application\/ld+json\" class=\"yoast-schema-graph\">{\"@context\":\"https:\\\/\\\/schema.org\",\"@graph\":[{\"@type\":\"WebPage\",\"@id\":\"https:\\\/\\\/www.sun-sure-estates.com\\\/pl\\\/produkt\\\/luksusowe-mieszkania-na-parterze-przy-plazy\\\/\",\"url\":\"https:\\\/\\\/www.sun-sure-estates.com\\\/pl\\\/produkt\\\/luksusowe-mieszkania-na-parterze-przy-plazy\\\/\",\"name\":\"Luksusowe mieszkania na parterze przy pla\u017cy - Sun Sure Estates\",\"isPartOf\":{\"@id\":\"https:\\\/\\\/www.sun-sure-estates.com\\\/pl\\\/#website\"},\"primaryImageOfPage\":{\"@id\":\"https:\\\/\\\/www.sun-sure-estates.com\\\/pl\\\/produkt\\\/luksusowe-mieszkania-na-parterze-przy-plazy\\\/#primaryimage\"},\"image\":{\"@id\":\"https:\\\/\\\/www.sun-sure-estates.com\\\/pl\\\/produkt\\\/luksusowe-mieszkania-na-parterze-przy-plazy\\\/#primaryimage\"},\"thumbnailUrl\":\"https:\\\/\\\/www.sun-sure-estates.com\\\/wp-content\\\/uploads\\\/2023\\\/05\\\/1.-Main-foto-Dune-Unique-BG.jpg\",\"datePublished\":\"2023-05-01T18:12:18+00:00\",\"dateModified\":\"2023-06-05T13:12:05+00:00\",\"breadcrumb\":{\"@id\":\"https:\\\/\\\/www.sun-sure-estates.com\\\/pl\\\/produkt\\\/luksusowe-mieszkania-na-parterze-przy-plazy\\\/#breadcrumb\"},\"inLanguage\":\"pl-PL\",\"potentialAction\":[{\"@type\":\"ReadAction\",\"target\":[\"https:\\\/\\\/www.sun-sure-estates.com\\\/pl\\\/produkt\\\/luksusowe-mieszkania-na-parterze-przy-plazy\\\/\"]}]},{\"@type\":\"ImageObject\",\"inLanguage\":\"pl-PL\",\"@id\":\"https:\\\/\\\/www.sun-sure-estates.com\\\/pl\\\/produkt\\\/luksusowe-mieszkania-na-parterze-przy-plazy\\\/#primaryimage\",\"url\":\"https:\\\/\\\/www.sun-sure-estates.com\\\/wp-content\\\/uploads\\\/2023\\\/05\\\/1.-Main-foto-Dune-Unique-BG.jpg\",\"contentUrl\":\"https:\\\/\\\/www.sun-sure-estates.com\\\/wp-content\\\/uploads\\\/2023\\\/05\\\/1.-Main-foto-Dune-Unique-BG.jpg\",\"width\":1920,\"height\":915},{\"@type\":\"BreadcrumbList\",\"@id\":\"https:\\\/\\\/www.sun-sure-estates.com\\\/pl\\\/produkt\\\/luksusowe-mieszkania-na-parterze-przy-plazy\\\/#breadcrumb\",\"itemListElement\":[{\"@type\":\"ListItem\",\"position\":1,\"name\":\"Home\",\"item\":\"https:\\\/\\\/www.sun-sure-estates.com\\\/pl\\\/strona-glowna\\\/\"},{\"@type\":\"ListItem\",\"position\":2,\"name\":\"Winkel\",\"item\":\"https:\\\/\\\/www.sun-sure-estates.com\\\/winkel\\\/\"},{\"@type\":\"ListItem\",\"position\":3,\"name\":\"Luksusowe mieszkania na parterze przy pla\u017cy\"}]},{\"@type\":\"WebSite\",\"@id\":\"https:\\\/\\\/www.sun-sure-estates.com\\\/pl\\\/#website\",\"url\":\"https:\\\/\\\/www.sun-sure-estates.com\\\/pl\\\/\",\"name\":\"Sun Sure Estates\",\"description\":\"Beleggen of wonen in je eigen huis onder de zon\",\"potentialAction\":[{\"@type\":\"SearchAction\",\"target\":{\"@type\":\"EntryPoint\",\"urlTemplate\":\"https:\\\/\\\/www.sun-sure-estates.com\\\/pl\\\/?s={search_term_string}\"},\"query-input\":{\"@type\":\"PropertyValueSpecification\",\"valueRequired\":true,\"valueName\":\"search_term_string\"}}],\"inLanguage\":\"pl-PL\"}]}<\/script>\n<!-- \/ Yoast SEO plugin. -->","yoast_head_json":{"title":"Luksusowe mieszkania na parterze przy pla\u017cy - Sun Sure Estates","robots":{"index":"index","follow":"follow","max-snippet":"max-snippet:-1","max-image-preview":"max-image-preview:large","max-video-preview":"max-video-preview:-1"},"canonical":"https:\/\/www.sun-sure-estates.com\/pl\/produkt\/luksusowe-mieszkania-na-parterze-przy-plazy\/","og_locale":"pl_PL","og_type":"article","og_title":"Luksusowe mieszkania na parterze przy pla\u017cy - Sun Sure Estates","og_description":"Cena sprzeda\u017cy od \u20ac 2.600.00,00 (kk) 3 lub 4 sypialnie z wykonanymi na zam\u00f3wienie solidnymi szafkami 3 lub 4 \u0142azienki z kabin\u0105 prysznicow\u0105 i ka\u017cda z nich z &#8222;en-suite&#8221; do sypialni Przestronna i otwarta kuchnia z wysp\u0105 kuchenn\u0105 wyposa\u017con\u0105 w najwy\u017cszej jako\u015bci sprz\u0119t Du\u017ca jadalnia Piwnica od 67 m\u00b2 Ogrzewanie pod\u0142ogowe wraz z wyj\u015bciem do [&hellip;]","og_url":"https:\/\/www.sun-sure-estates.com\/pl\/produkt\/luksusowe-mieszkania-na-parterze-przy-plazy\/","og_site_name":"Sun Sure Estates","article_modified_time":"2023-06-05T13:12:05+00:00","og_image":[{"width":1920,"height":915,"url":"https:\/\/www.sun-sure-estates.com\/wp-content\/uploads\/2023\/05\/1.-Main-foto-Dune-Unique-BG.jpg","type":"image\/jpeg"}],"twitter_card":"summary_large_image","twitter_misc":{"Szacowany czas czytania":"3 minuty"},"schema":{"@context":"https:\/\/schema.org","@graph":[{"@type":"WebPage","@id":"https:\/\/www.sun-sure-estates.com\/pl\/produkt\/luksusowe-mieszkania-na-parterze-przy-plazy\/","url":"https:\/\/www.sun-sure-estates.com\/pl\/produkt\/luksusowe-mieszkania-na-parterze-przy-plazy\/","name":"Luksusowe mieszkania na parterze przy pla\u017cy - Sun Sure Estates","isPartOf":{"@id":"https:\/\/www.sun-sure-estates.com\/pl\/#website"},"primaryImageOfPage":{"@id":"https:\/\/www.sun-sure-estates.com\/pl\/produkt\/luksusowe-mieszkania-na-parterze-przy-plazy\/#primaryimage"},"image":{"@id":"https:\/\/www.sun-sure-estates.com\/pl\/produkt\/luksusowe-mieszkania-na-parterze-przy-plazy\/#primaryimage"},"thumbnailUrl":"https:\/\/www.sun-sure-estates.com\/wp-content\/uploads\/2023\/05\/1.-Main-foto-Dune-Unique-BG.jpg","datePublished":"2023-05-01T18:12:18+00:00","dateModified":"2023-06-05T13:12:05+00:00","breadcrumb":{"@id":"https:\/\/www.sun-sure-estates.com\/pl\/produkt\/luksusowe-mieszkania-na-parterze-przy-plazy\/#breadcrumb"},"inLanguage":"pl-PL","potentialAction":[{"@type":"ReadAction","target":["https:\/\/www.sun-sure-estates.com\/pl\/produkt\/luksusowe-mieszkania-na-parterze-przy-plazy\/"]}]},{"@type":"ImageObject","inLanguage":"pl-PL","@id":"https:\/\/www.sun-sure-estates.com\/pl\/produkt\/luksusowe-mieszkania-na-parterze-przy-plazy\/#primaryimage","url":"https:\/\/www.sun-sure-estates.com\/wp-content\/uploads\/2023\/05\/1.-Main-foto-Dune-Unique-BG.jpg","contentUrl":"https:\/\/www.sun-sure-estates.com\/wp-content\/uploads\/2023\/05\/1.-Main-foto-Dune-Unique-BG.jpg","width":1920,"height":915},{"@type":"BreadcrumbList","@id":"https:\/\/www.sun-sure-estates.com\/pl\/produkt\/luksusowe-mieszkania-na-parterze-przy-plazy\/#breadcrumb","itemListElement":[{"@type":"ListItem","position":1,"name":"Home","item":"https:\/\/www.sun-sure-estates.com\/pl\/strona-glowna\/"},{"@type":"ListItem","position":2,"name":"Winkel","item":"https:\/\/www.sun-sure-estates.com\/winkel\/"},{"@type":"ListItem","position":3,"name":"Luksusowe mieszkania na parterze przy pla\u017cy"}]},{"@type":"WebSite","@id":"https:\/\/www.sun-sure-estates.com\/pl\/#website","url":"https:\/\/www.sun-sure-estates.com\/pl\/","name":"Sun Sure Estates","description":"Beleggen of wonen in je eigen huis onder de zon","potentialAction":[{"@type":"SearchAction","target":{"@type":"EntryPoint","urlTemplate":"https:\/\/www.sun-sure-estates.com\/pl\/?s={search_term_string}"},"query-input":{"@type":"PropertyValueSpecification","valueRequired":true,"valueName":"search_term_string"}}],"inLanguage":"pl-PL"}]}},"_links":{"self":[{"href":"https:\/\/www.sun-sure-estates.com\/pl\/wp-json\/wp\/v2\/product\/26316","targetHints":{"allow":["GET"]}}],"collection":[{"href":"https:\/\/www.sun-sure-estates.com\/pl\/wp-json\/wp\/v2\/product"}],"about":[{"href":"https:\/\/www.sun-sure-estates.com\/pl\/wp-json\/wp\/v2\/types\/product"}],"replies":[{"embeddable":true,"href":"https:\/\/www.sun-sure-estates.com\/pl\/wp-json\/wp\/v2\/comments?post=26316"}],"wp:featuredmedia":[{"embeddable":true,"href":"https:\/\/www.sun-sure-estates.com\/pl\/wp-json\/wp\/v2\/media\/26230"}],"wp:attachment":[{"href":"https:\/\/www.sun-sure-estates.com\/pl\/wp-json\/wp\/v2\/media?parent=26316"}],"wp:term":[{"taxonomy":"product_brand","embeddable":true,"href":"https:\/\/www.sun-sure-estates.com\/pl\/wp-json\/wp\/v2\/product_brand?post=26316"},{"taxonomy":"product_cat","embeddable":true,"href":"https:\/\/www.sun-sure-estates.com\/pl\/wp-json\/wp\/v2\/product_cat?post=26316"},{"taxonomy":"product_tag","embeddable":true,"href":"https:\/\/www.sun-sure-estates.com\/pl\/wp-json\/wp\/v2\/product_tag?post=26316"}],"curies":[{"name":"wp","href":"https:\/\/api.w.org\/{rel}","templated":true}]}}