{"id":27185,"date":"2023-05-04T17:26:16","date_gmt":"2023-06-05T12:45:11","guid":{"rendered":"https:\/\/www.sun-sure-estates.com\/?post_type=product&#038;p=27185"},"modified":"2023-06-05T14:51:22","modified_gmt":"2023-06-05T12:51:22","slug":"mieszkania-attico-w-poblizu-estepony","status":"publish","type":"product","link":"https:\/\/www.sun-sure-estates.com\/pl\/produkt\/mieszkania-attico-w-poblizu-estepony\/","title":{"rendered":"Mieszkania Attico w pobli\u017cu Estepony"},"content":{"rendered":"<p style=\"font-weight: 400;\">&#8217;Wariant z 2 sypialniami&#8217; od \u20ac 255.000,00 (Wy\u0142\u0105czne koszty zakupu jak podatki i notariusz), powierzchnia mieszkalna \u00a0\u00a0\u00a0\u00a0\u00a0\u00a060<sup>m2<\/sup><\/p>\n<ul>\n<li>Salon, kuchnia na otwartym planie i jadalnia.<\/li>\n<li>2 sypialnie z szaf\u0105<\/li>\n<li>2 \u0142azienki z kabin\u0105 prysznicow\u0105, z kt\u00f3rych jedna jest 'en-suite&#8217; do g\u0142\u00f3wnej sypialni<\/li>\n<li>Kuchnia ze zintegrowanym ekstraktorem, piekarnikiem elektrycznym i kuchenk\u0105 mikrofalow\u0105 ze stali nierdzewnej, p\u0142yt\u0105 indukcyjn\u0105, pralk\u0105, wbudowan\u0105 zmywark\u0105 i lod\u00f3wk\u0105<\/li>\n<\/ul>\n<p style=\"font-weight: 400;\"><u>Informacje og\u00f3lne<\/u><\/p>\n<ul>\n<li>Klimatyzacja w cenie<\/li>\n<li>Domofon wideo<\/li>\n<li>Aerotermalny system ciep\u0142ej wody u\u017cytkowej<\/li>\n<li>Wpuszczane \u015bwiat\u0142a LED w sufitach kuchni, korytarzach i \u0142azienkach<\/li>\n<li>Winda z gara\u017cu otwiera si\u0119 na ka\u017cde pi\u0119tro mieszkalne<\/li>\n<li>Do dyspozycji Go\u015bci jest miejsce parkingowe w gara\u017cu oraz prywatna przechowalnia baga\u017cu. Miejsca parkingowe posiadaj\u0105 wst\u0119pn\u0105 instalacj\u0119 do \u0142adowania samochod\u00f3w elektrycznych<\/li>\n<\/ul>\n<p style=\"font-weight: 400;\"><u>Kompleks informacji og\u00f3lnych<\/u><\/p>\n<ul>\n<li>Winda z parkingu na ka\u017cde pi\u0119tro<\/li>\n<li>\u0141adnie zagospodarowany wsp\u00f3lny ogr\u00f3d na dziedzi\u0144cu z miejscem do opalania i odkrytym basenem z o\u015bwietleniem nocnym<\/li>\n<li>Nowoczesne i pi\u0119knie wyposa\u017cone centrum fitness<\/li>\n<li>Orientacja: po\u0142udniowo-zachodnia<\/li>\n<\/ul>\n<p style=\"font-weight: 400;\">Zadzwo\u0144 lub WhatsApp w celu uzyskania informacji pod numer +31 6 27 04 07 82<br \/>\nMo\u017cesz r\u00f3wnie\u017c wys\u0142a\u0107 niewi\u0105\u017c\u0105c\u0105 wiadomo\u015b\u0107 e-mail do info@sun-sure-estates.com<\/p>\n<p style=\"font-weight: 400;\"><u>Opis mieszkania i wyposa\u017cenia<\/u><\/p>\n<p style=\"font-weight: 400;\">Te urocze mieszkania s\u0105 budowane wy\u017cej na wzg\u00f3rzach zachodniej cz\u0119\u015bci przytulnego i pi\u0119knego nadmorskiego miasta Estepona, oferuj\u0105c pi\u0119kne widoki na Morze \u015ar\u00f3dziemne. Centrum miejscowo\u015bci Estepona, supermarkety, restauracje, przysta\u0144 i Morze \u015ar\u00f3dziemne oddalone s\u0105 od obiektu o kilka minut jazdy.<\/p>\n<p style=\"font-weight: 400;\">Mieszkania zosta\u0142y zaprojektowane przez architekta tak, aby wpu\u015bci\u0107 do salonu du\u017co \u015bwiat\u0142a.\u00a0Kompleks dysponuje wsp\u00f3lnym, o\u015bwietlonym odkrytym basenem, miejscem do opalania i centrum fitness. Do dyspozycji Go\u015bci jest r\u00f3wnie\u017c pi\u0119kna i nowoczesna si\u0142ownia.\u00a0Przyjed\u017a wi\u0119c na po\u0142udniowe wybrze\u017ce Hiszpanii, aby cieszy\u0107 si\u0119 s\u0142o\u0144cem, morzem i pi\u0119knymi, piaszczystymi pla\u017cami.<\/p>\n<p style=\"font-weight: 400;\">Uk\u0142ad<\/p>\n<p style=\"font-weight: 400;\">Mieszkanie, w pe\u0142ni wyposa\u017cone w pi\u0119kne p\u0142ytki ceramiczne, jest z\u0142o\u017cone z salonu, otwartej kuchni i jadalni. Do dyspozycji Go\u015bci s\u0105 2 sypialnie z wbudowanymi szafami, 2 \u0142azienki z kabin\u0105 prysznicow\u0105, z kt\u00f3rych jedna jest 'en-suite&#8217; do g\u0142\u00f3wnej sypialni<\/p>\n<p style=\"font-weight: 400;\">Na zewn\u0105trz<\/p>\n<p style=\"font-weight: 400;\">Z salonu mo\u017cna wyj\u015b\u0107 na du\u017cy balkon o powierzchni 19 m2, z kt\u00f3rego roztacza si\u0119 \u0142adny widok na g\u00f3ry i Morze \u015ar\u00f3dziemne<\/p>\n<p style=\"font-weight: 400;\"><u>Region i unikalne aspekty<br \/>\n<\/u><\/p>\n<ul>\n<li>Attico jest centralnie po\u0142o\u017cone w pobli\u017cu pla\u017cy i r\u00f3\u017cnych udogodnie\u0144<\/li>\n<li>Pi\u0119kne widoki na Estepon\u0119, g\u00f3ry i Morze \u015ar\u00f3dziemne<\/li>\n<li>Obszar ten wyr\u00f3\u017cnia si\u0119 pi\u0119knym wybrze\u017cem Morza \u015ar\u00f3dziemnego z pi\u0119knymi piaszczystymi pla\u017cami<\/li>\n<li>Wa\u017cne drogi \u0142\u0105cz\u0105ce oddalone s\u0105 o kilka minut jazdy samochodem<\/li>\n<li>Hotspoty, takie jak Marbella, Puerto Ban\u00fas, pola golfowe i centra handlowe znajduj\u0105 si\u0119 w promieniu 20 minut jazdy samochodem<\/li>\n<li>\u0141agodne temperatury zar\u00f3wno latem, jak i zim\u0105<\/li>\n<li>Unikalny ekosystem, kt\u00f3ry od dziesi\u0119cioleci przyci\u0105ga ludzi z ca\u0142ego \u015bwiata<\/li>\n<li>Miasto t\u0119tni \u017cyciem nawet od pa\u017adziernika do lutego<br \/>\n.<\/li>\n<\/ul>\n","protected":false},"excerpt":{"rendered":"<p>&#8217;Wariant z 2 sypialniami&#8217; od \u20ac 255.000,00 (Wy\u0142\u0105czne koszty zakupu jak podatki i notariusz), powierzchnia mieszkalna \u00a0\u00a0\u00a0\u00a0\u00a0\u00a060m2 Salon, kuchnia na otwartym planie i jadalnia. 2 sypialnie z szaf\u0105 2 \u0142azienki z kabin\u0105 prysznicow\u0105, z kt\u00f3rych jedna jest 'en-suite&#8217; do g\u0142\u00f3wnej sypialni Kuchnia ze zintegrowanym ekstraktorem, piekarnikiem elektrycznym i kuchenk\u0105 mikrofalow\u0105 ze stali nierdzewnej, p\u0142yt\u0105 indukcyjn\u0105, [&hellip;]<\/p>\n","protected":false},"featured_media":26366,"comment_status":"open","ping_status":"closed","template":"","meta":{"_acf_changed":false},"product_brand":[],"product_cat":[193,198,215,197],"product_tag":[],"class_list":{"0":"post-27185","1":"product","2":"type-product","3":"status-publish","4":"has-post-thumbnail","6":"province-malaga","7":"places-estepona","8":"country-spanje","9":"region-costa-del-sol","10":"product_cat-basen-komunalny","11":"product_cat-nad-morzem","12":"product_cat-obejmuje-urzadzenia-kuchenne","13":"product_cat-plaski","15":"first","16":"instock","17":"shipping-taxable","18":"purchasable","19":"product-type-simple"},"acf":[],"yoast_head":"<!-- This site is optimized with the Yoast SEO plugin v27.5 - https:\/\/yoast.com\/product\/yoast-seo-wordpress\/ -->\n<title>Mieszkania Attico w pobli\u017cu Estepony - Sun Sure Estates<\/title>\n<meta name=\"robots\" content=\"index, follow, max-snippet:-1, max-image-preview:large, max-video-preview:-1\" \/>\n<link rel=\"canonical\" href=\"https:\/\/www.sun-sure-estates.com\/pl\/produkt\/mieszkania-attico-w-poblizu-estepony\/\" \/>\n<meta property=\"og:locale\" content=\"pl_PL\" \/>\n<meta property=\"og:type\" content=\"article\" \/>\n<meta property=\"og:title\" content=\"Mieszkania Attico w pobli\u017cu Estepony - Sun Sure Estates\" \/>\n<meta property=\"og:description\" content=\"&#8217;Wariant z 2 sypialniami&#8217; od \u20ac 255.000,00 (Wy\u0142\u0105czne koszty zakupu jak podatki i notariusz), powierzchnia mieszkalna \u00a0\u00a0\u00a0\u00a0\u00a0\u00a060m2 Salon, kuchnia na otwartym planie i jadalnia. 2 sypialnie z szaf\u0105 2 \u0142azienki z kabin\u0105 prysznicow\u0105, z kt\u00f3rych jedna jest &#039;en-suite&#8217; do g\u0142\u00f3wnej sypialni Kuchnia ze zintegrowanym ekstraktorem, piekarnikiem elektrycznym i kuchenk\u0105 mikrofalow\u0105 ze stali nierdzewnej, p\u0142yt\u0105 indukcyjn\u0105, [&hellip;]\" \/>\n<meta property=\"og:url\" content=\"https:\/\/www.sun-sure-estates.com\/pl\/produkt\/mieszkania-attico-w-poblizu-estepony\/\" \/>\n<meta property=\"og:site_name\" content=\"Sun Sure Estates\" \/>\n<meta property=\"article:modified_time\" content=\"2023-06-05T12:51:22+00:00\" \/>\n<meta property=\"og:image\" content=\"https:\/\/www.sun-sure-estates.com\/wp-content\/uploads\/2023\/05\/1.-Atica-Homes-estepon-_v6-scaled-copy-scaled-1.jpg\" \/>\n\t<meta property=\"og:image:width\" content=\"1200\" \/>\n\t<meta property=\"og:image:height\" content=\"675\" \/>\n\t<meta property=\"og:image:type\" content=\"image\/jpeg\" \/>\n<meta name=\"twitter:card\" content=\"summary_large_image\" \/>\n<meta name=\"twitter:label1\" content=\"Szacowany czas czytania\" \/>\n\t<meta name=\"twitter:data1\" content=\"3 minuty\" \/>\n<script type=\"application\/ld+json\" class=\"yoast-schema-graph\">{\"@context\":\"https:\\\/\\\/schema.org\",\"@graph\":[{\"@type\":\"WebPage\",\"@id\":\"https:\\\/\\\/www.sun-sure-estates.com\\\/pl\\\/produkt\\\/mieszkania-attico-w-poblizu-estepony\\\/\",\"url\":\"https:\\\/\\\/www.sun-sure-estates.com\\\/pl\\\/produkt\\\/mieszkania-attico-w-poblizu-estepony\\\/\",\"name\":\"Mieszkania Attico w pobli\u017cu Estepony - Sun Sure Estates\",\"isPartOf\":{\"@id\":\"https:\\\/\\\/www.sun-sure-estates.com\\\/pl\\\/#website\"},\"primaryImageOfPage\":{\"@id\":\"https:\\\/\\\/www.sun-sure-estates.com\\\/pl\\\/produkt\\\/mieszkania-attico-w-poblizu-estepony\\\/#primaryimage\"},\"image\":{\"@id\":\"https:\\\/\\\/www.sun-sure-estates.com\\\/pl\\\/produkt\\\/mieszkania-attico-w-poblizu-estepony\\\/#primaryimage\"},\"thumbnailUrl\":\"https:\\\/\\\/www.sun-sure-estates.com\\\/wp-content\\\/uploads\\\/2023\\\/05\\\/1.-Atica-Homes-estepon-_v6-scaled-copy-scaled-1.jpg\",\"datePublished\":\"2023-06-05T12:45:11+00:00\",\"dateModified\":\"2023-06-05T12:51:22+00:00\",\"breadcrumb\":{\"@id\":\"https:\\\/\\\/www.sun-sure-estates.com\\\/pl\\\/produkt\\\/mieszkania-attico-w-poblizu-estepony\\\/#breadcrumb\"},\"inLanguage\":\"pl-PL\",\"potentialAction\":[{\"@type\":\"ReadAction\",\"target\":[\"https:\\\/\\\/www.sun-sure-estates.com\\\/pl\\\/produkt\\\/mieszkania-attico-w-poblizu-estepony\\\/\"]}]},{\"@type\":\"ImageObject\",\"inLanguage\":\"pl-PL\",\"@id\":\"https:\\\/\\\/www.sun-sure-estates.com\\\/pl\\\/produkt\\\/mieszkania-attico-w-poblizu-estepony\\\/#primaryimage\",\"url\":\"https:\\\/\\\/www.sun-sure-estates.com\\\/wp-content\\\/uploads\\\/2023\\\/05\\\/1.-Atica-Homes-estepon-_v6-scaled-copy-scaled-1.jpg\",\"contentUrl\":\"https:\\\/\\\/www.sun-sure-estates.com\\\/wp-content\\\/uploads\\\/2023\\\/05\\\/1.-Atica-Homes-estepon-_v6-scaled-copy-scaled-1.jpg\",\"width\":1200,\"height\":675},{\"@type\":\"BreadcrumbList\",\"@id\":\"https:\\\/\\\/www.sun-sure-estates.com\\\/pl\\\/produkt\\\/mieszkania-attico-w-poblizu-estepony\\\/#breadcrumb\",\"itemListElement\":[{\"@type\":\"ListItem\",\"position\":1,\"name\":\"Home\",\"item\":\"https:\\\/\\\/www.sun-sure-estates.com\\\/pl\\\/strona-glowna\\\/\"},{\"@type\":\"ListItem\",\"position\":2,\"name\":\"Winkel\",\"item\":\"https:\\\/\\\/www.sun-sure-estates.com\\\/winkel\\\/\"},{\"@type\":\"ListItem\",\"position\":3,\"name\":\"Mieszkania Attico w pobli\u017cu Estepony\"}]},{\"@type\":\"WebSite\",\"@id\":\"https:\\\/\\\/www.sun-sure-estates.com\\\/pl\\\/#website\",\"url\":\"https:\\\/\\\/www.sun-sure-estates.com\\\/pl\\\/\",\"name\":\"Sun Sure Estates\",\"description\":\"Beleggen of wonen in je eigen huis onder de zon\",\"potentialAction\":[{\"@type\":\"SearchAction\",\"target\":{\"@type\":\"EntryPoint\",\"urlTemplate\":\"https:\\\/\\\/www.sun-sure-estates.com\\\/pl\\\/?s={search_term_string}\"},\"query-input\":{\"@type\":\"PropertyValueSpecification\",\"valueRequired\":true,\"valueName\":\"search_term_string\"}}],\"inLanguage\":\"pl-PL\"}]}<\/script>\n<!-- \/ Yoast SEO plugin. -->","yoast_head_json":{"title":"Mieszkania Attico w pobli\u017cu Estepony - Sun Sure Estates","robots":{"index":"index","follow":"follow","max-snippet":"max-snippet:-1","max-image-preview":"max-image-preview:large","max-video-preview":"max-video-preview:-1"},"canonical":"https:\/\/www.sun-sure-estates.com\/pl\/produkt\/mieszkania-attico-w-poblizu-estepony\/","og_locale":"pl_PL","og_type":"article","og_title":"Mieszkania Attico w pobli\u017cu Estepony - Sun Sure Estates","og_description":"&#8217;Wariant z 2 sypialniami&#8217; od \u20ac 255.000,00 (Wy\u0142\u0105czne koszty zakupu jak podatki i notariusz), powierzchnia mieszkalna \u00a0\u00a0\u00a0\u00a0\u00a0\u00a060m2 Salon, kuchnia na otwartym planie i jadalnia. 2 sypialnie z szaf\u0105 2 \u0142azienki z kabin\u0105 prysznicow\u0105, z kt\u00f3rych jedna jest 'en-suite&#8217; do g\u0142\u00f3wnej sypialni Kuchnia ze zintegrowanym ekstraktorem, piekarnikiem elektrycznym i kuchenk\u0105 mikrofalow\u0105 ze stali nierdzewnej, p\u0142yt\u0105 indukcyjn\u0105, [&hellip;]","og_url":"https:\/\/www.sun-sure-estates.com\/pl\/produkt\/mieszkania-attico-w-poblizu-estepony\/","og_site_name":"Sun Sure Estates","article_modified_time":"2023-06-05T12:51:22+00:00","og_image":[{"width":1200,"height":675,"url":"https:\/\/www.sun-sure-estates.com\/wp-content\/uploads\/2023\/05\/1.-Atica-Homes-estepon-_v6-scaled-copy-scaled-1.jpg","type":"image\/jpeg"}],"twitter_card":"summary_large_image","twitter_misc":{"Szacowany czas czytania":"3 minuty"},"schema":{"@context":"https:\/\/schema.org","@graph":[{"@type":"WebPage","@id":"https:\/\/www.sun-sure-estates.com\/pl\/produkt\/mieszkania-attico-w-poblizu-estepony\/","url":"https:\/\/www.sun-sure-estates.com\/pl\/produkt\/mieszkania-attico-w-poblizu-estepony\/","name":"Mieszkania Attico w pobli\u017cu Estepony - Sun Sure Estates","isPartOf":{"@id":"https:\/\/www.sun-sure-estates.com\/pl\/#website"},"primaryImageOfPage":{"@id":"https:\/\/www.sun-sure-estates.com\/pl\/produkt\/mieszkania-attico-w-poblizu-estepony\/#primaryimage"},"image":{"@id":"https:\/\/www.sun-sure-estates.com\/pl\/produkt\/mieszkania-attico-w-poblizu-estepony\/#primaryimage"},"thumbnailUrl":"https:\/\/www.sun-sure-estates.com\/wp-content\/uploads\/2023\/05\/1.-Atica-Homes-estepon-_v6-scaled-copy-scaled-1.jpg","datePublished":"2023-06-05T12:45:11+00:00","dateModified":"2023-06-05T12:51:22+00:00","breadcrumb":{"@id":"https:\/\/www.sun-sure-estates.com\/pl\/produkt\/mieszkania-attico-w-poblizu-estepony\/#breadcrumb"},"inLanguage":"pl-PL","potentialAction":[{"@type":"ReadAction","target":["https:\/\/www.sun-sure-estates.com\/pl\/produkt\/mieszkania-attico-w-poblizu-estepony\/"]}]},{"@type":"ImageObject","inLanguage":"pl-PL","@id":"https:\/\/www.sun-sure-estates.com\/pl\/produkt\/mieszkania-attico-w-poblizu-estepony\/#primaryimage","url":"https:\/\/www.sun-sure-estates.com\/wp-content\/uploads\/2023\/05\/1.-Atica-Homes-estepon-_v6-scaled-copy-scaled-1.jpg","contentUrl":"https:\/\/www.sun-sure-estates.com\/wp-content\/uploads\/2023\/05\/1.-Atica-Homes-estepon-_v6-scaled-copy-scaled-1.jpg","width":1200,"height":675},{"@type":"BreadcrumbList","@id":"https:\/\/www.sun-sure-estates.com\/pl\/produkt\/mieszkania-attico-w-poblizu-estepony\/#breadcrumb","itemListElement":[{"@type":"ListItem","position":1,"name":"Home","item":"https:\/\/www.sun-sure-estates.com\/pl\/strona-glowna\/"},{"@type":"ListItem","position":2,"name":"Winkel","item":"https:\/\/www.sun-sure-estates.com\/winkel\/"},{"@type":"ListItem","position":3,"name":"Mieszkania Attico w pobli\u017cu Estepony"}]},{"@type":"WebSite","@id":"https:\/\/www.sun-sure-estates.com\/pl\/#website","url":"https:\/\/www.sun-sure-estates.com\/pl\/","name":"Sun Sure Estates","description":"Beleggen of wonen in je eigen huis onder de zon","potentialAction":[{"@type":"SearchAction","target":{"@type":"EntryPoint","urlTemplate":"https:\/\/www.sun-sure-estates.com\/pl\/?s={search_term_string}"},"query-input":{"@type":"PropertyValueSpecification","valueRequired":true,"valueName":"search_term_string"}}],"inLanguage":"pl-PL"}]}},"_links":{"self":[{"href":"https:\/\/www.sun-sure-estates.com\/pl\/wp-json\/wp\/v2\/product\/27185","targetHints":{"allow":["GET"]}}],"collection":[{"href":"https:\/\/www.sun-sure-estates.com\/pl\/wp-json\/wp\/v2\/product"}],"about":[{"href":"https:\/\/www.sun-sure-estates.com\/pl\/wp-json\/wp\/v2\/types\/product"}],"replies":[{"embeddable":true,"href":"https:\/\/www.sun-sure-estates.com\/pl\/wp-json\/wp\/v2\/comments?post=27185"}],"wp:featuredmedia":[{"embeddable":true,"href":"https:\/\/www.sun-sure-estates.com\/pl\/wp-json\/wp\/v2\/media\/26366"}],"wp:attachment":[{"href":"https:\/\/www.sun-sure-estates.com\/pl\/wp-json\/wp\/v2\/media?parent=27185"}],"wp:term":[{"taxonomy":"product_brand","embeddable":true,"href":"https:\/\/www.sun-sure-estates.com\/pl\/wp-json\/wp\/v2\/product_brand?post=27185"},{"taxonomy":"product_cat","embeddable":true,"href":"https:\/\/www.sun-sure-estates.com\/pl\/wp-json\/wp\/v2\/product_cat?post=27185"},{"taxonomy":"product_tag","embeddable":true,"href":"https:\/\/www.sun-sure-estates.com\/pl\/wp-json\/wp\/v2\/product_tag?post=27185"}],"curies":[{"name":"wp","href":"https:\/\/api.w.org\/{rel}","templated":true}]}}